{"id":3754,"date":"2021-08-17T14:31:40","date_gmt":"2021-08-17T19:31:40","guid":{"rendered":"https:\/\/diazgaetalaw.wpengine.com\/?page_id=3754"},"modified":"2023-04-14T11:38:16","modified_gmt":"2023-04-14T15:38:16","slug":"pagina-de-tyler","status":"publish","type":"page","link":"https:\/\/dglawga.com\/en\/pagina-de-tyler\/","title":{"rendered":"P\u00e1gina de Tyler"},"content":{"rendered":"<p><img decoding=\"async\" width=\"754\" height=\"209\" src=\"https:\/\/dglawga.com\/wp-content\/uploads\/2021\/08\/Logo-over-book.png\" alt=\"\" loading=\"lazy\" srcset=\"https:\/\/dglawga.com\/wp-content\/uploads\/2021\/08\/Logo-over-book.png 754w, https:\/\/dglawga.com\/wp-content\/uploads\/2021\/08\/Logo-over-book-300x83.png 300w\" sizes=\"auto, (max-width: 754px) 100vw, 754px\" \/>\t\t\t\t\t\t\t\t\t\t\t\t\t\t\t<\/p>\n<h2>Te mereces los mejores abogados defensores<\/h2>\n<h2>CON M\u00c1S DE 35 A\u00d1OS DE PR\u00c1CTICA DEL DERECHO EN LOS TRIBUNALES DE EE. UU.<\/h2>\n<p>\t\t\t\t\t\t\t\t\t\t\t\t\t\t\t<img decoding=\"async\" width=\"63\" height=\"62\" src=\"https:\/\/dglawga.com\/wp-content\/uploads\/2021\/08\/interactive-icon-1.png\" alt=\"\" loading=\"lazy\" \/>\t\t\t\t\t\t\t\t\t\t\t\t\t\t\t<\/p>\n<h2>BANCARROTA<\/h2>\n<p>\t\t\t\t\t\t\t\t\t\t\t\t\t\t\t<img decoding=\"async\" width=\"65\" height=\"62\" src=\"https:\/\/dglawga.com\/wp-content\/uploads\/2021\/08\/interactive-icon-2.png\" alt=\"\" loading=\"lazy\" \/>\t\t\t\t\t\t\t\t\t\t\t\t\t\t\t<\/p>\n<h2>MULTAS DE TRANSITO<\/h2>\n<p>\t\t\t\t\t\t\t\t\t\t\t\t\t\t\t<img decoding=\"async\" width=\"50\" height=\"62\" src=\"https:\/\/dglawga.com\/wp-content\/uploads\/2021\/08\/interactive-icon-3.png\" alt=\"\" loading=\"lazy\" \/>\t\t\t\t\t\t\t\t\t\t\t\t\t\t\t<\/p>\n<h2>LESIONES PERSONALES<\/h2>\n<p>\t\t\t\t\t\t\t\t\t\t\t\t\t\t\t<img decoding=\"async\" width=\"62\" height=\"62\" src=\"https:\/\/dglawga.com\/wp-content\/uploads\/2021\/08\/interactive-icon-4.png\" alt=\"\" loading=\"lazy\" \/>\t\t\t\t\t\t\t\t\t\t\t\t\t\t\t<\/p>\n<h2>Planificaci\u00f3n patrimonial<\/h2>\n<p>\t\t\t\t\t\t\t\t\t\t\t\t\t\t\t<img decoding=\"async\" width=\"65\" height=\"62\" src=\"https:\/\/dglawga.com\/wp-content\/uploads\/2021\/08\/interactive-icon-5.png\" alt=\"\" loading=\"lazy\" \/>\t\t\t\t\t\t\t\t\t\t\t\t\t\t\t<\/p>\n<h2>Accidentes automovil\u00edsticos<\/h2>\n<p>\t\t\t\t\t\t\t\t\t\t\t\t\t\t\t<img decoding=\"async\" width=\"63\" height=\"62\" src=\"https:\/\/dglawga.com\/wp-content\/uploads\/2021\/08\/interactive-icon-6.png\" alt=\"\" loading=\"lazy\" \/>\t\t\t\t\t\t\t\t\t\t\t\t\t\t\t<\/p>\n<h2>MERCADO DE VALORES<\/h2>\n<p>\t\t\t\t\t\t\t\t\t\t\t\t\t\t\t<img decoding=\"async\" width=\"34\" height=\"23\" src=\"https:\/\/dglawga.com\/wp-content\/uploads\/2021\/08\/top-seperator-icon-section-2.png\" alt=\"\" loading=\"lazy\" \/>\t\t\t\t\t\t\t\t\t\t\t\t\t\t\t<\/p>\n<h2><b>Los mejores abogados<\/b><\/h2>\n<h2><b>defensores por su dinero<\/b><\/h2>\n<h2>Nuestros abogados tambi\u00e9n lo representar\u00e1n en casos de litigios civiles como divorcio, manutenci\u00f3n de hijos y c\u00f3nyuge.<\/h2>\n<p>\t\t\t\t\t\t\t\t\t\t\t\t\t\t\t<img decoding=\"async\" width=\"500\" height=\"408\" src=\"https:\/\/dglawga.com\/wp-content\/uploads\/2021\/08\/interactive-banner-color-pic-1.jpeg\" alt=\"\" loading=\"lazy\" srcset=\"https:\/\/dglawga.com\/wp-content\/uploads\/2021\/08\/interactive-banner-color-pic-1.jpeg 500w, https:\/\/dglawga.com\/wp-content\/uploads\/2021\/08\/interactive-banner-color-pic-1-300x245.jpeg 300w\" sizes=\"auto, (max-width: 500px) 100vw, 500px\" \/>\t\t\t\t\t\t\t\t\t\t\t\t\t\t\t<\/p>\n<h2>EN EL TRIBUNAL<br \/>\n<\/h2>\n<h2>derecho penal<\/h2>\n<p>\t\t\t\t\t\t\t\t\t\t\t\t\t\t\t<img decoding=\"async\" width=\"500\" height=\"408\" src=\"https:\/\/dglawga.com\/wp-content\/uploads\/2021\/08\/interactive-banner-color-pic-2.jpeg\" alt=\"\" loading=\"lazy\" srcset=\"https:\/\/dglawga.com\/wp-content\/uploads\/2021\/08\/interactive-banner-color-pic-2.jpeg 500w, https:\/\/dglawga.com\/wp-content\/uploads\/2021\/08\/interactive-banner-color-pic-2-300x245.jpeg 300w\" sizes=\"auto, (max-width: 500px) 100vw, 500px\" \/>\t\t\t\t\t\t\t\t\t\t\t\t\t\t\t<\/p>\n<h2>NEGLIGENCIA M\u00c9DICA<\/h2>\n<h2>malpraxis m\u00e9dica<\/h2>\n<p>\t\t\t\t\t\t\t\t\t\t\t\t\t\t\t<img decoding=\"async\" width=\"500\" height=\"408\" src=\"https:\/\/dglawga.com\/wp-content\/uploads\/2021\/08\/interactive-banner-color-pic-3.jpeg\" alt=\"\" loading=\"lazy\" srcset=\"https:\/\/dglawga.com\/wp-content\/uploads\/2021\/08\/interactive-banner-color-pic-3.jpeg 500w, https:\/\/dglawga.com\/wp-content\/uploads\/2021\/08\/interactive-banner-color-pic-3-300x245.jpeg 300w\" sizes=\"auto, (max-width: 500px) 100vw, 500px\" \/>\t\t\t\t\t\t\t\t\t\t\t\t\t\t\t<\/p>\n<h2>Derecho de Familia<\/h2>\n<h2>ley de seguros<\/h2>\n<p>\t\t\t\t\t\t\t\t\t\t\t\t\t\t\t<img decoding=\"async\" width=\"500\" height=\"408\" src=\"https:\/\/dglawga.com\/wp-content\/uploads\/2021\/08\/interactive-banner-color-pic-4.jpeg\" alt=\"\" loading=\"lazy\" srcset=\"https:\/\/dglawga.com\/wp-content\/uploads\/2021\/08\/interactive-banner-color-pic-4.jpeg 500w, https:\/\/dglawga.com\/wp-content\/uploads\/2021\/08\/interactive-banner-color-pic-4-300x245.jpeg 300w\" sizes=\"auto, (max-width: 500px) 100vw, 500px\" \/>\t\t\t\t\t\t\t\t\t\t\t\t\t\t\t<\/p>\n<h2>PARAR UNA EJECUCI\u00d3N HIPOTECARIA<\/h2>\n<h2>derecho inmobiliario<\/h2>\n<h2>Nuestros abogados tambi\u00e9n lo representar\u00e1n en casos de litigios civiles como el divorcio.<\/h2>\n<p>\t\t\t<a href=\"#\" role=\"button\"><br \/>\n\t\t\t\t\t\tCont\u00e1ctanos<br \/>\n\t\t\t\t\t<\/a><br \/>\n\t\t\t<a href=\"#\" role=\"button\"><br \/>\n\t\t\t\t\t<\/a><br \/>\n\t\t\t\t\t\t\t\t\t\t\t\t\t\t\t<img decoding=\"async\" width=\"35\" height=\"23\" src=\"https:\/\/dglawga.com\/wp-content\/uploads\/2021\/09\/Little-white-thing.png\" alt=\"\" loading=\"lazy\" \/>\t\t\t\t\t\t\t\t\t\t\t\t\t\t\t<\/p>\n<h1>$32500<\/h1>\n<h2>Recuperado para nuestros clientes este a\u00f1o.<\/h2>\n<h2>A veces puede encontrarse en situaciones dif\u00edciles y no ser capaz de calmar la situaci\u00f3n sin acudir a los tribunales.<\/h2>\n<p>\t\t\t<a href=\"#\" role=\"button\"><br \/>\n\t\t\t\t\t\tClick aqu\u00ed<br \/>\n\t\t\t\t\t<\/a><br \/>\n\t\t\t<a href=\"#\" role=\"button\"><br \/>\n\t\t\t\t\t<\/a><br \/>\n\t\t\t\t\t\t\t\t\t\t\t\t\t\t\t<img decoding=\"async\" width=\"35\" height=\"23\" src=\"https:\/\/dglawga.com\/wp-content\/uploads\/2021\/09\/Little-white-thing.png\" alt=\"\" loading=\"lazy\" \/>\t\t\t\t\t\t\t\t\t\t\t\t\t\t\t<\/p>\n<h2>$12500<\/h2>\n<h2>Gastos de fianza recuperados este a\u00f1o<\/h2>\n<h2>A veces puede encontrarse en situaciones dif\u00edciles y no ser capaz de calmar la situaci\u00f3n sin acudir a los tribunales.<\/h2>\n<p>\t\t\t<a href=\"#\" role=\"button\"><br \/>\n\t\t\t\t\t\tClick aqu\u00ed<br \/>\n\t\t\t\t\t<\/a><br \/>\n\t\t\t<a href=\"#\" role=\"button\"><br \/>\n\t\t\t\t\t<\/a><br \/>\n\t\t\t\t\t\t\t\t\t\t\t\t\t\t\t<img decoding=\"async\" width=\"34\" height=\"23\" src=\"https:\/\/dglawga.com\/wp-content\/uploads\/2021\/08\/top-seperator-icon-section-2.png\" alt=\"\" loading=\"lazy\" \/>\t\t\t\t\t\t\t\t\t\t\t\t\t\t\t<\/p>\n<h2><b>Representaci\u00f3n Legal<\/b><\/h2>\n<h2><b>en Casos de Litigios<\/b><\/h2>\n<h1>Nuestros abogados tambi\u00e9n lo representar\u00e1n en casos de litigios civiles como divorcio, manutenci\u00f3n de hijos y c\u00f3nyuge.<\/h1>\n<p>\t\t\t\t\t\t\t\t\t\t\t\t\t\t\t<img decoding=\"async\" width=\"303\" height=\"303\" src=\"https:\/\/dglawga.com\/wp-content\/uploads\/2021\/11\/Person-1.jpeg\" alt=\"\" loading=\"lazy\" srcset=\"https:\/\/dglawga.com\/wp-content\/uploads\/2021\/11\/Person-1.jpeg 303w, https:\/\/dglawga.com\/wp-content\/uploads\/2021\/11\/Person-1-300x300.jpeg 300w, https:\/\/dglawga.com\/wp-content\/uploads\/2021\/11\/Person-1-150x150.jpeg 150w\" sizes=\"auto, (max-width: 303px) 100vw, 303px\" \/>\t\t\t\t\t\t\t\t\t\t\t\t\t\t\t<\/p>\n<h2>THOMAS MCCLAIN<\/h2>\n<h2>Abogado titular<\/h2>\n<p>\t\t\t\t\t\t\t\t\t\t\t\t\t\t\t<img decoding=\"async\" width=\"303\" height=\"303\" src=\"https:\/\/dglawga.com\/wp-content\/uploads\/2021\/11\/person-2.jpeg\" alt=\"\" loading=\"lazy\" srcset=\"https:\/\/dglawga.com\/wp-content\/uploads\/2021\/11\/person-2.jpeg 303w, https:\/\/dglawga.com\/wp-content\/uploads\/2021\/11\/person-2-300x300.jpeg 300w, https:\/\/dglawga.com\/wp-content\/uploads\/2021\/11\/person-2-150x150.jpeg 150w\" sizes=\"auto, (max-width: 303px) 100vw, 303px\" \/>\t\t\t\t\t\t\t\t\t\t\t\t\t\t\t<\/p>\n<h2>ROSE JOHNSON<\/h2>\n<h2>Relaciones Externas<\/h2>\n<p>\t\t\t\t\t\t\t\t\t\t\t\t\t\t\t<img decoding=\"async\" width=\"303\" height=\"303\" src=\"https:\/\/dglawga.com\/wp-content\/uploads\/2021\/11\/Person-3.jpeg\" alt=\"\" loading=\"lazy\" srcset=\"https:\/\/dglawga.com\/wp-content\/uploads\/2021\/11\/Person-3.jpeg 303w, https:\/\/dglawga.com\/wp-content\/uploads\/2021\/11\/Person-3-300x300.jpeg 300w, https:\/\/dglawga.com\/wp-content\/uploads\/2021\/11\/Person-3-150x150.jpeg 150w\" sizes=\"auto, (max-width: 303px) 100vw, 303px\" \/>\t\t\t\t\t\t\t\t\t\t\t\t\t\t\t<\/p>\n<h2>SIMON ROBINS<\/h2>\n<h2>Abogado Asociado<\/h2>\n<p>\t\t\t\t\t\t\t\t\t\t\t\t\t\t\t<img decoding=\"async\" width=\"303\" height=\"303\" src=\"https:\/\/dglawga.com\/wp-content\/uploads\/2021\/11\/Person-4.jpeg\" alt=\"\" loading=\"lazy\" srcset=\"https:\/\/dglawga.com\/wp-content\/uploads\/2021\/11\/Person-4.jpeg 303w, https:\/\/dglawga.com\/wp-content\/uploads\/2021\/11\/Person-4-300x300.jpeg 300w, https:\/\/dglawga.com\/wp-content\/uploads\/2021\/11\/Person-4-150x150.jpeg 150w\" sizes=\"auto, (max-width: 303px) 100vw, 303px\" \/>\t\t\t\t\t\t\t\t\t\t\t\t\t\t\t<\/p>\n<h2>NELSON CONROY<\/h2>\n<h2>Directora Ejecutiva<\/h2>\n<h2>Propiedad intelectual<\/h2>\n<h2>Tal vez no llegue tan lejos, pero aquellos que se preocupan por estas disputas de derecho internacional piensan que China y los EE. UU. est\u00e1n en curso de colisi\u00f3n porque ambas partes se aferran a lecturas contradictorias del derecho internacional.<\/h2>\n<p>\t\t\t<a href=\"#\" role=\"button\"><br \/>\n\t\t\t\t\t\tCont\u00e1ctanos<br \/>\n\t\t\t\t\t<\/a><br \/>\n\t\t\t<a href=\"#\" role=\"button\"><br \/>\n\t\t\t\t\t<\/a><br \/>\n\t\t\t\t\t\t\t\t\t\t\t\t\t\t\t<img decoding=\"async\" width=\"34\" height=\"23\" src=\"https:\/\/dglawga.com\/wp-content\/uploads\/2021\/08\/top-seperator-icon-section-2.png\" alt=\"\" loading=\"lazy\" \/>\t\t\t\t\t\t\t\t\t\t\t\t\t\t\t<\/p>\n<h2><b>Lo que nuestros Clientes<\/b><\/h2>\n<h2>Dicen sobre nuestros servicios<\/h2>\n<h2>Nuestros abogados tambi\u00e9n lo representar\u00e1n en casos de litigios civiles como divorcio, manutenci\u00f3n de hijos y c\u00f3nyuge.<\/h2>\n<p>\t\thttps:\/\/www.youtube.com\/watch?v=k6rglSvoQgw<br \/>\n\t\t\t\t\t\t\tCada acto, cada acto de justicia y misericordia y benevolencia, hace m\u00fasica celestial en el cielo.<br \/>\n\t\t\t\t\t\t\t<img decoding=\"async\" width=\"100\" height=\"100\" src=\"https:\/\/dglawga.com\/wp-content\/uploads\/2021\/11\/testimonials-3.png\" alt=\"\" loading=\"lazy\" \/><br \/>\n\t\t\t\t\t\t\t\t\t\t\t\t\t\tELLEN G. WHITE<br \/>\n\t\t\t\t\t\t\t\t\t\t\t\t\t\t\t\t\t\t\t\t\t\tSERVICIO SECRETO<br \/>\n\t\t\t\t\t\t\tCreo que los deberes religiosos consisten en hacer justicia, amar la misericordia y hacer felices a los dem\u00e1s.<br \/>\n\t\t\t\t\t\t\t<img decoding=\"async\" width=\"100\" height=\"100\" src=\"https:\/\/dglawga.com\/wp-content\/uploads\/2021\/11\/testimonials-1.png\" alt=\"\" loading=\"lazy\" \/><br \/>\n\t\t\t\t\t\t\t\t\t\t\t\t\t\tThomas Paine<br \/>\n\t\t\t\t\t\t\t\t\t\t\t\t\t\t\t\t\t\t\t\t\t\tPenalista<br \/>\n\t\t\t\t\t\t\tNo puede haber justicia sin verdad. Y no puede haber verdad, a menos que alguien se levante para decirte la verdad.<br \/>\n\t\t\t\t\t\t\t<img decoding=\"async\" width=\"100\" height=\"100\" src=\"https:\/\/dglawga.com\/wp-content\/uploads\/2021\/11\/testimonials-1.png\" alt=\"\" loading=\"lazy\" \/><br \/>\n\t\t\t\t\t\t\t\t\t\t\t\t\t\tLouis Farrakhan<br \/>\n\t\t\t\t\t\t\t\t\t\t\t\t\t\t\t\t\t\t\t\t\t\tAgente de libertad condicional<br \/>\n\t\t\t\t\t\t\t\t\t\t\t\t\t\t\t<img decoding=\"async\" width=\"480\" height=\"480\" src=\"https:\/\/dglawga.com\/wp-content\/uploads\/2021\/11\/bottom-4-images-1.jpeg\" alt=\"\" loading=\"lazy\" srcset=\"https:\/\/dglawga.com\/wp-content\/uploads\/2021\/11\/bottom-4-images-1.jpeg 480w, https:\/\/dglawga.com\/wp-content\/uploads\/2021\/11\/bottom-4-images-1-300x300.jpeg 300w, https:\/\/dglawga.com\/wp-content\/uploads\/2021\/11\/bottom-4-images-1-150x150.jpeg 150w\" sizes=\"auto, (max-width: 480px) 100vw, 480px\" \/><br \/>\n\t\t\t\t\t\t\t\t\t\t\t\t\t\t\t<img decoding=\"async\" width=\"480\" height=\"480\" src=\"https:\/\/dglawga.com\/wp-content\/uploads\/2021\/11\/Bottom-4-images-2.jpeg\" alt=\"\" loading=\"lazy\" srcset=\"https:\/\/dglawga.com\/wp-content\/uploads\/2021\/11\/Bottom-4-images-2.jpeg 480w, https:\/\/dglawga.com\/wp-content\/uploads\/2021\/11\/Bottom-4-images-2-300x300.jpeg 300w, https:\/\/dglawga.com\/wp-content\/uploads\/2021\/11\/Bottom-4-images-2-150x150.jpeg 150w\" sizes=\"auto, (max-width: 480px) 100vw, 480px\" \/><br \/>\n\t\t\t\t\t\t\t\t\t\t\t\t\t\t\t<img decoding=\"async\" width=\"480\" height=\"480\" src=\"https:\/\/dglawga.com\/wp-content\/uploads\/2021\/11\/bottom-4-images-3.jpeg\" alt=\"\" loading=\"lazy\" srcset=\"https:\/\/dglawga.com\/wp-content\/uploads\/2021\/11\/bottom-4-images-3.jpeg 480w, https:\/\/dglawga.com\/wp-content\/uploads\/2021\/11\/bottom-4-images-3-300x300.jpeg 300w, https:\/\/dglawga.com\/wp-content\/uploads\/2021\/11\/bottom-4-images-3-150x150.jpeg 150w\" sizes=\"auto, (max-width: 480px) 100vw, 480px\" \/><br \/>\n\t\t\t\t\t\t\t\t\t\t\t\t\t\t\t<img decoding=\"async\" width=\"480\" height=\"480\" src=\"https:\/\/dglawga.com\/wp-content\/uploads\/2021\/11\/bottom-4-images-4.jpeg\" alt=\"\" loading=\"lazy\" srcset=\"https:\/\/dglawga.com\/wp-content\/uploads\/2021\/11\/bottom-4-images-4.jpeg 480w, https:\/\/dglawga.com\/wp-content\/uploads\/2021\/11\/bottom-4-images-4-300x300.jpeg 300w, https:\/\/dglawga.com\/wp-content\/uploads\/2021\/11\/bottom-4-images-4-150x150.jpeg 150w\" sizes=\"auto, (max-width: 480px) 100vw, 480px\" \/>\t\t\t\t\t\t\t\t\t\t\t\t\t\t\t<\/p>\n<h2>Nuestros abogados tambi\u00e9n lo representar\u00e1n en casos de litigios civiles como el divorcio.<\/h2>\n<p>\t\t\t\t\t\t\t\t\t\t\t\t\t\t\t<img decoding=\"async\" width=\"34\" height=\"23\" src=\"https:\/\/dglawga.com\/wp-content\/uploads\/2021\/08\/top-seperator-icon-section-2.png\" alt=\"\" loading=\"lazy\" \/>\t\t\t\t\t\t\t\t\t\t\t\t\t\t\t<\/p>\n<h2><b>Los abogados m\u00e1s rudos<\/b><\/h2>\n<h2><b>con los mejores resultados<\/b><\/h2>\n<h2>Nuestros abogados tambi\u00e9n lo representar\u00e1n en casos de litigios civiles como divorcio, manutenci\u00f3n de hijos y c\u00f3nyuge.<\/h2>\n<h2><b>LEY DE INMIGRACI\u00d3N<\/b><\/h2>\n<h2>en qu\u00e9 somos mejores<\/h2>\n<h2>DEFENSA PENAL<\/h2>\n<h2>DISPUTAS FAMILIARES<\/h2>\n<h2>FRAUDE DE BROKER<\/h2>\n<h2>VIOLENCIA DOM\u00c9STICA<\/h2>\n<h2>MALPRAXIS M\u00c9DICA<\/h2>\n<h2>PROPIEDAD INTELECTUAL<\/h2>\n<h2><b style=\"text-decoration: underline;\">VER TASAS DE \u00c9XITO<\/b><\/h2>\n<p>\t\t\t<a href=\"#\" role=\"button\"><br \/>\n\t\t\t\t\t<\/a><\/p>\n<h2><b>BANCA Y FINANZAS<\/b><\/h2>\n<h2>servicio excepcional<\/h2>\n<h2>CRIMINAL DEFENSE<\/h2>\n<h2>FAMILY DISPUTES<\/h2>\n<h2>BROKER FRAUD<\/h2>\n<h2>DOMESTIC VIOLENCE<\/h2>\n<h2>MEDICAL MALPRACTICE<\/h2>\n<h2>INTELLECTUAL PROPERTY<\/h2>\n<h2><b style=\"text-decoration: underline;\">VER TASAS DE \u00c9XITO<\/b><\/h2>\n<p>\t\t\t<a href=\"#\" role=\"button\"><br \/>\n\t\t\t\t\t<\/a><\/p>\n<h2><b>EMPLOYMENT LAW<\/b><\/h2>\n<h2>personal attitude<\/h2>\n<h2>CRIMINAL DEFENSE<\/h2>\n<h2>FAMILY DISPUTES<\/h2>\n<h2>BROKER FRAUD<\/h2>\n<h2>DOMESTIC VIOLENCE<\/h2>\n<h2>MEDICAL MALPRACTICE<\/h2>\n<h2>INTELLECTUAL PROPERTY<\/h2>\n<h2><b style=\"text-decoration: underline;\">VER TASAS DE \u00c9XITO<\/b><\/h2>\n<p>\t\t\t<a href=\"#\" role=\"button\"><br \/>\n\t\t\t\t\t<\/a><\/p>\n<h2><b>FORECLOSURE DEFENSE<\/b><\/h2>\n<h2>civil rights<\/h2>\n<h2>CRIMINAL DEFENSE<\/h2>\n<h2>FAMILY DISPUTES<\/h2>\n<h2>BROKER FRAUD<\/h2>\n<h2>DOMESTIC VIOLENCE<\/h2>\n<h2>MEDICAL MALPRACTICE<\/h2>\n<h2>INTELLECTUAL PROPERTY<\/h2>\n<h2><b style=\"text-decoration: underline;\">VER TASAS DE \u00c9XITO<\/b><\/h2>\n<p>\t\t\t<a href=\"#\" role=\"button\"><br \/>\n\t\t\t\t\t<\/a><\/p>\n<h2><b>Read our expertly written blog or follow us on social media<\/b><\/h2>\n<h2>Maybe it won&#8217;t get that far, but those who care about these international law disputes think China and the U.S. are on a collision course because both sides hew closely to contradictory readings of international law. One would assume the conflict won&#8217;t go Nuclear.<\/h2>\n<p>\t\t\t<a href=\"#\" role=\"button\"><br \/>\n\t\t\t\t\t\tContact us<br \/>\n\t\t\t\t\t<\/a><br \/>\n\t\t\t<a href=\"#\" role=\"button\"><br \/>\n\t\t\t\t\t<\/a><br \/>\n\t\t\t\t\t<a target=\"_blank\" rel=\"noopener\"><br \/>\n\t\t\t\t\t\tFacebook<br \/>\n\t\t\t\t\t\t\t\t\t\t\t<\/a><br \/>\n\t\t\t\t\t<a target=\"_blank\" rel=\"noopener\"><br \/>\n\t\t\t\t\t\tTwitter<br \/>\n\t\t\t\t\t\t\t\t\t\t\t<\/a><br \/>\n\t\t\t\t\t<a target=\"_blank\" rel=\"noopener\"><br \/>\n\t\t\t\t\t\tGoogle-plus<br \/>\n\t\t\t\t\t\t\t\t\t\t\t<\/a><br \/>\n\t\t\t\t\t<a target=\"_blank\" rel=\"noopener\"><br \/>\n\t\t\t\t\t\tLinkedin<br \/>\n\t\t\t\t\t\t\t\t\t\t\t<\/a><br \/>\n\t\t\t\t\t\t\t\t\t\t\t\t\t\t\t<img decoding=\"async\" width=\"34\" height=\"23\" src=\"https:\/\/dglawga.com\/wp-content\/uploads\/2021\/08\/top-seperator-icon-section-2.png\" alt=\"\" loading=\"lazy\" \/>\t\t\t\t\t\t\t\t\t\t\t\t\t\t\t<\/p>\n<h2>We offer a <\/h2>\n<h2>Broad Range <\/h2>\n<h2>of Law Services<\/h2>\n<h2>Nuestros abogados tambi\u00e9n lo representar\u00e1n en casos de litigios civiles como divorcio, manutenci\u00f3n de hijos y c\u00f3nyuge.<\/h2>\n<p>\t\t\t\t\t\t\t\t\t\t\t\t\t\t\t<img decoding=\"async\" width=\"200\" height=\"200\" src=\"https:\/\/dglawga.com\/wp-content\/uploads\/2021\/11\/almost-bottom-picture-1.jpeg\" alt=\"\" loading=\"lazy\" srcset=\"https:\/\/dglawga.com\/wp-content\/uploads\/2021\/11\/almost-bottom-picture-1.jpeg 200w, https:\/\/dglawga.com\/wp-content\/uploads\/2021\/11\/almost-bottom-picture-1-150x150.jpeg 150w\" sizes=\"auto, (max-width: 200px) 100vw, 200px\" \/>\t\t\t\t\t\t\t\t\t\t\t\t\t\t\t<\/p>\n<h2><b>IN THE COURT OF LAW<\/b><\/h2>\n<h2>In conjunction with his vast know-how, our company leverages the robust legal expertise of working in different courts<\/h2>\n<p>\t\t\t\t\t\t\t\t\t\t\t\t\t\t\t<img decoding=\"async\" width=\"200\" height=\"200\" src=\"https:\/\/dglawga.com\/wp-content\/uploads\/2021\/11\/almost-bottom-image-2.jpeg\" alt=\"\" loading=\"lazy\" srcset=\"https:\/\/dglawga.com\/wp-content\/uploads\/2021\/11\/almost-bottom-image-2.jpeg 200w, https:\/\/dglawga.com\/wp-content\/uploads\/2021\/11\/almost-bottom-image-2-150x150.jpeg 150w\" sizes=\"auto, (max-width: 200px) 100vw, 200px\" \/>\t\t\t\t\t\t\t\t\t\t\t\t\t\t\t<\/p>\n<h2><b>DIRECT WAY OF JUSTICE<\/b><\/h2>\n<h2>In conjunction with his vast know-how, our company leverages the robust legal expertise of working in different courts<\/h2>\n<p>\t\t\t\t\t\t\t\t\t\t\t\t\t\t\t<img decoding=\"async\" width=\"200\" height=\"200\" src=\"https:\/\/dglawga.com\/wp-content\/uploads\/2021\/11\/almost-bottom-image-3.jpeg\" alt=\"\" loading=\"lazy\" srcset=\"https:\/\/dglawga.com\/wp-content\/uploads\/2021\/11\/almost-bottom-image-3.jpeg 200w, https:\/\/dglawga.com\/wp-content\/uploads\/2021\/11\/almost-bottom-image-3-150x150.jpeg 150w\" sizes=\"auto, (max-width: 200px) 100vw, 200px\" \/>\t\t\t\t\t\t\t\t\t\t\t\t\t\t\t<\/p>\n<h2><b>CORPORATE LAWSUITS<\/b><\/h2>\n<h2>In conjunction with his vast know-how, our company leverages the robust legal expertise of working in different courts<\/h2>\n<p>\t\t\t\t\t\t\t\t\t\t\t\t\t\t\t<img decoding=\"async\" width=\"200\" height=\"200\" src=\"https:\/\/dglawga.com\/wp-content\/uploads\/2021\/11\/almost-bottom-image-4.jpeg\" alt=\"\" loading=\"lazy\" srcset=\"https:\/\/dglawga.com\/wp-content\/uploads\/2021\/11\/almost-bottom-image-4.jpeg 200w, https:\/\/dglawga.com\/wp-content\/uploads\/2021\/11\/almost-bottom-image-4-150x150.jpeg 150w\" sizes=\"auto, (max-width: 200px) 100vw, 200px\" \/>\t\t\t\t\t\t\t\t\t\t\t\t\t\t\t<\/p>\n<h2><b>PROTECTING BUSINESS<\/b><\/h2>\n<h2>In conjunction with his vast know-how, our company leverages the robust legal expertise of working in different courts<\/h2>\n<h2><b>Our experts have been featured in press numerous times<\/b><\/h2>\n<h2>Acquire control of an uninsured institution or retain, for more than one year after other than an insured institution or holding company thereof, the date any insured institution subsidiary becomes uninsured, control of such institution<\/h2>\n<p>\t\t\t\t\t\t\t\t\t\t\t\t\t\t\t<img decoding=\"async\" width=\"208\" height=\"83\" src=\"https:\/\/dglawga.com\/wp-content\/uploads\/2021\/11\/signature-bottom.png\" alt=\"\" loading=\"lazy\" \/>\t\t\t\t\t\t\t\t\t\t\t\t\t\t\t<\/p>\n<figure class='gallery-item'>\n\t\t\t\t<a data-elementor-open-lightbox=\"yes\" data-elementor-lightbox-slideshow=\"bce7031\" data-elementor-lightbox-title=\"Client Top left\" data-e-action-hash=\"#elementor-action%3Aaction%3Dlightbox%26settings%3DeyJpZCI6MzUwNSwidXJsIjoiaHR0cHM6XC9cL2RnbGF3Z2EuY29tXC93cC1jb250ZW50XC91cGxvYWRzXC8yMDIxXC8xMVwvQ2xpZW50LVRvcC1sZWZ0LTEucG5nIiwic2xpZGVzaG93IjoiYmNlNzAzMSJ9\" href='https:\/\/dglawga.com\/wp-content\/uploads\/2021\/11\/Client-Top-left-1.png'><img width=\"150\" height=\"150\" src=\"https:\/\/dglawga.com\/wp-content\/uploads\/2021\/11\/Client-Top-left-1-150x150.png\" alt=\"\" decoding=\"async\" loading=\"lazy\" \/><\/a><br \/>\n\t\t\t<\/figure>\n<figure class='gallery-item'>\n\t\t\t\t<a data-elementor-open-lightbox=\"yes\" data-elementor-lightbox-slideshow=\"bce7031\" data-elementor-lightbox-title=\"Client Top Middle\" data-e-action-hash=\"#elementor-action%3Aaction%3Dlightbox%26settings%3DeyJpZCI6MzUwNiwidXJsIjoiaHR0cHM6XC9cL2RnbGF3Z2EuY29tXC93cC1jb250ZW50XC91cGxvYWRzXC8yMDIxXC8xMVwvQ2xpZW50LVRvcC1NaWRkbGUucG5nIiwic2xpZGVzaG93IjoiYmNlNzAzMSJ9\" href='https:\/\/dglawga.com\/wp-content\/uploads\/2021\/11\/Client-Top-Middle.png'><img width=\"150\" height=\"150\" src=\"https:\/\/dglawga.com\/wp-content\/uploads\/2021\/11\/Client-Top-Middle-150x150.png\" alt=\"\" decoding=\"async\" loading=\"lazy\" \/><\/a><br \/>\n\t\t\t<\/figure>\n<figure class='gallery-item'>\n\t\t\t\t<a data-elementor-open-lightbox=\"yes\" data-elementor-lightbox-slideshow=\"bce7031\" data-elementor-lightbox-title=\"Client Top Right\" data-e-action-hash=\"#elementor-action%3Aaction%3Dlightbox%26settings%3DeyJpZCI6MzUwNywidXJsIjoiaHR0cHM6XC9cL2RnbGF3Z2EuY29tXC93cC1jb250ZW50XC91cGxvYWRzXC8yMDIxXC8xMVwvQ2xpZW50LVRvcC1SaWdodC5wbmciLCJzbGlkZXNob3ciOiJiY2U3MDMxIn0%3D\" href='https:\/\/dglawga.com\/wp-content\/uploads\/2021\/11\/Client-Top-Right.png'><img width=\"150\" height=\"150\" src=\"https:\/\/dglawga.com\/wp-content\/uploads\/2021\/11\/Client-Top-Right-150x150.png\" alt=\"\" decoding=\"async\" loading=\"lazy\" \/><\/a><br \/>\n\t\t\t<\/figure>\n<figure class='gallery-item'>\n\t\t\t\t<a data-elementor-open-lightbox=\"yes\" data-elementor-lightbox-slideshow=\"bce7031\" data-elementor-lightbox-title=\"Client Bottom left\" data-e-action-hash=\"#elementor-action%3Aaction%3Dlightbox%26settings%3DeyJpZCI6MzUwOCwidXJsIjoiaHR0cHM6XC9cL2RnbGF3Z2EuY29tXC93cC1jb250ZW50XC91cGxvYWRzXC8yMDIxXC8xMVwvQ2xpZW50LUJvdHRvbS1sZWZ0LnBuZyIsInNsaWRlc2hvdyI6ImJjZTcwMzEifQ%3D%3D\" href='https:\/\/dglawga.com\/wp-content\/uploads\/2021\/11\/Client-Bottom-left.png'><img width=\"150\" height=\"150\" src=\"https:\/\/dglawga.com\/wp-content\/uploads\/2021\/11\/Client-Bottom-left-150x150.png\" alt=\"\" decoding=\"async\" loading=\"lazy\" \/><\/a><br \/>\n\t\t\t<\/figure>\n<figure class='gallery-item'>\n\t\t\t\t<a data-elementor-open-lightbox=\"yes\" data-elementor-lightbox-slideshow=\"bce7031\" data-elementor-lightbox-title=\"Client Bottom Middle\" data-e-action-hash=\"#elementor-action%3Aaction%3Dlightbox%26settings%3DeyJpZCI6MzUwOSwidXJsIjoiaHR0cHM6XC9cL2RnbGF3Z2EuY29tXC93cC1jb250ZW50XC91cGxvYWRzXC8yMDIxXC8xMVwvQ2xpZW50LUJvdHRvbS1NaWRkbGUucG5nIiwic2xpZGVzaG93IjoiYmNlNzAzMSJ9\" href='https:\/\/dglawga.com\/wp-content\/uploads\/2021\/11\/Client-Bottom-Middle.png'><img width=\"150\" height=\"150\" src=\"https:\/\/dglawga.com\/wp-content\/uploads\/2021\/11\/Client-Bottom-Middle-150x150.png\" alt=\"\" decoding=\"async\" loading=\"lazy\" \/><\/a><br \/>\n\t\t\t<\/figure>\n<figure class='gallery-item'>\n\t\t\t\t<a data-elementor-open-lightbox=\"yes\" data-elementor-lightbox-slideshow=\"bce7031\" data-elementor-lightbox-title=\"Client Bottom Right\" data-e-action-hash=\"#elementor-action%3Aaction%3Dlightbox%26settings%3DeyJpZCI6MzUxMCwidXJsIjoiaHR0cHM6XC9cL2RnbGF3Z2EuY29tXC93cC1jb250ZW50XC91cGxvYWRzXC8yMDIxXC8xMVwvQ2xpZW50LUJvdHRvbS1SaWdodC5wbmciLCJzbGlkZXNob3ciOiJiY2U3MDMxIn0%3D\" href='https:\/\/dglawga.com\/wp-content\/uploads\/2021\/11\/Client-Bottom-Right.png'><img width=\"150\" height=\"150\" src=\"https:\/\/dglawga.com\/wp-content\/uploads\/2021\/11\/Client-Bottom-Right-150x150.png\" alt=\"\" decoding=\"async\" loading=\"lazy\" \/><\/a><br \/>\n\t\t\t<\/figure>\n","protected":false},"excerpt":{"rendered":"<p>Te mereces los mejores abogados defensores CON M\u00c1S DE 35 A\u00d1OS DE PR\u00c1CTICA DEL DERECHO EN LOS TRIBUNALES DE EE. UU. BANCARROTA MULTAS DE TRANSITO LESIONES PERSONALES Planificaci\u00f3n patrimonial Accidentes automovil\u00edsticos MERCADO DE VALORES Los mejores abogados defensores por su dinero Nuestros abogados tambi\u00e9n lo representar\u00e1n en casos de litigios civiles como divorcio, manutenci\u00f3n de [&hellip;]<\/p>\n","protected":false},"author":34,"featured_media":0,"parent":0,"menu_order":0,"comment_status":"closed","ping_status":"closed","template":"elementor_canvas","meta":{"_acf_changed":false,"_themeisle_gutenberg_block_has_review":false,"footnotes":""},"categories":[],"tags":[],"class_list":["post-3754","page","type-page","status-publish","hentry"],"acf":[],"aioseo_notices":[],"_links":{"self":[{"href":"https:\/\/dglawga.com\/en\/wp-json\/wp\/v2\/pages\/3754","targetHints":{"allow":["GET"]}}],"collection":[{"href":"https:\/\/dglawga.com\/en\/wp-json\/wp\/v2\/pages"}],"about":[{"href":"https:\/\/dglawga.com\/en\/wp-json\/wp\/v2\/types\/page"}],"author":[{"embeddable":true,"href":"https:\/\/dglawga.com\/en\/wp-json\/wp\/v2\/users\/34"}],"replies":[{"embeddable":true,"href":"https:\/\/dglawga.com\/en\/wp-json\/wp\/v2\/comments?post=3754"}],"version-history":[{"count":0,"href":"https:\/\/dglawga.com\/en\/wp-json\/wp\/v2\/pages\/3754\/revisions"}],"wp:attachment":[{"href":"https:\/\/dglawga.com\/en\/wp-json\/wp\/v2\/media?parent=3754"}],"wp:term":[{"taxonomy":"category","embeddable":true,"href":"https:\/\/dglawga.com\/en\/wp-json\/wp\/v2\/categories?post=3754"},{"taxonomy":"post_tag","embeddable":true,"href":"https:\/\/dglawga.com\/en\/wp-json\/wp\/v2\/tags?post=3754"}],"curies":[{"name":"wp","href":"https:\/\/api.w.org\/{rel}","templated":true}]}}