{"id":1765,"date":"2022-06-06T20:10:28","date_gmt":"2022-06-06T20:10:28","guid":{"rendered":"https:\/\/diazgaetalaw.wpengine.com\/?page_id=1765"},"modified":"2025-12-02T15:33:35","modified_gmt":"2025-12-02T20:33:35","slug":"jessica-calmes-esq","status":"publish","type":"page","link":"https:\/\/dglawga.com\/es\/our-team\/jessica-calmes-esq\/","title":{"rendered":"Jessica Calmes, ESQ."},"content":{"rendered":"<p class=\"has-text-align-left has-primary-color has-text-color has-link-color wp-elements-cf4f6c44cf2594860440c4fd0b49a6dd\">Idiomas: Ingl\u00e9s, Espa\u00f1ol<\/p>\n\n\n\n<p class=\"has-text-align-left has-primary-color has-text-color has-link-color wp-elements-fa2c40f8c6c050088494f12ed2590e5a\">Jessie Calmes creci\u00f3 en Baton Rouge, Luisiana, antes de mudarse a Atlanta, donde obtuvo una licenciatura en Ciencias Pol\u00edticas en Agnes Scott College, con especializaci\u00f3n en relaciones entre Estados Unidos y Latinoam\u00e9rica. Posteriormente, se licenci\u00f3 en Derecho en la Universidad Estatal de Georgia. Durante sus estudios de derecho, Jessie se centr\u00f3 en representar a personas indigentes en diversas oficinas de defensores p\u00fablicos del \u00e1rea metropolitana de Atlanta antes de graduarse y ampliar su enfoque al derecho migratorio.<\/p>\n\n\n\n<p class=\"has-text-align-left has-primary-color has-text-color has-link-color wp-elements-63d728008e3b9b54dcf1cd6c74eca4fd\">Como abogada, Jessie ha representado a cientos de clientes ante tribunales de inmigraci\u00f3n y oficinas del USCIS en todo Estados Unidos. Tambi\u00e9n ha continuado su pr\u00e1ctica en derecho penal, compareciendo ante tribunales de todo el estado de Georgia en casos previos y posteriores a la condena. Jessie es una defensora apasionada y se dedica a ayudar a sus clientes a mejorar sus vidas.<\/p>\n\n\n\n<p class=\"has-text-align-left has-primary-color has-text-color has-link-color wp-elements-ad8e49780938014b4a6ef7bdd0fdd4d7\">Jessie es miembro y ha sido panelista de la Asociaci\u00f3n Estadounidense de Abogados de Inmigraci\u00f3n (AILA).<\/p>","protected":false},"excerpt":{"rendered":"<p>Languages: English, Spanish Jessie Calmes grew up in Baton Rouge, Louisiana, before moving to Atlanta, where she earned a B.A. in Political Science at Agnes Scott College, with a focus on U.S.-Latin American relations.&nbsp;She then earned her law degree at Georgia State University.&nbsp;During law school, Jessie focused on representing indigent clients at various public defenders [&hellip;]<\/p>\n","protected":false},"author":34,"featured_media":7166,"parent":3292,"menu_order":0,"comment_status":"closed","ping_status":"closed","template":"wp-custom-template-bio","meta":{"_acf_changed":false,"_themeisle_gutenberg_block_has_review":false,"footnotes":""},"categories":[4,50,52,51],"tags":[],"class_list":["post-1765","page","type-page","status-publish","has-post-thumbnail","hentry","category-atlanta-location","category-marietta-location","category-sandy-springs-location","category-smyrna-location"],"acf":[],"aioseo_notices":[],"_links":{"self":[{"href":"https:\/\/dglawga.com\/es\/wp-json\/wp\/v2\/pages\/1765","targetHints":{"allow":["GET"]}}],"collection":[{"href":"https:\/\/dglawga.com\/es\/wp-json\/wp\/v2\/pages"}],"about":[{"href":"https:\/\/dglawga.com\/es\/wp-json\/wp\/v2\/types\/page"}],"author":[{"embeddable":true,"href":"https:\/\/dglawga.com\/es\/wp-json\/wp\/v2\/users\/34"}],"replies":[{"embeddable":true,"href":"https:\/\/dglawga.com\/es\/wp-json\/wp\/v2\/comments?post=1765"}],"version-history":[{"count":3,"href":"https:\/\/dglawga.com\/es\/wp-json\/wp\/v2\/pages\/1765\/revisions"}],"predecessor-version":[{"id":8262,"href":"https:\/\/dglawga.com\/es\/wp-json\/wp\/v2\/pages\/1765\/revisions\/8262"}],"up":[{"embeddable":true,"href":"https:\/\/dglawga.com\/es\/wp-json\/wp\/v2\/pages\/3292"}],"wp:featuredmedia":[{"embeddable":true,"href":"https:\/\/dglawga.com\/es\/wp-json\/wp\/v2\/media\/7166"}],"wp:attachment":[{"href":"https:\/\/dglawga.com\/es\/wp-json\/wp\/v2\/media?parent=1765"}],"wp:term":[{"taxonomy":"category","embeddable":true,"href":"https:\/\/dglawga.com\/es\/wp-json\/wp\/v2\/categories?post=1765"},{"taxonomy":"post_tag","embeddable":true,"href":"https:\/\/dglawga.com\/es\/wp-json\/wp\/v2\/tags?post=1765"}],"curies":[{"name":"wp","href":"https:\/\/api.w.org\/{rel}","templated":true}]}}