{"id":1769,"date":"2022-06-06T20:13:15","date_gmt":"2022-06-06T20:13:15","guid":{"rendered":"https:\/\/diazgaetalaw.wpengine.com\/?page_id=1769"},"modified":"2025-06-12T08:36:49","modified_gmt":"2025-06-12T13:36:49","slug":"silvia-gonzalez","status":"publish","type":"page","link":"https:\/\/dglawga.com\/es\/our-team\/silvia-gonzalez\/","title":{"rendered":"Silvia Gonz\u00e1lez"},"content":{"rendered":"<p>Idiomas: Ingl\u00e9s, Espa\u00f1ol<\/p>\n<p>Silvia Gonz\u00e1lez naci\u00f3 y creci\u00f3 en Tampico, M\u00e9xico, donde obtuvo una licenciatura en Lenguas Extranjeras y Comercio Internacional. En 2001, Gonz\u00e1lez lleg\u00f3 a Estados Unidos y decidi\u00f3 establecerse all\u00ed. En 2010, comenz\u00f3 su carrera como asistente legal, apoyando a abogados en diversas \u00e1reas del derecho, incluyendo derecho civil, derecho penal y derecho familiar.<\/p>\n<p>Desde que se uni\u00f3 al equipo de D\u00edaz &amp; Gaeta en 2019, Gonz\u00e1lez se ha desempe\u00f1ado como asistente legal en defensa penal. Le apasiona su trabajo, lo que le brinda una gran satisfacci\u00f3n personal y profesional al poder ayudar a defender los derechos de sus clientes. Gonz\u00e1lez disfruta enormemente de formar parte de las historias de \u00e9xito de sus clientes.<\/p>\n<p>En su tiempo libre, le encanta hacer ejercicio, realizar actividades al aire libre, viajar y disfrutar del tiempo con sus amigos.<\/p>","protected":false},"excerpt":{"rendered":"<p>Languages: English, Spanish Silvia Gonzalez was born and raised in Tampico, Mexico, where she earned a bachelor\u2019s degree in Foreign Languages and International Trade. In 2001, Gonzalez came to the United States and decided to call it home. In 2010, she began her career as a paralegal supporting attorneys in different areas of the law, [&hellip;]<\/p>\n","protected":false},"author":34,"featured_media":7207,"parent":3292,"menu_order":0,"comment_status":"closed","ping_status":"closed","template":"wp-custom-template-bio","meta":{"_acf_changed":false,"_themeisle_gutenberg_block_has_review":false,"footnotes":""},"categories":[4,50,52,51],"tags":[],"class_list":["post-1769","page","type-page","status-publish","has-post-thumbnail","hentry","category-atlanta-location","category-marietta-location","category-sandy-springs-location","category-smyrna-location"],"acf":[],"aioseo_notices":[],"_links":{"self":[{"href":"https:\/\/dglawga.com\/es\/wp-json\/wp\/v2\/pages\/1769","targetHints":{"allow":["GET"]}}],"collection":[{"href":"https:\/\/dglawga.com\/es\/wp-json\/wp\/v2\/pages"}],"about":[{"href":"https:\/\/dglawga.com\/es\/wp-json\/wp\/v2\/types\/page"}],"author":[{"embeddable":true,"href":"https:\/\/dglawga.com\/es\/wp-json\/wp\/v2\/users\/34"}],"replies":[{"embeddable":true,"href":"https:\/\/dglawga.com\/es\/wp-json\/wp\/v2\/comments?post=1769"}],"version-history":[{"count":1,"href":"https:\/\/dglawga.com\/es\/wp-json\/wp\/v2\/pages\/1769\/revisions"}],"predecessor-version":[{"id":6041,"href":"https:\/\/dglawga.com\/es\/wp-json\/wp\/v2\/pages\/1769\/revisions\/6041"}],"up":[{"embeddable":true,"href":"https:\/\/dglawga.com\/es\/wp-json\/wp\/v2\/pages\/3292"}],"wp:featuredmedia":[{"embeddable":true,"href":"https:\/\/dglawga.com\/es\/wp-json\/wp\/v2\/media\/7207"}],"wp:attachment":[{"href":"https:\/\/dglawga.com\/es\/wp-json\/wp\/v2\/media?parent=1769"}],"wp:term":[{"taxonomy":"category","embeddable":true,"href":"https:\/\/dglawga.com\/es\/wp-json\/wp\/v2\/categories?post=1769"},{"taxonomy":"post_tag","embeddable":true,"href":"https:\/\/dglawga.com\/es\/wp-json\/wp\/v2\/tags?post=1769"}],"curies":[{"name":"wp","href":"https:\/\/api.w.org\/{rel}","templated":true}]}}