{"id":1773,"date":"2022-06-06T20:15:42","date_gmt":"2022-06-06T20:15:42","guid":{"rendered":"https:\/\/diazgaetalaw.wpengine.com\/?page_id=1773"},"modified":"2025-06-12T08:27:20","modified_gmt":"2025-06-12T13:27:20","slug":"barbara-fernandez-de-bautista","status":"publish","type":"page","link":"https:\/\/dglawga.com\/es\/our-team\/barbara-fernandez-de-bautista\/","title":{"rendered":"B\u00e1rbara Fern\u00e1ndez de Bautista"},"content":{"rendered":"<p>Idiomas: Ingl\u00e9s, Espa\u00f1ol<\/p>\n<p>Recientemente jubilada del Departamento de Investigaciones de la Polic\u00eda de la Universidad Estatal de Georgia, donde tambi\u00e9n se desempe\u00f1\u00f3 como Supervisora de Seguridad de la Guardia Nocturna del Campus de Atlanta. Barbara es Instructora Certificada POST de Georgia y Maestra Instructora del Programa de Resiliencia de Georgia. Tambi\u00e9n trabaj\u00f3 para la Fiscal\u00eda del Condado de Clayton, donde defendi\u00f3 a las v\u00edctimas de delitos graves en todo el condado, centr\u00e1ndose principalmente en la comunidad hispanohablante. Barbara cuenta con m\u00e1s de 20 a\u00f1os de experiencia en derecho penal y de familia. Desde que se mud\u00f3 a Georgia desde Chicago, Illinois, en 1998, su objetivo ha sido servir a quienes no tienen voz.<\/p>\n<p>Barbara y su esposo son padres de tres hijos y abuelos de un ni\u00f1o y una ni\u00f1a. Espera tener m\u00e1s nietos en el futuro.<\/p>","protected":false},"excerpt":{"rendered":"<p>Languages: English, Spanish Recently retired from Georgia State University Police Department Investigations, where she also served as the Evening Watch Security Supervisor of the Atlanta Campus. Barbara is a Georgia P.O.S.T Certified Instructor, who is a Master Instructor with the Georgia Resiliency Program. She also worked for Clayton County District Attorney\u2019s Office where she advocated [&hellip;]<\/p>\n","protected":false},"author":34,"featured_media":7204,"parent":3292,"menu_order":0,"comment_status":"closed","ping_status":"closed","template":"wp-custom-template-bio","meta":{"_acf_changed":false,"_themeisle_gutenberg_block_has_review":false,"footnotes":""},"categories":[4,50,52,51],"tags":[],"class_list":["post-1773","page","type-page","status-publish","has-post-thumbnail","hentry","category-atlanta-location","category-marietta-location","category-sandy-springs-location","category-smyrna-location"],"acf":[],"aioseo_notices":[],"_links":{"self":[{"href":"https:\/\/dglawga.com\/es\/wp-json\/wp\/v2\/pages\/1773","targetHints":{"allow":["GET"]}}],"collection":[{"href":"https:\/\/dglawga.com\/es\/wp-json\/wp\/v2\/pages"}],"about":[{"href":"https:\/\/dglawga.com\/es\/wp-json\/wp\/v2\/types\/page"}],"author":[{"embeddable":true,"href":"https:\/\/dglawga.com\/es\/wp-json\/wp\/v2\/users\/34"}],"replies":[{"embeddable":true,"href":"https:\/\/dglawga.com\/es\/wp-json\/wp\/v2\/comments?post=1773"}],"version-history":[{"count":2,"href":"https:\/\/dglawga.com\/es\/wp-json\/wp\/v2\/pages\/1773\/revisions"}],"predecessor-version":[{"id":6668,"href":"https:\/\/dglawga.com\/es\/wp-json\/wp\/v2\/pages\/1773\/revisions\/6668"}],"up":[{"embeddable":true,"href":"https:\/\/dglawga.com\/es\/wp-json\/wp\/v2\/pages\/3292"}],"wp:featuredmedia":[{"embeddable":true,"href":"https:\/\/dglawga.com\/es\/wp-json\/wp\/v2\/media\/7204"}],"wp:attachment":[{"href":"https:\/\/dglawga.com\/es\/wp-json\/wp\/v2\/media?parent=1773"}],"wp:term":[{"taxonomy":"category","embeddable":true,"href":"https:\/\/dglawga.com\/es\/wp-json\/wp\/v2\/categories?post=1773"},{"taxonomy":"post_tag","embeddable":true,"href":"https:\/\/dglawga.com\/es\/wp-json\/wp\/v2\/tags?post=1773"}],"curies":[{"name":"wp","href":"https:\/\/api.w.org\/{rel}","templated":true}]}}