{"id":1781,"date":"2022-06-06T20:28:27","date_gmt":"2022-06-06T20:28:27","guid":{"rendered":"https:\/\/diazgaetalaw.wpengine.com\/?page_id=1781"},"modified":"2025-06-11T23:27:44","modified_gmt":"2025-06-12T04:27:44","slug":"valeria-castrejon","status":"publish","type":"page","link":"https:\/\/dglawga.com\/es\/our-team\/valeria-castrejon\/","title":{"rendered":"Valeria Castrej\u00f3n"},"content":{"rendered":"<p>Idioma: Ingl\u00e9s, Espa\u00f1ol, ASL<\/p>\n<p>Nacida en M\u00e9xico, Valeria Castrej\u00f3n se crio en Estados Unidos desde muy joven. Siendo su lengua materna el espa\u00f1ol, es completamente biling\u00fce.<\/p>\n<p>En 2014, Castrej\u00f3n comenz\u00f3 su carrera como asistente legal de inmigraci\u00f3n. Obtuvo su Certificaci\u00f3n de Asistente Legal en la Universidad de Georgia, donde tambi\u00e9n ha cursado cursos de Lengua de Se\u00f1as Americana.<\/p>\n<p>Para Castrej\u00f3n, poder ayudar a los dem\u00e1s es lo mejor de su trabajo en Diaz &amp; Gaeta Law. Quiere seguir ayudando a los dem\u00e1s y aprendiendo m\u00e1s sobre las leyes de inmigraci\u00f3n, que cambian constantemente.<\/p>","protected":false},"excerpt":{"rendered":"<p>Language: English, Spanish, ASL Born in Mexico, Valeria Castrejon was raised in the United States from a very young age. With her main language being Spanish, she is fully bilingual. In 2014, Castrejon began her career working as an immigration paralegal. She obtained her Paralegal Certification from the University of Georgia, where she has also [&hellip;]<\/p>\n","protected":false},"author":34,"featured_media":7174,"parent":3292,"menu_order":0,"comment_status":"closed","ping_status":"closed","template":"wp-custom-template-bio","meta":{"_acf_changed":false,"_themeisle_gutenberg_block_has_review":false,"footnotes":""},"categories":[4,50,52,51],"tags":[],"class_list":["post-1781","page","type-page","status-publish","has-post-thumbnail","hentry","category-atlanta-location","category-marietta-location","category-sandy-springs-location","category-smyrna-location"],"acf":[],"aioseo_notices":[],"_links":{"self":[{"href":"https:\/\/dglawga.com\/es\/wp-json\/wp\/v2\/pages\/1781","targetHints":{"allow":["GET"]}}],"collection":[{"href":"https:\/\/dglawga.com\/es\/wp-json\/wp\/v2\/pages"}],"about":[{"href":"https:\/\/dglawga.com\/es\/wp-json\/wp\/v2\/types\/page"}],"author":[{"embeddable":true,"href":"https:\/\/dglawga.com\/es\/wp-json\/wp\/v2\/users\/34"}],"replies":[{"embeddable":true,"href":"https:\/\/dglawga.com\/es\/wp-json\/wp\/v2\/comments?post=1781"}],"version-history":[{"count":1,"href":"https:\/\/dglawga.com\/es\/wp-json\/wp\/v2\/pages\/1781\/revisions"}],"predecessor-version":[{"id":6042,"href":"https:\/\/dglawga.com\/es\/wp-json\/wp\/v2\/pages\/1781\/revisions\/6042"}],"up":[{"embeddable":true,"href":"https:\/\/dglawga.com\/es\/wp-json\/wp\/v2\/pages\/3292"}],"wp:featuredmedia":[{"embeddable":true,"href":"https:\/\/dglawga.com\/es\/wp-json\/wp\/v2\/media\/7174"}],"wp:attachment":[{"href":"https:\/\/dglawga.com\/es\/wp-json\/wp\/v2\/media?parent=1781"}],"wp:term":[{"taxonomy":"category","embeddable":true,"href":"https:\/\/dglawga.com\/es\/wp-json\/wp\/v2\/categories?post=1781"},{"taxonomy":"post_tag","embeddable":true,"href":"https:\/\/dglawga.com\/es\/wp-json\/wp\/v2\/tags?post=1781"}],"curies":[{"name":"wp","href":"https:\/\/api.w.org\/{rel}","templated":true}]}}