{"id":1785,"date":"2022-06-06T20:30:17","date_gmt":"2022-06-06T20:30:17","guid":{"rendered":"https:\/\/diazgaetalaw.wpengine.com\/?page_id=1785"},"modified":"2025-06-11T23:29:45","modified_gmt":"2025-06-12T04:29:45","slug":"miluska-delgado","status":"publish","type":"page","link":"https:\/\/dglawga.com\/es\/our-team\/miluska-delgado\/","title":{"rendered":"Miluska Delgado"},"content":{"rendered":"<p>Idioma: Ingl\u00e9s, Espa\u00f1ol, Portugu\u00e9s<\/p>\n<p>Miluska Delgado naci\u00f3 y creci\u00f3 en Per\u00fa y se mud\u00f3 a Miami en 2005. Complet\u00f3 su t\u00edtulo de Asociado en Estudios Paralegales aprobado por la American Bar Association en Miami Dade College en 2013. Delgado se mud\u00f3 a Georgia en 2013 y ha trabajado como asistente legal de inmigraci\u00f3n desde entonces.<\/p>\n<p>En 2020, obtuvo su Licenciatura en Ling\u00fc\u00edstica Aplicada e Ingl\u00e9s como Segundo Idioma (ESL) en la Universidad Estatal de Georgia. Domina el ingl\u00e9s y el espa\u00f1ol, y habla portugu\u00e9s conversacional.<\/p>\n<p>Delgado tiene experiencia en procedimientos de deportaci\u00f3n de personas detenidas y no detenidas, as\u00ed como en solicitudes para el Servicio de Ciudadan\u00eda e Inmigraci\u00f3n de Estados Unidos (USCIS). Le encanta su trabajo y disfruta ayudando a los dem\u00e1s. En el futuro, planea centrar sus esfuerzos en la ense\u00f1anza del ingl\u00e9s a inmigrantes.<\/p>\n<p>A Delgado le encanta pasar tiempo con su familia y sus mascotas. Disfruta de la naturaleza, viajar y leer.<\/p>","protected":false},"excerpt":{"rendered":"<p>Language: English, Spanish, Portuguese Miluska Delgado was born and raised in Peru and moved to Miami in 2005. She completed her Associate\u2019s Degree in Paralegal Studies American Bar Association Approved at Miami Dade College in 2013. Delgado moved to Georgia in 2013 and has worked as an Immigration Paralegal ever since. In 2020, she obtained [&hellip;]<\/p>\n","protected":false},"author":34,"featured_media":7176,"parent":3292,"menu_order":0,"comment_status":"closed","ping_status":"closed","template":"wp-custom-template-bio","meta":{"_acf_changed":false,"_themeisle_gutenberg_block_has_review":false,"footnotes":""},"categories":[4,50,52,51],"tags":[],"class_list":["post-1785","page","type-page","status-publish","has-post-thumbnail","hentry","category-atlanta-location","category-marietta-location","category-sandy-springs-location","category-smyrna-location"],"acf":[],"aioseo_notices":[],"_links":{"self":[{"href":"https:\/\/dglawga.com\/es\/wp-json\/wp\/v2\/pages\/1785","targetHints":{"allow":["GET"]}}],"collection":[{"href":"https:\/\/dglawga.com\/es\/wp-json\/wp\/v2\/pages"}],"about":[{"href":"https:\/\/dglawga.com\/es\/wp-json\/wp\/v2\/types\/page"}],"author":[{"embeddable":true,"href":"https:\/\/dglawga.com\/es\/wp-json\/wp\/v2\/users\/34"}],"replies":[{"embeddable":true,"href":"https:\/\/dglawga.com\/es\/wp-json\/wp\/v2\/comments?post=1785"}],"version-history":[{"count":1,"href":"https:\/\/dglawga.com\/es\/wp-json\/wp\/v2\/pages\/1785\/revisions"}],"predecessor-version":[{"id":6039,"href":"https:\/\/dglawga.com\/es\/wp-json\/wp\/v2\/pages\/1785\/revisions\/6039"}],"up":[{"embeddable":true,"href":"https:\/\/dglawga.com\/es\/wp-json\/wp\/v2\/pages\/3292"}],"wp:featuredmedia":[{"embeddable":true,"href":"https:\/\/dglawga.com\/es\/wp-json\/wp\/v2\/media\/7176"}],"wp:attachment":[{"href":"https:\/\/dglawga.com\/es\/wp-json\/wp\/v2\/media?parent=1785"}],"wp:term":[{"taxonomy":"category","embeddable":true,"href":"https:\/\/dglawga.com\/es\/wp-json\/wp\/v2\/categories?post=1785"},{"taxonomy":"post_tag","embeddable":true,"href":"https:\/\/dglawga.com\/es\/wp-json\/wp\/v2\/tags?post=1785"}],"curies":[{"name":"wp","href":"https:\/\/api.w.org\/{rel}","templated":true}]}}