{"id":1793,"date":"2022-06-06T20:34:21","date_gmt":"2022-06-06T20:34:21","guid":{"rendered":"https:\/\/diazgaetalaw.wpengine.com\/?page_id=1793"},"modified":"2025-06-12T08:12:51","modified_gmt":"2025-06-12T13:12:51","slug":"nancy-cambert","status":"publish","type":"page","link":"https:\/\/dglawga.com\/es\/our-team\/nancy-cambert\/","title":{"rendered":"Nancy A. Cambert"},"content":{"rendered":"<p>Idiomas: Ingl\u00e9s, Espa\u00f1ol<\/p>\n<p>Nancy A. Crambert es int\u00e9rprete de espa\u00f1ol y asistente legal certificada. Se uni\u00f3 a Diaz &amp; Gaeta en 2018. Estudi\u00f3 historia durante su licenciatura y desarrollo organizacional durante su posgrado. Tras graduarse, Crambert regres\u00f3 a la universidad para obtener su certificaci\u00f3n como asistente legal.<\/p>\n<p>Desde que se convirti\u00f3 en int\u00e9rprete y asistente legal certificada, ha trabajado en Haw\u00e1i, California y Georgia. En su trayectoria legal, ha gestionado asuntos relacionados con lesiones personales, derecho de la construcci\u00f3n, derecho contractual, derecho de familia y derecho internacional.<\/p>\n<p>En su tiempo libre, Cambert disfruta participando en las actividades escolares de sus hijos, adem\u00e1s de pasar tiempo con su esposo y sus golden retrievers. Crambert planea volver a presentar el Examen de Admisi\u00f3n a la Facultad de Derecho (LSAT) y, una vez que est\u00e9 lista para jubilarse, planea regresar a su pa\u00eds natal, Costa Rica.<\/p>","protected":false},"excerpt":{"rendered":"<p>Languages: English, Spanish Nancy A Crambert is a Spanish interpreter and certified paralegal who joined Diaz &amp; Gaeta in 2018. As an undergraduate student, she studied history. As a graduate student, she studied organizational development. After graduating, Crambert returned to school to become a certified paralegal. Since becoming an interpreter and certified paralegal, she has [&hellip;]<\/p>\n","protected":false},"author":34,"featured_media":7200,"parent":3292,"menu_order":0,"comment_status":"closed","ping_status":"closed","template":"wp-custom-template-bio","meta":{"_acf_changed":false,"_themeisle_gutenberg_block_has_review":false,"footnotes":""},"categories":[4,52,51],"tags":[],"class_list":["post-1793","page","type-page","status-publish","has-post-thumbnail","hentry","category-atlanta-location","category-sandy-springs-location","category-smyrna-location"],"acf":[],"aioseo_notices":[],"_links":{"self":[{"href":"https:\/\/dglawga.com\/es\/wp-json\/wp\/v2\/pages\/1793","targetHints":{"allow":["GET"]}}],"collection":[{"href":"https:\/\/dglawga.com\/es\/wp-json\/wp\/v2\/pages"}],"about":[{"href":"https:\/\/dglawga.com\/es\/wp-json\/wp\/v2\/types\/page"}],"author":[{"embeddable":true,"href":"https:\/\/dglawga.com\/es\/wp-json\/wp\/v2\/users\/34"}],"replies":[{"embeddable":true,"href":"https:\/\/dglawga.com\/es\/wp-json\/wp\/v2\/comments?post=1793"}],"version-history":[{"count":2,"href":"https:\/\/dglawga.com\/es\/wp-json\/wp\/v2\/pages\/1793\/revisions"}],"predecessor-version":[{"id":6667,"href":"https:\/\/dglawga.com\/es\/wp-json\/wp\/v2\/pages\/1793\/revisions\/6667"}],"up":[{"embeddable":true,"href":"https:\/\/dglawga.com\/es\/wp-json\/wp\/v2\/pages\/3292"}],"wp:featuredmedia":[{"embeddable":true,"href":"https:\/\/dglawga.com\/es\/wp-json\/wp\/v2\/media\/7200"}],"wp:attachment":[{"href":"https:\/\/dglawga.com\/es\/wp-json\/wp\/v2\/media?parent=1793"}],"wp:term":[{"taxonomy":"category","embeddable":true,"href":"https:\/\/dglawga.com\/es\/wp-json\/wp\/v2\/categories?post=1793"},{"taxonomy":"post_tag","embeddable":true,"href":"https:\/\/dglawga.com\/es\/wp-json\/wp\/v2\/tags?post=1793"}],"curies":[{"name":"wp","href":"https:\/\/api.w.org\/{rel}","templated":true}]}}