{"id":1797,"date":"2022-06-06T20:36:44","date_gmt":"2022-06-06T20:36:44","guid":{"rendered":"https:\/\/diazgaetalaw.wpengine.com\/?page_id=1797"},"modified":"2025-06-12T12:01:11","modified_gmt":"2025-06-12T17:01:11","slug":"michael-stepp","status":"publish","type":"page","link":"https:\/\/dglawga.com\/es\/our-team\/michael-stepp\/","title":{"rendered":"Michael Stepp"},"content":{"rendered":"<p>Idiomas: Ingl\u00e9s, Espa\u00f1ol<\/p>\n<p>Michael Stepp naci\u00f3 en la Ciudad de Panam\u00e1, Panam\u00e1, y se mud\u00f3 a Georgia a la temprana edad de cinco a\u00f1os.<\/p>\n<p>Stepp sirvi\u00f3 durante cinco a\u00f1os en la Armada de los Estados Unidos como comandante de aeronaves en un portaaviones. Durante los \u00faltimos seis a\u00f1os, se ha especializado en derecho de lesiones personales.<\/p>\n<p>Tras su servicio, obtuvo su t\u00edtulo de Asociado en Criminolog\u00eda en el Kansas City Kansas Community College. Durante la mayor parte de su carrera, se ha centrado en casos de compensaci\u00f3n laboral. Durante el \u00faltimo a\u00f1o, se ha especializado en derecho de lesiones personales.<\/p>\n<p>Su trabajo en Diaz &amp; Gaeta Law es gratificante por la satisfacci\u00f3n que obtiene al ver en sus clientes cuando el caso est\u00e1 cerrado.<\/p>\n<p>Fuera del trabajo, a Stepp le gusta pasar tiempo con sus perros y amigos. Es muy com\u00fan encontrarlo al aire libre, haciendo senderismo en el lago o la playa, o cocinando al aire libre. Despu\u00e9s de la pandemia, Stepp planea ponerse al d\u00eda con sus viajes.<\/p>\n\n\n<p><\/p>","protected":false},"excerpt":{"rendered":"<p>Languages: English, Spanish Michael Stepp was born in Panama City, Panama, and moved to Georgia at the young age of five. Stepp served five years in the United States Navy directing aircraft on an aircraft carrier. Over the last 6 years, his specialization has been personal injury law. After his service, he obtained his Associate\u2019s [&hellip;]<\/p>\n","protected":false},"author":34,"featured_media":7198,"parent":3292,"menu_order":0,"comment_status":"closed","ping_status":"closed","template":"wp-custom-template-bio","meta":{"_acf_changed":false,"_themeisle_gutenberg_block_has_review":false,"footnotes":""},"categories":[],"tags":[],"class_list":["post-1797","page","type-page","status-publish","has-post-thumbnail","hentry"],"acf":[],"aioseo_notices":[],"_links":{"self":[{"href":"https:\/\/dglawga.com\/es\/wp-json\/wp\/v2\/pages\/1797","targetHints":{"allow":["GET"]}}],"collection":[{"href":"https:\/\/dglawga.com\/es\/wp-json\/wp\/v2\/pages"}],"about":[{"href":"https:\/\/dglawga.com\/es\/wp-json\/wp\/v2\/types\/page"}],"author":[{"embeddable":true,"href":"https:\/\/dglawga.com\/es\/wp-json\/wp\/v2\/users\/34"}],"replies":[{"embeddable":true,"href":"https:\/\/dglawga.com\/es\/wp-json\/wp\/v2\/comments?post=1797"}],"version-history":[{"count":2,"href":"https:\/\/dglawga.com\/es\/wp-json\/wp\/v2\/pages\/1797\/revisions"}],"predecessor-version":[{"id":7473,"href":"https:\/\/dglawga.com\/es\/wp-json\/wp\/v2\/pages\/1797\/revisions\/7473"}],"up":[{"embeddable":true,"href":"https:\/\/dglawga.com\/es\/wp-json\/wp\/v2\/pages\/3292"}],"wp:featuredmedia":[{"embeddable":true,"href":"https:\/\/dglawga.com\/es\/wp-json\/wp\/v2\/media\/7198"}],"wp:attachment":[{"href":"https:\/\/dglawga.com\/es\/wp-json\/wp\/v2\/media?parent=1797"}],"wp:term":[{"taxonomy":"category","embeddable":true,"href":"https:\/\/dglawga.com\/es\/wp-json\/wp\/v2\/categories?post=1797"},{"taxonomy":"post_tag","embeddable":true,"href":"https:\/\/dglawga.com\/es\/wp-json\/wp\/v2\/tags?post=1797"}],"curies":[{"name":"wp","href":"https:\/\/api.w.org\/{rel}","templated":true}]}}