{"id":1801,"date":"2022-06-06T20:38:32","date_gmt":"2022-06-06T20:38:32","guid":{"rendered":"https:\/\/diazgaetalaw.wpengine.com\/?page_id=1801"},"modified":"2024-03-18T00:09:35","modified_gmt":"2024-03-18T05:09:35","slug":"kajsa-garcia","status":"publish","type":"page","link":"https:\/\/dglawga.com\/es\/our-team\/kajsa-garcia\/","title":{"rendered":"Kajsa Garc\u00eda"},"content":{"rendered":"<p>Idiomas: Ingl\u00e9s, Espa\u00f1ol<\/p>\n<p>De familia cubana, Kajsa Garc\u00eda naci\u00f3 en Estocolmo, Suecia. Ahora lleva con orgullo las culturas sueca y cubana.<\/p>\n<p>Garc\u00eda es actualmente estudiante en la Universidad Estatal de Georgia y est\u00e1 cursando una licenciatura en Ciencias Pol\u00edticas y una especializaci\u00f3n en espa\u00f1ol.<\/p>\n<p>Garc\u00eda ha trabajado desde los 14 a\u00f1os. Primero en una tienda de comestibles y luego, durante siete a\u00f1os, como camarera. Estas experiencias han forjado una gran \u00e9tica laboral que forma parte de sus valores. Reconoce su tiempo en Diaz &amp; Gaeta Law como uno de los trabajos m\u00e1s gratificantes y enriquecedores de su carrera. Est\u00e1 aprendiendo de forma pr\u00e1ctica, rodeada de un gran equipo de intelectuales.<\/p>\n<p>Cuando no est\u00e1 estudiando o trabajando, a Garc\u00eda le gusta pasar su tiempo cocinando y con sus seres queridos, especialmente viajando.<\/p>\n<p>Despu\u00e9s de graduarse con su licenciatura, Garc\u00eda potencialmente seguir\u00e1 una carrera en derecho.<\/p>","protected":false},"excerpt":{"rendered":"<p>Languages: English, Spanish From a Cuban family, Kajsa Garcia was born in Stockholm, Sweden. She now carries proudly both, Swedish and Cuban cultures. Garcia is currently a student at Georgia State University pursuing a degree in Political Science and a minor in Spanish. Since the age of 14, Garcia has been working. First at a [&hellip;]<\/p>\n","protected":false},"author":34,"featured_media":0,"parent":3292,"menu_order":0,"comment_status":"closed","ping_status":"closed","template":"","meta":{"_acf_changed":false,"_themeisle_gutenberg_block_has_review":false,"footnotes":""},"categories":[],"tags":[],"class_list":["post-1801","page","type-page","status-publish","hentry"],"acf":[],"aioseo_notices":[],"_links":{"self":[{"href":"https:\/\/dglawga.com\/es\/wp-json\/wp\/v2\/pages\/1801","targetHints":{"allow":["GET"]}}],"collection":[{"href":"https:\/\/dglawga.com\/es\/wp-json\/wp\/v2\/pages"}],"about":[{"href":"https:\/\/dglawga.com\/es\/wp-json\/wp\/v2\/types\/page"}],"author":[{"embeddable":true,"href":"https:\/\/dglawga.com\/es\/wp-json\/wp\/v2\/users\/34"}],"replies":[{"embeddable":true,"href":"https:\/\/dglawga.com\/es\/wp-json\/wp\/v2\/comments?post=1801"}],"version-history":[{"count":1,"href":"https:\/\/dglawga.com\/es\/wp-json\/wp\/v2\/pages\/1801\/revisions"}],"predecessor-version":[{"id":6034,"href":"https:\/\/dglawga.com\/es\/wp-json\/wp\/v2\/pages\/1801\/revisions\/6034"}],"up":[{"embeddable":true,"href":"https:\/\/dglawga.com\/es\/wp-json\/wp\/v2\/pages\/3292"}],"wp:attachment":[{"href":"https:\/\/dglawga.com\/es\/wp-json\/wp\/v2\/media?parent=1801"}],"wp:term":[{"taxonomy":"category","embeddable":true,"href":"https:\/\/dglawga.com\/es\/wp-json\/wp\/v2\/categories?post=1801"},{"taxonomy":"post_tag","embeddable":true,"href":"https:\/\/dglawga.com\/es\/wp-json\/wp\/v2\/tags?post=1801"}],"curies":[{"name":"wp","href":"https:\/\/api.w.org\/{rel}","templated":true}]}}