{"id":1805,"date":"2022-06-06T20:40:52","date_gmt":"2022-06-06T20:40:52","guid":{"rendered":"https:\/\/diazgaetalaw.wpengine.com\/?page_id=1805"},"modified":"2025-06-11T23:51:37","modified_gmt":"2025-06-12T04:51:37","slug":"marcela-castro-gomez","status":"publish","type":"page","link":"https:\/\/dglawga.com\/es\/our-team\/marcela-castro-gomez\/","title":{"rendered":"Marcela Castro G\u00f3mez"},"content":{"rendered":"<p>Idiomas: Ingl\u00e9s, Espa\u00f1ol<\/p>\n<p>Nacida y criada en El Salvador, Marcela Castro se mud\u00f3 a Georgia en 2014.<\/p>\n<p>Durante varios a\u00f1os, Castro ha trabajado en despachos legales, ayudando a la comunidad en sus procesos migratorios. Cuenta con amplia experiencia en solicitudes ante el Servicio de Ciudadan\u00eda e Inmigraci\u00f3n de Estados Unidos (USCIS), incluyendo la tramitaci\u00f3n de Documentos de Autorizaci\u00f3n de Empleo.<\/p>\n<p>La mayor alegr\u00eda de su trabajo es poder ayudar a la comunidad y a sus familias a alcanzar sus sue\u00f1os.<\/p>\n<p>Castro se uni\u00f3 a Diaz &amp; Gaeta Law en noviembre de 2020 y su objetivo es continuar aprendiendo y desarroll\u00e1ndose en el campo del derecho de inmigraci\u00f3n.<\/p>","protected":false},"excerpt":{"rendered":"<p>Languages: English, Spanish Born and raised in El Salvador, Marcela Castro moved to Georgia in 2014. For several years, Castro has worked in legal offices helping the community during their immigration processes. She has extensive experience with U.S. Citizenship and Immigration Services applications, including Employment Authorization Documents. The greatest joy in her work is the [&hellip;]<\/p>\n","protected":false},"author":34,"featured_media":7188,"parent":3292,"menu_order":0,"comment_status":"closed","ping_status":"closed","template":"wp-custom-template-bio","meta":{"_acf_changed":false,"_themeisle_gutenberg_block_has_review":false,"footnotes":""},"categories":[4,50,52,51],"tags":[],"class_list":["post-1805","page","type-page","status-publish","has-post-thumbnail","hentry","category-atlanta-location","category-marietta-location","category-sandy-springs-location","category-smyrna-location"],"acf":[],"aioseo_notices":[],"_links":{"self":[{"href":"https:\/\/dglawga.com\/es\/wp-json\/wp\/v2\/pages\/1805","targetHints":{"allow":["GET"]}}],"collection":[{"href":"https:\/\/dglawga.com\/es\/wp-json\/wp\/v2\/pages"}],"about":[{"href":"https:\/\/dglawga.com\/es\/wp-json\/wp\/v2\/types\/page"}],"author":[{"embeddable":true,"href":"https:\/\/dglawga.com\/es\/wp-json\/wp\/v2\/users\/34"}],"replies":[{"embeddable":true,"href":"https:\/\/dglawga.com\/es\/wp-json\/wp\/v2\/comments?post=1805"}],"version-history":[{"count":1,"href":"https:\/\/dglawga.com\/es\/wp-json\/wp\/v2\/pages\/1805\/revisions"}],"predecessor-version":[{"id":6035,"href":"https:\/\/dglawga.com\/es\/wp-json\/wp\/v2\/pages\/1805\/revisions\/6035"}],"up":[{"embeddable":true,"href":"https:\/\/dglawga.com\/es\/wp-json\/wp\/v2\/pages\/3292"}],"wp:featuredmedia":[{"embeddable":true,"href":"https:\/\/dglawga.com\/es\/wp-json\/wp\/v2\/media\/7188"}],"wp:attachment":[{"href":"https:\/\/dglawga.com\/es\/wp-json\/wp\/v2\/media?parent=1805"}],"wp:term":[{"taxonomy":"category","embeddable":true,"href":"https:\/\/dglawga.com\/es\/wp-json\/wp\/v2\/categories?post=1805"},{"taxonomy":"post_tag","embeddable":true,"href":"https:\/\/dglawga.com\/es\/wp-json\/wp\/v2\/tags?post=1805"}],"curies":[{"name":"wp","href":"https:\/\/api.w.org\/{rel}","templated":true}]}}