{"id":1817,"date":"2022-06-06T20:49:33","date_gmt":"2022-06-06T20:49:33","guid":{"rendered":"https:\/\/diazgaetalaw.wpengine.com\/?page_id=1817"},"modified":"2025-06-11T23:32:21","modified_gmt":"2025-06-12T04:32:21","slug":"maria-alejandra-gonzalez","status":"publish","type":"page","link":"https:\/\/dglawga.com\/es\/our-team\/maria-alejandra-gonzalez\/","title":{"rendered":"Mar\u00eda Alejandra Gonz\u00e1lez"},"content":{"rendered":"<p>Nacida en Los \u00c1ngeles, California, Gonz\u00e1lez abandon\u00f3 Estados Unidos a los dos a\u00f1os. Creci\u00f3 en Jalisco, M\u00e9xico, y vivi\u00f3 all\u00ed durante 20 a\u00f1os. Fue hasta 2020 que Atlanta se convirti\u00f3 en su hogar.<\/p>\n<p>Gonz\u00e1lez siente una conexi\u00f3n muy especial con el trabajo que realizamos en Diaz and Gaeta Law porque ve a sus padres reflejados en nuestros clientes. Desear\u00eda que sus padres hubieran recibido la ayuda que ofrecemos cuando lidiaban con el sistema migratorio de este pa\u00eds. Entiende lo dif\u00edcil que puede ser llegar a un nuevo pa\u00eds, la dificultad con un nuevo idioma y el miedo de estar lejos de casa solo para intentar mejorar su vida. Hoy, se enorgullece de formar parte de un equipo que ayuda a personas en las mismas circunstancias.<\/p>","protected":false},"excerpt":{"rendered":"<p>Born in Los Angeles, CA, Gonzalez left the United States at the age of two. She was raised in Jalisco, Mexico, and lived there for 20 years. It was until 2020 that Atlanta became her home. Gonzalez finds a very special connection with the work we do at Diaz and Gaeta Law because she sees [&hellip;]<\/p>\n","protected":false},"author":34,"featured_media":7180,"parent":3292,"menu_order":0,"comment_status":"closed","ping_status":"closed","template":"wp-custom-template-bio","meta":{"_acf_changed":false,"_themeisle_gutenberg_block_has_review":false,"footnotes":""},"categories":[4,50,52,51],"tags":[],"class_list":["post-1817","page","type-page","status-publish","has-post-thumbnail","hentry","category-atlanta-location","category-marietta-location","category-sandy-springs-location","category-smyrna-location"],"acf":[],"aioseo_notices":[],"_links":{"self":[{"href":"https:\/\/dglawga.com\/es\/wp-json\/wp\/v2\/pages\/1817","targetHints":{"allow":["GET"]}}],"collection":[{"href":"https:\/\/dglawga.com\/es\/wp-json\/wp\/v2\/pages"}],"about":[{"href":"https:\/\/dglawga.com\/es\/wp-json\/wp\/v2\/types\/page"}],"author":[{"embeddable":true,"href":"https:\/\/dglawga.com\/es\/wp-json\/wp\/v2\/users\/34"}],"replies":[{"embeddable":true,"href":"https:\/\/dglawga.com\/es\/wp-json\/wp\/v2\/comments?post=1817"}],"version-history":[{"count":1,"href":"https:\/\/dglawga.com\/es\/wp-json\/wp\/v2\/pages\/1817\/revisions"}],"predecessor-version":[{"id":6036,"href":"https:\/\/dglawga.com\/es\/wp-json\/wp\/v2\/pages\/1817\/revisions\/6036"}],"up":[{"embeddable":true,"href":"https:\/\/dglawga.com\/es\/wp-json\/wp\/v2\/pages\/3292"}],"wp:featuredmedia":[{"embeddable":true,"href":"https:\/\/dglawga.com\/es\/wp-json\/wp\/v2\/media\/7180"}],"wp:attachment":[{"href":"https:\/\/dglawga.com\/es\/wp-json\/wp\/v2\/media?parent=1817"}],"wp:term":[{"taxonomy":"category","embeddable":true,"href":"https:\/\/dglawga.com\/es\/wp-json\/wp\/v2\/categories?post=1817"},{"taxonomy":"post_tag","embeddable":true,"href":"https:\/\/dglawga.com\/es\/wp-json\/wp\/v2\/tags?post=1817"}],"curies":[{"name":"wp","href":"https:\/\/api.w.org\/{rel}","templated":true}]}}