{"id":1861,"date":"2022-06-07T14:57:07","date_gmt":"2022-06-07T14:57:07","guid":{"rendered":"https:\/\/diazgaetalaw.wpengine.com\/?page_id=1861"},"modified":"2025-06-13T20:27:26","modified_gmt":"2025-06-14T01:27:26","slug":"conduccion-distraida","status":"publish","type":"page","link":"https:\/\/dglawga.com\/es\/areas-we-serve\/marietta\/car-accident-lawyer\/distracted-driving\/","title":{"rendered":"Abogado de conducci\u00f3n distra\u00edda en Marietta"},"content":{"rendered":"<p>Los conductores que no prestan atenci\u00f3n a la carretera representan un peligro para todos los usuarios y, a menudo, causan accidentes. De hecho, la conducci\u00f3n distra\u00edda es una de las principales causas de... <strong><a href=\"https:\/\/dglawga.com\/es\/marietta\/abogado-de-accidentes-de-coche\/\">Accidentes automovil\u00edsticos en Marietta, GA<\/a>.<\/strong> Ya sea que el conductor responsable de su accidente estuviera hablando por tel\u00e9fono o distra\u00eddo, debe tomar las medidas adecuadas para proteger sus derechos. Contacte de inmediato con un abogado especializado en conducci\u00f3n distra\u00edda en Marietta.<\/p>\n\n\n\n<p>Si ha resultado lesionado en un accidente automovil\u00edstico causado por un conductor distra\u00eddo en Marietta, GA, D\u00edaz &amp; Gaeta se asegurar\u00e1 de que sus derechos est\u00e9n protegidos al ayudarlo a preparar y presentar un caso s\u00f3lido y convincente que demuestre la negligencia y responsabilidad del otro conductor por sus lesiones y p\u00e9rdidas.<\/p>\n\n\n\n<p>Ll\u00e1manos hoy al \u00a0<a href=\"tel:+16785032780\"><strong>678-503-2780<\/strong><\/a> para programar una consulta gratuita y sin compromiso.<\/p>\n\n\n\n<div class=\"wp-block-group has-accent-background-color has-background is-vertical is-layout-flex wp-container-core-group-is-layout-283d9697 wp-block-group-is-layout-flex\" style=\"border-top-left-radius:15px;border-top-right-radius:15px;margin-top:var(--wp--preset--spacing--30)\">\n<h2 class=\"wp-block-heading has-primary-color has-text-color has-link-color wp-elements-4164a61e17ffbe9e8a7446952ec87a5a\" id=\"aioseo-table-of-contents\">TABLA DE CONTENIDO<\/h2>\n<\/div>\n\n\n\n<div class=\"wp-block-group has-background is-vertical is-layout-flex wp-container-core-group-is-layout-d644fc7a wp-block-group-is-layout-flex\" style=\"border-bottom-left-radius:15px;border-bottom-right-radius:15px;background-color:#f3f3f3;margin-top:0\"><div class=\"wp-block-aioseo-table-of-contents\"><ul><li><a class=\"aioseo-toc-item\" href=\"#https:\/\/dglawga.com\/\">EN<\/a><\/li><li><a class=\"aioseo-toc-item\" href=\"#aioseo-what-is-distracted-driving\">\u00bfQu\u00e9 es conducir distra\u00eddo?<\/a><\/li><li><a class=\"aioseo-toc-item\" href=\"#aioseo-types-of-distracted-driving\">Tipos de conducci\u00f3n distra\u00edda<\/a><ul><li><a class=\"aioseo-toc-item\" href=\"#aioseo-visual\">Visual<\/a><\/li><li><a class=\"aioseo-toc-item\" href=\"#aioseo-manual\">Manual<\/a><\/li><li><a class=\"aioseo-toc-item\" href=\"#aioseo-cognitive\">Cognitivo<\/a><\/li><\/ul><\/li><li><a class=\"aioseo-toc-item\" href=\"#aioseo-laws-regarding-distracted-driving-in-georgia\">Leyes sobre la conducci\u00f3n distra\u00edda en Georgia<\/a><\/li><li><a class=\"aioseo-toc-item\" href=\"#aioseo-what-is-considered-distracted-driving-in-georgia\">\u00bfQu\u00e9 se considera conducir distra\u00eddo en Georgia?<\/a><\/li><li><a class=\"aioseo-toc-item\" href=\"#aioseo-what-damages-can-victims-get-from-a-georgia-distracted-driving-accident-claim\">\u00bfQu\u00e9 da\u00f1os pueden obtener las v\u00edctimas de un reclamo por accidente por conducci\u00f3n distra\u00edda en Georgia?<\/a><ul><li><a class=\"aioseo-toc-item\" href=\"#aioseo-economic-damages\">Da\u00f1os econ\u00f3micos<\/a><\/li><li><a class=\"aioseo-toc-item\" href=\"#aioseo-non-economic-damages\">Da\u00f1os no econ\u00f3micos<\/a><\/li><li><a class=\"aioseo-toc-item\" href=\"#aioseo-punitive-damages\">Da\u00f1os punitivos<\/a><\/li><\/ul><\/li><li><a class=\"aioseo-toc-item\" href=\"#aioseo-how-much-time-do-i-have-to-file-a-compensation-claim-in-georgia\">\u00bfCu\u00e1nto tiempo tengo para presentar una reclamaci\u00f3n de indemnizaci\u00f3n en Georgia?<\/a><\/li><li><a class=\"aioseo-toc-item\" href=\"#aioseo-why-do-i-need-a-marietta-distracted-driving-lawyer\">\u00bfPor qu\u00e9 necesito un abogado especializado en conducci\u00f3n distra\u00edda en Marietta?<\/a><\/li><li><a class=\"aioseo-toc-item\" href=\"#aioseo-injured-in-a-distracted-driving-accident-in-marietta-ga-we-can-help\">\u00bfLesionado en un accidente por conducir distra\u00eddo en Marietta, GA? \u00a1Podemos ayudarle!<\/a><\/li><\/ul><\/div><\/div>\n\n\n\n<h2 class=\"wp-block-heading has-primary-color has-text-color has-link-color wp-elements-0a3d7f468a71e0feb959ac6f2506443f\" id=\"aioseo-what-is-distracted-driving\" style=\"padding-top:var(--wp--preset--spacing--20)\">\u00bfQu\u00e9 es conducir distra\u00eddo?<\/h2>\n\n\n\n<p>La conducci\u00f3n distra\u00edda se define como cualquier actividad que distraiga al conductor de la operaci\u00f3n de su veh\u00edculo. Es un grave riesgo para la seguridad que puede evitar si mantiene siempre la atenci\u00f3n en la carretera, los peatones, otros veh\u00edculos y los controles de su propio veh\u00edculo. Es su responsabilidad legal evitar distracciones al conducir.<\/p>\n\n\n\n<h2 class=\"wp-block-heading has-primary-color has-text-color has-link-color wp-elements-124328488d2c869961938adb299f227f\" id=\"aioseo-types-of-distracted-driving\" style=\"padding-top:var(--wp--preset--spacing--20)\">Tipos de conducci\u00f3n distra\u00edda<\/h2>\n\n\n\n<p><a href=\"https:\/\/www.cdc.gov\/transportationsafety\/distracted_driving\/index.html\" target=\"_blank\" rel=\"noopener nofollow\"><strong>Conducci\u00f3n distra\u00edda<\/strong><\/a> Se presenta en tres tipos principales (visual, manual y cognitivo), que pueden representar una amenaza importante para la seguridad de los conductores y dem\u00e1s usuarios de la v\u00eda. A continuaci\u00f3n, se presenta una descripci\u00f3n m\u00e1s detallada de estos tipos principales de conducci\u00f3n distra\u00edda:<\/p>\n\n\n\n<h4 class=\"wp-block-heading has-base-color has-text-color has-link-color wp-elements-eb6bc684f94cf2c3e24b384659f2ad99\" id=\"aioseo-visual\" style=\"padding-top:var(--wp--preset--spacing--10);font-style:normal;font-weight:600\">Visual<\/h4>\n\n\n\n<p>Las distracciones visuales son aquellas que te hacen apartar la vista de la carretera. Por ejemplo, revisar el sistema de navegaci\u00f3n o el GPS, ver qu\u00e9 canci\u00f3n suena en la radio, buscar los controles de temperatura o de los espejos, o buscar objetos perdidos en el suelo del veh\u00edculo.<\/p>\n\n\n\n<h4 class=\"wp-block-heading has-base-color has-text-color has-link-color wp-elements-7a8a90a801eef5a97965faefa956d8a9\" id=\"aioseo-manual\" style=\"padding-top:var(--wp--preset--spacing--10);font-style:normal;font-weight:600\">Manual<\/h4>\n\n\n\n<p>Las distracciones manuales, tambi\u00e9n conocidas como distracciones f\u00edsicas, son aquellas que le hacen soltar el volante, como revisar el tel\u00e9fono, fumar, ajustar la radio, comer, beber o configurar un destino en el sistema de navegaci\u00f3n del veh\u00edculo. Es necesario mantener siempre las manos en el volante para conducir con seguridad.<\/p>\n\n\n\n<h4 class=\"wp-block-heading has-base-color has-text-color has-link-color wp-elements-8208130a52503b8eab2ddf4f24be5fc1\" id=\"aioseo-cognitive\" style=\"padding-top:var(--wp--preset--spacing--10);font-style:normal;font-weight:600\">Cognitivo<\/h4>\n\n\n\n<p>Las distracciones cognitivas son aquellas que te distraen y te distraen al conducir. Esto puede ser desde hablar con otros pasajeros hasta conducir bajo los efectos de drogas o alcohol, o incluso la ira al volante. El estr\u00e9s y la fatiga tambi\u00e9n influyen.<\/p>\n\n\n\n<h2 class=\"wp-block-heading has-primary-color has-text-color has-link-color wp-elements-a0bf24c8d8b4b076731ee16fe7390c49\" id=\"aioseo-laws-regarding-distracted-driving-in-georgia\" style=\"padding-top:var(--wp--preset--spacing--20)\">Leyes sobre la conducci\u00f3n distra\u00edda en Georgia<\/h2>\n\n\n\n<p>Georgia ha declarado ilegal conducir distra\u00eddo con la <a href=\"https:\/\/www.gahighwaysafety.org\/highway-safety\/hands-free-law\/\" target=\"_blank\" rel=\"noopener\">Ley de manos libres<\/a> que entr\u00f3 en vigor en julio de 2018. Seg\u00fan la ley, conducir distra\u00eddo se define como cualquier actividad mientras conduce que lo distraiga de operar su veh\u00edculo de manera segura.<\/p>\n\n\n\n<h2 class=\"wp-block-heading has-primary-color has-text-color has-link-color wp-elements-707d6c666124df9abb215d658f2c116d\" id=\"aioseo-what-is-considered-distracted-driving-in-georgia\" style=\"padding-top:var(--wp--preset--spacing--20)\">\u00bfQu\u00e9 se considera conducir distra\u00eddo en Georgia?<\/h2>\n\n\n\n<p>La conducci\u00f3n distra\u00edda, seg\u00fan se define en la ley de Georgia, incluye, entre otros, uno o m\u00e1s de los siguientes:<\/p>\n\n\n\n<ul class=\"wp-block-list\">\n<li>Hablar con otras personas en el veh\u00edculo<\/li>\n\n\n\n<li>Enviar mensajes de texto mientras se conduce<\/li>\n\n\n\n<li>Viendo un video<\/li>\n\n\n\n<li>Leyendo mapas<\/li>\n\n\n\n<li>Jugando con los ni\u00f1os en el asiento trasero<\/li>\n\n\n\n<li>Aplicar maquillaje o mirarse al espejo<\/li>\n\n\n\n<li>Ajuste de la radio o del dispositivo para escuchar m\u00fasica<\/li>\n\n\n\n<li>Comer o beber mientras se conduce<\/li>\n\n\n\n<li>Hablar por tel\u00e9fono m\u00f3vil mientras se conduce.<\/li>\n<\/ul>\n\n\n\n<p>Cualquiera de las actividades mencionadas impide que un conductor preste plena atenci\u00f3n a la carretera al volante. Es evidente, a partir de esta lista, que la legislaci\u00f3n de Georgia sobre conducci\u00f3n distra\u00edda es amplia y abarca cualquier actividad que distraiga la atenci\u00f3n del conductor.<\/p>\n\n\n\n<figure class=\"wp-block-image aligncenter has-custom-border\"><a href=\"https:\/\/dglawga.com\/wp-content\/uploads\/2022\/06\/Marietta-distracted-driving-lawyer-diaz.jpg\"><img loading=\"lazy\" decoding=\"async\" width=\"500\" height=\"335\" src=\"https:\/\/dglawga.com\/wp-content\/uploads\/2022\/06\/Marietta-distracted-driving-lawyer-diaz.jpg\" alt=\"Concepto de abogado de Marietta por conducci\u00f3n distra\u00edda, autos de juguete y demanda\" class=\"wp-image-2073\" style=\"border-radius:15px\" srcset=\"https:\/\/dglawga.com\/wp-content\/uploads\/2022\/06\/Marietta-distracted-driving-lawyer-diaz.jpg 500w, https:\/\/dglawga.com\/wp-content\/uploads\/2022\/06\/Marietta-distracted-driving-lawyer-diaz-300x201.jpg 300w\" sizes=\"auto, (max-width: 500px) 100vw, 500px\" \/><\/a><\/figure>\n\n\n\n<h2 class=\"wp-block-heading has-primary-color has-text-color has-link-color wp-elements-9ec4bc6f94b911b1f5b8c8f7df84568f\" id=\"aioseo-what-damages-can-victims-get-from-a-georgia-distracted-driving-accident-claim\" style=\"padding-top:var(--wp--preset--spacing--20)\">\u00bfQu\u00e9 da\u00f1os pueden obtener las v\u00edctimas de un reclamo por accidente por conducci\u00f3n distra\u00edda en Georgia?<\/h2>\n\n\n\n<p>Las v\u00edctimas de accidentes por conducci\u00f3n distra\u00edda en Marietta, GA, pueden reclamar tres tipos de da\u00f1os con la ayuda de nuestros abogados expertos en Diaz &amp; Gaeta. Estos incluyen da\u00f1os econ\u00f3micos, no econ\u00f3micos y punitivos:<\/p>\n\n\n\n<h4 class=\"wp-block-heading has-base-color has-text-color has-link-color wp-elements-273f6ed29b8cbd0759418967d489ef06\" id=\"aioseo-economic-damages\" style=\"padding-top:var(--wp--preset--spacing--10);font-style:normal;font-weight:600\">Da\u00f1os econ\u00f3micos<\/h4>\n\n\n\n<p>Los da\u00f1os econ\u00f3micos son la compensaci\u00f3n que se otorga por las p\u00e9rdidas financieras sufridas por la parte lesionada en un accidente por conducci\u00f3n distra\u00edda. Incluyen, entre otros, la p\u00e9rdida de salarios y da\u00f1os a la propiedad, as\u00ed como facturas de hospital y otros gastos m\u00e9dicos.<\/p>\n\n\n\n<h4 class=\"wp-block-heading has-base-color has-text-color has-link-color wp-elements-1b940530a038bf3e14b1b2c267a41040\" id=\"aioseo-non-economic-damages\" style=\"padding-top:var(--wp--preset--spacing--10);font-style:normal;font-weight:600\">Da\u00f1os no econ\u00f3micos<\/h4>\n\n\n\n<p>Estos da\u00f1os son la compensaci\u00f3n otorgada por el dolor y sufrimiento f\u00edsico y emocional de una persona lesionada en un accidente por conducci\u00f3n distra\u00edda. Incluyen, entre otros, dolor y sufrimiento, discapacidad, desfiguraci\u00f3n, homicidio culposo, etc.<\/p>\n\n\n\n<h4 class=\"wp-block-heading has-base-color has-text-color has-link-color wp-elements-f9cd5fbb19ed66d5212a64d45478516f\" id=\"aioseo-punitive-damages\" style=\"padding-top:var(--wp--preset--spacing--10);font-style:normal;font-weight:600\">Da\u00f1os punitivos<\/h4>\n\n\n\n<p><strong><a href=\"http:\/\/ga.elaws.us\/law\/section51-12-5.1\" target=\"_blank\" rel=\"noopener nofollow\">Da\u00f1os punitivos<\/a><\/strong> Se suelen conceder en casos excepcionales en los que las acciones del acusado fueron tan imprudentes que demostraron un desprecio flagrante por la vida humana. Su objetivo es castigar al acusado y servir de ejemplo para disuadir a otros de incurrir en conductas similares.<\/p>\n\n\n\n<h2 class=\"wp-block-heading has-primary-color has-text-color has-link-color wp-elements-5ec6237f0ebad80eb18736b35711dc3b\" id=\"aioseo-how-much-time-do-i-have-to-file-a-compensation-claim-in-georgia\" style=\"padding-top:var(--wp--preset--spacing--20)\">\u00bfCu\u00e1nto tiempo tengo para presentar una reclamaci\u00f3n de indemnizaci\u00f3n en Georgia?<\/h2>\n\n\n\n<p>El plazo de prescripci\u00f3n para accidentes automovil\u00edsticos en Georgia, incluyendo aquellos relacionados con la conducci\u00f3n distra\u00edda, es de 2 a\u00f1os. Esto significa que tiene un plazo de 2 a\u00f1os a partir de la fecha del accidente para presentar una reclamaci\u00f3n contra la parte culpable o su aseguradora.<\/p>\n\n\n\n<h2 class=\"wp-block-heading has-primary-color has-text-color has-link-color wp-elements-0e8c5476c2a54de6143c85955f0a7f72\" id=\"aioseo-why-do-i-need-a-marietta-distracted-driving-lawyer\" style=\"padding-top:var(--wp--preset--spacing--20)\">\u00bfPor qu\u00e9 necesito un abogado especializado en conducci\u00f3n distra\u00edda en Marietta?<\/h2>\n\n\n\n<p>Conducir distra\u00eddo suele provocar accidentes que cambian la vida y lesiones dolorosas. No intente gestionar su reclamaci\u00f3n solo. En Diaz &amp; Gaeta en Marietta, GA, puede confiar en nosotros para gestionar el aspecto legal. Si nos contrata, puede esperar un abogado especializado en accidentes de auto que:<\/p>\n\n\n\n<ul class=\"wp-block-list\">\n<li>Iniciar una investigaci\u00f3n para determinar qu\u00e9 caus\u00f3 el accidente.<\/li>\n\n\n\n<li>Analizar evidencia como informes de accidentes, declaraciones de testigos, registros de tel\u00e9fonos celulares, etc.<\/li>\n\n\n\n<li>Defi\u00e9ndete si la compa\u00f1\u00eda de seguros intenta culparte por el accidente.<\/li>\n\n\n\n<li>Trabaje con expertos y especialistas para determinar cu\u00e1nto vale su reclamo o caso.<\/li>\n\n\n\n<li>Negocie con la compa\u00f1\u00eda de seguros para asegurarse de recibir la m\u00e1xima compensaci\u00f3n.<\/li>\n\n\n\n<li>Representarlo ante el tribunal si las negociaciones del acuerdo fracasan.<\/li>\n<\/ul>\n\n\n\n<h2 class=\"wp-block-heading has-primary-color has-text-color has-link-color wp-elements-31ce221d572158cbdf8abfca096e1566\" id=\"aioseo-injured-in-a-distracted-driving-accident-in-marietta-ga-we-can-help\" style=\"padding-top:var(--wp--preset--spacing--20)\">\u00bfLesionado en un accidente por conducir distra\u00eddo en Marietta, GA? \u00a1Podemos ayudarle!<\/h2>\n\n\n\n<p>Conducir distra\u00eddo no solo es irresponsable y peligroso, sino que tambi\u00e9n representa un grave peligro para todos los usuarios de la v\u00eda. <strong><a href=\"\/es\/\">D\u00edaz y Gaeta<\/a> <\/strong>En Marietta, GA, estamos comprometidos a responsabilizar a los conductores distra\u00eddos por sus acciones.<\/p>\n\n\n\n<p>Ya sea que haya resultado herido o haya sufrido da\u00f1os a la propiedad despu\u00e9s de un accidente por conducci\u00f3n distra\u00edda, nuestro <strong><a href=\"https:\/\/dglawga.com\/es\/marietta\/abogado-de-lesiones-personales\/\">abogados de lesiones personales<\/a> <\/strong>Trabajaremos diligentemente para brindarle la representaci\u00f3n que usted merece.<\/p>\n\n\n\n<p>Ll\u00e1manos hoy al\u00a0<a href=\"tel:+16785032780\"><strong>678-503-2780<\/strong><\/a> para programar una consulta gratuita y sin compromiso y una evaluaci\u00f3n de caso con un abogado especializado en conducci\u00f3n distra\u00edda en Marietta.<\/p>","protected":false},"excerpt":{"rendered":"<p>Drivers that fail to pay attention to the road pose a danger to all road users and often cause accidents. In fact, distracted driving is one of the leading causes of auto accidents in Marietta, GA. Whether the driver responsible for your accident was on the phone or distracted by something else, you need to [&hellip;]<\/p>\n","protected":false},"author":34,"featured_media":0,"parent":1857,"menu_order":0,"comment_status":"closed","ping_status":"closed","template":"wp-custom-template-marietta-services","meta":{"_acf_changed":false,"_themeisle_gutenberg_block_has_review":false,"footnotes":""},"categories":[50],"tags":[124,123,120,21,122,59,126,58,121,125,119,26,118,116,117],"class_list":["post-1861","page","type-page","status-publish","hentry","category-marietta-location","tag-abogado-coche-acidente","tag-abogado-gratis","tag-attorney-lawyer","tag-car-accidents","tag-car-accidents-lawyer","tag-family-law","tag-imigracion-abogados","tag-immigration","tag-immigration-lawyer","tag-marietta-abogado","tag-marietta-lawyer","tag-personal-injury","tag-top-lawyer-in-marietta","tag-top-lawyers-in-atlanta","tag-top-lawyers-in-smyrna"],"acf":[],"aioseo_notices":[],"_links":{"self":[{"href":"https:\/\/dglawga.com\/es\/wp-json\/wp\/v2\/pages\/1861","targetHints":{"allow":["GET"]}}],"collection":[{"href":"https:\/\/dglawga.com\/es\/wp-json\/wp\/v2\/pages"}],"about":[{"href":"https:\/\/dglawga.com\/es\/wp-json\/wp\/v2\/types\/page"}],"author":[{"embeddable":true,"href":"https:\/\/dglawga.com\/es\/wp-json\/wp\/v2\/users\/34"}],"replies":[{"embeddable":true,"href":"https:\/\/dglawga.com\/es\/wp-json\/wp\/v2\/comments?post=1861"}],"version-history":[{"count":3,"href":"https:\/\/dglawga.com\/es\/wp-json\/wp\/v2\/pages\/1861\/revisions"}],"predecessor-version":[{"id":7541,"href":"https:\/\/dglawga.com\/es\/wp-json\/wp\/v2\/pages\/1861\/revisions\/7541"}],"up":[{"embeddable":true,"href":"https:\/\/dglawga.com\/es\/wp-json\/wp\/v2\/pages\/1857"}],"wp:attachment":[{"href":"https:\/\/dglawga.com\/es\/wp-json\/wp\/v2\/media?parent=1861"}],"wp:term":[{"taxonomy":"category","embeddable":true,"href":"https:\/\/dglawga.com\/es\/wp-json\/wp\/v2\/categories?post=1861"},{"taxonomy":"post_tag","embeddable":true,"href":"https:\/\/dglawga.com\/es\/wp-json\/wp\/v2\/tags?post=1861"}],"curies":[{"name":"wp","href":"https:\/\/api.w.org\/{rel}","templated":true}]}}