{"id":1869,"date":"2022-06-07T15:00:34","date_gmt":"2022-06-07T15:00:34","guid":{"rendered":"https:\/\/diazgaetalaw.wpengine.com\/?page_id=1869"},"modified":"2025-06-14T08:33:26","modified_gmt":"2025-06-14T13:33:26","slug":"enviar-mensajes-de-texto-mientras-se-conduce","status":"publish","type":"page","link":"https:\/\/dglawga.com\/es\/areas-we-serve\/marietta\/car-accident-lawyer\/texting-and-driving\/","title":{"rendered":"Abogado de accidentes por mensajes de texto y conducci\u00f3n en Marietta"},"content":{"rendered":"<p>Si bien los tel\u00e9fonos celulares son una herramienta indispensable, son adictivos y pueden provocar accidentes automovil\u00edsticos terribles. Enviar mensajes de texto mientras se conduce es peligroso e ilegal en Georgia, pero es demasiado com\u00fan. Enviar mensajes de texto mientras se conduce se asocia con numerosos accidentes en Marietta y otras partes de Georgia. Si usted o un<\/p>\n\n\n\n<p>Si usted o un ser querido estuvo involucrado en este tipo de accidente, lo mejor es buscar asesor\u00eda legal y representaci\u00f3n de un abogado con experiencia en accidentes por mensajes de texto al volante en Marietta. En Diaz &amp; Gaeta, confiamos en poder ayudarle a obtener justicia y obtener una compensaci\u00f3n por todas sus lesiones y p\u00e9rdidas.<\/p>\n\n\n\n<p>Le recomendamos encarecidamente que se ponga en contacto con nosotros lo antes posible. La atenci\u00f3n inmediata que nuestros abogados expertos brindan a estos asuntos puede marcar la diferencia entre obtener la compensaci\u00f3n que merece o perder la oportunidad.<\/p>\n\n\n\n<p>Ll\u00e1manos al <a href=\"tel:+16785032780\"><strong>678-503-2780<\/strong><\/a> o cont\u00e1ctenos en l\u00ednea para programar una revisi\u00f3n de caso con un <strong><a href=\"https:\/\/dglawga.com\/es\/marietta\/abogado-de-accidentes-de-coche\/\">Abogado de accidentes automovil\u00edsticos en Marietta<\/a><\/strong>.<\/p>\n\n\n\n<div class=\"wp-block-group has-accent-background-color has-background is-vertical is-layout-flex wp-container-core-group-is-layout-283d9697 wp-block-group-is-layout-flex\" style=\"border-top-left-radius:15px;border-top-right-radius:15px;margin-top:var(--wp--preset--spacing--30)\">\n<h2 class=\"wp-block-heading has-primary-color has-text-color has-link-color wp-elements-4164a61e17ffbe9e8a7446952ec87a5a\" id=\"aioseo-table-of-contents\">TABLA DE CONTENIDO<\/h2>\n<\/div>\n\n\n\n<div class=\"wp-block-group has-background is-vertical is-layout-flex wp-container-core-group-is-layout-d644fc7a wp-block-group-is-layout-flex\" style=\"border-bottom-left-radius:15px;border-bottom-right-radius:15px;background-color:#f3f3f3;margin-top:0\"><div class=\"wp-block-aioseo-table-of-contents\"><ul><li><a class=\"aioseo-toc-item\" href=\"#aioseo-georgia-state-laws-against-texting-and-driving\">Leyes del estado de Georgia contra enviar mensajes de texto mientras se conduce<\/a><\/li><li><a class=\"aioseo-toc-item\" href=\"#aioseo-how-texting-can-affect-your-driving\">C\u00f3mo los mensajes de texto pueden afectar tu conducci\u00f3n<\/a><\/li><li><a class=\"aioseo-toc-item\" href=\"#aioseo-how-can-you-prove-the-other-driver-caused-an-accident-because-of-texting\">\u00bfC\u00f3mo se puede demostrar que el otro conductor caus\u00f3 un accidente debido a mensajes de texto?<\/a><\/li><li><a class=\"aioseo-toc-item\" href=\"#aioseo-why-do-i-need-a-texting-and-driving-accident-lawyer-in-marietta\">\u00bfPor qu\u00e9 necesito un abogado especializado en accidentes por enviar mensajes de texto mientras se conduce en Marietta?<\/a><\/li><li><a class=\"aioseo-toc-item\" href=\"#aioseo-how-much-will-a-lawyer-cost\">\u00bfCu\u00e1nto costar\u00e1 un abogado?<\/a><\/li><li><a class=\"aioseo-toc-item\" href=\"#aioseo-how-long-do-i-have-to-file-a-claim-in-georgia\">\u00bfCu\u00e1nto tiempo tengo para presentar una reclamaci\u00f3n en Georgia?<\/a><\/li><li><a class=\"aioseo-toc-item\" href=\"#aioseo-hire-the-best-personal-injury-attorneys-in-marietta-for-your-texting-and-driving-accident-claim\">\u00a1Contrate a los mejores abogados de lesiones personales en Marietta para su reclamo por accidente por enviar mensajes de texto mientras conduce!<\/a><\/li><\/ul><\/div><\/div>\n\n\n\n<h2 class=\"wp-block-heading has-primary-color has-text-color has-link-color wp-elements-78d5612ab35e3a23b37d228cc13fdf1d\" id=\"aioseo-georgia-state-laws-against-texting-and-driving\" style=\"padding-top:var(--wp--preset--spacing--20)\">Leyes del estado de Georgia contra enviar mensajes de texto mientras se conduce<\/h2>\n\n\n\n<p>Las leyes que proh\u00edben enviar mensajes de texto mientras se conduce en Georgia y algunos otros estados de Estados Unidos se aplicaban principalmente a conductores espec\u00edficos, como los adolescentes. Sin embargo, <strong><a href=\"https:\/\/www.gahighwaysafety.org\/highway-safety\/hands-free-law\/\" target=\"_blank\" rel=\"noopener nofollow\">Georgia aprob\u00f3 una ley de manos libres<\/a><\/strong> en julio de 2018 que impone restricciones a diversas formas de uso de tel\u00e9fonos m\u00f3viles mientras se conduce.<\/p>\n\n\n\n<p>La ley estipula que los conductores no deben llevar tel\u00e9fonos en las manos ni dispositivos que toquen ninguna parte del cuerpo, como el regazo o entre el hombro y la oreja. Sin embargo, pueden hacer y recibir llamadas mientras conducen usando un dispositivo de manos libres. Seg\u00fan esta ley:<\/p>\n\n\n\n<ul class=\"wp-block-list\">\n<li>Es ilegal leer, escribir o enviar mensajes de texto o correos electr\u00f3nicos mientras se conduce.<\/li>\n\n\n\n<li>Los conductores no pueden mirar ni grabar videos ni tomar fotograf\u00edas usando sus tel\u00e9fonos mientras conducen.<\/li>\n\n\n\n<li>Los conductores deben abstenerse de cualquier actividad en l\u00ednea, como leer o publicar en las redes sociales.<\/li>\n<\/ul>\n\n\n\n<p>Tenga en cuenta que estas reglas y requisitos afectan a todos los conductores y se aplican incluso cuando se detiene en una luz roja o una se\u00f1al de pare.<\/p>\n\n\n\n<h2 class=\"wp-block-heading has-primary-color has-text-color has-link-color wp-elements-190a1dcf45cde662700d789843a99093\" id=\"aioseo-how-texting-can-affect-your-driving\" style=\"padding-top:var(--wp--preset--spacing--20)\">C\u00f3mo los mensajes de texto pueden afectar tu conducci\u00f3n<\/h2>\n\n\n\n<p>Seg\u00fan investigaciones y datos de la NHTSA, leer y escribir mensajes de texto afecta negativamente a todas las medidas de seguridad vial al conducir. Es un h\u00e1bito peligroso que produce distracciones cognitivas, visuales y f\u00edsicas.<\/p>\n\n\n\n<p>Los estudios demuestran que enviar mensajes de texto es m\u00e1s peligroso que hablar por tel\u00e9fono. Los conductores apartan las manos y la vista del volante y de la carretera para leer o escribir un mensaje. Por lo tanto, no pueden responder adecuadamente ante emergencias inesperadas ni maniobrar el veh\u00edculo con seguridad sin causar un accidente.<\/p>\n\n\n\n<h2 class=\"wp-block-heading has-primary-color has-text-color has-link-color wp-elements-63cc0bb38e474f3a83484c7f5fc66a9d\" id=\"aioseo-how-can-you-prove-the-other-driver-caused-an-accident-because-of-texting\" style=\"padding-top:var(--wp--preset--spacing--20)\">\u00bfC\u00f3mo se puede demostrar que el otro conductor caus\u00f3 un accidente debido a mensajes de texto?<\/h2>\n\n\n\n<p>Nuestros celulares se vuelven m\u00e1s adictivos con cada nuevo lanzamiento, y cada dispositivo tiene una caracter\u00edstica \u00fanica que llama nuestra atenci\u00f3n. Ganar su caso de indemnizaci\u00f3n depende de presentar pruebas de responsabilidad y respaldar la validez de su reclamaci\u00f3n. Por lo tanto, necesita abogados con experiencia de su lado.<\/p>\n\n\n\n<p>En D\u00edaz &amp; Gaeta, contamos con los profesionales legales y los recursos necesarios para realizar investigaciones exhaustivas y recopilar informaci\u00f3n de registros telef\u00f3nicos, informes policiales, testigos, grabaciones de c\u00e1maras de tr\u00e1fico y nuestros expertos en reconstrucci\u00f3n de accidentes. Utilizaremos esta informaci\u00f3n para demostrar que el acusado fue responsable del accidente por enviar mensajes de texto mientras conduc\u00eda un veh\u00edculo.<\/p>\n\n\n\n<figure class=\"wp-block-image aligncenter has-custom-border\"><a href=\"https:\/\/dglawga.com\/wp-content\/uploads\/2022\/06\/marietta-texting-driving-lawyer-diaz.jpg\"><img loading=\"lazy\" decoding=\"async\" width=\"500\" height=\"333\" src=\"https:\/\/dglawga.com\/wp-content\/uploads\/2022\/06\/marietta-texting-driving-lawyer-diaz.jpg\" alt=\"Concepto de abogado de accidentes de conducci\u00f3n y mensajes de texto en Marietta, conductor que env\u00eda mensajes de texto\" class=\"wp-image-2182\" style=\"border-radius:15px\" srcset=\"https:\/\/dglawga.com\/wp-content\/uploads\/2022\/06\/marietta-texting-driving-lawyer-diaz.jpg 500w, https:\/\/dglawga.com\/wp-content\/uploads\/2022\/06\/marietta-texting-driving-lawyer-diaz-300x200.jpg 300w\" sizes=\"auto, (max-width: 500px) 100vw, 500px\" \/><\/a><\/figure>\n\n\n\n<h2 class=\"wp-block-heading has-primary-color has-text-color has-link-color wp-elements-fc6b6703f6b50b0ffbec1dc7f3b89c9a\" id=\"aioseo-why-do-i-need-a-texting-and-driving-accident-lawyer-in-marietta\" style=\"padding-top:var(--wp--preset--spacing--20)\">\u00bfPor qu\u00e9 necesito un abogado especializado en accidentes por enviar mensajes de texto mientras se conduce en Marietta?<\/h2>\n\n\n\n<p>Su abogado tendr\u00e1 pruebas que demuestren que el conductor estaba enviando mensajes de texto, por lo que la compa\u00f1\u00eda de seguros no podr\u00e1 pagarle menos de lo que merece. Aun as\u00ed, es posible que la compa\u00f1\u00eda de seguros no est\u00e9 dispuesta a ofrecerle una compensaci\u00f3n justa. Si espera que el conductor distra\u00eddo cubra todas sus p\u00e9rdidas, podr\u00eda tener que llevarlo a juicio. Su abogado estar\u00e1 preparado para presentar un caso s\u00f3lido ante el jurado.<\/p>\n\n\n\n<p>Un abogado especializado en accidentes por mensajes de texto al volante en Marietta tambi\u00e9n se asegurar\u00e1 de que presente su reclamaci\u00f3n de indemnizaci\u00f3n a tiempo. Tambi\u00e9n necesita un profesional con amplio conocimiento de la ley para ayudarle a tratar con el equipo legal y las aseguradoras de la otra parte. Supervisaremos las negociaciones del acuerdo si deciden llevar el asunto fuera de los tribunales.<\/p>\n\n\n\n<h2 class=\"wp-block-heading has-primary-color has-text-color has-link-color wp-elements-b9b5cecec004b0dfe9c7393f32f9347b\" id=\"aioseo-how-much-will-a-lawyer-cost\" style=\"padding-top:var(--wp--preset--spacing--20)\">\u00bfCu\u00e1nto costar\u00e1 un abogado?<\/h2>\n\n\n\n<p>Nuestra principal preocupaci\u00f3n es asegurarnos de que usted reciba lo que le corresponde por parte de quienes causaron el accidente. Ofrecemos una revisi\u00f3n inicial gratuita del caso para escuchar su reclamo y determinar si vale la pena presentarlo. Tambi\u00e9n le brindaremos asesor\u00eda legal confiable y representaci\u00f3n legal. <strong><a href=\"https:\/\/www.americanbar.org\/groups\/public_education\/resources\/law_issues_for_consumers\/lawyerfees_contingent\/\" target=\"_blank\" rel=\"noopener\">honorarios de contingencia<\/a><\/strong> base si encontramos razones sustanciales para seguir adelante con su caso.<\/p>\n\n\n\n<p>No tendr\u00e1 que preocuparse por los honorarios legales, que se deducir\u00e1n en un peque\u00f1o porcentaje de la indemnizaci\u00f3n que le ayudemos a obtener mediante un acuerdo extrajudicial o en los tribunales. Si no conseguimos una indemnizaci\u00f3n para usted, no nos pagar\u00e1 nada.<\/p>\n\n\n\n<p>Le explicaremos en detalle los t\u00e9rminos del acuerdo de honorarios contingentes para asegurarnos de que est\u00e9 de acuerdo con todo antes de continuar.<\/p>\n\n\n\n<h2 class=\"wp-block-heading has-primary-color has-text-color has-link-color wp-elements-21da8078e635edc8bf51908b5f52bdd8\" id=\"aioseo-how-long-do-i-have-to-file-a-claim-in-georgia\" style=\"padding-top:var(--wp--preset--spacing--20)\">\u00bfCu\u00e1nto tiempo tengo para presentar una reclamaci\u00f3n en Georgia?<\/h2>\n\n\n\n<p>Los accidentes por conducci\u00f3n distra\u00edda en Georgia suelen tener un <strong><a href=\"http:\/\/ga.elaws.us\/law\/section9-3-33\" target=\"_blank\" rel=\"noopener nofollow\">plazo de prescripci\u00f3n de dos a\u00f1os<\/a><\/strong> que las v\u00edctimas deben cumplir al solicitar una indemnizaci\u00f3n. Por lo tanto, tiene dos a\u00f1os desde el accidente por mensajes de texto mientras conduce para presentar su reclamaci\u00f3n.<\/p>\n\n\n\n<p>Es un plazo m\u00e1s corto de lo que cree, y es mejor iniciar el proceso de solicitud lo antes posible. Nos pondremos en marcha inmediatamente despu\u00e9s de que nos contrate como asesores legales y los profesionales que defienden sus derechos e intereses.<\/p>\n\n\n\n<h2 class=\"wp-block-heading has-primary-color has-text-color has-link-color wp-elements-ad49fda990a8b5c27615152853a8bb70\" id=\"aioseo-hire-the-best-personal-injury-attorneys-in-marietta-for-your-texting-and-driving-accident-claim\" style=\"padding-top:var(--wp--preset--spacing--20)\">\u00a1Contrate a los mejores abogados de lesiones personales en Marietta para su reclamo por accidente por enviar mensajes de texto mientras conduce!<\/h2>\n\n\n\n<p>Enviar mensajes de texto mientras se conduce se asocia con numerosos accidentes automovil\u00edsticos en Marietta y otras partes de Georgia. Estos accidentes pueden causar lesiones graves e incluso la muerte. Sin embargo, estos casos pueden presentar numerosos elementos que complican la demanda contra las partes responsables. Por eso es fundamental contar con un abogado con experiencia.<\/p>\n\n\n\n<p>Si usted o un ser querido estuvo involucrado en este tipo de accidente, es mejor buscar asesor\u00eda legal y representaci\u00f3n de un profesional experimentado y confiable. <strong><a href=\"https:\/\/dglawga.com\/es\/marietta\/abogado-de-lesiones-personales\/\">abogado de lesiones personales<\/a><\/strong>. En <a href=\"https:\/\/dglawga.com\/es\/contactanos\/\"><strong>D\u00edaz y Gaeta<\/strong><\/a>, Estamos seguros de que podemos ayudarle a buscar justicia al demandar a los responsables y reclamar una compensaci\u00f3n por sus lesiones y p\u00e9rdidas.<\/p>\n\n\n\n<p>Ll\u00e1manos al <a href=\"tel:+16785032780\"><strong>678-503-2780<\/strong><\/a> o cont\u00e1ctenos en l\u00ednea para programar una revisi\u00f3n de caso con un abogado especializado en accidentes por enviar mensajes de texto y conducir en Marietta.<\/p>","protected":false},"excerpt":{"rendered":"<p>While cell phones are a tool that we cannot do without, they are addictive and can lead to horrific car accidents. Texting while driving is dangerous and illegal in Georgia, but it is far too common. Texting while driving is associated with numerous accidents in Marietta and other parts of Georgia. If you or a [&hellip;]<\/p>\n","protected":false},"author":34,"featured_media":0,"parent":1857,"menu_order":0,"comment_status":"closed","ping_status":"closed","template":"wp-custom-template-marietta-services","meta":{"_acf_changed":false,"_themeisle_gutenberg_block_has_review":false,"footnotes":""},"categories":[50],"tags":[124,123,120,21,122,59,126,58,121,125,119,26,118,116,117,22,142,143],"class_list":["post-1869","page","type-page","status-publish","hentry","category-marietta-location","tag-abogado-coche-acidente","tag-abogado-gratis","tag-attorney-lawyer","tag-car-accidents","tag-car-accidents-lawyer","tag-family-law","tag-imigracion-abogados","tag-immigration","tag-immigration-lawyer","tag-marietta-abogado","tag-marietta-lawyer","tag-personal-injury","tag-top-lawyer-in-marietta","tag-top-lawyers-in-atlanta","tag-top-lawyers-in-smyrna","tag-truck-accident","tag-truck-accident-attorneys","tag-truck-crash"],"acf":[],"aioseo_notices":[],"_links":{"self":[{"href":"https:\/\/dglawga.com\/es\/wp-json\/wp\/v2\/pages\/1869","targetHints":{"allow":["GET"]}}],"collection":[{"href":"https:\/\/dglawga.com\/es\/wp-json\/wp\/v2\/pages"}],"about":[{"href":"https:\/\/dglawga.com\/es\/wp-json\/wp\/v2\/types\/page"}],"author":[{"embeddable":true,"href":"https:\/\/dglawga.com\/es\/wp-json\/wp\/v2\/users\/34"}],"replies":[{"embeddable":true,"href":"https:\/\/dglawga.com\/es\/wp-json\/wp\/v2\/comments?post=1869"}],"version-history":[{"count":2,"href":"https:\/\/dglawga.com\/es\/wp-json\/wp\/v2\/pages\/1869\/revisions"}],"predecessor-version":[{"id":7559,"href":"https:\/\/dglawga.com\/es\/wp-json\/wp\/v2\/pages\/1869\/revisions\/7559"}],"up":[{"embeddable":true,"href":"https:\/\/dglawga.com\/es\/wp-json\/wp\/v2\/pages\/1857"}],"wp:attachment":[{"href":"https:\/\/dglawga.com\/es\/wp-json\/wp\/v2\/media?parent=1869"}],"wp:term":[{"taxonomy":"category","embeddable":true,"href":"https:\/\/dglawga.com\/es\/wp-json\/wp\/v2\/categories?post=1869"},{"taxonomy":"post_tag","embeddable":true,"href":"https:\/\/dglawga.com\/es\/wp-json\/wp\/v2\/tags?post=1869"}],"curies":[{"name":"wp","href":"https:\/\/api.w.org\/{rel}","templated":true}]}}