{"id":1889,"date":"2022-06-07T15:08:48","date_gmt":"2022-06-07T15:08:48","guid":{"rendered":"https:\/\/diazgaetalaw.wpengine.com\/?page_id=1889"},"modified":"2025-06-14T13:51:30","modified_gmt":"2025-06-14T18:51:30","slug":"abogado-de-lesiones-cerebrales-traumaticas-2","status":"publish","type":"page","link":"https:\/\/dglawga.com\/es\/areas-we-serve\/marietta\/traumatic-brain-injury-lawyer\/","title":{"rendered":"Abogado de lesiones cerebrales traum\u00e1ticas en Marietta"},"content":{"rendered":"<p>Las lesiones cerebrales graves son la principal causa de discapacidad y muerte en EE. UU., seg\u00fan los CDC. Aproximadamente 170 estadounidenses mueren cada d\u00eda debido a lesiones cerebrales traum\u00e1ticas y m\u00e1s de 200,000 son hospitalizadas. La triste realidad es que el camino hacia la recuperaci\u00f3n es largo y costoso. No permita que sufra la terrible experiencia del dolor y trate de recuperarse mientras experimenta p\u00e9rdidas.<\/p>\n\n\n\n<p>Solicitar una indemnizaci\u00f3n es la mejor decisi\u00f3n que puede tomar. Aqu\u00ed es donde entramos nosotros. Protegeremos sus derechos legales y le ayudaremos a obtener la compensaci\u00f3n que le corresponde. Por eso, si usted o un ser querido ha sufrido una lesi\u00f3n cerebral grave causada por la negligencia de un tercero, considere hablar con nuestros abogados especializados en lesiones cerebrales traum\u00e1ticas en Marietta.<\/p>\n\n\n\n<p>Somos altamente capacitados, experimentados y con amplios conocimientos legales. En Diaz &amp; Gaeta Abogados, valoramos a nuestros clientes y garantizamos la mejor representaci\u00f3n legal posible. Trabajamos con honorarios de contingencia, lo que significa que no cobramos a menos que ganemos el caso. Adem\u00e1s, no le pediremos ning\u00fan pago por adelantado.<\/p>\n\n\n\n<p>Reserve una consulta gratuita y una sesi\u00f3n de evaluaci\u00f3n de caso con nuestro <a href=\"https:\/\/dglawga.com\/es\/marietta\/abogado-de-lesiones-personales\/\"><strong>Abogados de lesiones personales en Marietta<\/strong><\/a> llamando <br><a href=\"tel:+16785032780\"><strong>678-503-2780<\/strong><\/a>.<\/p>\n\n\n\n<div class=\"wp-block-group has-accent-background-color has-background is-vertical is-layout-flex wp-container-core-group-is-layout-283d9697 wp-block-group-is-layout-flex\" style=\"border-top-left-radius:15px;border-top-right-radius:15px;margin-top:var(--wp--preset--spacing--30)\">\n<h2 class=\"wp-block-heading has-primary-color has-text-color has-link-color wp-elements-4164a61e17ffbe9e8a7446952ec87a5a\" id=\"aioseo-table-of-contents\">TABLA DE CONTENIDO<\/h2>\n<\/div>\n\n\n\n<div class=\"wp-block-group has-background is-vertical is-layout-flex wp-container-core-group-is-layout-d644fc7a wp-block-group-is-layout-flex\" style=\"border-bottom-left-radius:15px;border-bottom-right-radius:15px;background-color:#f3f3f3;margin-top:0\"><div class=\"wp-block-aioseo-table-of-contents\"><ul><li><a class=\"aioseo-toc-item\" href=\"#aioseo-how-do-i-know-if-i-have-a-brain-injury\">\u00bfC\u00f3mo s\u00e9 si tengo una lesi\u00f3n cerebral?<\/a><\/li><li><a class=\"aioseo-toc-item\" href=\"#aioseo-the-types-of-brain-injuries\">Los tipos de lesiones cerebrales<\/a><ul><li><a class=\"aioseo-toc-item\" href=\"#aioseo-closed-injury\">Lesi\u00f3n cerrada<\/a><\/li><li><a class=\"aioseo-toc-item\" href=\"#aioseo-open-injury\">Lesi\u00f3n abierta<\/a><\/li><li><a class=\"aioseo-toc-item\" href=\"#aioseo-toxic-or-chemical-injury\">Lesi\u00f3n t\u00f3xica o qu\u00edmica<\/a><\/li><li><a class=\"aioseo-toc-item\" href=\"#aioseo-deceleration-injury\">Lesi\u00f3n por desaceleraci\u00f3n<\/a><\/li><li><a class=\"aioseo-toc-item\" href=\"#aioseo-hypoxia\">Hipoxia<\/a><\/li><\/ul><\/li><li><a class=\"aioseo-toc-item\" href=\"#aioseo-the-symptoms-of-traumatic-brain-injury\">Los s\u00edntomas de una lesi\u00f3n cerebral traum\u00e1tica<\/a><\/li><li><a class=\"aioseo-toc-item\" href=\"#aioseo-why-is-it-important-to-see-a-doctor-after-a-head-injury\">\u00bfPor qu\u00e9 es importante consultar a un m\u00e9dico despu\u00e9s de una lesi\u00f3n en la cabeza?<\/a><\/li><li><a class=\"aioseo-toc-item\" href=\"#aioseo-why-should-i-hire-a-traumatic-brain-injury-attorney\">\u00bfPor qu\u00e9 deber\u00eda contratar a un abogado especializado en lesiones cerebrales traum\u00e1ticas?<\/a><\/li><li><a class=\"aioseo-toc-item\" href=\"#aioseo-can-insurance-companies-obtain-my-past-medical-records\">\u00bfPueden las compa\u00f1\u00edas de seguros obtener mis registros m\u00e9dicos anteriores?<\/a><\/li><li><a class=\"aioseo-toc-item\" href=\"#aioseo-what-will-happen-if-the-insurance-company-denies-paying-my-medical-bills\">\u00bfQu\u00e9 pasar\u00e1 si la compa\u00f1\u00eda de seguros se niega a pagar mis facturas m\u00e9dicas?<\/a><\/li><li><a class=\"aioseo-toc-item\" href=\"#aioseo-what-compensation-can-i-receive-for-my-brain-injury\">\u00bfQu\u00e9 compensaci\u00f3n puedo recibir por mi lesi\u00f3n cerebral?<\/a><\/li><li><a class=\"aioseo-toc-item\" href=\"#aioseo-what-is-the-time-limit-for-filing-a-brain-injury-claim-in-georgia\">\u00bfCu\u00e1l es el plazo para presentar una reclamaci\u00f3n por lesi\u00f3n cerebral en Georgia?<\/a><\/li><li><a class=\"aioseo-toc-item\" href=\"#aioseo-call-our-marietta-traumatic-brain-injury-lawyers-today\">\u00a1Llame hoy a nuestros abogados especializados en lesiones cerebrales traum\u00e1ticas de Marietta!<\/a><\/li><\/ul><\/div><\/div>\n\n\n\n<h2 class=\"wp-block-heading has-primary-color has-text-color has-link-color wp-elements-1204a3eabeac4a126b357cf91ccb69f4\" id=\"aioseo-how-do-i-know-if-i-have-a-brain-injury\" style=\"padding-top:var(--wp--preset--spacing--20)\">\u00bfC\u00f3mo s\u00e9 si tengo una lesi\u00f3n cerebral?<\/h2>\n\n\n\n<p>La realidad es que la mayor\u00eda de nosotros solo nos centramos en las lesiones y heridas externas tras un accidente. Sin embargo, los accidentes pueden causar lesiones graves en el interior del cuerpo. \u00bfSab\u00edas que las lesiones internas son dif\u00edciles de detectar sin la ayuda de un m\u00e9dico experimentado y tras realizar algunas pruebas?<\/p>\n\n\n\n<p>Para identificar una lesi\u00f3n cerebral, deber\u00e1 observar los signos y s\u00edntomas que experimente. Los s\u00edntomas pueden ser graves o leves, lo que, por supuesto, depender\u00e1 de la naturaleza y la gravedad de la lesi\u00f3n. Los s\u00edntomas pueden empeorar si se ignoran durante mucho tiempo. Algunos s\u00edntomas pueden manifestarse despu\u00e9s de unas horas, mientras que otros pueden tardar semanas. Por eso es recomendable consultar siempre a un m\u00e9dico despu\u00e9s de un accidente.<\/p>\n\n\n\n<p>Teniendo esto en cuenta, \u00bfcu\u00e1les son algunas de las principales causas de traumatismo craneoencef\u00e1lico? Bueno, seg\u00fan <strong><a href=\"https:\/\/www.cdc.gov\/traumaticbraininjury\/get_the_facts.html\" target=\"_blank\" rel=\"noopener nofollow\">Informes de los CDC<\/a><\/strong>, Las causas comunes incluyen:<\/p>\n\n\n\n<ul class=\"wp-block-list\">\n<li><a href=\"https:\/\/dglawga.com\/es\/marietta\/abogado-de-accidentes-de-coche\/\"><strong>Accidentes de tr\u00e1fico<\/strong>.<\/a><\/li>\n\n\n\n<li><a href=\"https:\/\/dglawga.com\/es\/marietta\/abogado-de-resbalones-y-caidas\/\"><strong>Accidentes por resbalones y ca\u00eddas<\/strong>.<\/a><\/li>\n\n\n\n<li>Lesiones deportivas.<\/li>\n\n\n\n<li>Actos de violencia, incluidos abuso y agresi\u00f3n dom\u00e9stica.<\/li>\n<\/ul>\n\n\n\n<h2 class=\"wp-block-heading has-primary-color has-text-color has-link-color wp-elements-2539e9fcb10a02c1e1fb36a63ebaf170\" id=\"aioseo-the-types-of-brain-injuries\" style=\"padding-top:var(--wp--preset--spacing--20)\">Los tipos de lesiones cerebrales<\/h2>\n\n\n\n<p>\u00bfSabe que la gravedad de la lesi\u00f3n cerebral, el plan de tratamiento y el tiempo de recuperaci\u00f3n dependen del tipo de lesi\u00f3n? El tipo de lesi\u00f3n cerebral tambi\u00e9n influye en la indemnizaci\u00f3n que recibir\u00e1. Los tipos de lesiones cerebrales incluyen:<\/p>\n\n\n\n<h4 class=\"wp-block-heading has-base-color has-text-color has-link-color wp-elements-21c1a3782f0bc998518c861651b7240f\" id=\"aioseo-closed-injury\" style=\"padding-top:var(--wp--preset--spacing--10);font-style:normal;font-weight:600\">Lesi\u00f3n cerrada<\/h4>\n\n\n\n<p>Este tipo de lesi\u00f3n cerebral ocurre cuando un objeto no penetra el cr\u00e1neo. En otras palabras, el cr\u00e1neo no es penetrado por un objeto, pero el cerebro se lesiona. Este tipo de lesi\u00f3n es com\u00fan en accidentes por resbalones y ca\u00eddas, as\u00ed como en accidentes automovil\u00edsticos, donde el cerebro se desplaza r\u00e1pidamente hacia adelante o hacia atr\u00e1s, causando temblores.<\/p>\n\n\n\n<h4 class=\"wp-block-heading has-base-color has-text-color has-link-color wp-elements-e6b534ed546106eff28f7b3100dd4e89\" id=\"aioseo-open-injury\" style=\"padding-top:var(--wp--preset--spacing--10);font-style:normal;font-weight:600\">Lesi\u00f3n abierta<\/h4>\n\n\n\n<p>Este tipo de lesi\u00f3n se produce cuando un objeto penetra el cr\u00e1neo y entra al cerebro. Ocurre cuando un objeto se desplaza a alta velocidad. Es com\u00fan en accidentes automovil\u00edsticos y actos de violencia.<\/p>\n\n\n\n<h4 class=\"wp-block-heading has-base-color has-text-color has-link-color wp-elements-a8e48b01ad999560c184dc4b3c3b56aa\" id=\"aioseo-toxic-or-chemical-injury\" style=\"padding-top:var(--wp--preset--spacing--10);font-style:normal;font-weight:600\">Lesi\u00f3n t\u00f3xica o qu\u00edmica<\/h4>\n\n\n\n<p>\u00bfSab\u00edas que los humos y productos qu\u00edmicos t\u00f3xicos pueden causar da\u00f1o neurol\u00f3gico? \u00a1S\u00ed! La exposici\u00f3n a toxinas como el plomo, los pesticidas y el mon\u00f3xido de carbono puede causar lesiones cerebrales. Este tipo de lesi\u00f3n es com\u00fan en accidentes laborales.<\/p>\n\n\n\n<h4 class=\"wp-block-heading has-base-color has-text-color has-link-color wp-elements-f7293e8d5e3c531c92431b08a13dcde6\" id=\"aioseo-deceleration-injury\" style=\"padding-top:var(--wp--preset--spacing--10);font-style:normal;font-weight:600\">Lesi\u00f3n por desaceleraci\u00f3n<\/h4>\n\n\n\n<p>Este tipo de lesi\u00f3n cerebral ocurre cuando la cabeza de una persona se golpea contra una superficie dura, sin que se produzca penetraci\u00f3n. Sin embargo, en este caso, el cerebro se impacta contra el cr\u00e1neo. Este tipo de lesi\u00f3n es com\u00fan en accidentes de tr\u00e1fico, actos de violencia y accidentes o movimientos laborales.<\/p>\n\n\n\n<h4 class=\"wp-block-heading has-base-color has-text-color has-link-color wp-elements-f1202ab0bcccbdded2753390c5a5f63f\" id=\"aioseo-hypoxia\" style=\"padding-top:var(--wp--preset--spacing--10);font-style:normal;font-weight:600\">Hipoxia<\/h4>\n\n\n\n<p>Este tipo de lesi\u00f3n cerebral ocurre cuando el cerebro no recibe suficiente ox\u00edgeno. Esta lesi\u00f3n suele ser causada por enfermedades como accidentes cerebrovasculares e infartos de miocardio. Tambi\u00e9n puede ocurrir debido a infecciones, ahogamientos y tumores.<\/p>\n\n\n\n<figure class=\"wp-block-image aligncenter is-resized has-custom-border\" style=\"margin-top:var(--wp--preset--spacing--20);margin-bottom:var(--wp--preset--spacing--20)\"><a href=\"https:\/\/dglawga.com\/wp-content\/uploads\/2022\/11\/symptoms-of-traumatic-brain-injury-diaz-gaeta.webp\"><img loading=\"lazy\" decoding=\"async\" width=\"800\" height=\"833\" src=\"https:\/\/dglawga.com\/wp-content\/uploads\/2022\/11\/symptoms-of-traumatic-brain-injury-diaz-gaeta.webp\" alt=\"Los s\u00edntomas de una lesi\u00f3n cerebral traum\u00e1tica - Abogados de lesiones cerebrales traum\u00e1ticas de D\u00edaz y Gaeta\" class=\"wp-image-4992\" style=\"border-radius:15px;width:550px\" srcset=\"https:\/\/dglawga.com\/wp-content\/uploads\/2022\/11\/symptoms-of-traumatic-brain-injury-diaz-gaeta.webp 800w, https:\/\/dglawga.com\/wp-content\/uploads\/2022\/11\/symptoms-of-traumatic-brain-injury-diaz-gaeta-288x300.webp 288w, https:\/\/dglawga.com\/wp-content\/uploads\/2022\/11\/symptoms-of-traumatic-brain-injury-diaz-gaeta-768x800.webp 768w\" sizes=\"auto, (max-width: 800px) 100vw, 800px\" \/><\/a><\/figure>\n\n\n\n<h2 class=\"wp-block-heading has-primary-color has-text-color has-link-color wp-elements-19a9edcce2b8ae97d1e4994534b664f2\" id=\"aioseo-the-symptoms-of-traumatic-brain-injury\" style=\"padding-top:var(--wp--preset--spacing--20)\">Los s\u00edntomas de una lesi\u00f3n cerebral traum\u00e1tica<\/h2>\n\n\n\n<p>Al igual que ocurre con todo tipo de afecciones, lesiones o enfermedades, una lesi\u00f3n cerebral presenta sus propios s\u00edntomas. Sin embargo, es importante tener en cuenta que estos var\u00edan seg\u00fan la persona y el tipo de lesi\u00f3n sufrida. Tambi\u00e9n dependen de la gravedad de la lesi\u00f3n.<\/p>\n\n\n\n<p>El com\u00fan <a href=\"https:\/\/www.mayoclinic.org\/diseases-conditions\/traumatic-brain-injury\/symptoms-causes\/syc-20378557\" target=\"_blank\" rel=\"noopener\"><strong>s\u00edntomas de una lesi\u00f3n cerebral traum\u00e1tica<\/strong><\/a> incluir:<\/p>\n\n\n\n<ul class=\"wp-block-list\">\n<li>Dificultad para concentrarse.<\/li>\n\n\n\n<li>Fatiga.<\/li>\n\n\n\n<li>P\u00e9rdida de memoria.<\/li>\n\n\n\n<li>Dolores de cabeza recurrentes.<\/li>\n\n\n\n<li>Estallidos emocionales.<\/li>\n\n\n\n<li>Mareo.<\/li>\n\n\n\n<li>Depresi\u00f3n.<\/li>\n\n\n\n<li>Convulsiones.<\/li>\n\n\n\n<li>Sensible a la luz o al ruido.<\/li>\n\n\n\n<li>Problemas de equilibrio.<\/li>\n\n\n\n<li>Incapacidad para realizar tareas cotidianas.<\/li>\n<\/ul>\n\n\n\n<h2 class=\"wp-block-heading has-primary-color has-text-color has-link-color wp-elements-19475293b6075ce6a99ce3f8099e8ca2\" id=\"aioseo-why-is-it-important-to-see-a-doctor-after-a-head-injury\" style=\"padding-top:var(--wp--preset--spacing--20)\">\u00bfPor qu\u00e9 es importante consultar a un m\u00e9dico despu\u00e9s de una lesi\u00f3n en la cabeza?<\/h2>\n\n\n\n<p>No es f\u00e1cil detectar una lesi\u00f3n cerebral, a menos que se trate de lesiones abiertas y el cr\u00e1neo est\u00e9 afectado de alguna manera. Por otro lado, los s\u00edntomas pueden tardar semanas en manifestarse y, para entonces, la afecci\u00f3n puede haber empeorado. Por eso es recomendable buscar atenci\u00f3n m\u00e9dica inmediata despu\u00e9s de una lesi\u00f3n en la cabeza, incluso si en ese momento se siente bien. Esto ayudar\u00e1 a evitar problemas posteriores.<\/p>\n\n\n\n<figure class=\"wp-block-image aligncenter has-custom-border\" style=\"margin-top:var(--wp--preset--spacing--20);margin-bottom:var(--wp--preset--spacing--20)\"><a href=\"https:\/\/dglawga.com\/wp-content\/uploads\/2022\/06\/Marietta-traumatic-brain-injury-lawyer-diaz.jpg\"><img loading=\"lazy\" decoding=\"async\" width=\"500\" height=\"333\" src=\"https:\/\/dglawga.com\/wp-content\/uploads\/2022\/06\/Marietta-traumatic-brain-injury-lawyer-diaz.jpg\" alt=\"Concepto de abogado de lesiones cerebrales traum\u00e1ticas en Marietta, m\u00e9dico mostrando una exploraci\u00f3n cerebral\" class=\"wp-image-2703\" style=\"border-radius:15px\" srcset=\"https:\/\/dglawga.com\/wp-content\/uploads\/2022\/06\/Marietta-traumatic-brain-injury-lawyer-diaz.jpg 500w, https:\/\/dglawga.com\/wp-content\/uploads\/2022\/06\/Marietta-traumatic-brain-injury-lawyer-diaz-300x200.jpg 300w\" sizes=\"auto, (max-width: 500px) 100vw, 500px\" \/><\/a><\/figure>\n\n\n\n<h2 class=\"wp-block-heading has-primary-color has-text-color has-link-color wp-elements-0f0e20ab6317b065acf557a6888e32e3\" id=\"aioseo-why-should-i-hire-a-traumatic-brain-injury-attorney\" style=\"padding-top:var(--wp--preset--spacing--20)\">\u00bfPor qu\u00e9 deber\u00eda contratar a un abogado especializado en lesiones cerebrales traum\u00e1ticas?<\/h2>\n\n\n\n<p>Una lesi\u00f3n cerebral puede cambiar tu vida para siempre. Por eso, siempre debes buscar una compensaci\u00f3n si tus lesiones se deben a la negligencia o a un acto descuidado de otra persona. El proceso de presentar una reclamaci\u00f3n es complejo, especialmente cuando se trata de un problema tan grave como una lesi\u00f3n cerebral grave.<\/p>\n\n\n\n<p>No olvide que la compa\u00f1\u00eda de seguros del demandado har\u00e1 todo lo posible para negarle la indemnizaci\u00f3n que le corresponde legalmente. \u00bfPor qu\u00e9 lo hacen? Pues bien, las compa\u00f1\u00edas de seguros son empresas como cualquier otra, y su objetivo principal es minimizar los costos generales (gastos) y maximizar las ganancias.<\/p>\n\n\n\n<p>Al contratar a nuestros abogados de lesiones cerebrales traum\u00e1ticas en Marietta, en Diaz &amp; Gaeta Attorneys At Law, le facilitaremos todo y le permitiremos recuperarse en paz. Las razones para contratarnos incluyen:<\/p>\n\n\n\n<ul class=\"wp-block-list\">\n<li>Lucha por tus derechos.<\/li>\n\n\n\n<li>Protege sus derechos legales y constitucionales.<\/li>\n\n\n\n<li>Aseg\u00farese de recibir la compensaci\u00f3n que realmente le corresponde.<\/li>\n\n\n\n<li>Ayude a negociar con la compa\u00f1\u00eda de seguros en su nombre.<\/li>\n\n\n\n<li>Tenemos experiencia en el manejo de estos casos.<\/li>\n\n\n\n<li>Ayuda a recopilar evidencia.<\/li>\n\n\n\n<li>Representar sus intereses y caso ante el tribunal.<\/li>\n<\/ul>\n\n\n\n<h2 class=\"wp-block-heading has-primary-color has-text-color has-link-color wp-elements-4bf6a9ba4ca583aefc60b35e9e50f4bf\" id=\"aioseo-can-insurance-companies-obtain-my-past-medical-records\" style=\"padding-top:var(--wp--preset--spacing--20)\">\u00bfPueden las compa\u00f1\u00edas de seguros obtener mis registros m\u00e9dicos anteriores?<\/h2>\n\n\n\n<p>\u00a1S\u00ed! La compa\u00f1\u00eda de seguros puede obtener su historial m\u00e9dico para encontrar informaci\u00f3n que les ayude a reducir o denegar la indemnizaci\u00f3n. La compa\u00f1\u00eda de seguros buscar\u00e1 cualquier condici\u00f3n previa que pueda estar relacionada con una lesi\u00f3n cerebral.<\/p>\n\n\n\n<h2 class=\"wp-block-heading has-primary-color has-text-color has-link-color wp-elements-4d68aea7433ea35cf03b6a5ce6140944\" id=\"aioseo-what-will-happen-if-the-insurance-company-denies-paying-my-medical-bills\" style=\"padding-top:var(--wp--preset--spacing--20)\">\u00bfQu\u00e9 pasar\u00e1 si la compa\u00f1\u00eda de seguros se niega a pagar mis facturas m\u00e9dicas?<\/h2>\n\n\n\n<p>Si la compa\u00f1\u00eda de seguros se niega a pagar las facturas m\u00e9dicas, lo mejor es llevar el caso a un tribunal civil. Por eso es recomendable contratar a un abogado con experiencia en lesiones personales. Aproveche nuestros servicios de consulta gratuita para hablar con un abogado especializado en lesiones cerebrales. Le guiaremos durante todo el proceso y le aseguraremos que reciba la compensaci\u00f3n que le corresponde.<\/p>\n\n\n\n<h2 class=\"wp-block-heading has-primary-color has-text-color has-link-color wp-elements-adbc92faec9a9c32f886f950132d5bd6\" id=\"aioseo-what-compensation-can-i-receive-for-my-brain-injury\" style=\"padding-top:var(--wp--preset--spacing--20)\">\u00bfQu\u00e9 compensaci\u00f3n puedo recibir por mi lesi\u00f3n cerebral?<\/h2>\n\n\n\n<p>Lo cierto es que es dif\u00edcil determinar la cantidad exacta de indemnizaci\u00f3n que puede recibir. La \u00fanica manera de lograrlo es consultando a un abogado con experiencia. Sin embargo, seg\u00fan la ley de Georgia, una persona tiene derecho a una indemnizaci\u00f3n por todas las p\u00e9rdidas sufridas si las lesiones fueron causadas por la negligencia de un tercero.<\/p>\n\n\n\n<p>Como tal, una persona puede recibir la siguiente compensaci\u00f3n:<\/p>\n\n\n\n<ul class=\"wp-block-list\">\n<li>Proyecto de ley de medicina y rehabilitaci\u00f3n (pasado y futuro).<\/li>\n\n\n\n<li>P\u00e9rdida de ingresos (actuales y futuros).<\/li>\n\n\n\n<li>Da\u00f1os no econ\u00f3micos por dolor, sufrimiento, trauma, angustia y reducci\u00f3n de la calidad de vida.<\/li>\n\n\n\n<li>Costo del entierro en caso de <a href=\"https:\/\/dglawga.com\/es\/marietta\/abogado-de-muerte-por-negligencia\/\"><strong>muerte por negligencia<\/strong><\/a>.<\/li>\n<\/ul>\n\n\n\n<p>Seg\u00fan las leyes de Georgia, la v\u00edctima puede recibir una indemnizaci\u00f3n por da\u00f1os punitivos. Esta es una compensaci\u00f3n que otorgan los tribunales para castigar al infractor. El tribunal civil solo puede conceder da\u00f1os punitivos si determina que las acciones del acusado fueron maliciosas o muy imprudentes.<\/p>\n\n\n\n<h2 class=\"wp-block-heading has-primary-color has-text-color has-link-color wp-elements-05bc3880a5760ccd2118bf455e6dec1b\" id=\"aioseo-what-is-the-time-limit-for-filing-a-brain-injury-claim-in-georgia\" style=\"padding-top:var(--wp--preset--spacing--20)\">\u00bfCu\u00e1l es el plazo para presentar una reclamaci\u00f3n por lesi\u00f3n cerebral en Georgia?<\/h2>\n\n\n\n<p>Si usted es residente de Marietta, GA y ha sufrido una lesi\u00f3n cerebral grave, tiene <a href=\"http:\/\/ga.elaws.us\/law\/section9-3-33\" target=\"_blank\" rel=\"noopener nofollow\"><strong>2 a\u00f1os<\/strong><\/a> Presentar una demanda de indemnizaci\u00f3n civil. Si no la presenta dentro de este plazo, perder\u00e1 el derecho a reclamar para siempre.<\/p>\n\n\n\n<p>Si el caso civil es contra alguna oficina o agencia gubernamental, debe presentar una reclamaci\u00f3n administrativa antes de interponer la demanda. Solo tiene seis meses desde su fecha para presentar una reclamaci\u00f3n administrativa en casos que involucren a un municipio y un a\u00f1o en casos que involucren al gobierno del condado o estatal.<\/p>\n\n\n\n<p>No pierdas tiempo y ll\u00e1manos hoy.<\/p>\n\n\n\n<h2 class=\"wp-block-heading has-primary-color has-text-color has-link-color wp-elements-70321fffd0560edc22e1a0ea7814d088\" id=\"aioseo-call-our-marietta-traumatic-brain-injury-lawyers-today\" style=\"padding-top:var(--wp--preset--spacing--20)\">\u00a1Llame hoy a nuestros abogados especializados en lesiones cerebrales traum\u00e1ticas de Marietta!<\/h2>\n\n\n\n<p>Una lesi\u00f3n cerebral grave puede cambiar tu vida para siempre. Puede afectar tu calidad de vida y tu situaci\u00f3n financiera.<\/p>\n\n\n\n<p>Si usted o un ser querido se enfrenta a una situaci\u00f3n as\u00ed, llame hoy mismo a nuestros abogados especializados en lesiones cerebrales traum\u00e1ticas al <a href=\"tel:+16785032780\"><strong>678-503-2780<\/strong><\/a>. <br>En <strong><a href=\"https:\/\/dglawga.com\/es\/\">Abogados D\u00edaz &amp; Gaeta<\/a><\/strong>, Lo guiaremos a trav\u00e9s del complicado sistema legal y lucharemos para obtener la compensaci\u00f3n que realmente se le debe.<\/p>","protected":false},"excerpt":{"rendered":"<p>Serious brain injury is the leading cause of disability and death in the U.S., according to the CDC. Approximately 170 Americans die every day due to traumatic brain injuries, and over 200,000 people are hospitalized. The sad reality is that the path to recovery is long and expensive. Do not allow yourself to go through [&hellip;]<\/p>\n","protected":false},"author":34,"featured_media":0,"parent":1854,"menu_order":0,"comment_status":"closed","ping_status":"closed","template":"wp-custom-template-marietta-services","meta":{"_acf_changed":false,"_themeisle_gutenberg_block_has_review":false,"footnotes":""},"categories":[50],"tags":[124,123,120,21,122,59,126,58,121,125,119,26,118,116,117,54],"class_list":["post-1889","page","type-page","status-publish","hentry","category-marietta-location","tag-abogado-coche-acidente","tag-abogado-gratis","tag-attorney-lawyer","tag-car-accidents","tag-car-accidents-lawyer","tag-family-law","tag-imigracion-abogados","tag-immigration","tag-immigration-lawyer","tag-marietta-abogado","tag-marietta-lawyer","tag-personal-injury","tag-top-lawyer-in-marietta","tag-top-lawyers-in-atlanta","tag-top-lawyers-in-smyrna","tag-traumatic-brain-injuries"],"acf":[],"aioseo_notices":[],"_links":{"self":[{"href":"https:\/\/dglawga.com\/es\/wp-json\/wp\/v2\/pages\/1889","targetHints":{"allow":["GET"]}}],"collection":[{"href":"https:\/\/dglawga.com\/es\/wp-json\/wp\/v2\/pages"}],"about":[{"href":"https:\/\/dglawga.com\/es\/wp-json\/wp\/v2\/types\/page"}],"author":[{"embeddable":true,"href":"https:\/\/dglawga.com\/es\/wp-json\/wp\/v2\/users\/34"}],"replies":[{"embeddable":true,"href":"https:\/\/dglawga.com\/es\/wp-json\/wp\/v2\/comments?post=1889"}],"version-history":[{"count":6,"href":"https:\/\/dglawga.com\/es\/wp-json\/wp\/v2\/pages\/1889\/revisions"}],"predecessor-version":[{"id":7600,"href":"https:\/\/dglawga.com\/es\/wp-json\/wp\/v2\/pages\/1889\/revisions\/7600"}],"up":[{"embeddable":true,"href":"https:\/\/dglawga.com\/es\/wp-json\/wp\/v2\/pages\/1854"}],"wp:attachment":[{"href":"https:\/\/dglawga.com\/es\/wp-json\/wp\/v2\/media?parent=1889"}],"wp:term":[{"taxonomy":"category","embeddable":true,"href":"https:\/\/dglawga.com\/es\/wp-json\/wp\/v2\/categories?post=1889"},{"taxonomy":"post_tag","embeddable":true,"href":"https:\/\/dglawga.com\/es\/wp-json\/wp\/v2\/tags?post=1889"}],"curies":[{"name":"wp","href":"https:\/\/api.w.org\/{rel}","templated":true}]}}