{"id":1897,"date":"2022-06-07T15:11:23","date_gmt":"2022-06-07T15:11:23","guid":{"rendered":"https:\/\/diazgaetalaw.wpengine.com\/?page_id=1897"},"modified":"2025-06-14T21:33:18","modified_gmt":"2025-06-15T02:33:18","slug":"abogado-defensor-penal-2","status":"publish","type":"page","link":"https:\/\/dglawga.com\/es\/areas-we-serve\/marietta\/criminal-defense-lawyer\/","title":{"rendered":"Abogado de defensa penal en Marietta"},"content":{"rendered":"<p>Abordar cualquier asunto legal siempre es estresante, pero nada es tan angustiante y estresante como enfrentarse a una acusaci\u00f3n penal. El impacto potencial que una condena penal puede tener en su libertad, sus finanzas y su vida personal y profesional puede ser devastador. Podr\u00eda enfrentarse a una larga pena de prisi\u00f3n o a cuantiosas multas, sus futuras oportunidades laborales podr\u00edan verse limitadas y podr\u00eda perder ciertos derechos.<\/p>\n\n\n\n<p>Dado lo que est\u00e1 en juego, debe luchar contra el cargo con todo lo que tenga, y su mejor arma es un abogado defensor penal experimentado en <strong><a href=\"https:\/\/dglawga.com\/es\/marietta\/\">Marietta<\/a><\/strong>. Contratar los servicios de un abogado inmediatamente despu\u00e9s de ser arrestado puede ayudarle a evitar ser acusado formalmente. Si ha sido acusado formalmente, un abogado puede ayudarle a desestimar su caso, obtener un veredicto de no culpabilidad o minimizar las consecuencias de una condena.<\/p>\n\n\n\n<p>Nuestros abogados de defensa penal de Marietta en Diaz &amp; Gaeta est\u00e1n comprometidos a brindar una defensa agresiva a las personas que han sido acusadas o imputadas de todo tipo de delitos, incluidos asaltos y lesiones, infracciones de tr\u00e1nsito, robo y hurto, DUI, delitos de drogas, delitos sexuales, libertad condicional, delitos violentos y m\u00e1s.<\/p>\n\n\n\n<p>Llama a nuestro <strong><a href=\"https:\/\/dglawga.com\/es\/marietta\/\">Bufetes de abogados de Marietta<\/a><\/strong> Hoy a las <a href=\"tel:+16785032780\"><strong>678-503-2780<\/strong><\/a> para programar una evaluaci\u00f3n de caso gratuita y asegurar el mejor resultado posible en su caso.<\/p>\n\n\n\n<div class=\"wp-block-group has-accent-background-color has-background is-vertical is-layout-flex wp-container-core-group-is-layout-283d9697 wp-block-group-is-layout-flex\" style=\"border-top-left-radius:15px;border-top-right-radius:15px;margin-top:var(--wp--preset--spacing--30)\">\n<h2 class=\"wp-block-heading has-primary-color has-text-color has-link-color wp-elements-4164a61e17ffbe9e8a7446952ec87a5a\" id=\"aioseo-table-of-contents\">TABLA DE CONTENIDO<\/h2>\n<\/div>\n\n\n\n<div class=\"wp-block-group has-background is-vertical is-layout-flex wp-container-core-group-is-layout-d644fc7a wp-block-group-is-layout-flex\" style=\"border-bottom-left-radius:15px;border-bottom-right-radius:15px;background-color:#f3f3f3;margin-top:0\"><div class=\"wp-block-aioseo-table-of-contents\"><ul><li><a class=\"aioseo-toc-item\" href=\"#https:\/\/dglawga.com\/\">EN<\/a><\/li><li><a class=\"aioseo-toc-item\" href=\"#aioseo-what-are-your-rights-as-a-criminal-defendant-in-georgia\">\u00bfCu\u00e1les son sus derechos como acusado penalmente en Georgia?<\/a><ul><li><a class=\"aioseo-toc-item\" href=\"#aioseo-the-fourth-amendment\">La Cuarta Enmienda<\/a><\/li><li><a class=\"aioseo-toc-item\" href=\"#aioseo-the-fifth-amendment\">La quinta enmienda<\/a><\/li><li><a class=\"aioseo-toc-item\" href=\"#aioseo-the-sixth-amendment\">La Sexta Enmienda<\/a><\/li><li><a class=\"aioseo-toc-item\" href=\"#aioseo-the-eighth-amendment\">La Octava Enmienda<\/a><\/li><\/ul><\/li><li><a class=\"aioseo-toc-item\" href=\"#aioseo-what-is-a-misdemeanor-vs-a-felony-in-georgia\">\u00bfQu\u00e9 es un delito menor frente a un delito grave en Georgia?<\/a><\/li><li><a class=\"aioseo-toc-item\" href=\"#aioseo-should-i-consult-a-lawyer-before-speaking-to-the-police\">\u00bfDebo consultar a un abogado antes de hablar con la polic\u00eda?<\/a><\/li><li><a class=\"aioseo-toc-item\" href=\"#aioseo-what-is-the-habitual-offender-law\">\u00bfQu\u00e9 es la Ley del Delincuente Habitual?<\/a><\/li><li><a class=\"aioseo-toc-item\" href=\"#aioseo-how-can-a-criminal-defense-lawyer-in-marietta-help-me\">\u00bfC\u00f3mo puede ayudarme un abogado de defensa penal en Marietta?<\/a><ul><li><a class=\"aioseo-toc-item\" href=\"#aioseo-case-preparation\">Preparaci\u00f3n del caso<\/a><\/li><li><a class=\"aioseo-toc-item\" href=\"#aioseo-plea-bargains\">Acuerdos de culpabilidad<\/a><\/li><li><a class=\"aioseo-toc-item\" href=\"#aioseo-ability-to-gauge-case-outcomes\">Capacidad para evaluar los resultados de los casos<\/a><\/li><li><a class=\"aioseo-toc-item\" href=\"#aioseo-knowledge-of-law-court-rules\">Conocimiento de la ley y las normas judiciales<\/a><\/li><li><a class=\"aioseo-toc-item\" href=\"#aioseo-trial-experience\">Experiencia de prueba<\/a><\/li><\/ul><\/li><li><a class=\"aioseo-toc-item\" href=\"#aioseo-what-is-the-cost-of-legal-representation\">\u00bfCu\u00e1l es el costo de la representaci\u00f3n legal?<\/a><\/li><li><a class=\"aioseo-toc-item\" href=\"#aioseo-is-there-a-benefit-to-having-a-private-attorney-vs-a-court-appointed-attorney\">\u00bfExiste alg\u00fan beneficio en tener un abogado privado en lugar de un abogado designado por el tribunal?<\/a><\/li><li><a class=\"aioseo-toc-item\" href=\"#aioseo-can-you-represent-yourself\">\u00bfPuedes representarte a ti mismo?<\/a><\/li><li><a class=\"aioseo-toc-item\" href=\"#aioseo-should-i-accept-a-plea-bargain\">\u00bfDebo aceptar un acuerdo con la fiscal\u00eda?<\/a><\/li><li><a class=\"aioseo-toc-item\" href=\"#aioseo-appealing-a-conviction-in-georgia\">Apelar una condena en Georgia<\/a><\/li><li><a class=\"aioseo-toc-item\" href=\"#aioseo-get-in-touch-with-an-experienced-marietta-criminal-defense-lawyer-today\">\u00a1P\u00f3ngase en contacto con un abogado con experiencia en defensa penal de Marietta hoy mismo!<\/a><\/li><\/ul><\/div><\/div>\n\n\n\n<h2 class=\"wp-block-heading\" id=\"aioseo-what-are-your-rights-as-a-criminal-defendant-in-georgia\">\u00bfCu\u00e1les son sus derechos como acusado penalmente en Georgia?<\/h2>\n\n\n\n<p>La Constituci\u00f3n de los Estados Unidos le otorga una serie de derechos como acusado en un proceso penal en Georgia. Si ha sido acusado de un delito, comprender estos derechos le ayudar\u00e1 a estar en una mejor posici\u00f3n.<\/p>\n\n\n\n<p>Sus derechos como acusado penal est\u00e1n contenidos en varias enmiendas constitucionales:<\/p>\n\n\n\n<h4 class=\"wp-block-heading\" id=\"aioseo-the-fourth-amendment\">La Cuarta Enmienda<\/h4>\n\n\n\n<p>La Cuarta Enmienda proh\u00edbe a las fuerzas del orden realizar registros o incautaciones injustificadas. Establece que la polic\u00eda necesita causa probable para detenerlo y realizar un registro injustificado.<\/p>\n\n\n\n<p>La polic\u00eda debe obtener una orden judicial antes de realizar cualquier registro o incautaci\u00f3n. Tambi\u00e9n estipula que las pruebas obtenidas por medios ilegales no son admisibles ante los tribunales.<\/p>\n\n\n\n<h4 class=\"wp-block-heading\" id=\"aioseo-the-fifth-amendment\">La quinta enmienda<\/h4>\n\n\n\n<p>La Quinta Enmienda abarca una serie de protecciones importantes para las personas que enfrentan cargos criminales, entre ellas:<\/p>\n\n\n\n<ul class=\"wp-block-list\">\n<li>Protecci\u00f3n contra la autoincriminaci\u00f3n (derecho a permanecer en silencio).<\/li>\n\n\n\n<li>Protecci\u00f3n contra el doble enjuiciamiento (ser procesado dos veces por el mismo cargo criminal).<\/li>\n\n\n\n<li>El derecho a un juicio justo.<\/li>\n\n\n\n<li>El derecho a un juicio por jurado.<\/li>\n<\/ul>\n\n\n\n<h4 class=\"wp-block-heading\" id=\"aioseo-the-sixth-amendment\">La Sexta Enmienda<\/h4>\n\n\n\n<p>Seg\u00fan la Sexta Enmienda, los acusados deben ser informados de los cargos penales que se les imputan. Tambi\u00e9n garantiza el derecho a un juicio p\u00fablico sin demora. Seg\u00fan la Sexta Enmienda, los acusados tambi\u00e9n tienen derecho a conocer a sus acusadores y a confrontarlos.<\/p>\n\n\n\n<p>Esta enmienda tambi\u00e9n garantiza su derecho a representaci\u00f3n legal (el derecho a un abogado). Si no puede costear uno, el tribunal deber\u00eda proporcionarle uno. Seg\u00fan esta enmienda, la fiscal\u00eda est\u00e1 obligada a revelar cualquier prueba en su contra que se presente ante el juez y el jurado. Cualquier prueba presentada por la fiscal\u00eda ante el tribunal que no se haya mencionado previamente contraviene la Sexta Enmienda.<\/p>\n\n\n\n<h4 class=\"wp-block-heading\" id=\"aioseo-the-eighth-amendment\">La Octava Enmienda<\/h4>\n\n\n\n<p>La octava enmienda garantiza su derecho a pagar la fianza y lo protege contra fianzas o multas excesivas, as\u00ed como contra castigos crueles o inusuales. Esta enmienda proh\u00edbe a los tribunales imponer castigos irrazonables basados en sentimientos o prejuicios personales contra el acusado.<\/p>\n\n\n\n<h2 class=\"wp-block-heading\" id=\"aioseo-what-is-a-misdemeanor-vs-a-felony-in-georgia\">\u00bfQu\u00e9 es un delito menor frente a un delito grave en Georgia?<\/h2>\n\n\n\n<p>Como ya sabr\u00e1, los delitos var\u00edan seg\u00fan la gravedad del delito y las circunstancias que lo rodean. El estado de Georgia clasifica los delitos en graves y menores.<\/p>\n\n\n\n<p>Un delito menor es un delito menos grave en comparaci\u00f3n con un delito grave y conlleva consecuencias menos severas. Seg\u00fan <a href=\"https:\/\/casetext.com\/statute\/code-of-georgia\/title-17-criminal-procedure\/chapter-10-sentence-and-punishment\/article-1-procedure-for-sentencing-and-imposition-of-punishment\/section-17-10-3-punishment-for-misdemeanors-generally\" target=\"_blank\" rel=\"noopener nofollow\"><strong>Estatuto de Georgia OCGA 17-10-3<\/strong><\/a>, Un delito menor es un delito que se castiga con una multa que no exceda de $1,000 o una pena de c\u00e1rcel que no exceda de 12 meses o ambas.<\/p>\n\n\n\n<p>Si es condenado por un delito menor y tiene que cumplir una condena, lo har\u00e1 en una c\u00e1rcel del condado o de la ciudad. Ejemplos de delitos menores en Georgia incluyen intoxicaci\u00f3n p\u00fablica, posesi\u00f3n de menos de una onza de marihuana, conducir bajo los efectos del alcohol (DUI) y robo con un valor inferior a $500.<\/p>\n\n\n\n<p>Tambi\u00e9n existen delitos menores m\u00e1s graves (conocidos como delitos menores de alta gravedad y agravados). Estos pueden incluir una tercera condena por conducir bajo los efectos del alcohol, agresi\u00f3n contra una mujer embarazada, conducci\u00f3n agresiva e intento de eludir a un agente de polic\u00eda.<\/p>\n\n\n\n<p>En el estado de Georgia, un delito grave se define como un delito punible con una pena de prisi\u00f3n de no menos de 12 meses, cadena perpetua o la pena de muerte. A diferencia de la mayor\u00eda de los estados, Georgia no clasifica los delitos graves; en cambio, existen leyes que estipulan la pena m\u00e1xima seg\u00fan el delito. Algunos delitos conllevan penas m\u00e1s severas, como sentencias m\u00ednimas obligatorias.<\/p>\n\n\n\n<p>Algunos ejemplos de penas m\u00e1ximas por delitos graves incluyen:<\/p>\n\n\n\n<ul class=\"wp-block-list\">\n<li><strong>Delito grave de 5 a\u00f1os:<\/strong> agresi\u00f3n sexual a un menor de 16 a\u00f1os, obstrucci\u00f3n a un agente de polic\u00eda.<\/li>\n\n\n\n<li><strong>Delito grave de 10 a\u00f1os:<\/strong> Robo por extorsi\u00f3n, acecho agravado.<\/li>\n\n\n\n<li><strong>Cadena perpetua:<\/strong> violaci\u00f3n forzada, asesinato en segundo grado, secuestro para pedir rescate.<\/li>\n\n\n\n<li><strong>Pena de muerte:<\/strong> asesinato con circunstancias agravantes, traici\u00f3n y secuestro de una aeronave.<\/li>\n<\/ul>\n\n\n\n<figure class=\"wp-block-image aligncenter\" style=\"margin-top:var(--wp--preset--spacing--20);margin-bottom:var(--wp--preset--spacing--20)\"><a href=\"https:\/\/dglawga.com\/wp-content\/uploads\/2022\/06\/Marietta-criminal-defense-lawyer-diaz-1.jpeg\"><img loading=\"lazy\" decoding=\"async\" width=\"500\" height=\"333\" src=\"https:\/\/dglawga.com\/wp-content\/uploads\/2022\/06\/Marietta-criminal-defense-lawyer-diaz-1.jpeg\" alt=\"Hombre esposado, concepto de abogado defensor penal en Marietta\" class=\"wp-image-2729\" srcset=\"https:\/\/dglawga.com\/wp-content\/uploads\/2022\/06\/Marietta-criminal-defense-lawyer-diaz-1.jpeg 500w, https:\/\/dglawga.com\/wp-content\/uploads\/2022\/06\/Marietta-criminal-defense-lawyer-diaz-1-300x200.jpeg 300w\" sizes=\"auto, (max-width: 500px) 100vw, 500px\" \/><\/a><\/figure>\n\n\n\n<h2 class=\"wp-block-heading\" id=\"aioseo-should-i-consult-a-lawyer-before-speaking-to-the-police\">\u00bfDebo consultar a un abogado antes de hablar con la polic\u00eda?<\/h2>\n\n\n\n<p>Seg\u00fan lo dispuesto en la Quinta Enmienda, usted tiene derecho a guardar silencio mientras se encuentra bajo custodia policial. La polic\u00eda no puede obligarle a proporcionar detalles sobre el delito del que se le acusa.<\/p>\n\n\n\n<p>Le conviene ejercer este derecho hasta que haya hablado con su abogado. Como dice la frase, \u201ctodo lo que diga puede y ser\u00e1 usado en su contra\u201d. Saber qu\u00e9 decir y qu\u00e9 no decir ser\u00e1 de gran ayuda para su caso.<\/p>\n\n\n\n<p>Por lo tanto, hable con la polic\u00eda \u00fanicamente bajo la direcci\u00f3n de un abogado defensor penal de Marietta.<\/p>\n\n\n\n<h2 class=\"wp-block-heading\" id=\"aioseo-what-is-the-habitual-offender-law\">\u00bfQu\u00e9 es la Ley del Delincuente Habitual?<\/h2>\n\n\n\n<p>La ley del delincuente habitual es una ley que permite al juez imponer castigos m\u00e1s severos a los <strong><a href=\"https:\/\/casetext.com\/statute\/code-of-georgia\/title-17-criminal-procedure\/chapter-10-sentence-and-punishment\/article-1-procedure-for-sentencing-and-imposition-of-punishment\/section-17-10-7-punishment-of-repeat-offenders-punishment-and-eligibility-for-parole-of-persons-convicted-of-fourth-felony-offense\" target=\"_blank\" rel=\"noopener nofollow\">reincidentes<\/a><\/strong>. En este caso, el juez modifica la pena bas\u00e1ndose en condenas previas. En el estado de Georgia, se considera reincidente a cualquier persona que haya sido condenada por al menos tres delitos graves en los \u00faltimos cinco a\u00f1os. Estas personas se consideran un peligro para la sociedad.<\/p>\n\n\n\n<h2 class=\"wp-block-heading\" id=\"aioseo-how-can-a-criminal-defense-lawyer-in-marietta-help-me\">\u00bfC\u00f3mo puede ayudarme un abogado de defensa penal en Marietta?<\/h2>\n\n\n\n<p>Enfrentar un cargo penal es un asunto serio. Incluso un delito menor en sus antecedentes puede tener un gran impacto en su vida; por ejemplo, la p\u00e9rdida de ayuda financiera federal para la educaci\u00f3n y la p\u00e9rdida de ciertos empleos. Nuestros abogados de D\u00edaz &amp; Gaeta luchar\u00e1n para ayudarle a recuperar su vida.<\/p>\n\n\n\n<p>As\u00ed es como nuestro equipo puede ayudarle:<\/p>\n\n\n\n<h4 class=\"wp-block-heading\" id=\"aioseo-case-preparation\">Preparaci\u00f3n del caso<\/h4>\n\n\n\n<p>Nuestros abogados evaluar\u00e1n primero los detalles espec\u00edficos de su caso y le brindar\u00e1n la asesor\u00eda y orientaci\u00f3n legal pertinentes. Posteriormente, realizaremos una investigaci\u00f3n exhaustiva e independiente del caso, recopilando todas las pruebas necesarias para construir una defensa s\u00f3lida. Esto incluir\u00e1 entrevistar a testigos y trabajar con peritos.<\/p>\n\n\n\n<h4 class=\"wp-block-heading\" id=\"aioseo-plea-bargains\">Acuerdos de culpabilidad<\/h4>\n\n\n\n<p>Dependiendo de los hechos y circunstancias de su caso, su mejor opci\u00f3n podr\u00eda ser llegar a un acuerdo con la fiscal\u00eda. Su abogado podr\u00e1 determinar si tiene posibilidades de \u00e9xito si decide llevar su caso a juicio. Los acuerdos con la fiscal\u00eda a menudo resultan en una reducci\u00f3n de la pena, menos tiempo en prisi\u00f3n e incluso la no condena.<\/p>\n\n\n\n<p>En un acuerdo de culpabilidad, el acusado generalmente se declara culpable de un delito menor o (en el caso de m\u00faltiples delitos) de un n\u00famero reducido de los delitos imputados a cambio de una sentencia m\u00e1s indulgente.<\/p>\n\n\n\n<h4 class=\"wp-block-heading\" id=\"aioseo-ability-to-gauge-case-outcomes\">Capacidad para evaluar los resultados de los casos<\/h4>\n\n\n\n<p>Mediante una evaluaci\u00f3n minuciosa de su caso, un abogado penalista con experiencia podr\u00e1 determinar el resultado m\u00e1s probable y guiarlo sobre el mejor curso de acci\u00f3n. Podr\u00e1 decirle si es mejor presentar su caso en los tribunales o simplemente aceptar un acuerdo con la fiscal\u00eda.<\/p>\n\n\n\n<h4 class=\"wp-block-heading\" id=\"aioseo-knowledge-of-law-court-rules\">Conocimiento de la ley y las normas judiciales<\/h4>\n\n\n\n<p>Nuestros abogados de defensa penal en D\u00edaz &amp; Gaeta conocen a fondo el sistema de justicia penal de Georgia. Tienen un profundo conocimiento de las leyes aplicables y los procedimientos judiciales.<\/p>\n\n\n\n<p>Un abogado con experiencia puede identificar cualquier infracci\u00f3n o laguna legal que pueda provocar la desestimaci\u00f3n de su caso. Adem\u00e1s, conocer al juez y a la fiscal\u00eda le da una ventaja en su caso.<\/p>\n\n\n\n<h4 class=\"wp-block-heading\" id=\"aioseo-trial-experience\">Experiencia de prueba<\/h4>\n\n\n\n<p>Nuestros abogados de defensa penal cuentan con una amplia experiencia en la defensa y la obtenci\u00f3n de victorias en casos judiciales, ayudando a nuestros clientes a asegurar su libertad y su futuro. Si un acuerdo con la fiscal\u00eda no es la mejor opci\u00f3n para su caso, le ayudaremos a prepararse para el juicio. Haremos todo lo posible para demostrar su inocencia o asegurar el resultado m\u00e1s favorable.<\/p>\n\n\n\n<h2 class=\"wp-block-heading\" id=\"aioseo-what-is-the-cost-of-legal-representation\">\u00bfCu\u00e1l es el costo de la representaci\u00f3n legal?<\/h2>\n\n\n\n<p>Todos los casos penales son diferentes. El precio que puede esperar pagar por un abogado defensor penal privado var\u00eda seg\u00fan diversos factores, como el tipo de caso, la gravedad del delito, la experiencia del abogado y su situaci\u00f3n financiera. Si su caso llega a juicio, terminar\u00e1 pagando m\u00e1s.<\/p>\n\n\n\n<p>Pero en general, si no puede pagar su propio abogado defensor penal, a\u00fan tiene derecho a un defensor p\u00fablico.<\/p>\n\n\n\n<figure class=\"wp-block-image aligncenter\" style=\"margin-top:var(--wp--preset--spacing--20);margin-bottom:var(--wp--preset--spacing--20)\"><a href=\"https:\/\/dglawga.com\/wp-content\/uploads\/2022\/06\/Marietta-criminal-defense-lawyer-diaz-2.jpg\"><img loading=\"lazy\" decoding=\"async\" width=\"500\" height=\"333\" src=\"https:\/\/dglawga.com\/wp-content\/uploads\/2022\/06\/Marietta-criminal-defense-lawyer-diaz-2.jpg\" alt=\"Estatuto de justicia con los ojos vendados, concepto de abogado defensor penal de Marietta\" class=\"wp-image-2733\" srcset=\"https:\/\/dglawga.com\/wp-content\/uploads\/2022\/06\/Marietta-criminal-defense-lawyer-diaz-2.jpg 500w, https:\/\/dglawga.com\/wp-content\/uploads\/2022\/06\/Marietta-criminal-defense-lawyer-diaz-2-300x200.jpg 300w\" sizes=\"auto, (max-width: 500px) 100vw, 500px\" \/><\/a><\/figure>\n\n\n\n<h2 class=\"wp-block-heading\" id=\"aioseo-is-there-a-benefit-to-having-a-private-attorney-vs-a-court-appointed-attorney\">\u00bfExiste alg\u00fan beneficio en tener un abogado privado en lugar de un abogado designado por el tribunal?<\/h2>\n\n\n\n<p>Los abogados de oficio son empleados del gobierno encargados de representar a acusados de delitos penales que no pueden permitirse contratar a sus propios abogados. Como resultado, suelen estar sobrecargados de trabajo y mal pagados. Dado que suelen gestionar muchos casos a la vez, pueden tener tiempo y recursos limitados para dedicarse a su caso. Tambi\u00e9n pueden estar menos motivados para hacer todo lo necesario para construir una defensa s\u00f3lida, lo que puede tener un gran impacto en el resultado del caso.<\/p>\n\n\n\n<p>Por otro lado, un abogado privado solo se encarga de unos pocos casos a la vez. Esto le permite dedicar el tiempo necesario para realizar un trabajo eficaz. Adem\u00e1s, puede ofrecer mayor apoyo y un servicio personalizado, ya que conoce mejor al acusado.<\/p>\n\n\n\n<p>Los abogados privados tambi\u00e9n tienen acceso a m\u00e1s recursos, lo cual es importante para construir una defensa s\u00f3lida para sus clientes. Pueden contratar todo tipo de peritos e investigadores privados, ya que tienen mayor capacidad financiera que los defensores p\u00fablicos. Adem\u00e1s, la mayor\u00eda de los abogados privados cuentan con personal adicional, asociados y asistentes legales que ayudan con los casos.<\/p>\n\n\n\n<p>Como puede ver, tiene m\u00e1s posibilidades de \u00e9xito si trabaja con un abogado defensor penal privado en Marietta.<\/p>\n\n\n\n<h2 class=\"wp-block-heading\" id=\"aioseo-can-you-represent-yourself\">\u00bfPuedes representarte a ti mismo?<\/h2>\n\n\n\n<p>S\u00ed, tiene derecho a representarse a s\u00ed mismo en un caso penal. Pero le conviene no hacerlo. Casi todos los casos penales en los que uno se representa a s\u00ed mismo terminan en una condena, con penas m\u00e1s severas. Los fiscales no tardar\u00e1n en desmantelar su d\u00e9bil estrategia de defensa. Tambi\u00e9n corre el riesgo de ser condenado por un tecnicismo debido a su desconocimiento de las leyes y del sistema de justicia penal.<\/p>\n\n\n\n<p>Por lo tanto, su mejor opci\u00f3n siempre es contratar a un abogado defensor penal profesional en Marietta cuando se trata de cualquier caso penal.<\/p>\n\n\n\n<h2 class=\"wp-block-heading\" id=\"aioseo-should-i-accept-a-plea-bargain\">\u00bfDebo aceptar un acuerdo con la fiscal\u00eda?<\/h2>\n\n\n\n<p>Dependiendo de las circunstancias espec\u00edficas de su caso, un acuerdo con la fiscal\u00eda podr\u00eda ser lo mejor para usted o no. Nuestros abogados de D\u00edaz &amp; Gaeta podr\u00e1n determinar si aceptar un acuerdo con la fiscal\u00eda es su mejor opci\u00f3n en lugar de ir a juicio y le asesorar\u00e1n sobre la mejor manera de proceder.<\/p>\n\n\n\n<h2 class=\"wp-block-heading\" id=\"aioseo-appealing-a-conviction-in-georgia\">Apelar una condena en Georgia<\/h2>\n\n\n\n<p>Ser condenado por un delito no tiene por qu\u00e9 significar el fin del camino, ya que tiene derecho autom\u00e1tico a apelar la condena. Si no est\u00e1 satisfecho con el fallo, puede presentar una apelaci\u00f3n para que se anule la condena. En el estado de Georgia, los casos de asesinato se apelan ante el... <strong><a href=\"https:\/\/www.gasupreme.us\/\" target=\"_blank\" rel=\"noopener\">Corte Suprema<\/a><\/strong> Mientras que otros casos penales son apelados ante la <a href=\"https:\/\/www.gaappeals.us\/\" target=\"_blank\" rel=\"noopener\"><strong>Tribunal de Apelaciones<\/strong><\/a>.<\/p>\n\n\n\n<h2 class=\"wp-block-heading\" id=\"aioseo-get-in-touch-with-an-experienced-marietta-criminal-defense-lawyer-today\">\u00a1P\u00f3ngase en contacto con un abogado con experiencia en defensa penal de Marietta hoy mismo!<\/h2>\n\n\n\n<p>Una condena penal puede cambiar tu vida por completo. Si has sido acusado de un delito, es fundamental que act\u00faes con rapidez y decisi\u00f3n para salvaguardar tu libertad y tu futuro. Esto significa contratar a un abogado penalista con experiencia lo antes posible para proteger tus derechos y construir una defensa s\u00f3lida y eficaz. <br>para ti.<\/p>\n\n\n\n<p>Considerando todo lo que est\u00e1 en juego en caso de un veredicto de culpabilidad, no puede permitirse el lujo de correr ning\u00fan riesgo. <br>Un abogado de defensa penal de Marietta de <strong><a href=\"https:\/\/dglawga.com\/es\/\">D\u00edaz y Gaeta<\/a><\/strong> Le garantizamos una cobertura completa. Nos comprometemos a obtener el mejor resultado posible para su caso. Llame a nuestras oficinas hoy mismo. <br><a href=\"tel:+16785032780\"><strong>678-503-2780<\/strong><\/a> para comenzar tu camino hacia la libertad.<\/p>","protected":false},"excerpt":{"rendered":"<p>Tackling any kind of legal issue is always stressful, but nothing is as distressing and nerve-wracking as facing a criminal charge. The potential impact a criminal conviction can have on your freedom, finances, as well as personal and professional life can be devastating. You could face a lengthy prison sentence and\/or hefty fines, your future [&hellip;]<\/p>\n","protected":false},"author":34,"featured_media":0,"parent":1854,"menu_order":0,"comment_status":"closed","ping_status":"closed","template":"wp-custom-template-marietta-services","meta":{"_acf_changed":false,"_themeisle_gutenberg_block_has_review":false,"footnotes":""},"categories":[50],"tags":[124,123,120,21,122,57,59,126,58,121,125,119,26,118,116,117,22,142,143],"class_list":["post-1897","page","type-page","status-publish","hentry","category-marietta-location","tag-abogado-coche-acidente","tag-abogado-gratis","tag-attorney-lawyer","tag-car-accidents","tag-car-accidents-lawyer","tag-criminal-defense","tag-family-law","tag-imigracion-abogados","tag-immigration","tag-immigration-lawyer","tag-marietta-abogado","tag-marietta-lawyer","tag-personal-injury","tag-top-lawyer-in-marietta","tag-top-lawyers-in-atlanta","tag-top-lawyers-in-smyrna","tag-truck-accident","tag-truck-accident-attorneys","tag-truck-crash"],"acf":[],"aioseo_notices":[],"_links":{"self":[{"href":"https:\/\/dglawga.com\/es\/wp-json\/wp\/v2\/pages\/1897","targetHints":{"allow":["GET"]}}],"collection":[{"href":"https:\/\/dglawga.com\/es\/wp-json\/wp\/v2\/pages"}],"about":[{"href":"https:\/\/dglawga.com\/es\/wp-json\/wp\/v2\/types\/page"}],"author":[{"embeddable":true,"href":"https:\/\/dglawga.com\/es\/wp-json\/wp\/v2\/users\/34"}],"replies":[{"embeddable":true,"href":"https:\/\/dglawga.com\/es\/wp-json\/wp\/v2\/comments?post=1897"}],"version-history":[{"count":3,"href":"https:\/\/dglawga.com\/es\/wp-json\/wp\/v2\/pages\/1897\/revisions"}],"predecessor-version":[{"id":7624,"href":"https:\/\/dglawga.com\/es\/wp-json\/wp\/v2\/pages\/1897\/revisions\/7624"}],"up":[{"embeddable":true,"href":"https:\/\/dglawga.com\/es\/wp-json\/wp\/v2\/pages\/1854"}],"wp:attachment":[{"href":"https:\/\/dglawga.com\/es\/wp-json\/wp\/v2\/media?parent=1897"}],"wp:term":[{"taxonomy":"category","embeddable":true,"href":"https:\/\/dglawga.com\/es\/wp-json\/wp\/v2\/categories?post=1897"},{"taxonomy":"post_tag","embeddable":true,"href":"https:\/\/dglawga.com\/es\/wp-json\/wp\/v2\/tags?post=1897"}],"curies":[{"name":"wp","href":"https:\/\/api.w.org\/{rel}","templated":true}]}}