{"id":1900,"date":"2022-06-07T15:12:11","date_gmt":"2022-06-07T15:12:11","guid":{"rendered":"https:\/\/diazgaetalaw.wpengine.com\/?page_id=1900"},"modified":"2025-06-16T00:09:47","modified_gmt":"2025-06-16T05:09:47","slug":"abogado-de-inmigracion-2","status":"publish","type":"page","link":"https:\/\/dglawga.com\/es\/areas-we-serve\/marietta\/immigration-lawyer\/","title":{"rendered":"Abogado de inmigraci\u00f3n en Marietta"},"content":{"rendered":"<center><iframe loading=\"lazy\" width=\"720\" height=\"480\" src=\"https:\/\/www.youtube.com\/embed\/BUzd1EQIoZM?si=0kv32uDuqw_VPH4g\" title=\"Reproductor de v\u00eddeo de YouTube\" frameborder=\"0\" allow=\"accelerometer; autoplay; clipboard-write; encrypted-media; gyroscope; picture-in-picture; web-share\" referrerpolicy=\"strict-origin-when-cross-origin\" allowfullscreen><\/iframe><\/center>\n\n\n\n<p>En Diaz &amp; Gaeta Law, entendemos que los procesos migratorios pueden ser muy complejos. Las pol\u00edticas migratorias tambi\u00e9n cambian constantemente, lo que dificulta el ajuste de estatus. Obtener informaci\u00f3n en l\u00ednea no es f\u00e1cil y puede causar confusi\u00f3n.<\/p>\n\n\n\n<p>Contratar un abogado de inmigraci\u00f3n en Marietta le ayuda a evitar errores que pueden resultar costosos o retrasar su proceso durante a\u00f1os. No se deje abrumar por los procesos de inmigraci\u00f3n. Diaz &amp; Gaeta Law est\u00e1 aqu\u00ed para garantizar que su proceso de inmigraci\u00f3n sea r\u00e1pido y correcto.<\/p>\n\n\n\n<p>Llama a nuestro <strong><a href=\"https:\/\/dglawga.com\/es\/marietta\/\">Bufete de abogados de Marietta<\/a><\/strong> Hoy a las <a href=\"tel:+16785032780\"><strong>678-503-2780<\/strong><\/a> para programar una consulta gratuita.<\/p>\n\n\n\n<div class=\"wp-block-group has-accent-background-color has-background is-vertical is-layout-flex wp-container-core-group-is-layout-283d9697 wp-block-group-is-layout-flex\" style=\"border-top-left-radius:15px;border-top-right-radius:15px;margin-top:var(--wp--preset--spacing--30)\">\n<h2 class=\"wp-block-heading has-primary-color has-text-color has-link-color wp-elements-4164a61e17ffbe9e8a7446952ec87a5a\" id=\"aioseo-table-of-contents\">TABLA DE CONTENIDO<\/h2>\n<\/div>\n\n\n\n<div class=\"wp-block-group has-background is-vertical is-layout-flex wp-container-core-group-is-layout-d644fc7a wp-block-group-is-layout-flex\" style=\"border-bottom-left-radius:15px;border-bottom-right-radius:15px;background-color:#f3f3f3;margin-top:0\"><div class=\"wp-block-aioseo-table-of-contents\"><ul><li><a class=\"aioseo-toc-item\" href=\"#aioseo-what-is-the-immigration-naturalization-process\">\u00bfQu\u00e9 es el proceso de inmigraci\u00f3n\/naturalizaci\u00f3n?<\/a><ul><li><a class=\"aioseo-toc-item\" href=\"#aioseo-meet-requirements\">Cumplir con los requisitos<\/a><\/li><li><a class=\"aioseo-toc-item\" href=\"#aioseo-complete-application-and-pay-fee\">Complete la solicitud y pague la tarifa<\/a><\/li><li><a class=\"aioseo-toc-item\" href=\"#aioseo-fingerprinting\">Toma de huellas dactilares<\/a><\/li><li><a class=\"aioseo-toc-item\" href=\"#aioseo-interview-and-tests\">Entrevistas y pruebas<\/a><\/li><li><a class=\"aioseo-toc-item\" href=\"#aioseo-oath-of-allegiance\">Juramento de lealtad<\/a><\/li><\/ul><\/li><li><a class=\"aioseo-toc-item\" href=\"#aioseo-what-is-the-process-of-legally-working-in-the-united-states\">\u00bfCu\u00e1l es el proceso para trabajar legalmente en los Estados Unidos?<\/a><\/li><li><a class=\"aioseo-toc-item\" href=\"#aioseo-can-your-firm-represent-me-in-a-deportation-case\">\u00bfPuede su firma representarme en un caso de deportaci\u00f3n?<\/a><\/li><li><a class=\"aioseo-toc-item\" href=\"#aioseo-ways-of-hiring-an-immigration-lawyer-for-a-deportation-case\">Formas de contratar a un abogado de inmigraci\u00f3n para un caso de deportaci\u00f3n<\/a><ul><li><a class=\"aioseo-toc-item\" href=\"#aioseo-check-online\">Consultar en l\u00ednea<\/a><\/li><li><a class=\"aioseo-toc-item\" href=\"#aioseo-use-a-lawyer-bar-association\">Utilice un Colegio de Abogados<\/a><\/li><li><a class=\"aioseo-toc-item\" href=\"#aioseo-ask-friends\">Preg\u00fantale a tus amigos<\/a><\/li><li><a class=\"aioseo-toc-item\" href=\"#aioseo-contact-prospective-immigration-lawyer\">Contacte a un posible abogado de inmigraci\u00f3n<\/a><\/li><li><a class=\"aioseo-toc-item\" href=\"#aioseo-beware-of-consultants\">Cuidado con los consultores<\/a><\/li><li><a class=\"aioseo-toc-item\" href=\"#aioseo-interview-prospective-lawyer\">Entrevista a un posible abogado<\/a><\/li><\/ul><\/li><li><a class=\"aioseo-toc-item\" href=\"#aioseo-benefits-of-hiring-an-immigration-lawyer-in-marietta-to-stop-deportation\">Beneficios de contratar a un abogado de inmigraci\u00f3n en Marietta para detener la deportaci\u00f3n<\/a><\/li><li><a class=\"aioseo-toc-item\" href=\"#aioseo-why-choose-diaz-gaeta-law\">\u00bfPor qu\u00e9 elegir Diaz &amp; Gaeta Law?<\/a><\/li><li><a class=\"aioseo-toc-item\" href=\"#aioseo-have-an-easy-time-navigating-the-us-immigration-process-call-us\">Navega f\u00e1cilmente por el proceso de inmigraci\u00f3n de EE. UU. \u2013 Ll\u00e1manos<\/a><\/li><\/ul><\/div><\/div>\n\n\n\n<h2 class=\"wp-block-heading\" id=\"aioseo-what-is-the-immigration-naturalization-process\">\u00bfQu\u00e9 es el proceso de inmigraci\u00f3n\/naturalizaci\u00f3n?<\/h2>\n\n\n\n<p>El <strong><a href=\"https:\/\/www.uscis.gov\/news\/news-releases\/naturalization-fact-sheet\" target=\"_blank\" rel=\"noopener\">proceso de naturalizaci\u00f3n<\/a><\/strong> Es el proceso legal mediante el cual una persona, ya sea nacional o extranjera, se convierte en ciudadana estadounidense. Su abogado de inmigraci\u00f3n le ayudar\u00e1 a saber c\u00f3mo cumplir con los requisitos para el proceso de naturalizaci\u00f3n. Los requisitos legales garantizan que quienes buscan la ciudadan\u00eda estadounidense lo hagan con sinceridad.<\/p>\n\n\n\n<h4 class=\"wp-block-heading\" id=\"aioseo-meet-requirements\">Cumplir con los requisitos<\/h4>\n\n\n\n<p>Antes de solicitar la ciudadan\u00eda estadounidense, debe cumplir con los siguientes requisitos:;<\/p>\n\n\n\n<ul class=\"wp-block-list\">\n<li>Debe haber cumplido dieciocho a\u00f1os.<\/li>\n\n\n\n<li>Debe ser una persona de buen car\u00e1cter moral.<\/li>\n\n\n\n<li>Puede entender y hablar ingl\u00e9s.<\/li>\n\n\n\n<li>Estar f\u00edsicamente presente durante al menos cinco a\u00f1os al momento de la solicitud.<\/li>\n\n\n\n<li>Debe haber residido permanentemente durante al menos cinco a\u00f1os en los EE. UU. antes de realizar una solicitud.<\/li>\n<\/ul>\n\n\n\n<p>Existen excepciones para el tiempo que pasa fuera del pa\u00eds que su abogado de inmigraci\u00f3n deber\u00eda ayudarle a comprender. Necesita un abogado de inmigraci\u00f3n que le prepare para el proceso de solicitud. Tambi\u00e9n deber\u00eda asesorarle sobre c\u00f3mo afrontar los ex\u00e1menes y las entrevistas.<\/p>\n\n\n\n<h4 class=\"wp-block-heading\" id=\"aioseo-complete-application-and-pay-fee\">Complete la solicitud y pague la tarifa<\/h4>\n\n\n\n<p>Debe completar su solicitud con precisi\u00f3n. Despu\u00e9s de presentarla, deber\u00e1 permanecer en EE. UU. hasta que finalice el proceso de naturalizaci\u00f3n. Para completar la solicitud, deber\u00e1:;<\/p>\n\n\n\n<ul class=\"wp-block-list\">\n<li>Obtenga dos fotograf\u00edas de acuerdo con los requisitos de la ley de inmigraci\u00f3n.<\/li>\n\n\n\n<li>Proporcionar todos los documentos necesarios.<\/li>\n\n\n\n<li>Pagar las tasas de presentaci\u00f3n.<\/li>\n\n\n\n<li>Env\u00ede su solicitud y documentos al centro de servicio solicitado.<\/li>\n\n\n\n<li>Complete el formulario N-400.<\/li>\n<\/ul>\n\n\n\n<p>Debe pagar una tarifa de naturalizaci\u00f3n para el tr\u00e1mite, seg\u00fan lo establecido por el Departamento de Seguridad Nacional. Es importante tener en cuenta que estas tarifas no son reembolsables.<\/p>\n\n\n\n<h4 class=\"wp-block-heading\" id=\"aioseo-fingerprinting\">Toma de huellas dactilares<\/h4>\n\n\n\n<p>Tambi\u00e9n es necesario que le tomen las huellas dactilares durante el proceso de naturalizaci\u00f3n. Esto se hace para garantizar que no se cometan actos de fraude. Deber\u00eda recibir una cita del Servicio de Ciudadan\u00eda e Inmigraci\u00f3n de los Estados Unidos (USCIS), indic\u00e1ndole que acuda al centro donde se toman las huellas dactilares. Si las autoridades solicitan requisitos adicionales, no dude en enviarles los documentos por correo.<\/p>\n\n\n\n<h4 class=\"wp-block-heading\" id=\"aioseo-interview-and-tests\">Entrevistas y pruebas<\/h4>\n\n\n\n<p>Tambi\u00e9n deber\u00e1 pasar por una entrevista y realizar varios ex\u00e1menes. Le dar\u00e1n una cita para ello. Aseg\u00farese de presentarse en las oficinas a la hora indicada. Se espera que lleve consigo sus documentos de identificaci\u00f3n. Solo tiene que realizar los ex\u00e1menes de ingl\u00e9s y educaci\u00f3n c\u00edvica seg\u00fan lo recomendado por su abogado de inmigraci\u00f3n.<\/p>\n\n\n\n<h4 class=\"wp-block-heading\" id=\"aioseo-oath-of-allegiance\">Juramento de lealtad<\/h4>\n\n\n\n<p>Si recibe una decisi\u00f3n de la entrevista y el examen que indique que tuvo \u00e9xito, se someter\u00e1 a un proceso adicional: el juramento de lealtad. En este \u00faltimo paso, usted:;<\/p>\n\n\n\n<ul class=\"wp-block-list\">\n<li>Obtenga una fecha para la ceremonia.<\/li>\n\n\n\n<li>Registrarse en la ceremonia.<\/li>\n\n\n\n<li>Entregue su tarjeta de residente permanente.<\/li>\n\n\n\n<li>Informe a las autoridades lo que ha estado haciendo desde la entrevista.<\/li>\n\n\n\n<li>Toma el juramento de lealtad.<\/li>\n<\/ul>\n\n\n\n<h2 class=\"wp-block-heading\" id=\"aioseo-what-is-the-process-of-legally-working-in-the-united-states\">\u00bfCu\u00e1l es el proceso para trabajar legalmente en los Estados Unidos?<\/h2>\n\n\n\n<p>Para trabajar en los EE. UU., debe tener un permiso de trabajo conocido como <strong><a href=\"https:\/\/www.uscis.gov\/green-card\/green-card-processes-and-procedures\/employment-authorization-document\" target=\"_blank\" rel=\"noopener\">Documento de Autorizaci\u00f3n de Empleo<\/a><\/strong> (EAD). Los permisos de trabajo son otorgados por el Servicio de Ciudadan\u00eda e Inmigraci\u00f3n de Estados Unidos. Los EAD suelen tener una validez anual y, por lo tanto, son renovables y reemplazables. Su abogado de inmigraci\u00f3n podr\u00e1 brindarle la orientaci\u00f3n adecuada para obtener un EAD.<br>El Documento de Autorizaci\u00f3n de Empleo (EAD) acredita que tiene permiso para trabajar en EE. UU. Si es residente permanente o ciudadano estadounidense, no necesita solicitar un EAD. Puede obtener el EAD si:<\/p>\n\n\n\n<ul class=\"wp-block-list\">\n<li>Un estudiante que busca un tipo espec\u00edfico de empleo.<\/li>\n\n\n\n<li>Un refugiado.<\/li>\n\n\n\n<li>Solicitante de asilo.<\/li>\n\n\n\n<li>Un nacional de otro pa\u00eds a quien se le ha concedido el estatus de protecci\u00f3n temporal.<\/li>\n\n\n\n<li>Un ciudadano extranjero en la etapa final de b\u00fasqueda de la residencia permanente.<\/li>\n\n\n\n<li>Un c\u00f3nyuge o prometido de un ciudadano estadounidense.<\/li>\n\n\n\n<li>C\u00f3nyuge J-2 o hijos menores de visitantes de intercambio.<\/li>\n\n\n\n<li style=\"padding-bottom:var(--wp--preset--spacing--20)\">Un dependiente de un funcionario de un gobierno extranjero.<\/li>\n<\/ul>\n\n\n\n<figure class=\"wp-block-image aligncenter size-full\" style=\"margin-top:var(--wp--preset--spacing--20);margin-bottom:var(--wp--preset--spacing--20)\"><img loading=\"lazy\" decoding=\"async\" width=\"500\" height=\"333\" src=\"https:\/\/dglawga.com\/wp-content\/uploads\/2025\/06\/work-visa-immigration-diaz.jpg?wsr\" alt=\"\" class=\"wp-image-7798\" srcset=\"https:\/\/dglawga.com\/wp-content\/uploads\/2025\/06\/work-visa-immigration-diaz.jpg 500w, https:\/\/dglawga.com\/wp-content\/uploads\/2025\/06\/work-visa-immigration-diaz-300x200.jpg 300w\" sizes=\"auto, (max-width: 500px) 100vw, 500px\" \/><\/figure>\n\n\n\n<p class=\"has-text-align-left\" style=\"border-radius:15px\"><br>Para solicitar un Documento de Autorizaci\u00f3n de Empleo, consulte el sitio web del Servicio de Ciudadan\u00eda e Inmigraci\u00f3n de los Estados Unidos. No dude en consultar con un abogado de inmigraci\u00f3n en Marietta para facilitar el proceso.<\/p>\n\n\n\n<p class=\"has-text-align-left\" style=\"border-radius:15px\"><br>Si necesita renovar un Documento de Autorizaci\u00f3n de Empleo, debe solicitarlo. Debe utilizar el Formulario de Solicitud 1-765. Puede solicitar la renovaci\u00f3n de un Documento de Autorizaci\u00f3n de Empleo antes de que el anterior caduque, pero no m\u00e1s de seis meses antes de su fecha de vencimiento.<\/p>\n\n\n\n<p class=\"has-text-align-left\" style=\"border-radius:15px\"><br>Debe reemplazar su Documento de Autorizaci\u00f3n de Empleo si se lo roban o contiene informaci\u00f3n incorrecta. En estos casos, deber\u00e1 presentar un nuevo Formulario 1-765 y pagar una tarifa de presentaci\u00f3n. Un abogado de inmigraci\u00f3n deber\u00eda ayudarle a obtener una exenci\u00f3n de la tarifa de presentaci\u00f3n para este tipo de solicitud.<\/p>\n\n\n\n<p class=\"has-text-align-left\" style=\"border-radius:15px\"><br>Los empleadores esperan que usted proporcione los documentos originales de su Autorizaci\u00f3n de Empleo durante el proceso de contrataci\u00f3n. Deben verificar su elegibilidad y registrar sus datos en el formulario 1-9.<\/p>\n\n\n\n<h2 class=\"wp-block-heading\" id=\"aioseo-can-your-firm-represent-me-in-a-deportation-case\">\u00bfPuede su firma representarme en un caso de deportaci\u00f3n?<\/h2>\n\n\n\n<p>\u00a1S\u00ed!<br>\u00bfEst\u00e1s enfrentando? <strong><a href=\"https:\/\/www.usa.gov\/deportation\" target=\"_blank\" rel=\"noopener\">deportaci\u00f3n<\/a><\/strong>La deportaci\u00f3n puede ser una experiencia extremadamente desagradable y aterradora. Busque asesor\u00eda legal lo antes posible para evitar ser separado de su trabajo, su familia y su vida. \u00a1Llame hoy mismo a nuestros abogados de inmigraci\u00f3n en Marietta para obtener ayuda con su caso de deportaci\u00f3n!<\/p>\n\n\n\n<h2 class=\"wp-block-heading\" id=\"aioseo-ways-of-hiring-an-immigration-lawyer-for-a-deportation-case\">Formas de contratar a un abogado de inmigraci\u00f3n para un caso de deportaci\u00f3n<\/h2>\n\n\n\n<p>La mayor\u00eda de las leyes de inmigraci\u00f3n no le resultar\u00e1n evidentes incluso despu\u00e9s de leerlas. Los abogados de inmigraci\u00f3n le ayudan a comprenderlas a fondo y a desarrollar argumentos s\u00f3lidos. Algunas maneras de contratar a un abogado de inmigraci\u00f3n en Marietta incluyen:<\/p>\n\n\n\n<h4 class=\"wp-block-heading\" id=\"aioseo-check-online\">Consultar en l\u00ednea<\/h4>\n\n\n\n<p>Hay numerosas referencias en internet que podr\u00edas usar. Revisa el perfil del abogado para ver qu\u00e9 casos maneja. Considera verificar su licencia de abogado de inmigraci\u00f3n y confirmar que sea v\u00e1lida. Preg\u00fantale sobre cualquier caso disciplinario que haya enfrentado.<\/p>\n\n\n\n<h4 class=\"wp-block-heading\" id=\"aioseo-use-a-lawyer-bar-association\">Utilice un Colegio de Abogados<\/h4>\n\n\n\n<p>La mayor\u00eda de los abogados pertenecen a colegios de abogados. Estos colegios pueden ser voluntarios u obligatorios. Estos colegios suelen tener un \u00e1rea de pr\u00e1ctica com\u00fan. Puede acceder f\u00e1cilmente a servicios de referencia de los colegios de abogados que le ayudar\u00e1n a encontrar un buen abogado para su caso.<\/p>\n\n\n\n<h4 class=\"wp-block-heading\" id=\"aioseo-ask-friends\">Preg\u00fantale a tus amigos<\/h4>\n\n\n\n<p>Los amigos son una de las mejores maneras de conseguir un abogado. Supongamos que alguno de tus amigos ya ha recurrido a un abogado; podr\u00eda ayudarte poni\u00e9ndote en contacto con \u00e9l. Si el abogado no lleva casos como el tuyo, son una excelente manera de contactar con colegas abogados que puedan llevar tu caso. Las referencias te dan la ventaja de conocer la experiencia del abogado.<\/p>\n\n\n\n<h4 class=\"wp-block-heading\" id=\"aioseo-contact-prospective-immigration-lawyer\">Contacte a un posible abogado de inmigraci\u00f3n<\/h4>\n\n\n\n<p>Despu\u00e9s de reducir su lista a unos pocos abogados de inmigraci\u00f3n, cont\u00e1ctelos para obtener informaci\u00f3n que le ayude a tomar su decisi\u00f3n final. Enviar mensajes masivos podr\u00eda no ser lo suficientemente atractivo para un abogado de inmigraci\u00f3n. Podr\u00edan considerarlo alguien que trata una situaci\u00f3n seria con indiferencia y optar por no hacerlo.<\/p>\n\n\n\n<p><br>Procure enviar mensajes o correos electr\u00f3nicos personalizados para dejar claro a los abogados de inmigraci\u00f3n que no est\u00e1 actuando de forma imprudente. Los correos electr\u00f3nicos son mejores, ya que algunos abogados tienen prohibido usar mensajes de texto al contactar a sus clientes.<\/p>\n\n\n\n<h4 class=\"wp-block-heading\" id=\"aioseo-beware-of-consultants\">Cuidado con los consultores<\/h4>\n\n\n\n<p>En Estados Unidos, los consultores no est\u00e1n autorizados a ejercer la abogac\u00eda. Su funci\u00f3n es presenciar la firma de documentos legales. Los consultores tienen derecho a ejercer la abogac\u00eda en algunos estados y pa\u00edses, pero no en Estados Unidos. Si es posible, evite a los consultores por todos los medios.<\/p>\n\n\n\n<h4 class=\"wp-block-heading\" id=\"aioseo-interview-prospective-lawyer\">Entrevista a un posible abogado<\/h4>\n\n\n\n<p>Antes de contratar a un abogado de inmigraci\u00f3n, haga todas las preguntas posibles para asegurarse de tener toda la informaci\u00f3n necesaria y evitar sorpresas desagradables. Inf\u00f3rmese si el posible abogado de inmigraci\u00f3n est\u00e1 familiarizado con casos similares al suyo.<\/p>\n\n\n\n<p><br>Si acepta contratar a un abogado, inf\u00f3rmese sobre su m\u00e9todo de pago preferido. Algunos abogados de inmigraci\u00f3n prefieren pagos por hora, mientras que otros le pedir\u00e1n pagos mensuales. Otros podr\u00edan exigirle un anticipo.<\/p>\n\n\n\n<figure class=\"wp-block-image aligncenter size-full\"><img loading=\"lazy\" decoding=\"async\" width=\"500\" height=\"333\" src=\"https:\/\/dglawga.com\/wp-content\/uploads\/2025\/06\/Marietta-immigration-lawyer-2-diaz.jpg?wsr\" alt=\"\" class=\"wp-image-7800\" srcset=\"https:\/\/dglawga.com\/wp-content\/uploads\/2025\/06\/Marietta-immigration-lawyer-2-diaz.jpg 500w, https:\/\/dglawga.com\/wp-content\/uploads\/2025\/06\/Marietta-immigration-lawyer-2-diaz-300x200.jpg 300w\" sizes=\"auto, (max-width: 500px) 100vw, 500px\" \/><\/figure>\n\n\n\n<h2 class=\"wp-block-heading\" id=\"aioseo-benefits-of-hiring-an-immigration-lawyer-in-marietta-to-stop-deportation\">Beneficios de contratar a un abogado de inmigraci\u00f3n en Marietta para detener la deportaci\u00f3n<\/h2>\n\n\n\n<p>\u00bfSe enfrenta a un caso de deportaci\u00f3n? No crea err\u00f3neamente que los abogados de inmigraci\u00f3n se compadecer\u00e1n de usted cuando presente una historia triste. No puede confiar en los abogados de inmigraci\u00f3n porque se espera que act\u00faen con imparcialidad. Estas son las razones por las que siempre deber\u00eda recurrir a un abogado de inmigraci\u00f3n en un caso de deportaci\u00f3n:<\/p>\n\n\n\n<ul class=\"wp-block-list\">\n<li>Los abogados de inmigraci\u00f3n pueden ayudarle a argumentar que los cargos contra usted son falsos.<br><\/li>\n\n\n\n<li>Los abogados de inmigraci\u00f3n tambi\u00e9n pueden ayudarle a comprobar su ciudadan\u00eda.<br><\/li>\n\n\n\n<li>Tambi\u00e9n podr\u00edan argumentar que usted califica para asilo. Los abogados lo hacen demostrando que podr\u00eda sufrir persecuci\u00f3n o temor a ser perseguido si regresa a su pa\u00eds.<br><\/li>\n\n\n\n<li>A trav\u00e9s de un abogado de inmigraci\u00f3n, es f\u00e1cil convencer a un juez para que le ofrezca una tarjeta verde. Esto se logra, por ejemplo, demostrando que es familiar directo de un ciudadano estadounidense.<br><\/li>\n\n\n\n<li>Los abogados de inmigraci\u00f3n tambi\u00e9n pueden ayudarle a presentar una solicitud de cancelaci\u00f3n de deportaci\u00f3n. Mediante esta solicitud, los extranjeros de buena reputaci\u00f3n pueden acceder a la residencia permanente (Green Card) siempre que tengan v\u00ednculos estrechos y hayan residido en Estados Unidos durante varios a\u00f1os.<br><\/li>\n\n\n\n<li>Los abogados de inmigraci\u00f3n tambi\u00e9n tienen experiencia en solicitar discreci\u00f3n procesal. En tales casos, argumentan bas\u00e1ndose en su buena reputaci\u00f3n y v\u00ednculos familiares. Un abogado de inmigraci\u00f3n argumentar\u00e1 que su caso debe cerrarse y que las autoridades se centren en otras personas que representan una amenaza real.<br><\/li>\n\n\n\n<li>Los abogados de inmigraci\u00f3n aumentan las posibilidades de ganar un caso de deportaci\u00f3n. Le ayudan a completar los formularios necesarios y a obtener pruebas documentales. Tambi\u00e9n le brindan la oportunidad de resumir la informaci\u00f3n importante y le ayudan a prepararse para una audiencia judicial.<\/li>\n<\/ul>\n\n\n\n<h2 class=\"wp-block-heading\" id=\"aioseo-why-choose-diaz-gaeta-law\">\u00bfPor qu\u00e9 elegir Diaz &amp; Gaeta Law?<\/h2>\n\n\n\n<p>Diaz &amp; Gaeta Law es una firma biling\u00fce. Fue fundada por dos activistas hijos de inmigrantes con amplios conocimientos sobre inmigraci\u00f3n. Diaz &amp; Gaeta Law cuenta con un equipo que trabaja estrat\u00e9gicamente para gestionar casos complejos. Estas son las razones por las que deber\u00eda elegir Diaz &amp; Gaeta Law:<\/p>\n\n\n\n<ul class=\"wp-block-list\">\n<li><strong>Calidad:<\/strong> Diaz &amp; Gaeta Law le ofrece abogados de alta calidad que pueden manejar todos sus casos de inmigraci\u00f3n. Nuestros costos justifican la calidad de nuestros servicios. Le permitimos evaluar a cualquier abogado con el que le gustar\u00eda trabajar para eliminar cualquier duda.<br><\/li>\n\n\n\n<li><strong>Abogados acreditados:<\/strong> Los abogados de Diaz &amp; Gaeta Law est\u00e1n todos acreditados. Diaz &amp; Gaeta Law tambi\u00e9n se especializa en <a href=\"https:\/\/dglawga.com\/es\/marietta\/abogado-defensor-penal-2\/\">defensa penal<\/a>, Tambi\u00e9n podemos ayudarle si enfrenta cargos criminales.<br><\/li>\n\n\n\n<li><strong>Precios justos y por adelantado:<\/strong> En Diaz &amp; Gaeta Law, somos transparentes en los precios y ofrecemos una consulta gratuita.<br><\/li>\n\n\n\n<li><strong>Experiencia en Inmigraci\u00f3n:<\/strong> En Diaz &amp; Gaeta Law, llevamos a\u00f1os ejerciendo y hemos gestionado con \u00e9xito cientos de casos de inmigraci\u00f3n. Nuestra especializaci\u00f3n en inmigraci\u00f3n le garantiza la mejor representaci\u00f3n.<br><\/li>\n\n\n\n<li><strong>Disponibilidad:<\/strong> En nuestra firma, siempre dedicamos tiempo a nuestros clientes. Respondemos con rapidez a cualquier consulta. Adem\u00e1s, le garantizamos un abogado de respaldo si el que le est\u00e1 atendiendo no est\u00e1 disponible.<br><\/li>\n\n\n\n<li><strong>Soluciones creativas:<\/strong> Le ofrecemos soluciones creativas basadas en a\u00f1os de experiencia, an\u00e1lisis, investigaci\u00f3n y estrategias innovadoras. Nuestros abogados siempre crean nuevas soluciones para nuevos problemas.<br><\/li>\n\n\n\n<li><strong>Compasi\u00f3n y habilidades sociales:<\/strong> Somos razonables y persuasivos. Evitamos las discusiones al manejar los casos. Tambi\u00e9n mostramos verdadera preocupaci\u00f3n y respeto por las personas.<br><\/li>\n\n\n\n<li><strong>Buen juicio:<\/strong> Tenemos \u00e9xito en nuestra pr\u00e1ctica porque tenemos la capacidad de emitir buenos juicios. Extraemos conclusiones l\u00f3gicas de diversas situaciones y variables. Somos decisivos y presentamos argumentos razonables.<\/li>\n<\/ul>\n\n\n\n<figure class=\"wp-block-image aligncenter\" style=\"margin-top:var(--wp--preset--spacing--20);margin-bottom:var(--wp--preset--spacing--20)\"><a href=\"https:\/\/dglawga.com\/wp-content\/uploads\/2023\/01\/immigration-attorney-diaz-gaeta-copy.jpg\"><img decoding=\"async\" src=\"https:\/\/dglawga.com\/wp-content\/uploads\/2023\/01\/immigration-attorney-diaz-gaeta-copy.jpg\" alt=\"La abogada de inmigraci\u00f3n Jessica Calmes est\u00e1 lista para representarlo. \"\/><\/a><\/figure>\n\n\n\n<h2 class=\"wp-block-heading\" id=\"aioseo-have-an-easy-time-navigating-the-us-immigration-process-call-us\">Navega f\u00e1cilmente por el proceso de inmigraci\u00f3n de EE. UU. \u2013 Ll\u00e1manos<\/h2>\n\n\n\n<p>Antes de decidir contactar a un abogado de inmigraci\u00f3n, podr\u00eda sentirse amenazado y expuesto. \u00a1No ceda a la presi\u00f3n! Nunca elija un abogado sin investigarlo a fondo. Necesita representaci\u00f3n legal profesional y experta para ganar casos de inmigraci\u00f3n.<\/p>\n\n\n\n<p><br>Al solicitar la naturalizaci\u00f3n, contacte a un abogado de inmigraci\u00f3n para que lo mantenga al tanto de los tr\u00e1mites. Aseg\u00farese de obtener ayuda de un abogado de inmigraci\u00f3n experto si se enfrenta a un caso de deportaci\u00f3n.<\/p>\n\n\n\n<p><br>\u00bfQuieres trabajar con el mejor abogado de inmigraci\u00f3n en Marietta? Cont\u00e1ctanos.&nbsp;<a href=\"https:\/\/dglawga.com\/es\/\">D\u00edaz y Gaeta<\/a> en <a href=\"tel:+16785032780\"><strong>678-503-2780<\/strong><\/a> Hoy para una consulta gratuita.<\/p>","protected":false},"excerpt":{"rendered":"<p>Diaz &amp; Gaeta Law, we understand that immigration processes can be very complex. Immigration policies are also constantly changing, making it difficult to adjust your status. Getting information online is not very easy and can cause confusion. Getting an immigration lawyer in Marietta helps you avoid mistakes that can be financially costly or set you [&hellip;]<\/p>\n","protected":false},"author":34,"featured_media":0,"parent":1854,"menu_order":0,"comment_status":"closed","ping_status":"closed","template":"wp-custom-template-marietta-services","meta":{"_acf_changed":false,"_themeisle_gutenberg_block_has_review":false,"footnotes":""},"categories":[50],"tags":[124,123,120,21,122,59,126,58,121,125,119,26,118,116,117,22,142,143],"class_list":["post-1900","page","type-page","status-publish","hentry","category-marietta-location","tag-abogado-coche-acidente","tag-abogado-gratis","tag-attorney-lawyer","tag-car-accidents","tag-car-accidents-lawyer","tag-family-law","tag-imigracion-abogados","tag-immigration","tag-immigration-lawyer","tag-marietta-abogado","tag-marietta-lawyer","tag-personal-injury","tag-top-lawyer-in-marietta","tag-top-lawyers-in-atlanta","tag-top-lawyers-in-smyrna","tag-truck-accident","tag-truck-accident-attorneys","tag-truck-crash"],"acf":[],"aioseo_notices":[],"_links":{"self":[{"href":"https:\/\/dglawga.com\/es\/wp-json\/wp\/v2\/pages\/1900","targetHints":{"allow":["GET"]}}],"collection":[{"href":"https:\/\/dglawga.com\/es\/wp-json\/wp\/v2\/pages"}],"about":[{"href":"https:\/\/dglawga.com\/es\/wp-json\/wp\/v2\/types\/page"}],"author":[{"embeddable":true,"href":"https:\/\/dglawga.com\/es\/wp-json\/wp\/v2\/users\/34"}],"replies":[{"embeddable":true,"href":"https:\/\/dglawga.com\/es\/wp-json\/wp\/v2\/comments?post=1900"}],"version-history":[{"count":11,"href":"https:\/\/dglawga.com\/es\/wp-json\/wp\/v2\/pages\/1900\/revisions"}],"predecessor-version":[{"id":7802,"href":"https:\/\/dglawga.com\/es\/wp-json\/wp\/v2\/pages\/1900\/revisions\/7802"}],"up":[{"embeddable":true,"href":"https:\/\/dglawga.com\/es\/wp-json\/wp\/v2\/pages\/1854"}],"wp:attachment":[{"href":"https:\/\/dglawga.com\/es\/wp-json\/wp\/v2\/media?parent=1900"}],"wp:term":[{"taxonomy":"category","embeddable":true,"href":"https:\/\/dglawga.com\/es\/wp-json\/wp\/v2\/categories?post=1900"},{"taxonomy":"post_tag","embeddable":true,"href":"https:\/\/dglawga.com\/es\/wp-json\/wp\/v2\/tags?post=1900"}],"curies":[{"name":"wp","href":"https:\/\/api.w.org\/{rel}","templated":true}]}}