{"id":1902,"date":"2022-06-07T15:13:14","date_gmt":"2022-06-07T15:13:14","guid":{"rendered":"https:\/\/diazgaetalaw.wpengine.com\/?page_id=1902"},"modified":"2025-06-15T09:04:01","modified_gmt":"2025-06-15T14:04:01","slug":"abogado-de-derecho-de-familia","status":"publish","type":"page","link":"https:\/\/dglawga.com\/es\/areas-we-serve\/marietta\/family-law-attorney\/","title":{"rendered":"Abogado de derecho de familia en Marietta"},"content":{"rendered":"<p>Divorciarse no es tan sencillo como firmar. Se trata de comprender los hechos del caso, c\u00f3mo debe presentarse seg\u00fan las regulaciones de Georgia y qu\u00e9 optimizar\u00e1 su proceso de aqu\u00ed en adelante. Aqu\u00ed es donde un abogado de derecho familiar en Marietta puede ayudarle.<\/p>\n\n\n\n<p>En D\u00edaz &amp; Gaeta somos una firma acreditada <strong><a href=\"https:\/\/dglawga.com\/es\/marietta\/\">Bufete de abogados de Marietta<\/a><\/strong> que ha ayudado a clientes en el pasado con sus procesos de divorcio. Contamos con experiencia en el manejo de casos de derecho familiar y reconocemos la importancia de que nuestros clientes reciban la atenci\u00f3n adecuada durante todo el proceso.<\/p>\n\n\n\n<p>Nuestra atenci\u00f3n al detalle y pasi\u00f3n por ayudarle con divorcios, custodia de menores y otros casos de derecho familiar le garantizar\u00e1n asesoramiento profesional. Para saber m\u00e1s sobre lo que podemos hacer por usted, cont\u00e1ctenos en <a href=\"tel:+16785032780\"><strong>678-503-2780<\/strong><\/a> Para programar una consulta gratuita, nos aseguraremos de hacer todo lo posible para obtener buenos resultados.<\/p>\n\n\n\n<div class=\"wp-block-group has-accent-background-color has-background is-vertical is-layout-flex wp-container-core-group-is-layout-283d9697 wp-block-group-is-layout-flex\" style=\"border-top-left-radius:15px;border-top-right-radius:15px;margin-top:var(--wp--preset--spacing--30)\">\n<h2 class=\"wp-block-heading has-primary-color has-text-color has-link-color wp-elements-4164a61e17ffbe9e8a7446952ec87a5a\" id=\"aioseo-table-of-contents\">TABLA DE CONTENIDO<\/h2>\n<\/div>\n\n\n\n<div class=\"wp-block-group has-background is-vertical is-layout-flex wp-container-core-group-is-layout-d644fc7a wp-block-group-is-layout-flex\" style=\"border-bottom-left-radius:15px;border-bottom-right-radius:15px;background-color:#f3f3f3;margin-top:0\"><div class=\"wp-block-aioseo-table-of-contents\"><ul><li><a class=\"aioseo-toc-item\" href=\"#https:\/\/dglawga.com\/\">EN<\/a><\/li><li><a class=\"aioseo-toc-item\" href=\"#aioseo-what-qualifies-as-a-family-law-case\">\u00bfQu\u00e9 se considera un caso de derecho de familia?<\/a><\/li><li><a class=\"aioseo-toc-item\" href=\"#aioseo-what-are-the-grounds-for-divorce-in-georgia\">\u00bfCu\u00e1les son los motivos de divorcio en Georgia?<\/a><\/li><li><a class=\"aioseo-toc-item\" href=\"#aioseo-how-do-you-start-the-divorce-process\">\u00bfC\u00f3mo iniciar el proceso de divorcio?<\/a><ul><li><a class=\"aioseo-toc-item\" href=\"#aioseo-consult-with-a-family-law-attorney-in-marietta\">Consulte con un abogado de derecho familiar en Marietta<\/a><\/li><li><a class=\"aioseo-toc-item\" href=\"#aioseo-file-a-divorce-application\">Presentar una solicitud de divorcio<\/a><\/li><li><a class=\"aioseo-toc-item\" href=\"#aioseo-pay-the-court-fees\">Pagar las tasas judiciales<\/a><\/li><li><a class=\"aioseo-toc-item\" href=\"#aioseo-follow-court-procedures\">Siga los procedimientos judiciales<\/a><\/li><\/ul><\/li><li><a class=\"aioseo-toc-item\" href=\"#aioseo-how-does-the-division-of-property-work-in-georgia\">\u00bfC\u00f3mo funciona la divisi\u00f3n de propiedad en Georgia?<\/a><\/li><li><a class=\"aioseo-toc-item\" href=\"#aioseo-how-is-child-custody-decided\">\u00bfC\u00f3mo se decide la custodia de los hijos?<\/a><\/li><li><a class=\"aioseo-toc-item\" href=\"#aioseo-what-is-alimony-and-how-is-it-decided\">\u00bfQu\u00e9 es la pensi\u00f3n alimenticia y c\u00f3mo se decide?<\/a><\/li><li><a class=\"aioseo-toc-item\" href=\"#aioseo-call-a-top-marietta-family-lawyer-today\">\u00a1Llame hoy a un excelente abogado de familia de Marietta!<\/a><\/li><\/ul><\/div><\/div>\n\n\n\n<h2 class=\"wp-block-heading\" id=\"aioseo-what-qualifies-as-a-family-law-case\">\u00bfQu\u00e9 se considera un caso de derecho de familia?<\/h2>\n\n\n\n<p>El derecho de familia se ocupa de casos civiles que involucran cuestiones familiares que afectan a c\u00f3nyuges, padres e hijos.<\/p>\n\n\n\n<p>Algunos casos son m\u00e1s sencillos que otros. Por eso, lo ideal es acudir a un bufete de abogados competente como D\u00edaz &amp; Gaeta. Este bufete se esforzar\u00e1 por comprender el problema subyacente y c\u00f3mo debe presentarse ante un tribunal.<\/p>\n\n\n\n<p>Los casos de derecho de familia incluyen:<\/p>\n\n\n\n<ul class=\"wp-block-list\">\n<li>Divorcio contencioso y no contencioso.<\/li>\n\n\n\n<li>Derechos de los padres, custodia de los hijos y manutenci\u00f3n de los hijos.<\/li>\n\n\n\n<li>Acuerdos de manutenci\u00f3n conyugal y pensi\u00f3n alimenticia.<\/li>\n\n\n\n<li>Cambios de nombre legales en Georgia.<\/li>\n\n\n\n<li>\u00d3rdenes de restricci\u00f3n.<\/li>\n\n\n\n<li>Casos DSS.<\/li>\n<\/ul>\n\n\n\n<p>Lo mejor es hablar con un abogado acreditado cuando se encuentra en una situaci\u00f3n como esta. En D\u00edaz &amp; Gaeta, estamos bien preparados para ayudarle y nos aseguraremos de que todo se haga con profesionalismo. Para obtener m\u00e1s informaci\u00f3n sobre lo que nuestro bufete de abogados ofrece en Georgia, ll\u00e1menos al <a href=\"tel:+16785032780\"><strong>678-503-2780<\/strong><\/a>.<\/p>\n\n\n\n<h2 class=\"wp-block-heading\" id=\"aioseo-what-are-the-grounds-for-divorce-in-georgia\">\u00bfCu\u00e1les son los motivos de divorcio en Georgia?<\/h2>\n\n\n\n<p>No es f\u00e1cil encontrarse en una situaci\u00f3n en la que se busca solicitar el divorcio. Esto puede generar un escenario en el que se intenta determinar qu\u00e9 es aceptable y qu\u00e9 no es legal. Esto incluye c\u00f3mo se presentar\u00e1 la solicitud de divorcio y qu\u00e9 incluir\u00e1.<\/p>\n\n\n\n<p>Para empezar, quieres saber qu\u00e9 es <strong><a href=\"http:\/\/ga.elaws.us\/law\/section19-5-3\" target=\"_blank\" rel=\"noopener nofollow\">Los motivos de divorcio en Georgia son:<\/a><\/strong>. Esto puede arrojar luz sobre sus opciones y c\u00f3mo se presentar\u00e1 el caso.<\/p>\n\n\n\n<p>Estos pueden incluir:<\/p>\n\n\n\n<ul class=\"wp-block-list\">\n<li>Adulterio.<\/li>\n\n\n\n<li>Diferencias irreconciliables.<\/li>\n\n\n\n<li>Deserci\u00f3n voluntaria.<\/li>\n\n\n\n<li>Crueldad extrema.<\/li>\n\n\n\n<li>Locura.<\/li>\n\n\n\n<li>Negligencia intencional.<\/li>\n\n\n\n<li>Ciertos delitos penales.<\/li>\n\n\n\n<li>Alcoholismo o intemperancia habitual.<\/li>\n<\/ul>\n\n\n\n<p>Analice su caso con un abogado de derecho familiar de confianza en Marietta. Esto le permitir\u00e1 comprender mejor sus opciones de cara al futuro, lo cual es esencial para hacer las cosas bien. Para obtener m\u00e1s informaci\u00f3n, ll\u00e1menos al <a href=\"tel:+16785032780\"><strong>678-503-2780<\/strong><\/a>.<\/p>\n\n\n\n<h2 class=\"wp-block-heading\" id=\"aioseo-how-do-you-start-the-divorce-process\">\u00bfC\u00f3mo iniciar el proceso de divorcio?<\/h2>\n\n\n\n<p>A medida que comprenda los pormenores del proceso de divorcio, es importante comenzar con buen pie. El proceso de divorcio consta de una serie de pasos que deben seguirse. Le conviene consultar con un abogado para comprender mejor sus requisitos.<\/p>\n\n\n\n<h4 class=\"wp-block-heading\" id=\"aioseo-consult-with-a-family-law-attorney-in-marietta\">Consulte con un abogado de derecho familiar en Marietta<\/h4>\n\n\n\n<p>Lo primero que querr\u00e1 hacer es hablar con un abogado especializado en divorcios. El objetivo es contar con alguien que lleve mucho tiempo trabajando en esto. Esto le brindar\u00e1 tranquilidad y le permitir\u00e1 concentrarse en obtener los resultados que busca.<\/p>\n\n\n\n<p>No es f\u00e1cil pasar por este proceso solo, y no tiene por qu\u00e9 hacerlo. Diaz &amp; Gaeta est\u00e1 listo para ayudarle en cualquier momento y le guiar\u00e1 en cada fase del proceso. Esto incluye la presentaci\u00f3n de la solicitud de divorcio y asegurar su correcta tramitaci\u00f3n.<\/p>\n\n\n\n<h4 class=\"wp-block-heading\" id=\"aioseo-file-a-divorce-application\">Presentar una solicitud de divorcio<\/h4>\n\n\n\n<p>Tambi\u00e9n querr\u00e1s seguir adelante con <strong><a href=\"https:\/\/georgia.gov\/file-divorce\" target=\"_blank\" rel=\"noopener nofollow\">solicitando el divorcio<\/a><\/strong>. El abogado se reunir\u00e1 con usted para analizar cada detalle uno por uno. El objetivo es comprender mejor sus opciones y luego buscar una soluci\u00f3n confiable. Si no lo hace, es posible que la solicitud no contenga informaci\u00f3n precisa.<\/p>\n\n\n\n<p>Diaz &amp; Gaeta se asegurar\u00e1 de brindarle asesoramiento s\u00f3lido durante el proceso. Esto incluye lo que debe incluirse en la solicitud y los aspectos a considerar. Esta informaci\u00f3n le ayudar\u00e1 a definir el proceso de ahora en adelante.<\/p>\n\n\n\n<figure class=\"wp-block-image aligncenter\"><a href=\"https:\/\/dglawga.com\/wp-content\/uploads\/2022\/06\/marietta-family-law-attorney-diaz.jpg\"><img loading=\"lazy\" decoding=\"async\" width=\"500\" height=\"333\" src=\"https:\/\/dglawga.com\/wp-content\/uploads\/2022\/06\/marietta-family-law-attorney-diaz.jpg\" alt=\"divorcio, concepto de abogado de derecho de familia en Marietta\" class=\"wp-image-2791\" srcset=\"https:\/\/dglawga.com\/wp-content\/uploads\/2022\/06\/marietta-family-law-attorney-diaz.jpg 500w, https:\/\/dglawga.com\/wp-content\/uploads\/2022\/06\/marietta-family-law-attorney-diaz-300x200.jpg 300w\" sizes=\"auto, (max-width: 500px) 100vw, 500px\" \/><\/a><\/figure>\n\n\n\n<h4 class=\"wp-block-heading\" id=\"aioseo-pay-the-court-fees\">Pagar las tasas judiciales<\/h4>\n\n\n\n<p>Tambi\u00e9n deber\u00e1 pagar las costas judiciales. Con nuestro equipo legal, le ayudaremos a procesar cada parte del divorcio, incluyendo las costas, para que sea m\u00e1s f\u00e1cil para usted. Esto le ayudar\u00e1 a determinar sus opciones mientras establece un presupuesto para el proceso.<\/p>\n\n\n\n<p>Nuestro objetivo es ayudarle a establecer una tarifa clara y precisa, que se mencionar\u00e1 durante la consulta legal. Nuestro objetivo es que usted se concentre en avanzar con el divorcio en lugar de tener que pagar una suma global de entrada.<\/p>\n\n\n\n<p>Cont\u00e1ctenos en D\u00edaz &amp; Gaeta para conocer sus opciones. Nos complace colaborar con usted para encontrar una soluci\u00f3n que funcione.<\/p>\n\n\n\n<h4 class=\"wp-block-heading\" id=\"aioseo-follow-court-procedures\">Siga los procedimientos judiciales<\/h4>\n\n\n\n<p>Durante el proceso, surgir\u00e1n procedimientos judiciales espec\u00edficos. Esto incluir\u00e1 mediaci\u00f3n y una posible cita en el tribunal, dependiendo de c\u00f3mo se desarrolle la situaci\u00f3n. En estos casos, necesitar\u00e1 la ayuda de un abogado de confianza en derecho familiar de D\u00edaz &amp; Gaeta.<\/p>\n\n\n\n<p>Siempre estamos ah\u00ed para ayudarle en esta parte del proceso y nos aseguraremos de que todo se haga pensando en sus mejores intereses. Esto es lo que nos distingue en nuestro trabajo. Usted tendr\u00e1 la seguridad de que todo se cumplir\u00e1.<\/p>\n\n\n\n<p>Estos son los detalles que le importar\u00e1n a medida que revise la informaci\u00f3n disponible. Lo m\u00e1s importante del proceso es contactar a un abogado de confianza. Esto le ahorrar\u00e1 tiempo, ya que un abogado con experiencia le guiar\u00e1 durante el proceso. Si desea seguir ese camino, ll\u00e1menos al <a href=\"tel:+16785032780\"><strong>678-503-2780<\/strong><\/a>.<\/p>\n\n\n\n<h2 class=\"wp-block-heading\" id=\"aioseo-how-does-the-division-of-property-work-in-georgia\">\u00bfC\u00f3mo funciona la divisi\u00f3n de propiedad en Georgia?<\/h2>\n\n\n\n<p>Al proceder con la divisi\u00f3n de bienes en Georgia, el tribunal considerar\u00e1 dos tipos de bienes. Los bienes separados incluyen los bienes que eran propiedad independiente de uno de los c\u00f3nyuges antes del matrimonio. Estos bienes generalmente permanecen en poder del propietario original.<\/p>\n\n\n\n<p>Por otro lado, la mayor\u00eda de los bienes ganados o adquiridos por cualquiera de los c\u00f3nyuges durante el matrimonio se consideran bienes conyugales. Esto puede incluir cualquier bien tangible, como dinero, propiedades, negocios o cualquier otro elemento creado durante el matrimonio.<\/p>\n\n\n\n<p>Los bienes conyugales se dividen seg\u00fan el principio de distribuci\u00f3n equitativa. Esto no implica necesariamente una divisi\u00f3n al 50%. Los jueces examinar\u00e1n diversos factores para determinar la forma m\u00e1s justa de dividir los bienes, incluyendo las aportaciones de cada c\u00f3nyuge al matrimonio.<\/p>\n\n\n\n<h2 class=\"wp-block-heading\" id=\"aioseo-how-is-child-custody-decided\">\u00bfC\u00f3mo se decide la custodia de los hijos?<\/h2>\n\n\n\n<p>La ley de custodia infantil se centra en dos tipos de custodia: la legal y la f\u00edsica. El juez examinar\u00e1 todos los detalles del caso, incluyendo los requisitos espec\u00edficos del menor y qu\u00e9 progenitor ser\u00e1 el m\u00e1s indicado para cuidarlo en ese caso particular.<\/p>\n\n\n\n<p>Es importante aclarar estos detalles con antelaci\u00f3n con la ayuda de un abogado de derecho familiar. Para iniciar este proceso legal, creemos que lo mejor es consultar con nuestro bufete de abogados en <a href=\"tel:+16785032780\"><strong>678-503-2780<\/strong><\/a>. Vamos a organizar una consulta legal detallada que repasar\u00e1 estos detalles para usted y c\u00f3mo se desarrollar\u00e1.<\/p>\n\n\n\n<h2 class=\"wp-block-heading\" id=\"aioseo-what-is-alimony-and-how-is-it-decided\">\u00bfQu\u00e9 es la pensi\u00f3n alimenticia y c\u00f3mo se decide?<\/h2>\n\n\n\n<p>Una vez presentada la solicitud de divorcio, hay algunos detalles que deben resolverse. Esto incluye c\u00f3mo se dividir\u00e1n los bienes entre ambas partes, pero tambi\u00e9n si uno de los c\u00f3nyuges pagar\u00e1 o no pensi\u00f3n alimenticia al otro.<\/p>\n\n\n\n<p>Esto depende de si uno de los c\u00f3nyuges depend\u00eda econ\u00f3micamente del otro. De ser as\u00ed, el tribunal puede determinar la necesidad de una pensi\u00f3n alimenticia. El monto depender\u00e1 de la situaci\u00f3n y de la distribuci\u00f3n financiera previa.<\/p>\n\n\n\n<h2 class=\"wp-block-heading\" id=\"aioseo-call-a-top-marietta-family-lawyer-today\">\u00a1Llame hoy a un excelente abogado de familia de Marietta!<\/h2>\n\n\n\n<p>Si est\u00e1 pensando en acudir a un abogado de derecho familiar acreditado en Marietta, entonces es hora de echar un vistazo a <a href=\"https:\/\/dglawga.com\/es\/\">D\u00edaz y Gaeta<\/a>. Somos un despacho de abogados que lleva mucho tiempo haciendo esto y nuestro equipo ha sido reconocido por el trabajo que realizamos.<\/p>\n\n\n\n<p>No solo somos profesionales, sino que tambi\u00e9n nos comprometemos a ayudar a nuestros clientes con su divorcio. Esto incluye cada paso legal del proceso y lo que mejor le convenga en el futuro. Si busca lo mejor, ll\u00e1menos hoy mismo.<a href=\"tel:+16785032780\"><strong>678-503-2780<\/strong><\/a> para programar una consulta gratuita.<\/p>","protected":false},"excerpt":{"rendered":"<p>Getting a divorce is not as simple as signing on the dotted line. It is about understanding the facts surrounding the case, how it needs to be positioned based on Georgia&#8217;s regulations, and which will optimize your process moving forward. This is where a family law attorney in Marietta can help. At Diaz &amp; Gaeta, [&hellip;]<\/p>\n","protected":false},"author":34,"featured_media":0,"parent":1854,"menu_order":0,"comment_status":"closed","ping_status":"closed","template":"wp-custom-template-marietta-services","meta":{"_acf_changed":false,"_themeisle_gutenberg_block_has_review":false,"footnotes":""},"categories":[50],"tags":[124,123,120,21,122,59,126,58,121,125,119,26,118,116,117,22,142,143],"class_list":["post-1902","page","type-page","status-publish","hentry","category-marietta-location","tag-abogado-coche-acidente","tag-abogado-gratis","tag-attorney-lawyer","tag-car-accidents","tag-car-accidents-lawyer","tag-family-law","tag-imigracion-abogados","tag-immigration","tag-immigration-lawyer","tag-marietta-abogado","tag-marietta-lawyer","tag-personal-injury","tag-top-lawyer-in-marietta","tag-top-lawyers-in-atlanta","tag-top-lawyers-in-smyrna","tag-truck-accident","tag-truck-accident-attorneys","tag-truck-crash"],"acf":[],"aioseo_notices":[],"_links":{"self":[{"href":"https:\/\/dglawga.com\/es\/wp-json\/wp\/v2\/pages\/1902","targetHints":{"allow":["GET"]}}],"collection":[{"href":"https:\/\/dglawga.com\/es\/wp-json\/wp\/v2\/pages"}],"about":[{"href":"https:\/\/dglawga.com\/es\/wp-json\/wp\/v2\/types\/page"}],"author":[{"embeddable":true,"href":"https:\/\/dglawga.com\/es\/wp-json\/wp\/v2\/users\/34"}],"replies":[{"embeddable":true,"href":"https:\/\/dglawga.com\/es\/wp-json\/wp\/v2\/comments?post=1902"}],"version-history":[{"count":3,"href":"https:\/\/dglawga.com\/es\/wp-json\/wp\/v2\/pages\/1902\/revisions"}],"predecessor-version":[{"id":7643,"href":"https:\/\/dglawga.com\/es\/wp-json\/wp\/v2\/pages\/1902\/revisions\/7643"}],"up":[{"embeddable":true,"href":"https:\/\/dglawga.com\/es\/wp-json\/wp\/v2\/pages\/1854"}],"wp:attachment":[{"href":"https:\/\/dglawga.com\/es\/wp-json\/wp\/v2\/media?parent=1902"}],"wp:term":[{"taxonomy":"category","embeddable":true,"href":"https:\/\/dglawga.com\/es\/wp-json\/wp\/v2\/categories?post=1902"},{"taxonomy":"post_tag","embeddable":true,"href":"https:\/\/dglawga.com\/es\/wp-json\/wp\/v2\/tags?post=1902"}],"curies":[{"name":"wp","href":"https:\/\/api.w.org\/{rel}","templated":true}]}}