{"id":1904,"date":"2022-06-07T15:13:58","date_gmt":"2022-06-07T15:13:58","guid":{"rendered":"https:\/\/diazgaetalaw.wpengine.com\/?page_id=1904"},"modified":"2025-06-15T07:25:21","modified_gmt":"2025-06-15T12:25:21","slug":"abogado-lgbt-2","status":"publish","type":"page","link":"https:\/\/dglawga.com\/es\/areas-we-serve\/marietta\/lgbt-lawyer\/","title":{"rendered":"Abogado LGBT de Marietta"},"content":{"rendered":"<p>En Diaz &amp; Gaeta Abogados, apoyamos a la comunidad LGBT. Por ello, siempre estamos dispuestos a defender sus derechos y ayudar con los problemas que enfrenta, ya sea en pareja o individualmente. Solo necesita hablar con nosotros y plantear su problema legal a nuestros abogados LGBT con amplia experiencia en Marietta.<\/p>\n\n\n\n<p>Tenemos a\u00f1os de experiencia representando a la comunidad LGBT en diversos procesos legales y litigios, tales como visas de matrimonio LGBT, visas de prometido(a) K-1, beneficios de tarjeta verde, ciudadan\u00eda y naturalizaci\u00f3n estadounidense, asilo y mucho m\u00e1s.<\/p>\n\n\n\n<p>Esto significa que hemos representado a clientes LGBT que enfrentan cargos penales como posesi\u00f3n de drogas, violencia dom\u00e9stica y otros delitos graves y menores. Por otro lado, hemos logrado solicitar asilo con \u00e9xito para clientes LGBT que temen ser v\u00edctimas de violencia o muerte en su pa\u00eds debido a su orientaci\u00f3n sexual.<\/p>\n\n\n\n<p>Somos plenamente conscientes de los prejuicios que enfrenta la comunidad LGBT, no solo en sus actividades cotidianas, sino tambi\u00e9n en el sistema judicial de Marietta, Georgia. Por ello, nos hemos comprometido a luchar con firmeza por el respeto, la igualdad y la justicia para la comunidad LGBT. En Diaz &amp; Gaeta Attorneys At Law, estamos totalmente preparados para enfrentar directamente la discriminaci\u00f3n judicial.<\/p>\n\n\n\n<p>Para asuntos relacionados con LGBT, ll\u00e1menos hoy al <a href=\"tel:+16785032780\"><strong>678-503-2780<\/strong><\/a>. Ofrecemos servicios de consulta gratuitos. Durante la consulta, nuestro... <a href=\"https:\/\/dglawga.com\/es\/marietta\/\"><strong>abogados con experiencia en Marietta<\/strong><\/a> Responder\u00e1 cualquier pregunta que pueda tener, escuchar\u00e1 su caso y le ofrecer\u00e1 asesoramiento legal.<\/p>\n\n\n\n<div class=\"wp-block-group has-accent-background-color has-background is-vertical is-layout-flex wp-container-core-group-is-layout-283d9697 wp-block-group-is-layout-flex\" style=\"border-top-left-radius:15px;border-top-right-radius:15px;margin-top:var(--wp--preset--spacing--30)\">\n<h2 class=\"wp-block-heading has-primary-color has-text-color has-link-color wp-elements-4164a61e17ffbe9e8a7446952ec87a5a\" id=\"aioseo-table-of-contents\">TABLA DE CONTENIDO<\/h2>\n<\/div>\n\n\n\n<div class=\"wp-block-group has-background is-vertical is-layout-flex wp-container-core-group-is-layout-d644fc7a wp-block-group-is-layout-flex\" style=\"border-bottom-left-radius:15px;border-bottom-right-radius:15px;background-color:#f3f3f3;margin-top:0\"><div class=\"wp-block-aioseo-table-of-contents\"><ul><li><a class=\"aioseo-toc-item\" href=\"#aioseo-what-are-the-rights-of-the-lgbt-community-in-georgia\">\u00bfCu\u00e1les son los derechos de la comunidad LGBT en Georgia?<\/a><\/li><li><a class=\"aioseo-toc-item\" href=\"#aioseo-what-types-of-cases-can-diaz-gaeta-attorneys-at-law-help-me-with\">\u00bfEn qu\u00e9 tipos de casos me pueden ayudar los abogados de D\u00edaz &amp; Gaeta?<\/a><ul><li><a class=\"aioseo-toc-item\" href=\"#aioseo-immigration\">Inmigraci\u00f3n<\/a><\/li><li><a class=\"aioseo-toc-item\" href=\"#aioseo-k-1-fiancee-visa\">Visa K-1 para prometido(a)<\/a><\/li><li><a class=\"aioseo-toc-item\" href=\"#aioseo-lgbt-marriage-visa\">Visa de matrimonio LGBT<\/a><\/li><li><a class=\"aioseo-toc-item\" href=\"#aioseo-u-s-citizenship-naturalization\">Ciudadan\u00eda y naturalizaci\u00f3n de EE. UU.<\/a><\/li><li><a class=\"aioseo-toc-item\" href=\"#aioseo-green-card-benefits\">Beneficios de la Tarjeta Verde<\/a><\/li><li><a class=\"aioseo-toc-item\" href=\"#aioseo-asylum\">Asilo<\/a><\/li><li><a class=\"aioseo-toc-item\" href=\"#aioseo-withholding-of-removal\">Suspensi\u00f3n de la deportaci\u00f3n<\/a><\/li><li><a class=\"aioseo-toc-item\" href=\"#aioseo-criminal-charges\">Cargos criminales<\/a><\/li><li><a class=\"aioseo-toc-item\" href=\"#aioseo-personal-injury\">Lesiones personales<\/a><\/li><li><a class=\"aioseo-toc-item\" href=\"#aioseo-family-law\">Derecho Familiar<\/a><\/li><\/ul><\/li><li><a class=\"aioseo-toc-item\" href=\"#aioseo-why-are-diaz-gaeta-attorneys-at-law-the-best-lawyers-for-cases-involving-the-lgbt-community\">\u00bfPor qu\u00e9 los abogados D\u00edaz &amp; Gaeta son los mejores abogados para casos que involucran a la comunidad LGBT?<\/a><\/li><li><a class=\"aioseo-toc-item\" href=\"#aioseo-contact-our-marietta-lgbt-lawyers-today-if-you-have-any-questions-regarding-your-case\">Comun\u00edquese hoy con nuestros abogados LGBT de Marietta si tiene alguna pregunta sobre su caso.<\/a><\/li><\/ul><\/div><\/div>\n\n\n\n<h2 class=\"wp-block-heading\" id=\"aioseo-what-are-the-rights-of-the-lgbt-community-in-georgia\">\u00bfCu\u00e1les son los derechos de la comunidad LGBT en Georgia?<\/h2>\n\n\n\n<p>El gobierno federal proh\u00edbe la discriminaci\u00f3n en lugares p\u00fablicos, es decir, en lugares que ofrecen bienes y servicios al p\u00fablico en general. Sin embargo, no existe una ley federal que proteja a la comunidad LGBT de la discriminaci\u00f3n. No obstante, la C\u00e1mara de Representantes est\u00e1 trabajando en la Ley de Igualdad, que proteger\u00eda a la comunidad LGBT en lugares p\u00fablicos, empleo, vivienda y muchas otras \u00e1reas.<\/p>\n\n\n\n<p>Por otro lado, es importante se\u00f1alar que Georgia se encuentra entre tres estados (Misisipi y Alabama) sin leyes estatales de derechos civiles que protejan a las personas LGBT. Estas leyes est\u00e1n dise\u00f1adas para proteger contra la discriminaci\u00f3n a quienes no est\u00e1n amparados por la ley federal.<\/p>\n\n\n\n<p>Sin embargo, ciudades de todo el estado de Georgia han promulgado leyes locales que proh\u00edben dicha discriminaci\u00f3n en diversos grados. Esto comenz\u00f3 en Atlanta, Georgia, y ahora se ha extendido a otras ciudades, como Marietta, Georgia. La Corte Suprema de Estados Unidos dictamin\u00f3 en junio de 2020 que la discriminaci\u00f3n por orientaci\u00f3n sexual e identidad de g\u00e9nero en el empleo es ilegal.<\/p>\n\n\n\n<p><a href=\"https:\/\/georgiaequality.org\/2020\/06\/3012\/\" target=\"_blank\" rel=\"noopener nofollow\"><strong>Ley de delitos de odio de Georgia<\/strong><\/a>, La ley, que entr\u00f3 en vigor el 26 de junio de 2020, tambi\u00e9n abarca la orientaci\u00f3n sexual. Bajo esta ley, los delincuentes que atacan a sus v\u00edctimas por motivos de raza, religi\u00f3n, sexo, orientaci\u00f3n sexual, g\u00e9nero o discapacidad reciben castigos m\u00e1s severos.<\/p>\n\n\n\n<p>Antes de 1998, la homosexualidad estaba penalizada con base en las leyes de sodom\u00eda, que se aplicaban tanto a heterosexuales como a homosexuales. Desde 1998, las relaciones sexuales entre personas del mismo sexo son legales, mientras que el matrimonio igualitario se legaliz\u00f3 en 2015.<\/p>\n\n\n\n<p>Otro <strong><a href=\"https:\/\/www.lgbtmap.org\/equality-maps\/profile_state\/GA\" target=\"_blank\" rel=\"noopener\">Derechos de la comunidad LGBT en Georgia<\/a><\/strong> incluir:<\/p>\n\n\n\n<ul class=\"wp-block-list\">\n<li>Cambio de g\u00e9nero legal: legal, pero requiere cirug\u00eda reconstructiva.<\/li>\n\n\n\n<li>Censura de temas LGBT en Georgia<\/li>\n\n\n\n<li>Presunci\u00f3n parental para parejas del mismo sexo<\/li>\n\n\n\n<li>Adopci\u00f3n.<\/li>\n<\/ul>\n\n\n\n<h2 class=\"wp-block-heading\" id=\"aioseo-what-types-of-cases-can-diaz-gaeta-attorneys-at-law-help-me-with\">\u00bfEn qu\u00e9 tipos de casos me pueden ayudar los abogados de D\u00edaz &amp; Gaeta?<\/h2>\n\n\n\n<p>En D\u00edaz &amp; Gaeta, contamos con un equipo de litigantes experimentados con diversas trayectorias legales. Por ello, hemos defendido y ganado casos en todos los tribunales de Georgia. Nuestro equipo de abogados cuenta con experiencia en casos de lesiones personales, derecho familiar, defensa penal e inmigraci\u00f3n.<\/p>\n\n\n\n<p>Esto nos capacita para manejar diversos tipos de casos, sin importar su complejidad. Nos aseguramos de que los derechos de nuestros clientes est\u00e9n protegidos en todo momento. Estamos plenamente capacitados para manejar los siguientes casos:<\/p>\n\n\n\n<h4 class=\"wp-block-heading\" id=\"aioseo-immigration\">Inmigraci\u00f3n<\/h4>\n\n\n\n<p>Nos especializamos en familias. <strong><a href=\"https:\/\/dglawga.com\/es\/marietta\/abogado-de-inmigracion-2\/\">defensa de inmigraci\u00f3n y deportaci\u00f3n<\/a><\/strong>. Contamos con experiencia en DACA (Acci\u00f3n Diferida para los Llegados en la Infancia) y sus renovaciones. Contamos con un historial impresionante en la b\u00fasqueda de asilo para nuestros clientes, basado en casos relacionados con afiliaciones pol\u00edticas, LGBT, religi\u00f3n y m\u00e1s. Hemos representado a clientes en tribunales federales de inmigraci\u00f3n y ante el USCIS (Servicio de Ciudadan\u00eda e Inmigraci\u00f3n de Estados Unidos).<\/p>\n\n\n\n<h4 class=\"wp-block-heading\" id=\"aioseo-k-1-fiancee-visa\">Visa K-1 para prometido(a)<\/h4>\n\n\n\n<p>Este es un tipo de <a href=\"https:\/\/www.uscis.gov\/family\/family-of-us-citizens\/visas-for-fiancees-of-us-citizens\" target=\"_blank\" rel=\"noopener\"><strong>Visa para un ciudadano extranjero prometido(a) de un ciudadano estadounidense<\/strong><\/a>. Este tipo de visa permite a un prometido(a) extranjero(a) viajar a Estados Unidos para casarse con su patrocinador estadounidense dentro de los 90 d\u00edas posteriores a su llegada. Anteriormente, hemos gestionado casos relacionados con la solicitud de visa K-1 para prometido(a).<\/p>\n\n\n\n<h4 class=\"wp-block-heading\" id=\"aioseo-lgbt-marriage-visa\">Visa de matrimonio LGBT<\/h4>\n\n\n\n<p>El gobierno de Estados Unidos deber\u00eda revisar <a href=\"https:\/\/www.uscis.gov\/family\/same-sex-marriages\" target=\"_blank\" rel=\"noopener nofollow\"><strong>solicitudes de visa basadas en el matrimonio entre personas del mismo sexo<\/strong><\/a> De la misma manera que se adjudican visas para matrimonios entre personas de distinto sexo. Esto simplemente significa que el c\u00f3nyuge del mismo sexo de un solicitante de visa que ingrese a los Estados Unidos de Am\u00e9rica por cualquier motivo, como estudios, trabajo, inmigraci\u00f3n legal o intercambio internacional, es elegible para recibir una visa derivada.<\/p>\n\n\n\n<h4 class=\"wp-block-heading\" id=\"aioseo-u-s-citizenship-naturalization\">Ciudadan\u00eda y naturalizaci\u00f3n de EE. UU.<\/h4>\n\n\n\n<p>La naturalizaci\u00f3n es un proceso mediante el cual un inmigrante en Estados Unidos puede obtener la ciudadan\u00eda. Para que una persona califique o sea elegible para la naturalizaci\u00f3n, debe cumplir ciertos requisitos. El proceso de naturalizaci\u00f3n es complejo, y es recomendable contar con la asesor\u00eda de un abogado experto.<\/p>\n\n\n\n<figure class=\"wp-block-image aligncenter\" style=\"margin-top:var(--wp--preset--spacing--20);margin-bottom:var(--wp--preset--spacing--20)\"><a href=\"https:\/\/dglawga.com\/wp-content\/uploads\/2022\/06\/marietta-lgbt-lawyer-diaz.jpg\"><img loading=\"lazy\" decoding=\"async\" width=\"500\" height=\"322\" src=\"https:\/\/dglawga.com\/wp-content\/uploads\/2022\/06\/marietta-lgbt-lawyer-diaz.jpg\" alt=\"Abogado LGBT de Marietta con traje y tarjeta de presentaci\u00f3n con la palabra LGBTQ\" class=\"wp-image-3183\" srcset=\"https:\/\/dglawga.com\/wp-content\/uploads\/2022\/06\/marietta-lgbt-lawyer-diaz.jpg 500w, https:\/\/dglawga.com\/wp-content\/uploads\/2022\/06\/marietta-lgbt-lawyer-diaz-300x193.jpg 300w\" sizes=\"auto, (max-width: 500px) 100vw, 500px\" \/><\/a><\/figure>\n\n\n\n<h4 class=\"wp-block-heading\" id=\"aioseo-green-card-benefits\">Beneficios de la Tarjeta Verde<\/h4>\n\n\n\n<p>Podemos ayudarle a obtener los beneficios de la tarjeta verde. Esto significa que es elegible para recibir beneficios federales como la asistencia educativa o el Seguro Social.<\/p>\n\n\n\n<h4 class=\"wp-block-heading\" id=\"aioseo-asylum\">Asilo<\/h4>\n\n\n\n<p>Un solicitante de asilo es una persona que huye de su pa\u00eds por cualquier motivo. Por ejemplo, una persona que huye de su pa\u00eds de origen debido a su orientaci\u00f3n sexual, creencias pol\u00edticas o amenazas de muerte.<\/p>\n\n\n\n<h4 class=\"wp-block-heading\" id=\"aioseo-withholding-of-removal\">Suspensi\u00f3n de la deportaci\u00f3n<\/h4>\n\n\n\n<p>Esto tambi\u00e9n se conoce como no devoluci\u00f3n seg\u00fan la Convenci\u00f3n de las Naciones Unidas sobre el Estatuto de los Refugiados. La suspensi\u00f3n de la deportaci\u00f3n impide que el gobierno de Estados Unidos deporte a una persona a un pa\u00eds donde su vida o libertad se vean amenazadas en relaci\u00f3n con derechos constitucionales protegidos relacionados con la religi\u00f3n, la raza, la nacionalidad, la postura pol\u00edtica o la orientaci\u00f3n sexual.<\/p>\n\n\n\n<h4 class=\"wp-block-heading\" id=\"aioseo-criminal-charges\">Cargos criminales<\/h4>\n\n\n\n<p>Estamos en condiciones de brindar servicios legales para todos <strong><a href=\"https:\/\/dglawga.com\/es\/marietta\/abogado-defensor-penal-2\/\">defensa penal<\/a><\/strong> Asuntos legales. Como tal, representamos a personas acusadas de conducir bajo los efectos del alcohol (DUI), delitos relacionados con drogas, delitos sexuales, violaciones de la libertad condicional y otros cargos, incluyendo infracciones de tr\u00e1nsito.<\/p>\n\n\n\n<h4 class=\"wp-block-heading\" id=\"aioseo-personal-injury\">Lesiones personales<\/h4>\n\n\n\n<p>No importa si usted es parcialmente culpable o no, si ha resultado lesionado o ha sufrido da\u00f1os debido a la negligencia de otra persona, tiene el derecho legal de solicitar una compensaci\u00f3n. Nuestros experimentados <strong><a href=\"https:\/\/dglawga.com\/es\/marietta\/abogado-de-lesiones-personales\/\">abogados de lesiones personales en Marietta<\/a> <\/strong>Estamos listos para trabajar en su caso y buscar una compensaci\u00f3n para usted. Manejamos casos de lesiones personales que involucran <strong><a href=\"https:\/\/dglawga.com\/es\/marietta\/abogado-de-accidentes-de-coche\/\">accidentes automovil\u00edsticos<\/a><\/strong>, <a href=\"https:\/\/dglawga.com\/es\/marietta\/abogado-de-resbalones-y-caidas\/\"><strong>accidentes por resbalones y ca\u00eddas<\/strong><\/a>, y otros.<\/p>\n\n\n\n<h4 class=\"wp-block-heading\" id=\"aioseo-family-law\">Derecho Familiar<\/h4>\n\n\n\n<p><a href=\"https:\/\/dglawga.com\/es\/marietta\/abogado-de-derecho-de-familia\/\">Derecho de familia<\/a> Es un \u00e1rea de pr\u00e1ctica legal que se centra en asuntos de relaciones familiares. Los casos de derecho familiar abarcan adopci\u00f3n, matrimonio, divorcio, custodia de menores, manutenci\u00f3n infantil, pensi\u00f3n alimenticia e incluso violencia dom\u00e9stica. En D\u00edaz &amp; Gaeta, ofrecemos nuestros servicios legales a quienes buscan orientaci\u00f3n y representaci\u00f3n en casos relacionados con relaciones familiares. Lucharemos hasta el final para garantizar la protecci\u00f3n de sus derechos y que reciba un acuerdo justo y equitativo.<\/p>\n\n\n\n<h2 class=\"wp-block-heading\" id=\"aioseo-why-are-diaz-gaeta-attorneys-at-law-the-best-lawyers-for-cases-involving-the-lgbt-community\">\u00bfPor qu\u00e9 los abogados D\u00edaz &amp; Gaeta son los mejores abogados para casos que involucran a la comunidad LGBT?<\/h2>\n\n\n\n<p>Adem\u00e1s de apoyar a la comunidad LGBT, nos esforzamos por defender sus derechos sin importar el tipo de caso que enfrenten. Por eso, como persona lesbiana, gay, bisexual o transg\u00e9nero, necesitas representaci\u00f3n legal que comprenda la ley seg\u00fan tu orientaci\u00f3n sexual o identidad de g\u00e9nero y pueda luchar por tus derechos con firmeza.<\/p>\n\n\n\n<p>Gracias a nuestra experiencia en diferentes \u00e1reas del derecho, estamos en condiciones de cumplir con sus obligaciones. Nuestro equipo en Diaz &amp; Gaeta Law le ayudar\u00e1 con sus procesos migratorios, incluyendo la visa K-1 de prometido(a), la naturalizaci\u00f3n por ciudadan\u00eda estadounidense, la visa de matrimonio LGBT, el asilo, los beneficios de la Tarjeta Verde e incluso la Suspensi\u00f3n de Deportaci\u00f3n. Lucharemos por usted y evitaremos que sufra da\u00f1os debido a su orientaci\u00f3n sexual.<\/p>\n\n\n\n<p>Al igual que cualquier otra persona, las personas con diferentes orientaciones sexuales tambi\u00e9n enfrentan otros problemas legales. Pueden ser acusadas de violencia dom\u00e9stica, conducir bajo los efectos del alcohol, posesi\u00f3n de drogas y otros delitos graves y menores. Conocemos los prejuicios que enfrenta la comunidad LGBT en el sistema judicial. Como equipo legal con experiencia, nos aseguraremos de que usted obtenga igualdad, justicia y respeto durante todo el proceso.<\/p>\n\n\n\n<p>Nuestra familia est\u00e1 formada por un grupo diverso de personas de diferentes \u00e1mbitos y experiencias. Por ello, conectamos con nuestros clientes y los comprendemos a nivel personal. Todas las personas tienen derecho a ser tratadas con respeto y dignidad, sin importar su idioma, color u orientaci\u00f3n sexual.<\/p>\n\n\n\n<p>Para consulta legal, orientaci\u00f3n o representaci\u00f3n, ll\u00e1menos hoy y reserve una sesi\u00f3n de consulta gratuita con un abogado LGBT experimentado en Marietta.<\/p>\n\n\n\n<h2 class=\"wp-block-heading\" id=\"aioseo-contact-our-marietta-lgbt-lawyers-today-if-you-have-any-questions-regarding-your-case\">Comun\u00edquese hoy con nuestros abogados LGBT de Marietta si tiene alguna pregunta sobre su caso.<\/h2>\n\n\n\n<p>Si usted es v\u00edctima de violencia o injusticia basada en su orientaci\u00f3n sexual o identidad de g\u00e9nero o necesita nuestros servicios legales en Marietta, Georgia, no dude en llamarnos al <a href=\"tel:+16785032780\"><strong>678-503-2780<\/strong><\/a> y programe una sesi\u00f3n de consulta gratuita con un abogado experimentado.<\/p>\n\n\n\n<p>En <a href=\"https:\/\/dglawga.com\/es\/\"><strong>Abogados D\u00edaz &amp; Gaeta<\/strong><\/a>, Contamos con un amplio conocimiento en derecho migratorio, lesiones personales, delitos penales y derecho de familia. Gracias a ello, siempre colaboramos para abordar estrat\u00e9gicamente casos complejos que exigen un profundo conocimiento de diferentes ramas del derecho.<\/p>","protected":false},"excerpt":{"rendered":"<p>At Diaz &amp; Gaeta Attorneys At Law, we support the LGBT community. For this reason, we are always ready to support the rights and help with the problems the LGBT community faces. This can be as a couple or as an individual. All it takes is talking to us and expressing your legal issue with [&hellip;]<\/p>\n","protected":false},"author":34,"featured_media":0,"parent":1854,"menu_order":0,"comment_status":"closed","ping_status":"closed","template":"wp-custom-template-marietta-services","meta":{"_acf_changed":false,"_themeisle_gutenberg_block_has_review":false,"footnotes":""},"categories":[50],"tags":[124,123,120,21,122,59,126,58,121,60,125,119,26,118,116,117,22,142,143],"class_list":["post-1904","page","type-page","status-publish","hentry","category-marietta-location","tag-abogado-coche-acidente","tag-abogado-gratis","tag-attorney-lawyer","tag-car-accidents","tag-car-accidents-lawyer","tag-family-law","tag-imigracion-abogados","tag-immigration","tag-immigration-lawyer","tag-lgbt","tag-marietta-abogado","tag-marietta-lawyer","tag-personal-injury","tag-top-lawyer-in-marietta","tag-top-lawyers-in-atlanta","tag-top-lawyers-in-smyrna","tag-truck-accident","tag-truck-accident-attorneys","tag-truck-crash"],"acf":[],"aioseo_notices":[],"_links":{"self":[{"href":"https:\/\/dglawga.com\/es\/wp-json\/wp\/v2\/pages\/1904","targetHints":{"allow":["GET"]}}],"collection":[{"href":"https:\/\/dglawga.com\/es\/wp-json\/wp\/v2\/pages"}],"about":[{"href":"https:\/\/dglawga.com\/es\/wp-json\/wp\/v2\/types\/page"}],"author":[{"embeddable":true,"href":"https:\/\/dglawga.com\/es\/wp-json\/wp\/v2\/users\/34"}],"replies":[{"embeddable":true,"href":"https:\/\/dglawga.com\/es\/wp-json\/wp\/v2\/comments?post=1904"}],"version-history":[{"count":5,"href":"https:\/\/dglawga.com\/es\/wp-json\/wp\/v2\/pages\/1904\/revisions"}],"predecessor-version":[{"id":7639,"href":"https:\/\/dglawga.com\/es\/wp-json\/wp\/v2\/pages\/1904\/revisions\/7639"}],"up":[{"embeddable":true,"href":"https:\/\/dglawga.com\/es\/wp-json\/wp\/v2\/pages\/1854"}],"wp:attachment":[{"href":"https:\/\/dglawga.com\/es\/wp-json\/wp\/v2\/media?parent=1904"}],"wp:term":[{"taxonomy":"category","embeddable":true,"href":"https:\/\/dglawga.com\/es\/wp-json\/wp\/v2\/categories?post=1904"},{"taxonomy":"post_tag","embeddable":true,"href":"https:\/\/dglawga.com\/es\/wp-json\/wp\/v2\/tags?post=1904"}],"curies":[{"name":"wp","href":"https:\/\/api.w.org\/{rel}","templated":true}]}}