{"id":1931,"date":"2022-06-07T16:15:31","date_gmt":"2022-06-07T16:15:31","guid":{"rendered":"https:\/\/diazgaetalaw.wpengine.com\/?page_id=1931"},"modified":"2025-06-15T10:53:43","modified_gmt":"2025-06-15T15:53:43","slug":"abogado-de-accidentes-de-camiones","status":"publish","type":"page","link":"https:\/\/dglawga.com\/es\/atlanta\/truck-accident-lawyer\/","title":{"rendered":"Abogado de accidentes de camiones en Atlanta"},"content":{"rendered":"<p>Georgia ocupa el cuarto lugar a nivel nacional en accidentes de camiones, y este tipo de accidentes a menudo deja a las v\u00edctimas con lesiones devastadoras. No deber\u00eda tener que asumir las p\u00e9rdidas financieras y el sufrimiento causados por la negligencia ajena.<\/p>\n\n\n\n<p>Deber\u00eda contactar a un abogado de accidentes de cami\u00f3n de Atlanta con buena reputaci\u00f3n lo antes posible. Sus probabilidades de obtener una compensaci\u00f3n completa por sus lesiones y p\u00e9rdidas son mayores si contrata a un abogado especializado en demandas por accidentes automovil\u00edsticos.<\/p>\n\n\n\n<p>En D\u00edaz &amp; Gaeta tenemos experiencia <strong><a href=\"https:\/\/dglawga.com\/es\/atlanta\/abogado-de-accidentes-de-coche\/\">Abogados de accidentes automovil\u00edsticos en Atlanta<\/a><\/strong> Con amplia experiencia en demandas por accidentes de camiones, sabemos c\u00f3mo garantizar que nuestros clientes reciban una compensaci\u00f3n completa por sus p\u00e9rdidas, dolor y sufrimiento. Puede llamarnos al <a href=\"tel:+16785032780\"><strong>678-503-2780<\/strong><\/a> para programar una consulta gratuita y conocer m\u00e1s sobre c\u00f3mo podemos ayudarlo.<\/p>\n\n\n\n<div class=\"wp-block-group has-accent-background-color has-background is-vertical is-layout-flex wp-container-core-group-is-layout-283d9697 wp-block-group-is-layout-flex\" style=\"border-top-left-radius:15px;border-top-right-radius:15px;margin-top:var(--wp--preset--spacing--30)\">\n<h2 class=\"wp-block-heading has-primary-color has-text-color has-link-color wp-elements-4164a61e17ffbe9e8a7446952ec87a5a\" id=\"aioseo-table-of-contents\">TABLA DE CONTENIDO<\/h2>\n<\/div>\n\n\n\n<div class=\"wp-block-group has-background is-vertical is-layout-flex wp-container-core-group-is-layout-d644fc7a wp-block-group-is-layout-flex\" style=\"border-bottom-left-radius:15px;border-bottom-right-radius:15px;background-color:#f3f3f3;margin-top:0\"><div class=\"wp-block-aioseo-table-of-contents\"><ul><li><a class=\"aioseo-toc-item\" href=\"#aioseo-company\">Empresa<\/a><\/li><li><a class=\"aioseo-toc-item\" href=\"#aioseo-contact-details\">Datos de contacto<\/a><ul><\/ul><\/li><li><a class=\"aioseo-toc-item\" href=\"#aioseo-truck-accident-statistics-in-georgia\">Estad\u00edsticas de accidentes de camiones en Georgia<\/a><\/li><li><a class=\"aioseo-toc-item\" href=\"#aioseo-what-should-you-do-after-a-truck-accident-in-atlanta-ga\">\u00bfQu\u00e9 debe hacer despu\u00e9s de un accidente de cami\u00f3n en Atlanta, GA?<\/a><ul><li><a class=\"aioseo-toc-item\" href=\"#aioseo-get-help\">Obtener ayuda<\/a><\/li><li><a class=\"aioseo-toc-item\" href=\"#aioseo-help-others-if-you-can\">Ayuda a los dem\u00e1s si puedes<\/a><\/li><li><a class=\"aioseo-toc-item\" href=\"#aioseo-collect-information\">Recopilar informaci\u00f3n<\/a><\/li><li><a class=\"aioseo-toc-item\" href=\"#aioseo-document-the-scene\">Documentar la escena<\/a><\/li><li><a class=\"aioseo-toc-item\" href=\"#aioseo-get-medical-attention\">Obtenga atenci\u00f3n m\u00e9dica<\/a><\/li><li><a class=\"aioseo-toc-item\" href=\"#aioseo-call-an-atlanta-truck-accident-lawyer\">Llame a un abogado especializado en accidentes de camiones en Atlanta<\/a><\/li><\/ul><\/li><li><a class=\"aioseo-toc-item\" href=\"#aioseo-what-are-the-laws-regarding-truck-accident-liability\">\u00bfCu\u00e1les son las leyes sobre responsabilidad por accidentes de camiones?<\/a><\/li><li><a class=\"aioseo-toc-item\" href=\"#aioseo-how-can-a-truck-accident-lawyer-help\">\u00bfC\u00f3mo puede ayudar un abogado de accidentes de camiones?<\/a><ul><li><a class=\"aioseo-toc-item\" href=\"#aioseo-investigations\">Investigaciones<\/a><\/li><li><a class=\"aioseo-toc-item\" href=\"#aioseo-filing-a-claim\">Presentar una reclamaci\u00f3n<\/a><\/li><li><a class=\"aioseo-toc-item\" href=\"#aioseo-negotiations\">Negociaciones<\/a><\/li><li><a class=\"aioseo-toc-item\" href=\"#aioseo-litigation\">Litigio<\/a><\/li><\/ul><\/li><li><a class=\"aioseo-toc-item\" href=\"#aioseo-what-types-of-compensation-can-i-receive-in-georgia\">\u00bfQu\u00e9 tipos de compensaci\u00f3n puedo recibir en Georgia?<\/a><\/li><li><a class=\"aioseo-toc-item\" href=\"#aioseo-how-much-is-my-truck-accident-claim-worth\">\u00bfCu\u00e1nto vale mi reclamo por accidente de cami\u00f3n?<\/a><\/li><li><a class=\"aioseo-toc-item\" href=\"#aioseo-is-there-a-deadline-for-filing-a-claim-in-georgia\">\u00bfExiste una fecha l\u00edmite para presentar una reclamaci\u00f3n en Georgia?<\/a><\/li><li><a class=\"aioseo-toc-item\" href=\"#aioseo-how-is-fault-in-a-truck-accident-determined\">\u00bfC\u00f3mo se determina la culpa en un accidente de cami\u00f3n?<\/a><\/li><li><a class=\"aioseo-toc-item\" href=\"#aioseo-can-a-lawyer-prove-the-truck-driver-was-negligent\">\u00bfPuede un abogado demostrar que el conductor del cami\u00f3n fue negligente?<\/a><\/li><li><a class=\"aioseo-toc-item\" href=\"#aioseo-who-can-be-held-liable\">\u00bfQui\u00e9n puede ser considerado responsable?<\/a><\/li><li><a class=\"aioseo-toc-item\" href=\"#aioseo-common-causes-of-truck-accidents\">Causas comunes de accidentes de camiones<\/a><\/li><li><a class=\"aioseo-toc-item\" href=\"#aioseo-let-our-seasoned-truck-accident-attorneys-in-atlanta-georgia-represent-you\">\u00a1Deje que nuestros abogados experimentados en accidentes de camiones en Atlanta, Georgia, lo representen!<\/a><\/li><\/ul><\/div><\/div>\n\n\n\n<h2 class=\"wp-block-heading\" id=\"aioseo-truck-accident-statistics-in-georgia\" style=\"padding-top:var(--wp--preset--spacing--20)\">Estad\u00edsticas de accidentes de camiones en Georgia<\/h2>\n\n\n\n<p>Los siguientes datos de la <strong><a href=\"https:\/\/www.gahighwaysafety.org\/\" target=\"_blank\" rel=\"noopener\">Oficina de Seguridad Vial de Georgia<\/a><\/strong> pinta un panorama sombr\u00edo de la situaci\u00f3n en lo que respecta a los accidentes de camiones:<\/p>\n\n\n\n<ul class=\"wp-block-list\">\n<li>Georgia ocupa el cuarto lugar en cuanto a incidencia de accidentes con veh\u00edculos comerciales pesados en los \u00faltimos cinco a\u00f1os.<\/li>\n\n\n\n<li>Casi 350 vidas se perdieron en accidentes de camiones en 2017 y 2018.<\/li>\n\n\n\n<li>El 57% de los accidentes reportados ocurrieron en zonas rurales.<\/li>\n\n\n\n<li>35% de los accidentes de camiones ocurrieron en centros urbanos.<\/li>\n\n\n\n<li>El 24% de las muertes reportadas estaban relacionadas con conducir ebrio.<\/li>\n\n\n\n<li>El 50% de los accidentes involucraron empresas de transporte de otros estados.<\/li>\n<\/ul>\n\n\n\n<h2 class=\"wp-block-heading\" id=\"aioseo-what-should-you-do-after-a-truck-accident-in-atlanta-ga\" style=\"padding-top:var(--wp--preset--spacing--20)\">\u00bfQu\u00e9 debe hacer despu\u00e9s de un accidente de cami\u00f3n en Atlanta, GA?<\/h2>\n\n\n\n<p>Conocer los pasos a seguir inmediatamente despu\u00e9s de un accidente de cami\u00f3n puede marcar la diferencia entre recuperar los da\u00f1os o perder la oportunidad por peque\u00f1os errores. Nuestros abogados de renombre recomiendan repetidamente tener en cuenta los siguientes consejos:<\/p>\n\n\n\n<h4 class=\"wp-block-heading\" id=\"aioseo-get-help\">Obtener ayuda<\/h4>\n\n\n\n<p>Llame al 911 para avisar a la polic\u00eda y a los param\u00e9dicos para que acudan al lugar. La polic\u00eda registrar\u00e1 lo sucedido y elaborar\u00e1 un informe que podremos utilizar para respaldar su reclamaci\u00f3n. Los param\u00e9dicos atender\u00e1n las lesiones de las v\u00edctimas y trasladar\u00e1n a los que se encuentren en estado cr\u00edtico al hospital.<\/p>\n\n\n\n<h4 class=\"wp-block-heading\" id=\"aioseo-help-others-if-you-can\">Ayuda a los dem\u00e1s si puedes<\/h4>\n\n\n\n<p>Ayude a los dem\u00e1s si se siente lo suficientemente sano como para ayudar a los involucrados en el accidente. Ayude a quienes pueda a ponerse a salvo y administre primeros auxilios a quienes los necesiten antes de que llegue el equipo m\u00e9dico de emergencia.<\/p>\n\n\n\n<h4 class=\"wp-block-heading\" id=\"aioseo-collect-information\">Recopilar informaci\u00f3n<\/h4>\n\n\n\n<p>Intercambie informaci\u00f3n de contacto con las dem\u00e1s personas involucradas en el accidente, as\u00ed como con los testigos. Intente limitar la conversaci\u00f3n a detalles esenciales como nombres, direcciones y n\u00fameros de tel\u00e9fono, y evite cualquier declaraci\u00f3n con implicaciones legales.<\/p>\n\n\n\n<h4 class=\"wp-block-heading\" id=\"aioseo-document-the-scene\">Documentar la escena<\/h4>\n\n\n\n<p>Documenta la escena y habla con testigos para comprender mejor lo sucedido. Puedes usar tu tel\u00e9fono para tomar fotos y videos cortos.<\/p>\n\n\n\n<h4 class=\"wp-block-heading\" id=\"aioseo-get-medical-attention\">Obtenga atenci\u00f3n m\u00e9dica<\/h4>\n\n\n\n<p>Busque atenci\u00f3n m\u00e9dica si considera que sus lesiones no son graves o si se siente bien despu\u00e9s de sufrir un golpe durante el accidente de cami\u00f3n. Lo mejor es que un m\u00e9dico lo examine y descarte cualquier da\u00f1o mortal que pueda manifestarse posteriormente.<\/p>\n\n\n\n<h4 class=\"wp-block-heading\" id=\"aioseo-call-an-atlanta-truck-accident-lawyer\">Llame a un abogado especializado en accidentes de camiones en Atlanta<\/h4>\n\n\n\n<p>Contacte a un abogado en Atlanta, GA, especializado en reclamos de compensaci\u00f3n por accidentes automovil\u00edsticos, principalmente aquellos que involucran veh\u00edculos comerciales pesados. Cuanto antes lo haga, mayores ser\u00e1n sus posibilidades de proteger sus derechos y obtener una indemnizaci\u00f3n.<\/p>\n\n\n\n<h2 class=\"wp-block-heading\" id=\"aioseo-what-are-the-laws-regarding-truck-accident-liability\" style=\"padding-top:var(--wp--preset--spacing--20)\">\u00bfCu\u00e1les son las leyes sobre responsabilidad por accidentes de camiones?<\/h2>\n\n\n\n<p>Los veh\u00edculos que califican como camiones comerciales pesados son grandes y tienen un peso bruto vehicular (GVWR) superior a 10,000 libras. Algunos son veh\u00edculos de pasajeros con capacidad para m\u00e1s de 14 pasajeros, incluido el conductor. Las gr\u00faas, los transportadores de troncos, las gr\u00faas m\u00f3viles, las cabezas tractoras, los camiones de reparto, las plataformas y los camiones de transporte cumplen con estos requisitos.<\/p>\n\n\n\n<p>Los conductores de camiones ser\u00e1n responsables de cualquier accidente relacionado con sus actos imprudentes, negligentes o indiferentes en la carretera. Adem\u00e1s, las leyes de Georgia sobre el transporte por carretera tambi\u00e9n estipulan que las compa\u00f1\u00edas de camiones pueden ser responsables si no realizan el mantenimiento e inspecci\u00f3n rutinarios de sus veh\u00edculos y verifican que los conductores est\u00e9n cualificados para conducir veh\u00edculos pesados.<\/p>\n\n\n\n<figure class=\"wp-block-image aligncenter\" style=\"margin-top:var(--wp--preset--spacing--20);margin-bottom:var(--wp--preset--spacing--20)\"><a href=\"https:\/\/dglawga.com\/wp-content\/uploads\/2022\/06\/Atlanta-truck-accident-lawyer-diaz.jpg\"><img loading=\"lazy\" decoding=\"async\" width=\"500\" height=\"333\" src=\"https:\/\/dglawga.com\/wp-content\/uploads\/2022\/06\/Atlanta-truck-accident-lawyer-diaz.jpg\" alt=\"Concepto de abogado de accidentes de camiones en Atlanta, cami\u00f3n a punto de chocar con un autom\u00f3vil\" class=\"wp-image-2808\" srcset=\"https:\/\/dglawga.com\/wp-content\/uploads\/2022\/06\/Atlanta-truck-accident-lawyer-diaz.jpg 500w, https:\/\/dglawga.com\/wp-content\/uploads\/2022\/06\/Atlanta-truck-accident-lawyer-diaz-300x200.jpg 300w\" sizes=\"auto, (max-width: 500px) 100vw, 500px\" \/><\/a><\/figure>\n\n\n\n<h2 class=\"wp-block-heading\" id=\"aioseo-how-can-a-truck-accident-lawyer-help\" style=\"padding-top:var(--wp--preset--spacing--20)\">\u00bfC\u00f3mo puede ayudar un abogado de accidentes de camiones?<\/h2>\n\n\n\n<p>Sus probabilidades de obtener una compensaci\u00f3n completa por sus lesiones y p\u00e9rdidas son mayores si contrata a un abogado que comprenda las leyes pertinentes y sepa c\u00f3mo desenvolverse en el proceso legal. En el bufete Diaz &amp; Gaeta, nos comprometemos a garantizar que supervisamos los siguientes aspectos al representarlo y defender sus derechos e intereses:<\/p>\n\n\n\n<h4 class=\"wp-block-heading\" id=\"aioseo-investigations\">Investigaciones<\/h4>\n\n\n\n<p>Su abogado de accidentes de cami\u00f3n en Atlanta trabajar\u00e1 en estrecha colaboraci\u00f3n con un equipo de expertos en diversas \u00e1reas para realizar investigaciones exhaustivas que nos ayuden a comprender los hechos y las circunstancias de su caso. Cuanto antes iniciemos el proceso, mayores ser\u00e1n las posibilidades de recopilar informaci\u00f3n crucial para construir un caso s\u00f3lido.<\/p>\n\n\n\n<h4 class=\"wp-block-heading\" id=\"aioseo-filing-a-claim\">Presentar una reclamaci\u00f3n<\/h4>\n\n\n\n<p>Tras reunir toda la documentaci\u00f3n esencial que aclara lo sucedido y por qu\u00e9 debe recibir una indemnizaci\u00f3n por sus p\u00e9rdidas, dolor y sufrimiento, el siguiente paso es presentar la reclamaci\u00f3n. Nuestros abogados conocen los requisitos legales y los plazos.<\/p>\n\n\n\n<h4 class=\"wp-block-heading\" id=\"aioseo-negotiations\">Negociaciones<\/h4>\n\n\n\n<p>Nos reuniremos con la compa\u00f1\u00eda de seguros y su equipo legal en una mesa de negociaci\u00f3n y nos esforzaremos por llegar a un acuerdo favorable. Su abogado especializado en accidentes de cami\u00f3n supervisar\u00e1 la negociaci\u00f3n y le proteger\u00e1 de ser enga\u00f1ado para aceptar ofertas bajas de la compa\u00f1\u00eda de seguros.<\/p>\n\n\n\n<h4 class=\"wp-block-heading\" id=\"aioseo-litigation\">Litigio<\/h4>\n\n\n\n<p>Somos un despacho de abogados consciente de que no todas las negociaciones son exitosas. En este caso, estamos listos para llevar su caso a los tribunales. Le garantizamos que contar\u00e1 con un equipo de litigios din\u00e1mico que lo representar\u00e1.<\/p>\n\n\n\n<h2 class=\"wp-block-heading\" id=\"aioseo-what-types-of-compensation-can-i-receive-in-georgia\" style=\"padding-top:var(--wp--preset--spacing--20)\">\u00bfQu\u00e9 tipos de compensaci\u00f3n puedo recibir en Georgia?<\/h2>\n\n\n\n<p>Al representarlo en su reclamo de indemnizaci\u00f3n por accidente de cami\u00f3n, nuestro objetivo es ayudarle a recuperar los da\u00f1os. Nos centraremos en las p\u00e9rdidas sufridas y buscaremos un acuerdo favorable.<\/p>\n\n\n\n<ul class=\"wp-block-list\">\n<li><strong>Econ\u00f3mico<\/strong> <strong>Da\u00f1os y perjuicios<\/strong> Cubre p\u00e9rdidas con valor monetario. Incluye facturas de hospital, costos de medicamentos, salarios perdidos, gastos de terapia y da\u00f1os a la propiedad.<\/li>\n\n\n\n<li><strong>No econ\u00f3mico<\/strong> <strong>Da\u00f1os y perjuicios<\/strong> Se trata de una compensaci\u00f3n por p\u00e9rdidas de valor monetario indeterminado, pero con un impacto transformador. Ejemplos de ello son la p\u00e9rdida de compa\u00f1\u00eda, la reducci\u00f3n de la calidad de vida, la angustia emocional y f\u00edsica, entre otros.<\/li>\n\n\n\n<li><strong>Punitivo<\/strong> <strong>Da\u00f1os y perjuicios<\/strong> Los da\u00f1os punitivos se reservan para casos en los que el acusado fue culpable de mala conducta deliberada o desprecio temerario por la seguridad de terceros. Nuestras investigaciones determinar\u00e1n si estos da\u00f1os podr\u00edan considerarse posibles.<\/li>\n<\/ul>\n\n\n\n<h2 class=\"wp-block-heading\" id=\"aioseo-how-much-is-my-truck-accident-claim-worth\" style=\"padding-top:var(--wp--preset--spacing--20)\">\u00bfCu\u00e1nto vale mi reclamo por accidente de cami\u00f3n?<\/h2>\n\n\n\n<p>No hay dos accidentes de cami\u00f3n iguales. Factores y circunstancias particulares determinan el valor de una posible reclamaci\u00f3n. Es un proceso complejo que requiere un conocimiento profundo de los aspectos legales. Consideraremos su dolor y sufrimiento, as\u00ed como cualquier gasto en el que haya incurrido, como tratamiento, medicamentos, costos de terapia o reparaciones a su veh\u00edculo.<\/p>\n\n\n\n<h2 class=\"wp-block-heading\" id=\"aioseo-is-there-a-deadline-for-filing-a-claim-in-georgia\" style=\"padding-top:var(--wp--preset--spacing--20)\">\u00bfExiste una fecha l\u00edmite para presentar una reclamaci\u00f3n en Georgia?<\/h2>\n\n\n\n<p>Las v\u00edctimas de accidentes de camiones tienen <a href=\"http:\/\/ga.elaws.us\/law\/section9-3-33\" target=\"_blank\" rel=\"noopener nofollow\">dos a\u00f1os<\/a> Desde la fecha del incidente para presentar sus reclamaciones de indemnizaci\u00f3n. Podr\u00edan perder su derecho a la indemnizaci\u00f3n si no presentan una reclamaci\u00f3n dentro del plazo estipulado. Tenga en cuenta que este plazo es menor si presenta una demanda contra una agencia gubernamental estatal o federal.<\/p>\n\n\n\n<figure class=\"wp-block-image aligncenter\" style=\"margin-top:var(--wp--preset--spacing--20);margin-bottom:var(--wp--preset--spacing--20)\"><a href=\"https:\/\/dglawga.com\/wp-content\/uploads\/2022\/06\/statute-of-limitations-law-book.jpg\"><img loading=\"lazy\" decoding=\"async\" width=\"500\" height=\"333\" src=\"https:\/\/dglawga.com\/wp-content\/uploads\/2022\/06\/statute-of-limitations-law-book.jpg\" alt=\"Un abogado de accidentes de camiones de Atlanta revisar\u00e1 su estatuto de limitaciones para que usted reciba una compensaci\u00f3n. \" class=\"wp-image-2811\" srcset=\"https:\/\/dglawga.com\/wp-content\/uploads\/2022\/06\/statute-of-limitations-law-book.jpg 500w, https:\/\/dglawga.com\/wp-content\/uploads\/2022\/06\/statute-of-limitations-law-book-300x200.jpg 300w\" sizes=\"auto, (max-width: 500px) 100vw, 500px\" \/><\/a><\/figure>\n\n\n\n<p><\/p>\n\n\n\n<h2 class=\"wp-block-heading\" id=\"aioseo-how-is-fault-in-a-truck-accident-determined\" style=\"padding-top:var(--wp--preset--spacing--20)\">\u00bfC\u00f3mo se determina la culpa en un accidente de cami\u00f3n?<\/h2>\n\n\n\n<p>Como v\u00edctima de un accidente, la ley le exige demostrar que el demandado es responsable del incidente y que debe indemnizarlo por sus lesiones, p\u00e9rdidas y dolor. Lo lograremos demostrando ante el juez y el jurado lo siguiente:<\/p>\n\n\n\n<ul class=\"wp-block-list\">\n<li>El acusado le deb\u00eda un deber de cuidado. Todos los conductores de camiones tienen la responsabilidad de cumplir las leyes de tr\u00e1nsito y <a href=\"https:\/\/www.fmcsa.dot.gov\/\" target=\"_blank\" rel=\"noopener\">Normas de seguridad de la FMCSA<\/a>.<\/li>\n\n\n\n<li>El acusado incumpli\u00f3 su deber de cuidado al comportarse de manera imprudente o descuidada.<\/li>\n\n\n\n<li>Demuestre que este incumplimiento del deber de cuidado provoc\u00f3 el accidente y sus lesiones y p\u00e9rdidas.<\/li>\n\n\n\n<li>Demostrar al tribunal que usted sufri\u00f3 lesiones y p\u00e9rdidas reales.<\/li>\n<\/ul>\n\n\n\n<h2 class=\"wp-block-heading\" id=\"aioseo-can-a-lawyer-prove-the-truck-driver-was-negligent\" style=\"padding-top:var(--wp--preset--spacing--20)\">\u00bfPuede un abogado demostrar que el conductor del cami\u00f3n fue negligente?<\/h2>\n\n\n\n<p>Presentar pruebas de la negligencia del conductor del cami\u00f3n es fundamental para determinar la responsabilidad. Entre las pruebas importantes que demuestran la imprudencia o descuido del conductor se incluyen los datos de la caja negra, el informe policial del accidente, las declaraciones de testigos, las fotos y los videos del lugar del accidente, y el testimonio de especialistas en reconstrucci\u00f3n de accidentes.<\/p>\n\n\n\n<h2 class=\"wp-block-heading\" id=\"aioseo-who-can-be-held-liable\" style=\"padding-top:var(--wp--preset--spacing--20)\">\u00bfQui\u00e9n puede ser considerado responsable?<\/h2>\n\n\n\n<p>Diferentes partes pueden ser consideradas responsables del accidente y se les ordenar\u00e1 que compensen sus lesiones, p\u00e9rdidas, dolor y sufrimiento. Los posibles culpables que hemos visto que asumen la responsabilidad de estos accidentes son:<\/p>\n\n\n\n<ul class=\"wp-block-list\">\n<li>El conductor del cami\u00f3n, ya sea que trabaje como empleado o sea propietario del veh\u00edculo.<\/li>\n\n\n\n<li>La empresa de camiones que contrat\u00f3 al conductor y es propietaria del cami\u00f3n.<\/li>\n\n\n\n<li>La empresa de carga por no asegurar la carga para el tr\u00e1nsito o sobrecargar el veh\u00edculo pesado.<\/li>\n\n\n\n<li>El fabricante para hacer un veh\u00edculo con <strong><a href=\"https:\/\/dglawga.com\/es\/atlanta\/abogado-de-responsabilidad-del-producto\/\">piezas defectuosas<\/a><\/strong>, lo que contribuy\u00f3 al accidente.<\/li>\n<\/ul>\n\n\n\n<h2 class=\"wp-block-heading\" id=\"aioseo-common-causes-of-truck-accidents\" style=\"padding-top:var(--wp--preset--spacing--20)\">Causas comunes de accidentes de camiones<\/h2>\n\n\n\n<p>En D\u00edaz &amp; Gaeta hemos visto a numerosas v\u00edctimas de accidentes de cami\u00f3n llegar a nuestras oficinas en busca de asesor\u00eda legal experta y representaci\u00f3n para sus reclamos de indemnizaci\u00f3n. Muchos accidentes de cami\u00f3n son causados por:<\/p>\n\n\n\n<ul class=\"wp-block-list\">\n<li>Fatiga del conductor.<\/li>\n\n\n\n<li>Conducci\u00f3n imprudente.<\/li>\n\n\n\n<li>Conducci\u00f3n distra\u00edda.<\/li>\n\n\n\n<li>Abuso de sustancias (intoxicaci\u00f3n).<\/li>\n\n\n\n<li>Carga sobredimensionada o mal asegurada.<\/li>\n\n\n\n<li>Conductores sin formaci\u00f3n o sin experiencia.<\/li>\n\n\n\n<li>Mal mantenimiento del cami\u00f3n.<\/li>\n\n\n\n<li>Mal funcionamiento del equipo o pieza.<\/li>\n\n\n\n<li>Malas condiciones de la carretera.<\/li>\n<\/ul>\n\n\n\n<h2 class=\"wp-block-heading\" id=\"aioseo-let-our-seasoned-truck-accident-attorneys-in-atlanta-georgia-represent-you\" style=\"padding-top:var(--wp--preset--spacing--20)\">\u00a1Deje que nuestros abogados experimentados en accidentes de camiones en Atlanta, Georgia, lo representen!<\/h2>\n\n\n\n<p>Si busca una indemnizaci\u00f3n tras un accidente de cami\u00f3n, quienes demande se esforzar\u00e1n al m\u00e1ximo, y los requisitos legales pueden ser un obst\u00e1culo abrumador. En general, la situaci\u00f3n puede resultar abrumadora, por eso es mejor que nos encarguemos de los asuntos legales en su nombre.<\/p>\n\n\n\n<p>En <a href=\"https:\/\/dglawga.com\/es\/\"><strong>D\u00edaz y Gaeta<\/strong><\/a>,Nuestros abogados expertos le ense\u00f1an c\u00f3mo luchar para garantizar que sus clientes reciban una compensaci\u00f3n completa por sus p\u00e9rdidas, dolor y sufrimiento. Puede llamarnos al <a href=\"tel:+16785032780\"><strong>678-503-2780<\/strong><\/a> Para programar una revisi\u00f3n de su caso con nuestros abogados de accidentes de cami\u00f3n en Atlanta y obtener m\u00e1s informaci\u00f3n sobre c\u00f3mo podemos ayudarle. Aceptamos casos con honorarios de contingencia, lo que le permite concentrarse en recuperarse de sus lesiones en lugar de preocuparse por los honorarios legales.<\/p>","protected":false},"excerpt":{"rendered":"<p>Georgia ranks fourth in the country for truck accidents, and these types of accidents often leave victims with devastating injuries. You should not have to bear the financial losses and suffering caused by someone&#8217;s negligence. You should contact a reputable Atlanta truck accident lawyer as soon as possible.&nbsp;Your odds of getting full compensation for your [&hellip;]<\/p>\n","protected":false},"author":34,"featured_media":0,"parent":55,"menu_order":0,"comment_status":"closed","ping_status":"closed","template":"wp-custom-template-atlanta-services","meta":{"_acf_changed":false,"_themeisle_gutenberg_block_has_review":false,"footnotes":""},"categories":[4],"tags":[124,123,120,21,122,59,126,58,121,125,119,26,118,116,117,22],"class_list":["post-1931","page","type-page","status-publish","hentry","category-atlanta-location","tag-abogado-coche-acidente","tag-abogado-gratis","tag-attorney-lawyer","tag-car-accidents","tag-car-accidents-lawyer","tag-family-law","tag-imigracion-abogados","tag-immigration","tag-immigration-lawyer","tag-marietta-abogado","tag-marietta-lawyer","tag-personal-injury","tag-top-lawyer-in-marietta","tag-top-lawyers-in-atlanta","tag-top-lawyers-in-smyrna","tag-truck-accident"],"acf":[],"aioseo_notices":[],"_links":{"self":[{"href":"https:\/\/dglawga.com\/es\/wp-json\/wp\/v2\/pages\/1931","targetHints":{"allow":["GET"]}}],"collection":[{"href":"https:\/\/dglawga.com\/es\/wp-json\/wp\/v2\/pages"}],"about":[{"href":"https:\/\/dglawga.com\/es\/wp-json\/wp\/v2\/types\/page"}],"author":[{"embeddable":true,"href":"https:\/\/dglawga.com\/es\/wp-json\/wp\/v2\/users\/34"}],"replies":[{"embeddable":true,"href":"https:\/\/dglawga.com\/es\/wp-json\/wp\/v2\/comments?post=1931"}],"version-history":[{"count":2,"href":"https:\/\/dglawga.com\/es\/wp-json\/wp\/v2\/pages\/1931\/revisions"}],"predecessor-version":[{"id":7713,"href":"https:\/\/dglawga.com\/es\/wp-json\/wp\/v2\/pages\/1931\/revisions\/7713"}],"up":[{"embeddable":true,"href":"https:\/\/dglawga.com\/es\/wp-json\/wp\/v2\/pages\/55"}],"wp:attachment":[{"href":"https:\/\/dglawga.com\/es\/wp-json\/wp\/v2\/media?parent=1931"}],"wp:term":[{"taxonomy":"category","embeddable":true,"href":"https:\/\/dglawga.com\/es\/wp-json\/wp\/v2\/categories?post=1931"},{"taxonomy":"post_tag","embeddable":true,"href":"https:\/\/dglawga.com\/es\/wp-json\/wp\/v2\/tags?post=1931"}],"curies":[{"name":"wp","href":"https:\/\/api.w.org\/{rel}","templated":true}]}}