{"id":1937,"date":"2022-06-07T16:18:12","date_gmt":"2022-06-07T16:18:12","guid":{"rendered":"https:\/\/diazgaetalaw.wpengine.com\/?page_id=1937"},"modified":"2025-06-15T13:13:47","modified_gmt":"2025-06-15T18:13:47","slug":"abogado-de-accidentes-de-uber-2","status":"publish","type":"page","link":"https:\/\/dglawga.com\/es\/atlanta\/uber-accident-lawyer\/","title":{"rendered":"Abogado de accidentes de Uber en Atlanta"},"content":{"rendered":"<p>La popularidad de <strong><a href=\"https:\/\/edu.gcfglobal.org\/en\/sharingeconomy\/what-is-ridesharing\/1\/\" target=\"_blank\" rel=\"noopener nofollow\">viajes compartidos<\/a><\/strong> El n\u00famero de servicios se ha disparado en los \u00faltimos siete a\u00f1os. Los pasajeros esperan seguridad al utilizarlos, pero a\u00fan ocurren accidentes.<\/p>\n\n\n\n<p>Uber y Lyft han estado involucrados en miles de accidentes, algunos de ellos incluso con consecuencias mortales.<\/p>\n\n\n\n<p>Los sobrevivientes de estos accidentes suelen tener costosas facturas m\u00e9dicas y lesiones de por vida. Nuestros abogados de accidentes de Uber en Atlanta trabajan para ayudar a los sobrevivientes a obtener la compensaci\u00f3n que merecen.<\/p>\n\n\n\n<p>Nuestra firma de Atlanta se esfuerza por brindar servicios legales confiables y asequibles a cualquier persona que los necesite.<\/p>\n\n\n\n<p>Nuestros abogados se especializan en casos de lesiones personales y tienen experiencia en el manejo de casos que involucran a empresas de viajes compartidos.<\/p>\n\n\n\n<p>En D\u00edaz &amp; Gaeta, tratamos a todos nuestros clientes como familia. Si usted result\u00f3 lesionado en un... <strong><a href=\"https:\/\/dglawga.com\/es\/atlanta\/abogado-de-accidentes-de-coche\/\">Accidente automovil\u00edstico en Atlanta<\/a><\/strong> Si est\u00e1 tratando con un servicio de viaje compartido, debe comunicarse con nuestro atento personal lo antes posible.<\/p>\n\n\n\n<p>Ll\u00e1manos hoy al <a href=\"tel:+16785032780\"><strong>678-503-2780<\/strong><\/a> para recibir una evaluaci\u00f3n de caso gratuita.<\/p>\n\n\n\n<div class=\"wp-block-group has-accent-background-color has-background is-vertical is-layout-flex wp-container-core-group-is-layout-283d9697 wp-block-group-is-layout-flex\" style=\"border-top-left-radius:15px;border-top-right-radius:15px;margin-top:var(--wp--preset--spacing--30)\">\n<h2 class=\"wp-block-heading has-primary-color has-text-color has-link-color wp-elements-4164a61e17ffbe9e8a7446952ec87a5a\" id=\"aioseo-table-of-contents\">TABLA DE CONTENIDO<\/h2>\n<\/div>\n\n\n\n<div class=\"wp-block-group has-background is-vertical is-layout-flex wp-container-core-group-is-layout-d644fc7a wp-block-group-is-layout-flex\" style=\"border-bottom-left-radius:15px;border-bottom-right-radius:15px;background-color:#f3f3f3;margin-top:0\"><div class=\"wp-block-aioseo-table-of-contents\"><ul><li><a class=\"aioseo-toc-item\" href=\"#aioseo-company\">Empresa<\/a><\/li><li><a class=\"aioseo-toc-item\" href=\"#aioseo-contact-details\">Datos de contacto<\/a><ul><\/ul><\/li><li><a class=\"aioseo-toc-item\" href=\"#aioseo-uber-and-lyft-accident-statistics\">Estad\u00edsticas de accidentes de Uber y Lyft<\/a><\/li><li><a class=\"aioseo-toc-item\" href=\"#aioseo-what-are-the-most-common-types-of-uber-and-lyft-accidents\">\u00bfCu\u00e1les son los tipos m\u00e1s comunes de accidentes de Uber y Lyft?<\/a><\/li><li><a class=\"aioseo-toc-item\" href=\"#aioseo-who-can-be-found-liable-in-an-uber-accident\">\u00bfQui\u00e9n puede ser considerado responsable en un accidente de Uber?<\/a><ul><li><a class=\"aioseo-toc-item\" href=\"#aioseo-the-uber-or-lyft-driver\">El conductor de Uber o Lyft<\/a><\/li><li><a class=\"aioseo-toc-item\" href=\"#aioseo-the-rideshare-companies\">Las empresas de viajes compartidos<\/a><\/li><li><a class=\"aioseo-toc-item\" href=\"#aioseo-potential-third-parties\">Terceros potenciales<\/a><\/li><\/ul><\/li><li><a class=\"aioseo-toc-item\" href=\"#aioseo-how-are-uber-accident-cases-different-from-regular-car-accident-cases\">\u00bfEn qu\u00e9 se diferencian los casos de accidentes de Uber de los casos de accidentes automovil\u00edsticos normales?<\/a><\/li><li><a class=\"aioseo-toc-item\" href=\"#aioseo-does-uber-have-a-1-million-insurance-policy-for-accidents\">\u00bfTiene Uber una p\u00f3liza de seguro de $1 mill\u00f3n para accidentes?<\/a><\/li><li><a class=\"aioseo-toc-item\" href=\"#aioseo-what-type-of-compensation-can-i-seek-in-an-uber-accident\">\u00bfQu\u00e9 tipo de compensaci\u00f3n puedo solicitar en un accidente de Uber?<\/a><\/li><li><a class=\"aioseo-toc-item\" href=\"#aioseo-should-i-just-accept-a-settlement-offer\">\u00bfDeber\u00eda simplemente aceptar una oferta de acuerdo?<\/a><\/li><li><a class=\"aioseo-toc-item\" href=\"#aioseo-how-much-will-an-atlanta-uber-accident-lawyer-cost\">\u00bfCu\u00e1nto costar\u00e1 un abogado de accidentes de Uber en Atlanta?<\/a><\/li><li><a class=\"aioseo-toc-item\" href=\"#aioseo-are-there-time-limits-for-filing-an-uber-accident-claim\">\u00bfExisten l\u00edmites de tiempo para presentar una reclamaci\u00f3n por accidente de Uber?<\/a><\/li><li><a class=\"aioseo-toc-item\" href=\"#aioseo-why-do-i-need-a-atlanta-uber-accident-lawyer\">\u00bfPor qu\u00e9 necesito un abogado de accidentes de Uber en Atlanta?<\/a><ul><li><a class=\"aioseo-toc-item\" href=\"#aioseo-case-prep-paperwork\">Preparaci\u00f3n de casos y papeleo<\/a><\/li><li><a class=\"aioseo-toc-item\" href=\"#aioseo-negotiations\">Negociaciones<\/a><\/li><li><a class=\"aioseo-toc-item\" href=\"#aioseo-trial-prep-representation\">Preparaci\u00f3n y representaci\u00f3n del juicio<\/a><\/li><\/ul><\/li><li><a class=\"aioseo-toc-item\" href=\"#aioseo-injured-in-a-uber-accident-call-your-atlanta-uber-accident-lawyer-today\">\u00bfLesionado en un accidente de Uber? \u00a1Llame hoy mismo a su abogado especializado en accidentes de Uber en Atlanta!<\/a><\/li><\/ul><\/div><\/div>\n\n\n\n<h2 class=\"wp-block-heading\" id=\"aioseo-uber-and-lyft-accident-statistics\" style=\"padding-top:var(--wp--preset--spacing--20)\">Estad\u00edsticas de accidentes de Uber y Lyft<\/h2>\n\n\n\n<p>Empresas como Uber y Lyft no est\u00e1n dispuestas a compartir sus estad\u00edsticas de accidentes. Quieren que el p\u00fablico crea que usar su servicio no implica ning\u00fan riesgo, pero, lamentablemente, no es as\u00ed.<\/p>\n\n\n\n<p>En 2017 y 2018, <strong><a href=\"https:\/\/www.uber-assets.com\/image\/upload\/v1575580686\/Documents\/Safety\/UberUSSafetyReport_201718_FullReport.pdf?uclick_id=4bdba197-72f4-46b2-bfa8-e32e2f3d633c\" target=\"_blank\" rel=\"noopener\">108 muertes<\/a><\/strong> Estuvieron relacionados con accidentes que involucraron a un conductor de Uber. M\u00e1s de la mitad de esas muertes fueron causadas por un tercero distinto al conductor o pasajero del veh\u00edculo.<\/p>\n\n\n\n<p>Los accidentes son imposibles de evitar por completo cuando m\u00e1s de 91 millones de clientes usan Uber cada mes. Muchos expertos creen que estos servicios tienen <strong><a href=\"https:\/\/news.uchicago.edu\/story\/ride-hailing-services-may-be-driving-traffic-deaths\" target=\"_blank\" rel=\"noopener\">provoc\u00f3 un aumento significativo en las muertes por accidentes de tr\u00e1fico<\/a><\/strong>.<\/p>\n\n\n\n<p>M\u00e1s del 90 por ciento de estos accidentes ocurren en zonas urbanas pobladas.<\/p>\n\n\n\n<h2 class=\"wp-block-heading\" id=\"aioseo-what-are-the-most-common-types-of-uber-and-lyft-accidents\" style=\"padding-top:var(--wp--preset--spacing--20)\">\u00bfCu\u00e1les son los tipos m\u00e1s comunes de accidentes de Uber y Lyft?<\/h2>\n\n\n\n<p>Los accidentes de viajes compartidos pueden involucrar a varias partes, as\u00ed como causar da\u00f1os materiales a varios veh\u00edculos. Nuestro objetivo es identificar al responsable del accidente y solicitar una indemnizaci\u00f3n a la compa\u00f1\u00eda de seguros correspondiente.<\/p>\n\n\n\n<p>Estos son algunos de los tipos de accidentes m\u00e1s comunes con los que lidiamos habitualmente:<\/p>\n\n\n\n<ul class=\"wp-block-list\">\n<li>Lesiones a pasajeros causadas por la negligencia de su conductor.<\/li>\n\n\n\n<li>Lesi\u00f3n a un pasajero causada por la negligencia de un conductor de viaje compartido en un veh\u00edculo diferente.<\/li>\n\n\n\n<li>Lesiones al pasajero y\/o al conductor causadas por un <strong><a href=\"https:\/\/dglawga.com\/es\/atlanta\/abogado-de-responsabilidad-del-producto\/\">componente defectuoso del veh\u00edculo<\/a><\/strong>.<\/li>\n\n\n\n<li>Lesiones a un tercero causadas por la negligencia de un conductor de Uber o Lyft.<\/li>\n\n\n\n<li>Lesiones del conductor causadas por su propia negligencia.<\/li>\n\n\n\n<li>Lesi\u00f3n del conductor causada por la negligencia de otro conductor.<\/li>\n\n\n\n<li>Da\u00f1os a la propiedad causados por la negligencia de un conductor de viaje compartido.<\/li>\n<\/ul>\n\n\n\n<h2 class=\"wp-block-heading\" id=\"aioseo-who-can-be-found-liable-in-an-uber-accident\" style=\"padding-top:var(--wp--preset--spacing--20)\">\u00bfQui\u00e9n puede ser considerado responsable en un accidente de Uber?<\/h2>\n\n\n\n<p>Nuestros abogados trabajan incansablemente para determinar qui\u00e9n es exactamente responsable en caso de accidente. Para ello, recopilamos la mayor cantidad posible de pruebas relacionadas con el incidente.<\/p>\n\n\n\n<p>Esto puede incluir grabaciones del interior del veh\u00edculo, grabaciones de c\u00e1maras externas, testimonios de testigos e informes oficiales. Pero \u00bfqui\u00e9n puede ser considerado responsable en estos casos?<\/p>\n\n\n\n<h4 class=\"wp-block-heading\" id=\"aioseo-the-uber-or-lyft-driver\">El conductor de Uber o Lyft<\/h4>\n\n\n\n<p>Esta es la soluci\u00f3n m\u00e1s com\u00fan. Si el conductor actu\u00f3 con negligencia y caus\u00f3 un accidente con lesiones, es responsable de indemnizar.<\/p>\n\n\n\n<p>El conductor est\u00e1 cubierto por una p\u00f3liza de seguro de Uber cuyo valor fluct\u00faa seg\u00fan el momento del accidente. Lyft ofrece una p\u00f3liza de seguro similar para sus conductores.<\/p>\n\n\n\n<h4 class=\"wp-block-heading\" id=\"aioseo-the-rideshare-companies\">Las empresas de viajes compartidos<\/h4>\n\n\n\n<p>Es muy raro que las propias empresas sean responsables de un accidente. Estas empresas, t\u00e9cnicamente, no emplean conductores. En cambio, trabajan como contratistas independientes.<\/p>\n\n\n\n<p>Uber y Lyft utilizan esta separaci\u00f3n para protegerse de responsabilidades. Sin embargo, los casos contra Uber y Lyft no son del todo in\u00e9ditos.<\/p>\n\n\n\n<p>Un cliente demand\u00f3 recientemente a Uber por $63 millones porque permiti\u00f3 que un conductor con un historial de conducci\u00f3n imprudente condujera un Uber y causara un accidente.<\/p>\n\n\n\n<h4 class=\"wp-block-heading\" id=\"aioseo-potential-third-parties\">Terceros potenciales<\/h4>\n\n\n\n<p>Existen algunas alternativas posibles seg\u00fan las circunstancias de los accidentes. Por ejemplo, un fabricante podr\u00eda ser declarado responsable si una de sus piezas fue responsable del accidente. Si el accidente fue causado por un mantenimiento deficiente de la carretera, la organizaci\u00f3n responsable del mantenimiento podr\u00eda ser declarada responsable.<\/p>\n\n\n\n<p>En general, demostrar la responsabilidad es una tarea dif\u00edcil que requiere abogados profesionales especializados en accidentes de Uber en Atlanta con experiencia en este tipo de accidentes. Necesitamos demostrar que la persona responsable del accidente ten\u00eda el deber de actuar responsablemente, que incumpli\u00f3 dicho deber y que ese incumplimiento fue la causa de la lesi\u00f3n.<\/p>\n\n\n\n<p>Luego negociamos con las compa\u00f1\u00edas de seguros para llegar a un acuerdo que refleje las p\u00e9rdidas de la v\u00edctima.<\/p>\n\n\n\n<h2 class=\"wp-block-heading\" id=\"aioseo-how-are-uber-accident-cases-different-from-regular-car-accident-cases\" style=\"padding-top:var(--wp--preset--spacing--20)\">\u00bfEn qu\u00e9 se diferencian los casos de accidentes de Uber de los casos de accidentes automovil\u00edsticos normales?<\/h2>\n\n\n\n<p>En muchos sentidos, estos casos se gestionan igual que cualquier otro accidente automovil\u00edstico. La principal diferencia entre un accidente de viaje compartido y cualquier otro accidente automovil\u00edstico es el seguro involucrado.<\/p>\n\n\n\n<p>Tambi\u00e9n existe la posibilidad de que una gran empresa sea considerada responsable de la lesi\u00f3n. De lo contrario, el caso se gestiona de forma similar a otras reclamaciones por lesiones personales relacionadas con veh\u00edculos.<\/p>\n\n\n\n<h2 class=\"wp-block-heading\" id=\"aioseo-does-uber-have-a-1-million-insurance-policy-for-accidents\" style=\"padding-top:var(--wp--preset--spacing--20)\">\u00bfTiene Uber una p\u00f3liza de seguro de $1 mill\u00f3n para accidentes?<\/h2>\n\n\n\n<p>S\u00ed. Ambos <strong><a href=\"https:\/\/www.uber.com\/us\/en\/drive\/insurance\/\" target=\"_blank\" rel=\"noopener\">Uber<\/a><\/strong> y <strong><a href=\"https:\/\/www.lyft.com\/driver\/insurance\" target=\"_blank\" rel=\"noopener\">Lyft<\/a><\/strong> Contamos con una p\u00f3liza de seguro contra accidentes con un l\u00edmite de 1 mill\u00f3n de T\/T. Sin embargo, estas p\u00f3lizas solo est\u00e1n disponibles durante ciertos per\u00edodos. Ambas compa\u00f1\u00edas dividen los viajes en tres per\u00edodos.<\/p>\n\n\n\n<p>El primer periodo corresponde al tiempo en que la aplicaci\u00f3n est\u00e1 desactivada. Durante este periodo, se aplica la cobertura del seguro personal del conductor.<\/p>\n\n\n\n<p>El segundo per\u00edodo es cuando el conductor ha iniciado sesi\u00f3n en la app de Uber, pero no ha aceptado ning\u00fan viaje. Este per\u00edodo tiene una cobertura limitada porque el conductor no est\u00e1 prestando servicios para Uber.<\/p>\n\n\n\n<p>Los l\u00edmites durante este per\u00edodo son $50,000 de cobertura de lesiones corporales por persona, $100,000 de cobertura de lesiones corporales por accidente y $25,000 para cobertura de da\u00f1os a la propiedad.<\/p>\n\n\n\n<p>El tercer per\u00edodo corresponde al momento en que el conductor de Uber recoge o transporta pasajeros. Durante este per\u00edodo, la p\u00f3liza de seguro ofrece una cobertura de 1 mill\u00f3n de T\/T. Los conductores de Lyft tambi\u00e9n aplican los mismos per\u00edodos y montos de cobertura.<\/p>\n\n\n\n<p>Una cobertura de 1 mill\u00f3n de d\u00f3lares es sin duda \u00fatil, pero aun as\u00ed puede esperar que se opongan a pagar la indemnizaci\u00f3n correspondiente. Ah\u00ed es donde entra en juego la ayuda de un abogado experto en accidentes de Uber.<\/p>\n\n\n\n<p>Negociaremos un acuerdo adecuado o llevaremos el caso a los tribunales y lucharemos all\u00ed por su compensaci\u00f3n.<\/p>\n\n\n\n<figure class=\"wp-block-image aligncenter\"><a href=\"https:\/\/dglawga.com\/wp-content\/uploads\/2022\/06\/Atlanta-uber-accidnet-lawyer-diaz.jpg\"><img loading=\"lazy\" decoding=\"async\" width=\"500\" height=\"333\" src=\"https:\/\/dglawga.com\/wp-content\/uploads\/2022\/06\/Atlanta-uber-accidnet-lawyer-diaz.jpg\" alt=\"Aplicaci\u00f3n de viajes compartidos, concepto de abogado de accidentes de Uber en Atlanta\" class=\"wp-image-2836\" srcset=\"https:\/\/dglawga.com\/wp-content\/uploads\/2022\/06\/Atlanta-uber-accidnet-lawyer-diaz.jpg 500w, https:\/\/dglawga.com\/wp-content\/uploads\/2022\/06\/Atlanta-uber-accidnet-lawyer-diaz-300x200.jpg 300w\" sizes=\"auto, (max-width: 500px) 100vw, 500px\" \/><\/a><\/figure>\n\n\n\n<h2 class=\"wp-block-heading\" id=\"aioseo-what-type-of-compensation-can-i-seek-in-an-uber-accident\" style=\"padding-top:var(--wp--preset--spacing--20)\">\u00bfQu\u00e9 tipo de compensaci\u00f3n puedo solicitar en un accidente de Uber?<\/h2>\n\n\n\n<p>Estos son tres tipos principales de compensaci\u00f3n que se pueden otorgar a la v\u00edctima de un accidente de Uber u otro veh\u00edculo compartido:<\/p>\n\n\n\n<ul class=\"wp-block-list\">\n<li><strong>Da\u00f1os econ\u00f3micos:<\/strong> Estos da\u00f1os constituyen la mayor parte de la mayor\u00eda de las indemnizaciones. Cubren p\u00e9rdidas financieras como la p\u00e9rdida de ingresos, facturas m\u00e9dicas, el costo de la rehabilitaci\u00f3n y el costo de la reparaci\u00f3n de la propiedad.<\/li>\n\n\n\n<li><strong>Da\u00f1os no econ\u00f3micos:<\/strong> Esta indemnizaci\u00f3n cubre el sufrimiento mental y emocional causado por el accidente. Ejemplos comunes incluyen dolor y sufrimiento, y la p\u00e9rdida del disfrute de la vida.<\/li>\n\n\n\n<li><strong>Da\u00f1os punitivos:<\/strong> Se puede ordenar a los demandados el pago de da\u00f1os punitivos, adem\u00e1s de otros da\u00f1os, como castigo. Debe demostrarse que la parte responsable actu\u00f3 de forma maliciosa o intencionalmente imprudente.<\/li>\n<\/ul>\n\n\n\n<h2 class=\"wp-block-heading\" id=\"aioseo-should-i-just-accept-a-settlement-offer\" style=\"padding-top:var(--wp--preset--spacing--20)\">\u00bfDeber\u00eda simplemente aceptar una oferta de acuerdo?<\/h2>\n\n\n\n<p>Nunca acepte un acuerdo sin consultar primero con un abogado especializado en accidentes de Uber en Atlanta. Las compa\u00f1\u00edas de seguros son conocidas por ofrecer acuerdos bajos a las v\u00edctimas porque les ahorra dinero.<\/p>\n\n\n\n<p>Un abogado puede negociar con una compa\u00f1\u00eda de seguros en su nombre para garantizar que le ofrezcan un acuerdo que cubra adecuadamente sus p\u00e9rdidas. Rara vez ser\u00e1 la primera oferta de acuerdo que reciba.<\/p>\n\n\n\n<h2 class=\"wp-block-heading\" id=\"aioseo-how-much-will-an-atlanta-uber-accident-lawyer-cost\" style=\"padding-top:var(--wp--preset--spacing--20)\">\u00bfCu\u00e1nto costar\u00e1 un abogado de accidentes de Uber en Atlanta?<\/h2>\n\n\n\n<p>Trabajamos casos de lesiones personales de acuerdo a un <strong><a href=\"https:\/\/www.americanbar.org\/groups\/public_education\/resources\/law_issues_for_consumers\/lawyerfees_contingent\/\" target=\"_blank\" rel=\"noopener\">honorarios de contingencia<\/a><\/strong>. Es otra raz\u00f3n por la que lucharemos para obtener la mejor compensaci\u00f3n posible. Nuestros honorarios se deducen como un peque\u00f1o porcentaje del acuerdo solo despu\u00e9s de que gane su caso.<\/p>\n\n\n\n<p>Si usted no recibe un pago, nosotros tampoco.<\/p>\n\n\n\n<h2 class=\"wp-block-heading\" id=\"aioseo-are-there-time-limits-for-filing-an-uber-accident-claim\" style=\"padding-top:var(--wp--preset--spacing--20)\">\u00bfExisten l\u00edmites de tiempo para presentar una reclamaci\u00f3n por accidente de Uber?<\/h2>\n\n\n\n<p>Tendr\u00e1s <strong>2 a\u00f1os<\/strong> a partir de la fecha del accidente para presentar una <strong><a href=\"https:\/\/dglawga.com\/es\/atlanta\/abogado-de-lesiones-personales\/\">reclamaci\u00f3n por lesiones personales<\/a><\/strong> Por lesiones corporales. Tiene 4 a\u00f1os para presentar una reclamaci\u00f3n por da\u00f1os a su veh\u00edculo. Le recomendamos que presente su reclamaci\u00f3n lo antes posible.<\/p>\n\n\n\n<p>La calidad y cantidad de las pruebas disponibles disminuir\u00e1 con el tiempo. Es mucho m\u00e1s f\u00e1cil identificar al responsable poco despu\u00e9s del accidente.<\/p>\n\n\n\n<h2 class=\"wp-block-heading\" id=\"aioseo-why-do-i-need-a-atlanta-uber-accident-lawyer\" style=\"padding-top:var(--wp--preset--spacing--20)\">\u00bfPor qu\u00e9 necesito un abogado de accidentes de Uber en Atlanta?<\/h2>\n\n\n\n<p>Quiz\u00e1s se pregunte por qu\u00e9 contratar a un abogado especializado en accidentes de Uber en Atlanta ser\u00eda beneficioso. Estas son solo algunas de las maneras en que podemos ayudarle:<\/p>\n\n\n\n<h4 class=\"wp-block-heading\" id=\"aioseo-case-prep-paperwork\">Preparaci\u00f3n de casos y papeleo<\/h4>\n\n\n\n<p>Presentar una demanda y preparar un caso requiere tiempo y experiencia. Si su accidente fue reciente, puede ahorrar tiempo para concentrarse en su recuperaci\u00f3n. Contratar a un abogado especializado en accidentes de Uber en Atlanta tambi\u00e9n garantiza que todo se presente correctamente y a tiempo para que su reclamo no sea rechazado.<\/p>\n\n\n\n<h4 class=\"wp-block-heading\" id=\"aioseo-negotiations\">Negociaciones<\/h4>\n\n\n\n<p>Las aseguradoras quieren pagar lo menos posible a sus clientes. As\u00ed es como se mantienen tan rentables. No permitiremos que eso suceda. Entendemos las leyes, los sistemas de p\u00f3lizas y la magnitud de los da\u00f1os.<\/p>\n\n\n\n<p>No permitiremos que se aprovechen de nuestros clientes.<\/p>\n\n\n\n<h4 class=\"wp-block-heading\" id=\"aioseo-trial-prep-representation\">Preparaci\u00f3n y representaci\u00f3n judicial<\/h4>\n\n\n\n<p>En raras ocasiones, no logramos llegar a un acuerdo extrajudicial. Las compa\u00f1\u00edas de seguros simplemente no aceptan una indemnizaci\u00f3n justa. Por eso es importante contar con un abogado especializado en accidentes de Uber en Atlanta.<\/p>\n\n\n\n<p>Podemos representar su reclamo ante un juez y un jurado para garantizar que obtenga la cantidad correcta.<\/p>\n\n\n\n<h2 class=\"wp-block-heading\" id=\"aioseo-injured-in-a-uber-accident-call-your-atlanta-uber-accident-lawyer-today\" style=\"padding-top:var(--wp--preset--spacing--20)\">\u00bfLesionado en un accidente de Uber? \u00a1Llame hoy mismo a su abogado especializado en accidentes de Uber en Atlanta!<\/h2>\n\n\n\n<p>En Diaz &amp; Gaeta, estamos aqu\u00ed para ayudar a los residentes de Atlanta a obtener la compensaci\u00f3n que les corresponde tras sufrir lesiones. Es mucho m\u00e1s probable obtener una indemnizaci\u00f3n aceptable si trabaja con un abogado especializado en lesiones personales.<\/p>\n\n\n\n<p>Ayudamos a presentar el reclamo, reunir evidencia y negociar un acuerdo.<\/p>\n\n\n\n<p>Todos nuestros clientes son como familia y hacemos todo lo posible por ellos. Si ha sufrido lesiones en un accidente de viaje compartido en los \u00faltimos dos a\u00f1os, podemos ayudarle.<\/p>\n\n\n\n<p>Ll\u00e1manos al <a href=\"tel:+16785032780\"><strong>678-503-2780<\/strong><\/a> para su evaluaci\u00f3n de caso gratuita con nuestro <strong><a href=\"\/es\/\">Abogados de lesiones personales en Atlanta<\/a><\/strong>.<\/p>","protected":false},"excerpt":{"rendered":"<p>The popularity of rideshare services has skyrocketed over the last seven years. Passengers expect to be safe while using these services but accidents still occur. Uber and Lyft have been involved in thousands of accidents with some even leading to death. The survivors of these accidents are often left with expensive medical bills and lifelong [&hellip;]<\/p>\n","protected":false},"author":34,"featured_media":0,"parent":55,"menu_order":0,"comment_status":"closed","ping_status":"closed","template":"wp-custom-template-atlanta-services","meta":{"_acf_changed":false,"_themeisle_gutenberg_block_has_review":false,"footnotes":""},"categories":[4],"tags":[124,123,120,21,122,59,126,58,121,125,119,26,118,116,117,22,142,143,24],"class_list":["post-1937","page","type-page","status-publish","hentry","category-atlanta-location","tag-abogado-coche-acidente","tag-abogado-gratis","tag-attorney-lawyer","tag-car-accidents","tag-car-accidents-lawyer","tag-family-law","tag-imigracion-abogados","tag-immigration","tag-immigration-lawyer","tag-marietta-abogado","tag-marietta-lawyer","tag-personal-injury","tag-top-lawyer-in-marietta","tag-top-lawyers-in-atlanta","tag-top-lawyers-in-smyrna","tag-truck-accident","tag-truck-accident-attorneys","tag-truck-crash","tag-uber-accidents"],"acf":[],"aioseo_notices":[],"_links":{"self":[{"href":"https:\/\/dglawga.com\/es\/wp-json\/wp\/v2\/pages\/1937","targetHints":{"allow":["GET"]}}],"collection":[{"href":"https:\/\/dglawga.com\/es\/wp-json\/wp\/v2\/pages"}],"about":[{"href":"https:\/\/dglawga.com\/es\/wp-json\/wp\/v2\/types\/page"}],"author":[{"embeddable":true,"href":"https:\/\/dglawga.com\/es\/wp-json\/wp\/v2\/users\/34"}],"replies":[{"embeddable":true,"href":"https:\/\/dglawga.com\/es\/wp-json\/wp\/v2\/comments?post=1937"}],"version-history":[{"count":4,"href":"https:\/\/dglawga.com\/es\/wp-json\/wp\/v2\/pages\/1937\/revisions"}],"predecessor-version":[{"id":8570,"href":"https:\/\/dglawga.com\/es\/wp-json\/wp\/v2\/pages\/1937\/revisions\/8570"}],"up":[{"embeddable":true,"href":"https:\/\/dglawga.com\/es\/wp-json\/wp\/v2\/pages\/55"}],"wp:attachment":[{"href":"https:\/\/dglawga.com\/es\/wp-json\/wp\/v2\/media?parent=1937"}],"wp:term":[{"taxonomy":"category","embeddable":true,"href":"https:\/\/dglawga.com\/es\/wp-json\/wp\/v2\/categories?post=1937"},{"taxonomy":"post_tag","embeddable":true,"href":"https:\/\/dglawga.com\/es\/wp-json\/wp\/v2\/tags?post=1937"}],"curies":[{"name":"wp","href":"https:\/\/api.w.org\/{rel}","templated":true}]}}