{"id":1968,"date":"2022-06-07T17:26:41","date_gmt":"2022-06-07T17:26:41","guid":{"rendered":"https:\/\/diazgaetalaw.wpengine.com\/?page_id=1968"},"modified":"2025-06-15T11:48:09","modified_gmt":"2025-06-15T16:48:09","slug":"abogado-de-resbalones-y-caidas","status":"publish","type":"page","link":"https:\/\/dglawga.com\/es\/atlanta\/slip-and-fall-lawyer\/","title":{"rendered":"Abogado de resbalones y ca\u00eddas en Atlanta"},"content":{"rendered":"<p>Si ha sufrido un accidente por resbal\u00f3n y ca\u00edda, existen disposiciones legales para protegerse. No estar\u00e1 solo en una situaci\u00f3n como esta.<\/p>\n\n\n\n<p>Con nuestros abogados especializados en resbalones y ca\u00eddas en Atlanta, en Diaz &amp; Gaeta, recibir\u00e1 un trato atento y tendr\u00e1 acceso a uno de los mejores equipos legales de Georgia. Si desea apoyo confiable, t\u00f3mese el tiempo para comunicarse con nosotros. <a href=\"https:\/\/dglawga.com\/es\/atlanta\/abogado-de-lesiones-personales\/\"><strong>abogados de lesiones personales en Atlanta<\/strong><\/a> llamando <a href=\"tel:+16785032780\"><strong>678-503-2780<\/strong><\/a>.<\/p>\n\n\n\n<p>Le ayudaremos a gestionar cada parte de su caso de resbal\u00f3n y ca\u00edda para garantizar que reciba una compensaci\u00f3n justa. Cont\u00e1ctenos hoy mismo para una evaluaci\u00f3n gratuita de su caso.<\/p>\n\n\n\n<div class=\"wp-block-group has-accent-background-color has-background is-vertical is-layout-flex wp-container-core-group-is-layout-283d9697 wp-block-group-is-layout-flex\" style=\"border-top-left-radius:15px;border-top-right-radius:15px;margin-top:var(--wp--preset--spacing--30)\">\n<h2 class=\"wp-block-heading has-primary-color has-text-color has-link-color wp-elements-4164a61e17ffbe9e8a7446952ec87a5a\" id=\"aioseo-table-of-contents\">TABLA DE CONTENIDO<\/h2>\n<\/div>\n\n\n\n<div class=\"wp-block-group has-background is-vertical is-layout-flex wp-container-core-group-is-layout-d644fc7a wp-block-group-is-layout-flex\" style=\"border-bottom-left-radius:15px;border-bottom-right-radius:15px;background-color:#f3f3f3;margin-top:0\"><div class=\"wp-block-aioseo-table-of-contents\"><ul><li><a class=\"aioseo-toc-item\" href=\"#aioseo-what-are-the-most-common-slip-and-fall-accidents\">\u00bfCu\u00e1les son los accidentes por resbalones y ca\u00eddas m\u00e1s comunes?<\/a><\/li><li><a class=\"aioseo-toc-item\" href=\"#aioseo-how-can-an-atlanta-slip-and-fall-lawyer-help-me-with-my-case\">\u00bfC\u00f3mo puede un abogado especializado en resbalones y ca\u00eddas de Atlanta ayudarme con mi caso?<\/a><\/li><li><a class=\"aioseo-toc-item\" href=\"#aioseo-what-steps-can-be-taken-to-help-a-slip-and-fall-case\">\u00bfQu\u00e9 medidas se pueden tomar para ayudar en un caso de resbal\u00f3n y ca\u00edda?<\/a><ul><li><a class=\"aioseo-toc-item\" href=\"#aioseo-call-the-police-or-the-manager\">Llama a la polic\u00eda o al gerente<\/a><\/li><li><a class=\"aioseo-toc-item\" href=\"#aioseo-take-visual-evidence\">Tome evidencia visual<\/a><\/li><li><a class=\"aioseo-toc-item\" href=\"#aioseo-request-contact-information-from-everyone\">Solicitar informaci\u00f3n de contacto a todos<\/a><\/li><li><a class=\"aioseo-toc-item\" href=\"#aioseo-seek-medical-attention\">Busque atenci\u00f3n m\u00e9dica<\/a><\/li><li><a class=\"aioseo-toc-item\" href=\"#aioseo-call-a-slip-and-fall-lawyer-right-away\">Llame a un abogado especializado en resbalones y ca\u00eddas de inmediato<\/a><\/li><\/ul><\/li><li><a class=\"aioseo-toc-item\" href=\"#aioseo-how-can-a-slip-and-fall-accident-be-proven\">\u00bfC\u00f3mo se puede probar un accidente por resbal\u00f3n y ca\u00edda?<\/a><\/li><li><a class=\"aioseo-toc-item\" href=\"#aioseo-how-is-liability-determined-in-an-atlanta-georgia-slip-and-fall-case\">\u00bfC\u00f3mo se determina la responsabilidad en un caso de resbal\u00f3n y ca\u00edda en Atlanta, Georgia?<\/a><\/li><li><a class=\"aioseo-toc-item\" href=\"#aioseo-how-much-is-my-slip-and-fall-case-worth\">\u00bfCu\u00e1nto vale mi caso de resbal\u00f3n y ca\u00edda?<\/a><\/li><li><a class=\"aioseo-toc-item\" href=\"#aioseo-are-there-any-time-limits-for-filing-a-slip-and-fall-lawsuit\">\u00bfExiste alg\u00fan l\u00edmite de tiempo para presentar una demanda por resbal\u00f3n y ca\u00edda?<\/a><\/li><li><a class=\"aioseo-toc-item\" href=\"#aioseo-call-our-atlanta-slip-and-fall-lawyers-today\">\u00a1Llame hoy a nuestros abogados de resbalones y ca\u00eddas de Atlanta!<\/a><\/li><\/ul><\/div><\/div>\n\n\n\n<h2 class=\"wp-block-heading\" id=\"aioseo-what-are-the-most-common-slip-and-fall-accidents\" style=\"padding-top:var(--wp--preset--spacing--20)\">\u00bfCu\u00e1les son los accidentes por resbalones y ca\u00eddas m\u00e1s comunes?<\/h2>\n\n\n\n<p>Cuando una persona sufre un accidente por resbal\u00f3n y ca\u00edda, es normal querer averiguar la causa ra\u00edz. Esta informaci\u00f3n es fundamental para probar su caso y asegurar que la otra parte tenga que indemnizarle por los da\u00f1os.<\/p>\n\n\n\n<p>Las razones pueden incluir:<\/p>\n\n\n\n<ul class=\"wp-block-list\">\n<li>Pasillos o pasillos oscuros<\/li>\n\n\n\n<li>Problemas estructurales debido a un mantenimiento deficiente (por ejemplo, aceras agrietadas, baldosas da\u00f1adas, alfombras rotas o baches)<\/li>\n\n\n\n<li>Pisos o pasillos mojados<\/li>\n\n\n\n<li>Falta de pasamanos en las escaleras<\/li>\n\n\n\n<li>Falta de se\u00f1ales de advertencia de condiciones peligrosas<\/li>\n\n\n\n<li>No se permiten canaletas ni dispositivos antideslizantes cerca de zonas peligrosas despu\u00e9s de la lluvia o la nieve<\/li>\n\n\n\n<li>Residuos peligrosos como ramas de \u00e1rboles<\/li>\n<\/ul>\n\n\n\n<p>Si se identifica con una o m\u00e1s de estas razones, probablemente sea el momento de presentar una demanda por lesiones personales en Atlanta. En Diaz &amp; Gaeta, estamos listos para ayudarle; solo tiene que llamarnos. <br>en <a href=\"tel:+16785032780\"><strong>678-503-2780<\/strong><\/a>.<\/p>\n\n\n\n<h2 class=\"wp-block-heading\" id=\"aioseo-how-can-an-atlanta-slip-and-fall-lawyer-help-me-with-my-case\" style=\"padding-top:var(--wp--preset--spacing--20)\">\u00bfC\u00f3mo puede un abogado especializado en resbalones y ca\u00eddas de Atlanta ayudarme con mi caso?<\/h2>\n\n\n\n<p>Un buen abogado especializado en resbalones y ca\u00eddas marcar\u00e1 la diferencia. Esto implica preparar la reclamaci\u00f3n y garantizar su solidez, incluyendo toda la informaci\u00f3n necesaria para su tramitaci\u00f3n en el sistema legal.<\/p>\n\n\n\n<p>Tambi\u00e9n necesitar\u00e1 representaci\u00f3n legal cuando el caso llegue a la corte. <a href=\"https:\/\/www.americanbar.org\/groups\/public_education\/resources\/law_issues_for_consumers\/injury_settle\/\" target=\"_blank\" rel=\"noopener\">etapa de liquidaci\u00f3n<\/a>. Negociaremos todo mientras construimos su caso y nos aseguraremos de que reciba la compensaci\u00f3n que busca.<\/p>\n\n\n\n<p>Tambi\u00e9n podemos ayudarle con un juicio si llega a ese punto. Esto incluye la preparaci\u00f3n para el juicio y la defensa de su caso. Para obtener m\u00e1s informaci\u00f3n sobre c\u00f3mo trabaja Diaz &amp; Gaeta, t\u00f3mese el tiempo de programar una consulta con nosotros en <a href=\"tel:+16785032780\"><strong>678-503-2780<\/strong><\/a>.<\/p>\n\n\n\n<h2 class=\"wp-block-heading\" id=\"aioseo-what-steps-can-be-taken-to-help-a-slip-and-fall-case\" style=\"padding-top:var(--wp--preset--spacing--20)\">\u00bfQu\u00e9 medidas se pueden tomar para ayudar en un caso de resbal\u00f3n y ca\u00edda?<\/h2>\n\n\n\n<p>Seguir los pasos a continuaci\u00f3n le ayudar\u00e1 a garantizar que pueda recibir la mayor compensaci\u00f3n por sus da\u00f1os si gana su caso de resbal\u00f3n y ca\u00edda:<\/p>\n\n\n\n<h4 class=\"wp-block-heading\" id=\"aioseo-call-the-police-or-the-manager\">Llama a la polic\u00eda o al gerente<\/h4>\n\n\n\n<p>Si sufre un accidente en la propiedad de otra persona, debe notificar al propietario o administrador. En algunos casos de lesiones graves, es importante contactar a las autoridades.<\/p>\n\n\n\n<p>Presentar la denuncia es un buen punto de partida y puede utilizarse posteriormente durante el proceso de reclamaci\u00f3n. Si se ha llamado a la polic\u00eda, tambi\u00e9n conviene solicitar una denuncia policial m\u00e1s adelante. Esta informaci\u00f3n es clave y le facilitar\u00e1 la vida.<\/p>\n\n\n\n<h4 class=\"wp-block-heading\" id=\"aioseo-take-visual-evidence\">Tome evidencia visual<\/h4>\n\n\n\n<p>Siempre se recomienda tomar fotos de la escena. Es una buena manera de ilustrar visualmente la negligencia de la otra parte y c\u00f3mo usted se lesion\u00f3. Esta informaci\u00f3n le ser\u00e1 \u00fatil si desea presentar una reclamaci\u00f3n por lesiones personales en Atlanta.<\/p>\n\n\n\n<p>Tambi\u00e9n puede grabar videos si lo desea. Si toma en cuenta la escena correctamente, esto le ayudar\u00e1 a fundamentar su demanda por lesiones en Atlanta.<\/p>\n\n\n\n<h4 class=\"wp-block-heading\" id=\"aioseo-request-contact-information-from-everyone\">Solicitar informaci\u00f3n de contacto a todos<\/h4>\n\n\n\n<p>Si hubo testigos presenciales que presenciaron lo sucedido, querr\u00e1 obtener su informaci\u00f3n lo antes posible. Esto es importante porque verificar\u00e1n su reclamaci\u00f3n ante un juez y podr\u00e1n garantizar su indemnizaci\u00f3n.<\/p>\n\n\n\n<p>Tambi\u00e9n querr\u00e1s solicitar la informaci\u00f3n de contacto de la otra parte. Esto es \u00fatil seg\u00fan lo ocurrido y d\u00f3nde ocurri\u00f3.<\/p>\n\n\n\n<figure class=\"wp-block-image aligncenter\" style=\"margin-top:var(--wp--preset--spacing--20);margin-bottom:var(--wp--preset--spacing--20)\"><a href=\"https:\/\/dglawga.com\/wp-content\/uploads\/2022\/06\/Atlanta-slip-and-fall-lawyer-diaz.jpg\"><img loading=\"lazy\" decoding=\"async\" width=\"500\" height=\"333\" src=\"https:\/\/dglawga.com\/wp-content\/uploads\/2022\/06\/Atlanta-slip-and-fall-lawyer-diaz.jpg\" alt=\"Se\u00f1al de suelo mojado, concepto de abogado especializado en resbalones y ca\u00eddas de Atlanta\" class=\"wp-image-2862\" srcset=\"https:\/\/dglawga.com\/wp-content\/uploads\/2022\/06\/Atlanta-slip-and-fall-lawyer-diaz.jpg 500w, https:\/\/dglawga.com\/wp-content\/uploads\/2022\/06\/Atlanta-slip-and-fall-lawyer-diaz-300x200.jpg 300w\" sizes=\"auto, (max-width: 500px) 100vw, 500px\" \/><\/a><\/figure>\n\n\n\n<h4 class=\"wp-block-heading\" id=\"aioseo-seek-medical-attention\">Busque atenci\u00f3n m\u00e9dica<\/h4>\n\n\n\n<p>Querr\u00e1 tomarse el tiempo para buscar atenci\u00f3n m\u00e9dica por lo ocurrido. A veces, podr\u00eda pensar que todo estar\u00e1 bien y que no sufrir\u00e1 da\u00f1o, pero ese no es el enfoque correcto.<\/p>\n\n\n\n<p>Le conviene consultar con un profesional m\u00e9dico para que le realice una evaluaci\u00f3n completa de su salud f\u00edsica. Esto es importante, ya que un informe m\u00e9dico puede ayudar a aclarar su situaci\u00f3n debido al resbal\u00f3n y la ca\u00edda.<\/p>\n\n\n\n<h4 class=\"wp-block-heading\" id=\"aioseo-call-a-slip-and-fall-lawyer-right-away\">Llame a un abogado especializado en resbalones y ca\u00eddas de inmediato<\/h4>\n\n\n\n<p>El \u00faltimo paso ser\u00e1 contactar a un abogado de confianza especializado en resbalones y ca\u00eddas en Atlanta. Con Diaz &amp; Gaeta, no tendr\u00e1 que buscar mucho, ya que contamos con las credenciales necesarias y sabemos c\u00f3mo manejar una situaci\u00f3n como esta de inmediato.<\/p>\n\n\n\n<p>Para obtener m\u00e1s informaci\u00f3n sobre c\u00f3mo abordamos casos como estos, t\u00f3mese el tiempo para llamar a D\u00edaz &amp; Gaeta. <br>en <a href=\"tel:+16785032780\"><strong>678-503-2780<\/strong><\/a>.<\/p>\n\n\n\n<h2 class=\"wp-block-heading\" id=\"aioseo-how-can-a-slip-and-fall-accident-be-proven\" style=\"padding-top:var(--wp--preset--spacing--20)\">\u00bfC\u00f3mo se puede probar un accidente por resbal\u00f3n y ca\u00edda?<\/h2>\n\n\n\n<p>Para probar un accidente de resbal\u00f3n y ca\u00edda es necesario presentar evidencia de negligencia. Deber\u00e1 demostrar la culpabilidad de la otra parte, y hay dos maneras de hacerlo.<\/p>\n\n\n\n<p>Esto puede incluir:<\/p>\n\n\n\n<ul class=\"wp-block-list\">\n<li>El propietario del inmueble estaba al tanto del peligro o deber\u00eda haber estado al tanto del mismo.<\/li>\n\n\n\n<li>La v\u00edctima no era consciente del peligro porque no hab\u00eda ninguna se\u00f1al o no era visible sin un plazo de tiempo razonable.<\/li>\n<\/ul>\n\n\n\n<p>Considere ambas opciones para ver cu\u00e1l se aplica a su situaci\u00f3n. Esto le ser\u00e1 \u00fatil cuando llegue el momento de presentar la reclamaci\u00f3n por lesiones en Atlanta. Para contactar a Diaz &amp; Gaeta, ll\u00e1menos al <a href=\"tel:+16785032780\"><strong>678-503-2780<\/strong><\/a>.<\/p>\n\n\n\n<h2 class=\"wp-block-heading\" id=\"aioseo-how-is-liability-determined-in-an-atlanta-georgia-slip-and-fall-case\" style=\"padding-top:var(--wp--preset--spacing--20)\">\u00bfC\u00f3mo se determina la responsabilidad en un caso de resbal\u00f3n y ca\u00edda en Atlanta, Georgia?<\/h2>\n\n\n\n<p>Al momento de analizar la responsabilidad, es mejor considerar el deber de cuidado en una situaci\u00f3n como esta. La otra parte tendr\u00e1 un deber de cuidado, ya sea en una propiedad comercial, un complejo de apartamentos o una vivienda. Este deber de cuidado implica la aplicaci\u00f3n de regulaciones estrictas o la negligencia.<\/p>\n\n\n\n<p>Un buen ejemplo de esto ser\u00eda no colocar una se\u00f1al de advertencia cuando el piso est\u00e1 mojado. Este es un error com\u00fan y podr\u00eda responsabilizar a la otra parte. Tambi\u00e9n deber\u00e1 demostrar c\u00f3mo todo esto se relaciona con el da\u00f1o que sufri\u00f3 su vida. Esto incluye si se lesion\u00f3 o no al resbalarse y caerse.<\/p>\n\n\n\n<p>Le conviene hablar con nuestro bufete de abogados Diaz &amp; Gaeta para obtener m\u00e1s informaci\u00f3n sobre los requisitos para demostrar la responsabilidad de la otra parte. Para m\u00e1s informaci\u00f3n sobre nuestra labor, ll\u00e1menos al <a href=\"tel:+16785032780\"><strong>678-503-2780<\/strong><\/a>.<\/p>\n\n\n\n<h2 class=\"wp-block-heading\" id=\"aioseo-how-much-is-my-slip-and-fall-case-worth\" style=\"padding-top:var(--wp--preset--spacing--20)\">\u00bfCu\u00e1nto vale mi caso de resbal\u00f3n y ca\u00edda?<\/h2>\n\n\n\n<p>Al analizar los detalles de un caso como este, tendr\u00e1 en cuenta la compensaci\u00f3n que podr\u00eda recibir. Es com\u00fan que nuestros clientes hablen de esto y mencionen la importancia de tener una idea de la cantidad que podr\u00edan recibir. Seg\u00fan nuestra experiencia en Diaz &amp; Gaeta, la cantidad var\u00eda.<\/p>\n\n\n\n<p>Se considerar\u00e1 el tipo de accidente por resbal\u00f3n y ca\u00edda que sufri\u00f3, la gravedad de la negligencia y el aspecto de su lesi\u00f3n. Todo esto se tendr\u00e1 en cuenta al tramitar su reclamaci\u00f3n por resbal\u00f3n y ca\u00edda en Atlanta.<\/p>\n\n\n\n<h2 class=\"wp-block-heading\" id=\"aioseo-are-there-any-time-limits-for-filing-a-slip-and-fall-lawsuit\" style=\"padding-top:var(--wp--preset--spacing--20)\">\u00bfExiste alg\u00fan l\u00edmite de tiempo para presentar una demanda por resbal\u00f3n y ca\u00edda?<\/h2>\n\n\n\n<p>Es importante considerar los plazos de una demanda por resbal\u00f3n y ca\u00edda. No querr\u00e1 tener que lidiar con el plazo de prescripci\u00f3n en Georgia, ya que existe una restricci\u00f3n sobre cu\u00e1ndo puede presentar la demanda.<\/p>\n\n\n\n<p>Tendr\u00e1 dos a\u00f1os y luego se invocar\u00e1 el plazo de prescripci\u00f3n. T\u00f3mese el tiempo para consultar con uno de nuestros abogados para averiguar qu\u00e9 necesita su caso. Esto incluye c\u00f3mo se presentar\u00e1 la reclamaci\u00f3n en su nombre en el estado de Georgia.<\/p>\n\n\n\n<h2 class=\"wp-block-heading\" id=\"aioseo-call-our-atlanta-slip-and-fall-lawyers-today\" style=\"padding-top:var(--wp--preset--spacing--20)\">\u00a1Llame hoy a nuestros abogados de resbalones y ca\u00eddas de Atlanta!<\/h2>\n\n\n\n<p>Sufrir una ca\u00edda significa que sufrir\u00e1 lesiones. Querr\u00e1 saber qu\u00e9 puede hacer para asegurarse de recibir una compensaci\u00f3n por los da\u00f1os sufridos tras el accidente. Esto puede incluir da\u00f1os econ\u00f3micos y no econ\u00f3micos.<\/p>\n\n\n\n<p>En <a href=\"https:\/\/dglawga.com\/es\/\">D\u00edaz y Gaeta<\/a>, Entendemos lo dif\u00edcil que es esta situaci\u00f3n en su vida. Por eso, somos un equipo legal que puede ayudarle con este tipo de casos desde el primer momento. Para empezar a trabajar con nosotros, llame a D\u00edaz &amp; Gaeta al <a href=\"tel:+16785032780\"><strong>678-503-2780<\/strong><\/a>.<\/p>","protected":false},"excerpt":{"rendered":"<p>If you have been in a slip and fall accident, there are legal stipulations in place to protect yourself. You are not going to be on your own in a situation such as this. With our Atlanta slip and fall lawyers at Diaz &amp; Gaeta, you are going to be treated with care and you [&hellip;]<\/p>\n","protected":false},"author":34,"featured_media":0,"parent":55,"menu_order":0,"comment_status":"closed","ping_status":"closed","template":"wp-custom-template-atlanta-services","meta":{"_acf_changed":false,"_themeisle_gutenberg_block_has_review":false,"footnotes":""},"categories":[4],"tags":[61],"class_list":["post-1968","page","type-page","status-publish","hentry","category-atlanta-location","tag-slip-and-fall"],"acf":[],"aioseo_notices":[],"_links":{"self":[{"href":"https:\/\/dglawga.com\/es\/wp-json\/wp\/v2\/pages\/1968","targetHints":{"allow":["GET"]}}],"collection":[{"href":"https:\/\/dglawga.com\/es\/wp-json\/wp\/v2\/pages"}],"about":[{"href":"https:\/\/dglawga.com\/es\/wp-json\/wp\/v2\/types\/page"}],"author":[{"embeddable":true,"href":"https:\/\/dglawga.com\/es\/wp-json\/wp\/v2\/users\/34"}],"replies":[{"embeddable":true,"href":"https:\/\/dglawga.com\/es\/wp-json\/wp\/v2\/comments?post=1968"}],"version-history":[{"count":3,"href":"https:\/\/dglawga.com\/es\/wp-json\/wp\/v2\/pages\/1968\/revisions"}],"predecessor-version":[{"id":8569,"href":"https:\/\/dglawga.com\/es\/wp-json\/wp\/v2\/pages\/1968\/revisions\/8569"}],"up":[{"embeddable":true,"href":"https:\/\/dglawga.com\/es\/wp-json\/wp\/v2\/pages\/55"}],"wp:attachment":[{"href":"https:\/\/dglawga.com\/es\/wp-json\/wp\/v2\/media?parent=1968"}],"wp:term":[{"taxonomy":"category","embeddable":true,"href":"https:\/\/dglawga.com\/es\/wp-json\/wp\/v2\/categories?post=1968"},{"taxonomy":"post_tag","embeddable":true,"href":"https:\/\/dglawga.com\/es\/wp-json\/wp\/v2\/tags?post=1968"}],"curies":[{"name":"wp","href":"https:\/\/api.w.org\/{rel}","templated":true}]}}