{"id":1977,"date":"2022-06-07T17:29:53","date_gmt":"2022-06-07T17:29:53","guid":{"rendered":"https:\/\/diazgaetalaw.wpengine.com\/?page_id=1977"},"modified":"2025-06-15T12:41:56","modified_gmt":"2025-06-15T17:41:56","slug":"abogado-de-responsabilidad-del-producto","status":"publish","type":"page","link":"https:\/\/dglawga.com\/es\/atlanta\/product-liability-lawyer\/","title":{"rendered":"Abogado de responsabilidad por productos defectuosos en Atlanta"},"content":{"rendered":"<p>Diaz &amp; Gaeta es un bufete de abogados con el que puede contar cuando necesita un abogado de responsabilidad por productos en Atlanta.<\/p>\n\n\n\n<p>Al comprar algo, lo \u00faltimo que deber\u00eda preocuparle es su propia seguridad o la de sus seres queridos. Sin embargo, no todos los productos disponibles en el mercado son seguros. A veces, se trata de un defecto de fabricaci\u00f3n involuntario, un problema con el etiquetado o incluso podr\u00eda ser pura avaricia.<\/p>\n\n\n\n<p>Sea cual sea el motivo, es responsabilidad de los fabricantes de todos los sectores garantizar que sus productos sean seguros para el consumidor final. Si alguien resulta herido al usar un producto, tiene derecho a demandar al fabricante y a otras partes para obtener una compensaci\u00f3n justa por sus lesiones, de acuerdo con las leyes de responsabilidad del producto.<\/p>\n\n\n\n<p>Dicho esto, no es f\u00e1cil establecer la responsabilidad del fabricante en estos casos. Los fabricantes suelen ser grandes corporaciones con un equipo numeroso de abogados agresivos para protegerse de demandas.<\/p>\n\n\n\n<p>Es por esto que debe contratar los servicios de un abogado especializado en responsabilidad por productos de Atlanta experimentado y confiable.<\/p>\n\n\n\n<p>Diaz &amp; Gaeta Law cuenta con una amplia experiencia y una trayectoria impecable. Hemos ayudado a cientos de clientes a defender sus derechos legales en casos de lesiones personales. Contamos con amplia experiencia negociando con compa\u00f1\u00edas de seguros en nombre de nuestros clientes.<\/p>\n\n\n\n<p>Dar nuestro <strong><a href=\"https:\/\/dglawga.com\/es\/atlanta\/abogado-de-lesiones-personales\/\">Abogados de lesiones personales en Atlanta<\/a> <\/strong>una llamada hoy a <a href=\"tel:+16785032780\"><strong>678-503-2780<\/strong><\/a> para programar una consulta gratuita para discutir los detalles de su caso de responsabilidad del producto.<\/p>\n\n\n\n<div class=\"wp-block-group has-accent-background-color has-background is-vertical is-layout-flex wp-container-core-group-is-layout-283d9697 wp-block-group-is-layout-flex\" style=\"border-top-left-radius:15px;border-top-right-radius:15px;margin-top:var(--wp--preset--spacing--30)\">\n<h2 class=\"wp-block-heading has-primary-color has-text-color has-link-color wp-elements-4164a61e17ffbe9e8a7446952ec87a5a\" id=\"aioseo-table-of-contents\">TABLA DE CONTENIDO<\/h2>\n<\/div>\n\n\n\n<div class=\"wp-block-group has-background is-vertical is-layout-flex wp-container-core-group-is-layout-d644fc7a wp-block-group-is-layout-flex\" style=\"border-bottom-left-radius:15px;border-bottom-right-radius:15px;background-color:#f3f3f3;margin-top:0\"><div class=\"wp-block-aioseo-table-of-contents\"><ul><li><a class=\"aioseo-toc-item\" href=\"#aioseo-georgia-laws-for-product-liability-cases\">Leyes de Georgia para casos de responsabilidad por productos<\/a><\/li><li><a class=\"aioseo-toc-item\" href=\"#aioseo-common-causes-for-legal-action\">Causas comunes de acci\u00f3n legal<\/a><\/li><li><a class=\"aioseo-toc-item\" href=\"#aioseo-how-is-liability-determined\">\u00bfC\u00f3mo se determina la responsabilidad?<\/a><ul><li><a class=\"aioseo-toc-item\" href=\"#aioseo-strict-liability\">Responsabilidad estricta<\/a><\/li><li><a class=\"aioseo-toc-item\" href=\"#aioseo-negligence\">Negligencia<\/a><\/li><li><a class=\"aioseo-toc-item\" href=\"#aioseo-failure-to-warn\">Falta de advertencia<\/a><\/li><\/ul><\/li><li><a class=\"aioseo-toc-item\" href=\"#aioseo-who-can-be-held-liable-for-my-damages\">\u00bfQui\u00e9n puede ser considerado responsable de mis da\u00f1os?<\/a><\/li><li><a class=\"aioseo-toc-item\" href=\"#aioseo-get-in-touch-with-a-product-liability-lawyer-in-atlanta-today\">\u00a1P\u00f3ngase en contacto con un abogado especializado en responsabilidad por productos en Atlanta hoy mismo!<\/a><\/li><\/ul><\/div><\/div>\n\n\n\n<h2 class=\"wp-block-heading\" id=\"aioseo-georgia-laws-for-product-liability-cases\" style=\"padding-top:var(--wp--preset--spacing--20)\">Leyes de Georgia para casos de responsabilidad por productos<\/h2>\n\n\n\n<p>Georgia, al igual que otros estados, tiene <strong><a href=\"http:\/\/ga.elaws.us\/law\/section51-1-11\" target=\"_blank\" rel=\"noopener nofollow\">Existen regulaciones estrictas para los casos de responsabilidad por productos.<\/a><\/strong>. Nadie espera sufrir da\u00f1os al utilizar un producto de la forma prevista.<\/p>\n\n\n\n<p>Si alguien resulta herido debido a un producto peligroso, el fabricante puede ser considerado responsable del defecto de fabricaci\u00f3n o de cualquier otro elemento que funcione mal.<\/p>\n\n\n\n<p>Es importante entender que el fabricante tambi\u00e9n puede ser considerado responsable incluso cuando se trate de un error involuntario de su parte.<\/p>\n\n\n\n<p>El fabricante ser\u00e1 responsable si alguien resulta herido al usar su producto. Otras partes responsables pueden ser los fabricantes de componentes, el mayorista, el fabricante que realiza el ensamblaje y el due\u00f1o de la tienda minorista que vendi\u00f3 el producto.<\/p>\n\n\n\n<p>Sin embargo, demostrar la culpa de los fabricantes requiere mucho tiempo y esfuerzo. Por eso, le conviene contratar los servicios de un bufete de abogados con experiencia que le ayude a sortear la mara\u00f1a de leyes y obtener la indemnizaci\u00f3n que merece.<\/p>\n\n\n\n<p>Ll\u00e1manos al <a href=\"tel:+16785032780\"><strong>678-503-2780<\/strong><\/a> para programar una consulta gratuita y conocer m\u00e1s sobre sus opciones.<\/p>\n\n\n\n<h2 class=\"wp-block-heading\" id=\"aioseo-common-causes-for-legal-action\">Causas comunes de acci\u00f3n legal<\/h2>\n\n\n\n<p>Cuando se trata de una demanda por un producto defectuoso, no es f\u00e1cil para un consumidor promedio saber todo sobre la ley y cu\u00e1ndo puede emprender acciones legales contra el fabricante y cu\u00e1ntos da\u00f1os puede obtener debido a las lesiones causadas por el uso del producto defectuoso.<\/p>\n\n\n\n<p>A continuaci\u00f3n se presenta una breve lista de algunas de las causas m\u00e1s comunes para emprender acciones legales en casos de responsabilidad por productos:<\/p>\n\n\n\n<ul class=\"wp-block-list\">\n<li><strong>Dise\u00f1o defectuoso<\/strong> \u2014 Si se produce una lesi\u00f3n debido a defectos \u00fanicos o m\u00faltiples, usted tiene derecho a emprender acciones legales contra los fabricantes.<\/li>\n\n\n\n<li><strong>Defecto de fabricaci\u00f3n<\/strong> \u2014 Si un producto provoca una lesi\u00f3n al usarse de la forma prevista debido a un defecto de fabricaci\u00f3n, puede emprender acciones legales.<\/li>\n\n\n\n<li><strong>Defecto de etiquetado<\/strong> \u2014 Cada producto incluye instrucciones de uso, as\u00ed como ciertas precauciones de seguridad. Si las instrucciones son incorrectas o incompletas y causan lesiones al usuario, este tiene derecho a emprender acciones legales.<\/li>\n<\/ul>\n\n\n\n<p>La cuesti\u00f3n es que cada situaci\u00f3n es diferente y no existe una respuesta est\u00e1ndar sobre cu\u00e1ndo es adecuado emprender acciones legales. Por eso, en el bufete de abogados Diaz &amp; Gaeta, ofrecemos una primera consulta completamente gratuita para ayudarle a comprender sus derechos y determinar si debe emprender acciones legales contra el fabricante para obtener una compensaci\u00f3n por sus lesiones. Contacte a su... <strong><a href=\"\/es\/\">abogado de responsabilidad del producto<\/a><\/strong> \u00a1hoy!<\/p>\n\n\n\n<h2 class=\"wp-block-heading\" id=\"aioseo-how-is-liability-determined\">\u00bfC\u00f3mo se determina la responsabilidad?<\/h2>\n\n\n\n<p>Si busca una indemnizaci\u00f3n por las lesiones causadas por un producto peligroso, debe comprender c\u00f3mo se determina la responsabilidad en el estado de Georgia. Se deben cumplir tres requisitos para determinar la responsabilidad en Georgia. A continuaci\u00f3n, los detalles:<\/p>\n\n\n\n<h4 class=\"wp-block-heading\" id=\"aioseo-strict-liability\">Responsabilidad estricta<\/h4>\n\n\n\n<p>En t\u00e9rminos simples, <strong><a href=\"https:\/\/legal-dictionary.thefreedictionary.com\/strict+liability\" target=\"_blank\" rel=\"noopener\">responsabilidad estricta<\/a><\/strong> Es una doctrina legal seg\u00fan la cual una entidad o individuo puede ser considerado legalmente responsable por da\u00f1os causados a otra parte sin prueba de descuido o imprudencia.<\/p>\n\n\n\n<p>En tales demandas por responsabilidad del producto, los fabricantes pueden ser considerados estrictamente responsables de las lesiones causadas por el uso de su producto.<\/p>\n\n\n\n<p>El demandante no est\u00e1 obligado a probar la negligencia del fabricante. Solo debe demostrar que el uso razonable o intencionado del producto caus\u00f3 la lesi\u00f3n.<\/p>\n\n\n\n<p>En tales reclamaciones, lo que importa es la condici\u00f3n del producto y no la conducta del fabricante.<\/p>\n\n\n\n<h4 class=\"wp-block-heading\" id=\"aioseo-negligence\">Negligencia<\/h4>\n\n\n\n<p>Se contempla cualquier tipo de negligencia que haya hecho que un producto resulte peligroso para su uso. Esta negligencia puede ocurrir durante su instalaci\u00f3n o venta.<\/p>\n\n\n\n<p>Si se puede probar que las acciones negligentes de una empresa hicieron que el producto se volviera peligroso para el uso del comprador, la empresa podr\u00eda ser considerada responsable por su negligencia.<\/p>\n\n\n\n<figure class=\"wp-block-image aligncenter\" style=\"margin-top:var(--wp--preset--spacing--20);margin-bottom:var(--wp--preset--spacing--20)\"><a href=\"https:\/\/dglawga.com\/wp-content\/uploads\/2022\/06\/atlanta-product-liability-lawyer-diaz.jpg\"><img loading=\"lazy\" decoding=\"async\" width=\"500\" height=\"301\" src=\"https:\/\/dglawga.com\/wp-content\/uploads\/2022\/06\/atlanta-product-liability-lawyer-diaz.jpg\" alt=\" Abogado de responsabilidad por productos en Atlanta con letrero que dice &quot;retirada de producto&quot;\" class=\"wp-image-2895\" srcset=\"https:\/\/dglawga.com\/wp-content\/uploads\/2022\/06\/atlanta-product-liability-lawyer-diaz.jpg 500w, https:\/\/dglawga.com\/wp-content\/uploads\/2022\/06\/atlanta-product-liability-lawyer-diaz-300x181.jpg 300w\" sizes=\"auto, (max-width: 500px) 100vw, 500px\" \/><\/a><\/figure>\n\n\n\n<h4 class=\"wp-block-heading\" id=\"aioseo-failure-to-warn\">Falta de advertencia<\/h4>\n\n\n\n<p>Todo producto debe estar debidamente etiquetado para informar a los usuarios sobre los posibles peligros. Si el uso de un producto resulta en da\u00f1os debido a un etiquetado incorrecto o a la falta de este, el fabricante podr\u00eda ser considerado responsable por no haber advertido.<\/p>\n\n\n\n<p>Hay muchas otras cosas para las cuales se deben recopilar pruebas y mostrarlas en un tribunal de justicia para obtener una compensaci\u00f3n adecuada por las lesiones resultantes del uso de un producto peligroso.<\/p>\n\n\n\n<p>Es por eso que usted debe sentarse con un equipo de abogados experimentados y confiables de D\u00edaz &amp; Gaeta para conocer m\u00e1s sobre sus opciones disponibles.<\/p>\n\n\n\n<p>Ll\u00e1manos al <a href=\"tel:+16785032780\"><strong>678-503-2780<\/strong><\/a> para programar una consulta gratuita con un abogado especializado en responsabilidad del producto en Atlanta.<\/p>\n\n\n\n<h2 class=\"wp-block-heading\" id=\"aioseo-who-can-be-held-liable-for-my-damages\">\u00bfQui\u00e9n puede ser considerado responsable de mis da\u00f1os?<\/h2>\n\n\n\n<p>Si desea obtener una indemnizaci\u00f3n por las lesiones causadas por un producto peligroso, primero debe saber qu\u00e9 parte puede ser considerada responsable de sus da\u00f1os. En caso de demandas por responsabilidad del producto, varias partes pueden estar involucradas en el proceso y ser consideradas responsables. Estas incluyen:<\/p>\n\n\n\n<ul class=\"wp-block-list\">\n<li>Fabricante del producto<\/li>\n\n\n\n<li>Mayorista del producto<\/li>\n\n\n\n<li>Minorista del producto<\/li>\n<\/ul>\n\n\n\n<p>En la mayor\u00eda de los casos, el principal demandado es el fabricante del producto defectuoso, pero otras partes tambi\u00e9n podr\u00edan ser consideradas responsables. Los dise\u00f1adores del producto, incluso si pertenecen a otra empresa, tambi\u00e9n podr\u00edan ser considerados responsables.<\/p>\n\n\n\n<p>Si el defecto se debe a un componente espec\u00edfico dise\u00f1ado o fabricado por otra empresa, esta tambi\u00e9n podr\u00eda ser responsable de los da\u00f1os. De igual manera, el mayorista, distribuidor o minorista del producto tambi\u00e9n podr\u00eda ser responsable.<\/p>\n\n\n\n<p>En el caso de productos m\u00e9dicos, otros grupos tambi\u00e9n podr\u00edan ser considerados responsables, como el m\u00e9dico, la cl\u00ednica o el hospital. Su abogado especializado en responsabilidad por productos le cubrir\u00e1 todas las opciones posibles.<\/p>\n\n\n\n<h2 class=\"wp-block-heading\" id=\"aioseo-get-in-touch-with-a-product-liability-lawyer-in-atlanta-today\">\u00a1P\u00f3ngase en contacto con un abogado especializado en responsabilidad por productos en Atlanta hoy mismo!<\/h2>\n\n\n\n<p>No todos conocen sus derechos legales cuando se lesionan al usar un producto peligroso. Usted tiene derechos y debe hacerlos valer para obtener una compensaci\u00f3n justa por sus lesiones y para evitar que otras personas se lesionen por el uso de ese producto en particular.<\/p>\n\n\n\n<p>No olvide que el gobierno ha promulgado regulaciones estrictas para mantener seguros a los consumidores, pero depende de usted hacer cumplir sus derechos y proteger a los dem\u00e1s.<\/p>\n\n\n\n<p>Aqu\u00ed en <strong><a href=\"https:\/\/dglawga.com\/es\/\">D\u00edaz y Gaeta<\/a><\/strong>, Tenemos experiencia en todo tipo de casos de responsabilidad por productos defectuosos. Entendemos lo complicados que pueden llegar a ser estos casos y que un consumidor promedio a menudo carece de los conocimientos legales necesarios para tratar con un equipo numeroso de abogados.<\/p>\n\n\n\n<p>Tenemos experiencia en una amplia gama de industrias y trabajamos con aseguradoras constantemente. Negociaremos con ellas en su nombre y, si no est\u00e1n dispuestas a ofrecerle un acuerdo justo, estamos dispuestos a llevar el caso a juicio.<\/p>\n\n\n\n<p>Llame a su abogado especializado en responsabilidad del producto al <a href=\"tel:+16785032780\"><strong>678-503-2780<\/strong><\/a> para saber m\u00e1s sobre lo que podemos hacer por usted.<\/p>","protected":false},"excerpt":{"rendered":"<p>Diaz &amp; Gaeta is a law firm you can count on when you need a product liability lawyer in Atlanta. When you buy something, the last thing you should be worried about is your own safety or your loved ones. However, not all the products available in the market are safe. Sometimes, it\u2019s an unintended [&hellip;]<\/p>\n","protected":false},"author":34,"featured_media":0,"parent":55,"menu_order":0,"comment_status":"closed","ping_status":"closed","template":"wp-custom-template-atlanta-services","meta":{"_acf_changed":false,"_themeisle_gutenberg_block_has_review":false,"footnotes":""},"categories":[4],"tags":[124,123,120,21,122,59,126,58,121,125,119,26,55,118,116,117,22,142,143],"class_list":["post-1977","page","type-page","status-publish","hentry","category-atlanta-location","tag-abogado-coche-acidente","tag-abogado-gratis","tag-attorney-lawyer","tag-car-accidents","tag-car-accidents-lawyer","tag-family-law","tag-imigracion-abogados","tag-immigration","tag-immigration-lawyer","tag-marietta-abogado","tag-marietta-lawyer","tag-personal-injury","tag-product-liability","tag-top-lawyer-in-marietta","tag-top-lawyers-in-atlanta","tag-top-lawyers-in-smyrna","tag-truck-accident","tag-truck-accident-attorneys","tag-truck-crash"],"acf":[],"aioseo_notices":[],"_links":{"self":[{"href":"https:\/\/dglawga.com\/es\/wp-json\/wp\/v2\/pages\/1977","targetHints":{"allow":["GET"]}}],"collection":[{"href":"https:\/\/dglawga.com\/es\/wp-json\/wp\/v2\/pages"}],"about":[{"href":"https:\/\/dglawga.com\/es\/wp-json\/wp\/v2\/types\/page"}],"author":[{"embeddable":true,"href":"https:\/\/dglawga.com\/es\/wp-json\/wp\/v2\/users\/34"}],"replies":[{"embeddable":true,"href":"https:\/\/dglawga.com\/es\/wp-json\/wp\/v2\/comments?post=1977"}],"version-history":[{"count":2,"href":"https:\/\/dglawga.com\/es\/wp-json\/wp\/v2\/pages\/1977\/revisions"}],"predecessor-version":[{"id":7732,"href":"https:\/\/dglawga.com\/es\/wp-json\/wp\/v2\/pages\/1977\/revisions\/7732"}],"up":[{"embeddable":true,"href":"https:\/\/dglawga.com\/es\/wp-json\/wp\/v2\/pages\/55"}],"wp:attachment":[{"href":"https:\/\/dglawga.com\/es\/wp-json\/wp\/v2\/media?parent=1977"}],"wp:term":[{"taxonomy":"category","embeddable":true,"href":"https:\/\/dglawga.com\/es\/wp-json\/wp\/v2\/categories?post=1977"},{"taxonomy":"post_tag","embeddable":true,"href":"https:\/\/dglawga.com\/es\/wp-json\/wp\/v2\/tags?post=1977"}],"curies":[{"name":"wp","href":"https:\/\/api.w.org\/{rel}","templated":true}]}}