{"id":1981,"date":"2022-06-07T17:30:37","date_gmt":"2022-06-07T17:30:37","guid":{"rendered":"https:\/\/diazgaetalaw.wpengine.com\/?page_id=1981"},"modified":"2025-06-15T12:57:59","modified_gmt":"2025-06-15T17:57:59","slug":"abogado-defensor-penal-2","status":"publish","type":"page","link":"https:\/\/dglawga.com\/es\/atlanta\/criminal-defense-lawyer\/","title":{"rendered":"Abogado de defensa penal de Atlanta"},"content":{"rendered":"<p>Los casos penales se han vuelto descontrolados en Atlanta, Georgia. Por ejemplo, solo en marzo de 2022, m\u00e1s de 400 acusados fueron condenados en tribunales por delitos menores y graves. La experiencia puede ser traum\u00e1tica si no cuenta con un abogado defensor penal que lo represente en el tribunal.<\/p>\n\n\n\n<p>Un abogado penalista profesional de Atlanta lo representar\u00e1 en el tribunal y lo asesorar\u00e1 en cada etapa del juicio para garantizar una sentencia justa. El abogado tambi\u00e9n le ayudar\u00e1 a negociar un acuerdo con la fiscal\u00eda si es necesario. Si no est\u00e1 satisfecho con el fallo, siempre puede contratar a un abogado para presentar una apelaci\u00f3n.<\/p>\n\n\n\n<p>En Diaz &amp; Gaeta Law, nuestros abogados de defensa penal en Atlanta tienen amplia experiencia en el manejo de su caso y en obtener una sentencia favorable. Durante muchos a\u00f1os, hemos defendido a los residentes de Atlanta contra diversos cargos penales. Nuestros abogados son expertos en derecho penal estatal y federal y est\u00e1n comprometidos con su \u00e9xito.<\/p>\n\n\n\n<p>Llama a nuestro <strong><a href=\"https:\/\/dglawga.com\/es\/atlanta\/\">Bufete de abogados de Atlanta<\/a><\/strong> ahora en <a href=\"tel:+16785032780\"><strong>678-503-2780<\/strong><\/a> para discutir su caso con un abogado defensor penal de buena reputaci\u00f3n.<\/p>\n\n\n\n<div class=\"wp-block-group has-accent-background-color has-background is-vertical is-layout-flex wp-container-core-group-is-layout-283d9697 wp-block-group-is-layout-flex\" style=\"border-top-left-radius:15px;border-top-right-radius:15px;margin-top:var(--wp--preset--spacing--30)\">\n<h2 class=\"wp-block-heading has-primary-color has-text-color has-link-color wp-elements-4164a61e17ffbe9e8a7446952ec87a5a\" id=\"aioseo-table-of-contents\">TABLA DE CONTENIDO<\/h2>\n<\/div>\n\n\n\n<div class=\"wp-block-group has-background is-vertical is-layout-flex wp-container-core-group-is-layout-d644fc7a wp-block-group-is-layout-flex\" style=\"border-bottom-left-radius:15px;border-bottom-right-radius:15px;background-color:#f3f3f3;margin-top:0\"><div class=\"wp-block-aioseo-table-of-contents\"><ul><li><a class=\"aioseo-toc-item\" href=\"#aioseo-what-are-the-rights-of-a-criminal-defendant-in-georgia\">\u00bfCu\u00e1les son los derechos de un acusado penal en Georgia?<\/a><ul><li><a class=\"aioseo-toc-item\" href=\"#aioseo-the-fourth-amendment\">La Cuarta Enmienda<\/a><\/li><li><a class=\"aioseo-toc-item\" href=\"#aioseo-the-fifth-amendment\">La quinta enmienda<\/a><\/li><li><a class=\"aioseo-toc-item\" href=\"#aioseo-the-sixth-amendment\">La Sexta Enmienda<\/a><\/li><li><a class=\"aioseo-toc-item\" href=\"#aioseo-the-eighth-amendment\">La Octava Enmienda<\/a><\/li><\/ul><\/li><li><a class=\"aioseo-toc-item\" href=\"#aioseo-what-is-a-misdemeanor-vs-a-felony-in-georgia\">\u00bfQu\u00e9 es un delito menor frente a un delito grave en Georgia?<\/a><ul><li><a class=\"aioseo-toc-item\" href=\"#aioseo-felony\">Delito<\/a><\/li><li><a class=\"aioseo-toc-item\" href=\"#aioseo-misdemeanor\">Delito<\/a><\/li><\/ul><\/li><li><a class=\"aioseo-toc-item\" href=\"#aioseo-should-i-consult-an-atlanta-criminal-defense-lawyer-before-speaking-to-the-police\">\u00bfDebo consultar a un abogado de defensa penal de Atlanta antes de hablar con la polic\u00eda?<\/a><\/li><li><a class=\"aioseo-toc-item\" href=\"#aioseo-what-is-the-habitual-offender-law\">\u00bfQu\u00e9 es la Ley del Delincuente Habitual?<\/a><\/li><li><a class=\"aioseo-toc-item\" href=\"#aioseo-how-can-a-criminal-defense-lawyer-help-me\">\u00bfC\u00f3mo puede ayudarme un abogado defensor penal?<\/a><\/li><li><a class=\"aioseo-toc-item\" href=\"#aioseo-what-is-the-cost-of-legal-representation-in-georgia\">\u00bfCu\u00e1l es el costo de la representaci\u00f3n legal en Georgia?<\/a><\/li><li><a class=\"aioseo-toc-item\" href=\"#aioseo-are-there-benefits-to-hiring-a-private-atlanta-criminal-defense-attorney-vs-working-with-a-court-appointed-attorney\">\u00bfExisten beneficios al contratar a un abogado defensor penal privado de Atlanta en comparaci\u00f3n con trabajar con un abogado designado por el tribunal?<\/a><\/li><li><a class=\"aioseo-toc-item\" href=\"#aioseo-should-i-accept-a-plea-bargain\">\u00bfDebo aceptar un acuerdo con la fiscal\u00eda?<\/a><\/li><li><a class=\"aioseo-toc-item\" href=\"#aioseo-appealing-a-conviction-in-georgia\">Apelar una condena en Georgia<\/a><\/li><li><a class=\"aioseo-toc-item\" href=\"#aioseo-protect-your-constitutional-rights-freedom-with-unmatched-legal-representation-in-atlanta\">Proteja sus derechos constitucionales y su libertad con una representaci\u00f3n legal inigualable en Atlanta<\/a><\/li><\/ul><\/div><\/div>\n\n\n\n<h2 class=\"wp-block-heading\" id=\"aioseo-what-are-the-rights-of-a-criminal-defendant-in-georgia\" style=\"padding-top:var(--wp--preset--spacing--20)\">\u00bfCu\u00e1les son los derechos de un acusado penal en Georgia?<\/h2>\n\n\n\n<p>Cada vez que la polic\u00eda de Georgia lo arresta, tiene varios derechos legales que lo protegen. Estos son algunos de ellos.<\/p>\n\n\n\n<h4 class=\"wp-block-heading\" id=\"aioseo-the-fourth-amendment\">La Cuarta Enmienda<\/h4>\n\n\n\n<p>La Cuarta Enmienda proh\u00edbe a las fuerzas del orden realizar registros o incautaciones injustificadas. Establece que la polic\u00eda necesita causa probable para detenerlo y realizar un registro injustificado.<\/p>\n\n\n\n<p>La polic\u00eda debe obtener una orden judicial antes de realizar cualquier registro o incautaci\u00f3n. Tambi\u00e9n estipula que las pruebas obtenidas por medios ilegales no son admisibles ante los tribunales.<\/p>\n\n\n\n<h4 class=\"wp-block-heading\" id=\"aioseo-the-fifth-amendment\">La quinta enmienda<\/h4>\n\n\n\n<p>La Quinta Enmienda abarca una serie de protecciones importantes para las personas que enfrentan cargos criminales, entre ellas:<\/p>\n\n\n\n<ul class=\"wp-block-list\">\n<li>Protecci\u00f3n contra la autoincriminaci\u00f3n (derecho a permanecer en silencio).<\/li>\n\n\n\n<li>Protecci\u00f3n contra el doble enjuiciamiento (ser procesado dos veces por el mismo cargo criminal).<\/li>\n\n\n\n<li>El derecho a un juicio justo.<\/li>\n\n\n\n<li>El derecho a un juicio por jurado.<\/li>\n<\/ul>\n\n\n\n<h4 class=\"wp-block-heading\" id=\"aioseo-the-sixth-amendment\">La Sexta Enmienda<\/h4>\n\n\n\n<p>Seg\u00fan la Sexta Enmienda, los acusados deben ser informados de los cargos penales que se les imputan. Tambi\u00e9n garantiza el derecho a un juicio p\u00fablico sin demora. Seg\u00fan la Sexta Enmienda, los acusados tambi\u00e9n tienen derecho a conocer a sus acusadores y a confrontarlos.<\/p>\n\n\n\n<p>Esta enmienda tambi\u00e9n garantiza su derecho a representaci\u00f3n legal (el derecho a un abogado). Si no puede costear uno, el tribunal deber\u00eda proporcionarle uno. Seg\u00fan esta enmienda, la fiscal\u00eda est\u00e1 obligada a revelar cualquier prueba en su contra que se presente ante el juez y el jurado. Cualquier prueba presentada por la fiscal\u00eda ante el tribunal que no se haya mencionado previamente contraviene la Sexta Enmienda.<\/p>\n\n\n\n<h4 class=\"wp-block-heading\" id=\"aioseo-the-eighth-amendment\">La Octava Enmienda<\/h4>\n\n\n\n<p>La octava enmienda garantiza su derecho a pagar la fianza y lo protege contra fianzas o multas excesivas, as\u00ed como contra castigos crueles o inusuales. Esta enmienda proh\u00edbe a los tribunales imponer castigos irrazonables basados en sentimientos o prejuicios personales contra el acusado.<\/p>\n\n\n\n<h2 class=\"wp-block-heading\" id=\"aioseo-what-is-a-misdemeanor-vs-a-felony-in-georgia\" style=\"padding-top:var(--wp--preset--spacing--20)\">\u00bfQu\u00e9 es un delito menor frente a un delito grave en Georgia?<\/h2>\n\n\n\n<p>Muchos estados, incluido Georgia, distinguen entre un delito menor y un delito grave seg\u00fan la posible duraci\u00f3n de la pena de prisi\u00f3n. A continuaci\u00f3n, se presenta una buena definici\u00f3n de c\u00f3mo los tribunales georgianos definen ambos t\u00e9rminos:<\/p>\n\n\n\n<h4 class=\"wp-block-heading\" id=\"aioseo-felony\">Delito<\/h4>\n\n\n\n<p>En Georgia, un delito grave es un delito con una pena de m\u00e1s de un a\u00f1o. Georgia no clasifica los delitos graves, y la mayor\u00eda de las penas de prisi\u00f3n por delitos graves oscilan entre uno y veinte a\u00f1os. Sin embargo, a veces el tribunal puede imponer cadena perpetua o la pena de muerte si se cometi\u00f3 un delito capital. Tras una condena por delito grave, se cumple la condena en una prisi\u00f3n estatal.<\/p>\n\n\n\n<h4 class=\"wp-block-heading\" id=\"aioseo-misdemeanor\">Delito<\/h4>\n\n\n\n<p>A <strong><a href=\"https:\/\/casetext.com\/statute\/code-of-georgia\/title-17-criminal-procedure\/chapter-10-sentence-and-punishment\/article-1-procedure-for-sentencing-and-imposition-of-punishment\/section-17-10-3-punishment-for-misdemeanors-generally\" target=\"_blank\" rel=\"noopener nofollow\">delito<\/a> <\/strong>Es un delito menos grave que un delito grave, con una multa m\u00e1xima de aproximadamente 1TP a 1,000 T y una pena de prisi\u00f3n m\u00e1xima de menos de doce meses. Los tribunales de Georgia suelen clasificar los casos de delitos menores seg\u00fan su gravedad para obtener un veredicto justo. Si es culpable de un delito menor, cumplir\u00e1 su condena en una penitenciar\u00eda local o del condado.<\/p>\n\n\n\n<h2 class=\"wp-block-heading\" id=\"aioseo-should-i-consult-an-atlanta-criminal-defense-lawyer-before-speaking-to-the-police\" style=\"padding-top:var(--wp--preset--spacing--20)\">\u00bfDebo consultar a un abogado de defensa penal de Atlanta antes de hablar con la polic\u00eda?<\/h2>\n\n\n\n<p>\u00a1S\u00ed, siempre! Si lo arrestan en Georgia, tiene derecho a guardar silencio hasta que un abogado venga a escuchar su caso. Siempre puede negarse a dar informaci\u00f3n a la polic\u00eda sin la ayuda de un abogado. Un abogado es muy \u00fatil en este caso para garantizar que la polic\u00eda no use sus palabras para testificar en su contra.<\/p>\n\n\n\n<h2 class=\"wp-block-heading\" id=\"aioseo-what-is-the-habitual-offender-law\" style=\"padding-top:var(--wp--preset--spacing--20)\">\u00bfQu\u00e9 es la Ley del Delincuente Habitual?<\/h2>\n\n\n\n<p>A usted se le conoce como <strong><a href=\"https:\/\/casetext.com\/statute\/code-of-georgia\/title-17-criminal-procedure\/chapter-10-sentence-and-punishment\/article-1-procedure-for-sentencing-and-imposition-of-punishment\/section-17-10-7-punishment-of-repeat-offenders-punishment-and-eligibility-for-parole-of-persons-convicted-of-fourth-felony-offense\" target=\"_blank\" rel=\"noopener nofollow\">delincuente habitual<\/a><\/strong> Si comete y es acusado repetidamente de un delito en particular, el tribunal tiene derecho a imponerle una pena severa, como se indica en la secci\u00f3n de los Tres Delitos.<\/p>\n\n\n\n<p>En Georgia, la ley de reincidencia dicta que la pena debe aplicarse seg\u00fan el delito. Sin embargo, la pena a veces puede incluir multas cuantiosas, programas de rehabilitaci\u00f3n intensivos y libertad condicional supervisada.<\/p>\n\n\n\n<figure class=\"wp-block-image aligncenter\" style=\"margin-top:var(--wp--preset--spacing--20);margin-bottom:var(--wp--preset--spacing--20)\"><a href=\"https:\/\/dglawga.com\/wp-content\/uploads\/2022\/06\/atlanta-criminal-defense-lawyer-diaz.jpg\"><img loading=\"lazy\" decoding=\"async\" width=\"600\" height=\"400\" src=\"https:\/\/dglawga.com\/wp-content\/uploads\/2022\/06\/atlanta-criminal-defense-lawyer-diaz.jpg\" alt=\"Abogado de defensa penal de Atlanta hablando con el juez en nombre de su cliente. \" class=\"wp-image-2980\" srcset=\"https:\/\/dglawga.com\/wp-content\/uploads\/2022\/06\/atlanta-criminal-defense-lawyer-diaz.jpg 600w, https:\/\/dglawga.com\/wp-content\/uploads\/2022\/06\/atlanta-criminal-defense-lawyer-diaz-300x200.jpg 300w\" sizes=\"auto, (max-width: 600px) 100vw, 600px\" \/><\/a><\/figure>\n\n\n\n<h2 class=\"wp-block-heading\" id=\"aioseo-how-can-a-criminal-defense-lawyer-help-me\" style=\"padding-top:var(--wp--preset--spacing--20)\">\u00bfC\u00f3mo puede ayudarme un abogado defensor penal?<\/h2>\n\n\n\n<p><a href=\"\/es\/\"><strong>Un abogado<\/strong><\/a> Es esencial cada vez que lo arrestan o lo acusan de un delito. Un abogado penalista de Atlanta le ayudar\u00e1 a:<\/p>\n\n\n\n<ul class=\"wp-block-list\">\n<li><strong>Prepare su caso:<\/strong> Un abogado defensor penal es experto en centrarse en los hechos espec\u00edficos de su caso, en lugar de en los argumentos presentados. El abogado puede ayudarle a organizar los hechos de forma coherente para ganar el caso.<\/li>\n\n\n\n<li><strong>Negociaci\u00f3n para una declaraci\u00f3n de culpabilidad:<\/strong> Si considera que la sentencia impuesta es injusta, su abogado defensor penal siempre puede negociar una declaraci\u00f3n de culpabilidad para reducir su condena. Sin embargo, el abogado se esforzar\u00e1 por resolver el caso para minimizar sus posibilidades de ser condenado.<\/li>\n\n\n\n<li><strong>Evaluar los resultados del ensayo:<\/strong> Un abogado eval\u00faa sus cargos y las pruebas presentadas para dise\u00f1ar una defensa adecuada. Le asesora en cada etapa del juicio para facilitar el proceso.<\/li>\n\n\n\n<li><strong>Representandole en el juicio:<\/strong> Un abogado defensor penal lo representar\u00e1 en el tribunal durante su juicio. El abogado trabaja incansablemente para lograr un resultado positivo en el juicio, utilizando impecables habilidades de negociaci\u00f3n.<\/li>\n<\/ul>\n\n\n\n<h2 class=\"wp-block-heading\" id=\"aioseo-what-is-the-cost-of-legal-representation-in-georgia\" style=\"padding-top:var(--wp--preset--spacing--20)\">\u00bfCu\u00e1l es el costo de la representaci\u00f3n legal en Georgia?<\/h2>\n\n\n\n<p>Generalmente, es dif\u00edcil determinar cu\u00e1nto costar\u00e1 una condena. En Georgia existen diferentes tipos de condenas, y los distintos abogados defensores penales cobran distintas cantidades seg\u00fan el tipo de caso.<\/p>\n\n\n\n<h2 class=\"wp-block-heading\" id=\"aioseo-are-there-benefits-to-hiring-a-private-atlanta-criminal-defense-attorney-vs-working-with-a-court-appointed-attorney\" style=\"padding-top:var(--wp--preset--spacing--20)\">\u00bfExisten beneficios al contratar a un abogado defensor penal privado de Atlanta en comparaci\u00f3n con trabajar con un abogado designado por el tribunal?<\/h2>\n\n\n\n<p>Tienes <strong><a href=\"https:\/\/www.doubleobonding.com\/public-defender-vs-private-attorney-which-is-the-right-choice\/\" target=\"_blank\" rel=\"noopener\">dos opciones<\/a><\/strong> Siempre que necesite un abogado que lo represente ante el tribunal, puede contratar un abogado privado o solicitar un defensor p\u00fablico, o mejor dicho, un abogado de oficio.<\/p>\n\n\n\n<p>Sin embargo, conviene comprender que la mayor\u00eda de los defensores p\u00fablicos se enfrentan a casos abrumadores. Suelen gestionar decenas de casos simult\u00e1neamente y, por lo general, pueden cometer errores al representar su caso debido al tiempo limitado para reunir las pruebas necesarias.<\/p>\n\n\n\n<p>La mayor\u00eda de los casos representados por defensores p\u00fablicos suelen terminar en acuerdos de conciliaci\u00f3n debido a la excesiva carga de trabajo. El sitio web de Tribunales de EE. UU. estima que m\u00e1s del 90% de los casos representados por defensores p\u00fablicos terminan en acuerdos de conciliaci\u00f3n.<\/p>\n\n\n\n<p>Le conviene considerar siempre contratar un abogado privado en caso de arresto. \u00a1No permita que un abogado defensor p\u00fablico determine su destino! Deje que nuestros abogados de defensa penal en Atlanta luchen por su libertad.<\/p>\n\n\n\n<h2 class=\"wp-block-heading\" id=\"aioseo-should-i-accept-a-plea-bargain\" style=\"padding-top:var(--wp--preset--spacing--20)\">\u00bfDebo aceptar un acuerdo con la fiscal\u00eda?<\/h2>\n\n\n\n<p>A veces, el acuerdo de culpabilidad le conviene, pero le disuade de apelar. Si acepta la oferta, el juez suele imponerle una sentencia m\u00e1s leve, pero decide las penas que le impondr\u00e1 durante el encarcelamiento.<\/p>\n\n\n\n<p>Nuestros abogados defensores se esforzar\u00e1n por asesorarle sobre si debe aceptar un acuerdo con la fiscal\u00eda durante el juicio. Tambi\u00e9n negociaremos la oferta si enfrenta delitos graves y el juez no le concede libremente el acuerdo.<\/p>\n\n\n\n<h2 class=\"wp-block-heading\" id=\"aioseo-appealing-a-conviction-in-georgia\" style=\"padding-top:var(--wp--preset--spacing--20)\">Apelar una condena en Georgia<\/h2>\n\n\n\n<p>En Georgia, siempre puede apelar su caso si no est\u00e1 satisfecho con la sentencia del primer fallo. Nuestros abogados de renombre le ayudar\u00e1n a presentar una apelaci\u00f3n y a negociar la anulaci\u00f3n o reducci\u00f3n de su veredicto. Debe comprender que el proceso no es sencillo, ya que implica ciertos requisitos.<\/p>\n\n\n\n<p>Debe presentar una Moci\u00f3n de Nuevo Juicio o una Notificaci\u00f3n de Apelaci\u00f3n 30 d\u00edas despu\u00e9s de su primera sentencia. Nuestros abogados de defensa penal de Diaz &amp; Gaeta Law le ayudar\u00e1n a presentar cualquiera de estos formularios. Posteriormente, revisaremos los procedimientos de su juicio original para crear una lista de las posibilidades de apelaci\u00f3n y proponer ideas significativas para ayudarle a ganar la apelaci\u00f3n.<\/p>\n\n\n\n<h2 class=\"wp-block-heading\" id=\"aioseo-protect-your-constitutional-rights-freedom-with-unmatched-legal-representation-in-atlanta\" style=\"padding-top:var(--wp--preset--spacing--20)\">Proteja sus derechos constitucionales y su libertad con una representaci\u00f3n legal inigualable en Atlanta<\/h2>\n\n\n\n<p>Enfrentar cargos penales, ya sean graves o menores, es abrumador. Podemos ayudarle en el tribunal con representaci\u00f3n y negociaci\u00f3n. Nuestros abogados de defensa penal en Atlanta se especializan en todo lo relacionado con cargos penales.<\/p>\n\n\n\n<p>En <strong><a href=\"https:\/\/dglawga.com\/es\/\">D\u00edaz &amp; Gaeta Law<\/a><\/strong>, Nos enorgullecemos de nuestra pasi\u00f3n por ganar y desarrollaremos estrategias desde m\u00faltiples perspectivas para obtener una ventaja en su caso. No dude en contactarnos si tiene una acusaci\u00f3n penal en Atlanta, Georgia. \u00a1Estamos a solo una llamada! Cont\u00e1ctenos en <a href=\"tel:+16785032780\"><strong>678-503-2780<\/strong><\/a> para programar una consulta gratuita.<\/p>","protected":false},"excerpt":{"rendered":"<p>Criminal cases have become rampant in Atlanta, Georgia. For instance, in March 2022 alone, over 400 criminal defendants were convicted in courts for misdemeanor and felony cases. The experience can be traumatizing if you do not have a criminal defense attorney to represent you in court. A professional Atlanta criminal defense lawyer should represent you [&hellip;]<\/p>\n","protected":false},"author":34,"featured_media":0,"parent":55,"menu_order":0,"comment_status":"closed","ping_status":"closed","template":"wp-custom-template-atlanta-services","meta":{"_acf_changed":false,"_themeisle_gutenberg_block_has_review":false,"footnotes":""},"categories":[4],"tags":[124,123,120,21,122,57,59,126,58,121,125,119,26,118,116,117,22,142,143],"class_list":["post-1981","page","type-page","status-publish","hentry","category-atlanta-location","tag-abogado-coche-acidente","tag-abogado-gratis","tag-attorney-lawyer","tag-car-accidents","tag-car-accidents-lawyer","tag-criminal-defense","tag-family-law","tag-imigracion-abogados","tag-immigration","tag-immigration-lawyer","tag-marietta-abogado","tag-marietta-lawyer","tag-personal-injury","tag-top-lawyer-in-marietta","tag-top-lawyers-in-atlanta","tag-top-lawyers-in-smyrna","tag-truck-accident","tag-truck-accident-attorneys","tag-truck-crash"],"acf":[],"aioseo_notices":[],"_links":{"self":[{"href":"https:\/\/dglawga.com\/es\/wp-json\/wp\/v2\/pages\/1981","targetHints":{"allow":["GET"]}}],"collection":[{"href":"https:\/\/dglawga.com\/es\/wp-json\/wp\/v2\/pages"}],"about":[{"href":"https:\/\/dglawga.com\/es\/wp-json\/wp\/v2\/types\/page"}],"author":[{"embeddable":true,"href":"https:\/\/dglawga.com\/es\/wp-json\/wp\/v2\/users\/34"}],"replies":[{"embeddable":true,"href":"https:\/\/dglawga.com\/es\/wp-json\/wp\/v2\/comments?post=1981"}],"version-history":[{"count":3,"href":"https:\/\/dglawga.com\/es\/wp-json\/wp\/v2\/pages\/1981\/revisions"}],"predecessor-version":[{"id":7736,"href":"https:\/\/dglawga.com\/es\/wp-json\/wp\/v2\/pages\/1981\/revisions\/7736"}],"up":[{"embeddable":true,"href":"https:\/\/dglawga.com\/es\/wp-json\/wp\/v2\/pages\/55"}],"wp:attachment":[{"href":"https:\/\/dglawga.com\/es\/wp-json\/wp\/v2\/media?parent=1981"}],"wp:term":[{"taxonomy":"category","embeddable":true,"href":"https:\/\/dglawga.com\/es\/wp-json\/wp\/v2\/categories?post=1981"},{"taxonomy":"post_tag","embeddable":true,"href":"https:\/\/dglawga.com\/es\/wp-json\/wp\/v2\/tags?post=1981"}],"curies":[{"name":"wp","href":"https:\/\/api.w.org\/{rel}","templated":true}]}}