{"id":1984,"date":"2022-06-07T17:31:37","date_gmt":"2022-06-07T17:31:37","guid":{"rendered":"https:\/\/diazgaetalaw.wpengine.com\/?page_id=1984"},"modified":"2025-06-15T13:04:54","modified_gmt":"2025-06-15T18:04:54","slug":"abogado-de-inmigracion-2","status":"publish","type":"page","link":"https:\/\/dglawga.com\/es\/atlanta\/immigration-lawyer\/","title":{"rendered":"Abogado de inmigraci\u00f3n en Atlanta"},"content":{"rendered":"<center><iframe loading=\"lazy\" width=\"720\" height=\"480\" src=\"https:\/\/www.youtube.com\/embed\/BUzd1EQIoZM?si=Pl6_xqHQ0RtkxBPP\" title=\"Reproductor de v\u00eddeo de YouTube\" frameborder=\"0\" allow=\"accelerometer; autoplay; clipboard-write; encrypted-media; gyroscope; picture-in-picture; web-share\" referrerpolicy=\"strict-origin-when-cross-origin\" allowfullscreen><\/iframe><\/center>\n\n\n\n<p>Siempre es importante comprender qu\u00e9 opciones est\u00e1n disponibles para usted cuando se trata del proceso de inmigraci\u00f3n en <strong><a href=\"\/es\/\">Atlanta<\/a><\/strong>. Querr\u00e1 conocer los pormenores del proceso y lo que se espera de usted durante el mismo. Por eso necesita un abogado de inmigraci\u00f3n experto en Atlanta.<\/p>\n\n\n\n<p>En D\u00edaz &amp; Gaeta, hemos ayudado a clientes a lo largo de los a\u00f1os a completar este proceso paso a paso. Si desea tener el control de c\u00f3mo se desarrollar\u00e1n las cosas, apreciar\u00e1 el trabajo que podemos realizar por usted.<\/p>\n\n\n\n<p>Para obtener m\u00e1s informaci\u00f3n sobre D\u00edaz &amp; Gaeta y lo que tenemos para ofrecer como <strong><a href=\"\/es\/\">Bufete de abogados de Atlanta<\/a><\/strong>, ll\u00e1manos al <br><a href=\"tel:+16785032780\"><strong>678-503-2780<\/strong><\/a>. Agendaremos de inmediato una consulta gratuita para comenzar a trabajar en su proceso de naturalizaci\u00f3n. Nuestro objetivo es defender sus derechos y garantizar que se tomen las medidas adecuadas.<\/p>\n\n\n\n<div class=\"wp-block-group has-accent-background-color has-background is-vertical is-layout-flex wp-container-core-group-is-layout-283d9697 wp-block-group-is-layout-flex\" style=\"border-top-left-radius:15px;border-top-right-radius:15px;margin-top:var(--wp--preset--spacing--30)\">\n<h2 class=\"wp-block-heading has-primary-color has-text-color has-link-color wp-elements-4164a61e17ffbe9e8a7446952ec87a5a\" id=\"aioseo-table-of-contents\">TABLA DE CONTENIDO<\/h2>\n<\/div>\n\n\n\n<div class=\"wp-block-group has-background is-vertical is-layout-flex wp-container-core-group-is-layout-d644fc7a wp-block-group-is-layout-flex\" style=\"border-bottom-left-radius:15px;border-bottom-right-radius:15px;background-color:#f3f3f3;margin-top:0\"><div class=\"wp-block-aioseo-table-of-contents\"><ul><li><a class=\"aioseo-toc-item\" href=\"#aioseo-what-is-the-immigration-naturalization-process\">\u00bfQu\u00e9 es el proceso de inmigraci\u00f3n\/naturalizaci\u00f3n?<\/a><ul><li><a class=\"aioseo-toc-item\" href=\"#aioseo-speak-to-a-immigration-lawyer-in-atlanta\">Hable con un abogado de inmigraci\u00f3n en Atlanta<\/a><\/li><li><a class=\"aioseo-toc-item\" href=\"#aioseo-fill-out-the-form\">Llene el formulario<\/a><\/li><li><a class=\"aioseo-toc-item\" href=\"#aioseo-biometrics-assessment\">Evaluaci\u00f3n biom\u00e9trica<\/a><\/li><li><a class=\"aioseo-toc-item\" href=\"#aioseo-citizenship-interview\">Entrevista de ciudadan\u00eda<\/a><\/li><li><a class=\"aioseo-toc-item\" href=\"#aioseo-citizenship-test\">Prueba de ciudadan\u00eda<\/a><\/li><li><a class=\"aioseo-toc-item\" href=\"#aioseo-naturalization-ceremony\">Ceremonia de naturalizaci\u00f3n<\/a><\/li><\/ul><\/li><li><a class=\"aioseo-toc-item\" href=\"#aioseo-what-is-the-process-of-legally-working-in-the-united-states\">\u00bfCu\u00e1l es el proceso para trabajar legalmente en los Estados Unidos?<\/a><\/li><li><a class=\"aioseo-toc-item\" href=\"#aioseo-can-your-firm-help-in-a-deportation-case\">\u00bfPuede su firma ayudarle en un caso de deportaci\u00f3n?<\/a><\/li><li><a class=\"aioseo-toc-item\" href=\"#aioseo-why-choose-diaz-gaeta-to-represent-you\">\u00bfPor qu\u00e9 elegir a D\u00edaz &amp; Gaeta para representarlo?<\/a><\/li><li><a class=\"aioseo-toc-item\" href=\"#aioseo-looking-for-a-top-immigration-lawyer-in-atlanta-call-us\">\u00bfBusca un abogado de inmigraci\u00f3n de primer nivel en Atlanta? \u00a1Ll\u00e1menos!<\/a><\/li><\/ul><\/div><\/div>\n\n\n\n<h2 class=\"wp-block-heading\" id=\"aioseo-what-is-the-immigration-naturalization-process\" style=\"padding-top:var(--wp--preset--spacing--20)\">\u00bfQu\u00e9 es el proceso de inmigraci\u00f3n\/naturalizaci\u00f3n?<\/h2>\n\n\n\n<p>Cuando llega el momento de pasar por el <strong><a href=\"https:\/\/www.uscis.gov\/news\/news-releases\/naturalization-fact-sheet\" target=\"_blank\" rel=\"noopener\">proceso de inmigraci\u00f3n<\/a><\/strong>, Debe asegurarse de que todo se haga de forma profesional y legal. Hay algunos pasos que quienes se encuentran en este tipo de situaci\u00f3n suelen pasar por alto.<br>Con nuestra ayuda en D\u00edaz &amp; Gaeta, sabr\u00e1 que el proceso ser\u00e1 f\u00e1cil de seguir y que lo completar\u00e1 r\u00e1pidamente. Los pasos incluyen:<\/p>\n\n\n\n<h4 class=\"wp-block-heading\" id=\"aioseo-speak-to-a-immigration-lawyer-in-atlanta\">Hable con un abogado de inmigraci\u00f3n en Atlanta<\/h4>\n\n\n\n<p>Siempre es mejor tomarse el tiempo para hablar con un abogado antes de hacer cualquier otra cosa. Un error com\u00fan que cometen los clientes es asumir que pueden completar algunos de estos pasos por s\u00ed mismos en Atlanta. Si bien es cierto que puede hacerlo por su cuenta, esto puede generar obst\u00e1culos indeseados que pueden retrasar el proceso o llevarlo por el camino equivocado.<\/p>\n\n\n\n<p>Al contratar a un buen abogado de inmigraci\u00f3n en Atlanta de Diaz &amp; Gaeta, se mantendr\u00e1 al tanto de todo y todo saldr\u00e1 como se espera. Por eso, siempre es recomendable contactarnos para obtener m\u00e1s informaci\u00f3n sobre lo que podemos hacer por usted.<\/p>\n\n\n\n<h4 class=\"wp-block-heading\" id=\"aioseo-fill-out-the-form\">Llene el formulario<\/h4>\n\n\n\n<p>Deber\u00e1 completar un formulario legal para informar al gobierno sobre su deseo de obtener la ciudadan\u00eda. Esto iniciar\u00e1 el proceso y, posteriormente, el gobierno ir\u00e1 siguiendo los pasos uno por uno, seg\u00fan se indica.<\/p>\n\n\n\n<p>Es importante completar este formulario con la ayuda de un abogado de inmigraci\u00f3n en Atlanta. El profesional experimentado sabr\u00e1 c\u00f3mo guiarlo y qu\u00e9 tipo de informaci\u00f3n necesita para avanzar en este proceso legal.<\/p>\n\n\n\n<p>Con nuestra ayuda en D\u00edaz &amp; Gaeta, usted sabr\u00e1 qu\u00e9 hacer y c\u00f3mo hacerlo, incluido el llenado del formulario.<\/p>\n\n\n\n<h4 class=\"wp-block-heading\" id=\"aioseo-biometrics-assessment\">Evaluaci\u00f3n biom\u00e9trica<\/h4>\n\n\n\n<p>Una parte crucial del proceso legal es la evaluaci\u00f3n biom\u00e9trica. Esta garantizar\u00e1 que sus datos f\u00edsicos se almacenen en una base de datos que permita su identificaci\u00f3n. Esto incluye sus huellas dactilares, foto y firma.<\/p>\n\n\n\n<p>Deber\u00e1 hacerlo con el USCIS y deber\u00e1 hacerlo con cuidado. Aseg\u00farese de trabajar con la agencia gubernamental y completar la evaluaci\u00f3n biom\u00e9trica seg\u00fan lo solicitado. Esto ayudar\u00e1 a iniciar el resto del proceso legal.<\/p>\n\n\n\n<p>Una vez finalizada la evaluaci\u00f3n, comenzar\u00e1 el resto del proceso de ciudadan\u00eda hasta la ceremonia de naturalizaci\u00f3n. Es importante realizar esta evaluaci\u00f3n con cuidado y asegurarse de hacer todo a tiempo, como se exige en Georgia.<\/p>\n\n\n\n<h4 class=\"wp-block-heading\" id=\"aioseo-citizenship-interview\">Entrevista de ciudadan\u00eda<\/h4>\n\n\n\n<p>Se realizar\u00e1 una entrevista detallada de ciudadan\u00eda para determinar si debe o no obtener la ciudadan\u00eda legal en Estados Unidos. El objetivo es que el entrevistador le haga una serie de preguntas para verificar la veracidad de su solicitud y c\u00f3mo proceder\u00e1 con su solicitud de ciudadan\u00eda.<\/p>\n\n\n\n<p>Estas preguntas no son dif\u00edciles, pero es importante estar lo m\u00e1s preparado posible. De lo contrario, no obtendr\u00e1 los resultados deseados. Prep\u00e1rese para esta entrevista con la ayuda de nuestro bufete de abogados Diaz &amp; Gaeta. Nos aseguraremos de explicarle en detalle qu\u00e9 implicar\u00e1 el proceso.<\/p>\n\n\n\n<p>Sabemos que puede ser dif\u00edcil pensar en una entrevista como esta. Sin embargo, no hay raz\u00f3n para ello mientras se prepare con nuestra ayuda. Nuestro objetivo es ayudarle, y eso es lo que haremos por usted.<\/p>\n\n\n\n<figure class=\"wp-block-image aligncenter\" style=\"margin-top:var(--wp--preset--spacing--20);margin-bottom:var(--wp--preset--spacing--20)\"><a href=\"https:\/\/dglawga.com\/wp-content\/uploads\/2022\/06\/atlanta-immigration-lawyer-diaz.jpg\"><img decoding=\"async\" src=\"https:\/\/dglawga.com\/wp-content\/uploads\/2022\/06\/atlanta-immigration-lawyer-diaz.jpg\" alt=\"Bandera estadounidense y mazo de juez, concepto de abogado de inmigraci\u00f3n en Atlanta\"\/><\/a><\/figure>\n\n\n\n<h4 class=\"wp-block-heading\" id=\"aioseo-citizenship-test\">Prueba de ciudadan\u00eda<\/h4>\n\n\n\n<p>Se realizar\u00e1 un examen de ciudadan\u00eda para determinar si est\u00e1 preparado para obtener la ciudadan\u00eda. Este incluir\u00e1 detalles espec\u00edficos sobre el pa\u00eds y su historia. Queremos asegurarnos de que est\u00e9 preparado para esta parte del proceso, ya que debe aprobarlo para poder asistir a la ceremonia de naturalizaci\u00f3n.<\/p>\n\n\n\n<p>Si esto es importante para usted, es hora de prepararse con D\u00edaz y Gaeta. Le guiaremos en el proceso y nos aseguraremos de que est\u00e9 listo.<\/p>\n\n\n\n<h4 class=\"wp-block-heading\" id=\"aioseo-naturalization-ceremony\">Ceremonia de naturalizaci\u00f3n<\/h4>\n\n\n\n<p>El \u00faltimo paso ser\u00e1 el que m\u00e1s te importa. Este incluye la ceremonia de naturalizaci\u00f3n, donde te convertir\u00e1s en ciudadano oficial con todos los derechos que esperas. Es un momento importante en tu vida y marcar\u00e1 un hito en tu proceso.<\/p>\n\n\n\n<p>Conc\u00e9ntrese en estos pasos y aprenda qu\u00e9 puede hacer para optimizar sus posibilidades en los Estados Unidos de Am\u00e9rica. Estos pasos ser\u00e1n importantes y no puede pasar por alto ninguno de ellos cuando se trata de hacer las cosas de la manera correcta.<\/p>\n\n\n\n<p>Sabemos lo dif\u00edcil que puede ser, y por eso D\u00edaz &amp; Gaeta siempre est\u00e1 dispuesto a ayudar. Para darnos la oportunidad de ayudarle, ll\u00e1menos. <a href=\"tel:+16785032780\"><strong>678-503-2780<\/strong><\/a> Para m\u00e1s informaci\u00f3n, nos aseguraremos de programar una cita para ayudarle con estos pasos y explicarle c\u00f3mo podemos facilitarle el proceso.<\/p>\n\n\n\n<h2 class=\"wp-block-heading\" id=\"aioseo-what-is-the-process-of-legally-working-in-the-united-states\" style=\"padding-top:var(--wp--preset--spacing--20)\">\u00bfCu\u00e1l es el proceso para trabajar legalmente en los Estados Unidos?<\/h2>\n\n\n\n<p>Si el objetivo es empezar a trabajar en Estados Unidos, querr\u00e1 asegurarse de hacerlo legalmente. El primer paso es...<strong> <a href=\"https:\/\/www.uscis.gov\/green-card\/green-card-processes-and-procedures\/employment-authorization-document\" target=\"_blank\" rel=\"noopener\">solicitar una visa de trabajo<\/a><\/strong> ya que este documento ser\u00e1 vital si quieres ganar dinero en la regi\u00f3n.<\/p>\n\n\n\n<p>Un abogado de inmigraci\u00f3n de confianza en Atlanta puede ayudarle con la solicitud y garantizar que la visa de trabajo se tramite lo antes posible. No demore el proceso y aseg\u00farese de estar en el camino correcto con nuestra ayuda.<\/p>\n\n\n\n<p>En D\u00edaz &amp; Gaeta, solo queremos ayudar, y as\u00ed es como comenzaremos a trabajar en el proceso una vez que llegue el momento de solicitar la visa de trabajo. Para obtener m\u00e1s informaci\u00f3n sobre lo que podemos hacer, ll\u00e1menos al <a href=\"tel:+16785032780\"><strong>678-503-2780<\/strong><\/a>.<\/p>\n\n\n\n<h2 class=\"wp-block-heading\" id=\"aioseo-can-your-firm-help-in-a-deportation-case\" style=\"padding-top:var(--wp--preset--spacing--20)\">\u00bfPuede su firma ayudarle en un caso de deportaci\u00f3n?<\/h2>\n\n\n\n<p>Si est\u00e1s tratando con un <strong><a href=\"https:\/\/www.usa.gov\/deportation\" target=\"_blank\" rel=\"noopener\">deportaci\u00f3n<\/a><\/strong> En este caso, deber\u00e1 considerar los detalles del proceso. Esto incluye si un profesional legal del estado puede representarlo ante el tribunal.<\/p>\n\n\n\n<p>S\u00ed, D\u00edaz &amp; Gaeta est\u00e1 bien preparado para representarlo en un caso de deportaci\u00f3n. Lo hemos hecho a lo largo de los a\u00f1os y solo se requiere que el profesional legal est\u00e9 certificado en el estado para ejercer la abogac\u00eda aqu\u00ed. De ser as\u00ed, seguir\u00e1 adelante con el proceso y tendr\u00e1 la seguridad de que estaremos a su lado.<\/p>\n\n\n\n<h2 class=\"wp-block-heading\" id=\"aioseo-why-choose-diaz-gaeta-to-represent-you\" style=\"padding-top:var(--wp--preset--spacing--20)\">\u00bfPor qu\u00e9 elegir a D\u00edaz &amp; Gaeta para representarlo?<\/h2>\n\n\n\n<p>La raz\u00f3n para elegir nuestro bufete de abogados Diaz &amp; Gaeta radica en nuestro profesionalismo. Llevamos mucho tiempo trabajando en esto y hemos ayudado a miles de clientes en la regi\u00f3n. Esta experiencia nos permite ayudarle a prepararse para la evaluaci\u00f3n y a asegurarnos de que complete los formularios legales correctos.<\/p>\n\n\n\n<p>Nuestro objetivo sigue siendo ayudarle en cada paso y asegurarnos de que su ceremonia sea como usted desea. Somos un bufete de abogados biling\u00fce y nuestro equipo legal se apasiona por lo que hacemos. Giovanni D\u00edaz y Zach Gaeta, del bufete, son hijos de inmigrantes.<\/p>\n\n\n\n<p>Cada paso es importante y es por eso que D\u00edaz &amp; Gaeta es un socio de confianza para los clientes que buscan un abogado de inmigraci\u00f3n en Atlanta.<\/p>\n\n\n\n<h2 class=\"wp-block-heading\" id=\"aioseo-looking-for-a-top-immigration-lawyer-in-atlanta-call-us\" style=\"padding-top:var(--wp--preset--spacing--20)\">\u00bfBusca un abogado de inmigraci\u00f3n de primer nivel en Atlanta? \u00a1Ll\u00e1menos!<\/h2>\n\n\n\n<p>Estar en una situaci\u00f3n en la que se busca avanzar con el proceso de inmigraci\u00f3n puede ser confuso. Quiz\u00e1s sepa c\u00f3mo empezar o qu\u00e9 formulario debe completarse. Esta es una preocupaci\u00f3n com\u00fan y es algo que vemos constantemente en <strong><a href=\"https:\/\/dglawga.com\/es\/\">D\u00edaz y Gaeta<\/a><\/strong>.<\/p>\n\n\n\n<p>En Diaz &amp; Gaeta Law, llevamos a\u00f1os ejerciendo y hemos gestionado con \u00e9xito cientos de casos de inmigraci\u00f3n. Somos un bufete de abogados totalmente biling\u00fce fundado por hijos de inmigrantes.<\/p>\n\n\n\n<p>Queremos que se sienta seguro durante el proceso y que conozca sus derechos legales. Con esto en mente, disfrutar\u00e1 del trabajo que podemos hacer por usted. Para programar una consulta gratuita, por favor, t\u00f3mese el tiempo para comunicarse con D\u00edaz &amp; Gaeta al <a href=\"tel:+16785032780\"><strong>678-503-2780<\/strong><\/a>. Nos aseguraremos de ofrecer una soluci\u00f3n valiosa que ayudar\u00e1 a identificar qu\u00e9 funciona y qu\u00e9 no.<\/p>","protected":false},"excerpt":{"rendered":"<p>Is always important to understand which options are available to you when dealing with the immigration process in Atlanta. You will want to know the ins and outs of the process along with what is expected of you during the proceedings. This is why you need a skilled immigration lawyer in Atlanta. At Diaz &amp; [&hellip;]<\/p>\n","protected":false},"author":34,"featured_media":0,"parent":55,"menu_order":0,"comment_status":"closed","ping_status":"closed","template":"wp-custom-template-atlanta-services","meta":{"_acf_changed":false,"_themeisle_gutenberg_block_has_review":false,"footnotes":""},"categories":[4],"tags":[124,123,120,21,122,59,126,58,121,125,119,26,118,116,117,22,142,143],"class_list":["post-1984","page","type-page","status-publish","hentry","category-atlanta-location","tag-abogado-coche-acidente","tag-abogado-gratis","tag-attorney-lawyer","tag-car-accidents","tag-car-accidents-lawyer","tag-family-law","tag-imigracion-abogados","tag-immigration","tag-immigration-lawyer","tag-marietta-abogado","tag-marietta-lawyer","tag-personal-injury","tag-top-lawyer-in-marietta","tag-top-lawyers-in-atlanta","tag-top-lawyers-in-smyrna","tag-truck-accident","tag-truck-accident-attorneys","tag-truck-crash"],"acf":[],"aioseo_notices":[],"_links":{"self":[{"href":"https:\/\/dglawga.com\/es\/wp-json\/wp\/v2\/pages\/1984","targetHints":{"allow":["GET"]}}],"collection":[{"href":"https:\/\/dglawga.com\/es\/wp-json\/wp\/v2\/pages"}],"about":[{"href":"https:\/\/dglawga.com\/es\/wp-json\/wp\/v2\/types\/page"}],"author":[{"embeddable":true,"href":"https:\/\/dglawga.com\/es\/wp-json\/wp\/v2\/users\/34"}],"replies":[{"embeddable":true,"href":"https:\/\/dglawga.com\/es\/wp-json\/wp\/v2\/comments?post=1984"}],"version-history":[{"count":8,"href":"https:\/\/dglawga.com\/es\/wp-json\/wp\/v2\/pages\/1984\/revisions"}],"predecessor-version":[{"id":8615,"href":"https:\/\/dglawga.com\/es\/wp-json\/wp\/v2\/pages\/1984\/revisions\/8615"}],"up":[{"embeddable":true,"href":"https:\/\/dglawga.com\/es\/wp-json\/wp\/v2\/pages\/55"}],"wp:attachment":[{"href":"https:\/\/dglawga.com\/es\/wp-json\/wp\/v2\/media?parent=1984"}],"wp:term":[{"taxonomy":"category","embeddable":true,"href":"https:\/\/dglawga.com\/es\/wp-json\/wp\/v2\/categories?post=1984"},{"taxonomy":"post_tag","embeddable":true,"href":"https:\/\/dglawga.com\/es\/wp-json\/wp\/v2\/tags?post=1984"}],"curies":[{"name":"wp","href":"https:\/\/api.w.org\/{rel}","templated":true}]}}