{"id":1987,"date":"2022-06-07T17:32:21","date_gmt":"2022-06-07T17:32:21","guid":{"rendered":"https:\/\/diazgaetalaw.wpengine.com\/?page_id=1987"},"modified":"2025-06-15T13:08:45","modified_gmt":"2025-06-15T18:08:45","slug":"abogado-de-derecho-de-familia","status":"publish","type":"page","link":"https:\/\/dglawga.com\/es\/atlanta-2\/family-law-attorney\/","title":{"rendered":"Abogado de derecho de familia en Atlanta"},"content":{"rendered":"<p>El derecho de familia se ocupa de asuntos relacionados con la familia, como el matrimonio, el divorcio, la manutenci\u00f3n de los hijos, la adopci\u00f3n, etc. No es f\u00e1cil resolver los problemas familiares por cuenta propia. Una vez finalizado el divorcio, a\u00fan pueden surgir varios problemas.<\/p>\n\n\n\n<p>No es f\u00e1cil navegar por el complejo sistema legal. Le recomendamos encarecidamente que contrate a un abogado de derecho familiar con experiencia y habilidad en Atlanta. Contratar a un abogado puede ahorrarle dinero en gastos legales y brindarle tranquilidad. Su abogado puede protegerlo del acoso, especialmente si su c\u00f3nyuge cuenta con representaci\u00f3n legal.<\/p>\n\n\n\n<p>En D\u00edaz &amp; Gaeta, entendemos que terminar su matrimonio es dif\u00edcil. Si ha decidido hacerlo, puede buscar la asesor\u00eda de nuestros abogados de derecho familiar en Atlanta, con amplia experiencia y compasi\u00f3n. Podemos ayudarle a comprender sus derechos legales durante su divorcio. Comun\u00edquese con nosotros. <strong><a href=\"https:\/\/dglawga.com\/es\/atlanta\/\">Bufete de abogados de Atlanta<\/a><\/strong> en <a href=\"tel:+16785032780\"><strong>678-503-2780<\/strong><\/a> para programar una consulta GRATUITA.<\/p>\n\n\n\n<div class=\"wp-block-group has-accent-background-color has-background is-vertical is-layout-flex wp-container-core-group-is-layout-283d9697 wp-block-group-is-layout-flex\" style=\"border-top-left-radius:15px;border-top-right-radius:15px;margin-top:var(--wp--preset--spacing--30)\">\n<h2 class=\"wp-block-heading has-primary-color has-text-color has-link-color wp-elements-4164a61e17ffbe9e8a7446952ec87a5a\" id=\"aioseo-table-of-contents\">TABLA DE CONTENIDO<\/h2>\n<\/div>\n\n\n\n<div class=\"wp-block-group has-background is-vertical is-layout-flex wp-container-core-group-is-layout-d644fc7a wp-block-group-is-layout-flex\" style=\"border-bottom-left-radius:15px;border-bottom-right-radius:15px;background-color:#f3f3f3;margin-top:0\"><div class=\"wp-block-aioseo-table-of-contents\"><ul><li><a class=\"aioseo-toc-item\" href=\"#aioseo-what-qualifies-as-a-family-law-case\">\u00bfQu\u00e9 se considera un caso de derecho de familia?<\/a><ul><li><a class=\"aioseo-toc-item\" href=\"#aioseo-contested-and-uncontested-divorce\">Divorcio contencioso y no contencioso<\/a><\/li><li><a class=\"aioseo-toc-item\" href=\"#aioseo-parental-rights-child-custody-and-child-support\">Derechos de los padres, custodia de los hijos y manutenci\u00f3n infantil<\/a><\/li><li><a class=\"aioseo-toc-item\" href=\"#aioseo-spousal-support-and-alimony-agreements\">Acuerdos de manutenci\u00f3n conyugal y pensi\u00f3n alimenticia<\/a><\/li><li><a class=\"aioseo-toc-item\" href=\"#aioseo-legal-name-changes-in-georgia\">Cambios de nombre legales en Georgia<\/a><\/li><li><a class=\"aioseo-toc-item\" href=\"#aioseo-restraining-orders\">\u00d3rdenes de restricci\u00f3n<\/a><\/li><li><a class=\"aioseo-toc-item\" href=\"#aioseo-dss-cases\">Casos DSS<\/a><\/li><li><a class=\"aioseo-toc-item\" href=\"#aioseo-what-are-the-grounds-for-divorce-in-georgia\">\u00bfCu\u00e1les son los motivos de divorcio en Georgia?<\/a><\/li><\/ul><\/li><li><a class=\"aioseo-toc-item\" href=\"#aioseo-how-do-you-start-the-divorce-process\">\u00bfC\u00f3mo iniciar el proceso de divorcio?<\/a><\/li><li><a class=\"aioseo-toc-item\" href=\"#aioseo-how-does-the-division-of-property-work-in-atlanta\">\u00bfC\u00f3mo funciona la divisi\u00f3n de propiedad en Atlanta?<\/a><\/li><li><a class=\"aioseo-toc-item\" href=\"#aioseo-how-is-child-custody-decided\">\u00bfC\u00f3mo se decide la custodia de los hijos?<\/a><\/li><li><a class=\"aioseo-toc-item\" href=\"#aioseo-what-is-alimony-and-how-is-it-decided\">\u00bfQu\u00e9 es la pensi\u00f3n alimenticia y c\u00f3mo se decide?<\/a><\/li><li><a class=\"aioseo-toc-item\" href=\"#aioseo-get-help-from-a-trusted-family-law-attorney-in-atlanta\">\u00a1Obtenga ayuda de un abogado de derecho familiar de confianza en Atlanta!<\/a><\/li><\/ul><\/div><\/div>\n\n\n\n<h2 class=\"wp-block-heading\" id=\"aioseo-what-qualifies-as-a-family-law-case\">\u00bfQu\u00e9 se considera un caso de derecho de familia?<\/h2>\n\n\n\n<p>El derecho de familia abarca diversas situaciones que pueden surgir en el seno de una unidad familiar. A continuaci\u00f3n, se enumeran algunas de ellas:<\/p>\n\n\n\n<h4 class=\"wp-block-heading\" id=\"aioseo-contested-and-uncontested-divorce\">Divorcio contencioso y no contencioso<\/h4>\n\n\n\n<p>Si lo mejor para usted y su pareja es terminar su matrimonio, pueden hablar con un <a href=\"\/es\/\">abogado de derecho de familia<\/a> Para ayudarle a terminar su matrimonio. Su abogado garantiza que su separaci\u00f3n transcurra sin contratiempos, ya sea un divorcio contencioso o de mutuo acuerdo.<\/p>\n\n\n\n<h4 class=\"wp-block-heading\" id=\"aioseo-parental-rights-child-custody-and-child-support\">Derechos de los padres, custodia de los hijos y manutenci\u00f3n infantil<\/h4>\n\n\n\n<p>Derechos de los padres, <strong><a href=\"https:\/\/georgiacourts.gov\/self-help-resources-family-law-child-support\/\" target=\"_blank\" rel=\"noopener nofollow\">manutenci\u00f3n infantil<\/a><\/strong>, y <a href=\"https:\/\/georgiacourts.gov\/self-help-resources-family-law-child-custody\/\" target=\"_blank\" rel=\"noopener\"><strong>custodia de los hijos<\/strong><\/a> Puede afectar a toda su familia. Por eso, necesita encontrar la mejor soluci\u00f3n. Su soluci\u00f3n debe ser en el mejor inter\u00e9s de sus hijos. Su abogado de derecho familiar en Atlanta trabajar\u00e1 diligentemente para llegar a un acuerdo justo.<\/p>\n\n\n\n<h4 class=\"wp-block-heading\" id=\"aioseo-spousal-support-and-alimony-agreements\">Acuerdos de manutenci\u00f3n conyugal y pensi\u00f3n alimenticia<\/h4>\n\n\n\n<p>Es dif\u00edcil separarse de su c\u00f3nyuge. Puede dejarle con cargas financieras. Puede solicitar una pensi\u00f3n alimenticia o manutenci\u00f3n conyugal para reducir sus cargas financieras.<\/p>\n\n\n\n<h4 class=\"wp-block-heading\" id=\"aioseo-legal-name-changes-in-georgia\">Cambios de nombre legales en Georgia<\/h4>\n\n\n\n<p>Las mujeres suelen cambiar su apellido al casarse o divorciarse. Una vez que se divorcia de su c\u00f3nyuge, es posible que necesite obtener un cambio de nombre legal.<\/p>\n\n\n\n<h4 class=\"wp-block-heading\" id=\"aioseo-restraining-orders\">\u00d3rdenes de restricci\u00f3n<\/h4>\n\n\n\n<p>Si usted es v\u00edctima de abuso, podr\u00eda necesitar una orden de alejamiento. Si su hijo es v\u00edctima de acoso f\u00edsico, verbal o incluso sexual, necesita buscar protecci\u00f3n.<\/p>\n\n\n\n<h4 class=\"wp-block-heading\" id=\"aioseo-dss-cases\">Casos DSS<\/h4>\n\n\n\n<p>La Divisi\u00f3n de Servicios Sociales (DSS) investiga denuncias de abuso y negligencia infantil. Si el DSS lo est\u00e1 investigando a usted o a su pareja, contrate al abogado de derecho familiar adecuado en Atlanta para proteger sus derechos.<\/p>\n\n\n\n<h4 class=\"wp-block-heading\" id=\"aioseo-what-are-the-grounds-for-divorce-in-georgia\">\u00bfCu\u00e1les son los motivos de divorcio en Georgia?<\/h4>\n\n\n\n<p>Una o ambas personas en un matrimonio pueden decidir que desean divorciarse. Seg\u00fan la ley de Georgia, los divorcios v\u00e1lidos <a href=\"http:\/\/ga.elaws.us\/law\/section19-5-3\" target=\"_blank\" rel=\"noopener nofollow\">legal <strong>razones para un divorcio<\/strong><\/a> incluir:<\/p>\n\n\n\n<ul class=\"wp-block-list\">\n<li>Los c\u00f3nyuges est\u00e1n demasiado estrechamente relacionados para contraer matrimonio seg\u00fan la ley.<\/li>\n\n\n\n<li>Incapacidad mental al momento de contraer matrimonio.<\/li>\n\n\n\n<li>Impotencia en el momento del matrimonio.<\/li>\n\n\n\n<li>Fuerza, amenaza, coacci\u00f3n o fraude para obtener el matrimonio.<\/li>\n\n\n\n<li>La esposa estaba embarazada de otro hombre en el momento del matrimonio, y el marido no lo sab\u00eda.<\/li>\n\n\n\n<li>Adulterio cometido por cualquiera de los c\u00f3nyuges durante el matrimonio.<\/li>\n\n\n\n<li>Deserci\u00f3n voluntaria por un a\u00f1o.<\/li>\n\n\n\n<li>Locura incurable.<\/li>\n\n\n\n<li>Embriaguez habitual.<\/li>\n\n\n\n<li>Trato cruel.<\/li>\n\n\n\n<li>El matrimonio est\u00e1 irremediablemente roto.<\/li>\n<\/ul>\n\n\n\n<p>Para solicitar el divorcio, usted o su c\u00f3nyuge deben haber vivido en el condado durante al menos 6 meses.<\/p>\n\n\n\n<figure class=\"wp-block-image aligncenter\" style=\"margin-top:var(--wp--preset--spacing--20);margin-bottom:var(--wp--preset--spacing--20)\"><a href=\"https:\/\/dglawga.com\/wp-content\/uploads\/2022\/06\/atlanta-family-law-attorney-diaz.jpg\"><img loading=\"lazy\" decoding=\"async\" width=\"500\" height=\"333\" src=\"https:\/\/dglawga.com\/wp-content\/uploads\/2022\/06\/atlanta-family-law-attorney-diaz.jpg\" alt=\"Abogado de derecho familiar en Atlanta observa a una pareja discutir\" class=\"wp-image-2923\" srcset=\"https:\/\/dglawga.com\/wp-content\/uploads\/2022\/06\/atlanta-family-law-attorney-diaz.jpg 500w, https:\/\/dglawga.com\/wp-content\/uploads\/2022\/06\/atlanta-family-law-attorney-diaz-300x200.jpg 300w\" sizes=\"auto, (max-width: 500px) 100vw, 500px\" \/><\/a><\/figure>\n\n\n\n<h2 class=\"wp-block-heading\" id=\"aioseo-how-do-you-start-the-divorce-process\" style=\"padding-top:var(--wp--preset--spacing--20)\">\u00bfC\u00f3mo iniciar el proceso de divorcio?<\/h2>\n\n\n\n<p>Una vez que decida poner fin a su matrimonio, deber\u00e1 seguir ciertos procedimientos que se enumeran a continuaci\u00f3n:<\/p>\n\n\n\n<ul class=\"wp-block-list\">\n<li><strong>Paso 1<\/strong> \u2013 En primer lugar, debes asegurarte de cumplir con los requisitos de elegibilidad para <a href=\"https:\/\/georgia.gov\/file-divorce\" target=\"_blank\" rel=\"noopener nofollow\"><strong>presentar una \u201cDemanda de Divorcio Absoluto<\/strong>\u201d<\/a> con la corte.<\/li>\n\n\n\n<li><strong>Paso 2<\/strong> \u2013 En segundo lugar, deber\u00e1s presentar la denuncia y abonar las tasas correspondientes.<\/li>\n\n\n\n<li><strong>Paso 3<\/strong> \u2013 En tercer lugar, debes entregarle una copia de tu demanda a tu c\u00f3nyuge.<\/li>\n<\/ul>\n\n\n\n<p>Un buen abogado puede ayudarle a preparar los documentos necesarios y guiarle durante todo el proceso de divorcio.<\/p>\n\n\n\n<h2 class=\"wp-block-heading\" id=\"aioseo-how-does-the-division-of-property-work-in-atlanta\" style=\"padding-top:var(--wp--preset--spacing--20)\">\u00bfC\u00f3mo funciona la divisi\u00f3n de propiedad en Atlanta?<\/h2>\n\n\n\n<p>Usted y su c\u00f3nyuge pueden decidir llegar a un acuerdo sobre los bienes sin recurrir al tribunal. No siempre es necesario recurrir al tribunal en un acuerdo sobre los bienes. Sin embargo, si deciden recurrir al tribunal, deben seguir los pasos obligatorios.<\/p>\n\n\n\n<p>Hay dos clasificaciones de propiedad en Georgia:<\/p>\n\n\n\n<ul class=\"wp-block-list\">\n<li><strong>Propiedad conyugal<\/strong> \u2013 Es la propiedad actual que usted y su c\u00f3nyuge adquirieron durante su matrimonio.<\/li>\n\n\n\n<li><strong>Propiedad separada<\/strong> \u2013 Son los bienes adquiridos por usted o su c\u00f3nyuge durante el matrimonio por donaci\u00f3n o herencia. Tambi\u00e9n incluyen los bienes que pose\u00edan antes de casarse.<\/li>\n<\/ul>\n\n\n\n<p>Los bienes clasificados como bienes separados permanecen con el propietario original. Seg\u00fan el principio de &quot;distribuci\u00f3n equitativa&quot;, el tribunal busca dividir los bienes conyugales de forma justa entre los c\u00f3nyuges. Esto no implica necesariamente una divisi\u00f3n 50%.<\/p>\n\n\n\n<h2 class=\"wp-block-heading\" id=\"aioseo-how-is-child-custody-decided\" style=\"padding-top:var(--wp--preset--spacing--20)\">\u00bfC\u00f3mo se decide la custodia de los hijos?<\/h2>\n\n\n\n<p>Las leyes de custodia infantil en Atlanta, Georgia, buscan proteger al ni\u00f1o. Por ello, los tribunales de familia tienen jurisdicci\u00f3n en casos de custodia. El tribunal otorga la custodia bas\u00e1ndose en el inter\u00e9s superior del ni\u00f1o. Tambi\u00e9n determina si la custodia exclusiva o compartida es apropiada. El tribunal no favorece a un progenitor sobre el otro.<\/p>\n\n\n\n<p>Es dif\u00edcil comprender las complejas leyes de custodia de menores. Le recomendamos encarecidamente que hable con nuestro abogado de derecho familiar con amplia experiencia en Atlanta. Si enfrenta problemas de custodia de menores, necesita una representaci\u00f3n legal adecuada para evitar poner en riesgo sus derechos.<\/p>\n\n\n\n<h2 class=\"wp-block-heading\" id=\"aioseo-what-is-alimony-and-how-is-it-decided\" style=\"padding-top:var(--wp--preset--spacing--20)\">\u00bfQu\u00e9 es la pensi\u00f3n alimenticia y c\u00f3mo se decide?<\/h2>\n\n\n\n<p>La pensi\u00f3n alimenticia es la manutenci\u00f3n que el tribunal ordena a un c\u00f3nyuge brindar a su pareja tras un divorcio. Una vez finalizado el divorcio, el tribunal puede ordenarle que proporcione manutenci\u00f3n financiera a su c\u00f3nyuge despu\u00e9s del divorcio.<\/p>\n\n\n\n<p>Existen pautas establecidas para determinar la pensi\u00f3n alimenticia. Por lo tanto, el juez asignado a su caso decide la cantidad que se le otorgar\u00e1 a su c\u00f3nyuge. Si usted y su c\u00f3nyuge tienen ingresos relativamente similares, es posible que el juez no le otorgue la pensi\u00f3n alimenticia.<\/p>\n\n\n\n<p>El tribunal utiliza los siguientes factores para determinar el monto y la duraci\u00f3n de las obligaciones de pensi\u00f3n alimenticia:<\/p>\n\n\n\n<ul class=\"wp-block-list\">\n<li>Duraci\u00f3n del matrimonio.<\/li>\n\n\n\n<li>Necesidades razonables de cada c\u00f3nyuge.<\/li>\n\n\n\n<li>La capacidad del c\u00f3nyuge para pagar la pensi\u00f3n alimenticia.<\/li>\n\n\n\n<li>El nivel de vida del c\u00f3nyuge dependiente.<\/li>\n\n\n\n<li>El nivel educativo del c\u00f3nyuge dependiente.<\/li>\n\n\n\n<li>Mala conducta conyugal.<\/li>\n<\/ul>\n\n\n\n<p>El tribunal considera la duraci\u00f3n del matrimonio para determinar la duraci\u00f3n de la pensi\u00f3n alimenticia. Si lleva varios a\u00f1os casado, es m\u00e1s probable que pague la pensi\u00f3n alimenticia durante m\u00e1s tiempo. Adem\u00e1s, si sus ingresos son altos, es m\u00e1s probable que pague una pensi\u00f3n alimenticia mayor.<\/p>\n\n\n\n<p>Puede hablar con un abogado con experiencia en derecho de familia en Atlanta para que le ayude a comprender las leyes de pensi\u00f3n alimenticia en esta \u00e1rea.<\/p>\n\n\n\n<h2 class=\"wp-block-heading\" id=\"aioseo-get-help-from-a-trusted-family-law-attorney-in-atlanta\" style=\"padding-top:var(--wp--preset--spacing--20)\">\u00a1Obtenga ayuda de un abogado de derecho familiar de confianza en Atlanta!<\/h2>\n\n\n\n<p>Terminar un matrimonio es estresante y dif\u00edcil. Hay much\u00edsimas cosas por hacer. De hecho, la cantidad de tareas puede abrumarte. Quiz\u00e1s tengas que llegar a un acuerdo de bienes con tu c\u00f3nyuge, luchar por la custodia de tu hijo, presentar la documentaci\u00f3n necesaria y m\u00e1s.<\/p>\n\n\n\n<p>Necesitar\u00e1 los servicios de un abogado de derecho familiar con experiencia y buena reputaci\u00f3n en Atlanta. Un buen abogado puede ayudarle a preparar los documentos necesarios y guiarle durante todo el proceso de divorcio. Contar con un abogado a su lado puede reducir su estr\u00e9s. Incluso puede ahorrarle dinero a largo plazo.<\/p>\n\n\n\n<p>En <a href=\"\/es\/\">D\u00edaz y Gaeta<\/a>, Estamos listos para ayudarle a comprender sus derechos legales y defenderemos sus intereses. Protegeremos sus derechos. Ofrecemos asesor\u00eda legal, representaci\u00f3n judicial y negociamos con su c\u00f3nyuge en su nombre. Podemos atender sus necesidades de derecho familiar. Responderemos a sus preguntas legales. Llame. <a href=\"tel:+16785032780\"><strong>678-503-2780<\/strong><\/a> para una consulta GRATIS.<\/p>","protected":false},"excerpt":{"rendered":"<p>Family law deals with matters relating to the family, such as marriage, divorce, child support, adoption, and more. It is not easy to solve family issues on your own. Once you finalize your divorce, several issues can still arise. It is not easy to navigate the complex legal system. We highly encourage you to hire [&hellip;]<\/p>\n","protected":false},"author":34,"featured_media":0,"parent":55,"menu_order":0,"comment_status":"closed","ping_status":"closed","template":"wp-custom-template-atlanta-services","meta":{"_acf_changed":false,"_themeisle_gutenberg_block_has_review":false,"footnotes":""},"categories":[4],"tags":[124,123,120,21,122,59,126,58,121,125,119,26,118,116,117,22,142,143],"class_list":["post-1987","page","type-page","status-publish","hentry","category-atlanta-location","tag-abogado-coche-acidente","tag-abogado-gratis","tag-attorney-lawyer","tag-car-accidents","tag-car-accidents-lawyer","tag-family-law","tag-imigracion-abogados","tag-immigration","tag-immigration-lawyer","tag-marietta-abogado","tag-marietta-lawyer","tag-personal-injury","tag-top-lawyer-in-marietta","tag-top-lawyers-in-atlanta","tag-top-lawyers-in-smyrna","tag-truck-accident","tag-truck-accident-attorneys","tag-truck-crash"],"acf":[],"aioseo_notices":[],"_links":{"self":[{"href":"https:\/\/dglawga.com\/es\/wp-json\/wp\/v2\/pages\/1987","targetHints":{"allow":["GET"]}}],"collection":[{"href":"https:\/\/dglawga.com\/es\/wp-json\/wp\/v2\/pages"}],"about":[{"href":"https:\/\/dglawga.com\/es\/wp-json\/wp\/v2\/types\/page"}],"author":[{"embeddable":true,"href":"https:\/\/dglawga.com\/es\/wp-json\/wp\/v2\/users\/34"}],"replies":[{"embeddable":true,"href":"https:\/\/dglawga.com\/es\/wp-json\/wp\/v2\/comments?post=1987"}],"version-history":[{"count":2,"href":"https:\/\/dglawga.com\/es\/wp-json\/wp\/v2\/pages\/1987\/revisions"}],"predecessor-version":[{"id":7743,"href":"https:\/\/dglawga.com\/es\/wp-json\/wp\/v2\/pages\/1987\/revisions\/7743"}],"up":[{"embeddable":true,"href":"https:\/\/dglawga.com\/es\/wp-json\/wp\/v2\/pages\/55"}],"wp:attachment":[{"href":"https:\/\/dglawga.com\/es\/wp-json\/wp\/v2\/media?parent=1987"}],"wp:term":[{"taxonomy":"category","embeddable":true,"href":"https:\/\/dglawga.com\/es\/wp-json\/wp\/v2\/categories?post=1987"},{"taxonomy":"post_tag","embeddable":true,"href":"https:\/\/dglawga.com\/es\/wp-json\/wp\/v2\/tags?post=1987"}],"curies":[{"name":"wp","href":"https:\/\/api.w.org\/{rel}","templated":true}]}}