{"id":2000,"date":"2022-06-07T17:35:14","date_gmt":"2022-06-07T17:35:14","guid":{"rendered":"https:\/\/diazgaetalaw.wpengine.com\/?page_id=2000"},"modified":"2025-06-15T08:32:07","modified_gmt":"2025-06-15T13:32:07","slug":"abogado-de-accidentes-de-camiones","status":"publish","type":"page","link":"https:\/\/dglawga.com\/es\/smyrna\/truck-accident-lawyer\/","title":{"rendered":"Abogado de accidentes de camiones en Smyrna"},"content":{"rendered":"<p>Lamentablemente, los accidentes de cami\u00f3n son comunes. El tama\u00f1o de un cami\u00f3n aumenta la probabilidad de sufrir lesiones en un accidente con otro. Las compa\u00f1\u00edas de camiones cuentan con ajustadores de seguros cuyo objetivo es pagar lo menos posible en las reclamaciones. Necesita un abogado experto en accidentes de cami\u00f3n en Smyrna que lo represente si se ve involucrado en un accidente de cami\u00f3n.<\/p>\n\n\n\n<p>En Diaz &amp; Gaeta Law, le ayudamos a obtener la compensaci\u00f3n que merece. Llame a nuestro <strong><a href=\"https:\/\/dglawga.com\/es\/esmirna\/abogado-de-accidentes-de-coche\/\">Abogados de accidentes automovil\u00edsticos en Smyrna<\/a><\/strong> hoy <a href=\"tel:+16785032780\"><strong>678-503-2780<\/strong><\/a> para una consulta gratuita.<\/p>\n\n\n\n<div class=\"wp-block-group has-accent-background-color has-background is-vertical is-layout-flex wp-container-core-group-is-layout-283d9697 wp-block-group-is-layout-flex\" style=\"border-top-left-radius:15px;border-top-right-radius:15px;margin-top:var(--wp--preset--spacing--30)\">\n<h2 class=\"wp-block-heading has-primary-color has-text-color has-link-color wp-elements-4164a61e17ffbe9e8a7446952ec87a5a\" id=\"aioseo-table-of-contents\">TABLA DE CONTENIDO<\/h2>\n<\/div>\n\n\n\n<div class=\"wp-block-group has-background is-vertical is-layout-flex wp-container-core-group-is-layout-d644fc7a wp-block-group-is-layout-flex\" style=\"border-bottom-left-radius:15px;border-bottom-right-radius:15px;background-color:#f3f3f3;margin-top:0\"><div class=\"wp-block-aioseo-table-of-contents\"><ul><li><a class=\"aioseo-toc-item\" href=\"#aioseo-truck-accident-statistics\">Estad\u00edsticas de accidentes de camiones<\/a><\/li><li><a class=\"aioseo-toc-item\" href=\"#aioseo-what-should-you-do-after-a-smyrna-truck-accident\">\u00bfQu\u00e9 debe hacer despu\u00e9s de un accidente de cami\u00f3n en Smyrna?<\/a><ul><li><a class=\"aioseo-toc-item\" href=\"#aioseo-call-911\">Llama al 911<\/a><\/li><li><a class=\"aioseo-toc-item\" href=\"#aioseo-help-others\">Ayudar a otros<\/a><\/li><li><a class=\"aioseo-toc-item\" href=\"#aioseo-exchange-information\">Informaci\u00f3n de intercambio<\/a><\/li><li><a class=\"aioseo-toc-item\" href=\"#aioseo-document-the-scene-speak-with-witnesses\">Documentar la escena, hablar con los testigos<\/a><\/li><li><a class=\"aioseo-toc-item\" href=\"#aioseo-seek-medical-attention\">Busque atenci\u00f3n m\u00e9dica<\/a><\/li><li><a class=\"aioseo-toc-item\" href=\"#aioseo-contact-an-smyrna-truck-accident-lawyer\">Contacte a un abogado de accidentes de camiones en Smyrna<\/a><\/li><\/ul><\/li><li><a class=\"aioseo-toc-item\" href=\"#aioseo-how-can-a-smyrna-truck-accident-lawyer-help\">\u00bfC\u00f3mo puede ayudar un abogado de accidentes de camiones en Smyrna?<\/a><ul><li><a class=\"aioseo-toc-item\" href=\"#aioseo-investigation\">Investigaci\u00f3n<\/a><\/li><li><a class=\"aioseo-toc-item\" href=\"#aioseo-filing-a-claim\">Presentar una reclamaci\u00f3n<\/a><\/li><li><a class=\"aioseo-toc-item\" href=\"#aioseo-negotiations\">Negociaciones<\/a><\/li><li><a class=\"aioseo-toc-item\" href=\"#aioseo-litigation\">Litigio<\/a><\/li><\/ul><\/li><li><a class=\"aioseo-toc-item\" href=\"#aioseo-what-types-of-compensation-can-i-receive\">\u00bfQu\u00e9 tipos de compensaci\u00f3n puedo recibir?<\/a><ul><li><a class=\"aioseo-toc-item\" href=\"#aioseo-economic-damages\">Da\u00f1os econ\u00f3micos<\/a><\/li><li><a class=\"aioseo-toc-item\" href=\"#aioseo-non-economic-damages\">Da\u00f1os no econ\u00f3micos<\/a><\/li><li><a class=\"aioseo-toc-item\" href=\"#aioseo-punitive-damages\">Da\u00f1os punitivos<\/a><\/li><\/ul><\/li><li><a class=\"aioseo-toc-item\" href=\"#aioseo-how-much-can-i-expect-to-recover-through-my-truck-accident-claim\">\u00bfCu\u00e1nto puedo esperar recuperar a trav\u00e9s de mi reclamo por accidente de cami\u00f3n?<\/a><\/li><li><a class=\"aioseo-toc-item\" href=\"#aioseo-is-there-a-time-limit-for-filing-a-truck-accident-claim\">\u00bfExiste un l\u00edmite de tiempo para presentar una reclamaci\u00f3n por accidente de cami\u00f3n?<\/a><\/li><li><a class=\"aioseo-toc-item\" href=\"#aioseo-how-is-fault-in-a-truck-accident-determined\">\u00bfC\u00f3mo se determina la culpa en un accidente de cami\u00f3n?<\/a><\/li><li><a class=\"aioseo-toc-item\" href=\"#aioseo-georgias-modified-comparative-negligence-rule\">Regla de negligencia comparativa modificada de Georgia<\/a><\/li><li><a class=\"aioseo-toc-item\" href=\"#aioseo-can-a-smyrna-truck-accident-lawyer-prove-the-truck-driver-was-negligent\">\u00bfPuede un abogado de accidentes de camiones en Smyrna demostrar que el conductor del cami\u00f3n fue negligente?<\/a><\/li><li><a class=\"aioseo-toc-item\" href=\"#aioseo-who-can-be-held-liable\">\u00bfQui\u00e9n puede ser considerado responsable?<\/a><\/li><li><a class=\"aioseo-toc-item\" href=\"#aioseo-common-causes-of-truck-accidents\">Causas comunes de accidentes de camiones<\/a><\/li><li><a class=\"aioseo-toc-item\" href=\"#aioseo-experienced-smyrna-truck-accident-attorneys\">Abogados con experiencia en accidentes de camiones en Smyrna<\/a><\/li><\/ul><\/div><\/div>\n\n\n\n<h2 class=\"wp-block-heading\" id=\"aioseo-truck-accident-statistics\" style=\"padding-top:var(--wp--preset--spacing--20);padding-bottom:0\">Estad\u00edsticas de accidentes de camiones<\/h2>\n\n\n\n<p>En un informe publicado en 2017 por la Administraci\u00f3n Nacional de Seguridad del Tr\u00e1fico en las Carreteras, 841 de las v\u00edctimas mortales en accidentes eran ocupantes de camiones. Adem\u00e1s, 3450 ocupantes de otros veh\u00edculos tambi\u00e9n fallecieron en accidentes con camiones de gran tama\u00f1o.<\/p>\n\n\n\n<p>En 2018, 135 muertes en Georgia se debieron a accidentes de camiones. Se ha determinado que el 241% de estos accidentes fueron causados por conducir ebrio. En 2016, Georgia ocup\u00f3 el cuarto lugar a nivel nacional en casos de accidentes de camiones.<\/p>\n\n\n\n<h2 class=\"wp-block-heading\" id=\"aioseo-what-should-you-do-after-a-smyrna-truck-accident\" style=\"padding-top:var(--wp--preset--spacing--20);padding-bottom:0\">\u00bfQu\u00e9 debe hacer despu\u00e9s de un accidente de cami\u00f3n en Smyrna?<\/h2>\n\n\n\n<p>Un accidente de cami\u00f3n probablemente le dejar\u00e1 sin saber qu\u00e9 hacer. Estos son los pasos m\u00e1s importantes a seguir despu\u00e9s de un accidente de cami\u00f3n:<\/p>\n\n\n\n<h4 class=\"wp-block-heading\" id=\"aioseo-call-911\">Llama al 911<\/h4>\n\n\n\n<p>Despu\u00e9s de un accidente de cami\u00f3n, llamar al 911 es \u00fatil, especialmente si alguien result\u00f3 herido o falleci\u00f3 en el lugar. Tambi\u00e9n puede llamar a los agentes de la patrulla estatal de carreteras, responsables de presentar el informe del accidente, evaluar la situaci\u00f3n y orientarle sobre el procedimiento a seguir.<\/p>\n\n\n\n<h4 class=\"wp-block-heading\" id=\"aioseo-help-others\">Ayudar a otros<\/h4>\n\n\n\n<p>Los accidentes causan mucha confusi\u00f3n. Lo mejor que puede hacer por cualquier persona involucrada en el accidente es ayudarla seg\u00fan sus necesidades. Sin embargo, abst\u00e9ngase de ayudar a personas con lesiones graves, ya que su situaci\u00f3n se gestiona mejor de forma profesional.<\/p>\n\n\n\n<h4 class=\"wp-block-heading\" id=\"aioseo-exchange-information\">Informaci\u00f3n de intercambio<\/h4>\n\n\n\n<p>Es dif\u00edcil encontrar a las personas involucradas en un accidente despu\u00e9s de que se marchan. Intercambiar informaci\u00f3n le ayudar\u00e1 a localizarlas f\u00e1cilmente cuando sea necesario. Aseg\u00farese de intercambiar informaci\u00f3n de contacto y del seguro con la otra parte.<\/p>\n\n\n\n<h4 class=\"wp-block-heading\" id=\"aioseo-document-the-scene-speak-with-witnesses\">Documentar la escena, hablar con los testigos<\/h4>\n\n\n\n<p>Debes tomar fotograf\u00edas y videos de la escena que muestren los da\u00f1os a los veh\u00edculos, las lesiones, las condiciones de la carretera, etc. Toma el contacto de cualquier testigo en la escena.<\/p>\n\n\n\n<h4 class=\"wp-block-heading\" id=\"aioseo-seek-medical-attention\">Busque atenci\u00f3n m\u00e9dica<\/h4>\n\n\n\n<p>Tu salud importa. Debes acudir a un hospital despu\u00e9s de un accidente, incluso si est\u00e1s convencido de no haber sufrido lesiones. La adrenalina podr\u00eda estar enmascarando el dolor de las lesiones. Contar con documentaci\u00f3n m\u00e9dica es fundamental para reclamar una indemnizaci\u00f3n.<\/p>\n\n\n\n<h4 class=\"wp-block-heading\" id=\"aioseo-contact-an-smyrna-truck-accident-lawyer\">Contacte a un abogado de accidentes de camiones en Smyrna<\/h4>\n\n\n\n<p>Consulte con un abogado especializado en accidentes de cami\u00f3n si cree que no tuvo la culpa. Un abogado le ayudar\u00e1 a gestionar el caso y a obtener la indemnizaci\u00f3n adecuada.<\/p>\n\n\n\n<h2 class=\"wp-block-heading\" id=\"aioseo-how-can-a-smyrna-truck-accident-lawyer-help\" style=\"padding-top:var(--wp--preset--spacing--20);padding-bottom:0\">\u00bfC\u00f3mo puede ayudar un abogado de accidentes de camiones en Smyrna?<\/h2>\n\n\n\n<p>Un abogado especializado en accidentes de cami\u00f3n desempe\u00f1a numerosas funciones para garantizar que usted acceda a la justicia. Algunas de estas funciones incluyen:<\/p>\n\n\n\n<h4 class=\"wp-block-heading\" id=\"aioseo-investigation\">Investigaci\u00f3n<\/h4>\n\n\n\n<p>Los abogados especializados en accidentes de cami\u00f3n de Smyrna examinan el caso utilizando registros m\u00e9dicos, antecedentes policiales, la informaci\u00f3n de la caja negra del cami\u00f3n y otros documentos disponibles. Tambi\u00e9n entrevistamos a los testigos para asegurarnos de no dejar nada al azar. Nuestros abogados saben d\u00f3nde verificar para demostrar que usted no tuvo la culpa.<\/p>\n\n\n\n<h4 class=\"wp-block-heading\" id=\"aioseo-filing-a-claim\">Presentar una reclamaci\u00f3n<\/h4>\n\n\n\n<p>Los casos de accidentes de cami\u00f3n requieren mucha documentaci\u00f3n con la que quiz\u00e1s no est\u00e9 familiarizado. Si la documentaci\u00f3n se realiza incorrectamente, afecta la probabilidad de ganar el caso. Nuestros abogados se aseguran de que toda la documentaci\u00f3n se complete de manera oportuna y correcta.<\/p>\n\n\n\n<h4 class=\"wp-block-heading\" id=\"aioseo-negotiations\">Negociaciones<\/h4>\n\n\n\n<p>Las compa\u00f1\u00edas de seguros nunca est\u00e1n de su lado durante una reclamaci\u00f3n. En muchos casos, intentar\u00e1n presionarlo para que acepte una indemnizaci\u00f3n inferior a la que merece. Sus abogados de accidentes de cami\u00f3n en Smyrna est\u00e1n aqu\u00ed para asegurarse de que reciba la compensaci\u00f3n que necesita.<\/p>\n\n\n\n<h4 class=\"wp-block-heading\" id=\"aioseo-litigation\">Litigio<\/h4>\n\n\n\n<p>La mayor\u00eda de los casos concluyen con un acuerdo extrajudicial. Sin embargo, si la compa\u00f1\u00eda de seguros no coopera ni le paga lo justo, nuestros abogados de accidentes de cami\u00f3n en Smyrna est\u00e1n m\u00e1s que listos para representarlo en la corte. Sabemos c\u00f3mo preparar un caso s\u00f3lido y presentar las pruebas ante el juez y el jurado.<\/p>\n\n\n\n<h2 class=\"wp-block-heading\" id=\"aioseo-what-types-of-compensation-can-i-receive\" style=\"padding-top:var(--wp--preset--spacing--20);padding-bottom:0\">\u00bfQu\u00e9 tipos de compensaci\u00f3n puedo recibir?<\/h2>\n\n\n\n<p>En Georgia, puede acceder a diversas compensaciones clasificadas en tres categor\u00edas principales. Estas incluyen:<\/p>\n\n\n\n<h4 class=\"wp-block-heading\" id=\"aioseo-economic-damages\">Da\u00f1os econ\u00f3micos<\/h4>\n\n\n\n<p>Se trata de indemnizaciones que pueden cuantificarse monetariamente. Los importes var\u00edan seg\u00fan la magnitud y la causa del da\u00f1o. Incluyen:;<\/p>\n\n\n\n<ul class=\"wp-block-list\">\n<li>Beneficios perdidos<\/li>\n\n\n\n<li>P\u00e9rdida de ingresos<\/li>\n\n\n\n<li>P\u00e9rdida de la capacidad de generar ingresos.<\/li>\n\n\n\n<li>Gastos m\u00e9dicos<\/li>\n\n\n\n<li>Costos de reemplazo y reparaci\u00f3n<\/li>\n<\/ul>\n\n\n\n<figure class=\"wp-block-image aligncenter size-full\" style=\"margin-top:var(--wp--preset--spacing--20);margin-bottom:var(--wp--preset--spacing--20)\"><img loading=\"lazy\" decoding=\"async\" width=\"500\" height=\"333\" src=\"https:\/\/dglawga.com\/wp-content\/uploads\/2025\/06\/smyrna-truck-accident-lawyer-diaz.jpg?wsr\" alt=\"\" class=\"wp-image-7656\" srcset=\"https:\/\/dglawga.com\/wp-content\/uploads\/2025\/06\/smyrna-truck-accident-lawyer-diaz.jpg 500w, https:\/\/dglawga.com\/wp-content\/uploads\/2025\/06\/smyrna-truck-accident-lawyer-diaz-300x200.jpg 300w\" sizes=\"auto, (max-width: 500px) 100vw, 500px\" \/><\/figure>\n\n\n\n<h4 class=\"wp-block-heading\" id=\"aioseo-non-economic-damages\">Da\u00f1os no econ\u00f3micos<\/h4>\n\n\n\n<p>Se refieren a p\u00e9rdidas intangibles que no pueden cuantificarse monetariamente. Entre ellas se incluyen:<\/p>\n\n\n\n<ul class=\"wp-block-list\">\n<li>Ansiedad<\/li>\n\n\n\n<li>Depresi\u00f3n<\/li>\n\n\n\n<li>Dolor emocional<\/li>\n\n\n\n<li>Dolor y sufrimiento<\/li>\n\n\n\n<li>Estr\u00e9s<\/li>\n<\/ul>\n\n\n\n<h4 class=\"wp-block-heading\" id=\"aioseo-punitive-damages\">Da\u00f1os punitivos<\/h4>\n\n\n\n<p>El tribunal puede ordenar al acusado que pague <strong><a href=\"http:\/\/ga.elaws.us\/law\/section51-12-5.1\" target=\"_blank\" rel=\"noopener nofollow\">da\u00f1os punitivos<\/a><\/strong> Si cometieron actos imprudentes que demostraron desprecio por la vida de los dem\u00e1s. Esto pretende ser un castigo y una forma de desalentar dicha conducta.<\/p>\n\n\n\n<h2 class=\"wp-block-heading\" id=\"aioseo-how-much-can-i-expect-to-recover-through-my-truck-accident-claim\" style=\"padding-top:var(--wp--preset--spacing--20);padding-bottom:0\">\u00bfCu\u00e1nto puedo esperar recuperar a trav\u00e9s de mi reclamo por accidente de cami\u00f3n?<\/h2>\n\n\n\n<p>Solo podemos determinar el valor de su reclamaci\u00f3n por accidente de cami\u00f3n investigando varios factores. Estos factores incluyen:<\/p>\n\n\n\n<ul class=\"wp-block-list\">\n<li>Naturaleza y magnitud de una lesi\u00f3n<\/li>\n\n\n\n<li>P\u00e9rdidas y gastos financieros<\/li>\n\n\n\n<li>Prueba de culpa<\/li>\n\n\n\n<li>Atenci\u00f3n m\u00e9dica inmediata<\/li>\n\n\n\n<li>Estilo de vida despu\u00e9s de un accidente<\/li>\n\n\n\n<li>Cobertura de seguro<\/li>\n\n\n\n<li>Condiciones preexistentes<\/li>\n\n\n\n<li>Sus declaraciones y acciones<\/li>\n<\/ul>\n\n\n\n<p>Sin la ayuda de un abogado especializado en accidentes de cami\u00f3n en Smyrna, es probable que las aseguradoras le ofrezcan una indemnizaci\u00f3n r\u00e1pida y muy baja que no cubra todos los aspectos. Aceptar una indemnizaci\u00f3n r\u00e1pida podr\u00eda causarle necesidades financieras que le resultar\u00e1n dif\u00edciles de afrontar en el futuro. Contacte a un abogado de confianza especializado en accidentes de cami\u00f3n en Smyrna para obtener la compensaci\u00f3n completa que merece.<\/p>\n\n\n\n<h2 class=\"wp-block-heading\" id=\"aioseo-is-there-a-time-limit-for-filing-a-truck-accident-claim\" style=\"padding-top:var(--wp--preset--spacing--20);padding-bottom:0\">\u00bfExiste un l\u00edmite de tiempo para presentar una reclamaci\u00f3n por accidente de cami\u00f3n?<\/h2>\n\n\n\n<p>Si sufre lesiones en un accidente de cami\u00f3n, el plazo de prescripci\u00f3n de Georgia para accidentes de cami\u00f3n exige que presente una reclamaci\u00f3n por lesiones en un plazo de dos a\u00f1os. Hable con un abogado de confianza especializado en accidentes de cami\u00f3n en Smyrna lo antes posible para iniciar su reclamaci\u00f3n.<\/p>\n\n\n\n<h2 class=\"wp-block-heading\" id=\"aioseo-how-is-fault-in-a-truck-accident-determined\">\u00bfC\u00f3mo se determina la culpa en un accidente de cami\u00f3n?<\/h2>\n\n\n\n<p>Nuestros abogados especializados en lesiones le ayudan a determinar qui\u00e9n tuvo la culpa y por qu\u00e9. Lo hacen identificando los elementos de negligencia que se enumeran a continuaci\u00f3n:<\/p>\n\n\n\n<ul class=\"wp-block-list\">\n<li><strong>Deber de cuidado:<\/strong> Los conductores de camiones tienen el deber de cuidar y respetar las leyes de tr\u00e1nsito. <a href=\"https:\/\/www.fmcsa.dot.gov\/\" target=\"_blank\" rel=\"noopener\"><strong>Regulaciones de la FMCSA<\/strong><\/a>. Las empresas de camiones deben contratar conductores calificados.<\/li>\n\n\n\n<li><strong>Incumplimiento del deber de cuidado:<\/strong> Su abogado debe demostrar que el acusado no cumpli\u00f3 con el deber de cuidado aplicable.<\/li>\n\n\n\n<li><strong>Da\u00f1os y perjuicios:<\/strong> Los abogados deben demostrar que la v\u00edctima sufri\u00f3 lesiones y p\u00e9rdidas reales.<\/li>\n\n\n\n<li><strong>Causalidad:<\/strong> Un abogado debe demostrar que la lesi\u00f3n del demandante fue resultado de la conducta negligente del acusado.<\/li>\n<\/ul>\n\n\n\n<h2 class=\"wp-block-heading\" id=\"aioseo-georgias-modified-comparative-negligence-rule\" style=\"padding-top:var(--wp--preset--spacing--20);padding-bottom:0\">Regla de negligencia comparativa modificada de Georgia<\/h2>\n\n\n\n<p>El modificado <a href=\"https:\/\/www.investopedia.com\/terms\/c\/comparative-negligence.asp\" target=\"_blank\" rel=\"noopener nofollow\"><strong>negligencia comparativa<\/strong><\/a> La ley en Georgia dicta que solo se recibe compensaci\u00f3n del demandado si el grado de culpa en un accidente de cami\u00f3n es menor que 50%. La ley tambi\u00e9n reduce la cantidad de compensaci\u00f3n que se recibe seg\u00fan el grado de culpa. Por lo tanto, si la culpa es 20%, el demandado solo paga 80%.<\/p>\n\n\n\n<h2 class=\"wp-block-heading\" id=\"aioseo-can-a-smyrna-truck-accident-lawyer-prove-the-truck-driver-was-negligent\" style=\"padding-top:var(--wp--preset--spacing--20);padding-bottom:0\">\u00bfPuede un abogado de accidentes de camiones en Smyrna demostrar que el conductor del cami\u00f3n fue negligente?<\/h2>\n\n\n\n<p>Utilizamos diversas maneras de demostrar que el conductor del cami\u00f3n actu\u00f3 con negligencia y caus\u00f3 el accidente. Algunas de ellas incluyen:<\/p>\n\n\n\n<ul class=\"wp-block-list\">\n<li>Documentaci\u00f3n de formaci\u00f3n<\/li>\n\n\n\n<li>registros de tel\u00e9fonos celulares<\/li>\n\n\n\n<li>Registros de reparaci\u00f3n y mantenimiento<\/li>\n\n\n\n<li>Marcas de derrape<\/li>\n\n\n\n<li>Fotos de la escena<\/li>\n\n\n\n<li>Registros de audio<\/li>\n\n\n\n<li>Resultados de pruebas de drogas y alcohol<\/li>\n<\/ul>\n\n\n\n<h2 class=\"wp-block-heading\" id=\"aioseo-who-can-be-held-liable\" style=\"padding-top:var(--wp--preset--spacing--20);padding-bottom:0\">\u00bfQui\u00e9n puede ser considerado responsable?<\/h2>\n\n\n\n<p>Su abogado de accidentes de cami\u00f3n en Smyrna debe determinar si una o m\u00e1s personas fueron responsables del accidente. Es probable que varias personas sean responsables en un accidente de cami\u00f3n. Estas incluyen:<\/p>\n\n\n\n<ul class=\"wp-block-list\">\n<li><strong>El conductor del cami\u00f3n:<\/strong> Un conductor de cami\u00f3n es responsable si estuvo distra\u00eddo, fue imprudente o actu\u00f3 en contra de la ley.<\/li>\n\n\n\n<li><strong>La empresa de camiones:<\/strong> La empresa puede ser considerada responsable si no seleccion\u00f3 adecuadamente a los solicitantes, no proporcion\u00f3 la capacitaci\u00f3n adecuada o presion\u00f3 a los conductores para que condujeran durante m\u00e1s tiempo del que permiten las regulaciones.<\/li>\n\n\n\n<li><strong>La empresa que carg\u00f3 el cami\u00f3n:<\/strong> Los cargadores podr\u00edan ser considerados responsables por una inspecci\u00f3n incompleta o por no asegurar la carga adecuadamente.<\/li>\n\n\n\n<li><strong>Los fabricantes de veh\u00edculos o piezas:<\/strong> Un fabricante es responsable cuando un abogado determina que un defecto mec\u00e1nico en el cami\u00f3n caus\u00f3 el accidente.<\/li>\n<\/ul>\n\n\n\n<h2 class=\"wp-block-heading\" id=\"aioseo-common-causes-of-truck-accidents\" style=\"padding-top:var(--wp--preset--spacing--20);padding-bottom:0\">Causas comunes de accidentes de camiones<\/h2>\n\n\n\n<p>Las siguientes son las causas m\u00e1s comunes de accidentes de camiones que nuestra firma ha visto:<\/p>\n\n\n\n<ul class=\"wp-block-list\">\n<li><strong>Fatiga del conductor:<\/strong> Es com\u00fan que los jefes establezcan horarios de llegada poco realistas para los camioneros. Estos suelen conducir durante muchas horas sin descansar, lo que aumenta la probabilidad de accidentes.<\/li>\n\n\n\n<li><strong>Conducci\u00f3n imprudente:<\/strong> El exceso de velocidad es uno de los factores m\u00e1s comunes en la conducci\u00f3n imprudente.<\/li>\n\n\n\n<li><strong>Conducci\u00f3n distra\u00edda:<\/strong> El gran tama\u00f1o y el mayor tiempo de parada de los camiones hacen que conducir distra\u00eddo sea a\u00fan m\u00e1s peligroso.<\/li>\n\n\n\n<li><strong>Conductores mal capacitados o sin experiencia:<\/strong> Los camioneros necesitan recibir una capacitaci\u00f3n adecuada antes de empezar a trabajar. Los conductores mal capacitados o sin experiencia tienen mayor probabilidad de causar accidentes.<\/li>\n\n\n\n<li><strong>Consumo de drogas:<\/strong> El consumo de drogas afecta el juicio del camionero en la carretera. En ocasiones, estas pueden ser prescritas y no ilegales.<\/li>\n\n\n\n<li><strong>Malas condiciones de la carretera:<\/strong> Condiciones como escombros sueltos o baches pueden hacer que los conductores pierdan f\u00e1cilmente el rumbo, especialmente cuando conducen a alta velocidad.<\/li>\n\n\n\n<li><strong>Mal funcionamiento del equipo:<\/strong> Cualquier mal funcionamiento del equipo podr\u00eda f\u00e1cilmente provocar que el cami\u00f3n pierda el control.<\/li>\n\n\n\n<li><strong>Carga de gran tama\u00f1o o mal asegurada:<\/strong> Una carga incorrecta puede exceder los l\u00edmites establecidos o estar mal distribuida. Cualquiera de estos factores aumenta el riesgo de un accidente de cami\u00f3n.<\/li>\n\n\n\n<li><strong>Falta de mantenimiento de camiones:<\/strong> Los camiones se usan mucho y, por lo tanto, requieren mantenimiento rutinario. La falta de mantenimiento puede afectar la capacidad del conductor para controlar el cami\u00f3n.<\/li>\n<\/ul>\n\n\n\n<h2 class=\"wp-block-heading\" id=\"aioseo-experienced-smyrna-truck-accident-attorneys\" style=\"padding-top:var(--wp--preset--spacing--20);padding-bottom:0\">Abogados con experiencia en accidentes de camiones en Smyrna<\/h2>\n\n\n\n<p>Si usted o un ser querido estuvo involucrado en un accidente de cami\u00f3n del que no es responsable, no cargue solo con la carga. Deje que nuestro experimentado equipo de abogados especializados en accidentes de cami\u00f3n de Smyrna se encargue de su caso mientras usted se concentra en recuperarse. \u00a1Es la mejor manera de garantizar la compensaci\u00f3n que merece!<\/p>\n\n\n\n<p>Ll\u00e1manos al <a href=\"tel:+16785032780\"><strong>678-503-2780<\/strong><\/a> para reservar una cita con nuestros abogados de accidentes de camiones de Smyrna en <strong><a href=\"https:\/\/dglawga.com\/es\/\">D\u00edaz y Gaeta<\/a><\/strong>.<\/p>","protected":false},"excerpt":{"rendered":"<p>Sadly, truck accidents are a common occurrence. The bulkiness of a truck increases the likelihood of getting injured in an accident involving a truck. Trucking companies have insurance adjusters whose goal is to pay as little as possible in claims. You need an expert Smyrna truck accident lawyer to represent you if you get involved [&hellip;]<\/p>\n","protected":false},"author":34,"featured_media":0,"parent":1994,"menu_order":0,"comment_status":"closed","ping_status":"closed","template":"wp-custom-template-smyrna-services","meta":{"_acf_changed":false,"_themeisle_gutenberg_block_has_review":false,"footnotes":""},"categories":[51],"tags":[124,123,120,21,122,59,126,58,121,125,119,26,118,116,117,22],"class_list":["post-2000","page","type-page","status-publish","hentry","category-smyrna-location","tag-abogado-coche-acidente","tag-abogado-gratis","tag-attorney-lawyer","tag-car-accidents","tag-car-accidents-lawyer","tag-family-law","tag-imigracion-abogados","tag-immigration","tag-immigration-lawyer","tag-marietta-abogado","tag-marietta-lawyer","tag-personal-injury","tag-top-lawyer-in-marietta","tag-top-lawyers-in-atlanta","tag-top-lawyers-in-smyrna","tag-truck-accident"],"acf":[],"aioseo_notices":[],"_links":{"self":[{"href":"https:\/\/dglawga.com\/es\/wp-json\/wp\/v2\/pages\/2000","targetHints":{"allow":["GET"]}}],"collection":[{"href":"https:\/\/dglawga.com\/es\/wp-json\/wp\/v2\/pages"}],"about":[{"href":"https:\/\/dglawga.com\/es\/wp-json\/wp\/v2\/types\/page"}],"author":[{"embeddable":true,"href":"https:\/\/dglawga.com\/es\/wp-json\/wp\/v2\/users\/34"}],"replies":[{"embeddable":true,"href":"https:\/\/dglawga.com\/es\/wp-json\/wp\/v2\/comments?post=2000"}],"version-history":[{"count":4,"href":"https:\/\/dglawga.com\/es\/wp-json\/wp\/v2\/pages\/2000\/revisions"}],"predecessor-version":[{"id":7658,"href":"https:\/\/dglawga.com\/es\/wp-json\/wp\/v2\/pages\/2000\/revisions\/7658"}],"up":[{"embeddable":true,"href":"https:\/\/dglawga.com\/es\/wp-json\/wp\/v2\/pages\/1994"}],"wp:attachment":[{"href":"https:\/\/dglawga.com\/es\/wp-json\/wp\/v2\/media?parent=2000"}],"wp:term":[{"taxonomy":"category","embeddable":true,"href":"https:\/\/dglawga.com\/es\/wp-json\/wp\/v2\/categories?post=2000"},{"taxonomy":"post_tag","embeddable":true,"href":"https:\/\/dglawga.com\/es\/wp-json\/wp\/v2\/tags?post=2000"}],"curies":[{"name":"wp","href":"https:\/\/api.w.org\/{rel}","templated":true}]}}