{"id":2007,"date":"2022-06-07T17:37:18","date_gmt":"2022-06-07T17:37:18","guid":{"rendered":"https:\/\/diazgaetalaw.wpengine.com\/?page_id=2007"},"modified":"2025-06-15T09:04:42","modified_gmt":"2025-06-15T14:04:42","slug":"abogado-de-accidentes-de-uber-2","status":"publish","type":"page","link":"https:\/\/dglawga.com\/es\/smyrna\/uber-accident-lawyer\/","title":{"rendered":"Abogado de accidentes de Uber en Smyrna"},"content":{"rendered":"<p>Las empresas de viajes compartidos se han convertido en la forma m\u00e1s popular de desplazarse en zonas urbanas, principalmente por su comodidad y asequibilidad. Si bien compartir viajes es beneficioso, tambi\u00e9n conlleva sus inconvenientes, siendo el mayor el riesgo de accidente.<\/p>\n\n\n\n<p>Las posibilidades de sufrir un accidente son las mismas que con otros veh\u00edculos y por eso existen normas estrictas para proteger a las v\u00edctimas.<\/p>\n\n\n\n<p>Desafortunadamente, la responsabilidad en accidentes de viajes compartidos es complicada principalmente debido a la pol\u00edtica de accidentes de Uber y Lyft y las partes involucradas.<\/p>\n\n\n\n<p>Pero no se preocupe, ya que hay abogados especializados en accidentes de Uber en Smyrna, como los de D\u00edaz &amp; Gaeta, con amplia experiencia en este campo.<\/p>\n\n\n\n<p>Si usted o un ser querido ha resultado herido en un accidente de Uber, merece una compensaci\u00f3n y estamos aqu\u00ed para ayudarlo.<\/p>\n\n\n\n<p>Nuestro <strong><a href=\"https:\/\/dglawga.com\/es\/esmirna\/abogado-de-accidentes-de-coche\/\">Abogados de accidentes automovil\u00edsticos en Smyrna<\/a><\/strong> Evaluar\u00e1 su caso, reunir\u00e1 la evidencia relevante y crear\u00e1 un reclamo s\u00f3lido para garantizar la m\u00e1xima compensaci\u00f3n.<\/p>\n\n\n\n<p>Ll\u00e1manos hoy al <a href=\"tel:+16785032780\"><strong>678-503-2780<\/strong><\/a> para programar una consulta inicial gratuita y conocer m\u00e1s sobre sus opciones legales.<\/p>\n\n\n\n<div class=\"wp-block-group has-accent-background-color has-background is-vertical is-layout-flex wp-container-core-group-is-layout-283d9697 wp-block-group-is-layout-flex\" style=\"border-top-left-radius:15px;border-top-right-radius:15px;margin-top:var(--wp--preset--spacing--30)\">\n<h2 class=\"wp-block-heading has-primary-color has-text-color has-link-color wp-elements-4164a61e17ffbe9e8a7446952ec87a5a\" id=\"aioseo-table-of-contents\">TABLA DE CONTENIDO<\/h2>\n<\/div>\n\n\n\n<div class=\"wp-block-group has-background is-vertical is-layout-flex wp-container-core-group-is-layout-d644fc7a wp-block-group-is-layout-flex\" style=\"border-bottom-left-radius:15px;border-bottom-right-radius:15px;background-color:#f3f3f3;margin-top:0\"><div class=\"wp-block-aioseo-table-of-contents\"><ul><li><a class=\"aioseo-toc-item\" href=\"#aioseo-rideshare-accident-statistics\">Estad\u00edsticas de accidentes de viajes compartidos<\/a><\/li><li><a class=\"aioseo-toc-item\" href=\"#aioseo-common-types-of-rideshare-accidents\">Tipos comunes de accidentes en viajes compartidos<\/a><\/li><li><a class=\"aioseo-toc-item\" href=\"#aioseo-who-is-liable-for-an-uber-or-lyft-accident\">\u00bfQui\u00e9n es responsable de un accidente de Uber o Lyft?<\/a><ul><li><a class=\"aioseo-toc-item\" href=\"#aioseo-uber-driver\">Conductor de Uber<\/a><\/li><li><a class=\"aioseo-toc-item\" href=\"#aioseo-rideshare-companies\">Empresas de viajes compartidos<\/a><\/li><li><a class=\"aioseo-toc-item\" href=\"#aioseo-any-related-third-party\">Cualquier tercero relacionado<\/a><\/li><\/ul><\/li><li><a class=\"aioseo-toc-item\" href=\"#aioseo-how-are-uber-accident-cases-different-from-regular-car-accident-cases\">\u00bfEn qu\u00e9 se diferencian los casos de accidentes de Uber de los casos de accidentes automovil\u00edsticos normales?<\/a><\/li><li><a class=\"aioseo-toc-item\" href=\"#aioseo-does-uber-have-a-1-million-insurance-policy-for-accidents\">\u00bfTiene Uber una p\u00f3liza de seguro de $1 mill\u00f3n para accidentes?<\/a><\/li><li><a class=\"aioseo-toc-item\" href=\"#aioseo-what-type-of-compensation-can-you-expect-from-a-rideshare-accident-claim\">\u00bfQu\u00e9 tipo de compensaci\u00f3n puede esperar de un reclamo por accidente de viaje compartido?<\/a><ul><li><a class=\"aioseo-toc-item\" href=\"#aioseo-economic-damages\">Da\u00f1os econ\u00f3micos<\/a><\/li><li><a class=\"aioseo-toc-item\" href=\"#aioseo-non-economic-damages\">Da\u00f1os no econ\u00f3micos<\/a><\/li><li><a class=\"aioseo-toc-item\" href=\"#aioseo-punitive-damages\">Da\u00f1os punitivos<\/a><\/li><\/ul><\/li><li><a class=\"aioseo-toc-item\" href=\"#aioseo-should-you-just-accept-a-settlement-offer\">\u00bfDeber\u00eda usted simplemente aceptar una oferta de acuerdo?<\/a><\/li><li><a class=\"aioseo-toc-item\" href=\"#aioseo-how-much-does-it-cost-to-hire-a-smyrna-uber-accident-lawyer\">\u00bfCu\u00e1nto cuesta contratar a un abogado de accidentes de Uber en Smyrna?<\/a><\/li><li><a class=\"aioseo-toc-item\" href=\"#aioseo-is-there-a-time-limit-for-filing-an-uber-accident-claim\">\u00bfExiste un l\u00edmite de tiempo para presentar una reclamaci\u00f3n por accidente de Uber?<\/a><\/li><li><a class=\"aioseo-toc-item\" href=\"#aioseo-why-hire-a-smyrna-uber-accident-lawyer\">\u00bfPor qu\u00e9 contratar a un abogado de accidentes de Uber en Smyrna?<\/a><ul><li><a class=\"aioseo-toc-item\" href=\"#aioseo-case-preparation\">Preparaci\u00f3n del caso<\/a><\/li><li><a class=\"aioseo-toc-item\" href=\"#aioseo-settlement-negotiation\">Negociaci\u00f3n de acuerdos<\/a><\/li><li><a class=\"aioseo-toc-item\" href=\"#aioseo-trial-preparation-and-representation\">Preparaci\u00f3n y representaci\u00f3n en juicios<\/a><\/li><\/ul><\/li><li><a class=\"aioseo-toc-item\" href=\"#aioseo-hire-the-best-smyrna-uber-accident-lawyer-today\">\u00a1Contrata hoy al mejor abogado de accidentes de Uber en Smyrna!<\/a><\/li><\/ul><\/div><\/div>\n\n\n\n<h2 class=\"wp-block-heading\" id=\"aioseo-rideshare-accident-statistics\" style=\"padding-top:var(--wp--preset--spacing--20)\">Estad\u00edsticas de accidentes de viajes compartidos<\/h2>\n\n\n\n<p>Seg\u00fan un <strong><a href=\"https:\/\/news.uchicago.edu\/story\/ride-hailing-services-may-be-driving-traffic-deaths\" target=\"_blank\" rel=\"noopener\">Informe de la Escuela de Negocios de la Universidad de Chicago<\/a><\/strong>, Se ha producido un aumento del 31% en accidentes automovil\u00edsticos mortales desde la llegada de compa\u00f1\u00edas como Lyft y Uber. Esto contradice lo que cabr\u00eda esperar, dado que menos personas tienen que conducir.<\/p>\n\n\n\n<p>De acuerdo a <strong><a href=\"https:\/\/www.uber-assets.com\/image\/upload\/v1575580686\/Documents\/Safety\/UberUSSafetyReport_201718_FullReport.pdf?uclick_id=4bdba197-72f4-46b2-bfa8-e32e2f3d633c\" target=\"_blank\" rel=\"noopener\">Informe de seguridad de Uber en Estados Unidos<\/a><\/strong> Entre 2017 y 2018, las plataformas de viajes compartidos se vieron involucradas en 97 accidentes mortales, con 108 fallecidos. El informe revela que 67% de los fallecidos eran usuarios de Uber, mientras que 33% no viajaban en ellos.<\/p>\n\n\n\n<h2 class=\"wp-block-heading\" id=\"aioseo-common-types-of-rideshare-accidents\" style=\"padding-top:var(--wp--preset--spacing--20)\">Tipos comunes de accidentes en viajes compartidos<\/h2>\n\n\n\n<p>Los accidentes de viajes compartidos ocurren de diversas maneras y afectan a diferentes partes, como conductores, pasajeros y terceros. Los tipos m\u00e1s comunes de accidentes de viajes compartidos en Smyrna, GA, incluyen:<\/p>\n\n\n\n<ul class=\"wp-block-list\">\n<li>Lesiones a pasajeros por negligencia de un conductor de Uber.<\/li>\n\n\n\n<li>Lesiones de pasajeros debido a la negligencia de otro conductor de Uber.<\/li>\n\n\n\n<li>Lesiones a terceros por negligencia de un conductor de Uber.<\/li>\n\n\n\n<li>Lesiones de conductores de Uber debido a su propia negligencia.<\/li>\n\n\n\n<li>Lesi\u00f3n de un conductor de Uber debido a la negligencia de otro conductor.<\/li>\n\n\n\n<li>Da\u00f1os a la propiedad por negligencia del conductor de Uber.<\/li>\n\n\n\n<li>Da\u00f1os a la propiedad debido a la negligencia de otro conductor de Uber.<\/li>\n\n\n\n<li>Conductor y pasajero por mal funcionamiento o pieza defectuosa del veh\u00edculo.<\/li>\n<\/ul>\n\n\n\n<p>La diversidad de estos accidentes hace que la mayor\u00eda de las reclamaciones sean complejas. Por eso, es recomendable contratar a un abogado con experiencia en accidentes de Uber para aumentar sus posibilidades de obtener una indemnizaci\u00f3n justa.<\/p>\n\n\n\n<h2 class=\"wp-block-heading\" id=\"aioseo-who-is-liable-for-an-uber-or-lyft-accident\" style=\"padding-top:var(--wp--preset--spacing--20)\">\u00bfQui\u00e9n es responsable de un accidente de Uber o Lyft?<\/h2>\n\n\n\n<p>El equipo de D\u00edaz &amp; Gaeta evaluar\u00e1 su accidente e identificar\u00e1 al responsable de sus lesiones. Tenga en cuenta que las aseguradoras pueden atribuir negligencia a cualquier persona despu\u00e9s de un accidente.<\/p>\n\n\n\n<p>Nuestros abogados investigar\u00e1n los hechos de su accidente y evaluar\u00e1n las pruebas para determinar la parte responsable. Entre las partes que pueden ser consideradas responsables se incluyen:<\/p>\n\n\n\n<h4 class=\"wp-block-heading\" id=\"aioseo-uber-driver\">Conductor de Uber<\/h4>\n\n\n\n<p>Con frecuencia, los conductores de Uber son responsables de accidentes. Es posible que el conductor haya ido a exceso de velocidad o se haya distra\u00eddo al volante, lo que ha provocado un accidente.<\/p>\n\n\n\n<h4 class=\"wp-block-heading\" id=\"aioseo-rideshare-companies\">Empresas de viajes compartidos<\/h4>\n\n\n\n<p>Lyft y Uber tambi\u00e9n pueden ser considerados responsables de la negligencia de sus conductores. Los conductores de Uber son, t\u00e9cnicamente, contratistas independientes, lo que permite a la empresa evitar reclamaciones.<\/p>\n\n\n\n<p>Aun as\u00ed, las empresas de viajes compartidos tienen la responsabilidad de salvaguardar los intereses de los pasajeros. Deben realizar verificaciones de antecedentes exhaustivas y asegurarse de contratar conductores con un historial confiable que no pongan en peligro la vida de sus clientes.<\/p>\n\n\n\n<p>Contratar conductores con antecedentes de conducci\u00f3n en estado de ebriedad, robo, etc. demuestra negligencia y, por lo tanto, la empresa puede ser considerada responsable.<\/p>\n\n\n\n<h4 class=\"wp-block-heading\" id=\"aioseo-any-related-third-party\">Cualquier tercero relacionado<\/h4>\n\n\n\n<p>Los accidentes en viajes compartidos pueden ocurrir por negligencia de terceros. En tal situaci\u00f3n, puedes presentar una reclamaci\u00f3n contra la parte responsable o su compa\u00f1\u00eda de seguros.<\/p>\n\n\n\n<p>Tambi\u00e9n puede demandar a los fabricantes de piezas de veh\u00edculos por <strong><a href=\"https:\/\/dglawga.com\/es\/esmirna\/abogado-de-responsabilidad-del-producto\/\">piezas defectuosas<\/a><\/strong> y entidades gubernamentales por el mal estado de las carreteras que provoc\u00f3 el accidente.<\/p>\n\n\n\n<p>En otras situaciones, el conductor de otro veh\u00edculo puede ser responsable del accidente.<\/p>\n\n\n\n<p>Por ejemplo, si un conductor ebrio choca su Uber o Lyft y le provoca lesiones graves, es posible que se lo considere responsable de las lesiones y las p\u00e9rdidas.<\/p>\n\n\n\n<h2 class=\"wp-block-heading\" id=\"aioseo-how-are-uber-accident-cases-different-from-regular-car-accident-cases\" style=\"padding-top:var(--wp--preset--spacing--20)\">\u00bfEn qu\u00e9 se diferencian los casos de accidentes de Uber de los casos de accidentes automovil\u00edsticos normales?<\/h2>\n\n\n\n<p>La cobertura del seguro es la principal diferencia entre Uber y los accidentes de tr\u00e1fico convencionales. Las compa\u00f1\u00edas de viajes compartidos exigen a los conductores en Smyrna que tengan su propia p\u00f3liza de seguro. Sin embargo, Uber y Lyft mantienen el seguro de coche para los pasajeros mientras usan sus plataformas.<\/p>\n\n\n\n<h2 class=\"wp-block-heading\" id=\"aioseo-does-uber-have-a-1-million-insurance-policy-for-accidents\" style=\"padding-top:var(--wp--preset--spacing--20)\">\u00bfTiene Uber una p\u00f3liza de seguro de $1 mill\u00f3n para accidentes?<\/h2>\n\n\n\n<p>\u00a1S\u00ed! Tras un accidente de Uber, la empresa ha... <strong><a href=\"https:\/\/www.uber.com\/us\/en\/drive\/insurance\/\" target=\"_blank\" rel=\"noopener\">$1 millones en cobertura de responsabilidad civil ante terceros<\/a><\/strong>. Sin embargo, esto solo se aplica cuando el conductor de Uber est\u00e1 en camino a recogerte y durante el viaje.<\/p>\n\n\n\n<figure class=\"wp-block-image aligncenter\" style=\"margin-top:var(--wp--preset--spacing--20);margin-bottom:var(--wp--preset--spacing--20)\"><a href=\"https:\/\/dglawga.com\/wp-content\/uploads\/2022\/06\/smyrna-uber-accident-lawyer-diaz.jpg\"><img loading=\"lazy\" decoding=\"async\" width=\"500\" height=\"333\" src=\"https:\/\/dglawga.com\/wp-content\/uploads\/2022\/06\/smyrna-uber-accident-lawyer-diaz.jpg\" alt=\"Aplicaci\u00f3n de viajes compartidos, concepto del abogado de accidentes de Uber en Smyrna\" class=\"wp-image-2992\" srcset=\"https:\/\/dglawga.com\/wp-content\/uploads\/2022\/06\/smyrna-uber-accident-lawyer-diaz.jpg 500w, https:\/\/dglawga.com\/wp-content\/uploads\/2022\/06\/smyrna-uber-accident-lawyer-diaz-300x200.jpg 300w\" sizes=\"auto, (max-width: 500px) 100vw, 500px\" \/><\/a><\/figure>\n\n\n\n<h2 class=\"wp-block-heading\" id=\"aioseo-what-type-of-compensation-can-you-expect-from-a-rideshare-accident-claim\" style=\"padding-top:var(--wp--preset--spacing--20)\">\u00bfQu\u00e9 tipo de compensaci\u00f3n puede esperar de un reclamo por accidente de viaje compartido?<\/h2>\n\n\n\n<p>En caso de reclamaciones por accidentes de Uber y Lyft, las v\u00edctimas pueden obtener dos tipos de compensaci\u00f3n: da\u00f1os econ\u00f3micos y da\u00f1os no econ\u00f3micos. B\u00e1sicamente, se trata de indemnizaciones monetarias destinadas a compensar a las v\u00edctimas por las lesiones o p\u00e9rdidas causadas por un accidente de viaje compartido. Tambi\u00e9n se pueden obtener da\u00f1os punitivos tras un accidente de tr\u00e1fico en Georgia, pero estos no suelen estar disponibles en la mayor\u00eda de las reclamaciones por accidentes de Uber.<\/p>\n\n\n\n<h4 class=\"wp-block-heading\" id=\"aioseo-economic-damages\">Da\u00f1os econ\u00f3micos<\/h4>\n\n\n\n<p>Estos da\u00f1os implican todos los costos que sean cuantificables despu\u00e9s de un accidente de viaje compartido.<\/p>\n\n\n\n<p>Son f\u00e1ciles de calcular, ya que se incluyen en facturas y recibos. Algunos ejemplos incluyen p\u00e9rdida de ingresos, facturas m\u00e9dicas, da\u00f1os a la propiedad, p\u00e9rdida de capacidad de generar ingresos y gastos varios, como gastos de viaje tras el accidente.<\/p>\n\n\n\n<h4 class=\"wp-block-heading\" id=\"aioseo-non-economic-damages\">Da\u00f1os no econ\u00f3micos<\/h4>\n\n\n\n<p>Estos se basan en da\u00f1os subjetivos y no son f\u00e1ciles de calcular. Algunos ejemplos incluyen angustia emocional, discapacidad, dolor y sufrimiento, p\u00e9rdida de reputaci\u00f3n, p\u00e9rdida de compa\u00f1\u00eda, p\u00e9rdida del disfrute de la vida, etc.<\/p>\n\n\n\n<h4 class=\"wp-block-heading\" id=\"aioseo-punitive-damages\">Da\u00f1os punitivos<\/h4>\n\n\n\n<p><strong><a href=\"http:\/\/ga.elaws.us\/law\/section51-12-5.1\" target=\"_blank\" rel=\"noopener nofollow\">Da\u00f1os punitivos<\/a><\/strong> Van m\u00e1s all\u00e1 de las indemnizaciones convencionales en demandas por lesiones personales. Est\u00e1n dise\u00f1adas para castigar a la parte responsable por su negligencia o imprudencia extrema. El jurado tambi\u00e9n puede conceder estas indemnizaciones si descubre que hubo intenci\u00f3n maliciosa de causar da\u00f1o a terceros.<\/p>\n\n\n\n<h2 class=\"wp-block-heading\" id=\"aioseo-should-you-just-accept-a-settlement-offer\" style=\"padding-top:var(--wp--preset--spacing--20)\">\u00bfDeber\u00eda usted simplemente aceptar una oferta de acuerdo?<\/h2>\n\n\n\n<p>Nunca es aconsejable aceptar una oferta de acuerdo de la otra parte o de su compa\u00f1\u00eda de seguros antes de consultar a un abogado con experiencia en accidentes de Uber en Smyrna.<\/p>\n\n\n\n<p>Las compa\u00f1\u00edas de seguros solo se preocupan por sus ganancias y, por lo tanto, ofrecer\u00e1n un acuerdo bajo que no cubra todos sus da\u00f1os. Un abogado con experiencia analizar\u00e1 el caso y determinar\u00e1 su valor.<\/p>\n\n\n\n<p>Adem\u00e1s, un abogado con experiencia en accidentes de Uber en Smyrna puede evaluar la solidez de su caso, recopilar pruebas y determinar el valor real de sus da\u00f1os, incluyendo gastos m\u00e9dicos, p\u00e9rdida de ingresos y dolor y sufrimiento. Posteriormente, podr\u00e1 negociar con la compa\u00f1\u00eda de seguros o la parte contraria en su nombre y garantizar que reciba una compensaci\u00f3n justa por sus lesiones y p\u00e9rdidas.<\/p>\n\n\n\n<h2 class=\"wp-block-heading\" id=\"aioseo-how-much-does-it-cost-to-hire-a-smyrna-uber-accident-lawyer\" style=\"padding-top:var(--wp--preset--spacing--20)\">\u00bfCu\u00e1nto cuesta contratar a un abogado de accidentes de Uber en Smyrna?<\/h2>\n\n\n\n<p>En casos de lesiones personales, firmas competentes como Diaz &amp; Gaeta no cobran honorarios por adelantado por la representaci\u00f3n. En su lugar, trabajamos con honorarios de contingencia.<\/p>\n\n\n\n<p>Esto significa que solo pagar\u00e1 si ganamos el caso. Este tipo de acuerdo abogado-cliente le permite centrarse en su recuperaci\u00f3n, con la tranquilidad de que nuestro equipo trabaja arduamente para obtener la compensaci\u00f3n que merece.<\/p>\n\n\n\n<h2 class=\"wp-block-heading\" id=\"aioseo-is-there-a-time-limit-for-filing-an-uber-accident-claim\" style=\"padding-top:var(--wp--preset--spacing--20)\">\u00bfExiste un l\u00edmite de tiempo para presentar una reclamaci\u00f3n por accidente de Uber?<\/h2>\n\n\n\n<p>En el estado de Georgia, todas las reclamaciones por lesiones personales, incluyendo los accidentes de Uber, tienen un plazo de 2 a\u00f1os. Este plazo se aplica a partir de la fecha del accidente. Presentar una reclamaci\u00f3n despu\u00e9s de este plazo significa que no tiene derecho a obtener una indemnizaci\u00f3n.<\/p>\n\n\n\n<p>Sin embargo, para reclamaciones por da\u00f1os a la propiedad, el l\u00edmite es de 4 a\u00f1os.<\/p>\n\n\n\n<h2 class=\"wp-block-heading\" id=\"aioseo-why-hire-a-smyrna-uber-accident-lawyer\" style=\"padding-top:var(--wp--preset--spacing--20)\">\u00bfPor qu\u00e9 contratar a un abogado de accidentes de Uber en Smyrna?<\/h2>\n\n\n\n<p>Uber es la plataforma de viajes compartidos m\u00e1s popular del mundo hoy en d\u00eda. Si sufre un accidente, puede estar seguro de que contar\u00e1n con los mejores abogados internos para intentar denegar o limitar su reclamaci\u00f3n.<\/p>\n\n\n\n<p>Tambi\u00e9n est\u00e1n preparados para limitar grandes pagos si su caso llega a los tribunales.<\/p>\n\n\n\n<p>As\u00ed que, si est\u00e1 pensando en representarse a s\u00ed mismo despu\u00e9s de un accidente de Uber, pi\u00e9nselo dos veces. La mejor estrategia es contratar a un abogado con experiencia. <strong><a href=\"https:\/\/dglawga.com\/es\/esmirna\/abogado-de-lesiones-personales\/\">abogado de lesiones personales en Smyrna<\/a><\/strong>. Nuestro experimentado equipo de abogados de accidentes de Uber en Smyrna estar\u00e1 preparado para luchar contra su reclamo.<\/p>\n\n\n\n<p>Al utilizar los servicios de los abogados de accidentes de Uber de Smyrna, nuestro equipo le ayudar\u00e1 con lo siguiente:<\/p>\n\n\n\n<h4 class=\"wp-block-heading\" id=\"aioseo-case-preparation\">Preparaci\u00f3n del caso<\/h4>\n\n\n\n<p>Tras un accidente de viaje compartido, nuestro equipo le ayudar\u00e1 a construir un caso s\u00f3lido. Estamos listos para recopilar y analizar las pruebas necesarias para determinar qui\u00e9n es responsable de sus lesiones y p\u00e9rdidas. Esto puede incluir informes m\u00e9dicos, grabaciones de c\u00e1maras de salpicadero, declaraciones de testigos y reportes policiales.<\/p>\n\n\n\n<h4 class=\"wp-block-heading\" id=\"aioseo-settlement-negotiation\">Negociaci\u00f3n de acuerdos<\/h4>\n\n\n\n<p>Necesita la ayuda de un equipo de representaci\u00f3n agresivo durante las negociaciones. Despu\u00e9s de todo, desea obtener la m\u00e1xima indemnizaci\u00f3n. Nuestro equipo est\u00e1 listo para luchar por la compensaci\u00f3n que merece. Negociaremos con la parte responsable y sus aseguradoras para obtenerla.<\/p>\n\n\n\n<p>Entendemos que los accidentes de Uber pueden ser complejos e involucrar a m\u00faltiples partes y compa\u00f1\u00edas de seguros. Nuestro equipo de abogados especializados en accidentes de Uber en Smyrna cuenta con el conocimiento y la experiencia necesarios para desenvolverse en el sistema legal y negociar con la parte responsable y sus aseguradoras en su nombre.<\/p>\n\n\n\n<h4 class=\"wp-block-heading\" id=\"aioseo-trial-preparation-and-representation\">Preparaci\u00f3n y representaci\u00f3n en juicios<\/h4>\n\n\n\n<p>Si las negociaciones no prosperan, nuestros abogados expertos en accidentes de Uber en Smyrna est\u00e1n listos para llevar el caso a juicio. Prepararemos un caso s\u00f3lido y lo presentaremos ante el jurado de la mejor manera posible. Si es necesario, llamaremos a testigos expertos, incluyendo polic\u00edas y m\u00e9dicos, para asegurar el mejor resultado.<\/p>\n\n\n\n<h2 class=\"wp-block-heading\" id=\"aioseo-hire-the-best-smyrna-uber-accident-lawyer-today\" style=\"padding-top:var(--wp--preset--spacing--20)\">\u00a1Contrata hoy al mejor abogado de accidentes de Uber en Smyrna!<\/h2>\n\n\n\n<p>Los accidentes de Uber y Lyft pueden ser complejos, especialmente cuando se trata de demostrar negligencia. El equipo de <strong><a href=\"https:\/\/dglawga.com\/es\/\">D\u00edaz y Gaeta<\/a><\/strong> est\u00e1 listo para guiarlo a trav\u00e9s del proceso de reclamos y luchar por sus derechos para asegurarse de obtener la m\u00e1xima compensaci\u00f3n por sus p\u00e9rdidas y lesiones.<\/p>\n\n\n\n<p>Comience llamando <a href=\"tel:+16785032780\"><strong>678-503-2780<\/strong><\/a> \u00a1hoy!<\/p>","protected":false},"excerpt":{"rendered":"<p>Ridesharing companies have become the most popular way to navigate in urban areas, primarily due to their convenience and affordability. As beneficial as ridesharing is, it comes with its fair share of downsides, the biggest one being the risk of an accident. The chances of getting into an accident are the same as with other [&hellip;]<\/p>\n","protected":false},"author":34,"featured_media":0,"parent":1994,"menu_order":0,"comment_status":"closed","ping_status":"closed","template":"wp-custom-template-smyrna-services","meta":{"_acf_changed":false,"_themeisle_gutenberg_block_has_review":false,"footnotes":""},"categories":[51],"tags":[124,123,120,21,122,59,126,58,121,125,119,26,118,116,117,24],"class_list":["post-2007","page","type-page","status-publish","hentry","category-smyrna-location","tag-abogado-coche-acidente","tag-abogado-gratis","tag-attorney-lawyer","tag-car-accidents","tag-car-accidents-lawyer","tag-family-law","tag-imigracion-abogados","tag-immigration","tag-immigration-lawyer","tag-marietta-abogado","tag-marietta-lawyer","tag-personal-injury","tag-top-lawyer-in-marietta","tag-top-lawyers-in-atlanta","tag-top-lawyers-in-smyrna","tag-uber-accidents"],"acf":[],"aioseo_notices":[],"_links":{"self":[{"href":"https:\/\/dglawga.com\/es\/wp-json\/wp\/v2\/pages\/2007","targetHints":{"allow":["GET"]}}],"collection":[{"href":"https:\/\/dglawga.com\/es\/wp-json\/wp\/v2\/pages"}],"about":[{"href":"https:\/\/dglawga.com\/es\/wp-json\/wp\/v2\/types\/page"}],"author":[{"embeddable":true,"href":"https:\/\/dglawga.com\/es\/wp-json\/wp\/v2\/users\/34"}],"replies":[{"embeddable":true,"href":"https:\/\/dglawga.com\/es\/wp-json\/wp\/v2\/comments?post=2007"}],"version-history":[{"count":3,"href":"https:\/\/dglawga.com\/es\/wp-json\/wp\/v2\/pages\/2007\/revisions"}],"predecessor-version":[{"id":7668,"href":"https:\/\/dglawga.com\/es\/wp-json\/wp\/v2\/pages\/2007\/revisions\/7668"}],"up":[{"embeddable":true,"href":"https:\/\/dglawga.com\/es\/wp-json\/wp\/v2\/pages\/1994"}],"wp:attachment":[{"href":"https:\/\/dglawga.com\/es\/wp-json\/wp\/v2\/media?parent=2007"}],"wp:term":[{"taxonomy":"category","embeddable":true,"href":"https:\/\/dglawga.com\/es\/wp-json\/wp\/v2\/categories?post=2007"},{"taxonomy":"post_tag","embeddable":true,"href":"https:\/\/dglawga.com\/es\/wp-json\/wp\/v2\/tags?post=2007"}],"curies":[{"name":"wp","href":"https:\/\/api.w.org\/{rel}","templated":true}]}}