{"id":2014,"date":"2022-06-07T17:39:30","date_gmt":"2022-06-07T17:39:30","guid":{"rendered":"https:\/\/diazgaetalaw.wpengine.com\/?page_id=2014"},"modified":"2025-12-04T11:26:32","modified_gmt":"2025-12-04T16:26:32","slug":"abogado-de-resbalones-y-caidas","status":"publish","type":"page","link":"https:\/\/dglawga.com\/es\/smyrna\/slip-and-fall-lawyer\/","title":{"rendered":"Abogado de resbalones y ca\u00eddas en Smyrna"},"content":{"rendered":"<p>Los accidentes ocurren casi en todas partes, pero la idea de resbalarse, caerse y lesionarse rara vez se nos pasa por la cabeza. Los resbalones y las ca\u00eddas suelen pasarse por alto, pero seg\u00fan los Centros para el Control y la Prevenci\u00f3n de Enfermedades (CDC), son responsables del 211% de las visitas a urgencias en el pa\u00eds. Uno puede resbalarse y caerse en cualquier lugar, ya sea en una acera, en un parque o incluso en un centro comercial. Si sufre una lesi\u00f3n grave por un resbal\u00f3n y una ca\u00edda en la propiedad de otra persona, podr\u00eda tener derecho a una indemnizaci\u00f3n.<\/p>\n\n\n\n<p>Desafortunadamente, demostrar negligencia suele ser complicado, y cuando sufre lesiones, lo \u00faltimo que desea es estresarse por el proceso de reclamaci\u00f3n. Aqu\u00ed es donde D\u00edaz &amp; Gaeta entra en escena. Nuestros abogados expertos en resbalones y ca\u00eddas de Smyrna se encargar\u00e1n de su caso y lo guiar\u00e1n en cada paso del proceso para garantizar que reciba la compensaci\u00f3n que merece. Llame a nuestro <strong><a href=\"https:\/\/dglawga.com\/es\/esmirna\/abogado-de-lesiones-personales\/\">Abogados de lesiones personales en Smyrna<\/a><\/strong> Hoy a las <a href=\"tel:+16785032780\"><strong>678-503-2780<\/strong><\/a> \u00a1Para programar una consulta gratuita!<\/p>\n\n\n\n<div class=\"wp-block-group has-accent-background-color has-background is-vertical is-layout-flex wp-container-core-group-is-layout-283d9697 wp-block-group-is-layout-flex\" style=\"border-top-left-radius:15px;border-top-right-radius:15px;margin-top:var(--wp--preset--spacing--30)\">\n<h2 class=\"wp-block-heading has-primary-color has-text-color has-link-color wp-elements-4164a61e17ffbe9e8a7446952ec87a5a\" id=\"aioseo-table-of-contents\">TABLA DE CONTENIDO<\/h2>\n<\/div>\n\n\n\n<div class=\"wp-block-group has-background is-vertical is-layout-flex wp-container-core-group-is-layout-d644fc7a wp-block-group-is-layout-flex\" style=\"border-bottom-left-radius:15px;border-bottom-right-radius:15px;background-color:#f3f3f3;margin-top:0\"><div class=\"wp-block-aioseo-table-of-contents\"><ul><li><a class=\"aioseo-toc-item\" href=\"#aioseo-common-slip-and-fall-accidents\">Accidentes comunes por resbalones y ca\u00eddas<\/a><\/li><li><a class=\"aioseo-toc-item\" href=\"#aioseo-how-a-smyrna-slip-and-fall-lawyer-can-help-with-your-case\">C\u00f3mo un abogado especializado en resbalones y ca\u00eddas de Smyrna puede ayudarle con su caso<\/a><ul><li><a class=\"aioseo-toc-item\" href=\"#aioseo-investigate-the-accident-and-collect-evidence\">Investigar el accidente y recopilar pruebas<\/a><\/li><li><a class=\"aioseo-toc-item\" href=\"#aioseo-claim-evaluation\">Evaluaci\u00f3n de reclamaciones<\/a><\/li><li><a class=\"aioseo-toc-item\" href=\"#aioseo-dealing-with-the-insurance-company-and-litigation\">Trato con la compa\u00f1\u00eda de seguros y litigios<\/a><\/li><\/ul><\/li><li><a class=\"aioseo-toc-item\" href=\"#aioseo-what-should-i-do-after-a-slip-fall-accident\">\u00bfQu\u00e9 debo hacer despu\u00e9s de un accidente por resbal\u00f3n y ca\u00edda?<\/a><ul><li><a class=\"aioseo-toc-item\" href=\"#aioseo-seek-medical-attention\">Busque atenci\u00f3n m\u00e9dica<\/a><\/li><li><a class=\"aioseo-toc-item\" href=\"#aioseo-report-the-accident\">Reportar el accidente<\/a><\/li><li><a class=\"aioseo-toc-item\" href=\"#aioseo-record-the-scene\">Grabar la escena<\/a><\/li><li><a class=\"aioseo-toc-item\" href=\"#aioseo-get-contact-information\">Obtener informaci\u00f3n de contacto<\/a><\/li><li><a class=\"aioseo-toc-item\" href=\"#aioseo-save-your-clothes\">Guarda tu ropa<\/a><\/li><li><a class=\"aioseo-toc-item\" href=\"#aioseo-avoid-discussing-the-incident\">Evite discutir el incidente<\/a><\/li><li><a class=\"aioseo-toc-item\" href=\"#aioseo-do-not-give-recorded-statements-or-sign-any-documents\">No dar declaraciones grabadas ni firmar ning\u00fan documento<\/a><\/li><\/ul><\/li><li><a class=\"aioseo-toc-item\" href=\"#aioseo-how-is-a-slip-fall-accident-proved-in-georgia\">\u00bfC\u00f3mo se prueba un accidente por resbal\u00f3n y ca\u00edda en Georgia?<\/a><\/li><li><a class=\"aioseo-toc-item\" href=\"#aioseo-how-is-liability-determined-in-a-smyrna-slip-fall-case\">\u00bfC\u00f3mo se determina la responsabilidad en un caso de resbal\u00f3n y ca\u00edda en Smyrna?<\/a><\/li><li><a class=\"aioseo-toc-item\" href=\"#aioseo-how-much-is-my-claim-worth\">\u00bfCu\u00e1nto vale mi reclamo?<\/a><\/li><li><a class=\"aioseo-toc-item\" href=\"#aioseo-are-the-time-limits-for-slip-fall-claims\">\u00bfCu\u00e1les son los plazos l\u00edmite para las reclamaciones por resbalones y ca\u00eddas?<\/a><\/li><li><a class=\"aioseo-toc-item\" href=\"#aioseo-hire-a-smyrna-slip-fall-accident-attorney-today\">\u00a1Contrate hoy a un abogado especializado en accidentes por resbalones y ca\u00eddas en Smyrna!<\/a><\/li><\/ul><\/div><\/div>\n\n\n\n<h2 class=\"wp-block-heading\" id=\"aioseo-common-slip-and-fall-accidents\">Accidentes comunes por resbalones y ca\u00eddas<\/h2>\n\n\n\n<p>El <strong><a href=\"https:\/\/www.cdc.gov\/falls\/facts.html\" target=\"_blank\" rel=\"noopener nofollow\">Centros para el Control y la Prevenci\u00f3n de Enfermedades<\/a><\/strong> Se informa que las ca\u00eddas son una de las principales causas de muerte por lesiones en personas mayores. Los accidentes por ca\u00eddas suelen ser graves y provocan lesiones como fracturas \u00f3seas, traumatismos craneoencef\u00e1licos y lesiones de la m\u00e9dula espinal. Por eso, los propietarios en Georgia tienen la obligaci\u00f3n legal de mantener sus propiedades seguras.<\/p>\n\n\n\n<p>Sin embargo, algunos a\u00fan no cumplen estas normas. Estas son algunas de las causas comunes de accidentes por resbalones y ca\u00eddas:<\/p>\n\n\n\n<ul class=\"wp-block-list\">\n<li>Pisos, pasillos o escaleras resbaladizos o mojados<\/li>\n\n\n\n<li>Secciones de pasillos y pasarelas en mal estado<\/li>\n\n\n\n<li>Condiciones clim\u00e1ticas como cuando no se retira la nieve con pala o no se agrega sal.<\/li>\n\n\n\n<li>Derrames dentro de hospitales, hogares de ancianos, centros comerciales, tiendas, etc., que no se limpian<\/li>\n\n\n\n<li>Mantenimiento inadecuado o fallas estructurales, que resultan en escalones desnivelados, escaleras, baches, alfombras rotas, aceras agrietadas o baldosas del piso rotas.<\/li>\n\n\n\n<li>Pasamanos faltantes en escaleras, escaleras da\u00f1adas, ascensores fuera de servicio, etc.<\/li>\n\n\n\n<li>No restringir las secciones afectadas ni colocar se\u00f1ales durante condiciones peligrosas<\/li>\n\n\n\n<li>La falta de instalaci\u00f3n de canaletas en el techo, dispositivos antideslizantes y desag\u00fces pluviales da lugar a condiciones peligrosas durante el mal tiempo.<\/li>\n\n\n\n<li>Residuos peligrosos que no se limpian, como ramas de \u00e1rboles o c\u00e9sped cortado.<\/li>\n<\/ul>\n\n\n\n<h2 class=\"wp-block-heading\" id=\"aioseo-how-a-smyrna-slip-and-fall-lawyer-can-help-with-your-case\">C\u00f3mo un abogado especializado en resbalones y ca\u00eddas de Smyrna puede ayudarle con su caso<\/h2>\n\n\n\n<p>Un abogado competente puede ayudarle de diversas maneras y ofrecerle la mejor oportunidad de obtener la mejor indemnizaci\u00f3n. El equipo de D\u00edaz &amp; Gaeta puede ayudarle con esto:<\/p>\n\n\n\n<h4 class=\"wp-block-heading\" id=\"aioseo-investigate-the-accident-and-collect-evidence\">Investigar el accidente y recopilar pruebas<\/h4>\n\n\n\n<p>Para presentar una reclamaci\u00f3n por resbal\u00f3n con \u00e9xito, debe demostrar que el propietario actu\u00f3 de manera negligente, lo que provoc\u00f3 el accidente y, por consiguiente, las lesiones. Esto es dif\u00edcil de lograr en la mayor\u00eda de los casos, pero un abogado con experiencia realizar\u00e1 una investigaci\u00f3n exhaustiva para demostrar que el propietario sab\u00eda o deber\u00eda haber sabido de la situaci\u00f3n peligrosa.<\/p>\n\n\n\n<p>Necesita pruebas s\u00f3lidas para construir un caso s\u00f3lido. Nuestros abogados competentes conocen las pruebas necesarias para casos de resbalones y ca\u00eddas, incluyendo grabaciones de c\u00e1maras de vigilancia y testimonios de testigos.<\/p>\n\n\n\n<h4 class=\"wp-block-heading\" id=\"aioseo-claim-evaluation\">Evaluaci\u00f3n de reclamaciones<\/h4>\n\n\n\n<p>Existen m\u00faltiples da\u00f1os disponibles en este tipo de reclamos. Da\u00f1os como las facturas m\u00e9dicas son f\u00e1ciles de calcular, mientras que otros, como la angustia emocional, el dolor y el sufrimiento, no son sencillos ni dif\u00edciles de calcular. Nuestro equipo sabr\u00e1 c\u00f3mo evaluar mejor su reclamo por resbal\u00f3n y ca\u00edda y el monto de la indemnizaci\u00f3n que puede solicitar.<\/p>\n\n\n\n<h4 class=\"wp-block-heading\" id=\"aioseo-dealing-with-the-insurance-company-and-litigation\">Trato con la compa\u00f1\u00eda de seguros y litigios<\/h4>\n\n\n\n<p>Cuando se trata de presentar una reclamaci\u00f3n por resbal\u00f3n y ca\u00edda, las aseguradoras no son sus aliadas. Intentan, en la medida de lo posible, evitar pagarle la cantidad total que le corresponde. Nuestros abogados conocen todas las estrategias que utilizan los peritos de seguros para reducir o rechazar las reclamaciones y los har\u00e1n responsables de pagarle la cantidad que le corresponde.<\/p>\n\n\n\n<p>Su abogado actuar\u00e1 como su defensor durante todo el proceso y representar\u00e1 sus mejores intereses. Si bien la mayor\u00eda de los casos se resuelven con un... <strong><a href=\"https:\/\/www.americanbar.org\/groups\/public_education\/resources\/law_issues_for_consumers\/injury_settle\/\" target=\"_blank\" rel=\"noopener nofollow\">asentamiento<\/a><\/strong>, Estamos bien preparados para luchar por usted en la corte si la compa\u00f1\u00eda de seguros no le ofrece una cantidad justa.<\/p>\n\n\n\n<h2 class=\"wp-block-heading\" id=\"aioseo-what-should-i-do-after-a-slip-fall-accident\">\u00bfQu\u00e9 debo hacer despu\u00e9s de un accidente por resbal\u00f3n y ca\u00edda?<\/h2>\n\n\n\n<p>Lo que haga despu\u00e9s de un resbal\u00f3n y ca\u00edda ser\u00e1 fundamental para determinar el monto de la indemnizaci\u00f3n que reciba en el futuro. Nuestro equipo sugiere lo siguiente:<\/p>\n\n\n\n<h4 class=\"wp-block-heading\" id=\"aioseo-seek-medical-attention\">Busque atenci\u00f3n m\u00e9dica<\/h4>\n\n\n\n<p>Debe visitar a un m\u00e9dico incluso si las lesiones no parecen graves. Algunos s\u00edntomas tardan d\u00edas en manifestarse y podr\u00eda haber sufrido lesiones internas que pueden poner en peligro su vida si no se atienden. Adem\u00e1s, visitar a un profesional m\u00e9dico servir\u00e1 como v\u00ednculo entre el incidente y sus lesiones, lo cual es un elemento que debe demostrar al presentar una reclamaci\u00f3n.<\/p>\n\n\n\n<h4 class=\"wp-block-heading\" id=\"aioseo-report-the-accident\">Reportar el accidente<\/h4>\n\n\n\n<p>Aseg\u00farese de informar el accidente al propietario o gerente inmediatamente despu\u00e9s de la ca\u00edda. Esto es para confirmar con ellos que el incidente ocurri\u00f3. Adem\u00e1s, aseg\u00farese de obtener una copia del informe del accidente para su abogado.<\/p>\n\n\n\n<h4 class=\"wp-block-heading\" id=\"aioseo-record-the-scene\">Grabar la escena<\/h4>\n\n\n\n<p>Es importante que capture la causa de la ca\u00edda y las lesiones sufridas mediante fotos y videos. Esto servir\u00e1 como prueba en el futuro.<\/p>\n\n\n\n<figure class=\"wp-block-image aligncenter\" style=\"margin-top:var(--wp--preset--spacing--20);margin-bottom:var(--wp--preset--spacing--20)\"><a href=\"https:\/\/dglawga.com\/wp-content\/uploads\/2022\/06\/Smyrna-slip-and-fall-lawyer-diaz.jpg\"><img loading=\"lazy\" decoding=\"async\" width=\"500\" height=\"333\" src=\"https:\/\/dglawga.com\/wp-content\/uploads\/2022\/06\/Smyrna-slip-and-fall-lawyer-diaz.jpg\" alt=\"Concepto de abogado de resbalones y ca\u00eddas en Smyrna, hombre con informe de accidente de resbal\u00f3n y ca\u00edda\" class=\"wp-image-2987\" srcset=\"https:\/\/dglawga.com\/wp-content\/uploads\/2022\/06\/Smyrna-slip-and-fall-lawyer-diaz.jpg 500w, https:\/\/dglawga.com\/wp-content\/uploads\/2022\/06\/Smyrna-slip-and-fall-lawyer-diaz-300x200.jpg 300w\" sizes=\"auto, (max-width: 500px) 100vw, 500px\" \/><\/a><\/figure>\n\n\n\n<h4 class=\"wp-block-heading\" id=\"aioseo-get-contact-information\">Obtener informaci\u00f3n de contacto<\/h4>\n\n\n\n<p>Obtenga la informaci\u00f3n de contacto del propietario o administrador de la propiedad, su compa\u00f1\u00eda de seguros y cualquier testigo del accidente.<\/p>\n\n\n\n<h4 class=\"wp-block-heading\" id=\"aioseo-save-your-clothes\">Guarda tu ropa<\/h4>\n\n\n\n<p>Querr\u00e1s guardar la ropa que usaste durante el incidente, ya que podr\u00eda servir como evidencia sustancial para demostrar que sufriste una lesi\u00f3n, particularmente si est\u00e1 rota o ensangrentada.<\/p>\n\n\n\n<h4 class=\"wp-block-heading\" id=\"aioseo-avoid-discussing-the-incident\">Evite discutir el incidente<\/h4>\n\n\n\n<p>Evite hablar de cualquier tema relacionado con su accidente y lesiones con nadie m\u00e1s que su abogado. Hablar del caso, especialmente en redes sociales, solo pone en riesgo la reclamaci\u00f3n y la indemnizaci\u00f3n que le corresponde.<\/p>\n\n\n\n<h4 class=\"wp-block-heading\" id=\"aioseo-do-not-give-recorded-statements-or-sign-any-documents\">No dar declaraciones grabadas ni firmar ning\u00fan documento<\/h4>\n\n\n\n<p>Evite firmar cualquier documento como un acuerdo de liberaci\u00f3n o dar declaraciones grabadas sin consultar primero con su abogado.<\/p>\n\n\n\n<h2 class=\"wp-block-heading\" id=\"aioseo-how-is-a-slip-fall-accident-proved-in-georgia\">\u00bfC\u00f3mo se prueba un accidente por resbal\u00f3n y ca\u00edda en Georgia?<\/h2>\n\n\n\n<p>Como se mencion\u00f3 anteriormente, los propietarios est\u00e1n obligados por ley a mantener sus propiedades con un nivel razonable de seguridad y a reparar cualquier peligro de manera oportuna. Sin embargo, cuando ocurre un accidente, puede ser dif\u00edcil demostrar que el propietario o administrador fue negligente o responsable de las lesiones.<\/p>\n\n\n\n<p>Suelen argumentar que usted fue parcial o totalmente responsable del incidente. En el estado de Georgia, debe demostrar lo siguiente para demostrar la negligencia y responsabilidad del propietario:<\/p>\n\n\n\n<ul class=\"wp-block-list\">\n<li>El propietario estaba al tanto de la situaci\u00f3n peligrosa o deber\u00eda haber sabido de ella.<\/li>\n\n\n\n<li>El propietario o gerente sab\u00eda sobre el peligro pero no tom\u00f3 las medidas necesarias para advertirle o repararlo.<\/li>\n\n\n\n<li>Usted no era consciente de la condici\u00f3n peligrosa, lo que significa que no hab\u00eda se\u00f1ales colocadas y no pudo verlo a tiempo.<\/li>\n<\/ul>\n\n\n\n<h2 class=\"wp-block-heading\" id=\"aioseo-how-is-liability-determined-in-a-smyrna-slip-fall-case\">\u00bfC\u00f3mo se determina la responsabilidad en un caso de resbal\u00f3n y ca\u00edda en Smyrna?<\/h2>\n\n\n\n<p>Para demostrar responsabilidad en casos de resbalones y ca\u00eddas en Smyrna, debe demostrar que desconoc\u00eda la existencia de la condici\u00f3n peligrosa que caus\u00f3 la lesi\u00f3n. Si el peligro era evidente o estaba a plena vista, puede ser dif\u00edcil demostrar que el due\u00f1o de la propiedad fue responsable de sus lesiones. Durante el proceso de reclamaci\u00f3n, es posible que se le hagan preguntas como:<\/p>\n\n\n\n<ul class=\"wp-block-list\">\n<li>\u00bfEl gerente o propietario proporcion\u00f3 alguna advertencia sobre la condici\u00f3n peligrosa que result\u00f3 en la lesi\u00f3n?<\/li>\n\n\n\n<li>\u00bfTen\u00eda usted alguna raz\u00f3n genuina para estar en el local en el momento del incidente?<\/li>\n\n\n\n<li>\u00bfParticip\u00f3 usted en alguna actividad que pudiera haber contribuido al incidente?<\/li>\n\n\n\n<li>\u00bfUn individuo razonablemente prudente en la misma situaci\u00f3n evitar\u00eda o detendr\u00eda la condici\u00f3n si no estuviera distra\u00eddo de alguna manera?<\/li>\n<\/ul>\n\n\n\n<p>Tenga en cuenta que en Georgia, una v\u00edctima de un accidente por resbal\u00f3n y ca\u00edda puede ser parcialmente responsable de las lesiones. Por ejemplo, si condujo imprudentemente o ignor\u00f3 las se\u00f1ales de advertencia, podr\u00eda considerarse negligencia. Seg\u00fan la ley estatal de negligencia comparativa, el monto de su indemnizaci\u00f3n se reducir\u00e1 seg\u00fan el porcentaje de su culpa.<\/p>\n\n\n\n<p>Por lo tanto, si se le declar\u00f3 responsable del incidente seg\u00fan la ley 20% y sus da\u00f1os totales ascienden a $50,000, solo tendr\u00e1 derecho a $40,000. Adem\u00e1s, recuerde que solo puede obtener una indemnizaci\u00f3n si su responsabilidad del incidente es menor que la 50%.<\/p>\n\n\n\n<h2 class=\"wp-block-heading\" id=\"aioseo-how-much-is-my-claim-worth\">\u00bfCu\u00e1nto vale mi reclamo?<\/h2>\n\n\n\n<p>Es natural preguntarse cu\u00e1nto dinero podr\u00eda recibir de su reclamaci\u00f3n. Cada caso es diferente y la \u00fanica manera de obtener una estimaci\u00f3n aproximada es consultando a un abogado. El equipo de Smyrna evaluar\u00e1 los detalles de su reclamaci\u00f3n, le informar\u00e1 si tiene un caso v\u00e1lido y le proporcionar\u00e1 un desglose completo de cu\u00e1nto puede esperar.<\/p>\n\n\n\n<h2 class=\"wp-block-heading\" id=\"aioseo-are-the-time-limits-for-slip-fall-claims\">\u00bfCu\u00e1les son los plazos l\u00edmite para las reclamaciones por resbalones y ca\u00eddas?<\/h2>\n\n\n\n<p>\u00a1S\u00ed! En Georgia, el <strong><a href=\"http:\/\/ga.elaws.us\/law\/section9-3-33\" target=\"_blank\" rel=\"noopener\">estatuto de limitaciones para reclamos por resbalones y ca\u00eddas<\/a><\/strong> Han pasado 2 a\u00f1os desde la fecha del accidente. Transcurrido este plazo, no tendr\u00e1 derecho a presentar una reclamaci\u00f3n.<\/p>\n\n\n\n<h2 class=\"wp-block-heading\" id=\"aioseo-hire-a-smyrna-slip-fall-accident-attorney-today\">\u00a1Contrate hoy a un abogado especializado en accidentes por resbalones y ca\u00eddas en Smyrna!<\/h2>\n\n\n\n<p>Si usted o un ser querido ha sufrido lesiones por un accidente de resbal\u00f3n y ca\u00edda, no tema ponerse en contacto con <strong><a href=\"https:\/\/dglawga.com\/es\/\">D\u00edaz y Gaeta<\/a><\/strong> Lo antes posible. Los accidentes por resbalones y ca\u00eddas suelen ser dif\u00edciles de demostrar, por lo que es recomendable que los expertos intervengan lo antes posible. Llame a nuestras oficinas al <a href=\"tel:+16785032780\"><strong>678-503-2780<\/strong><\/a> hoy para comenzar programando una consulta gratuita con un abogado especializado en resbalones y ca\u00eddas de Smyrna.<\/p>","protected":false},"excerpt":{"rendered":"<p>Accidents occur almost everywhere, but the thought of slipping, falling, and sustaining injury rarely crosses people\u2019s minds. Slips and falls tend to be overlooked, but according to the Center for Disease Control (CDC), they account for 21% of emergency room visits in the country. You can slip and fall anywhere, be it on a sidewalk, [&hellip;]<\/p>\n","protected":false},"author":34,"featured_media":0,"parent":1994,"menu_order":0,"comment_status":"closed","ping_status":"closed","template":"wp-custom-template-smyrna-services","meta":{"_acf_changed":false,"_themeisle_gutenberg_block_has_review":false,"footnotes":""},"categories":[51],"tags":[124,123,120,21,122,59,126,58,121,125,119,26,61,118,116,117],"class_list":["post-2014","page","type-page","status-publish","hentry","category-smyrna-location","tag-abogado-coche-acidente","tag-abogado-gratis","tag-attorney-lawyer","tag-car-accidents","tag-car-accidents-lawyer","tag-family-law","tag-imigracion-abogados","tag-immigration","tag-immigration-lawyer","tag-marietta-abogado","tag-marietta-lawyer","tag-personal-injury","tag-slip-and-fall","tag-top-lawyer-in-marietta","tag-top-lawyers-in-atlanta","tag-top-lawyers-in-smyrna"],"acf":[],"aioseo_notices":[],"_links":{"self":[{"href":"https:\/\/dglawga.com\/es\/wp-json\/wp\/v2\/pages\/2014","targetHints":{"allow":["GET"]}}],"collection":[{"href":"https:\/\/dglawga.com\/es\/wp-json\/wp\/v2\/pages"}],"about":[{"href":"https:\/\/dglawga.com\/es\/wp-json\/wp\/v2\/types\/page"}],"author":[{"embeddable":true,"href":"https:\/\/dglawga.com\/es\/wp-json\/wp\/v2\/users\/34"}],"replies":[{"embeddable":true,"href":"https:\/\/dglawga.com\/es\/wp-json\/wp\/v2\/comments?post=2014"}],"version-history":[{"count":4,"href":"https:\/\/dglawga.com\/es\/wp-json\/wp\/v2\/pages\/2014\/revisions"}],"predecessor-version":[{"id":8386,"href":"https:\/\/dglawga.com\/es\/wp-json\/wp\/v2\/pages\/2014\/revisions\/8386"}],"up":[{"embeddable":true,"href":"https:\/\/dglawga.com\/es\/wp-json\/wp\/v2\/pages\/1994"}],"wp:attachment":[{"href":"https:\/\/dglawga.com\/es\/wp-json\/wp\/v2\/media?parent=2014"}],"wp:term":[{"taxonomy":"category","embeddable":true,"href":"https:\/\/dglawga.com\/es\/wp-json\/wp\/v2\/categories?post=2014"},{"taxonomy":"post_tag","embeddable":true,"href":"https:\/\/dglawga.com\/es\/wp-json\/wp\/v2\/tags?post=2014"}],"curies":[{"name":"wp","href":"https:\/\/api.w.org\/{rel}","templated":true}]}}