{"id":2017,"date":"2022-06-07T17:40:31","date_gmt":"2022-06-07T17:40:31","guid":{"rendered":"https:\/\/diazgaetalaw.wpengine.com\/?page_id=2017"},"modified":"2025-06-15T09:52:01","modified_gmt":"2025-06-15T14:52:01","slug":"abogado-de-muerte-por-negligencia","status":"publish","type":"page","link":"https:\/\/dglawga.com\/es\/smyrna\/wrongful-death-lawyer\/","title":{"rendered":"Abogado de muerte por negligencia en Smyrna"},"content":{"rendered":"<p style=\"padding-top:0;padding-bottom:0\">Perder a un ser querido, especialmente de forma repentina, puede ser devastador. El dolor puede ser insoportable si un familiar falleci\u00f3 debido a la imprudencia o negligencia de un tercero.<\/p>\n\n\n\n<p style=\"padding-top:0;padding-bottom:0\">Afortunadamente, en <a href=\"https:\/\/dglawga.com\/es\/areas-a-las-que-prestamos-servicios\/\"><strong>Georgia<\/strong><\/a>, Puede buscar justicia presentando una demanda por homicidio culposo. Esto permite que los familiares sobrevivientes obtengan una compensaci\u00f3n econ\u00f3mica. Si bien ninguna cantidad de dinero puede reemplazar a un ser querido, la compensaci\u00f3n ayuda a cubrir los obst\u00e1culos financieros que conlleva la muerte inesperada de un familiar. Su abogado especializado en homicidio culposo en Smyrna le ayudar\u00e1 con su compensaci\u00f3n.<\/p>\n\n\n\n<p style=\"padding-top:0;padding-bottom:0\">Sin embargo, no es recomendable asumir la demanda solo. Deber\u00eda poder afrontar el duelo sin el estr\u00e9s de manejar el complejo proceso de reclamaci\u00f3n. Aqu\u00ed es donde entran en juego los abogados de muerte por negligencia de Diaz &amp; Gaeta en Smyrna.<\/p>\n\n\n\n<p style=\"padding-top:0;padding-bottom:0\">Contamos con amplia experiencia en este campo y trabajaremos con ah\u00ednco para obtener la compensaci\u00f3n que usted merece. Determinaremos el valor de su reclamaci\u00f3n y lucharemos para garantizar que obtenga justicia.<\/p>\n\n\n\n<p style=\"padding-top:0;padding-bottom:0\">Llama a nuestro <strong><a href=\"https:\/\/dglawga.com\/es\/esmirna\/abogado-de-lesiones-personales\/\">Abogados de lesiones personales en Smyrna<\/a><\/strong> Hoy a las <a href=\"tel:+16785032780\"><strong>678-503-2780<\/strong><\/a> \u00a1Para una consulta inicial gratuita!<\/p>\n\n\n\n<div class=\"wp-block-group has-accent-background-color has-background is-vertical is-layout-flex wp-container-core-group-is-layout-283d9697 wp-block-group-is-layout-flex\" style=\"border-top-left-radius:15px;border-top-right-radius:15px;margin-top:var(--wp--preset--spacing--30)\">\n<h2 class=\"wp-block-heading has-primary-color has-text-color has-link-color wp-elements-4164a61e17ffbe9e8a7446952ec87a5a\" id=\"aioseo-table-of-contents\">TABLA DE CONTENIDO<\/h2>\n<\/div>\n\n\n\n<div class=\"wp-block-group has-background is-vertical is-layout-flex wp-container-core-group-is-layout-d644fc7a wp-block-group-is-layout-flex\" style=\"border-bottom-left-radius:15px;border-bottom-right-radius:15px;background-color:#f3f3f3;margin-top:0\"><div class=\"wp-block-aioseo-table-of-contents\"><ul><li><a class=\"aioseo-toc-item\" href=\"#aioseo-what-is-wrongful-death\">\u00bfQu\u00e9 es la muerte por negligencia?<\/a><\/li><li><a class=\"aioseo-toc-item\" href=\"#aioseo-who-is-eligible-for-filing-a-wrongful-death-claim-in-georgia\">\u00bfQui\u00e9n es elegible para presentar un reclamo por muerte por negligencia en Georgia?<\/a><\/li><li><a class=\"aioseo-toc-item\" href=\"#aioseo-what-types-of-damages-can-be-recovered-from-a-wrongful-death-claim\">\u00bfQu\u00e9 tipos de da\u00f1os se pueden recuperar de un reclamo por muerte por negligencia?<\/a><ul><li><a class=\"aioseo-toc-item\" href=\"#aioseo-full-value-of-life-damages\">Da\u00f1os por valor total de vida<\/a><\/li><li><a class=\"aioseo-toc-item\" href=\"#aioseo-economic-value\">Valor econ\u00f3mico<\/a><\/li><li><a class=\"aioseo-toc-item\" href=\"#aioseo-non-economic-value\">Valor no econ\u00f3mico<\/a><\/li><li><a class=\"aioseo-toc-item\" href=\"#aioseo-medical-funeral-burial-and-other-expenses\">Gastos m\u00e9dicos, funerarios, de entierro y otros<\/a><\/li><\/ul><\/li><li><a class=\"aioseo-toc-item\" href=\"#aioseo-can-the-surviving-family-members-file-for-punitive-damages\">\u00bfPueden los familiares sobrevivientes solicitar da\u00f1os punitivos?<\/a><\/li><li><a class=\"aioseo-toc-item\" href=\"#aioseo-how-is-negligence-proven-in-a-wrongful-death-claim-in-georgia\">\u00bfC\u00f3mo se prueba la negligencia en un reclamo por muerte por negligencia en Georgia?<\/a><ul><li><a class=\"aioseo-toc-item\" href=\"#aioseo-duty-of-care\">Deber de cuidado<\/a><\/li><li><a class=\"aioseo-toc-item\" href=\"#aioseo-breach-of-duty-of-care\">Incumplimiento del deber de cuidado<\/a><\/li><li><a class=\"aioseo-toc-item\" href=\"#aioseo-causation\">Causalidad<\/a><\/li><li><a class=\"aioseo-toc-item\" href=\"#aioseo-damages\">Da\u00f1os y perjuicios<\/a><\/li><\/ul><\/li><li><a class=\"aioseo-toc-item\" href=\"#aioseo-how-do-you-start-a-wrongful-death-claim-in-georgia\">\u00bfC\u00f3mo iniciar un reclamo por muerte por negligencia en Georgia?<\/a><\/li><li><a class=\"aioseo-toc-item\" href=\"#aioseo-what-is-the-difference-between-a-wrongful-death-claim-an-estate-claim\">\u00bfCu\u00e1l es la diferencia entre un reclamo por muerte por negligencia y un reclamo por herencia?<\/a><\/li><li><a class=\"aioseo-toc-item\" href=\"#aioseo-contact-our-experienced-smyrna-wrongful-death-lawyers-today\">\u00a1P\u00f3ngase en contacto con nuestros abogados expertos en muerte por negligencia de Smyrna hoy mismo!<\/a><\/li><\/ul><\/div><\/div>\n\n\n\n<h2 class=\"wp-block-heading\" id=\"aioseo-what-is-wrongful-death\">\u00bfQu\u00e9 es la muerte por negligencia?<\/h2>\n\n\n\n<p>En el estado de Georgia, la muerte por negligencia se define como la muerte de un individuo como resultado de actos intencionales, imprudentes, criminales o negligentes de otra parte (empresa o persona).<\/p>\n\n\n\n<p>La negligencia en este sentido se produce cuando una parte no ejerce el cuidado razonable cuando existe el deber de hacerlo. Por eso es obligatorio probar la negligencia en una demanda por homicidio culposo.<\/p>\n\n\n\n<p>En Georgia, los posibles fundamentos legales para una demanda por muerte por negligencia incluyen:<\/p>\n\n\n\n<ul class=\"wp-block-list\">\n<li><a href=\"https:\/\/dglawga.com\/es\/esmirna\/abogado-de-responsabilidad-del-producto\/\"><strong>Productos defectuosos<\/strong><\/a><\/li>\n\n\n\n<li>Muertes por accidentes de peatones<\/li>\n\n\n\n<li>Actos criminales<\/li>\n\n\n\n<li>Servicio de alcohol indebido o ilegal<\/li>\n\n\n\n<li>Negligencia en residencias de ancianos<\/li>\n\n\n\n<li><strong><a href=\"https:\/\/dglawga.com\/es\/esmirna\/abogado-de-accidentes-de-coche\/\">Conducir bajo la influencia del alcohol<\/a><\/strong><\/li>\n\n\n\n<li>Mala praxis de ingenier\u00eda y construcci\u00f3n defectuosa.<\/li>\n<\/ul>\n\n\n\n<h2 class=\"wp-block-heading\" id=\"aioseo-who-is-eligible-for-filing-a-wrongful-death-claim-in-georgia\">\u00bfQui\u00e9n es elegible para presentar un reclamo por muerte por negligencia en Georgia?<\/h2>\n\n\n\n<p>La ley en el estado de Georgia es espec\u00edfica para las partes que <strong>calificar para presentar una demanda por muerte por negligencia<\/strong>. Seg\u00fan la Ley de Muerte por Negligencia de Georgia, los seres queridos del fallecido pueden presentar una demanda por muerte por negligencia.<\/p>\n\n\n\n<p>La primera persona autorizada a presentar una demanda por homicidio culposo en el estado es el c\u00f3nyuge del fallecido. Tambi\u00e9n puede representar los intereses de sus hijos ante el tribunal si los tuvo con el fallecido.<\/p>\n\n\n\n<p>Es importante tener en cuenta que el c\u00f3nyuge recibe al menos un tercio del dinero del acuerdo, independientemente del n\u00famero de hijos.<\/p>\n\n\n\n<p>Los hijos pueden presentar un reclamo si no hay un c\u00f3nyuge sobreviviente, seguidos por los padres del fallecido si no hay un c\u00f3nyuge sobreviviente o hijos del fallecido.<\/p>\n\n\n\n<p>Por \u00faltimo, el representante del patrimonio del fallecido puede presentar un reclamo si el fallecido no dej\u00f3 c\u00f3nyuge, hijos o padres sobrevivientes.<\/p>\n\n\n\n<p>El patrimonio retiene los da\u00f1os y los utiliza para los familiares m\u00e1s cercanos del fallecido si el reclamo por muerte injusta tiene \u00e9xito.<\/p>\n\n\n\n<h2 class=\"wp-block-heading\" id=\"aioseo-what-types-of-damages-can-be-recovered-from-a-wrongful-death-claim\">\u00bfQu\u00e9 tipos de da\u00f1os se pueden recuperar de un reclamo por muerte por negligencia?<\/h2>\n\n\n\n<p>Los seres queridos del fallecido pueden recuperar los siguientes tipos de da\u00f1os:<\/p>\n\n\n\n<h4 class=\"wp-block-heading\" id=\"aioseo-full-value-of-life-damages\">Da\u00f1os por valor total de vida<\/h4>\n\n\n\n<p>Este tipo de indemnizaci\u00f3n est\u00e1 dise\u00f1ada para valorar monetariamente la vida del fallecido. Es dif\u00edcil determinar el valor exacto, por lo que el jurado asigna una cantidad que considera justa. El valor total de la indemnizaci\u00f3n por da\u00f1os y perjuicios se puede dividir en dos:<\/p>\n\n\n\n<h4 class=\"wp-block-heading\" id=\"aioseo-economic-value\">Valor econ\u00f3mico<\/h4>\n\n\n\n<p>Esto implica la capacidad de generar ingresos del fallecido. Es f\u00e1cil calcular el total si el fallecido era trabajador. El valor econ\u00f3mico considera el tiempo restante en la fuerza laboral, las prestaciones, la pensi\u00f3n y el salario.<\/p>\n\n\n\n<p>Sin embargo, es dif\u00edcil calcular el total para un ni\u00f1o, una v\u00edctima desempleada, un padre o madre que se queda en casa o una persona mayor. En Georgia, creemos en valorar la vida de cada individuo. Por ello, el jurado manejar\u00e1 cada caso de forma diferente para otorgar la mejor compensaci\u00f3n posible.<\/p>\n\n\n\n<p>Adem\u00e1s, la ley de Georgia reconoce que asignar un valor monetario espec\u00edfico a la vida de una persona puede ser dif\u00edcil e inadecuado. Por lo tanto, en casos de homicidio culposo, el jurado puede usar su criterio y experiencia para determinar una indemnizaci\u00f3n adecuada por la p\u00e9rdida de la vida de la v\u00edctima y el impacto que ha tenido en sus familiares sobrevivientes.<\/p>\n\n\n\n<p>En Diaz &amp; Gaeta Law, nuestro experimentado equipo de abogados especializados en homicidio culposo en Smyrna comprende el impacto emocional que la p\u00e9rdida de un ser querido puede tener en usted y su familia. Nos comprometemos a luchar por la compensaci\u00f3n y la justicia que usted merece.<\/p>\n\n\n\n<h4 class=\"wp-block-heading\" id=\"aioseo-non-economic-value\">Valor no econ\u00f3mico<\/h4>\n\n\n\n<p>Esto tiene en cuenta que la vida de la v\u00edctima fue truncada. Por lo tanto, perder\u00e1 la oportunidad de vivir una vida plena y plena con sus seres queridos. Por lo tanto, el jurado otorga la indemnizaci\u00f3n que considera justa a los seres queridos del fallecido.<\/p>\n\n\n\n<p>Calcular los da\u00f1os no econ\u00f3micos puede ser complicado, ya que son subjetivos y dif\u00edciles de cuantificar. Sin embargo, el jurado puede considerar diversos factores, como la edad y el parentesco del fallecido con sus familiares supervivientes, as\u00ed como el impacto emocional y psicol\u00f3gico de la p\u00e9rdida.<\/p>\n\n\n\n<p>En Diaz &amp; Gaeta Law, nuestro equipo de abogados de muerte por negligencia en Smyrna tiene experiencia en el manejo de casos de muerte por negligencia y est\u00e1 dedicado a luchar por los derechos de nuestros clientes.<\/p>\n\n\n\n<h4 class=\"wp-block-heading\" id=\"aioseo-medical-funeral-burial-and-other-expenses\">Gastos m\u00e9dicos, funerarios, de entierro y otros<\/h4>\n\n\n\n<p>Estos da\u00f1os se otorgan para ayudar a los familiares del fallecido a cubrir los gastos m\u00e9dicos, funerarios, de entierro y otros gastos relacionados. En este sentido, debe hacer una lista de todos los gastos y entreg\u00e1rsela a su abogado de homicidio culposo en Smyrna, ya que los da\u00f1os relacionados suelen ser amplios.<\/p>\n\n\n\n<p>Si contrata a nuestro equipo podremos evaluar su lista y saber cu\u00e1nto puede recuperar por da\u00f1os.<\/p>\n\n\n\n<h2 class=\"wp-block-heading\" id=\"aioseo-can-the-surviving-family-members-file-for-punitive-damages\">\u00bfPueden los familiares sobrevivientes solicitar da\u00f1os punitivos?<\/h2>\n\n\n\n<p>La Ley de Muerte por Negligencia de Georgia no contempla los da\u00f1os punitivos. Por ello, los jueces interpretan la ley estrictamente y no permiten su concesi\u00f3n en demandas por muerte por negligencia.<\/p>\n\n\n\n<p>Sin embargo, es posible obtener da\u00f1os punitivos en una reclamaci\u00f3n de patrimonio. En este tipo de reclamaci\u00f3n, el patrimonio busca recuperar gastos como los gastos funerarios y las facturas m\u00e9dicas del fallecido.<\/p>\n\n\n\n<p>El patrimonio tambi\u00e9n puede reclamar da\u00f1os y perjuicios por dolor y sufrimiento del fallecido si \u00e9ste no falleci\u00f3 inmediatamente.<br>Incluso si el fallecido s\u00f3lo sobrevivi\u00f3 unos segundos, es posible reclamar da\u00f1os punitivos.<\/p>\n\n\n\n<p>De manera similar a los casos de lesiones personales, los da\u00f1os punitivos en reclamos sucesorios se otorgan cuando el tribunal decide que la parte culpable ten\u00eda la intenci\u00f3n de da\u00f1ar al fallecido o cuando mostr\u00f3 un desprecio extremo por el bienestar de los dem\u00e1s.<br>Las reclamaciones por da\u00f1os punitivos suelen ser dif\u00edciles de probar, por lo que necesitar\u00e1 un excelente abogado de su lado. Aqu\u00ed es donde el equipo de abogados de muerte por negligencia de Diaz &amp; Gaeta Law en Smyrna entra en escena.<\/p>\n\n\n\n<p>Entendemos los desaf\u00edos que implica probar una conducta intencional o temeraria, pero estamos comprometidos a luchar por la m\u00e1xima compensaci\u00f3n disponible para nuestros clientes.<\/p>\n\n\n\n<p>Nuestro equipo de abogados expertos en muerte por negligencia en Smyrna tiene el conocimiento, la experiencia y los recursos necesarios para investigar su caso a fondo, reunir pruebas y construir un caso s\u00f3lido en su nombre.<\/p>\n\n\n\n<p>Trabajamos incansablemente para garantizar que usted reciba una compensaci\u00f3n justa por sus p\u00e9rdidas, incluida la compensaci\u00f3n.<\/p>\n\n\n\n<figure class=\"wp-block-image aligncenter size-full\" style=\"margin-top:var(--wp--preset--spacing--20);margin-bottom:var(--wp--preset--spacing--20)\"><img loading=\"lazy\" decoding=\"async\" width=\"500\" height=\"333\" src=\"https:\/\/dglawga.com\/wp-content\/uploads\/2025\/06\/smyrna-wrongful-death-lawyer-diaz.jpg?wsr\" alt=\"\" class=\"wp-image-7680\" srcset=\"https:\/\/dglawga.com\/wp-content\/uploads\/2025\/06\/smyrna-wrongful-death-lawyer-diaz.jpg 500w, https:\/\/dglawga.com\/wp-content\/uploads\/2025\/06\/smyrna-wrongful-death-lawyer-diaz-300x200.jpg 300w\" sizes=\"auto, (max-width: 500px) 100vw, 500px\" \/><\/figure>\n\n\n\n<h2 class=\"wp-block-heading\" id=\"aioseo-how-is-negligence-proven-in-a-wrongful-death-claim-in-georgia\">\u00bfC\u00f3mo se prueba la negligencia en un reclamo por muerte por negligencia en Georgia?<\/h2>\n\n\n\n<p>Para obtener una compensaci\u00f3n por un caso de muerte por negligencia en Georgia, debe demostrar negligencia.<\/p>\n\n\n\n<p>Sin embargo, es m\u00e1s f\u00e1cil decirlo que hacerlo, especialmente si no cuenta con la representaci\u00f3n legal adecuada. Nuestros abogados de homicidio culposo en Smyrna saben c\u00f3mo demostrar la responsabilidad en estos casos.<\/p>\n\n\n\n<p>Es necesario demostrar los siguientes aspectos de negligencia para tener un caso v\u00e1lido de muerte por negligencia:<\/p>\n\n\n\n<h4 class=\"wp-block-heading\" id=\"aioseo-duty-of-care\">Deber de cuidado<\/h4>\n\n\n\n<p>En primer lugar, la parte responsable debe haber tenido un deber de cuidado hacia el fallecido. Por ejemplo, una residencia de ancianos tiene la responsabilidad de cuidar adecuadamente a sus residentes, y todos los conductores tienen la responsabilidad de cumplir con las leyes de tr\u00e1nsito.<\/p>\n\n\n\n<h4 class=\"wp-block-heading\" id=\"aioseo-breach-of-duty-of-care\">Incumplimiento del deber de cuidado<\/h4>\n\n\n\n<p>En segundo lugar, debe demostrar que la otra parte incumpli\u00f3 su deber de cuidado. Por ejemplo, un conductor que se salt\u00f3 un sem\u00e1foro en rojo o una residencia de ancianos que no imparti\u00f3 la formaci\u00f3n adecuada al personal.<\/p>\n\n\n\n<h4 class=\"wp-block-heading\" id=\"aioseo-causation\">Causalidad<\/h4>\n\n\n\n<p>En tercer lugar, debe presentar pruebas que demuestren la causa de la muerte. Debe demostrar que la muerte fue resultado de acciones imprudentes o negligentes del acusado. Esto implica encontrar pruebas s\u00f3lidas.<\/p>\n\n\n\n<h4 class=\"wp-block-heading\" id=\"aioseo-damages\">Da\u00f1os y perjuicios<\/h4>\n\n\n\n<p>En cuarto lugar, solo podr\u00e1 recibir una indemnizaci\u00f3n tras demostrar que el fallecido y su familia sufrieron da\u00f1os. Para ello, deber\u00e1 presentar pruebas de facturas m\u00e9dicas impagas, p\u00e9rdidas financieras inesperadas, gastos funerarios, etc.<\/p>\n\n\n\n<h2 class=\"wp-block-heading\" id=\"aioseo-how-do-you-start-a-wrongful-death-claim-in-georgia\">\u00bfC\u00f3mo iniciar un reclamo por muerte por negligencia en Georgia?<\/h2>\n\n\n\n<p>En primer lugar, debe asegurarse de estar dentro del plazo de prescripci\u00f3n. En el estado de Georgia, tiene un <a href=\"http:\/\/ga.elaws.us\/law\/section9-3-33\" target=\"_blank\" rel=\"noopener nofollow\"><strong>L\u00edmite de 2 a\u00f1os<\/strong><\/a> Desde la muerte de su ser querido hasta la fecha l\u00edmite para presentar una demanda por homicidio culposo. Transcurrido este plazo, la ley no le permite solicitar ninguna indemnizaci\u00f3n. Sus abogados de homicidio culposo en Smyrna le guiar\u00e1n en este proceso.<\/p>\n\n\n\n<p>Sin embargo, existen excepciones, sobre todo cuando hay un caso penal en curso que aborda los mismos hechos que el suyo. Esto resulta en una suspensi\u00f3n del plazo hasta que concluya el caso penal.<\/p>\n\n\n\n<p>Adem\u00e1s, en los casos en que el patrimonio del fallecido no haya sido homologado, el plazo podr\u00e1 incrementarse en 5 a\u00f1os.<br>Dadas las complicaciones que conllevan estos casos, contratar a un abogado especializado en homicidio culposo en Smyrna es la mejor opci\u00f3n. Le brindar\u00e1n asesoramiento legal y le dir\u00e1n si su caso prosperar\u00e1.<\/p>\n\n\n\n<p>Adem\u00e1s, investigar\u00e1n a fondo la causa de la muerte de su ser querido y crear\u00e1n un caso s\u00f3lido que demuestre la negligencia del acusado ante el tribunal.<\/p>\n\n\n\n<p>Adem\u00e1s, se asegurar\u00e1n de que usted cumpla con las leyes y siga el debido proceso para evitar cometer errores.<\/p>\n\n\n\n<p>Los reclamos por muerte por negligencia pueden ser complejos y emotivos, y es importante trabajar con un abogado de muerte por negligencia en Smyrna compasivo y experimentado que pueda ayudarlo a guiarlo a trav\u00e9s del proceso legal.<\/p>\n\n\n\n<p>Su abogado de muerte por negligencia en Smyrna puede ayudarlo a comprender sus derechos y opciones legales, reunir evidencia para respaldar su reclamo y defenderlo para garantizar que reciba una compensaci\u00f3n justa por sus p\u00e9rdidas.<\/p>\n\n\n\n<h2 class=\"wp-block-heading\" id=\"aioseo-what-is-the-difference-between-a-wrongful-death-claim-an-estate-claim\">\u00bfCu\u00e1l es la diferencia entre un reclamo por muerte por negligencia y un reclamo patrimonial?<\/h2>\n\n\n\n<p>Los seres queridos sobrevivientes presentan una demanda por homicidio culposo para obtener una compensaci\u00f3n por el valor de la vida de su ser querido. Por otro lado, la sucesi\u00f3n interpone una demanda para obtener una compensaci\u00f3n por los gastos monetarios asociados con el fallecimiento.<\/p>\n\n\n\n<p>En una reclamaci\u00f3n de herencia, el representante designado en el testamento del fallecido o designado por el tribunal debe presentar la reclamaci\u00f3n en nombre de la herencia. La indemnizaci\u00f3n por da\u00f1os y perjuicios que se solicita en una reclamaci\u00f3n de herencia puede incluir gastos m\u00e9dicos, gastos funerarios y de entierro, y cualquier otro gasto relacionado con el fallecimiento.<\/p>\n\n\n\n<p>En algunos casos, una reclamaci\u00f3n patrimonial tambi\u00e9n puede solicitar da\u00f1os punitivos si la conducta del demandado fue particularmente atroz. Los da\u00f1os punitivos tienen como objetivo castigar al demandado y disuadir conductas similares en el futuro.<\/p>\n\n\n\n<p>Es importante trabajar con nuestros abogados con experiencia en muerte por negligencia en Smyrna, quienes pueden ayudarlo a determinar qu\u00e9 reclamos son apropiados para su situaci\u00f3n y guiarlo a trav\u00e9s del proceso legal.<\/p>\n\n\n\n<p>En Diaz &amp; Gaeta Law, nuestros abogados se dedican a defender los derechos de nuestros clientes y a garantizar que reciban la compensaci\u00f3n y la justicia que merecen. Si ha perdido a un ser querido debido a la negligencia o el acto il\u00edcito de un tercero, comun\u00edquese con su abogado especializado en homicidio culposo en Smyrna para programar una consulta y hablar sobre sus opciones legales.<\/p>\n\n\n\n<h2 class=\"wp-block-heading\" id=\"aioseo-contact-our-experienced-smyrna-wrongful-death-lawyers-today\">\u00a1P\u00f3ngase en contacto con nuestros abogados expertos en muerte por negligencia de Smyrna hoy mismo!<\/h2>\n\n\n\n<p>Aceptar la p\u00e9rdida de un ser querido no es f\u00e1cil, especialmente si fue por la negligencia o las acciones intencionales de otra persona. Es a\u00fan peor saber que podr\u00eda haber sobrevivido. Un abogado con experiencia en homicidio culposo en Smyrna evaluar\u00e1 su caso y determinar\u00e1 si tiene una demanda s\u00f3lida por homicidio culposo.<\/p>\n\n\n\n<p>Si ha perdido a un ser querido debido a la negligencia o un acto il\u00edcito de otra parte, no dude en comunicarse con nosotros. <a href=\"\/es\/\"><strong>D\u00edaz &amp; Gaeta Law<\/strong><\/a> Para programar una consulta con uno de nuestros abogados expertos en homicidio culposo. Estamos aqu\u00ed para ayudarle a obtener la compensaci\u00f3n y la justicia que merece. Contacte a su abogado especializado en homicidio culposo en Smyrna. <br>en <a href=\"tel:+16785032780\"><strong>678-503-2780<\/strong><\/a> \u00a1hoy!<\/p>","protected":false},"excerpt":{"rendered":"<p>Losing a loved one, especially in a sudden fashion can be devastating. The pain can be unbearable if a family member passed away because of the reckless or negligent actions of another party. Thankfully, in Georgia, you can seek justice by filing a wrongful death claim. This allows surviving family members to get monetary compensation. [&hellip;]<\/p>\n","protected":false},"author":34,"featured_media":0,"parent":1994,"menu_order":0,"comment_status":"closed","ping_status":"closed","template":"wp-custom-template-smyrna-services","meta":{"_acf_changed":false,"_themeisle_gutenberg_block_has_review":false,"footnotes":""},"categories":[51],"tags":[124,123,120,21,122,59,126,58,121,125,119,26,118,116,117,28],"class_list":["post-2017","page","type-page","status-publish","hentry","category-smyrna-location","tag-abogado-coche-acidente","tag-abogado-gratis","tag-attorney-lawyer","tag-car-accidents","tag-car-accidents-lawyer","tag-family-law","tag-imigracion-abogados","tag-immigration","tag-immigration-lawyer","tag-marietta-abogado","tag-marietta-lawyer","tag-personal-injury","tag-top-lawyer-in-marietta","tag-top-lawyers-in-atlanta","tag-top-lawyers-in-smyrna","tag-wrongful-death"],"acf":[],"aioseo_notices":[],"_links":{"self":[{"href":"https:\/\/dglawga.com\/es\/wp-json\/wp\/v2\/pages\/2017","targetHints":{"allow":["GET"]}}],"collection":[{"href":"https:\/\/dglawga.com\/es\/wp-json\/wp\/v2\/pages"}],"about":[{"href":"https:\/\/dglawga.com\/es\/wp-json\/wp\/v2\/types\/page"}],"author":[{"embeddable":true,"href":"https:\/\/dglawga.com\/es\/wp-json\/wp\/v2\/users\/34"}],"replies":[{"embeddable":true,"href":"https:\/\/dglawga.com\/es\/wp-json\/wp\/v2\/comments?post=2017"}],"version-history":[{"count":15,"href":"https:\/\/dglawga.com\/es\/wp-json\/wp\/v2\/pages\/2017\/revisions"}],"predecessor-version":[{"id":8565,"href":"https:\/\/dglawga.com\/es\/wp-json\/wp\/v2\/pages\/2017\/revisions\/8565"}],"up":[{"embeddable":true,"href":"https:\/\/dglawga.com\/es\/wp-json\/wp\/v2\/pages\/1994"}],"wp:attachment":[{"href":"https:\/\/dglawga.com\/es\/wp-json\/wp\/v2\/media?parent=2017"}],"wp:term":[{"taxonomy":"category","embeddable":true,"href":"https:\/\/dglawga.com\/es\/wp-json\/wp\/v2\/categories?post=2017"},{"taxonomy":"post_tag","embeddable":true,"href":"https:\/\/dglawga.com\/es\/wp-json\/wp\/v2\/tags?post=2017"}],"curies":[{"name":"wp","href":"https:\/\/api.w.org\/{rel}","templated":true}]}}