{"id":2026,"date":"2022-06-07T17:44:05","date_gmt":"2022-06-07T17:44:05","guid":{"rendered":"https:\/\/diazgaetalaw.wpengine.com\/?page_id=2026"},"modified":"2025-06-15T09:51:16","modified_gmt":"2025-06-15T14:51:16","slug":"abogado-de-responsabilidad-del-producto","status":"publish","type":"page","link":"https:\/\/dglawga.com\/es\/smyrna\/product-liability-lawyer\/","title":{"rendered":"Abogado de responsabilidad por productos defectuosos en Smyrna"},"content":{"rendered":"<p>Los productos defectuosos son la causa de numerosas lesiones sin sentido e incluso la muerte de personas en Estados Unidos cada a\u00f1o, y Smyrna, Georgia, no es la excepci\u00f3n. Aun as\u00ed, los fabricantes tienen la obligaci\u00f3n de crear productos seguros para los consumidores y, cuando no lo hacen, sus productos pueden causar da\u00f1os a compradores inocentes como usted.<\/p>\n\n\n\n<p>Si usted o un ser querido sufri\u00f3 lesiones despu\u00e9s de usar un producto defectuoso, puede contar con los abogados de responsabilidad civil por productos defectuosos de Diaz &amp; Gaeta en Smyrna para ayudarle a determinar qui\u00e9n debe ser considerado responsable. Contamos con el conocimiento, las habilidades y los recursos para manejar incluso los casos m\u00e1s complejos. Ll\u00e1menos hoy mismo al <a href=\"tel:+16785032780\"><strong>678-503-2780<\/strong><\/a> para discutir sus opciones legales con un abogado experimentado <strong><a href=\"https:\/\/dglawga.com\/es\/esmirna\/abogado-de-lesiones-personales\/\">Abogado de lesiones personales en Smyrna<\/a><\/strong>.<\/p>\n\n\n\n<div class=\"wp-block-group has-accent-background-color has-background is-vertical is-layout-flex wp-container-core-group-is-layout-283d9697 wp-block-group-is-layout-flex\" style=\"border-top-left-radius:15px;border-top-right-radius:15px;margin-top:var(--wp--preset--spacing--30)\">\n<h2 class=\"wp-block-heading has-primary-color has-text-color has-link-color wp-elements-4164a61e17ffbe9e8a7446952ec87a5a\" id=\"aioseo-table-of-contents\">TABLA DE CONTENIDO<\/h2>\n<\/div>\n\n\n\n<div class=\"wp-block-group has-background is-vertical is-layout-flex wp-container-core-group-is-layout-d644fc7a wp-block-group-is-layout-flex\" style=\"border-bottom-left-radius:15px;border-bottom-right-radius:15px;background-color:#f3f3f3;margin-top:0\"><div class=\"wp-block-aioseo-table-of-contents\"><ul><li><a class=\"aioseo-toc-item\" href=\"#aioseo-georgia-laws-for-product-liability-cases\">Leyes de Georgia para casos de responsabilidad por productos<\/a><\/li><li><a class=\"aioseo-toc-item\" href=\"#aioseo-common-causes-for-legal-action\">Causas comunes de acci\u00f3n legal<\/a><ul><li><a class=\"aioseo-toc-item\" href=\"#aioseo-defective-design\">Dise\u00f1o defectuoso<\/a><\/li><li><a class=\"aioseo-toc-item\" href=\"#aioseo-manufacturing-defects\">Defectos de fabricaci\u00f3n<\/a><\/li><li><a class=\"aioseo-toc-item\" href=\"#aioseo-labeling-defects\">Defectos de etiquetado<\/a><\/li><\/ul><\/li><li><a class=\"aioseo-toc-item\" href=\"#aioseo-how-is-liability-determined\">\u00bfC\u00f3mo se determina la responsabilidad?<\/a><ul><li><a class=\"aioseo-toc-item\" href=\"#aioseo-strict-liability\">Responsabilidad estricta<\/a><\/li><li><a class=\"aioseo-toc-item\" href=\"#aioseo-negligence\">Negligencia<\/a><\/li><li><a class=\"aioseo-toc-item\" href=\"#aioseo-failure-to-warn\">Falta de advertencia<\/a><\/li><\/ul><\/li><li><a class=\"aioseo-toc-item\" href=\"#aioseo-who-can-be-held-responsible-for-my-damages\">\u00bfQui\u00e9n puede ser considerado responsable de mis da\u00f1os?<\/a><ul><li><a class=\"aioseo-toc-item\" href=\"#aioseo-manufacturer\">Fabricante<\/a><\/li><li><a class=\"aioseo-toc-item\" href=\"#aioseo-wholesaler\">Mayorista<\/a><\/li><li><a class=\"aioseo-toc-item\" href=\"#aioseo-retailer\">Detallista<\/a><\/li><li><a class=\"aioseo-toc-item\" href=\"#aioseo-hospital-or-medical-clinic\">Hospital o Cl\u00ednica M\u00e9dica<\/a><\/li><li><a class=\"aioseo-toc-item\" href=\"#aioseo-doctor\">Doctor<\/a><\/li><\/ul><\/li><li><a class=\"aioseo-toc-item\" href=\"#aioseo-contact-our-smyrna-product-liability-lawyers-for-help-today\">\u00a1Comun\u00edquese con nuestros abogados especializados en responsabilidad por productos de Smyrna para obtener ayuda hoy mismo!<\/a><\/li><\/ul><\/div><\/div>\n\n\n\n<h2 class=\"wp-block-heading\" id=\"aioseo-georgia-laws-for-product-liability-cases\" style=\"padding-top:var(--wp--preset--spacing--20)\">Leyes de Georgia para casos de responsabilidad por productos<\/h2>\n\n\n\n<p><a href=\"http:\/\/ga.elaws.us\/law\/section51-1-11\" target=\"_blank\" rel=\"noopener nofollow\"><strong>C\u00f3digo de Georgia, secci\u00f3n 51-1-11<\/strong><\/a> Describe detalladamente las leyes de responsabilidad por productos defectuosos del estado. El c\u00f3digo establece que las personas perjudicadas por productos defectuosos no est\u00e1n obligadas a presentar pruebas de su compra para presentar una demanda contra el fabricante.<\/p>\n\n\n\n<p>En Georgia, puede presentar una reclamaci\u00f3n en nombre de un ser querido o por lesiones sufridas al usar un producto prestado, incluso si no fue usted quien realiz\u00f3 la compra. Para que el tribunal falle a su favor en una demanda por responsabilidad del producto, deber\u00e1 demostrar cuatro elementos:<\/p>\n\n\n\n<ul class=\"wp-block-list\">\n<li>El producto ten\u00eda un defecto en el momento de la lesi\u00f3n.<\/li>\n\n\n\n<li>El defecto provoc\u00f3 una lesi\u00f3n o la muerte.<\/li>\n\n\n\n<li>El producto estaba esencialmente en las mismas condiciones en las que estaba cuando sali\u00f3 del fabricante.<\/li>\n\n\n\n<li>El producto se utiliz\u00f3 seg\u00fan lo previsto por el fabricante.<\/li>\n<\/ul>\n\n\n\n<p>En la mayor\u00eda de los casos, no tendr\u00e1 que demostrar que el fabricante actu\u00f3 de alguna manera negligentemente, lo que ocasion\u00f3 el incidente. Las leyes de responsabilidad civil estricta de Georgia responsabilizan estrictamente al fabricante por las lesiones causadas por un art\u00edculo defectuoso, independientemente de la negligencia.<\/p>\n\n\n\n<p>Hoy en d\u00eda, pr\u00e1cticamente cualquier persona lesionada por un producto defectuoso puede presentar una demanda por lesiones personales o muerte por negligencia en Georgia. Sin embargo, para que una reclamaci\u00f3n tenga \u00e9xito, se requiere un abogado con experiencia en responsabilidad por productos defectuosos, como los de Diaz &amp; Gaeta en Smyrna, GA.<\/p>\n\n\n\n<h2 class=\"wp-block-heading\" id=\"aioseo-common-causes-for-legal-action\" style=\"padding-top:var(--wp--preset--spacing--20)\">Causas comunes de acci\u00f3n legal<\/h2>\n\n\n\n<p>Los 3 tipos principales de defectos en un producto que pueden causar da\u00f1o a un consumidor y dar lugar a una causa de acci\u00f3n son:<\/p>\n\n\n\n<h4 class=\"wp-block-heading\" id=\"aioseo-defective-design\">Dise\u00f1o defectuoso<\/h4>\n\n\n\n<p>Un dise\u00f1o defectuoso significa que el producto en s\u00ed presenta un defecto fundamental en su dise\u00f1o. El producto est\u00e1 dise\u00f1ado de tal manera que no es seguro y puede causar da\u00f1os potenciales. El defecto en s\u00ed no se produjo durante la fabricaci\u00f3n, pero el dise\u00f1o del producto es en s\u00ed mismo peligroso, independientemente de si se fabric\u00f3 seg\u00fan las normas del fabricante.<\/p>\n\n\n\n<h4 class=\"wp-block-heading\" id=\"aioseo-manufacturing-defects\">Defectos de fabricaci\u00f3n<\/h4>\n\n\n\n<p>Los defectos de fabricaci\u00f3n significan que el dise\u00f1o del producto es seguro, pero el defecto se produjo en alg\u00fan punto de la cadena de producci\u00f3n. Esto significa que el dise\u00f1o del producto es correcto, pero se produjo un problema o falla durante el proceso de fabricaci\u00f3n. Otros productos del mismo dise\u00f1o, fabricados de la misma manera, son seguros, excepto este lote.<\/p>\n\n\n\n<h4 class=\"wp-block-heading\" id=\"aioseo-labeling-defects\">Defectos de etiquetado<\/h4>\n\n\n\n<p>Los defectos de etiquetado significan que el producto fue dise\u00f1ado de forma segura y no presenta defectos de fabricaci\u00f3n, pero no se advirti\u00f3 ni inform\u00f3 al consumidor sobre su correcta manipulaci\u00f3n o consumo, y el peligro potencial se manifiesta de otra manera. Los defectos de etiquetado se asocian principalmente con medicamentos o electrodom\u00e9sticos.<\/p>\n\n\n\n<h2 class=\"wp-block-heading\" id=\"aioseo-how-is-liability-determined\" style=\"padding-top:var(--wp--preset--spacing--20)\">\u00bfC\u00f3mo se determina la responsabilidad?<\/h2>\n\n\n\n<p>Para presentar una demanda por responsabilidad del producto en Smyrna, GA, primero deber\u00e1 demostrar que el producto era defectuoso y caus\u00f3 enfermedades o lesiones. Para determinar la responsabilidad, deber\u00e1 demostrar los siguientes fundamentos legales:<\/p>\n\n\n\n<h4 class=\"wp-block-heading\" id=\"aioseo-strict-liability\">Responsabilidad estricta<\/h4>\n\n\n\n<p><strong><a href=\"https:\/\/legal-dictionary.thefreedictionary.com\/strict+liability\" target=\"_blank\" rel=\"noopener\">Responsabilidad estricta<\/a><\/strong> Le permite obtener una indemnizaci\u00f3n de la parte culpable tras demostrar que el producto caus\u00f3 da\u00f1os y era defectuoso. La responsabilidad objetiva sigue vigente incluso si la parte culpable tom\u00f3 las precauciones razonables para garantizar la seguridad del producto.<\/p>\n\n\n\n<p>Siempre que se determine que el producto es irrazonablemente peligroso o defectuoso cuando llega al consumidor, el demandado ser\u00e1 responsable de los da\u00f1os asociados con su uso.<\/p>\n\n\n\n<figure class=\"wp-block-image aligncenter\" style=\"margin-top:var(--wp--preset--spacing--20);margin-bottom:var(--wp--preset--spacing--20)\"><a href=\"https:\/\/dglawga.com\/wp-content\/uploads\/2022\/06\/Smyrna-product-liability-lawyer-diaz.jpg\"><img loading=\"lazy\" decoding=\"async\" width=\"500\" height=\"375\" src=\"https:\/\/dglawga.com\/wp-content\/uploads\/2022\/06\/Smyrna-product-liability-lawyer-diaz.jpg\" alt=\"Abogado de responsabilidad por productos defectuosos en Smyrna\" class=\"wp-image-2969\" srcset=\"https:\/\/dglawga.com\/wp-content\/uploads\/2022\/06\/Smyrna-product-liability-lawyer-diaz.jpg 500w, https:\/\/dglawga.com\/wp-content\/uploads\/2022\/06\/Smyrna-product-liability-lawyer-diaz-300x225.jpg 300w\" sizes=\"auto, (max-width: 500px) 100vw, 500px\" \/><\/a><\/figure>\n\n\n\n<h4 class=\"wp-block-heading\" id=\"aioseo-negligence\">Negligencia<\/h4>\n\n\n\n<p>El elemento de negligencia se centra en las acciones del demandado. Si su reclamaci\u00f3n se basa en negligencia, cualquiera de las partes puede ser considerada responsable de los da\u00f1os si su negligencia o descuido hizo que el producto fuera irrazonablemente peligroso y defectuoso.<\/p>\n\n\n\n<p>Para que la parte culpable en un reclamo por responsabilidad del producto sea considerada responsable de los da\u00f1os por negligencia, deber\u00e1 demostrar lo siguiente:<\/p>\n\n\n\n<ul class=\"wp-block-list\">\n<li>El partido ten\u00eda con usted un deber de cuidado.<\/li>\n\n\n\n<li>El partido incumpli\u00f3 ese deber de cuidado.<\/li>\n\n\n\n<li>El incumplimiento del deber por parte del partido caus\u00f3 sus lesiones.<\/li>\n\n\n\n<li>Sufri\u00f3 da\u00f1os reales recuperables despu\u00e9s de usar el producto.<\/li>\n<\/ul>\n\n\n\n<h4 class=\"wp-block-heading\" id=\"aioseo-failure-to-warn\">Falta de advertencia<\/h4>\n\n\n\n<p>La ley de responsabilidad del producto de Georgia exige que fabricantes y proveedores incluyan advertencias f\u00e1ciles de entender en las etiquetas, que revelen cualquier peligro que pueda no ser inmediatamente evidente para el usuario final. Si los productos no advierten adecuadamente sobre los peligros o riesgos asociados a su uso, se habla de omisi\u00f3n de advertencia.<\/p>\n\n\n\n<p>Se espera que el manual del usuario incluido en el embalaje del producto, junto con las etiquetas de advertencia, sea claro y conciso. Adem\u00e1s, deben explicar todos los posibles peligros y riesgos asociados con su uso.<\/p>\n\n\n\n<h2 class=\"wp-block-heading\" id=\"aioseo-who-can-be-held-responsible-for-my-damages\" style=\"padding-top:var(--wp--preset--spacing--20)\">\u00bfQui\u00e9n puede ser considerado responsable de mis da\u00f1os?<\/h2>\n\n\n\n<p>En Georgia, las partes responsables de sus da\u00f1os en un caso de responsabilidad por productos defectuosos son todos los involucrados en la cadena de distribuci\u00f3n del producto, es decir, el recorrido que sigue el producto desde el fabricante hasta el consumidor. Esto incluye:<\/p>\n\n\n\n<h4 class=\"wp-block-heading\" id=\"aioseo-manufacturer\">Fabricante<\/h4>\n\n\n\n<p>Si el defecto se produjo durante el proceso de creaci\u00f3n del producto, la persona o empresa que lo fabric\u00f3 es responsable. Si varios fabricantes participaron en la creaci\u00f3n del producto o sus componentes, el fabricante responsable del defecto ser\u00e1 responsable.<\/p>\n\n\n\n<h4 class=\"wp-block-heading\" id=\"aioseo-wholesaler\">Mayorista<\/h4>\n\n\n\n<p>Los mayoristas y distribuidores son actores clave en la cadena de suministro y desempe\u00f1an un papel fundamental para que los productos lleguen a los clientes. Esto significa que es su responsabilidad garantizar que dichos productos sean seguros y pueden ser considerados responsables en caso de no serlo.<\/p>\n\n\n\n<h4 class=\"wp-block-heading\" id=\"aioseo-retailer\">Detallista<\/h4>\n\n\n\n<p>Un minorista que anuncia un art\u00edculo a la venta garantiza impl\u00edcitamente que es seguro y apto para su uso. Si un consumidor termina comprando un producto defectuoso, el vendedor (minorista) a\u00fan puede ser considerado responsable de los da\u00f1os, aunque no haya participado en su fabricaci\u00f3n.<\/p>\n\n\n\n<p>En el caso de productos m\u00e9dicos, hay otros dos grupos que pueden ser considerados responsables:<\/p>\n\n\n\n<h4 class=\"wp-block-heading\" id=\"aioseo-hospital-or-medical-clinic\">Hospital o Cl\u00ednica M\u00e9dica<\/h4>\n\n\n\n<p>Cualquier instalaci\u00f3n m\u00e9dica, incluido un hospital o cl\u00ednica que haya formado parte de la cadena de distribuci\u00f3n del producto, entre el fabricante del producto y usted, el consumidor, puede ser considerado responsable de sus lesiones o enfermedades.<\/p>\n\n\n\n<h4 class=\"wp-block-heading\" id=\"aioseo-doctor\">Doctor<\/h4>\n\n\n\n<p>Los m\u00e9dicos que recomiendan un producto m\u00e9dico pueden ser considerados responsables por no advertirle sobre los peligros y riesgos o por no brindarle instrucciones suficientes sobre c\u00f3mo utilizar correctamente el producto.<\/p>\n\n\n\n<h2 class=\"wp-block-heading\" id=\"aioseo-contact-our-smyrna-product-liability-lawyers-for-help-today\" style=\"padding-top:var(--wp--preset--spacing--20)\">\u00a1Comun\u00edquese con nuestros abogados especializados en responsabilidad por productos de Smyrna para obtener ayuda hoy mismo!<\/h2>\n\n\n\n<p>Si usted o un ser querido ha sufrido lesiones por un producto defectuoso, podr\u00eda reclamar una indemnizaci\u00f3n al fabricante, distribuidor o vendedor del producto. No se conforme con menos de lo que merece; por eso necesita la representaci\u00f3n de los abogados adecuados.<\/p>\n\n\n\n<p>Los abogados de responsabilidad por productos de Smyrna en <strong><a href=\"https:\/\/dglawga.com\/es\/\">D\u00edaz y Gaeta<\/a><\/strong> Tienen mucha experiencia en esta \u00e1rea del derecho de lesiones personales y saben c\u00f3mo negociar con la compa\u00f1\u00eda de seguros y tal vez incluso llevar su caso a juicio si es necesario.<\/p>\n\n\n\n<p>Ll\u00e1manos hoy al <a href=\"tel:+16785032780\"><strong>678-503-2780<\/strong><\/a> Para programar su consulta gratuita y sin compromiso, \u00a1le invitamos a conversar sobre las opciones legales disponibles! Esperamos su llamada.<\/p>","protected":false},"excerpt":{"rendered":"<p>Defective products are the source for numerous senseless injuries and even some deaths of people in the United States each year and Smyrna, GA isn\u2019t an exception. Still, manufacturers have an obligation to create products that are safe for consumers and when they fail to do so, their products may cause harm to innocent buyers [&hellip;]<\/p>\n","protected":false},"author":34,"featured_media":0,"parent":1994,"menu_order":0,"comment_status":"closed","ping_status":"closed","template":"wp-custom-template-smyrna-services","meta":{"_acf_changed":false,"_themeisle_gutenberg_block_has_review":false,"footnotes":""},"categories":[51],"tags":[55],"class_list":["post-2026","page","type-page","status-publish","hentry","category-smyrna-location","tag-product-liability"],"acf":[],"aioseo_notices":[],"_links":{"self":[{"href":"https:\/\/dglawga.com\/es\/wp-json\/wp\/v2\/pages\/2026","targetHints":{"allow":["GET"]}}],"collection":[{"href":"https:\/\/dglawga.com\/es\/wp-json\/wp\/v2\/pages"}],"about":[{"href":"https:\/\/dglawga.com\/es\/wp-json\/wp\/v2\/types\/page"}],"author":[{"embeddable":true,"href":"https:\/\/dglawga.com\/es\/wp-json\/wp\/v2\/users\/34"}],"replies":[{"embeddable":true,"href":"https:\/\/dglawga.com\/es\/wp-json\/wp\/v2\/comments?post=2026"}],"version-history":[{"count":2,"href":"https:\/\/dglawga.com\/es\/wp-json\/wp\/v2\/pages\/2026\/revisions"}],"predecessor-version":[{"id":7691,"href":"https:\/\/dglawga.com\/es\/wp-json\/wp\/v2\/pages\/2026\/revisions\/7691"}],"up":[{"embeddable":true,"href":"https:\/\/dglawga.com\/es\/wp-json\/wp\/v2\/pages\/1994"}],"wp:attachment":[{"href":"https:\/\/dglawga.com\/es\/wp-json\/wp\/v2\/media?parent=2026"}],"wp:term":[{"taxonomy":"category","embeddable":true,"href":"https:\/\/dglawga.com\/es\/wp-json\/wp\/v2\/categories?post=2026"},{"taxonomy":"post_tag","embeddable":true,"href":"https:\/\/dglawga.com\/es\/wp-json\/wp\/v2\/tags?post=2026"}],"curies":[{"name":"wp","href":"https:\/\/api.w.org\/{rel}","templated":true}]}}