{"id":2029,"date":"2022-06-07T17:44:39","date_gmt":"2022-06-07T17:44:39","guid":{"rendered":"https:\/\/diazgaetalaw.wpengine.com\/?page_id=2029"},"modified":"2025-06-15T09:56:04","modified_gmt":"2025-06-15T14:56:04","slug":"abogado-defensor-penal-2","status":"publish","type":"page","link":"https:\/\/dglawga.com\/es\/smyrna\/criminal-defense-lawyer\/","title":{"rendered":"Abogado de defensa penal de Smyrna"},"content":{"rendered":"<p>Encontrar un abogado penalista confiable en Smyrna, GA, es su principal responsabilidad cuando usted o un ser querido es acusado de un delito. El sistema de justicia penal en Georgia es bastante complejo, y necesita un abogado con buena reputaci\u00f3n y experiencia para desenvolverse en el sistema y proteger sus derechos legales. Muchas personas buscan en Google &quot;abogados de defensa penal en Smyrna&quot; cuando buscan al mejor candidato para llevar el caso. Una investigaci\u00f3n exhaustiva es crucial para encontrar al mejor abogado que defienda su caso.<\/p>\n\n\n\n<p>D\u00edaz &amp; Gaeta es tu consultor de confianza. <strong><a href=\"https:\/\/dglawga.com\/es\/esmirna\/\">bufete de abogados en Smyrna, GA<\/a><\/strong> Para gestionar su caso y minimizar el impacto de los cargos al m\u00e1ximo o incluso retirarlos por completo. La principal funci\u00f3n de nuestro abogado penalista es combatir los intentos del Estado de penalizarlo creando antecedentes penales permanentes.<\/p>\n\n\n\n<p>No tiene que pasar por esta dura experiencia solo cuando puede elegir al mejor abogado penalista para representar su caso. Cuando un abogado penalista de primera de D\u00edaz &amp; Gaeta lo representa, usted o su ser querido tienen la seguridad de que se har\u00e1 todo lo posible para defenderse.<\/p>\n\n\n\n<p>Los abogados de defensa penal de D\u00edaz &amp; Gaeta han logrado algunos de los mejores resultados posibles para sus clientes sin siquiera tener que acudir a un tribunal. Nuestro equipo de expertos logra esto mediante un an\u00e1lisis minucioso y una preparaci\u00f3n exhaustiva. Hemos ayudado a muchos clientes que enfrentan cargos penales con gran conocimiento, respeto y comprensi\u00f3n de las leyes estatales, federales y locales.<\/p>\n\n\n\n<p>Llame a D\u00edaz &amp; Gaeta hoy al <a href=\"tel:+16785032780\"><strong>678-503-2780<\/strong><\/a> para programar su consulta gratuita.<\/p>\n\n\n\n<div class=\"wp-block-group has-accent-background-color has-background is-vertical is-layout-flex wp-container-core-group-is-layout-283d9697 wp-block-group-is-layout-flex\" style=\"border-top-left-radius:15px;border-top-right-radius:15px;margin-top:var(--wp--preset--spacing--30)\">\n<h2 class=\"wp-block-heading has-primary-color has-text-color has-link-color wp-elements-4164a61e17ffbe9e8a7446952ec87a5a\" id=\"aioseo-table-of-contents\">TABLA DE CONTENIDO<\/h2>\n<\/div>\n\n\n\n<div class=\"wp-block-group has-background is-vertical is-layout-flex wp-container-core-group-is-layout-d644fc7a wp-block-group-is-layout-flex\" style=\"border-bottom-left-radius:15px;border-bottom-right-radius:15px;background-color:#f3f3f3;margin-top:0\"><div class=\"wp-block-aioseo-table-of-contents\"><ul><li><a class=\"aioseo-toc-item\" href=\"#aioseo-what-are-your-rights-as-a-criminal-defendant-in-georgia\">\u00bfCu\u00e1les son sus derechos como acusado penalmente en Georgia?<\/a><ul><li><a class=\"aioseo-toc-item\" href=\"#aioseo-the-right-to-remain-silent\">El derecho a permanecer en silencio<\/a><\/li><li><a class=\"aioseo-toc-item\" href=\"#aioseo-the-right-to-confront-witnesses\">El derecho a confrontar a los testigos<\/a><\/li><li><a class=\"aioseo-toc-item\" href=\"#aioseo-the-right-to-a-jury-trial\">El derecho a un juicio por jurado<\/a><\/li><li><a class=\"aioseo-toc-item\" href=\"#aioseo-the-right-to-adequate-representation-by-an-attorney\">El derecho a una representaci\u00f3n adecuada por un abogado<\/a><\/li><\/ul><\/li><li><a class=\"aioseo-toc-item\" href=\"#aioseo-what-is-a-misdemeanor-vs-a-felony-in-georgia\">\u00bfQu\u00e9 es un delito menor frente a un delito grave en Georgia?<\/a><\/li><li><a class=\"aioseo-toc-item\" href=\"#aioseo-should-i-consult-a-lawyer-before-speaking-to-police\">\u00bfDebo consultar a un abogado antes de hablar con la polic\u00eda?<\/a><\/li><li><a class=\"aioseo-toc-item\" href=\"#aioseo-what-is-the-habitual-offender-law\">\u00bfQu\u00e9 es la Ley del Delincuente Habitual?<\/a><\/li><li><a class=\"aioseo-toc-item\" href=\"#aioseo-how-can-a-smyrna-criminal-defense-lawyer-help-me\">\u00bfC\u00f3mo puede ayudarme un abogado de defensa penal de Smyrna?<\/a><\/li><li><a class=\"aioseo-toc-item\" href=\"#aioseo-what-is-the-cost-of-legal-representation\">\u00bfCu\u00e1l es el costo de la representaci\u00f3n legal?<\/a><\/li><li><a class=\"aioseo-toc-item\" href=\"#aioseo-is-there-a-benefit-to-having-a-private-attorney-vs-a-court-appointed-attorney\">\u00bfExiste alg\u00fan beneficio en tener un abogado privado en lugar de un abogado designado por el tribunal?<\/a><\/li><li><a class=\"aioseo-toc-item\" href=\"#aioseo-can-you-represent-yourself\">\u00bfPuedes representarte a ti mismo?<\/a><\/li><li><a class=\"aioseo-toc-item\" href=\"#aioseo-should-i-accept-a-plea-bargain\">\u00bfDebo aceptar un acuerdo con la fiscal\u00eda?<\/a><\/li><li><a class=\"aioseo-toc-item\" href=\"#aioseo-appealing-a-conviction-in-georgia\">Apelar una condena en Georgia<\/a><\/li><li><a class=\"aioseo-toc-item\" href=\"#aioseo-call-our-smyrna-criminal-defense-lawyers-today\">\u00a1Llame hoy a nuestros abogados de defensa penal de Smyrna!<\/a><\/li><\/ul><\/div><\/div>\n\n\n\n<h2 class=\"wp-block-heading\" id=\"aioseo-what-are-your-rights-as-a-criminal-defendant-in-georgia\">\u00bfCu\u00e1les son sus derechos como acusado penalmente en Georgia?<\/h2>\n\n\n\n<p>Si ha sido arrestado por un posible delito, quiz\u00e1s se pregunte qu\u00e9 derechos tiene. La Constituci\u00f3n de los Estados Unidos otorga numerosos derechos a los acusados de delitos penales. Estos son los derechos m\u00e1s importantes que tiene un acusado de un delito penal en Georgia:<\/p>\n\n\n\n<h4 class=\"wp-block-heading\" id=\"aioseo-the-right-to-remain-silent\">El derecho a permanecer en silencio<\/h4>\n\n\n\n<p>Esto forma parte de los Derechos Miranda que el agente del orden p\u00fablico podr\u00eda leerle al momento de su arresto. A continuaci\u00f3n, le explicamos c\u00f3mo ejercer correctamente el derecho a guardar silencio. En primer lugar, una vez que solicite un abogado, la polic\u00eda debe dejar de hablarle. En segundo lugar, puede invocar el derecho de la Quinta Enmienda, que establece que el acusado no tiene que testificar ni incriminarse a s\u00ed mismo.<\/p>\n\n\n\n<h4 class=\"wp-block-heading\" id=\"aioseo-the-right-to-confront-witnesses\">El derecho a confrontar a los testigos<\/h4>\n\n\n\n<p>La Sexta Enmienda le permite confrontar a cualquier testigo en su contra durante el juicio. Los testigos deben ser examinados por el jurado y tener derecho a ser contrainterrogados por el abogado del acusado.<\/p>\n\n\n\n<h4 class=\"wp-block-heading\" id=\"aioseo-the-right-to-a-jury-trial\">El derecho a un juicio por jurado<\/h4>\n\n\n\n<p>La Sexta Enmienda tambi\u00e9n otorga al acusado el derecho a un juicio por jurado. Permite que sea juzgado por un grupo de pares, en lugar de solo por el tribunal.<\/p>\n\n\n\n<h4 class=\"wp-block-heading\" id=\"aioseo-the-right-to-adequate-representation-by-an-attorney\">El derecho a una representaci\u00f3n adecuada por un abogado<\/h4>\n\n\n\n<p>Tiene derecho a contratar un abogado para que se encargue de su caso. Si no puede costearlo, los tribunales deber\u00edan asignarle un abogado cualificado para que lo represente. De hecho, adem\u00e1s de contratar un abogado, tambi\u00e9n tiene derecho a una representaci\u00f3n adecuada por parte de \u00e9l.<\/p>\n\n\n\n<h2 class=\"wp-block-heading\" id=\"aioseo-what-is-a-misdemeanor-vs-a-felony-in-georgia\">\u00bfQu\u00e9 es un delito menor frente a un delito grave en Georgia?<\/h2>\n\n\n\n<p>La diferencia entre un delito menor y un delito grave en Georgia radica en ser acusado de un delito menos grave o de uno m\u00e1s grave. De hecho, un delito menor es una infracci\u00f3n menor, mientras que un delito grave es una infracci\u00f3n m\u00e1s grave.<\/p>\n\n\n\n<p>A <a href=\"https:\/\/casetext.com\/statute\/code-of-georgia\/title-17-criminal-procedure\/chapter-10-sentence-and-punishment\/article-1-procedure-for-sentencing-and-imposition-of-punishment\/section-17-10-3-punishment-for-misdemeanors-generally\" target=\"_blank\" rel=\"noopener nofollow\">delito<\/a> En el estado de Georgia, la multa m\u00e1xima es de $1000 y la pena m\u00e1xima es de 12 meses de c\u00e1rcel. La multa var\u00eda seg\u00fan el delito cometido. Los delitos menores suelen clasificarse seg\u00fan la gravedad del delito. Los delitos menores graves y agravados conllevan penas m\u00e1s severas que los delitos menores simples: podr\u00eda recibir una multa de hasta $5000 o m\u00e1s por delitos graves.<\/p>\n\n\n\n<p>Por otro lado, en Georgia, un delito grave conlleva una pena de m\u00e1s de 12 meses. La mayor\u00eda de los delitos graves en el estado conllevan penas de entre 1 y 20 a\u00f1os de prisi\u00f3n.<\/p>\n\n\n\n<h2 class=\"wp-block-heading\" id=\"aioseo-should-i-consult-a-lawyer-before-speaking-to-police\">\u00bfDebo consultar a un abogado antes de hablar con la polic\u00eda?<\/h2>\n\n\n\n<p>Los casos de defensa penal son complejos. Siempre debe consultar con un abogado antes de hablar con la polic\u00eda si se le acusa de un delito penal. Estas demandas deben manejarse con sumo cuidado, ya que si dice algo incorrecto durante el arresto, podr\u00eda ser utilizado en su contra ante un tribunal.<\/p>\n\n\n\n<p>Un abogado penalista calificado y con experiencia en Smyrna le asesorar\u00e1 sobre qu\u00e9 decir y qu\u00e9 no decir a la polic\u00eda. Los abogados penalistas de Diaz &amp; Gaeta pueden ayudarle a minimizar el impacto de los cargos o incluso a retirarlos por completo.<\/p>\n\n\n\n<h2 class=\"wp-block-heading\" id=\"aioseo-what-is-the-habitual-offender-law\">\u00bfQu\u00e9 es la Ley del Delincuente Habitual?<\/h2>\n\n\n\n<p>La ley de delincuentes habituales permite a un juez imponer una pena m\u00e1s grave a <a href=\"https:\/\/casetext.com\/statute\/code-of-georgia\/title-17-criminal-procedure\/chapter-10-sentence-and-punishment\/article-1-procedure-for-sentencing-and-imposition-of-punishment\/section-17-10-7-punishment-of-repeat-offenders-punishment-and-eligibility-for-parole-of-persons-convicted-of-fourth-felony-offense\" target=\"_blank\" rel=\"noopener nofollow\">reincidentes<\/a>. De hecho, seg\u00fan esta ley, las sentencias ser\u00e1n m\u00e1s severas seg\u00fan los delitos que cometa. La ley de Georgia define a un delincuente reincidente como cualquier persona que haya sido condenada por al menos tres delitos graves en los \u00faltimos cinco a\u00f1os.<\/p>\n\n\n\n<figure class=\"wp-block-image aligncenter\" style=\"margin-top:var(--wp--preset--spacing--20);margin-bottom:var(--wp--preset--spacing--20)\"><a href=\"https:\/\/dglawga.com\/wp-content\/uploads\/2022\/06\/Smyrna-criminal-defense-lawyer-diaz.jpg\"><img loading=\"lazy\" decoding=\"async\" width=\"500\" height=\"333\" src=\"https:\/\/dglawga.com\/wp-content\/uploads\/2022\/06\/Smyrna-criminal-defense-lawyer-diaz.jpg\" alt=\"Concepto de abogado defensor penal de Smyrna, juez con mazo y esposas\" class=\"wp-image-2974\" srcset=\"https:\/\/dglawga.com\/wp-content\/uploads\/2022\/06\/Smyrna-criminal-defense-lawyer-diaz.jpg 500w, https:\/\/dglawga.com\/wp-content\/uploads\/2022\/06\/Smyrna-criminal-defense-lawyer-diaz-300x200.jpg 300w\" sizes=\"auto, (max-width: 500px) 100vw, 500px\" \/><\/a><\/figure>\n\n\n\n<p><\/p>\n\n\n\n<h2 class=\"wp-block-heading\" id=\"aioseo-how-can-a-smyrna-criminal-defense-lawyer-help-me\">\u00bfC\u00f3mo puede ayudarme un abogado de defensa penal de Smyrna?<\/h2>\n\n\n\n<p>Enfrentar un cargo penal es una perspectiva aterradora para cualquier ciudadano de Georgia. La mayor\u00eda de los acusados no saben qu\u00e9 hacer en tales circunstancias. La mejor manera de enfrentar un cargo penal es trabajar con un abogado defensor penal confiable y con experiencia en Smyrna, GA.<\/p>\n\n\n\n<p>As\u00ed es como un abogado puede ayudarle cuando enfrenta cargos criminales en Smyrna, GA:<\/p>\n\n\n\n<ul class=\"wp-block-list\">\n<li><strong>Preparaci\u00f3n del caso<\/strong> \u2013 Un buen abogado puede ayudarle a preparar su caso de manera adecuada y eficaz entrevistando a testigos y presentando los documentos correctos.<\/li>\n\n\n\n<li><strong>Acuerdos de culpabilidad<\/strong> Los acuerdos de culpabilidad son una forma de resolver un caso. Se trata de un acuerdo previo al juicio entre el acusado y la fiscal\u00eda (el estado de Georgia).<\/li>\n\n\n\n<li><strong>Capacidad para evaluar los resultados de los casos<\/strong> \u2013 Los abogados defensores penales han manejado cientos de casos penales y est\u00e1n en condiciones de evaluar el resultado de su caso.<\/li>\n\n\n\n<li><strong>Conocimiento de la ley y las normas judiciales<\/strong> \u2013 Conocen las leyes penales y las normas judiciales de Georgia.<\/li>\n\n\n\n<li><strong>Experiencia de prueba<\/strong> \u2013 El equipo de abogados de defensa penal de D\u00edaz &amp; Gaeta cuenta con amplia experiencia en juicios para llevar su caso a juicio si es necesario.<\/li>\n<\/ul>\n\n\n\n<h2 class=\"wp-block-heading\" id=\"aioseo-what-is-the-cost-of-legal-representation\">\u00bfCu\u00e1l es el costo de la representaci\u00f3n legal?<\/h2>\n\n\n\n<p>Todos los casos penales son diferentes. El precio que puede esperar pagar por un abogado defensor penal privado var\u00eda seg\u00fan diversos factores, como el tipo de caso, la gravedad del delito, la experiencia del abogado y su situaci\u00f3n financiera. Si su caso llega a juicio, terminar\u00e1 pagando m\u00e1s.<\/p>\n\n\n\n<p>Pero en general, si no puede pagar su propio abogado defensor penal, a\u00fan tiene derecho a un defensor p\u00fablico.<\/p>\n\n\n\n<h2 class=\"wp-block-heading\" id=\"aioseo-is-there-a-benefit-to-having-a-private-attorney-vs-a-court-appointed-attorney\">\u00bfExiste alg\u00fan beneficio en tener un abogado privado en lugar de un abogado designado por el tribunal?<\/h2>\n\n\n\n<p>S\u00ed. Los abogados privados no son designados por el tribunal. Son seleccionados personalmente por el acusado o su familia. De hecho, un abogado privado debe confiar en la satisfacci\u00f3n de sus clientes para mantener su negocio y su reputaci\u00f3n. Esto le incentivar\u00e1 a mejorar su trabajo para satisfacer al cliente.<\/p>\n\n\n\n<h2 class=\"wp-block-heading\" id=\"aioseo-can-you-represent-yourself\">\u00bfPuedes representarte a ti mismo?<\/h2>\n\n\n\n<p>En un caso penal, si no puede pagar un abogado, el tribunal le asignar\u00e1 uno para que se encargue de su caso (defensor p\u00fablico). Pero en un caso civil, si no puede contratar a un abogado, puede representarse a s\u00ed mismo ante un tribunal. No tiene derecho a un abogado de oficio en una demanda civil.<\/p>\n\n\n\n<h2 class=\"wp-block-heading\" id=\"aioseo-should-i-accept-a-plea-bargain\">\u00bfDebo aceptar un acuerdo con la fiscal\u00eda?<\/h2>\n\n\n\n<p>Su abogado defensor penal es la persona m\u00e1s indicada para aconsejarle que acepte un acuerdo con la fiscal\u00eda. Le recomendar\u00e1 que lo acepte solo si le conviene. Si el fiscal no le ofrece un acuerdo, su abogado defensor penal puede lograr que se reduzcan los cargos en su contra mediante un acuerdo con la fiscal\u00eda. Esto le ayudar\u00e1 a evitar cargos y sanciones m\u00e1s graves.<\/p>\n\n\n\n<h2 class=\"wp-block-heading\" id=\"aioseo-appealing-a-conviction-in-georgia\">Apelar una condena en Georgia<\/h2>\n\n\n\n<p>Si no est\u00e1 satisfecho con la decisi\u00f3n, puede presentar una apelaci\u00f3n. Los casos de asesinato se apelan ante el <strong><a href=\"https:\/\/www.gasupreme.us\/\" target=\"_blank\" rel=\"noopener\">Corte Suprema de Georgia<\/a><\/strong> Mientras que otros casos penales son apelados ante la <a href=\"https:\/\/www.gaappeals.us\/\" target=\"_blank\" rel=\"noopener\"><strong>Tribunal de Apelaciones<\/strong><\/a>. A continuaci\u00f3n, se presentan algunos casos en los que puede apelar una condena en Georgia:<\/p>\n\n\n\n<ul class=\"wp-block-list\">\n<li>Mala representaci\u00f3n en el juicio.<\/li>\n\n\n\n<li>Irregularidades del jurado.<\/li>\n\n\n\n<li>Veredictos parciales\/inconsistentes o problemas de divulgaci\u00f3n.<\/li>\n\n\n\n<li>Errores o mala conducta del juez de primera instancia.<\/li>\n<\/ul>\n\n\n\n<h2 class=\"wp-block-heading\" id=\"aioseo-call-our-smyrna-criminal-defense-lawyers-today\">\u00a1Llame hoy a nuestros abogados de defensa penal de Smyrna!<\/h2>\n\n\n\n<p>Si usted o un familiar es acusado de un delito penal en Smyrna, GA, deber\u00eda contratar al mejor abogado penalista de la regi\u00f3n para que lo represente. Si no puede costear un abogado, el tribunal le asignar\u00e1 un defensor p\u00fablico. Sin embargo, un defensor p\u00fablico podr\u00eda no ofrecer el mismo servicio que un abogado penalista privado.<\/p>\n\n\n\n<p>Los abogados de <strong><a href=\"https:\/\/dglawga.com\/es\/\">D\u00edaz y Gaeta<\/a><\/strong> Siempre estamos listos para representar su caso y minimizar el impacto de los cargos, o incluso retirarlos por completo. Llame a D\u00edaz &amp; Gaeta hoy mismo al <a href=\"tel:+16785032780\"><strong>678-503-2780<\/strong><\/a> para defender sus cargos criminales en Smyrna, GA.<\/p>","protected":false},"excerpt":{"rendered":"<p>Finding a reliable criminal defense attorney in Smyrna, GA is your #1 task when you or a loved one is charged with a criminal offense. The criminal justice system in Georgia is quite complex, and you need a reputable and experienced lawyer to navigate the system and protect your legal rights in the process. Many [&hellip;]<\/p>\n","protected":false},"author":34,"featured_media":0,"parent":1994,"menu_order":0,"comment_status":"closed","ping_status":"closed","template":"wp-custom-template-smyrna-services","meta":{"_acf_changed":false,"_themeisle_gutenberg_block_has_review":false,"footnotes":""},"categories":[51],"tags":[124,123,120,21,122,57,59,126,58,121,125,119,26,118,116,117],"class_list":["post-2029","page","type-page","status-publish","hentry","category-smyrna-location","tag-abogado-coche-acidente","tag-abogado-gratis","tag-attorney-lawyer","tag-car-accidents","tag-car-accidents-lawyer","tag-criminal-defense","tag-family-law","tag-imigracion-abogados","tag-immigration","tag-immigration-lawyer","tag-marietta-abogado","tag-marietta-lawyer","tag-personal-injury","tag-top-lawyer-in-marietta","tag-top-lawyers-in-atlanta","tag-top-lawyers-in-smyrna"],"acf":[],"aioseo_notices":[],"_links":{"self":[{"href":"https:\/\/dglawga.com\/es\/wp-json\/wp\/v2\/pages\/2029","targetHints":{"allow":["GET"]}}],"collection":[{"href":"https:\/\/dglawga.com\/es\/wp-json\/wp\/v2\/pages"}],"about":[{"href":"https:\/\/dglawga.com\/es\/wp-json\/wp\/v2\/types\/page"}],"author":[{"embeddable":true,"href":"https:\/\/dglawga.com\/es\/wp-json\/wp\/v2\/users\/34"}],"replies":[{"embeddable":true,"href":"https:\/\/dglawga.com\/es\/wp-json\/wp\/v2\/comments?post=2029"}],"version-history":[{"count":2,"href":"https:\/\/dglawga.com\/es\/wp-json\/wp\/v2\/pages\/2029\/revisions"}],"predecessor-version":[{"id":7693,"href":"https:\/\/dglawga.com\/es\/wp-json\/wp\/v2\/pages\/2029\/revisions\/7693"}],"up":[{"embeddable":true,"href":"https:\/\/dglawga.com\/es\/wp-json\/wp\/v2\/pages\/1994"}],"wp:attachment":[{"href":"https:\/\/dglawga.com\/es\/wp-json\/wp\/v2\/media?parent=2029"}],"wp:term":[{"taxonomy":"category","embeddable":true,"href":"https:\/\/dglawga.com\/es\/wp-json\/wp\/v2\/categories?post=2029"},{"taxonomy":"post_tag","embeddable":true,"href":"https:\/\/dglawga.com\/es\/wp-json\/wp\/v2\/tags?post=2029"}],"curies":[{"name":"wp","href":"https:\/\/api.w.org\/{rel}","templated":true}]}}