{"id":2032,"date":"2022-06-07T17:45:35","date_gmt":"2022-06-07T17:45:35","guid":{"rendered":"https:\/\/diazgaetalaw.wpengine.com\/?page_id=2032"},"modified":"2025-12-05T07:50:08","modified_gmt":"2025-12-05T12:50:08","slug":"abogado-de-inmigracion-2","status":"publish","type":"page","link":"https:\/\/dglawga.com\/es\/smyrna\/immigration-lawyer\/","title":{"rendered":"Abogado de inmigraci\u00f3n de Smyrna"},"content":{"rendered":"<p>La ciudadan\u00eda es un paso importante en la vida y puede estar llena de complicaciones. Jurar lealtad a un nuevo pa\u00eds no es algo que deba tomarse a la ligera. <br>Con varios pasos complejos para completar y formularios para llenar, los errores son un problema com\u00fan que puede conducir a problemas importantes en el proceso de inmigraci\u00f3n\/naturalizaci\u00f3n.<\/p>\n\n\n\n<p>Contar con un abogado de inmigraci\u00f3n profesional puede ser de gran ayuda para que pueda obtener la ciudadan\u00eda lo m\u00e1s f\u00e1cilmente posible. Si est\u00e1 considerando obtener la ciudadan\u00eda estadounidense despu\u00e9s de ser residente permanente legal, los abogados de inmigraci\u00f3n de Diaz &amp; Gaeta en Smyrna pueden guiarlo durante todo el proceso.<\/p>\n\n\n\n<p>Llama a nuestro <strong><a href=\"https:\/\/dglawga.com\/es\/esmirna\/\">Bufete de abogados de Smryna, GA<\/a><\/strong> Hoy a las <a href=\"tel:+16785032780\"><strong>678-503-2780<\/strong><\/a> para programar una consulta gratuita con un abogado experimentado.<\/p>\n\n\n\n<div class=\"wp-block-group has-accent-background-color has-background is-vertical is-layout-flex wp-container-core-group-is-layout-283d9697 wp-block-group-is-layout-flex\" style=\"border-top-left-radius:15px;border-top-right-radius:15px;margin-top:var(--wp--preset--spacing--30)\">\n<h2 class=\"wp-block-heading has-primary-color has-text-color has-link-color wp-elements-4164a61e17ffbe9e8a7446952ec87a5a\" id=\"aioseo-table-of-contents\">TABLA DE CONTENIDO<\/h2>\n<\/div>\n\n\n\n<div class=\"wp-block-group has-background is-vertical is-layout-flex wp-container-core-group-is-layout-d644fc7a wp-block-group-is-layout-flex\" style=\"border-bottom-left-radius:15px;border-bottom-right-radius:15px;background-color:#f3f3f3;margin-top:0\"><div class=\"wp-block-aioseo-table-of-contents\"><ul><li><a class=\"aioseo-toc-item\" href=\"#aioseo-what-is-naturalization\">\u00bfQu\u00e9 es la naturalizaci\u00f3n?<\/a><\/li><li><a class=\"aioseo-toc-item\" href=\"#aioseo-eligibility-for-naturalization\">Elegibilidad para la naturalizaci\u00f3n<\/a><\/li><li><a class=\"aioseo-toc-item\" href=\"#aioseo-what-is-the-immigration-naturalization-process\">\u00bfQu\u00e9 es el proceso de inmigraci\u00f3n\/naturalizaci\u00f3n?<\/a><ul><li><a class=\"aioseo-toc-item\" href=\"#aioseo-biometrics\">Biometr\u00eda<\/a><\/li><\/ul><\/li><li><a class=\"aioseo-toc-item\" href=\"#aioseo-what-is-the-process-of-legally-working-in-the-united-states\">\u00bfCu\u00e1l es el proceso para trabajar legalmente en los Estados Unidos?<\/a><ul><li><a class=\"aioseo-toc-item\" href=\"#aioseo-h-1b-visa\">Visa H-1B<\/a><\/li><li><a class=\"aioseo-toc-item\" href=\"#aioseo-h-2-visa\">Visa H-2<\/a><\/li><li><a class=\"aioseo-toc-item\" href=\"#aioseo-b-1-visa\">Visa B-1<\/a><\/li><li><a class=\"aioseo-toc-item\" href=\"#aioseo-j-visa\">Visa J<\/a><\/li><li><a class=\"aioseo-toc-item\" href=\"#aioseo-l-1-visa\">Visa L-1<\/a><\/li><li><a class=\"aioseo-toc-item\" href=\"#aioseo-o-visa\">Visa O<\/a><\/li><li><a class=\"aioseo-toc-item\" href=\"#aioseo-p-visa\">Visa P<\/a><\/li><li><a class=\"aioseo-toc-item\" href=\"#aioseo-r-visa\">Visa R<\/a><\/li><li><a class=\"aioseo-toc-item\" href=\"#aioseo-tn-visa\">Visa TN<\/a><\/li><\/ul><\/li><li><a class=\"aioseo-toc-item\" href=\"#aioseo-can-your-firm-represent-me-in-a-deportation-case\">\u00bfPuede su firma representarme en un caso de deportaci\u00f3n?<\/a><\/li><li><a class=\"aioseo-toc-item\" href=\"#aioseo-why-should-i-choose-diaz-gaeta-to-represent-me\">\u00bfPor qu\u00e9 deber\u00eda elegir a D\u00edaz &amp; Gaeta para representarme?<\/a><\/li><li><a class=\"aioseo-toc-item\" href=\"#aioseo-need-help-with-an-immigration-naturalization-issue-call-us-today\">\u00bfNecesita ayuda con un asunto de inmigraci\u00f3n o naturalizaci\u00f3n? \u00a1Ll\u00e1menos hoy mismo!<\/a><\/li><\/ul><\/div><\/div>\n\n\n\n<h2 class=\"wp-block-heading\" id=\"aioseo-what-is-naturalization\" style=\"padding-top:var(--wp--preset--spacing--20)\">\u00bfQu\u00e9 es la naturalizaci\u00f3n?<\/h2>\n\n\n\n<p>La naturalizaci\u00f3n se refiere al proceso legal mediante el cual un ciudadano extranjero puede adquirir la ciudadan\u00eda estadounidense. Para naturalizarse, el solicitante debe cumplir primero con ciertos criterios para solicitar la ciudadan\u00eda.<\/p>\n\n\n\n<h2 class=\"wp-block-heading\" id=\"aioseo-eligibility-for-naturalization\" style=\"padding-top:var(--wp--preset--spacing--20)\">Elegibilidad para la naturalizaci\u00f3n<\/h2>\n\n\n\n<p>El Servicio de Ciudadan\u00eda e Inmigraci\u00f3n de los Estados Unidos (USCIS) describe los siguientes requisitos de elegibilidad para los solicitantes de naturalizaci\u00f3n antes de que puedan solicitar ser ciudadanos de los Estados Unidos:<\/p>\n\n\n\n<ul class=\"wp-block-list\">\n<li>Debes tener al menos 18 a\u00f1os de edad.<\/li>\n\n\n\n<li>Debe haber sido residente permanente legal de los EE. UU. durante al menos 5 a\u00f1os antes de solicitar la naturalizaci\u00f3n.<\/li>\n\n\n\n<li>Debe haber estado f\u00edsicamente presente en los EE. UU. durante un per\u00edodo de al menos 5 a\u00f1os al momento de la solicitud.<\/li>\n\n\n\n<li>Debes poder hablar y comprender ingl\u00e9s.<\/li>\n\n\n\n<li>Debes tener buena reputaci\u00f3n moral.<\/li>\n<\/ul>\n\n\n\n<p>Si cumple con los requisitos anteriores, puede solicitar la naturalizaci\u00f3n. El proceso se describe brevemente a continuaci\u00f3n.<\/p>\n\n\n\n<h2 class=\"wp-block-heading\" id=\"aioseo-what-is-the-immigration-naturalization-process\" style=\"padding-top:var(--wp--preset--spacing--20)\">\u00bfQu\u00e9 es el proceso de inmigraci\u00f3n\/naturalizaci\u00f3n?<\/h2>\n\n\n\n<p>El USCIS ha proporcionado una hoja de c\u00e1lculo completa de elegibilidad para la naturalizaci\u00f3n para ayudar a los solicitantes a determinar si cumplen los requisitos legales y mentales para obtener la ciudadan\u00eda. Si tiene alguna pregunta sobre alguno de los puntos de la hoja de c\u00e1lculo, nuestros abogados de inmigraci\u00f3n en Smyrna, GA, pueden guiarle en el proceso.<\/p>\n\n\n\n<p>El <a href=\"https:\/\/www.uscis.gov\/news\/news-releases\/naturalization-fact-sheet\" target=\"_blank\" rel=\"noopener\"><strong>proceso de naturalizaci\u00f3n<\/strong><\/a> En s\u00ed es bastante complejo, pero aqu\u00ed hay un breve resumen de c\u00f3mo funciona:<\/p>\n\n\n\n<ul class=\"wp-block-list\">\n<li>Primero completa el <strong><a href=\"https:\/\/www.uscis.gov\/n-400\" target=\"_blank\" rel=\"noopener\">Formulario N-400 o de solicitud de ciudadan\u00eda<\/a><\/strong> Env\u00edelo al USCIS junto con una copia de su tarjeta de residencia, las fotos requeridas y un cheque por la tarifa de procesamiento. Nuestros abogados de inmigraci\u00f3n de D\u00edaz &amp; Gaeta pueden ayudarle con la solicitud.<\/li>\n\n\n\n<li>Posteriormente, deber\u00e1 asistir a una entrevista en persona, cuya programaci\u00f3n podr\u00eda demorar varios meses, dependiendo del atraso. Esta entrevista eval\u00faa su comprensi\u00f3n b\u00e1sica de la historia de Estados Unidos, su trayectoria y dedicaci\u00f3n al pa\u00eds, y su dominio del ingl\u00e9s.<\/li>\n\n\n\n<li>El siguiente paso es programar una cita para la toma de datos biom\u00e9tricos en una oficina local del USCIS. Tambi\u00e9n deber\u00e1 realizar el Juramento de Lealtad a los Estados Unidos para demostrar su compromiso de ser ciudadano estadounidense.<\/li>\n<\/ul>\n\n\n\n<h4 class=\"wp-block-heading\" id=\"aioseo-biometrics\">Biometr\u00eda<\/h4>\n\n\n\n<p>Sus datos biom\u00e9tricos ser\u00e1n fundamentales en el proceso de naturalizaci\u00f3n y, si no sigue atentamente las instrucciones de su cita, corre el riesgo de sufrir retrasos en la finalizaci\u00f3n de su ciudadan\u00eda. El USCIS cuenta con recursos para ayudarle a prepararse para su cita de datos biom\u00e9tricos.<\/p>\n\n\n\n<p>Para comenzar, incluya dos fotograf\u00edas de perfil tama\u00f1o pasaporte y las huellas dactilares junto con el formulario N-400 completo al momento de la solicitud. Al momento de la cita, deber\u00e1 presentar la notificaci\u00f3n de la cita junto con una identificaci\u00f3n con foto v\u00e1lida.<\/p>\n\n\n\n<h2 class=\"wp-block-heading\" id=\"aioseo-what-is-the-process-of-legally-working-in-the-united-states\" style=\"padding-top:var(--wp--preset--spacing--20)\">\u00bfCu\u00e1l es el proceso para trabajar legalmente en los Estados Unidos?<\/h2>\n\n\n\n<p>Si est\u00e1 interesado en trabajar legalmente en los Estados Unidos, deber\u00eda considerar obtener una visa de trabajo temporal o una <strong><a href=\"https:\/\/www.uscis.gov\/green-card\/how-to-apply-for-a-green-card\" target=\"_blank\" rel=\"noopener\">tarjeta verde basada en el empleo<\/a><\/strong>. Hay una variedad de visas de trabajo temporales disponibles y cada una le permitir\u00e1 permanecer en el pa\u00eds por un per\u00edodo de tiempo espec\u00edfico.<\/p>\n\n\n\n<p>Estos son los diferentes tipos de visas de trabajo que nuestros abogados de inmigraci\u00f3n de Smyrna, GA pueden ayudarlo a solicitar:<\/p>\n\n\n\n<h4 class=\"wp-block-heading\" id=\"aioseo-h-1b-visa\">Visa H-1B<\/h4>\n\n\n\n<p>Una visa H1-B permite a las empresas estadounidenses contratar a trabajadores internacionales de posgrado en puestos y \u00e1reas de especializaci\u00f3n donde simplemente no hay suficientes trabajadores en Estados Unidos. Empresas l\u00edderes como Facebook, Google y Apple utilizan esta visa para contratar a algunos de sus talentos.<\/p>\n\n\n\n<h4 class=\"wp-block-heading\" id=\"aioseo-h-2-visa\">Visa H-2<\/h4>\n\n\n\n<p>La visa H-2 est\u00e1 disponible para trabajadores extranjeros en sectores no agr\u00edcolas si no hay suficientes trabajadores en Estados Unidos para cubrir esos puestos. Estas visas se utilizan generalmente para trabajos de temporada, como parques de atracciones, balnearios, estaciones de esqu\u00ed, etc.<\/p>\n\n\n\n<h4 class=\"wp-block-heading\" id=\"aioseo-b-1-visa\">Visa B-1<\/h4>\n\n\n\n<p>Si necesita viajar a EE. UU. por negocios, por ejemplo, para negociar un contrato, liquidar un patrimonio o asistir a una conferencia, podr\u00eda calificar para una visa B-1. El per\u00edodo inicial de estancia en el pa\u00eds es de aproximadamente 1 a 6 meses, pero puede obtener una extensi\u00f3n.<\/p>\n\n\n\n<h4 class=\"wp-block-heading\" id=\"aioseo-j-visa\">Visa J<\/h4>\n\n\n\n<p>Una visa J es una visa de visitante de intercambio que permite venir a Estados Unidos como parte de un proceso de intercambio cultural. Generalmente est\u00e1 disponible para m\u00e9dicos, au pairs y profesores. El empleo est\u00e1 autorizado como parte de los t\u00e9rminos del programa de intercambio.<\/p>\n\n\n\n<h4 class=\"wp-block-heading\" id=\"aioseo-l-1-visa\">Visa L-1<\/h4>\n\n\n\n<p>Un empleado, gerente o ejecutivo basado en el extranjero que tiene una habilidad especializada a veces puede ser transferido a una subsidiaria, afiliada, divisi\u00f3n o sucursal matriz de una empresa internacional en los EE. UU. La visa L-1 proporciona un permiso de trabajo al c\u00f3nyuge del trabajador extranjero transferido.<\/p>\n\n\n\n<figure class=\"wp-block-image aligncenter\" style=\"margin-top:var(--wp--preset--spacing--20);margin-bottom:var(--wp--preset--spacing--20)\"><a href=\"https:\/\/dglawga.com\/wp-content\/uploads\/2022\/06\/smyrna-immigration-lawyer-diaz.jpg\"><img decoding=\"async\" src=\"https:\/\/dglawga.com\/wp-content\/uploads\/2022\/06\/smyrna-immigration-lawyer-diaz.jpg\" alt=\"Libro de leyes de inmigraci\u00f3n, concepto del abogado de inmigraci\u00f3n de Smyrna\"\/><\/a><\/figure>\n\n\n\n<h4 class=\"wp-block-heading\" id=\"aioseo-o-visa\">Visa O<\/h4>\n\n\n\n<p>La visa O se emite a artistas, educadores, cient\u00edficos, animadores, atletas y empresarios extranjeros con habilidades extraordinarias que buscan venir a los EE. UU. temporalmente para trabajar en su campo de desempe\u00f1o.<\/p>\n\n\n\n<p>Las visas O-1A se suelen otorgar a deportistas, educadores, empresarios o cient\u00edficos. Las visas O-1B, por otro lado, se otorgan a artistas esc\u00e9nicos, visuales y literarios, como escritores, fot\u00f3grafos, directores, artistas, actores, cantantes, etc.<\/p>\n\n\n\n<h4 class=\"wp-block-heading\" id=\"aioseo-p-visa\">Visa P<\/h4>\n\n\n\n<p>La visa P se otorga a atletas, artistas y animadores que desean presentarse o competir temporalmente en Estados Unidos, ya sea en equipo o en solitario, en un evento espec\u00edfico. Las visas P-2 se otorgan a animadores y atletas que participan en un programa de intercambio rec\u00edproco. Las visas P-3, por otro lado, se otorgan a animadores y artistas que desean ense\u00f1ar, entrenar, actuar o compartir su talento en un programa cultural.<\/p>\n\n\n\n<h4 class=\"wp-block-heading\" id=\"aioseo-r-visa\">Visa R<\/h4>\n\n\n\n<p>La visa R se emite a trabajadores religiosos extranjeros que buscan ingresar temporalmente a los EE. UU. Un trabajador religioso se considera una persona que participa continuamente en una actividad relacionada con una funci\u00f3n religiosa tradicional, como catequistas, misioneros, traductores religiosos, hermanos, trabajadores lit\u00fargicos, cantores, monjes, monjas, etc.<\/p>\n\n\n\n<h4 class=\"wp-block-heading\" id=\"aioseo-tn-visa\">Visa TN<\/h4>\n\n\n\n<p>Las visas TN est\u00e1n disponibles para trabajadores calificados de M\u00e9xico y Canad\u00e1 bajo el Tratado de Libre Comercio de Am\u00e9rica del Norte (TLCAN). Permiten a los ciudadanos de M\u00e9xico y Canad\u00e1 ingresar temporalmente a Estados Unidos para trabajar en una ocupaci\u00f3n aprobada por el TLCAN.<\/p>\n\n\n\n<p>Obtener una visa de trabajo que le permita trabajar legalmente en EE. UU. es un proceso particularmente complejo. Seg\u00fan la ley, tanto el empleador como el solicitante deben cumplir ciertos requisitos y presentar solicitudes ante diversas agencias gubernamentales.<\/p>\n\n\n\n<p>Considerando esta complejidad, es muy recomendable la asistencia de un abogado de inmigraci\u00f3n con experiencia para asegurarse de que se han cumplido todos los requisitos, se ha presentado la evidencia de manera efectiva y no se han cometido errores que puedan causar demoras o incluso denegaci\u00f3n.<\/p>\n\n\n\n<h2 class=\"wp-block-heading\" id=\"aioseo-can-your-firm-represent-me-in-a-deportation-case\" style=\"padding-top:var(--wp--preset--spacing--20)\">\u00bfPuede su firma representarme en un caso de deportaci\u00f3n?<\/h2>\n\n\n\n<p>S\u00ed. Entendemos que el miedo a ser deportado es uno de los aspectos m\u00e1s estresantes de la vida para muchos inmigrantes. Ya sea que se haya mudado a EE. UU. originalmente por trabajo o para estar cerca de su familia, <strong><a href=\"https:\/\/www.usa.gov\/deportation\" target=\"_blank\" rel=\"noopener\">deportaci\u00f3n<\/a><\/strong> puede desarraigar tu vida.<\/p>\n\n\n\n<p>Adem\u00e1s, defenderse de la deportaci\u00f3n no es f\u00e1cil, ya que las leyes de inmigraci\u00f3n cambian constantemente. Afortunadamente, los abogados de inmigraci\u00f3n con experiencia en Smyrna de D\u00edaz &amp; Gaeta conocen las leyes vigentes y saben c\u00f3mo aplicarlas a su caso para construir la defensa m\u00e1s s\u00f3lida posible.<\/p>\n\n\n\n<h2 class=\"wp-block-heading\" id=\"aioseo-why-should-i-choose-diaz-gaeta-to-represent-me\" style=\"padding-top:var(--wp--preset--spacing--20)\">\u00bfPor qu\u00e9 deber\u00eda elegir a D\u00edaz &amp; Gaeta para representarme?<\/h2>\n\n\n\n<p>Las leyes de inmigraci\u00f3n en Estados Unidos no solo son complejas, sino que tambi\u00e9n cambian constantemente, lo que puede dificultar, si no imposibilitar, el acceso a los inmigrantes al sistema. Por eso, deber\u00eda contratar a nuestros abogados de inmigraci\u00f3n con amplia experiencia en Diaz &amp; Gaeta para que lo representen.<\/p>\n\n\n\n<p>Estas son las 3 razones principales por las que deber\u00eda considerar contratarnos:<\/p>\n\n\n\n<ul class=\"wp-block-list\">\n<li><strong>Conocimiento especializado:<\/strong> Nuestros abogados de inmigraci\u00f3n de Smyrna tienen amplia experiencia en leyes de inmigraci\u00f3n para ayudarlo a encontrar la mejor estrategia para su caso, aumentando sus posibilidades de obtener un resultado positivo.<\/li>\n\n\n\n<li><strong>Dedicaci\u00f3n al servicio al cliente:<\/strong> Nuestros abogados de inmigraci\u00f3n siempre tienen como prioridad obtener los mejores resultados posibles para los clientes, tomando todas las medidas para satisfacer las necesidades de sus clientes y obtener el mejor resultado posible para cada caso.<\/li>\n\n\n\n<li><strong>Consultas gratuitas:<\/strong> La naturalizaci\u00f3n, la deportaci\u00f3n y la expulsi\u00f3n son procesos legales que tienen un costo. Nuestro bufete de abogados de inmigraci\u00f3n en Smyrna, GA, ofrece evaluaciones gratuitas, lo que le permite asegurarse de que somos los abogados adecuados para el caso antes de gastar su dinero.<\/li>\n<\/ul>\n\n\n\n<h2 class=\"wp-block-heading\" id=\"aioseo-need-help-with-an-immigration-naturalization-issue-call-us-today\" style=\"padding-top:var(--wp--preset--spacing--20)\">\u00bfNecesita ayuda con un asunto de inmigraci\u00f3n o naturalizaci\u00f3n? \u00a1Ll\u00e1menos hoy mismo!<\/h2>\n\n\n\n<p>Navegar con \u00e9xito el proceso de inmigraci\u00f3n\/naturalizaci\u00f3n en los EE. UU. requiere una buena comprensi\u00f3n de los pasos involucrados, as\u00ed como una preparaci\u00f3n adecuada en cada etapa para evitar demoras innecesarias o incluso una negaci\u00f3n.<\/p>\n\n\n\n<p>Si est\u00e1 considerando convertirse en ciudadano de los Estados Unidos a trav\u00e9s de la naturalizaci\u00f3n, debe comunicarse con los abogados de inmigraci\u00f3n con experiencia de Smyrna en <strong><a href=\"https:\/\/dglawga.com\/es\/\">D\u00edaz y Gaeta<\/a><\/strong> que le guiar\u00e1 en cada paso del proceso. Ll\u00e1menos hoy mismo al <a href=\"tel:+16785032780\"><strong>678-503-2780<\/strong><\/a> para programar su cita gratuita.<\/p>","protected":false},"excerpt":{"rendered":"<p>Citizenship is a major step in your life and can be full of complications. Pledging your allegiance to a new country is not something you should take lightly. With several complex steps to complete and forms to fill out, mistakes are a common issue that can lead to major problems in the immigration\/naturalization process. Having [&hellip;]<\/p>\n","protected":false},"author":34,"featured_media":0,"parent":1994,"menu_order":0,"comment_status":"closed","ping_status":"closed","template":"wp-custom-template-smyrna-services","meta":{"_acf_changed":false,"_themeisle_gutenberg_block_has_review":false,"footnotes":""},"categories":[51],"tags":[58],"class_list":["post-2032","page","type-page","status-publish","hentry","category-smyrna-location","tag-immigration"],"acf":[],"aioseo_notices":[],"_links":{"self":[{"href":"https:\/\/dglawga.com\/es\/wp-json\/wp\/v2\/pages\/2032","targetHints":{"allow":["GET"]}}],"collection":[{"href":"https:\/\/dglawga.com\/es\/wp-json\/wp\/v2\/pages"}],"about":[{"href":"https:\/\/dglawga.com\/es\/wp-json\/wp\/v2\/types\/page"}],"author":[{"embeddable":true,"href":"https:\/\/dglawga.com\/es\/wp-json\/wp\/v2\/users\/34"}],"replies":[{"embeddable":true,"href":"https:\/\/dglawga.com\/es\/wp-json\/wp\/v2\/comments?post=2032"}],"version-history":[{"count":20,"href":"https:\/\/dglawga.com\/es\/wp-json\/wp\/v2\/pages\/2032\/revisions"}],"predecessor-version":[{"id":8614,"href":"https:\/\/dglawga.com\/es\/wp-json\/wp\/v2\/pages\/2032\/revisions\/8614"}],"up":[{"embeddable":true,"href":"https:\/\/dglawga.com\/es\/wp-json\/wp\/v2\/pages\/1994"}],"wp:attachment":[{"href":"https:\/\/dglawga.com\/es\/wp-json\/wp\/v2\/media?parent=2032"}],"wp:term":[{"taxonomy":"category","embeddable":true,"href":"https:\/\/dglawga.com\/es\/wp-json\/wp\/v2\/categories?post=2032"},{"taxonomy":"post_tag","embeddable":true,"href":"https:\/\/dglawga.com\/es\/wp-json\/wp\/v2\/tags?post=2032"}],"curies":[{"name":"wp","href":"https:\/\/api.w.org\/{rel}","templated":true}]}}