{"id":2035,"date":"2022-06-07T17:46:24","date_gmt":"2022-06-07T17:46:24","guid":{"rendered":"https:\/\/diazgaetalaw.wpengine.com\/?page_id=2035"},"modified":"2025-06-15T10:13:09","modified_gmt":"2025-06-15T15:13:09","slug":"abogado-de-derecho-de-familia","status":"publish","type":"page","link":"https:\/\/dglawga.com\/es\/smyrna\/family-law-attorney\/","title":{"rendered":"Abogado de derecho de familia de Smyrna"},"content":{"rendered":"<p>Existen numerosos problemas que pueden surgir en una familia, como problemas matrimoniales, de pareja de hecho o incluso de uni\u00f3n civil. Contar con un buen abogado de derecho familiar en Smyrna ser\u00e1 crucial para manejar estos asuntos.<\/p>\n\n\n\n<p>Los abogados de familia son profesionales que se encargan de casos legales relacionados con el derecho familiar. Se ocupan de asuntos legales que involucran a la familia que representan, como la custodia de menores, el divorcio y la tutela, entre otros. Adem\u00e1s, suelen actuar como mediadores en caso de disputas familiares.<\/p>\n\n\n\n<p>En D\u00edaz &amp; Gaeta, tenemos experiencia en el manejo de casos de derecho familiar en <strong><a href=\"https:\/\/dglawga.com\/es\/esmirna\/\">Esmirna, Georgia<\/a><\/strong> y sus alrededores. Cont\u00e1ctanos en <a href=\"tel:+16785032780\"><strong>678-503-2780<\/strong><\/a> hoy para descubrir m\u00e1s sobre lo que podemos hacer por usted.<\/p>\n\n\n\n<div class=\"wp-block-group has-accent-background-color has-background is-vertical is-layout-flex wp-container-core-group-is-layout-283d9697 wp-block-group-is-layout-flex\" style=\"border-top-left-radius:15px;border-top-right-radius:15px;margin-top:var(--wp--preset--spacing--30)\">\n<h2 class=\"wp-block-heading has-primary-color has-text-color has-link-color wp-elements-4164a61e17ffbe9e8a7446952ec87a5a\" id=\"aioseo-table-of-contents\">TABLA DE CONTENIDO<\/h2>\n<\/div>\n\n\n\n<div class=\"wp-block-group has-background is-vertical is-layout-flex wp-container-core-group-is-layout-d644fc7a wp-block-group-is-layout-flex\" style=\"border-bottom-left-radius:15px;border-bottom-right-radius:15px;background-color:#f3f3f3;margin-top:0\"><div class=\"wp-block-aioseo-table-of-contents\"><ul><li><a class=\"aioseo-toc-item\" href=\"#aioseo-benefits-of-having-a-family-law-attorney-in-smyrna\">Beneficios de tener un abogado de derecho familiar en Smyrna<\/a><ul><li><a class=\"aioseo-toc-item\" href=\"#aioseo-terminates-toxic-relationship\">Termina una relaci\u00f3n t\u00f3xica<\/a><\/li><li><a class=\"aioseo-toc-item\" href=\"#aioseo-parenting-and-custody-disputes\">Disputas sobre crianza y custodia<\/a><\/li><\/ul><\/li><li><a class=\"aioseo-toc-item\" href=\"#aioseo-what-qualifies-as-a-family-law-case\">\u00bfQu\u00e9 se considera un caso de derecho de familia?<\/a><ul><li><a class=\"aioseo-toc-item\" href=\"#aioseo-contested-and-uncontested-divorce\">Divorcio contencioso y no contencioso<\/a><\/li><li><a class=\"aioseo-toc-item\" href=\"#aioseo-spousal-support-and-alimony-agreements\">Acuerdos de manutenci\u00f3n conyugal y pensi\u00f3n alimenticia<\/a><\/li><li><a class=\"aioseo-toc-item\" href=\"#aioseo-restraining-order\">Orden de restricci\u00f3n<\/a><\/li><li><a class=\"aioseo-toc-item\" href=\"#aioseo-legal-name-changes-in-georgia\">Cambios de nombre legales en Georgia<\/a><\/li><li><a class=\"aioseo-toc-item\" href=\"#aioseo-dss-cases\">Casos DSS<\/a><\/li><\/ul><\/li><li><a class=\"aioseo-toc-item\" href=\"#aioseo-what-are-the-grounds-for-divorce-in-ga\">\u00bfCu\u00e1les son los motivos de divorcio en Georgia?<\/a><\/li><li><a class=\"aioseo-toc-item\" href=\"#aioseo-how-do-you-start-the-divorce-process\">\u00bfC\u00f3mo iniciar el proceso de divorcio?<\/a><\/li><li><a class=\"aioseo-toc-item\" href=\"#aioseo-how-does-the-division-of-property-work-in-georgia\">\u00bfC\u00f3mo funciona la divisi\u00f3n de propiedad en Georgia?<\/a><\/li><li><a class=\"aioseo-toc-item\" href=\"#aioseo-how-is-child-custody-decided\">\u00bfC\u00f3mo se decide la custodia de los hijos?<\/a><\/li><li><a class=\"aioseo-toc-item\" href=\"#aioseo-what-is-alimony-and-how-is-it-decided\">\u00bfQu\u00e9 es la pensi\u00f3n alimenticia y c\u00f3mo se decide?<\/a><\/li><li><a class=\"aioseo-toc-item\" href=\"#aioseo-get-in-touch-with-a-smyrna-family-law-attorney-today\">\u00a1P\u00f3ngase en contacto con un abogado de derecho familiar de Smyrna hoy mismo!<\/a><\/li><\/ul><\/div><\/div>\n\n\n\n<h2 class=\"wp-block-heading\" id=\"aioseo-benefits-of-having-a-family-law-attorney-in-smyrna\" style=\"padding-top:var(--wp--preset--spacing--20)\">Beneficios de tener un abogado de derecho familiar en Smyrna<\/h2>\n\n\n\n<p>Una ruptura familiar puede ser dif\u00edcil y conlleva mucha incertidumbre. Por ejemplo, cuando los padres contemplan el divorcio, les preocupa bastante c\u00f3mo afectar\u00e1 la situaci\u00f3n a sus hijos. Generalmente, las investigaciones muestran que los ni\u00f1os superan la separaci\u00f3n de sus padres en un a\u00f1o o incluso dos. Adem\u00e1s, tambi\u00e9n se ha descubierto que los ni\u00f1os que crecieron en entornos tan t\u00f3xicos tienen m\u00e1s traumas y problemas que superar.<\/p>\n\n\n\n<p>Cuando una situaci\u00f3n llega a un punto cr\u00edtico, es el momento ideal para contactar a los abogados de derecho familiar de Diaz &amp; Gaeta. Representamos a clientes en Smyrna, Georgia. Cont\u00e1ctenos hoy mismo y disfrute de los beneficios de contratar a un profesional. Los beneficios de contratar a un abogado de derecho familiar son los siguientes:<\/p>\n\n\n\n<h4 class=\"wp-block-heading\" id=\"aioseo-terminates-toxic-relationship\">Termina una relaci\u00f3n t\u00f3xica<\/h4>\n\n\n\n<p>Es muy f\u00e1cil verse atrapado en una relaci\u00f3n t\u00f3xica. Lo peor es que quiz\u00e1s no te des cuenta de que est\u00e1s en una hasta que sea demasiado tarde. Algunas de las caracter\u00edsticas de una relaci\u00f3n t\u00f3xica son el abuso emocional y f\u00edsico, la falta de respeto, la competencia o incluso los conflictos en la pareja. Si te encuentras en una situaci\u00f3n tan desafortunada, es el momento adecuado para consultar con un abogado y conocer tus derechos legales.<\/p>\n\n\n\n<h4 class=\"wp-block-heading\" id=\"aioseo-parenting-and-custody-disputes\">Disputas sobre crianza y custodia<\/h4>\n\n\n\n<p>Esto es lo que sigue inmediatamente despu\u00e9s de que una pareja se separa. El tiempo de crianza y la custodia se convierten en una batalla cotidiana sobre qui\u00e9n debe hacer qu\u00e9 y cu\u00e1ndo. Consultar con su abogado de derecho familiar le aconsejar\u00e1 c\u00f3mo proceder de forma beneficiosa para todas las personas involucradas. Los tribunales no suelen interferir en el bienestar de los menores a menos que haya un asunto importante que deba abordarse de inmediato.<\/p>\n\n\n\n<p>\u00bfReside en Smyrna, Georgia, y busca un buen abogado de derecho familiar? No busque m\u00e1s: Diaz &amp; Gaeta Law es la soluci\u00f3n. Nuestro equipo de abogados experimentados y dedicados puede ayudarle a reconstruir su futuro.<\/p>\n\n\n\n<h2 class=\"wp-block-heading\" id=\"aioseo-what-qualifies-as-a-family-law-case\" style=\"padding-top:var(--wp--preset--spacing--20)\">\u00bfQu\u00e9 se considera un caso de derecho de familia?<\/h2>\n\n\n\n<p>Derechos parentales, custodia y manutenci\u00f3n de los hijos. Se deben tener en cuenta todos los derechos individuales, desde los de los padres hasta los de los hijos.<\/p>\n\n\n\n<h4 class=\"wp-block-heading\" id=\"aioseo-contested-and-uncontested-divorce\">Divorcio contencioso y no contencioso<\/h4>\n\n\n\n<p>Estos son los dos tipos de divorcios en los que la mayor\u00eda de las parejas pueden encontrarse. Un divorcio contencioso es cuando ambos c\u00f3nyuges no logran ponerse de acuerdo por s\u00ed mismos y terminan en el tribunal para que el juez decida por ellos, mientras que un divorcio no contencioso es cuando su c\u00f3nyuge no cuestiona su motivo para querer el divorcio.<\/p>\n\n\n\n<h4 class=\"wp-block-heading\" id=\"aioseo-spousal-support-and-alimony-agreements\">Acuerdos de manutenci\u00f3n conyugal y pensi\u00f3n alimenticia<\/h4>\n\n\n\n<p>Esta es la cantidad de fondos que un c\u00f3nyuge debe pagar al otro como forma de asistencia financiera despu\u00e9s de un divorcio.<\/p>\n\n\n\n<h4 class=\"wp-block-heading\" id=\"aioseo-restraining-order\">Orden de restricci\u00f3n<\/h4>\n\n\n\n<p>Se trata de una orden judicial temporal que impide a una persona participar en determinadas actividades, especialmente comunicarse con determinadas personas.<\/p>\n\n\n\n<h4 class=\"wp-block-heading\" id=\"aioseo-legal-name-changes-in-georgia\">Cambios de nombre legales en Georgia<\/h4>\n\n\n\n<p>En Georgia, cambiar de nombre es un tr\u00e1mite legal que requiere la aprobaci\u00f3n de las autoridades. Debe presentar su solicitud ante los tribunales locales superiores y esperar al menos 30 d\u00edas para recibir su respuesta.<\/p>\n\n\n\n<h4 class=\"wp-block-heading\" id=\"aioseo-dss-cases\">Casos DSS<\/h4>\n\n\n\n<p>Una de las principales funciones de este departamento es proteger a los ni\u00f1os del abuso y la negligencia. El Departamento de Servicios Sociales (DSS) se asegura de obtener testimonios de ni\u00f1os que han sido v\u00edctimas de abuso y realiza una investigaci\u00f3n exhaustiva de los mismos.<\/p>\n\n\n\n<h2 class=\"wp-block-heading\" id=\"aioseo-what-are-the-grounds-for-divorce-in-ga\" style=\"padding-top:var(--wp--preset--spacing--20)\">\u00bfCu\u00e1les son los motivos de divorcio en Georgia?<\/h2>\n\n\n\n<p>Puede haber varias razones diferentes para que alguien quiera divorciarse de su c\u00f3nyuge. Las siguientes son las que constituyen <strong><a href=\"http:\/\/ga.elaws.us\/law\/section19-5-3\" target=\"_blank\" rel=\"noopener nofollow\">motivos de divorcio en Georgia<\/a><\/strong>:<\/p>\n\n\n\n<ul class=\"wp-block-list\">\n<li>Trato cruel.<\/li>\n\n\n\n<li>Uso habitual de drogas.<\/li>\n\n\n\n<li>Condena por determinados delitos.<\/li>\n\n\n\n<li>Incapacidad mental al momento de contraer matrimonio.<\/li>\n\n\n\n<li>Adulterio durante el matrimonio.<\/li>\n\n\n\n<li>Impotencia en el momento del matrimonio.<\/li>\n\n\n\n<li>Ser condenado por un delito de \u201cdepravaci\u00f3n moral\u201d que conlleva una pena de prisi\u00f3n de dos a\u00f1os o m\u00e1s.<\/li>\n\n\n\n<li>Deserci\u00f3n.<\/li>\n\n\n\n<li>Enfermedad mental incurable.<\/li>\n\n\n\n<li>Fuerza, fraude, coacci\u00f3n o amenaza para obtener el matrimonio.<\/li>\n\n\n\n<li>Ruptura inevitable del matrimonio.<\/li>\n\n\n\n<li>Matrimonio entre personas con un parentesco que proh\u00edbe el matrimonio.<\/li>\n<\/ul>\n\n\n\n<figure class=\"wp-block-image aligncenter\" style=\"margin-top:var(--wp--preset--spacing--20);margin-bottom:var(--wp--preset--spacing--20)\"><a href=\"https:\/\/dglawga.com\/wp-content\/uploads\/2022\/06\/smyrna-family-law-attorney-diaz.jpg\"><img loading=\"lazy\" decoding=\"async\" width=\"500\" height=\"343\" src=\"https:\/\/dglawga.com\/wp-content\/uploads\/2022\/06\/smyrna-family-law-attorney-diaz.jpg\" alt=\"Divorcio, concepto del abogado de derecho de familia de Smyrna\" class=\"wp-image-3034\" srcset=\"https:\/\/dglawga.com\/wp-content\/uploads\/2022\/06\/smyrna-family-law-attorney-diaz.jpg 500w, https:\/\/dglawga.com\/wp-content\/uploads\/2022\/06\/smyrna-family-law-attorney-diaz-300x206.jpg 300w\" sizes=\"auto, (max-width: 500px) 100vw, 500px\" \/><\/a><\/figure>\n\n\n\n<h2 class=\"wp-block-heading\" id=\"aioseo-how-do-you-start-the-divorce-process\" style=\"padding-top:var(--wp--preset--spacing--20)\">\u00bfC\u00f3mo iniciar el proceso de divorcio?<\/h2>\n\n\n\n<p>Primero, debe asegurarse de que cumple los requisitos para el divorcio. Si usted y su c\u00f3nyuge han residido en Georgia durante al menos seis meses, pueden solicitar el divorcio. Segundo, debe tener motivos para el divorcio. Una vez establecidos, puede presentar una demanda de divorcio.<\/p>\n\n\n\n<p>En la demanda, deber\u00e1 indicar los motivos y acreditar la residencia. Tambi\u00e9n deber\u00e1 indicar cualquier otro asunto que desee que el tribunal aborde, como la pensi\u00f3n alimenticia, la custodia de menores o mascotas, o la divisi\u00f3n de bienes.<\/p>\n\n\n\n<p>Si usted es quien presenta la demanda, su secci\u00f3n ser\u00e1 la del demandante y su c\u00f3nyuge, la del demandado. El tribunal le proporciona formularios en l\u00ednea para iniciar el proceso de divorcio. Tambi\u00e9n dispone de videos, instrucciones y una lista de verificaci\u00f3n para guiarle en el proceso.<\/p>\n\n\n\n<p>Si vive en Smyrna, GA, deber\u00e1 presentar la demanda de divorcio ante el <strong><a href=\"https:\/\/www.cobbsuperiorcourtclerk.com\/\" target=\"_blank\" rel=\"noopener\">Secretario del Tribunal Superior del Condado de Cobb<\/a><\/strong>. Tenga en cuenta que se cobra una tarifa por esto, que suele rondar entre doscientos y trescientos d\u00f3lares. Esta tarifa puede variar seg\u00fan la documentaci\u00f3n adicional que presente.<\/p>\n\n\n\n<p>Tras la presentaci\u00f3n, se le notificar\u00e1 a su c\u00f3nyuge. Si ha acordado notificarlo informalmente, deber\u00e1 obtener un acuse de recibo, que deber\u00e1 haber firmado. De lo contrario, un notificador certificado le entregar\u00e1 los documentos.<\/p>\n\n\n\n<h2 class=\"wp-block-heading\" id=\"aioseo-how-does-the-division-of-property-work-in-georgia\" style=\"padding-top:var(--wp--preset--spacing--20)\">\u00bfC\u00f3mo funciona la divisi\u00f3n de propiedad en Georgia?<\/h2>\n\n\n\n<p>Los bienes a dividir se clasifican en bienes conyugales y bienes privativos. Los bienes privativos son los que uno de los c\u00f3nyuges posee antes de casarse. Adem\u00e1s, cualquier patrimonio testamentado espec\u00edficamente a un c\u00f3nyuge, incluso estando casados, se considera propiedad privativa.<\/p>\n\n\n\n<p>Los bienes adquiridos durante el matrimonio se clasifican como bienes conyugales. Esto aplica tanto a los bienes registrados a nombre de uno como a nombre de ambos c\u00f3nyuges.<\/p>\n\n\n\n<p>Los bienes conyugales rara vez se dividen equitativamente, ya que el tribunal examina previamente ciertos factores, como las contribuciones financieras y no financieras que realiz\u00f3 un c\u00f3nyuge durante el matrimonio. La mejor manera de garantizar una divisi\u00f3n justa de los bienes conyugales es contratar a un abogado.<\/p>\n\n\n\n<p>Nuestros abogados de derecho familiar en Smyrna pueden detectar y detener cualquier ocultaci\u00f3n de bienes por parte de su c\u00f3nyuge. Sabemos qu\u00e9 buscar para garantizar que los bienes conyugales y los bienes separados se clasifiquen y contabilicen correctamente.<\/p>\n\n\n\n<h2 class=\"wp-block-heading\" id=\"aioseo-how-is-child-custody-decided\" style=\"padding-top:var(--wp--preset--spacing--20)\">\u00bfC\u00f3mo se decide la custodia de los hijos?<\/h2>\n\n\n\n<p>La custodia se otorga al progenitor m\u00e1s merecedor, en funci\u00f3n del inter\u00e9s superior del ni\u00f1o. Georgia tiene una lista de factores a considerar al evaluar el mejor acuerdo de custodia. Entre los principales se encuentran:<\/p>\n\n\n\n<ul class=\"wp-block-list\">\n<li>El amor y la conexi\u00f3n emocional que existe entre el padre y el menor.<\/li>\n\n\n\n<li>La capacidad de un padre para cubrir las necesidades b\u00e1sicas del ni\u00f1o, como alimentaci\u00f3n, atenci\u00f3n m\u00e9dica, ropa, etc.<\/li>\n\n\n\n<li>La voluntad y capacidad de cualquiera de los padres para permitir y fomentar una relaci\u00f3n estrecha y continua entre el menor y el otro padre de acuerdo con los mejores intereses del ni\u00f1o.<\/li>\n<\/ul>\n\n\n\n<h2 class=\"wp-block-heading\" id=\"aioseo-what-is-alimony-and-how-is-it-decided\" style=\"padding-top:var(--wp--preset--spacing--20)\">\u00bfQu\u00e9 es la pensi\u00f3n alimenticia y c\u00f3mo se decide?<\/h2>\n\n\n\n<p>La pensi\u00f3n alimenticia es el pago que un c\u00f3nyuge realiza a su pareja divorciada. Es un mandato judicial y su objetivo es mantener el nivel de vida que ten\u00eda el c\u00f3nyuge antes del divorcio. Tambi\u00e9n puede ayudar al c\u00f3nyuge con menores ingresos. Garantiza su estabilidad durante y despu\u00e9s del divorcio.<\/p>\n\n\n\n<p>La pensi\u00f3n alimenticia se concede en casos en que no haya habido abandono ni adulterio. No existe una f\u00f3rmula espec\u00edfica para calcularla. Se otorga si el otro c\u00f3nyuge tiene la necesidad y la capacidad de pagar.<\/p>\n\n\n\n<p>Factores como la duraci\u00f3n del matrimonio, los recursos financieros de ambos c\u00f3nyuges, la situaci\u00f3n financiera de ambos c\u00f3nyuges y cualquier otro factor que el tribunal considere equitativo.<\/p>\n\n\n\n<h2 class=\"wp-block-heading\" id=\"aioseo-get-in-touch-with-a-smyrna-family-law-attorney-today\" style=\"padding-top:var(--wp--preset--spacing--20)\">\u00a1P\u00f3ngase en contacto con un abogado de derecho familiar de Smyrna hoy mismo!<\/h2>\n\n\n\n<p>Llamar <a href=\"https:\/\/dglawga.com\/es\/\"><strong>D\u00edaz y Gaeta<\/strong><\/a> Llame hoy mismo para que un equipo de abogados decididos y con experiencia lo represente en su caso de divorcio en Smyrna, Georgia. Nos encargaremos de todo el trabajo duro mientras usted lidia con los momentos emocionales que conlleva la solicitud de divorcio. Llame hoy mismo al <a href=\"tel:+16785032780\"><strong>678-503-2780<\/strong><\/a> y obtenga una consulta gratuita.<\/p>","protected":false},"excerpt":{"rendered":"<p>There are plenty of problems that may arise within a family, it could be marriage, domestic partnership, or even civil union problems. Having a good Smyrna family law attorney will play a crucial role as far as handling such matters is concerned. Family lawyers are professionals that handle legal cases about family law. They deal [&hellip;]<\/p>\n","protected":false},"author":34,"featured_media":0,"parent":1994,"menu_order":0,"comment_status":"closed","ping_status":"closed","template":"wp-custom-template-smyrna-services","meta":{"_acf_changed":false,"_themeisle_gutenberg_block_has_review":false,"footnotes":""},"categories":[51],"tags":[124,123,120,21,122,59,126,58,121,125,119,26,118,116,117],"class_list":["post-2035","page","type-page","status-publish","hentry","category-smyrna-location","tag-abogado-coche-acidente","tag-abogado-gratis","tag-attorney-lawyer","tag-car-accidents","tag-car-accidents-lawyer","tag-family-law","tag-imigracion-abogados","tag-immigration","tag-immigration-lawyer","tag-marietta-abogado","tag-marietta-lawyer","tag-personal-injury","tag-top-lawyer-in-marietta","tag-top-lawyers-in-atlanta","tag-top-lawyers-in-smyrna"],"acf":[],"aioseo_notices":[],"_links":{"self":[{"href":"https:\/\/dglawga.com\/es\/wp-json\/wp\/v2\/pages\/2035","targetHints":{"allow":["GET"]}}],"collection":[{"href":"https:\/\/dglawga.com\/es\/wp-json\/wp\/v2\/pages"}],"about":[{"href":"https:\/\/dglawga.com\/es\/wp-json\/wp\/v2\/types\/page"}],"author":[{"embeddable":true,"href":"https:\/\/dglawga.com\/es\/wp-json\/wp\/v2\/users\/34"}],"replies":[{"embeddable":true,"href":"https:\/\/dglawga.com\/es\/wp-json\/wp\/v2\/comments?post=2035"}],"version-history":[{"count":4,"href":"https:\/\/dglawga.com\/es\/wp-json\/wp\/v2\/pages\/2035\/revisions"}],"predecessor-version":[{"id":7700,"href":"https:\/\/dglawga.com\/es\/wp-json\/wp\/v2\/pages\/2035\/revisions\/7700"}],"up":[{"embeddable":true,"href":"https:\/\/dglawga.com\/es\/wp-json\/wp\/v2\/pages\/1994"}],"wp:attachment":[{"href":"https:\/\/dglawga.com\/es\/wp-json\/wp\/v2\/media?parent=2035"}],"wp:term":[{"taxonomy":"category","embeddable":true,"href":"https:\/\/dglawga.com\/es\/wp-json\/wp\/v2\/categories?post=2035"},{"taxonomy":"post_tag","embeddable":true,"href":"https:\/\/dglawga.com\/es\/wp-json\/wp\/v2\/tags?post=2035"}],"curies":[{"name":"wp","href":"https:\/\/api.w.org\/{rel}","templated":true}]}}