{"id":2039,"date":"2022-06-07T17:47:53","date_gmt":"2022-06-07T17:47:53","guid":{"rendered":"https:\/\/diazgaetalaw.wpengine.com\/?page_id=2039"},"modified":"2025-06-15T10:31:33","modified_gmt":"2025-06-15T15:31:33","slug":"abogado-lgbt-2","status":"publish","type":"page","link":"https:\/\/dglawga.com\/es\/smyrna\/lgbt-lawyer\/","title":{"rendered":"Abogado LGBT de Smyrna"},"content":{"rendered":"<p>Como la mayor\u00eda de la gente ya sabe, LGBT es un t\u00e9rmino general que significa lesbiana, gay, bisexual y transg\u00e9nero. <br>Para quienes se identifican con la comunidad LGBT, obtener representaci\u00f3n legal a veces puede resultar un desaf\u00edo. <br>una tarea dif\u00edcil.<\/p>\n\n\n\n<p>Desde la validaci\u00f3n de los matrimonios homosexuales por parte de la Corte Suprema, las parejas del mismo sexo enfrentan los mismos desaf\u00edos y gozan de los mismos derechos que otras parejas casadas. En D\u00edaz &amp; Gaeta, nos comprometemos a ayudar a las personas y parejas LGBT en... <a href=\"https:\/\/dglawga.com\/es\/esmirna\/\"><strong>Smyrna<\/strong><\/a> y en toda Georgia.<\/p>\n\n\n\n<p>Si eres miembro de la comunidad LGBT y necesitas un abogado, puedes contar con D\u00edaz &amp; Gaeta. <br>Llamar <a href=\"tel:+16785032780\"><strong>678-503-2780<\/strong><\/a> o utilice nuestro formulario de contacto para programar una consulta gratuita con uno de nuestros abogados experimentados y compasivos.<\/p>\n\n\n\n<div class=\"wp-block-group has-accent-background-color has-background is-vertical is-layout-flex wp-container-core-group-is-layout-283d9697 wp-block-group-is-layout-flex\" style=\"border-top-left-radius:15px;border-top-right-radius:15px;margin-top:var(--wp--preset--spacing--30)\">\n<h2 class=\"wp-block-heading has-primary-color has-text-color has-link-color wp-elements-4164a61e17ffbe9e8a7446952ec87a5a\" id=\"aioseo-table-of-contents\">TABLA DE CONTENIDO<\/h2>\n<\/div>\n\n\n\n<div class=\"wp-block-group has-background is-vertical is-layout-flex wp-container-core-group-is-layout-d644fc7a wp-block-group-is-layout-flex\" style=\"border-bottom-left-radius:15px;border-bottom-right-radius:15px;background-color:#f3f3f3;margin-top:0\"><div class=\"wp-block-aioseo-table-of-contents\"><ul><li><a class=\"aioseo-toc-item\" href=\"#aioseo-rights-of-the-lgbt-community-in-georgia\">Derechos de la comunidad LGBT en Georgia<\/a><\/li><li><a class=\"aioseo-toc-item\" href=\"#aioseo-what-types-of-cases-can-diaz-gaeta-help-me-with\">\u00bfCon qu\u00e9 tipos de casos puede ayudarme D\u00edaz &amp; Gaeta?<\/a><ul><li><a class=\"aioseo-toc-item\" href=\"#aioseo-immigration\">Inmigraci\u00f3n<\/a><\/li><li><a class=\"aioseo-toc-item\" href=\"#aioseo-k-1-fiancee-visa\">Visa de prometido(a) K-1<\/a><\/li><li><a class=\"aioseo-toc-item\" href=\"#aioseo-u-s-citizenship-naturalization\">Ciudadan\u00eda y naturalizaci\u00f3n de EE. UU.<\/a><\/li><li><a class=\"aioseo-toc-item\" href=\"#aioseo-lgbt-marriage-visa\">Visa de matrimonio LGBT<\/a><\/li><li><a class=\"aioseo-toc-item\" href=\"#aioseo-green-card-benefits\">Beneficios de la Tarjeta Verde<\/a><\/li><li><a class=\"aioseo-toc-item\" href=\"#aioseo-asylum\">Asilo<\/a><\/li><li><a class=\"aioseo-toc-item\" href=\"#aioseo-withholding-of-removal\">Suspensi\u00f3n de la deportaci\u00f3n<\/a><\/li><li><a class=\"aioseo-toc-item\" href=\"#aioseo-criminal-charges\">Cargos criminales<\/a><\/li><li><a class=\"aioseo-toc-item\" href=\"#aioseo-personal-injury\">Lesiones personales<\/a><\/li><li><a class=\"aioseo-toc-item\" href=\"#aioseo-car-accidents\">Accidentes de Auto<\/a><\/li><li><a class=\"aioseo-toc-item\" href=\"#aioseo-family-law\">Derecho Familiar<\/a><\/li><\/ul><\/li><li><a class=\"aioseo-toc-item\" href=\"#aioseo-why-are-diaz-gaeta-the-best-lawyers-for-cases-involving-the-lgbt-community\">\u00bfPor qu\u00e9 D\u00edaz &amp; Gaeta son los mejores abogados para casos que involucran a la comunidad LGBT?<\/a><ul><li><a class=\"aioseo-toc-item\" href=\"#aioseo-experience\">Experiencia<\/a><\/li><li><a class=\"aioseo-toc-item\" href=\"#aioseo-reasonable-prices\">Precios razonables<\/a><\/li><li><a class=\"aioseo-toc-item\" href=\"#aioseo-track-record\">Historial de trayectoria<\/a><\/li><\/ul><\/li><li><a class=\"aioseo-toc-item\" href=\"#aioseo-call-our-smyrna-lgbt-lawyers-today\">\u00a1Llame hoy a nuestros abogados LGBT de Smyrna!<\/a><\/li><\/ul><\/div><\/div>\n\n\n\n<h2 class=\"wp-block-heading\" id=\"aioseo-rights-of-the-lgbt-community-in-georgia\" style=\"padding-top:var(--wp--preset--spacing--20)\">Derechos de la comunidad LGBT en Georgia<\/h2>\n\n\n\n<p>Aqu\u00ed hay puntos importantes <strong><a href=\"https:\/\/www.hrc.org\/resources\/state-scorecards\/georgia\" target=\"_blank\" rel=\"noopener\">derechos de la comunidad LGBT en Georgia<\/a><\/strong>.<\/p>\n\n\n\n<ul class=\"wp-block-list\">\n<li><strong>Actividad sexual entre personas del mismo sexo en Georgia:<\/strong> La actividad sexual consensuada entre personas del mismo sexo es legal.<\/li>\n\n\n\n<li><strong>Matrimonio LGBT:<\/strong> El matrimonio entre personas del mismo sexo est\u00e1 reconocido desde un fallo del Tribunal Supremo en 2015.<\/li>\n\n\n\n<li><strong>Adopci\u00f3n:<\/strong> Las parejas del mismo sexo casadas tienen los mismos derechos, incluida la adopci\u00f3n por parte de padrastros y la adopci\u00f3n conjunta para parejas del mismo sexo casadas.<\/li>\n\n\n\n<li><strong>Derecho a cambiar de g\u00e9nero legal:<\/strong> Georgia permite a las personas transg\u00e9nero cambiar su g\u00e9nero en su certificado de nacimiento y licencia de conducir despu\u00e9s de una cirug\u00eda.<\/li>\n\n\n\n<li><strong>Discriminaci\u00f3n LGBT:<\/strong> Georgia no tiene una ley estatal que proh\u00edba la discriminaci\u00f3n LGBT, pero la Corte Suprema de Estados Unidos ha dictaminado que la discriminaci\u00f3n laboral basada en la orientaci\u00f3n sexual y la identidad de g\u00e9nero es ilegal.<\/li>\n\n\n\n<li><strong>Igualdad de edad de consentimiento:<\/strong> La edad de consentimiento para las relaciones sexuales tanto homosexuales como heterosexuales en Georgia es de 16 a\u00f1os.<\/li>\n\n\n\n<li><strong>Proyecto de ley sobre delitos de odio: <a href=\"https:\/\/georgiaequality.org\/2020\/06\/3012\/\" target=\"_blank\" rel=\"noopener nofollow\">Ley de delitos de odio de Georgia<\/a><\/strong> Incluye expl\u00edcitamente la orientaci\u00f3n sexual.<\/li>\n<\/ul>\n\n\n\n<h2 class=\"wp-block-heading\" id=\"aioseo-what-types-of-cases-can-diaz-gaeta-help-me-with\" style=\"padding-top:var(--wp--preset--spacing--20)\">\u00bfCon qu\u00e9 tipos de casos puede ayudarme D\u00edaz &amp; Gaeta?<\/h2>\n\n\n\n<p>Con amplia experiencia en diversas \u00e1reas del derecho, los abogados de D\u00edaz &amp; Gaeta son litigantes expertos. Hemos defendido y ganado numerosos casos en tribunales de Georgia. Nuestro equipo puede ayudar a clientes LGBT con diversos asuntos, como visas de matrimonio LGBT, visas K-1 para prometidos, asilo, beneficios de la tarjeta verde, naturalizaci\u00f3n de ciudadan\u00eda estadounidense y suspensi\u00f3n de deportaci\u00f3n.<\/p>\n\n\n\n<p>Tambi\u00e9n ayudamos con casos que involucran lesiones personales, accidentes automovil\u00edsticos, cargos criminales, posesi\u00f3n de drogas, DUI y otros delitos graves y menores.<\/p>\n\n\n\n<p>\u00a1Los clientes que enfrentan divorcios, derecho de familia, manutenci\u00f3n infantil, litigios de custodia, \u00f3rdenes de restricci\u00f3n y pensi\u00f3n alimenticia tambi\u00e9n pueden contar con nosotros!<\/p>\n\n\n\n<p>A continuaci\u00f3n se muestra un desglose de los servicios legales LGBT que ofrecemos:<\/p>\n\n\n\n<h4 class=\"wp-block-heading\" id=\"aioseo-immigration\">Inmigraci\u00f3n<\/h4>\n\n\n\n<p>Nuestros abogados LGBT son expertos en derecho familiar. <strong><a href=\"https:\/\/dglawga.com\/es\/esmirna\/abogado-de-inmigracion-2\/\">Trabajo de inmigraci\u00f3n y defensa de la deportaci\u00f3n<\/a><\/strong>. Nos especializamos en DACA (Acci\u00f3n Diferida para los Llegados en la Infancia) y sus renovaciones. Nuestra firma ha representado a clientes LGBT en tribunales federales de inmigraci\u00f3n en todo Georgia y en numerosos procedimientos ante el USCIS (Servicio de Ciudadan\u00eda e Inmigraci\u00f3n de los Estados Unidos).<\/p>\n\n\n\n<p>Ayudamos a familias de todo el mundo a obtener un estatus legal en Estados Unidos. No nos echamos atr\u00e1s en ning\u00fan caso, por dif\u00edcil que sea. Incluso si otros abogados los han rechazado o inmigraci\u00f3n los ha rechazado, nuestros abogados expertos encontrar\u00e1n una soluci\u00f3n.<\/p>\n\n\n\n<h4 class=\"wp-block-heading\" id=\"aioseo-k-1-fiancee-visa\">Visa de prometido(a) K-1<\/h4>\n\n\n\n<p>D\u00edaz y Gaeta ayudan a los residentes LGBT de Georgia a traer a sus prometidos extranjeros a los Estados Unidos a trav\u00e9s de <strong><a href=\"https:\/\/www.uscis.gov\/family\/family-of-us-citizens\/visas-for-fiancees-of-us-citizens\" target=\"_blank\" rel=\"noopener\">Solicitudes de visa de prometida K-1<\/a>.<\/strong> Este tipo de visa permite a los extranjeros ingresar a EE. UU. y casarse con su prometida en un plazo de 90 d\u00edas. Los solicitantes tambi\u00e9n deben solicitar un ajuste de estatus.<\/p>\n\n\n\n<p>El Consulado de EE. UU. en el pa\u00eds de residencia de la prometida\/o toma decisiones sobre las visas de prometido\/a. Dado que estas decisiones consulares son dif\u00edciles de apelar una vez denegadas, conviene presentar una solicitud de visa s\u00f3lida.<\/p>\n\n\n\n<p>Podemos ayudarle a preparar una solicitud s\u00f3lida y abordar cuestiones como un historial de relaciones corto y diferencias de edad significativas.<\/p>\n\n\n\n<h4 class=\"wp-block-heading\" id=\"aioseo-u-s-citizenship-naturalization\">Ciudadan\u00eda y naturalizaci\u00f3n de EE. UU.<\/h4>\n\n\n\n<p>D\u00edaz &amp; Gaeta puede ayudar a clientes LGBT que ya son residentes permanentes legales a obtener la ciudadan\u00eda estadounidense mediante la naturalizaci\u00f3n. Evaluaremos sus antecedentes migratorios y penales para determinar si cumple los requisitos.<\/p>\n\n\n\n<p>Luego le ayudaremos a preparar una solicitud de naturalizaci\u00f3n s\u00f3lida y le prepararemos para su entrevista.<\/p>\n\n\n\n<p>Si est\u00e1 considerando la naturalizaci\u00f3n, trabajar con un abogado de inmigraci\u00f3n es crucial para maximizar las posibilidades de \u00e9xito de su solicitud. Adem\u00e1s, trabajar con un abogado LGBT le garantizar\u00e1 que no ponga en riesgo su estatus de residente permanente legal.<\/p>\n\n\n\n<h4 class=\"wp-block-heading\" id=\"aioseo-lgbt-marriage-visa\">Visa de matrimonio LGBT<\/h4>\n\n\n\n<p>Los abogados LGBT de Georgia de D\u00edaz &amp; Gaeta ayudan a los extranjeros LGBT casados con ciudadanos estadounidenses a convertirse en residentes permanentes legales en funci\u00f3n de su matrimonio.<\/p>\n\n\n\n<p>Dado que casarse con un ciudadano estadounidense es una de las formas m\u00e1s r\u00e1pidas de obtener una tarjeta verde, el proceso implica mucho escrutinio.<\/p>\n\n\n\n<p>Si est\u00e1 pensando en casarse con un ciudadano estadounidense o ya se ha casado con un ciudadano estadounidense, no dude en comunicarse con nosotros para analizar sus opciones para obtener una<strong> <a href=\"https:\/\/www.uscis.gov\/family\/same-sex-marriages\" target=\"_blank\" rel=\"noopener nofollow\">Visa de matrimonio LGBT<\/a><\/strong>.<\/p>\n\n\n\n<h4 class=\"wp-block-heading\" id=\"aioseo-green-card-benefits\">Beneficios de la Tarjeta Verde<\/h4>\n\n\n\n<p>Una tarjeta verde le otorga la residencia permanente legal en EE. UU. Esto significa que puede trabajar y vivir donde desee en Estados Unidos. Nuestros abogados pueden ayudarle a solicitar una tarjeta verde. Le ayudaremos a completar toda la documentaci\u00f3n necesaria y nos aseguraremos de que presente todos los documentos de respaldo.<\/p>\n\n\n\n<figure class=\"wp-block-image aligncenter\" style=\"margin-top:var(--wp--preset--spacing--20);margin-bottom:var(--wp--preset--spacing--20)\"><a href=\"https:\/\/dglawga.com\/wp-content\/uploads\/2022\/06\/smyrna-lgbt-lawyer.jpg\"><img loading=\"lazy\" decoding=\"async\" width=\"500\" height=\"334\" src=\"https:\/\/dglawga.com\/wp-content\/uploads\/2022\/06\/smyrna-lgbt-lawyer.jpg\" alt=\"Un abogado LGBT de Smyrna se re\u00fane con una feliz pareja gay\" class=\"wp-image-3242\" srcset=\"https:\/\/dglawga.com\/wp-content\/uploads\/2022\/06\/smyrna-lgbt-lawyer.jpg 500w, https:\/\/dglawga.com\/wp-content\/uploads\/2022\/06\/smyrna-lgbt-lawyer-300x200.jpg 300w\" sizes=\"auto, (max-width: 500px) 100vw, 500px\" \/><\/a><\/figure>\n\n\n\n<h4 class=\"wp-block-heading\" id=\"aioseo-asylum\">Asilo<\/h4>\n\n\n\n<p>Si se identifica con la comunidad LGBT y ha sido perjudicado o tiene un temor fundado de ser perjudicado o asesinado en su pa\u00eds de origen debido a su identidad de g\u00e9nero u orientaci\u00f3n sexual, D\u00edaz &amp; Gaeta puede ayudarle a obtener asilo LGBT.<\/p>\n\n\n\n<p>Nuestros abogados pueden ayudarle a obtener asilo demostrando que usted sufri\u00f3 da\u00f1os o estuvo al borde de sufrir da\u00f1os o ser asesinado.<\/p>\n\n\n\n<h4 class=\"wp-block-heading\" id=\"aioseo-withholding-of-removal\">Suspensi\u00f3n de la deportaci\u00f3n<\/h4>\n\n\n\n<p>Para los solicitantes de asilo LGBT en proceso de deportaci\u00f3n, nuestros abogados pueden detener la deportaci\u00f3n siempre que el solicitante sea elegible para la Suspensi\u00f3n de Deportaci\u00f3n. Podemos ayudarle a demostrar que su vida o sus libertades se ver\u00edan amenazadas debido a su identidad de g\u00e9nero, orientaci\u00f3n sexual, religi\u00f3n, etc.<\/p>\n\n\n\n<h4 class=\"wp-block-heading\" id=\"aioseo-criminal-charges\">Cargos criminales<\/h4>\n\n\n\n<p>En D\u00edaz &amp; Gaeta tambi\u00e9n nos especializamos en brindar <strong><a href=\"https:\/\/dglawga.com\/es\/esmirna\/abogado-defensor-penal-2\/\">servicios agresivos de defensa penal<\/a><\/strong> a clientes LGBT que luchan contra casos criminales como cr\u00edmenes violentos, DUI, posesi\u00f3n de drogas y otros delitos graves y menores.<\/p>\n\n\n\n<p>Culpable o inocente, nuestros abogados luchar\u00e1n para proteger su libertad, sus derechos y su futuro.<\/p>\n\n\n\n<h4 class=\"wp-block-heading\" id=\"aioseo-personal-injury\">Lesiones personales<\/h4>\n\n\n\n<p>Ayudamos a los clientes LGBT con <strong><a href=\"https:\/\/dglawga.com\/es\/esmirna\/abogado-de-lesiones-personales\/\">casos de lesiones personales<\/a><\/strong> y protegerlos de las compa\u00f1\u00edas de seguros explotadoras. Nuestros abogados le quitan el estr\u00e9s al gestionar todos los procesos y garantizar que reciba la compensaci\u00f3n que merece.<\/p>\n\n\n\n<h4 class=\"wp-block-heading\" id=\"aioseo-car-accidents\">Accidentes de Auto<\/h4>\n\n\n\n<p>Ya sea que tengas parte de culpa o no, si te metes en un l\u00edo <strong><a href=\"https:\/\/dglawga.com\/es\/esmirna\/abogado-de-accidentes-de-coche\/\">accidente automovil\u00edstico<\/a><\/strong>, Ll\u00e1menos de inmediato. Podemos ayudarle a usted y a sus pasajeros a obtener una compensaci\u00f3n por los da\u00f1os presentes y futuros asociados con el accidente.<\/p>\n\n\n\n<h4 class=\"wp-block-heading\" id=\"aioseo-family-law\">Derecho Familiar<\/h4>\n\n\n\n<p>Ofrecemos servicios legales a clientes LGBT que requieren asesor\u00eda y representaci\u00f3n legal en <strong><a href=\"https:\/\/dglawga.com\/es\/esmirna\/abogado-de-derecho-de-familia\/\">casos de derecho de familia<\/a><\/strong>, incluidos divorcios, litigios de custodia, manutenci\u00f3n infantil, \u00f3rdenes de restricci\u00f3n, pensi\u00f3n alimenticia y violencia dom\u00e9stica.<\/p>\n\n\n\n<p>Entendemos que, en ocasiones, las parejas homosexuales pueden revelar su identidad sexual despu\u00e9s de estar en matrimonios con personas de distinto sexo. Esto podr\u00eda plantear dificultades que lleven a un divorcio. Hemos ayudado a residentes homosexuales y lesbianas de Georgia con divorcios y otras disputas relacionadas con el derecho familiar.<\/p>\n\n\n\n<p>Dado que Georgia tiene un sistema legal severo para gays y lesbianas en los procesos de divorcio, es muy probable que necesite un asesor experimentado y de confianza. Estamos listos para luchar hasta el final para garantizar que obtenga una sentencia o acuerdo justo y equitativo.<\/p>\n\n\n\n<h2 class=\"wp-block-heading\" id=\"aioseo-why-are-diaz-gaeta-the-best-lawyers-for-cases-involving-the-lgbt-community\" style=\"padding-top:var(--wp--preset--spacing--20)\">\u00bfPor qu\u00e9 D\u00edaz &amp; Gaeta son los mejores abogados para casos que involucran a la comunidad LGBT?<\/h2>\n\n\n\n<p>Aqu\u00ed hay algunas razones clave para elegir a nuestros abogados LGBT de Smyrna para manejar su caso:<\/p>\n\n\n\n<h4 class=\"wp-block-heading\" id=\"aioseo-experience\">Experiencia<\/h4>\n\n\n\n<p>Nuestros abogados LGBT experimentados cuentan con amplia experiencia en diversas \u00e1reas del derecho. Trabajamos juntos para abordar casos complejos.<\/p>\n\n\n\n<h4 class=\"wp-block-heading\" id=\"aioseo-reasonable-prices\">Precios razonables<\/h4>\n\n\n\n<p>En cuanto a precios, D\u00edaz &amp; Gaeta es transparente. Ofrecemos precios justos y honestos con una consulta gratuita.<\/p>\n\n\n\n<h4 class=\"wp-block-heading\" id=\"aioseo-track-record\">Historial de trayectoria<\/h4>\n\n\n\n<p>Contamos con una trayectoria impecable en cuanto a casos. Nuestra trayectoria habla por s\u00ed sola cuando se trata de casos que otros abogados han rechazado.<\/p>\n\n\n\n<h2 class=\"wp-block-heading\" id=\"aioseo-call-our-smyrna-lgbt-lawyers-today\" style=\"padding-top:var(--wp--preset--spacing--20)\">\u00a1Llame hoy a nuestros abogados LGBT de Smyrna!<\/h2>\n\n\n\n<p>Al igual que todos los dem\u00e1s, las personas homosexuales, lesbianas, bisexuales y transg\u00e9nero pueden encontrarse lidiando con problemas como inmigraci\u00f3n, divorcio, custodia de menores, lesiones personales o cargos criminales. <strong><a href=\"https:\/\/dglawga.com\/es\/\">D\u00edaz y Gaeta<\/a><\/strong>, Estamos comprometidos a ayudar a las personas y parejas LGBT en Smyrna y en todo Georgia.<\/p>\n\n\n\n<p>Le aseguramos que nuestra comprensi\u00f3n de las complicaciones que conllevan los casos LGBT nos permitir\u00e1 brindarle la asesor\u00eda legal adecuada. Ll\u00e1menos hoy al <a href=\"tel:+16785032780\"><strong>678-503-2780<\/strong><\/a> para programar una consulta gratuita.<\/p>","protected":false},"excerpt":{"rendered":"<p>As most people already know, LGBT is an umbrella term that means lesbian, gay, bisexual, and transgender. For those who identify with the LGBT community, getting legal representation can sometimes prove to be a tall order. Since the validation of gay marriages by the Supreme Court, same-sex couples face the same challenges and enjoy the [&hellip;]<\/p>\n","protected":false},"author":34,"featured_media":0,"parent":1994,"menu_order":0,"comment_status":"closed","ping_status":"closed","template":"wp-custom-template-smyrna-services","meta":{"_acf_changed":false,"_themeisle_gutenberg_block_has_review":false,"footnotes":""},"categories":[51],"tags":[124,123,120,21,122,59,126,58,121,60,125,119,26,118,116,117],"class_list":["post-2039","page","type-page","status-publish","hentry","category-smyrna-location","tag-abogado-coche-acidente","tag-abogado-gratis","tag-attorney-lawyer","tag-car-accidents","tag-car-accidents-lawyer","tag-family-law","tag-imigracion-abogados","tag-immigration","tag-immigration-lawyer","tag-lgbt","tag-marietta-abogado","tag-marietta-lawyer","tag-personal-injury","tag-top-lawyer-in-marietta","tag-top-lawyers-in-atlanta","tag-top-lawyers-in-smyrna"],"acf":[],"aioseo_notices":[],"_links":{"self":[{"href":"https:\/\/dglawga.com\/es\/wp-json\/wp\/v2\/pages\/2039","targetHints":{"allow":["GET"]}}],"collection":[{"href":"https:\/\/dglawga.com\/es\/wp-json\/wp\/v2\/pages"}],"about":[{"href":"https:\/\/dglawga.com\/es\/wp-json\/wp\/v2\/types\/page"}],"author":[{"embeddable":true,"href":"https:\/\/dglawga.com\/es\/wp-json\/wp\/v2\/users\/34"}],"replies":[{"embeddable":true,"href":"https:\/\/dglawga.com\/es\/wp-json\/wp\/v2\/comments?post=2039"}],"version-history":[{"count":2,"href":"https:\/\/dglawga.com\/es\/wp-json\/wp\/v2\/pages\/2039\/revisions"}],"predecessor-version":[{"id":7702,"href":"https:\/\/dglawga.com\/es\/wp-json\/wp\/v2\/pages\/2039\/revisions\/7702"}],"up":[{"embeddable":true,"href":"https:\/\/dglawga.com\/es\/wp-json\/wp\/v2\/pages\/1994"}],"wp:attachment":[{"href":"https:\/\/dglawga.com\/es\/wp-json\/wp\/v2\/media?parent=2039"}],"wp:term":[{"taxonomy":"category","embeddable":true,"href":"https:\/\/dglawga.com\/es\/wp-json\/wp\/v2\/categories?post=2039"},{"taxonomy":"post_tag","embeddable":true,"href":"https:\/\/dglawga.com\/es\/wp-json\/wp\/v2\/tags?post=2039"}],"curies":[{"name":"wp","href":"https:\/\/api.w.org\/{rel}","templated":true}]}}