{"id":2051,"date":"2022-06-07T17:50:46","date_gmt":"2022-06-07T17:50:46","guid":{"rendered":"https:\/\/diazgaetalaw.wpengine.com\/?page_id=2051"},"modified":"2025-06-15T22:30:10","modified_gmt":"2025-06-16T03:30:10","slug":"abogado-de-accidentes-de-camiones","status":"publish","type":"page","link":"https:\/\/dglawga.com\/es\/sandy-springs\/truck-accident-lawyer\/","title":{"rendered":"Abogado de accidentes de camiones en Sandy Springs"},"content":{"rendered":"<p>Sufrir un accidente de cami\u00f3n puede provocar lesiones graves y necesitar una soluci\u00f3n que le brinde tranquilidad. Al lidiar con el estr\u00e9s de un accidente como este, no sabr\u00e1 por d\u00f3nde empezar ni c\u00f3mo controlar la situaci\u00f3n correctamente.<\/p>\n\n\n\n<p>En Diaz &amp; Gaeta, somos un bufete de abogados que ha ayudado a clientes en situaciones como estas. Nuestros abogados de accidentes de cami\u00f3n en Sandy Springs cuentan con experiencia, conocimientos y est\u00e1n comprometidos a ayudar a nuestros clientes a obtener la compensaci\u00f3n completa que merecen.<\/p>\n\n\n\n<p>Para saber m\u00e1s sobre lo que nuestro <strong><a href=\"https:\/\/dglawga.com\/es\/manantiales-arenosos\/abogado-de-accidentes-de-coche\/\">Abogados de accidentes automovil\u00edsticos en Sandy Springs<\/a><\/strong> puede hacer por usted, llame <a href=\"tel:+16785032780\"><strong data-rich-text-format-boundary=\"true\">678-503-2780<\/strong><\/a> \u00a1De inmediato! Su consulta inicial es gratuita y no paga nada hasta que obtengamos una compensaci\u00f3n para usted.<\/p>\n\n\n\n<div class=\"wp-block-group has-accent-background-color has-background is-vertical is-layout-flex wp-container-core-group-is-layout-283d9697 wp-block-group-is-layout-flex\" style=\"border-top-left-radius:15px;border-top-right-radius:15px;margin-top:var(--wp--preset--spacing--30)\">\n<h2 class=\"wp-block-heading has-primary-color has-text-color has-link-color wp-elements-4164a61e17ffbe9e8a7446952ec87a5a\" id=\"aioseo-table-of-contents\">TABLA DE CONTENIDO<\/h2>\n<\/div>\n\n\n\n<div class=\"wp-block-group has-background is-vertical is-layout-flex wp-container-core-group-is-layout-d644fc7a wp-block-group-is-layout-flex\" style=\"border-bottom-left-radius:15px;border-bottom-right-radius:15px;background-color:#f3f3f3;margin-top:0\"><div class=\"wp-block-aioseo-table-of-contents\"><ul><li><a class=\"aioseo-toc-item\" href=\"#aioseo-truck-accident-statistics\">Estad\u00edsticas de accidentes de camiones<\/a><\/li><li><a class=\"aioseo-toc-item\" href=\"#aioseo-what-should-you-do-after-a-truck-accident\">\u00bfQu\u00e9 debe hacer despu\u00e9s de un accidente de cami\u00f3n?<\/a><\/li><li><a class=\"aioseo-toc-item\" href=\"#aioseo-what-are-the-laws-regarding-truck-accident-liability\">\u00bfCu\u00e1les son las leyes sobre responsabilidad por accidentes de camiones?<\/a><\/li><li><a class=\"aioseo-toc-item\" href=\"#aioseo-how-can-a-sandy-springs-truck-accident-lawyer-help\">\u00bfC\u00f3mo puede ayudar un abogado de accidentes de camiones de Sandy Springs?<\/a><ul><li><a class=\"aioseo-toc-item\" href=\"#aioseo-investigation\">Investigaci\u00f3n<\/a><\/li><li><a class=\"aioseo-toc-item\" href=\"#aioseo-filing-a-claim\">Presentar una reclamaci\u00f3n<\/a><\/li><li><a class=\"aioseo-toc-item\" href=\"#aioseo-negotiations\">Negociaciones<\/a><\/li><li><a class=\"aioseo-toc-item\" href=\"#aioseo-litigation\">Litigio<\/a><\/li><\/ul><\/li><li><a class=\"aioseo-toc-item\" href=\"#aioseo-what-types-of-compensation-can-i-receive\">\u00bfQu\u00e9 tipos de compensaci\u00f3n puedo recibir?<\/a><ul><li><a class=\"aioseo-toc-item\" href=\"#aioseo-economic-damages\">Da\u00f1os econ\u00f3micos<\/a><\/li><li><a class=\"aioseo-toc-item\" href=\"#aioseo-non-economic-damages\">Da\u00f1os no econ\u00f3micos<\/a><\/li><li><a class=\"aioseo-toc-item\" href=\"#aioseo-punitive-damages\">Da\u00f1os punitivos<\/a><\/li><\/ul><\/li><li><a class=\"aioseo-toc-item\" href=\"#aioseo-how-much-is-my-truck-accident-claim-worth\">\u00bfCu\u00e1nto vale mi reclamo por accidente de cami\u00f3n?<\/a><\/li><li><a class=\"aioseo-toc-item\" href=\"#aioseo-is-there-a-deadline-for-filing-a-claim\">\u00bfExiste una fecha l\u00edmite para presentar una reclamaci\u00f3n?<\/a><\/li><li><a class=\"aioseo-toc-item\" href=\"#aioseo-how-is-fault-in-a-truck-accident-determined\">\u00bfC\u00f3mo se determina la culpa en un accidente de cami\u00f3n?<\/a><\/li><li><a class=\"aioseo-toc-item\" href=\"#aioseo-can-a-lawyer-prove-the-truck-driver-was-negligent\">\u00bfPuede un abogado demostrar que el conductor del cami\u00f3n fue negligente?<\/a><\/li><li><a class=\"aioseo-toc-item\" href=\"#aioseo-who-can-be-held-liable\">\u00bfQui\u00e9n puede ser considerado responsable?<\/a><\/li><li><a class=\"aioseo-toc-item\" href=\"#aioseo-common-causes-of-truck-accidents\">Causas comunes de accidentes de camiones<\/a><\/li><li><a class=\"aioseo-toc-item\" href=\"#aioseo-injured-in-a-truck-accident-call-diaz-gaeta-for-help\">\u00bfLesionado en un accidente de cami\u00f3n? \u00a1Llame a D\u00edaz Gaeta para obtener ayuda!<\/a><\/li><\/ul><\/div><\/div>\n\n\n\n<h2 class=\"wp-block-heading\" id=\"aioseo-truck-accident-statistics\" style=\"padding-top:var(--wp--preset--spacing--20)\">Estad\u00edsticas de accidentes de camiones<\/h2>\n\n\n\n<ul class=\"wp-block-list\">\n<li>M\u00e1s de 200 personas mueren cada a\u00f1o en accidentes de camiones.<\/li>\n\n\n\n<li>6 de cada 7 pasajeros de autom\u00f3viles peque\u00f1os mueren en accidentes de camiones.<\/li>\n\n\n\n<li>En Georgia, uno de cada seis accidentes involucra un cami\u00f3n.<\/li>\n<\/ul>\n\n\n\n<h2 class=\"wp-block-heading\" id=\"aioseo-what-should-you-do-after-a-truck-accident\" style=\"padding-top:var(--wp--preset--spacing--20)\">\u00bfQu\u00e9 debe hacer despu\u00e9s de un accidente de cami\u00f3n?<\/h2>\n\n\n\n<p>Tras sufrir un accidente de cami\u00f3n, es importante recuperarse lo antes posible. Cuanto mejor reaccione durante este per\u00edodo, mejor ser\u00e1 su resultado posterior. Tambi\u00e9n es vital para su bienestar corregir la situaci\u00f3n despu\u00e9s de un accidente de cami\u00f3n.<\/p>\n\n\n\n<p>Los pasos principales incluyen:<\/p>\n\n\n\n<ul class=\"wp-block-list\">\n<li>Llama al 911.<\/li>\n\n\n\n<li>Ayudar a otras personas implicadas en el accidente.<\/li>\n\n\n\n<li>Intercambie informaci\u00f3n de contacto con el conductor del cami\u00f3n.<\/li>\n\n\n\n<li>Tome fotograf\u00edas y videos de la escena.<\/li>\n\n\n\n<li>Comun\u00edquese con los testigos presenciales para obtener informaci\u00f3n de contacto.<\/li>\n\n\n\n<li>Busque asistencia m\u00e9dica incluso si cree que no est\u00e1 herido.<\/li>\n\n\n\n<li>Comun\u00edquese con un abogado especializado en accidentes de camiones.<\/li>\n<\/ul>\n\n\n\n<h2 class=\"wp-block-heading\" id=\"aioseo-what-are-the-laws-regarding-truck-accident-liability\" style=\"padding-top:var(--wp--preset--spacing--20)\">\u00bfCu\u00e1les son las leyes sobre responsabilidad por accidentes de camiones?<\/h2>\n\n\n\n<p>La responsabilidad por accidentes de camiones se determina en funci\u00f3n de <a href=\"https:\/\/www.nerdwallet.com\/article\/insurance\/at-fault-accident\" target=\"_blank\" rel=\"noopener\"><strong>negligencia comparativa<\/strong><\/a> En el estado de Georgia, esto significa que se asigna un porcentaje a cada parte del accidente seg\u00fan qui\u00e9n tuvo la culpa y en qu\u00e9 medida. Por ejemplo, a un camionero se le podr\u00eda asignar un porcentaje de responsabilidad del 70%, lo que significa que deber\u00e1 pagar el 70% de la indemnizaci\u00f3n estipulada.<\/p>\n\n\n\n<h2 class=\"wp-block-heading\" id=\"aioseo-how-can-a-sandy-springs-truck-accident-lawyer-help\" style=\"padding-top:var(--wp--preset--spacing--20)\">\u00bfC\u00f3mo puede ayudar un abogado de accidentes de camiones de Sandy Springs?<\/h2>\n\n\n\n<p>As\u00ed es como un abogado de accidentes de camiones de Sandy Springs puede ayudarle con su caso:<\/p>\n\n\n\n<h4 class=\"wp-block-heading\" id=\"aioseo-investigation\">Investigaci\u00f3n<\/h4>\n\n\n\n<p>Una de las partes m\u00e1s importantes del proceso legal es preparar un caso s\u00f3lido. Para ello, es fundamental investigar cada elemento del caso. Aqu\u00ed es donde un despacho de abogados acreditado como el nuestro, Diaz &amp; Gaeta, puede ayudarle.<\/p>\n\n\n\n<p>Investigaremos cada aspecto del accidente de cami\u00f3n para presentar un reclamo legal s\u00f3lido en Georgia.<\/p>\n\n\n\n<h4 class=\"wp-block-heading\" id=\"aioseo-filing-a-claim\">Presentar una reclamaci\u00f3n<\/h4>\n\n\n\n<p>La reclamaci\u00f3n por lesiones personales debe presentarse en un plazo de dos a\u00f1os y debe hacerse correctamente. Como bufete de abogados con a\u00f1os de experiencia, podemos ayudarle. Una reclamaci\u00f3n por lesiones personales impecable funcionar\u00e1 seg\u00fan lo previsto y le proporcionar\u00e1 los resultados esperados en cuanto se apruebe.<\/p>\n\n\n\n<h4 class=\"wp-block-heading\" id=\"aioseo-negotiations\">Negociaciones<\/h4>\n\n\n\n<p>En algunos casos, la otra parte manifestar\u00e1 que no desea ir a juicio. Esto significa que busca un acuerdo extrajudicial que resuelva el asunto y evite que se convierta en un juicio. Por ello, un buen abogado puede marcar la diferencia. El abogado se tomar\u00e1 el tiempo necesario para escuchar sus necesidades y luego se pondr\u00e1 en contacto con la otra parte para una negociaci\u00f3n exhaustiva.<\/p>\n\n\n\n<h4 class=\"wp-block-heading\" id=\"aioseo-litigation\">Litigio<\/h4>\n\n\n\n<p>La otra parte puede negarse a llegar a un acuerdo. En ese caso, lo m\u00e1s com\u00fan es que el caso llegue a juicio. En estos casos, un abogado resulta \u00fatil, ya que querr\u00e1 representaci\u00f3n legal ante un juez para defender su postura.<\/p>\n\n\n\n<p>En D\u00edaz &amp; Gaeta, sabemos que esta es una de esas situaciones que pueden ser dif\u00edciles. Querr\u00e1 llegar al fondo del asunto y obtener su indemnizaci\u00f3n. Si eso es lo que desea, somos un bufete de abogados que haremos las cosas como usted desea.<\/p>\n\n\n\n<p>Ll\u00e1manos al <a href=\"tel:+16785032780\"><strong data-rich-text-format-boundary=\"true\">678-503-2780<\/strong><\/a> Para m\u00e1s informaci\u00f3n.<\/p>\n\n\n\n<h2 class=\"wp-block-heading\" id=\"aioseo-what-types-of-compensation-can-i-receive\" style=\"padding-top:var(--wp--preset--spacing--20)\">\u00bfQu\u00e9 tipos de compensaci\u00f3n puedo recibir?<\/h2>\n\n\n\n<p>Las v\u00edctimas pueden reclamar tres tipos de da\u00f1os en un caso de accidente de cami\u00f3n.<\/p>\n\n\n\n<h4 class=\"wp-block-heading\" id=\"aioseo-economic-damages\">Da\u00f1os econ\u00f3micos<\/h4>\n\n\n\n<p>Lo m\u00e1s probable es que primero considere los da\u00f1os econ\u00f3micos. Estos da\u00f1os se refieren a cualquier p\u00e9rdida monetaria que haya sufrido debido al accidente de cami\u00f3n. \u00bfHa tenido que pagar por la reparaci\u00f3n de su veh\u00edculo? \u00bfY las facturas m\u00e9dicas?<\/p>\n\n\n\n<p>Cualquier costo que surja debido al accidente del cami\u00f3n se enumerar\u00e1 como da\u00f1o econ\u00f3mico.<\/p>\n\n\n\n<h4 class=\"wp-block-heading\" id=\"aioseo-non-economic-damages\">Da\u00f1os no econ\u00f3micos<\/h4>\n\n\n\n<p>La otra categor\u00eda son los da\u00f1os no econ\u00f3micos. Se trata de cualquier tipo de da\u00f1o que no tenga un componente monetario espec\u00edfico. Podr\u00eda tratarse de estr\u00e9s, depresi\u00f3n, ansiedad o una disminuci\u00f3n en la calidad de vida debido al accidente de cami\u00f3n. Esto puede ocurrir dependiendo de las consecuencias del accidente y de c\u00f3mo haya cambiado su vida.<\/p>\n\n\n\n<h4 class=\"wp-block-heading\" id=\"aioseo-punitive-damages\">Da\u00f1os punitivos<\/h4>\n\n\n\n<p><a href=\"http:\/\/ga.elaws.us\/law\/section9-3-33\" target=\"_blank\" rel=\"noopener\"><strong>Da\u00f1os punitivos<\/strong><\/a> Se reservan para casos en los que el acusado fue culpable de mala conducta deliberada o desprecio temerario por la seguridad de terceros. Nuestras investigaciones determinar\u00e1n si estos da\u00f1os podr\u00edan ser considerados.<\/p>\n\n\n\n<p>Estaremos dispuestos a ayudarle con esta parte del proceso para asegurarnos de que todo salga como usted desea. Esto incluye programar una consulta detallada tan pronto como llame. <a href=\"tel:+16785032780\"><strong data-rich-text-format-boundary=\"true\">678-503-2780<\/strong><\/a>.<\/p>\n\n\n\n<figure class=\"wp-block-image aligncenter\" style=\"margin-top:var(--wp--preset--spacing--20);margin-bottom:var(--wp--preset--spacing--20)\"><a href=\"https:\/\/dglawga.com\/wp-content\/uploads\/2022\/06\/sandy-springs-truck-accident-lawyer-diaz-1.jpg\"><img loading=\"lazy\" decoding=\"async\" width=\"500\" height=\"333\" src=\"https:\/\/dglawga.com\/wp-content\/uploads\/2022\/06\/sandy-springs-truck-accident-lawyer-diaz-1.jpg\" alt=\"Cami\u00f3n semirremolque en la carretera, concepto del abogado de accidentes de camiones de Sandy Springs\" class=\"wp-image-3062\" srcset=\"https:\/\/dglawga.com\/wp-content\/uploads\/2022\/06\/sandy-springs-truck-accident-lawyer-diaz-1.jpg 500w, https:\/\/dglawga.com\/wp-content\/uploads\/2022\/06\/sandy-springs-truck-accident-lawyer-diaz-1-300x200.jpg 300w\" sizes=\"auto, (max-width: 500px) 100vw, 500px\" \/><\/a><\/figure>\n\n\n\n<h2 class=\"wp-block-heading\" id=\"aioseo-how-much-is-my-truck-accident-claim-worth\" style=\"padding-top:var(--wp--preset--spacing--20)\">\u00bfCu\u00e1nto vale mi reclamo por accidente de cami\u00f3n?<\/h2>\n\n\n\n<p>El valor de su reclamaci\u00f3n depende de los detalles del caso y de los da\u00f1os causados por la otra parte. Dado que la reclamaci\u00f3n por accidente de cami\u00f3n se basa en la premisa de negligencia comparativa, es recomendable considerar esto en detalle.<\/p>\n\n\n\n<p>Querr\u00e1 asegurarse de que el reclamo tenga en cuenta todas sus p\u00e9rdidas y est\u00e9 en sinton\u00eda con lo que desea. <br>Esto es importante para que reciba una compensaci\u00f3n adecuada. Llame a nuestros abogados de accidentes de camiones en Sandy Springs al <a href=\"tel:+16785032780\"><strong data-rich-text-format-boundary=\"true\">678-503-2780<\/strong><\/a> para una consulta gratuita para obtener m\u00e1s informaci\u00f3n.<\/p>\n\n\n\n<h2 class=\"wp-block-heading\" id=\"aioseo-is-there-a-deadline-for-filing-a-claim\" style=\"padding-top:var(--wp--preset--spacing--20)\">\u00bfExiste una fecha l\u00edmite para presentar una reclamaci\u00f3n?<\/h2>\n\n\n\n<p>S\u00ed, hay una fecha l\u00edmite estricta para presentar una solicitud. <strong><a href=\"https:\/\/dglawga.com\/es\/manantiales-arenosos\/abogado-de-lesiones-personales\/\">caso de lesiones personales<\/a><\/strong> Despu\u00e9s de un accidente de cami\u00f3n en Georgia, tendr\u00e1s que... <strong>dos a\u00f1os<\/strong> Desde el momento del accidente. El tiempo avanza y su mejor opci\u00f3n es contactar con un bufete de abogados acreditado lo antes posible.<\/p>\n\n\n\n<p>En D\u00edaz &amp; Gaeta, somos el bufete de abogados ideal para usted. Haremos todo lo posible para asegurarnos de que su reclamaci\u00f3n prospere y se ajuste al plazo de prescripci\u00f3n.<\/p>\n\n\n\n<h2 class=\"wp-block-heading\" id=\"aioseo-how-is-fault-in-a-truck-accident-determined\" style=\"padding-top:var(--wp--preset--spacing--20)\">\u00bfC\u00f3mo se determina la culpa en un accidente de cami\u00f3n?<\/h2>\n\n\n\n<p>Como v\u00edctima de un accidente, la ley le exige demostrar que el demandado es responsable del incidente y que debe indemnizarlo por sus lesiones, p\u00e9rdidas y dolor. Lo lograremos demostrando ante el juez y el jurado lo siguiente:<\/p>\n\n\n\n<ul class=\"wp-block-list\">\n<li>El acusado le deb\u00eda un deber de cuidado. Todos los conductores de camiones tienen la responsabilidad de cumplir las leyes de tr\u00e1nsito y <strong><a href=\"https:\/\/www.fmcsa.dot.gov\/\" target=\"_blank\" rel=\"noopener\">Normas de seguridad de la FMCSA<\/a>.<\/strong><\/li>\n\n\n\n<li>El acusado incumpli\u00f3 su deber de cuidado al comportarse de manera imprudente o descuidada.<\/li>\n\n\n\n<li>Demuestre que este incumplimiento del deber de cuidado provoc\u00f3 el accidente y sus lesiones y p\u00e9rdidas.<\/li>\n\n\n\n<li>Demostrar al tribunal que usted sufri\u00f3 lesiones y p\u00e9rdidas reales.<\/li>\n<\/ul>\n\n\n\n<h2 class=\"wp-block-heading\" id=\"aioseo-can-a-lawyer-prove-the-truck-driver-was-negligent\" style=\"padding-top:var(--wp--preset--spacing--20)\">\u00bfPuede un abogado demostrar que el conductor del cami\u00f3n fue negligente?<\/h2>\n\n\n\n<p>Presentar pruebas de la negligencia del conductor del cami\u00f3n es fundamental para determinar la responsabilidad. Entre las pruebas importantes que demuestran la imprudencia o descuido del conductor se incluyen los datos de la caja negra, el informe policial del accidente, las declaraciones de testigos, las fotos y los videos del lugar del accidente, y el testimonio de especialistas en reconstrucci\u00f3n de accidentes.<\/p>\n\n\n\n<h2 class=\"wp-block-heading\" id=\"aioseo-who-can-be-held-liable\" style=\"padding-top:var(--wp--preset--spacing--20)\">\u00bfQui\u00e9n puede ser considerado responsable?<\/h2>\n\n\n\n<p>Cada situaci\u00f3n es \u00fanica en lo que respecta a un accidente de cami\u00f3n. Su mejor opci\u00f3n es hablar con un bufete de abogados acreditado como el nuestro, Diaz &amp; Gaeta. Estaremos encantados de analizar esta informaci\u00f3n para usted y determinar qu\u00e9 estrategia legal es la ideal.<\/p>\n\n\n\n<p>Diferentes partes pueden ser consideradas responsables seg\u00fan lo ocurrido. Estas pueden incluir:<\/p>\n\n\n\n<ul class=\"wp-block-list\">\n<li>Compa\u00f1\u00eda de camiones<\/li>\n\n\n\n<li>Conductor de cami\u00f3n<\/li>\n\n\n\n<li>Uso de drogas<\/li>\n\n\n\n<li>Compa\u00f1\u00eda de carga<\/li>\n\n\n\n<li>Fabricante de piezas o veh\u00edculos<\/li>\n<\/ul>\n\n\n\n<p>Revise estas opciones con su abogado y obtenga m\u00e1s informaci\u00f3n sobre lo que se incluir\u00e1 en el reclamo legal.<\/p>\n\n\n\n<h2 class=\"wp-block-heading\" id=\"aioseo-common-causes-of-truck-accidents\" style=\"padding-top:var(--wp--preset--spacing--20)\">Causas comunes de accidentes de camiones<\/h2>\n\n\n\n<p>Existen muchas causas diferentes de accidentes de cami\u00f3n y cada una puede tener un impacto dr\u00e1stico en el caso. Algunas de las causas m\u00e1s comunes incluyen:<\/p>\n\n\n\n<ul class=\"wp-block-list\">\n<li>Fatiga del conductor<\/li>\n\n\n\n<li>Conducci\u00f3n imprudente<\/li>\n\n\n\n<li>Conducci\u00f3n distra\u00edda<\/li>\n\n\n\n<li>Carga mal asegurada<\/li>\n\n\n\n<li>Mal mantenimiento de camiones<\/li>\n\n\n\n<li>Conductores mal capacitados o sin experiencia<\/li>\n\n\n\n<li>Malas condiciones de la carretera<\/li>\n\n\n\n<li>Equipo averiado<\/li>\n<\/ul>\n\n\n\n<p>Su mejor opci\u00f3n es hablar con un abogado y obtener m\u00e1s informaci\u00f3n sobre lo que aplica a su caso. Podemos hacerlo por usted en <a href=\"tel:+16785032780\"><strong data-rich-text-format-boundary=\"true\">678-503-2780<\/strong><\/a>.<\/p>\n\n\n\n<h2 class=\"wp-block-heading\" id=\"aioseo-injured-in-a-truck-accident-call-diaz-gaeta-for-help\" style=\"padding-top:var(--wp--preset--spacing--20)\">\u00bfLesionado en un accidente de cami\u00f3n? \u00a1Llame a Diaz &amp; Gaeta para obtener ayuda!<\/h2>\n\n\n\n<p>Tras sufrir un accidente de cami\u00f3n, probablemente no piense en su bienestar financiero. Se preocupar\u00e1 por su salud y c\u00f3mo evolucionar\u00e1n las cosas en los pr\u00f3ximos d\u00edas.<\/p>\n\n\n\n<p>Aqu\u00ed es donde <strong><a href=\"https:\/\/dglawga.com\/es\/\">D\u00edaz y Gaeta<\/a><\/strong> Le ser\u00e1 muy \u00fatil. Nos encargaremos de todo y presentaremos la reclamaci\u00f3n en su nombre para iniciar el proceso. Ll\u00e1menos al <a href=\"tel:+16785032780\"><strong data-rich-text-format-boundary=\"true\">678-503-2780<\/strong><\/a> para programar una consulta gratuita hoy con un abogado de accidentes de camiones de Sandy Springs.<\/p>","protected":false},"excerpt":{"rendered":"<p>Being in a truck accident can create a situation where you suffer from significant injuries and want to find a solution that will provide peace of mind. When you are dealing with the stresses of an accident such as this, you won&#8217;t know where to begin and how to control things the right way. At [&hellip;]<\/p>\n","protected":false},"author":34,"featured_media":0,"parent":2044,"menu_order":0,"comment_status":"closed","ping_status":"closed","template":"wp-custom-template-sandy-springs-services","meta":{"_acf_changed":false,"_themeisle_gutenberg_block_has_review":false,"footnotes":""},"categories":[52],"tags":[124,123,120,21,122,59,126,58,121,125,119,26,118,116,117,22,142,143],"class_list":["post-2051","page","type-page","status-publish","hentry","category-sandy-springs-location","tag-abogado-coche-acidente","tag-abogado-gratis","tag-attorney-lawyer","tag-car-accidents","tag-car-accidents-lawyer","tag-family-law","tag-imigracion-abogados","tag-immigration","tag-immigration-lawyer","tag-marietta-abogado","tag-marietta-lawyer","tag-personal-injury","tag-top-lawyer-in-marietta","tag-top-lawyers-in-atlanta","tag-top-lawyers-in-smyrna","tag-truck-accident","tag-truck-accident-attorneys","tag-truck-crash"],"acf":[],"aioseo_notices":[],"_links":{"self":[{"href":"https:\/\/dglawga.com\/es\/wp-json\/wp\/v2\/pages\/2051","targetHints":{"allow":["GET"]}}],"collection":[{"href":"https:\/\/dglawga.com\/es\/wp-json\/wp\/v2\/pages"}],"about":[{"href":"https:\/\/dglawga.com\/es\/wp-json\/wp\/v2\/types\/page"}],"author":[{"embeddable":true,"href":"https:\/\/dglawga.com\/es\/wp-json\/wp\/v2\/users\/34"}],"replies":[{"embeddable":true,"href":"https:\/\/dglawga.com\/es\/wp-json\/wp\/v2\/comments?post=2051"}],"version-history":[{"count":3,"href":"https:\/\/dglawga.com\/es\/wp-json\/wp\/v2\/pages\/2051\/revisions"}],"predecessor-version":[{"id":8571,"href":"https:\/\/dglawga.com\/es\/wp-json\/wp\/v2\/pages\/2051\/revisions\/8571"}],"up":[{"embeddable":true,"href":"https:\/\/dglawga.com\/es\/wp-json\/wp\/v2\/pages\/2044"}],"wp:attachment":[{"href":"https:\/\/dglawga.com\/es\/wp-json\/wp\/v2\/media?parent=2051"}],"wp:term":[{"taxonomy":"category","embeddable":true,"href":"https:\/\/dglawga.com\/es\/wp-json\/wp\/v2\/categories?post=2051"},{"taxonomy":"post_tag","embeddable":true,"href":"https:\/\/dglawga.com\/es\/wp-json\/wp\/v2\/tags?post=2051"}],"curies":[{"name":"wp","href":"https:\/\/api.w.org\/{rel}","templated":true}]}}