{"id":2055,"date":"2022-06-07T17:51:37","date_gmt":"2022-06-07T17:51:37","guid":{"rendered":"https:\/\/diazgaetalaw.wpengine.com\/?page_id=2055"},"modified":"2025-06-15T22:45:04","modified_gmt":"2025-06-16T03:45:04","slug":"abogado-de-accidentes-de-motocicleta","status":"publish","type":"page","link":"https:\/\/dglawga.com\/es\/sandy-springs\/motorcycle-accident-lawyer\/","title":{"rendered":"Abogado de accidentes de motocicleta en Sandy Springs"},"content":{"rendered":"<p>La libertad y eficiencia de viajar en motocicleta s\u00f3lo son igualadas por los da\u00f1os considerables que se pueden sufrir en accidentes con veh\u00edculos m\u00e1s grandes a velocidad letal.<\/p>\n\n\n\n<p>Si usted o alg\u00fan familiar ha resultado lesionado en un accidente de motocicleta causado por las acciones de otro conductor, tiene derecho a una indemnizaci\u00f3n. En el Bufete de Abogados D\u00edaz &amp; Gaeta, somos un equipo de... <strong><a href=\"https:\/\/dglawga.com\/es\/manantiales-arenosos\/abogado-de-accidentes-de-coche\/\">Abogados de accidentes automovil\u00edsticos en Sandy Springs<\/a><\/strong> con amplia experiencia en el manejo de casos de accidentes de motocicleta.<\/p>\n\n\n\n<p>Llama a D\u00edaz y Gaeta al <a href=\"tel:+16785032780\"><strong>678-503-2780<\/strong><\/a> y agende una consulta GRATUITA con un abogado de accidentes de motocicleta de primera categor\u00eda en Sandy Springs. Ofrecemos nuestra experiencia, recursos y tenacidad para recuperar su indemnizaci\u00f3n y ayudarle a recuperarse por completo para que pueda volver a la carretera.<\/p>\n\n\n\n<div class=\"wp-block-group has-accent-background-color has-background is-vertical is-layout-flex wp-container-core-group-is-layout-283d9697 wp-block-group-is-layout-flex\" style=\"border-top-left-radius:15px;border-top-right-radius:15px;margin-top:var(--wp--preset--spacing--30)\">\n<h2 class=\"wp-block-heading has-primary-color has-text-color has-link-color wp-elements-4164a61e17ffbe9e8a7446952ec87a5a\" id=\"aioseo-table-of-contents\">TABLA DE CONTENIDO<\/h2>\n<\/div>\n\n\n\n<div class=\"wp-block-group has-background is-vertical is-layout-flex wp-container-core-group-is-layout-d644fc7a wp-block-group-is-layout-flex\" style=\"border-bottom-left-radius:15px;border-bottom-right-radius:15px;background-color:#f3f3f3;margin-top:0\"><div class=\"wp-block-aioseo-table-of-contents\"><ul><li><a class=\"aioseo-toc-item\" href=\"#aioseo-how-can-a-sandy-springs-motorcycle-accident-lawyer-help-with-my-compensation-claim\">\u00bfC\u00f3mo puede un abogado de accidentes de motocicleta de Sandy Springs ayudarme con mi reclamo de compensaci\u00f3n?<\/a><ul><li><a class=\"aioseo-toc-item\" href=\"#aioseo-gathering-evidence\">Recopilaci\u00f3n de pruebas<\/a><\/li><li><a class=\"aioseo-toc-item\" href=\"#aioseo-preparing-filing-your-case\">Preparaci\u00f3n y presentaci\u00f3n de su caso<\/a><\/li><li><a class=\"aioseo-toc-item\" href=\"#aioseo-settlement-negotiations\">Negociaciones de conciliaci\u00f3n<\/a><\/li><li><a class=\"aioseo-toc-item\" href=\"#aioseo-trial-preparation-representation\">Preparaci\u00f3n y representaci\u00f3n en juicios<\/a><\/li><\/ul><\/li><li><a class=\"aioseo-toc-item\" href=\"#aioseo-what-are-the-most-common-causes-of-motorcycle-accidents\">\u00bfCu\u00e1les son las causas m\u00e1s comunes de accidentes de motocicleta?<\/a><\/li><li><a class=\"aioseo-toc-item\" href=\"#aioseo-what-are-the-most-common-injuries-seen-in-motorcycle-accidents\">\u00bfCu\u00e1les son las lesiones m\u00e1s comunes observadas en accidentes de motocicleta?<\/a><\/li><li><a class=\"aioseo-toc-item\" href=\"#aioseo-how-is-fault-determined-in-a-sandy-springs-motorcycle-accident\">\u00bfC\u00f3mo se determina la culpa en un accidente de motocicleta en Sandy Springs?<\/a><\/li><li><a class=\"aioseo-toc-item\" href=\"#aioseo-what-type-of-compensation-can-i-receive-for-my-motorcycle-accident\">\u00bfQu\u00e9 tipo de compensaci\u00f3n puedo recibir por mi accidente de motocicleta?<\/a><ul><li><a class=\"aioseo-toc-item\" href=\"#aioseo-economic-damages\">Da\u00f1os econ\u00f3micos<\/a><\/li><li><a class=\"aioseo-toc-item\" href=\"#aioseo-non-economic-damages\">Da\u00f1os no econ\u00f3micos<\/a><\/li><li><a class=\"aioseo-toc-item\" href=\"#aioseo-punitive-damages\">Da\u00f1os punitivos<\/a><\/li><\/ul><\/li><li><a class=\"aioseo-toc-item\" href=\"#aioseo-why-was-my-motorcycle-accident-claim-denied\">\u00bfPor qu\u00e9 se rechaz\u00f3 mi reclamo por accidente de motocicleta?<\/a><\/li><li><a class=\"aioseo-toc-item\" href=\"#aioseo-call-our-skilled-motorcycle-accident-lawyers-in-sandy-springs-ga\">\u00a1Llame a nuestros abogados expertos en accidentes de motocicleta en Sandy Springs, GA!<\/a><\/li><\/ul><\/div><\/div>\n\n\n\n<h2 class=\"wp-block-heading\" id=\"aioseo-how-can-a-sandy-springs-motorcycle-accident-lawyer-help-with-my-compensation-claim\" style=\"padding-top:var(--wp--preset--spacing--20)\">\u00bfC\u00f3mo puede un abogado de accidentes de motocicleta de Sandy Springs ayudarme con mi reclamo de compensaci\u00f3n?<\/h2>\n\n\n\n<p>Un abogado con experiencia en accidentes de motocicleta en Sandy Springs puede agregar un valor considerable y aumentar sus posibilidades de obtener un resultado exitoso en su caso y reclamo.<\/p>\n\n\n\n<h4 class=\"wp-block-heading\" id=\"aioseo-gathering-evidence\">Recopilaci\u00f3n de pruebas<\/h4>\n\n\n\n<p>Un caso es tan s\u00f3lido como la evidencia que lo respalda. Nuestros abogados de accidentes de motocicleta en Sandy Springs tienen la habilidad de construir un caso s\u00f3lido que tendr\u00e1 peso en nuestras negociaciones y se mantendr\u00e1 firme si el caso llega a los tribunales.<\/p>\n\n\n\n<p>Por ejemplo, revisaremos el lugar del accidente con la ayuda de expertos para recrearlo y comprender mejor por qu\u00e9 ocurrieron los hechos. Esto no solo refuerza el caso, sino que tambi\u00e9n permite revelar peque\u00f1os detalles del accidente que podr\u00edan pasar completamente desapercibidos.<\/p>\n\n\n\n<p>Tambi\u00e9n entrevistaremos a testigos presenciales y examinaremos la evidencia fotogr\u00e1fica recolectada en la escena para obtener una comprensi\u00f3n completa del accidente y determinar con precisi\u00f3n la culpa en el accidente.<\/p>\n\n\n\n<p>En total, su abogado de accidentes de motocicleta de Sandy Springs aprovechar\u00e1 todas las pruebas para ayudar a respaldar su reclamo.<\/p>\n\n\n\n<h4 class=\"wp-block-heading\" id=\"aioseo-preparing-filing-your-case\">Preparaci\u00f3n y presentaci\u00f3n de su caso<\/h4>\n\n\n\n<p>Adem\u00e1s de destacar las fortalezas y debilidades de su caso y planificar un curso para obtener el resultado m\u00e1s positivo, nuestros abogados de accidentes de motocicleta de Sandy Springs presentar\u00e1n su reclamo con precisi\u00f3n y se asegurar\u00e1n de que cumpla con los <strong><a href=\"http:\/\/ga.elaws.us\/law\/section9-3-33\" target=\"_blank\" rel=\"noopener\">plazo de presentaci\u00f3n de dos a\u00f1os<\/a><\/strong>. Un caso cuidadosamente preparado no dejar\u00e1 espacio para que los astutos ajustadores de seguros encuentren lagunas que les permitan escapar sin pagar los da\u00f1os.<\/p>\n\n\n\n<p>Su abogado de accidentes de motocicleta de Sandy Springs eliminar\u00e1 la posibilidad de lagunas legales.<\/p>\n\n\n\n<h4 class=\"wp-block-heading\" id=\"aioseo-settlement-negotiations\">Negociaciones de conciliaci\u00f3n<\/h4>\n\n\n\n<p>Nos encargaremos de toda la comunicaci\u00f3n con la compa\u00f1\u00eda de seguros para que usted no tenga que hacerlo. Somos negociadores expertos que pueden luchar por la justicia en su caso. Si la compa\u00f1\u00eda de seguros rechaza su reclamaci\u00f3n o le ofrece una oferta muy baja, estaremos preparados para demandarlos en los tribunales.<\/p>\n\n\n\n<h4 class=\"wp-block-heading\" id=\"aioseo-trial-preparation-representation\">Preparaci\u00f3n y representaci\u00f3n en juicios<\/h4>\n\n\n\n<p>Si la compa\u00f1\u00eda de seguros no acepta una indemnizaci\u00f3n justa, su abogado especializado en accidentes de motocicleta en Sandy Springs llevar\u00e1 su caso a juicio, donde el jurado determinar\u00e1 si usted tiene derecho a una indemnizaci\u00f3n. Su abogado especializado en accidentes de motocicleta en Sandy Springs se esforzar\u00e1 por presentar el caso m\u00e1s s\u00f3lido posible, respaldado por pruebas contundentes, para aumentar sus posibilidades de obtener un resultado favorable.<\/p>\n\n\n\n<h2 class=\"wp-block-heading\" id=\"aioseo-what-are-the-most-common-causes-of-motorcycle-accidents\" style=\"padding-top:var(--wp--preset--spacing--20)\">\u00bfCu\u00e1les son las causas m\u00e1s comunes de accidentes de motocicleta?<\/h2>\n\n\n\n<p>Las carreteras resbaladizas, las condiciones clim\u00e1ticas adversas y las carreteras mal construidas pueden causar accidentes. Sin embargo, la gran mayor\u00eda de los accidentes de motocicleta son prevenibles y se deben al incumplimiento de las normas de tr\u00e1nsito por parte de los conductores. Algunos de los m\u00e1s... <strong><a href=\"https:\/\/highways.dot.gov\/research\/safety\/motorcycle-crash-causation-study\/motorcycle-crash-causation-study\" target=\"_blank\" rel=\"noopener\">causas comunes de accidentes de motocicleta<\/a><\/strong> incluir:<\/p>\n\n\n\n<ul class=\"wp-block-list\">\n<li><strong>Conducci\u00f3n distra\u00edda<\/strong> \u2014 Conducir distra\u00eddo es cualquier cosa que desv\u00ede la vista, las manos o la mente del conductor de la tarea de navegar con su veh\u00edculo a trav\u00e9s del tr\u00e1fico.<\/li>\n\n\n\n<li><strong>Falta de atenci\u00f3n a las motocicletas<\/strong> \u2014 Debido a su perfil m\u00e1s peque\u00f1o y su movimiento \u00e1gil, las motocicletas pueden pasar desapercibidas para los conductores que no prestan atenci\u00f3n a la carretera.<\/li>\n\n\n\n<li><strong>Conducir ebrio o drogado<\/strong> \u2014 Los efectos del alcohol, los narc\u00f3ticos e incluso ciertos medicamentos pueden afectar la capacidad de un conductor para conducir su veh\u00edculo con seguridad.<\/li>\n\n\n\n<li><strong>Espejos, frenos o iluminaci\u00f3n defectuosos<\/strong> \u2014 Un coche averiado supone una amenaza para los dem\u00e1s veh\u00edculos en la carretera.<\/li>\n\n\n\n<li><strong>Peatones inesperados en la carretera<\/strong> \u2014 Los peatones y corredores imprudentes pueden representar un obst\u00e1culo repentino para los motociclistas si se incorporan al tr\u00e1fico de forma inesperada.<\/li>\n\n\n\n<li><a href=\"https:\/\/dglawga.com\/es\/manantiales-arenosos\/abogado-de-responsabilidad-del-producto\/\"><strong>Errores de fabricaci\u00f3n<\/strong><\/a> En algunos casos, un error en la fabricaci\u00f3n de la motocicleta puede provocar un accidente. Si el accidente se produjo durante la fabricaci\u00f3n o el mantenimiento de la motocicleta, estos t\u00e9cnicos podr\u00edan ser responsables.<\/li>\n<\/ul>\n\n\n\n<h2 class=\"wp-block-heading\" id=\"aioseo-what-are-the-most-common-injuries-seen-in-motorcycle-accidents\" style=\"padding-top:var(--wp--preset--spacing--20)\">\u00bfCu\u00e1les son las lesiones m\u00e1s comunes observadas en accidentes de motocicleta?<\/h2>\n\n\n\n<p>Las motocicletas est\u00e1n dise\u00f1adas para un desplazamiento ligero y eficiente. Para bien o para mal, esto no ofrece al conductor mucha protecci\u00f3n contra el impacto de un veh\u00edculo o ser arrojado al pavimento. Incluso accidentes menores a velocidades relativamente moderadas pueden provocar lesiones devastadoras, algunas de las cuales podr\u00edan no sanar nunca por completo.<\/p>\n\n\n\n<ul class=\"wp-block-list\">\n<li><strong>Huesos rotos<\/strong> Cuando una motocicleta es impactada lateralmente por otro veh\u00edculo o un motociclista es lanzado al suelo, los motociclistas suelen sufrir fracturas. Las costillas, las piernas, los brazos, las clav\u00edculas, los f\u00e9mures y los c\u00fabitos son los huesos que se fracturan con mayor frecuencia.<\/li>\n\n\n\n<li><strong>Erupci\u00f3n en la carretera<\/strong> Sin la protecci\u00f3n del pavimento, es bastante com\u00fan salir despedido por el suelo en accidentes de motocicleta. La ropa protectora puede ser muy \u00fatil para proteger al motociclista de cicatrices y da\u00f1os en los tejidos.<\/li>\n\n\n\n<li><strong>Lesiones en la cabeza y el cerebro<\/strong> \u2014 Los cascos ayudan mucho a proteger la cabeza de los impactos. Pero los accidentes de motocicleta a\u00fan pueden dejar a las v\u00edctimas con... <strong><a href=\"https:\/\/dglawga.com\/es\/manantiales-arenosos\/abogado-de-lesiones-cerebrales-traumaticas-2\/\">lesi\u00f3n cerebral traum\u00e1tica<\/a><\/strong>. El da\u00f1o cerebral puede tener efectos secundarios especialmente duraderos.<\/li>\n\n\n\n<li><strong>Lesiones de la m\u00e9dula espinal<\/strong> \u2014 Si la espalda sufre un impacto, se pueden da\u00f1ar los delicados nervios de la m\u00e9dula espinal alojados en las v\u00e9rtebras. Esto puede provocar par\u00e1lisis parcial o total.<\/li>\n<\/ul>\n\n\n\n<figure class=\"wp-block-image aligncenter\" style=\"margin-top:var(--wp--preset--spacing--20);margin-bottom:var(--wp--preset--spacing--20)\"><a href=\"https:\/\/dglawga.com\/wp-content\/uploads\/2022\/06\/sandy-springs-motorcycle-accident-lawyer-diaz.jpg\"><img loading=\"lazy\" decoding=\"async\" width=\"500\" height=\"333\" src=\"https:\/\/dglawga.com\/wp-content\/uploads\/2022\/06\/sandy-springs-motorcycle-accident-lawyer-diaz.jpg\" alt=\"Motocicleta atropellada por un autom\u00f3vil, concepto del abogado de accidentes de motocicleta de Sandy Springs\" class=\"wp-image-3070\" srcset=\"https:\/\/dglawga.com\/wp-content\/uploads\/2022\/06\/sandy-springs-motorcycle-accident-lawyer-diaz.jpg 500w, https:\/\/dglawga.com\/wp-content\/uploads\/2022\/06\/sandy-springs-motorcycle-accident-lawyer-diaz-300x200.jpg 300w\" sizes=\"auto, (max-width: 500px) 100vw, 500px\" \/><\/a><\/figure>\n\n\n\n<p><\/p>\n\n\n\n<h2 class=\"wp-block-heading\" id=\"aioseo-how-is-fault-determined-in-a-sandy-springs-motorcycle-accident\">\u00bfC\u00f3mo se determina la culpa en un accidente de motocicleta en Sandy Springs?<\/h2>\n\n\n\n<p>El estado de Georgia aplica el concepto de modificaci\u00f3n <strong><a href=\"https:\/\/www.investopedia.com\/terms\/c\/comparative-negligence.asp\" target=\"_blank\" rel=\"noopener nofollow\">negligencia comparativa<\/a><\/strong> Al asignar responsabilidad en casos de accidentes de motocicleta, esto significa que a ambas partes involucradas se les puede asignar cierta responsabilidad, dependiendo de su grado de participaci\u00f3n. Siempre que la v\u00edctima tenga menos responsabilidad que la 50% por los eventos que resultaron en el accidente, puede recibir una compensaci\u00f3n por sus da\u00f1os.<\/p>\n\n\n\n<p>Sin embargo, la indemnizaci\u00f3n que pueden cobrar se reducir\u00e1 en funci\u00f3n de su grado de implicaci\u00f3n en el accidente.<\/p>\n\n\n\n<p>Por ejemplo, si se determina que la v\u00edctima es responsable del accidente por exceso de velocidad, solo tendr\u00e1 derecho a recibir una indemnizaci\u00f3n de 80%. Si se determina que los da\u00f1os ascienden a $20,000, la v\u00edctima solo recibir\u00e1 una indemnizaci\u00f3n de $16,000. Su abogado especializado en accidentes de motocicleta en Sandy Springs le guiar\u00e1 en este proceso.<\/p>\n\n\n\n<h2 class=\"wp-block-heading\" id=\"aioseo-what-type-of-compensation-can-i-receive-for-my-motorcycle-accident\" style=\"padding-top:var(--wp--preset--spacing--20)\">\u00bfQu\u00e9 tipo de compensaci\u00f3n puedo recibir por mi accidente de motocicleta?<\/h2>\n\n\n\n<p>Puede ser dif\u00edcil determinar qu\u00e9 tipo de da\u00f1os se aplicar\u00e1n a su caso sin revisar cuidadosamente todos los detalles. Ser\u00e1n los detalles del caso los que determinen los da\u00f1os y los montos de la indemnizaci\u00f3n a recuperar.<\/p>\n\n\n\n<p>En Georgia, los da\u00f1os se clasificar\u00e1n en las siguientes categor\u00edas:<\/p>\n\n\n\n<h4 class=\"wp-block-heading\" id=\"aioseo-economic-damages\">Da\u00f1os econ\u00f3micos<\/h4>\n\n\n\n<p>Estas indemnizaciones buscan compensar a la v\u00edctima y a sus familias por las consecuencias econ\u00f3micas del accidente. Pueden calcularse recopilando facturas, recibos de sueldo, recibos y todo tipo de documentos financieros.<\/p>\n\n\n\n<p>Esto puede incluir los costos de gastos m\u00e9dicos, tratamientos, procedimientos y facturas m\u00e9dicas. Tambi\u00e9n puede cubrir la p\u00e9rdida de ingresos, la p\u00e9rdida de la capacidad de generar ingresos y cualquier otro gasto relacionado con el accidente, como modificaciones en el hogar por discapacidad. Los da\u00f1os econ\u00f3micos cubren los gastos pasados, presentes y futuros.<\/p>\n\n\n\n<p>Su abogado de accidentes de motocicleta de Sandy Springs se asegurar\u00e1 de que se hayan aprovechado todas las v\u00edas.<\/p>\n\n\n\n<h4 class=\"wp-block-heading\" id=\"aioseo-non-economic-damages\">Da\u00f1os no econ\u00f3micos<\/h4>\n\n\n\n<p>No todos los da\u00f1os pueden calcularse f\u00e1cilmente en una simple cifra financiera. Utilizaremos el testimonio de expertos para determinar el valor econ\u00f3mico de aspectos como el dolor y el sufrimiento, la angustia mental, la p\u00e9rdida de la capacidad para disfrutar de la vida, la p\u00e9rdida de consorcio, etc.<\/p>\n\n\n\n<h4 class=\"wp-block-heading\" id=\"aioseo-punitive-damages\">Da\u00f1os punitivos<\/h4>\n\n\n\n<p>En algunas situaciones, los tribunales pueden considerar que las acciones de la parte culpable fueron especialmente imprudentes o incluso motivadas por malicia. En estos casos, <strong><a href=\"http:\/\/ga.elaws.us\/law\/section51-12-5.1\" target=\"_blank\" rel=\"noopener\">da\u00f1os punitivos<\/a><\/strong> Puede aplicarse con el \u00fanico prop\u00f3sito de sancionar a la parte culpable. Es fundamental contar con un abogado especializado en accidentes de motocicleta en Sandy Springs.<\/p>\n\n\n\n<h2 class=\"wp-block-heading\" id=\"aioseo-why-was-my-motorcycle-accident-claim-denied\" style=\"padding-top:var(--wp--preset--spacing--20)\">\u00bfPor qu\u00e9 se rechaz\u00f3 mi reclamo por accidente de motocicleta?<\/h2>\n\n\n\n<p>Hay muchas razones por las que una compa\u00f1\u00eda de seguros puede rechazar su reclamaci\u00f3n. Algunas de las m\u00e1s comunes incluyen:<\/p>\n\n\n\n<ul class=\"wp-block-list\">\n<li><strong>La p\u00f3liza fue cancelada o caduc\u00f3<\/strong> \u2014 Si se atrasa en el pago de sus primas o no ha renovado su p\u00f3liza, los ajustadores de reclamos considerar\u00e1n su reclamo nulo.<\/li>\n\n\n\n<li><strong>El conductor no estaba asegurado bajo la p\u00f3liza<\/strong> \u2014 A menos que se nombre espec\u00edficamente en la p\u00f3liza de seguro \u2014o el c\u00f3nyuge del asegurado\u2014 el conductor del veh\u00edculo no estar\u00e1 cubierto por el proveedor de seguros.<\/li>\n\n\n\n<li><strong>Creen que el accidente fue tu culpa<\/strong> El ajustador de siniestros podr\u00eda impugnar su reclamaci\u00f3n de indemnizaci\u00f3n si considera que usted es responsable del accidente. En este caso, un abogado con experiencia en accidentes de motocicleta en Sandy Springs puede ayudarle a aclarar cualquier duda.<\/li>\n\n\n\n<li><strong>No creen que te hayan hecho da\u00f1o<\/strong> Necesita documentaci\u00f3n m\u00e9dica que acredite sus lesiones. Si no busca tratamiento de inmediato, la compa\u00f1\u00eda de seguros podr\u00eda argumentar que sus lesiones no son tan graves como afirma.<\/li>\n\n\n\n<li><strong>No creen que sus lesiones fueron causadas por el accidente.<\/strong> Necesitar\u00e1 un examen m\u00e9dico realizado por un profesional m\u00e9dico colegiado para demostrar que las lesiones sufridas estuvieron relacionadas con el accidente. De lo contrario, las aseguradoras podr\u00edan alegar que sufri\u00f3 otras lesiones.<\/li>\n<\/ul>\n\n\n\n<p>Si su reclamaci\u00f3n ha sido denegada, no se preocupe. Denegar reclamaciones es un procedimiento est\u00e1ndar en la industria aseguradora para proteger sus intereses. Pero llame a nuestros abogados de accidentes de motocicleta en Sandy Springs y le diremos si tiene un caso v\u00e1lido y puede presentar una demanda.<\/p>\n\n\n\n<h2 class=\"wp-block-heading\" id=\"aioseo-call-our-skilled-motorcycle-accident-lawyers-in-sandy-springs-ga\" style=\"padding-top:var(--wp--preset--spacing--20)\">\u00a1Llame a nuestros abogados expertos en accidentes de motocicleta en Sandy Springs, GA!<\/h2>\n\n\n\n<p>Las lesiones sufridas en un accidente de motocicleta pueden ser m\u00e1s graves de lo que se cree inicialmente. Aseg\u00farese de buscar atenci\u00f3n m\u00e9dica despu\u00e9s de un accidente de motocicleta en Sandy Spring, GA.<\/p>\n\n\n\n<p>Entonces llama <a href=\"tel:+16785032780\"><strong>678-503-2780<\/strong><\/a> y programe una consulta GRATUITA con nuestro experimentado equipo de abogados de accidentes de motocicleta de Sandy Springs en <strong><a href=\"https:\/\/dglawga.com\/es\/\">D\u00edaz y Gaeta<\/a><\/strong>. Pondremos nuestras habilidades, experiencia y recursos a su disposici\u00f3n para obtener la compensaci\u00f3n que necesita para una recuperaci\u00f3n completa.<\/p>","protected":false},"excerpt":{"rendered":"<p>The freedom and efficiency of motorcycle travel are equaled only by the considerable damage that can be sustained in accidents with larger vehicles with lethal velocity. If you or someone in your family has been injured in a motorcycle accident caused by the actions of another motorist, you have the right to compensation. At the [&hellip;]<\/p>\n","protected":false},"author":34,"featured_media":0,"parent":2044,"menu_order":0,"comment_status":"closed","ping_status":"closed","template":"wp-custom-template-sandy-springs-services","meta":{"_acf_changed":false,"_themeisle_gutenberg_block_has_review":false,"footnotes":""},"categories":[52],"tags":[124,123,120,21,122,59,126,58,121,125,119,23,26,118,116,117],"class_list":["post-2055","page","type-page","status-publish","hentry","category-sandy-springs-location","tag-abogado-coche-acidente","tag-abogado-gratis","tag-attorney-lawyer","tag-car-accidents","tag-car-accidents-lawyer","tag-family-law","tag-imigracion-abogados","tag-immigration","tag-immigration-lawyer","tag-marietta-abogado","tag-marietta-lawyer","tag-motorcycle-accidents","tag-personal-injury","tag-top-lawyer-in-marietta","tag-top-lawyers-in-atlanta","tag-top-lawyers-in-smyrna"],"acf":[],"aioseo_notices":[],"_links":{"self":[{"href":"https:\/\/dglawga.com\/es\/wp-json\/wp\/v2\/pages\/2055","targetHints":{"allow":["GET"]}}],"collection":[{"href":"https:\/\/dglawga.com\/es\/wp-json\/wp\/v2\/pages"}],"about":[{"href":"https:\/\/dglawga.com\/es\/wp-json\/wp\/v2\/types\/page"}],"author":[{"embeddable":true,"href":"https:\/\/dglawga.com\/es\/wp-json\/wp\/v2\/users\/34"}],"replies":[{"embeddable":true,"href":"https:\/\/dglawga.com\/es\/wp-json\/wp\/v2\/comments?post=2055"}],"version-history":[{"count":2,"href":"https:\/\/dglawga.com\/es\/wp-json\/wp\/v2\/pages\/2055\/revisions"}],"predecessor-version":[{"id":7767,"href":"https:\/\/dglawga.com\/es\/wp-json\/wp\/v2\/pages\/2055\/revisions\/7767"}],"up":[{"embeddable":true,"href":"https:\/\/dglawga.com\/es\/wp-json\/wp\/v2\/pages\/2044"}],"wp:attachment":[{"href":"https:\/\/dglawga.com\/es\/wp-json\/wp\/v2\/media?parent=2055"}],"wp:term":[{"taxonomy":"category","embeddable":true,"href":"https:\/\/dglawga.com\/es\/wp-json\/wp\/v2\/categories?post=2055"},{"taxonomy":"post_tag","embeddable":true,"href":"https:\/\/dglawga.com\/es\/wp-json\/wp\/v2\/tags?post=2055"}],"curies":[{"name":"wp","href":"https:\/\/api.w.org\/{rel}","templated":true}]}}