{"id":2061,"date":"2022-06-07T17:52:50","date_gmt":"2022-06-07T17:52:50","guid":{"rendered":"https:\/\/diazgaetalaw.wpengine.com\/?page_id=2061"},"modified":"2025-06-15T22:51:59","modified_gmt":"2025-06-16T03:51:59","slug":"abogado-de-accidentes-de-uber-2","status":"publish","type":"page","link":"https:\/\/dglawga.com\/es\/sandy-springs\/uber-accident-lawyer\/","title":{"rendered":"Abogado de accidentes de Uber en Sandy Springs"},"content":{"rendered":"<p>Las personas en Sandy Springs, Georgia, y en todo Estados Unidos disfrutan de usar aplicaciones de viajes compartidos como Uber y Lyft, ya que ofrecen una forma c\u00f3moda y econ\u00f3mica de desplazarse. Sin embargo, los accidentes ocurren y, cuando ocurren, necesitar\u00e1 la representaci\u00f3n legal adecuada para obtener una indemnizaci\u00f3n. Si usted o un ser querido fue...<\/p>\n\n\n\n<p>Si usted o un ser querido estuvo involucrado en un accidente de Uber o Lyft, no deber\u00eda tener que pasar por el proceso de obtener una indemnizaci\u00f3n solo. En Diaz &amp; Gaeta, contamos con un equipo de abogados con experiencia en accidentes de Uber en Sandy Springs que pueden ayudarle. Llame a nuestro <strong><a href=\"https:\/\/dglawga.com\/es\/manantiales-arenosos\/abogado-de-accidentes-de-coche\/\">Abogados de accidentes automovil\u00edsticos en Sandy Springs<\/a><\/strong> Hoy a las <a href=\"tel:+16785032780\"><strong>678-503-2780<\/strong><\/a> Para su consulta gratuita.<\/p>\n\n\n\n<div class=\"wp-block-group has-accent-background-color has-background is-vertical is-layout-flex wp-container-core-group-is-layout-283d9697 wp-block-group-is-layout-flex\" style=\"border-top-left-radius:15px;border-top-right-radius:15px;margin-top:var(--wp--preset--spacing--30)\">\n<h2 class=\"wp-block-heading has-primary-color has-text-color has-link-color wp-elements-4164a61e17ffbe9e8a7446952ec87a5a\" id=\"aioseo-table-of-contents\">TABLA DE CONTENIDO<\/h2>\n<\/div>\n\n\n\n<div class=\"wp-block-group has-background is-vertical is-layout-flex wp-container-core-group-is-layout-d644fc7a wp-block-group-is-layout-flex\" style=\"border-bottom-left-radius:15px;border-bottom-right-radius:15px;background-color:#f3f3f3;margin-top:0\"><div class=\"wp-block-aioseo-table-of-contents\"><ul><li><a class=\"aioseo-toc-item\" href=\"#aioseo-uber-and-lyft-accident-statistics\">Estad\u00edsticas de accidentes de Uber y Lyft<\/a><\/li><li><a class=\"aioseo-toc-item\" href=\"#aioseo-what-are-the-most-common-types-of-uber-and-lyft-accidents\">\u00bfCu\u00e1les son los tipos m\u00e1s comunes de accidentes de Uber y Lyft?<\/a><ul><li><a class=\"aioseo-toc-item\" href=\"#aioseo-passenger-injury-due-to-the-negligence-of-the-uber-or-lyft-driver\">Lesiones a pasajeros debido a la negligencia del conductor de Uber o Lyft<\/a><\/li><li><a class=\"aioseo-toc-item\" href=\"#aioseo-third-party-injury-due-to-an-uber-or-lyft-drivers-liability\">Lesiones a terceros debido a la responsabilidad de un conductor de Uber o Lyft<\/a><\/li><li><a class=\"aioseo-toc-item\" href=\"#aioseo-passenger-injury-due-to-the-negligence-of-another-uber-or-lyft-driver\">Lesiones a pasajeros debido a la negligencia de otro conductor de Uber o Lyft<\/a><\/li><li><a class=\"aioseo-toc-item\" href=\"#aioseo-property-damage-due-to-the-negligence-of-an-uber-or-lyft-driver\">Da\u00f1os a la propiedad debido a la negligencia de un conductor de Uber o Lyft<\/a><\/li><li><a class=\"aioseo-toc-item\" href=\"#aioseo-uber-or-lyft-driver-injury-due-to-their-own-negligence\">Lesiones de conductores de Uber o Lyft debido a su propia negligencia<\/a><\/li><li><a class=\"aioseo-toc-item\" href=\"#aioseo-uber-or-lyft-driver-injury-due-to-the-negligence-of-another-driver\">Lesiones de conductores de Uber o Lyft debido a la negligencia de otro conductor<\/a><\/li><li><a class=\"aioseo-toc-item\" href=\"#aioseo-uber-or-lyft-passenger-and-or-driver-due-to-a-defective-vehicle-part\">Pasajero y\/o conductor de Uber o Lyft debido a una pieza defectuosa del veh\u00edculo<\/a><\/li><\/ul><\/li><li><a class=\"aioseo-toc-item\" href=\"#aioseo-who-can-be-found-liable-in-an-uber-accident\">\u00bfQui\u00e9n puede ser considerado responsable en un accidente de Uber?<\/a><ul><li><a class=\"aioseo-toc-item\" href=\"#aioseo-uber-or-lyft-driver\">Conductor de Uber o Lyft<\/a><\/li><li><a class=\"aioseo-toc-item\" href=\"#aioseo-rideshare-companies\">Empresas de viajes compartidos<\/a><\/li><li><a class=\"aioseo-toc-item\" href=\"#aioseo-any-related-third-parties\">Cualquier tercero relacionado<\/a><\/li><\/ul><\/li><li><a class=\"aioseo-toc-item\" href=\"#aioseo-what-makes-uber-accident-cases-different-from-regular-car-accident-cases\">\u00bfQu\u00e9 hace que los casos de accidentes de Uber sean diferentes de los casos de accidentes automovil\u00edsticos normales?<\/a><\/li><li><a class=\"aioseo-toc-item\" href=\"#aioseo-does-uber-have-a-1-million-insurance-policy-for-accidents\">\u00bfTiene Uber una p\u00f3liza de seguro de $1 mill\u00f3n para accidentes?<\/a><\/li><li><a class=\"aioseo-toc-item\" href=\"#aioseo-what-type-of-compensation-can-i-seek-in-an-uber-accident\">\u00bfQu\u00e9 tipo de compensaci\u00f3n puedo solicitar en un accidente de Uber?<\/a><ul><li><a class=\"aioseo-toc-item\" href=\"#aioseo-economic-damages\">Da\u00f1os econ\u00f3micos<\/a><\/li><li><a class=\"aioseo-toc-item\" href=\"#aioseo-non-economic-damages\">Da\u00f1os no econ\u00f3micos<\/a><\/li><li><a class=\"aioseo-toc-item\" href=\"#aioseo-punitive-damages\">Da\u00f1os punitivos<\/a><\/li><\/ul><\/li><li><a class=\"aioseo-toc-item\" href=\"#aioseo-should-i-just-accept-a-settlement-offer\">\u00bfDeber\u00eda simplemente aceptar una oferta de acuerdo?<\/a><\/li><li><a class=\"aioseo-toc-item\" href=\"#aioseo-how-much-can-i-expect-an-uber-accident-lawyer-to-cost\">\u00bfCu\u00e1nto puedo esperar que me cueste un abogado de accidentes de Uber?<\/a><\/li><li><a class=\"aioseo-toc-item\" href=\"#aioseo-are-there-time-limits-for-filing-an-uber-accident-claim\">\u00bfExisten l\u00edmites de tiempo para presentar una reclamaci\u00f3n por accidente de Uber?<\/a><\/li><li><a class=\"aioseo-toc-item\" href=\"#aioseo-why-do-i-need-a-sandy-springs-uber-accident-lawyer\">\u00bfPor qu\u00e9 necesito un abogado de accidentes de Uber en Sandy Springs?<\/a><ul><li><a class=\"aioseo-toc-item\" href=\"#aioseo-case-preparation-filing-a-lawsuit\">Preparaci\u00f3n de casos\/Presentaci\u00f3n de una demanda<\/a><\/li><li><a class=\"aioseo-toc-item\" href=\"#aioseo-settlement-negotiation\">Negociaci\u00f3n de acuerdos<\/a><\/li><li><a class=\"aioseo-toc-item\" href=\"#aioseo-trial-preparation-representation\">Preparaci\u00f3n y representaci\u00f3n en juicios<\/a><\/li><\/ul><\/li><li><a class=\"aioseo-toc-item\" href=\"#aioseo-contact-the-experienced-uber-accident-lawyers-at-diaz-gaeta-in-sandy-springs-ga-today\">\u00a1Comun\u00edquese hoy mismo con los abogados con experiencia en accidentes de Uber de Diaz &amp; Gaeta en Sandy Springs, GA!<\/a><\/li><\/ul><\/div><\/div>\n\n\n\n<h2 class=\"wp-block-heading\" id=\"aioseo-uber-and-lyft-accident-statistics\" style=\"padding-top:var(--wp--preset--spacing--20)\">Estad\u00edsticas de accidentes de Uber y Lyft<\/h2>\n\n\n\n<p>Seg\u00fan un <strong><a href=\"https:\/\/news.uchicago.edu\/story\/ride-hailing-services-may-be-driving-traffic-deaths\" target=\"_blank\" rel=\"noopener\">Estudio de la Escuela de Negocios Booth de la Universidad de Chicago<\/a><\/strong>, Las empresas de viajes compartidos han provocado un aumento del 3% en accidentes automovil\u00edsticos desde 2015. Los estudios tambi\u00e9n han afirmado que casi 1.000 accidentes automovil\u00edsticos que ocurren diariamente est\u00e1n asociados con el aumento de Uber y Lyft en la carretera.<\/p>\n\n\n\n<p>En 2017 y 2018, los veh\u00edculos de Uber fueron responsables de 97 accidentes mortales seg\u00fan un <strong><a href=\"https:\/\/www.uber-assets.com\/image\/upload\/v1575580686\/Documents\/Safety\/UberUSSafetyReport_201718_FullReport.pdf?uclick_id=4bdba197-72f4-46b2-bfa8-e32e2f3d633c\" target=\"_blank\" rel=\"noopener\">Informe de seguridad de Uber<\/a><\/strong>. Estos accidentes provocaron 108 muertes.<\/p>\n\n\n\n<h2 class=\"wp-block-heading\" id=\"aioseo-what-are-the-most-common-types-of-uber-and-lyft-accidents\" style=\"padding-top:var(--wp--preset--spacing--20)\">\u00bfCu\u00e1les son los tipos m\u00e1s comunes de accidentes de Uber y Lyft?<\/h2>\n\n\n\n<p>Estos son los tipos de accidentes m\u00e1s comunes que pueden ocurrir cuando se ven involucrados estos veh\u00edculos:<\/p>\n\n\n\n<h4 class=\"wp-block-heading\" id=\"aioseo-passenger-injury-due-to-the-negligence-of-the-uber-or-lyft-driver\">Lesiones a pasajeros debido a la negligencia del conductor de Uber o Lyft<\/h4>\n\n\n\n<p>Si viajaba como pasajero de Uber o Lyft en el momento del accidente, podr\u00eda tener una reclamaci\u00f3n v\u00e1lida contra el conductor. Sin embargo, los pasajeros tambi\u00e9n podr\u00edan estar cubiertos por la p\u00f3liza comercial de la compa\u00f1\u00eda de viajes compartidos de 1 mill\u00f3n de libras esterlinas ($1) en caso de que los da\u00f1os superen la cobertura del seguro del conductor de Uber\/Lyft.<\/p>\n\n\n\n<h4 class=\"wp-block-heading\" id=\"aioseo-third-party-injury-due-to-an-uber-or-lyft-drivers-liability\">Lesiones a terceros debido a la responsabilidad de un conductor de Uber o Lyft<\/h4>\n\n\n\n<p>Si fue atropellado por un veh\u00edculo de Uber o Lyft y sufri\u00f3 lesiones y otros da\u00f1os, tiene derecho a presentar una demanda contra el conductor. Si no se llega a un acuerdo, un abogado puede ayudarle a obtener una indemnizaci\u00f3n en los tribunales.<\/p>\n\n\n\n<h4 class=\"wp-block-heading\" id=\"aioseo-passenger-injury-due-to-the-negligence-of-another-uber-or-lyft-driver\">Lesiones a pasajeros debido a la negligencia de otro conductor de Uber o Lyft<\/h4>\n\n\n\n<p>Si viajaba como pasajero en un Uber o Lyft y otro conductor caus\u00f3 el accidente, podr\u00eda tener derecho a una reclamaci\u00f3n v\u00e1lida contra el conductor responsable. Si el conductor responsable del accidente tiene seguro insuficiente o no tiene seguro, la p\u00f3liza UM\/UIM de la compa\u00f1\u00eda de viajes compartidos cubrir\u00eda los da\u00f1os.<\/p>\n\n\n\n<h4 class=\"wp-block-heading\" id=\"aioseo-property-damage-due-to-the-negligence-of-an-uber-or-lyft-driver\">Da\u00f1os a la propiedad debido a la negligencia de un conductor de Uber o Lyft<\/h4>\n\n\n\n<p>Si la negligencia de un conductor de Uber o Lyft provoc\u00f3 un accidente con da\u00f1os materiales, generalmente ser\u00e1 responsable de los da\u00f1os. Si bien puede estar protegido por un seguro adicional de la p\u00f3liza de la compa\u00f1\u00eda de viajes compartidos, sigue siendo responsable ante las personas cuya propiedad haya sufrido da\u00f1os.<\/p>\n\n\n\n<h4 class=\"wp-block-heading\" id=\"aioseo-uber-or-lyft-driver-injury-due-to-their-own-negligence\">Lesiones de conductores de Uber o Lyft debido a su propia negligencia<\/h4>\n\n\n\n<p>Los conductores de Uber o Lyft a veces son responsables de colisiones que les causan lesiones. Por ejemplo, un conductor de Uber o Lyft podr\u00eda conducir por la calle antes de desviarse repentinamente hacia el tr\u00e1fico que viene en sentido contrario, causando una colisi\u00f3n frontal. En ese caso, el conductor de Uber o Lyft es el responsable del accidente.<\/p>\n\n\n\n<h4 class=\"wp-block-heading\" id=\"aioseo-uber-or-lyft-driver-injury-due-to-the-negligence-of-another-driver\">Lesiones de conductores de Uber o Lyft debido a la negligencia de otro conductor<\/h4>\n\n\n\n<p>Si usted es conductor de Uber o Lyft y otro veh\u00edculo lo choca, podr\u00eda resultar lesionado y presentar una demanda contra el otro conductor. Independientemente de si conduc\u00eda un veh\u00edculo de transporte compartido o no en el momento del accidente, la negligencia del otro conductor es la causa del accidente, lo que lo hace responsable de los da\u00f1os resultantes.<\/p>\n\n\n\n<h4 class=\"wp-block-heading\" id=\"aioseo-uber-or-lyft-passenger-and-or-driver-due-to-a-defective-vehicle-part\">Pasajero y\/o conductor de Uber o Lyft debido a una pieza defectuosa del veh\u00edculo<\/h4>\n\n\n\n<p>Los veh\u00edculos de Uber o Lyft con piezas defectuosas pueden causar accidentes graves que alteran la vida tanto de los conductores como de los pasajeros. Dependiendo de la naturaleza del defecto, varias partes pueden ser responsables, como el fabricante del veh\u00edculo, el fabricante de la pieza o el distribuidor.<\/p>\n\n\n\n<h2 class=\"wp-block-heading\" id=\"aioseo-who-can-be-found-liable-in-an-uber-accident\" style=\"padding-top:var(--wp--preset--spacing--20)\">\u00bfQui\u00e9n puede ser considerado responsable en un accidente de Uber?<\/h2>\n\n\n\n<p>Las siguientes partes pueden ser consideradas responsables en un accidente de Uber:<\/p>\n\n\n\n<h4 class=\"wp-block-heading\" id=\"aioseo-uber-or-lyft-driver\">Conductor de Uber o Lyft<\/h4>\n\n\n\n<p>El conductor puede ser considerado responsable en un accidente de Uber o Lyft si tiene un comportamiento negligente, como conducir distra\u00eddo, no cumplir con las leyes de tr\u00e1nsito, conducir bajo la influencia del alcohol, etc.<\/p>\n\n\n\n<h4 class=\"wp-block-heading\" id=\"aioseo-rideshare-companies\">Empresas de viajes compartidos<\/h4>\n\n\n\n<p>Las empresas de viajes compartidos deben realizar verificaciones de antecedentes exhaustivas para garantizar que contraten conductores certificados que no pongan en peligro la vida de los pasajeros a trav\u00e9s de robos, asaltos, conducir bajo la influencia del alcohol, etc. Si ocurre alguno de los incidentes mencionados, Uber y Lyft pueden ser considerados responsables de las lesiones de los pasajeros.<\/p>\n\n\n\n<h4 class=\"wp-block-heading\" id=\"aioseo-any-related-third-parties\">Cualquier tercero relacionado<\/h4>\n\n\n\n<p>Los terceros asociados incluyen a los fabricantes de veh\u00edculos y a los mec\u00e1nicos. Los fabricantes de veh\u00edculos pueden ser considerados responsables si un componente defectuoso del veh\u00edculo caus\u00f3 el accidente. Los mec\u00e1nicos, por otro lado, pueden ser considerados responsables por realizar reparaciones o mantenimiento del veh\u00edculo de forma incorrecta o por pasar por alto un defecto evidente, lo que resulta en un accidente.<\/p>\n\n\n\n<h2 class=\"wp-block-heading\" id=\"aioseo-what-makes-uber-accident-cases-different-from-regular-car-accident-cases\" style=\"padding-top:var(--wp--preset--spacing--20)\">\u00bfQu\u00e9 hace que los casos de accidentes de Uber sean diferentes de los casos de accidentes automovil\u00edsticos normales?<\/h2>\n\n\n\n<p>Los casos de accidentes de Uber o Lyft se diferencian de los accidentes de tr\u00e1fico habituales porque siempre involucran a un tercero, que es la compa\u00f1\u00eda de viajes compartidos, que probablemente cuenta con un s\u00f3lido equipo legal que busca minimizar la responsabilidad. Por eso, es fundamental contratar a un abogado si alguna vez se ve involucrado en un accidente de Uber o Lyft.<\/p>\n\n\n\n<figure class=\"wp-block-image aligncenter\" style=\"margin-top:var(--wp--preset--spacing--20);margin-bottom:var(--wp--preset--spacing--20)\"><a href=\"https:\/\/dglawga.com\/wp-content\/uploads\/2022\/06\/sandy-springs-uber-accident-lawyer-diaz.jpg\"><img loading=\"lazy\" decoding=\"async\" width=\"500\" height=\"333\" src=\"https:\/\/dglawga.com\/wp-content\/uploads\/2022\/06\/sandy-springs-uber-accident-lawyer-diaz.jpg\" alt=\"Concepto de abogado de accidentes de Uber en Sandy Springs, con la mano apuntando a la aplicaci\u00f3n de viajes compartidos.\" class=\"wp-image-3081\" srcset=\"https:\/\/dglawga.com\/wp-content\/uploads\/2022\/06\/sandy-springs-uber-accident-lawyer-diaz.jpg 500w, https:\/\/dglawga.com\/wp-content\/uploads\/2022\/06\/sandy-springs-uber-accident-lawyer-diaz-300x200.jpg 300w\" sizes=\"auto, (max-width: 500px) 100vw, 500px\" \/><\/a><\/figure>\n\n\n\n<h2 class=\"wp-block-heading\" id=\"aioseo-does-uber-have-a-1-million-insurance-policy-for-accidents\" style=\"padding-top:var(--wp--preset--spacing--20)\">\u00bfTiene Uber una p\u00f3liza de seguro de $1 mill\u00f3n para accidentes?<\/h2>\n\n\n\n<p>S\u00ed. Uber y <strong><a href=\"https:\/\/www.lyft.com\/driver\/insurance\" target=\"_blank\" rel=\"noopener\">Lyft<\/a><\/strong> Proporcionar hasta 1 mill\u00f3n de T\/T de seguro de responsabilidad civil para cubrir los da\u00f1os a los pasajeros lesionados en accidentes que involucren sus veh\u00edculos. La cobertura tambi\u00e9n puede estar disponible para los ocupantes de otros veh\u00edculos involucrados en el accidente. Sin embargo, <a href=\"https:\/\/www.uber.com\/us\/en\/drive\/insurance\/\" target=\"_blank\" rel=\"noopener\"><strong>Cobertura de seguro de $1 mill\u00f3n<\/strong><\/a> S\u00f3lo aplica si el accidente ocurri\u00f3 mientras el conductor de Uber o Lyft estaba en camino a recoger a un pasajero o conduciendo a un pasajero.<\/p>\n\n\n\n<h2 class=\"wp-block-heading\" id=\"aioseo-what-type-of-compensation-can-i-seek-in-an-uber-accident\" style=\"padding-top:var(--wp--preset--spacing--20)\">\u00bfQu\u00e9 tipo de compensaci\u00f3n puedo solicitar en un accidente de Uber?<\/h2>\n\n\n\n<p>Si est\u00e1 involucrado en un accidente de Uber, puede reclamar los siguientes tipos de da\u00f1os:<\/p>\n\n\n\n<h4 class=\"wp-block-heading\" id=\"aioseo-economic-damages\">Da\u00f1os econ\u00f3micos<\/h4>\n\n\n\n<p>Los da\u00f1os econ\u00f3micos incluyen todos los gastos cuantificables financieramente derivados del accidente de Uber o Lyft e incluyen, entre otros:<\/p>\n\n\n\n<ul class=\"wp-block-list\">\n<li>Gastos m\u00e9dicos<\/li>\n\n\n\n<li>Salarios perdidos<\/li>\n\n\n\n<li>Capacidad reducida para ganar dinero<\/li>\n\n\n\n<li>Reparaci\u00f3n de da\u00f1os en veh\u00edculos<\/li>\n<\/ul>\n\n\n\n<h4 class=\"wp-block-heading\" id=\"aioseo-non-economic-damages\">Da\u00f1os no econ\u00f3micos<\/h4>\n\n\n\n<p>Los da\u00f1os no econ\u00f3micos abarcan las diferentes maneras en que su vida se vio afectada por el accidente de Uber o Lyft, sin que esto implique p\u00e9rdidas econ\u00f3micas. Algunos ejemplos incluyen, entre otros:<\/p>\n\n\n\n<ul class=\"wp-block-list\">\n<li>P\u00e9rdida de compa\u00f1\u00eda<\/li>\n\n\n\n<li>Calidad de vida reducida<\/li>\n\n\n\n<li>Trauma y angustia emocional<\/li>\n\n\n\n<li>Dolor y sufrimiento<\/li>\n<\/ul>\n\n\n\n<h4 class=\"wp-block-heading\" id=\"aioseo-punitive-damages\">Da\u00f1os punitivos<\/h4>\n\n\n\n<p>Tiene derecho a una indemnizaci\u00f3n punitiva si el conductor de Uber o Lyft demostr\u00f3 negligencia grave o mala intenci\u00f3n, como un conductor de Uber que estaba ebrio mientras trabajaba. La indemnizaci\u00f3n punitiva tiene como objetivo castigar al acusado por sus acciones y disuadir a otros de incurrir en conductas similares.<\/p>\n\n\n\n<h2 class=\"wp-block-heading\" id=\"aioseo-should-i-just-accept-a-settlement-offer\" style=\"padding-top:var(--wp--preset--spacing--20)\">\u00bfDeber\u00eda simplemente aceptar una oferta de acuerdo?<\/h2>\n\n\n\n<p>Nunca acepte la primera oferta de una compa\u00f1\u00eda de viajes compartidos sin consultar primero con un abogado especializado en accidentes de Uber en Sandy Springs, como Diaz &amp; Gaeta. Sin la asesor\u00eda legal adecuada, podr\u00eda aceptar una indemnizaci\u00f3n significativamente menor a la que le corresponde.<\/p>\n\n\n\n<h2 class=\"wp-block-heading\" id=\"aioseo-how-much-can-i-expect-an-uber-accident-lawyer-to-cost\" style=\"padding-top:var(--wp--preset--spacing--20)\">\u00bfCu\u00e1nto puedo esperar que me cueste un abogado de accidentes de Uber?<\/h2>\n\n\n\n<p>Los abogados de accidentes de Uber generalmente no te cobran honorarios por adelantado. En cambio, trabajan en un... <a href=\"https:\/\/www.americanbar.org\/groups\/public_education\/resources\/law_issues_for_consumers\/lawyerfees_contingent\/\" target=\"_blank\" rel=\"noopener nofollow\">honorarios de contingencia<\/a> Base, lo que significa que el abogado recibe un porcentaje de su acuerdo o la indemnizaci\u00f3n del jurado. Los honorarios se detallar\u00e1n en el contrato de honorarios.<\/p>\n\n\n\n<h2 class=\"wp-block-heading\" id=\"aioseo-are-there-time-limits-for-filing-an-uber-accident-claim\" style=\"padding-top:var(--wp--preset--spacing--20)\">\u00bfExisten l\u00edmites de tiempo para presentar una reclamaci\u00f3n por accidente de Uber?<\/h2>\n\n\n\n<p>S\u00ed. En Georgia, ese plazo, conocido como estatuto de limitaciones, es de solo 2 a\u00f1os a partir de la fecha del accidente. Si no cumple con ese plazo, se le prohibir\u00e1 permanentemente obtener una indemnizaci\u00f3n por sus lesiones y p\u00e9rdidas.<\/p>\n\n\n\n<h2 class=\"wp-block-heading\" id=\"aioseo-why-do-i-need-a-sandy-springs-uber-accident-lawyer\" style=\"padding-top:var(--wp--preset--spacing--20)\">\u00bfPor qu\u00e9 necesito un abogado de accidentes de Uber en Sandy Springs?<\/h2>\n\n\n\n<p>Los asuntos legales relacionados con empresas de viajes compartidos como Uber y Lyft suelen ser complejos, por lo que nunca es recomendable abordar estas reclamaciones en solitario. Estas son algunas razones por las que necesita un abogado especializado en accidentes de Uber o Lyft:<\/p>\n\n\n\n<h4 class=\"wp-block-heading\" id=\"aioseo-case-preparation-filing-a-lawsuit\">Preparaci\u00f3n de casos\/Presentaci\u00f3n de una demanda<\/h4>\n\n\n\n<p>Su abogado le ayudar\u00e1 a completar y presentar la documentaci\u00f3n necesaria para presentar un reclamo, responder\u00e1 todas sus preguntas sobre el reclamo y le ayudar\u00e1 a determinar los tipos de compensaci\u00f3n para los que podr\u00eda calificar.<\/p>\n\n\n\n<h4 class=\"wp-block-heading\" id=\"aioseo-settlement-negotiation\">Negociaci\u00f3n de acuerdos<\/h4>\n\n\n\n<p>Negociar con grandes corporaciones puede ser complejo, ya que cuentan con abogados que protegen sus intereses, por lo que necesita contratar uno para proteger los suyos. Su abogado negociar\u00e1 con la compa\u00f1\u00eda de viajes compartidos para obtener la m\u00e1xima compensaci\u00f3n por sus lesiones y p\u00e9rdidas.<\/p>\n\n\n\n<h4 class=\"wp-block-heading\" id=\"aioseo-trial-preparation-representation\">Preparaci\u00f3n y representaci\u00f3n en juicios<\/h4>\n\n\n\n<p>Si las negociaciones del acuerdo fracasan sin llegar a una resoluci\u00f3n, sus abogados pueden llevar el caso a los tribunales, donde un juez o un jurado decidir\u00e1n sobre el asunto. Sus abogados presentar\u00e1n su reclamaci\u00f3n ante el tribunal de la mejor manera posible para aumentar sus posibilidades de obtener un veredicto favorable.<\/p>\n\n\n\n<h2 class=\"wp-block-heading\" id=\"aioseo-contact-the-experienced-uber-accident-lawyers-at-diaz-gaeta-in-sandy-springs-ga-today\" style=\"padding-top:var(--wp--preset--spacing--20)\">\u00a1Comun\u00edquese hoy mismo con los abogados con experiencia en accidentes de Uber de Diaz &amp; Gaeta en Sandy Springs, GA!<\/h2>\n\n\n\n<p>Las aplicaciones de viajes compartidos han ganado popularidad en los \u00faltimos a\u00f1os. Desafortunadamente, con su creciente popularidad, tambi\u00e9n ha aumentado el n\u00famero de accidentes, muchos de los cuales se deben a la negligencia de alguien. Es importante reconocer qui\u00e9n es responsable para reclamar una indemnizaci\u00f3n.<\/p>\n\n\n\n<p>Si usted o un ser querido estuvo involucrado en un accidente de Uber o Lyft en Sandy Springs, GA y desea hablar con un abogado en quien pueda confiar para recuperar la compensaci\u00f3n a la que tiene derecho, llame al <strong><a href=\"https:\/\/dglawga.com\/es\/\">D\u00edaz y Gaeta<\/a><\/strong> Hoy a las <a href=\"tel:+16785032780\"><strong>678-503-2780<\/strong><\/a>. Las consultas con nuestros abogados de accidentes de Uber en Sandy Springs son gratuitas y no conllevan compromiso.<\/p>","protected":false},"excerpt":{"rendered":"<p>People throughout Sandy Springs, GA and the United States at large enjoy using ridesharing apps like Uber and Lyft since they provide a convenient and inexpensive way to get around. Still, accidents do happen and when they do, you will require the right legal representation to recover compensation. If you or a loved one was [&hellip;]<\/p>\n","protected":false},"author":34,"featured_media":0,"parent":2044,"menu_order":0,"comment_status":"closed","ping_status":"closed","template":"wp-custom-template-sandy-springs-services","meta":{"_acf_changed":false,"_themeisle_gutenberg_block_has_review":false,"footnotes":""},"categories":[52],"tags":[124,123,120,21,122,59,126,58,121,125,119,26,118,116,117,22,142,143,24],"class_list":["post-2061","page","type-page","status-publish","hentry","category-sandy-springs-location","tag-abogado-coche-acidente","tag-abogado-gratis","tag-attorney-lawyer","tag-car-accidents","tag-car-accidents-lawyer","tag-family-law","tag-imigracion-abogados","tag-immigration","tag-immigration-lawyer","tag-marietta-abogado","tag-marietta-lawyer","tag-personal-injury","tag-top-lawyer-in-marietta","tag-top-lawyers-in-atlanta","tag-top-lawyers-in-smyrna","tag-truck-accident","tag-truck-accident-attorneys","tag-truck-crash","tag-uber-accidents"],"acf":[],"aioseo_notices":[],"_links":{"self":[{"href":"https:\/\/dglawga.com\/es\/wp-json\/wp\/v2\/pages\/2061","targetHints":{"allow":["GET"]}}],"collection":[{"href":"https:\/\/dglawga.com\/es\/wp-json\/wp\/v2\/pages"}],"about":[{"href":"https:\/\/dglawga.com\/es\/wp-json\/wp\/v2\/types\/page"}],"author":[{"embeddable":true,"href":"https:\/\/dglawga.com\/es\/wp-json\/wp\/v2\/users\/34"}],"replies":[{"embeddable":true,"href":"https:\/\/dglawga.com\/es\/wp-json\/wp\/v2\/comments?post=2061"}],"version-history":[{"count":3,"href":"https:\/\/dglawga.com\/es\/wp-json\/wp\/v2\/pages\/2061\/revisions"}],"predecessor-version":[{"id":7770,"href":"https:\/\/dglawga.com\/es\/wp-json\/wp\/v2\/pages\/2061\/revisions\/7770"}],"up":[{"embeddable":true,"href":"https:\/\/dglawga.com\/es\/wp-json\/wp\/v2\/pages\/2044"}],"wp:attachment":[{"href":"https:\/\/dglawga.com\/es\/wp-json\/wp\/v2\/media?parent=2061"}],"wp:term":[{"taxonomy":"category","embeddable":true,"href":"https:\/\/dglawga.com\/es\/wp-json\/wp\/v2\/categories?post=2061"},{"taxonomy":"post_tag","embeddable":true,"href":"https:\/\/dglawga.com\/es\/wp-json\/wp\/v2\/tags?post=2061"}],"curies":[{"name":"wp","href":"https:\/\/api.w.org\/{rel}","templated":true}]}}