{"id":2071,"date":"2022-06-07T17:54:53","date_gmt":"2022-06-07T17:54:53","guid":{"rendered":"https:\/\/diazgaetalaw.wpengine.com\/?page_id=2071"},"modified":"2025-06-15T23:07:46","modified_gmt":"2025-06-16T04:07:46","slug":"abogado-de-resbalones-y-caidas","status":"publish","type":"page","link":"https:\/\/dglawga.com\/es\/sandy-springs\/slip-and-fall-lawyer\/","title":{"rendered":"Abogado de resbalones y ca\u00eddas en Sandy Springs"},"content":{"rendered":"<p>Presentar una reclamaci\u00f3n por resbal\u00f3n y ca\u00edda puede ser abrumador y conllevar numerosos desaf\u00edos. Los accidentes por resbal\u00f3n y ca\u00edda son relativamente comunes y las v\u00edctimas pueden sufrir diversas lesiones.<\/p>\n\n\n\n<p>Si bien los propietarios son responsables de solucionar los problemas de seguridad conocidos o advertir a los visitantes, demostrar la responsabilidad es complicado. Por eso, las v\u00edctimas necesitan un abogado especializado en resbalones y ca\u00eddas en Sandy Springs.<\/p>\n\n\n\n<p>Es prudente no asumir un caso como este por su cuenta, especialmente si desconoce los diferentes requisitos legales para las reclamaciones de indemnizaci\u00f3n por resbalones y ca\u00eddas. Por lo tanto, considere contratar a un abogado con experiencia en resbalones y ca\u00eddas en Sandy Springs para que le ayude con el caso y le permita centrarse en su recuperaci\u00f3n.<\/p>\n\n\n\n<p>En D\u00edaz &amp; Gaeta, contamos con profesionales del derecho especializados en casos de resbalones y ca\u00eddas que dedicar\u00e1n su experiencia a luchar por sus derechos e intereses. Nuestros <strong><a href=\"https:\/\/dglawga.com\/es\/manantiales-arenosos\/abogado-de-lesiones-personales\/\">Abogados de lesiones personales en Sandy Springs<\/a><\/strong> Tambi\u00e9n supervisar\u00e1 las negociaciones con el equipo legal del acusado o el proveedor de seguros.<\/p>\n\n\n\n<p>Le garantizamos que recibir\u00e1 asesor\u00eda y representaci\u00f3n legal inigualables para asegurar la compensaci\u00f3n que merece. Ll\u00e1menos al <a href=\"tel:+16785032780\"><strong>678-503-2780<\/strong><\/a> para programar una consulta GRATUITA y sin compromiso y obtener m\u00e1s informaci\u00f3n sobre c\u00f3mo podemos ayudarle.<\/p>\n\n\n\n<div class=\"wp-block-group has-accent-background-color has-background is-vertical is-layout-flex wp-container-core-group-is-layout-283d9697 wp-block-group-is-layout-flex\" style=\"border-top-left-radius:15px;border-top-right-radius:15px;margin-top:var(--wp--preset--spacing--30)\">\n<h2 class=\"wp-block-heading has-primary-color has-text-color has-link-color wp-elements-4164a61e17ffbe9e8a7446952ec87a5a\" id=\"aioseo-table-of-contents\">TABLA DE CONTENIDO<\/h2>\n<\/div>\n\n\n\n<div class=\"wp-block-group has-background is-vertical is-layout-flex wp-container-core-group-is-layout-d644fc7a wp-block-group-is-layout-flex\" style=\"border-bottom-left-radius:15px;border-bottom-right-radius:15px;background-color:#f3f3f3;margin-top:0\"><div class=\"wp-block-aioseo-table-of-contents\"><ul><li><a class=\"aioseo-toc-item\" href=\"#aioseo-what-are-the-most-common-types-of-slip-and-fall-accidents\">\u00bfCu\u00e1les son los tipos m\u00e1s comunes de accidentes por resbalones y ca\u00eddas?<\/a><\/li><li><a class=\"aioseo-toc-item\" href=\"#aioseo-how-will-your-sandy-springs-slip-and-fall-lawyer-help-with-my-case\">\u00bfC\u00f3mo me ayudar\u00e1 mi abogado especializado en resbalones y ca\u00eddas de Sandy Springs con mi caso?<\/a><\/li><li><a class=\"aioseo-toc-item\" href=\"#aioseo-what-steps-can-i-take-to-help-my-slip-and-fall-case\">\u00bfQu\u00e9 pasos puedo tomar para ayudar en mi caso de resbal\u00f3n y ca\u00edda?<\/a><ul><li><a class=\"aioseo-toc-item\" href=\"#aioseo-take-photos-and-videos\">Tomar fotograf\u00edas y v\u00eddeos<\/a><\/li><li><a class=\"aioseo-toc-item\" href=\"#aioseo-identify-potential-witnesses-and-get-their-information\">Identificar posibles testigos y obtener su informaci\u00f3n<\/a><\/li><li><a class=\"aioseo-toc-item\" href=\"#aioseo-report-the-accident\">Reportar el accidente<\/a><\/li><li><a class=\"aioseo-toc-item\" href=\"#aioseo-seek-medical-attention\">Busque atenci\u00f3n m\u00e9dica<\/a><\/li><\/ul><\/li><li><a class=\"aioseo-toc-item\" href=\"#aioseo-how-can-a-slip-and-fall-accident-be-proven\">\u00bfC\u00f3mo se puede probar un accidente por resbal\u00f3n y ca\u00edda?<\/a><\/li><li><a class=\"aioseo-toc-item\" href=\"#aioseo-how-is-liability-determined-in-a-georgia-slip-and-fall-case\">\u00bfC\u00f3mo se determina la responsabilidad en un caso de resbal\u00f3n y ca\u00edda en Georgia?<\/a><\/li><li><a class=\"aioseo-toc-item\" href=\"#aioseo-how-much-is-my-slip-and-fall-case-worth\">\u00bfCu\u00e1nto vale mi caso de resbal\u00f3n y ca\u00edda?<\/a><\/li><li><a class=\"aioseo-toc-item\" href=\"#aioseo-are-there-any-time-limits-for-filing-a-slip-and-fall-lawsuit-in-georgia\">\u00bfExiste alg\u00fan l\u00edmite de tiempo para presentar una demanda por resbal\u00f3n y ca\u00edda en Georgia?<\/a><\/li><li><a class=\"aioseo-toc-item\" href=\"#aioseo-get-in-touch-with-the-top-rated-sandy-springs-slip-and-fall-lawyers\">\u00a1P\u00f3ngase en contacto con los abogados mejor calificados en casos de resbalones y ca\u00eddas de Sandy Springs!<\/a><\/li><\/ul><\/div><\/div>\n\n\n\n<h2 class=\"wp-block-heading\" id=\"aioseo-what-are-the-most-common-types-of-slip-and-fall-accidents\" style=\"padding-top:var(--wp--preset--spacing--20)\">\u00bfCu\u00e1les son los tipos m\u00e1s comunes de accidentes por resbalones y ca\u00eddas?<\/h2>\n\n\n\n<p>Los resbalones y ca\u00eddas pueden parecer triviales, pero a veces estos accidentes pueden tener consecuencias devastadoras. Debemos investigar sus reclamos para descubrir la verdad y reunir pruebas que respalden su caso. Parte de nuestros esfuerzos se centrar\u00e1n en identificar las causas del accidente para determinar la responsabilidad.<\/p>\n\n\n\n<p>Muchos de los clientes a los que hemos ayudado con sus reclamos por resbalones y ca\u00eddas atribuyen el accidente y las lesiones a lo siguiente:<\/p>\n\n\n\n<ul class=\"wp-block-list\">\n<li>Iluminaci\u00f3n deficiente o insuficiente en pasillos, corredores y otras \u00e1reas con mucho tr\u00e1fico peatonal.<\/li>\n\n\n\n<li>Superficies irregulares, baches, aceras agrietadas, baldosas desconchadas.<\/li>\n\n\n\n<li>Escaleras rotas.<\/li>\n\n\n\n<li>Escaleras mec\u00e1nicas y ascensores en mal estado o que funcionan mal.<\/li>\n\n\n\n<li>Pisos mojados en hospitales, centros comerciales, oficinas, tiendas y otros espacios p\u00fablicos.<\/li>\n\n\n\n<li>Escombros como ramas y escombros sueltos.<\/li>\n\n\n\n<li>No instalar dispositivos antideslizantes, canaletas o desag\u00fces pluviales en caso de fuertes nevadas o lluvias.<\/li>\n\n\n\n<li>No colocar se\u00f1ales de advertencia o restringir el acceso a \u00e1reas con peligro de resbalones o ca\u00eddas.<\/li>\n<\/ul>\n\n\n\n<h2 class=\"wp-block-heading\" id=\"aioseo-how-will-your-sandy-springs-slip-and-fall-lawyer-help-with-my-case\" style=\"padding-top:var(--wp--preset--spacing--20)\">\u00bfC\u00f3mo me ayudar\u00e1 mi abogado especializado en resbalones y ca\u00eddas de Sandy Springs con mi caso?<\/h2>\n\n\n\n<p>El equipo legal del demandado har\u00e1 todo lo posible para que su reclamaci\u00f3n sea denegada o se reduzca el monto del acuerdo. Podr\u00edan emplear t\u00e1cticas dudosas, incluyendo cualquier cosa que sugiera que usted tiene parte de la culpa por el resbal\u00f3n y la ca\u00edda.<\/p>\n\n\n\n<p>Sus posibilidades de enfrentarlos y ganar el caso son mejores cuando nos contrata para representarlo y luchar por sus derechos.<\/p>\n\n\n\n<p>Estas son algunas de las formas en que nuestros abogados profesionales de resbalones y ca\u00eddas de Sandy Springs lo ayudar\u00e1n con su caso: Los beneficios de trabajar con nuestro abogado profesional de resbalones y ca\u00eddas de Sandy Springs incluyen:<\/p>\n\n\n\n<ul class=\"wp-block-list\">\n<li>Ofrecemos una consulta gratuita para que usted pueda saber si tiene un caso.<\/li>\n\n\n\n<li>Investigaremos el accidente y reuniremos pruebas cruciales para respaldar el caso.<\/li>\n\n\n\n<li>Nos pondremos en contacto con testigos para conocer sus versiones de lo ocurrido.<\/li>\n\n\n\n<li>Utilizaremos nuestras investigaciones para determinar el valor de su reclamo.<\/li>\n\n\n\n<li>Cumpliremos con todos los requisitos legales a la hora de presentar la reclamaci\u00f3n de indemnizaci\u00f3n.<\/li>\n\n\n\n<li>Negociaremos con la compa\u00f1\u00eda de seguros para obtener un <strong><a href=\"https:\/\/www.americanbar.org\/groups\/public_education\/resources\/law_issues_for_consumers\/injury_settle\/\" target=\"_blank\" rel=\"noopener\">asentamiento<\/a><\/strong>.<\/li>\n\n\n\n<li>Lo protegeremos de ser presionado para aceptar una oferta de conciliaci\u00f3n muy baja.<\/li>\n\n\n\n<li>Tenemos la experiencia para llevar su caso a los tribunales si es necesario.<\/li>\n\n\n\n<li>\u00a1No nos paga nada a menos que ganemos su compensaci\u00f3n!<\/li>\n<\/ul>\n\n\n\n<p>Al contratar a un abogado especializado en resbalones y ca\u00eddas de Sandy Springs, estar\u00e1 mejor preparado para obtener el resultado ideal.<\/p>\n\n\n\n<h2 class=\"wp-block-heading\" id=\"aioseo-what-steps-can-i-take-to-help-my-slip-and-fall-case\" style=\"padding-top:var(--wp--preset--spacing--20)\">\u00bfQu\u00e9 pasos puedo tomar para ayudar en mi caso de resbal\u00f3n y ca\u00edda?<\/h2>\n\n\n\n<p>Las leyes del estado de Georgia estipulan los pasos que deben seguir las v\u00edctimas de accidentes por resbalones y ca\u00eddas para proteger sus derechos e intereses al presentar una reclamaci\u00f3n. Diaz &amp; Gaeta sabe que debe obtener las pruebas necesarias para respaldar su reclamaci\u00f3n, y puede hacerlo de las siguientes maneras:<\/p>\n\n\n\n<h4 class=\"wp-block-heading\" id=\"aioseo-take-photos-and-videos\">Tomar fotograf\u00edas y v\u00eddeos<\/h4>\n\n\n\n<p>Mire a su alrededor y tome nota de cualquier cosa que pudiera haber causado el accidente. Puede ser alfombras sueltas, superficies mojadas, pisos rotos y otras condiciones peligrosas.<\/p>\n\n\n\n<p>Documentar la escena es prudente, ya que las fotos y los videos pueden usarse como prueba en el caso de resbal\u00f3n y ca\u00edda. Tendr\u00e1 pruebas de la causa del accidente, incluso si se resolvi\u00f3 o se arregl\u00f3 despu\u00e9s del incidente. Esta informaci\u00f3n puede ser crucial para su abogado especializado en resbalones y ca\u00eddas en Sandy Springs.<\/p>\n\n\n\n<h4 class=\"wp-block-heading\" id=\"aioseo-identify-potential-witnesses-and-get-their-information\">Identificar posibles testigos y obtener su informaci\u00f3n<\/h4>\n\n\n\n<p>Aseg\u00farese de pedirles a los testigos sus nombres e informaci\u00f3n de contacto. Pueden relatar lo que vieron en relaci\u00f3n con su accidente. Los testigos pueden ser invaluables para confirmar lo sucedido.<\/p>\n\n\n\n<h4 class=\"wp-block-heading\" id=\"aioseo-report-the-accident\">Reportar el accidente<\/h4>\n\n\n\n<p>Si se resbal\u00f3 y se cay\u00f3 en un establecimiento comercial, debe informarlo a un supervisor o gerente antes de abandonar la propiedad. El due\u00f1o o gerente podr\u00eda pedirle que complete un formulario explicando lo sucedido.<\/p>\n\n\n\n<p>Ese documento puede servir como informe de incidentes que detalla la naturaleza y la causa del accidente de resbal\u00f3n y ca\u00edda. Dado que este es un paso crucial, esto ayudar\u00e1 a su abogado especializado en resbalones y ca\u00eddas de Sandy Springs a prepararse para su caso.<\/p>\n\n\n\n<figure class=\"wp-block-image aligncenter\" style=\"margin-top:var(--wp--preset--spacing--20);margin-bottom:var(--wp--preset--spacing--20)\"><a href=\"https:\/\/dglawga.com\/wp-content\/uploads\/2022\/06\/sandy-springs-slip-fall-lawyer-diaz.jpg\"><img loading=\"lazy\" decoding=\"async\" width=\"500\" height=\"333\" src=\"https:\/\/dglawga.com\/wp-content\/uploads\/2022\/06\/sandy-springs-slip-fall-lawyer-diaz.jpg\" alt=\"Informe de accidente por resbal\u00f3n y ca\u00edda, concepto del abogado de resbalones y ca\u00eddas de Sandy Springs\" class=\"wp-image-3103\" srcset=\"https:\/\/dglawga.com\/wp-content\/uploads\/2022\/06\/sandy-springs-slip-fall-lawyer-diaz.jpg 500w, https:\/\/dglawga.com\/wp-content\/uploads\/2022\/06\/sandy-springs-slip-fall-lawyer-diaz-300x200.jpg 300w\" sizes=\"auto, (max-width: 500px) 100vw, 500px\" \/><\/a><\/figure>\n\n\n\n<h4 class=\"wp-block-heading\" id=\"aioseo-seek-medical-attention\">Busque atenci\u00f3n m\u00e9dica<\/h4>\n\n\n\n<p>Acuda a un hospital para recibir un diagn\u00f3stico completo de sus lesiones y tratamiento. Los m\u00e9dicos elaborar\u00e1n un informe m\u00e9dico que podr\u00e1 utilizarse como prueba para respaldar sus reclamaciones.<\/p>\n\n\n\n<p>Es importante tener en cuenta que los accidentes por resbalones y ca\u00eddas pueden ocurrir en diversos entornos, incluidas residencias privadas, lugares p\u00fablicos y lugares de trabajo.<\/p>\n\n\n\n<p>Dependiendo de las circunstancias de su caso, podr\u00edan aplicarse diferentes leyes y regulaciones, por lo que es fundamental consultar con un abogado especializado en casos de resbalones y ca\u00eddas en Sandy Springs con experiencia en este tipo de casos. Este abogado podr\u00e1 guiarle a trav\u00e9s del proceso legal y ayudarle a obtener el mejor resultado posible para su caso.<\/p>\n\n\n\n<p>Comun\u00edquese hoy mismo con su abogado especializado en resbalones y ca\u00eddas de Sandy Springs al <a href=\"tel:+16785032780\"><strong>678-503-2780<\/strong><\/a>.<\/p>\n\n\n\n<h2 class=\"wp-block-heading\" id=\"aioseo-how-can-a-slip-and-fall-accident-be-proven\" style=\"padding-top:var(--wp--preset--spacing--20)\">\u00bfC\u00f3mo se puede probar un accidente por resbal\u00f3n y ca\u00edda?<\/h2>\n\n\n\n<p>El equipo del acusado argumentar\u00e1 que usted tambi\u00e9n tiene parte de la culpa del accidente, presentando diferentes acusaciones. Sin embargo, nuestro abogado especializado en resbalones y ca\u00eddas de Sandy Springs tambi\u00e9n se comprometer\u00e1 a refutar sus acusaciones y demostrar que el acusado tuvo la culpa.<\/p>\n\n\n\n<p>Su abogado debe establecer cuatro hechos clave para demostrar que el propietario\/administrador de la propiedad es responsable y debe compensarlo.<\/p>\n\n\n\n<ul class=\"wp-block-list\">\n<li>El acusado sab\u00eda o deber\u00eda haber sido consciente del peligro en su propiedad.<\/li>\n\n\n\n<li>El acusado no tom\u00f3 medidas razonables para garantizar la seguridad de las personas solucionando el peligro o asegur\u00e1ndose de que los visitantes estuvieran informados sobre \u00e9l.<\/li>\n\n\n\n<li>No eras consciente del peligro porque no lo pudiste ver a tiempo o porque no hab\u00eda se\u00f1ales de advertencia.<\/li>\n\n\n\n<li>El peligro de seguridad provoc\u00f3 que usted resbalara y cayera, dej\u00e1ndolo con lesiones.<\/li>\n<\/ul>\n\n\n\n<h2 class=\"wp-block-heading\" id=\"aioseo-how-is-liability-determined-in-a-georgia-slip-and-fall-case\" style=\"padding-top:var(--wp--preset--spacing--20)\">\u00bfC\u00f3mo se determina la responsabilidad en un caso de resbal\u00f3n y ca\u00edda en Georgia?<\/h2>\n\n\n\n<p>Su abogado le responder\u00e1 algunas preguntas esenciales que pueden ayudar a esclarecer las circunstancias que provocaron su resbal\u00f3n y ca\u00edda. Las respuestas a estas preguntas determinar\u00e1n la responsabilidad entre usted y el acusado. Las preguntas incluyen:<\/p>\n\n\n\n<ul class=\"wp-block-list\">\n<li>\u00bfCu\u00e1les fueron sus razones para estar en la propiedad donde resbal\u00f3 y cay\u00f3?<\/li>\n\n\n\n<li>\u00bfEl propietario o administrador de la propiedad estaba al tanto del peligro y coloc\u00f3 una se\u00f1al de advertencia para alertarlo?<\/li>\n\n\n\n<li>\u00bfPodr\u00eda usted haber estado distra\u00eddo por algo m\u00e1s cuando ocurri\u00f3 el accidente?<\/li>\n\n\n\n<li>\u00bfOtra persona razonable habr\u00eda detectado el peligro y lo habr\u00eda evitado si se hubiera encontrado en una situaci\u00f3n similar?<\/li>\n<\/ul>\n\n\n\n<p>Ser parcialmente responsable del accidente podr\u00eda hacer que usted obtenga una indemnizaci\u00f3n menor porque la compensaci\u00f3n se comparte entre usted y el acusado seg\u00fan el grado de culpa.<\/p>\n\n\n\n<p>Adem\u00e1s, es posible que no reciba nada si su responsabilidad supera la 50%. En resumen, debe considerar trabajar con un abogado de confianza especializado en resbalones y ca\u00eddas si desea aumentar sus posibilidades de obtener una indemnizaci\u00f3n justa.<\/p>\n\n\n\n<h2 class=\"wp-block-heading\" id=\"aioseo-how-much-is-my-slip-and-fall-case-worth\" style=\"padding-top:var(--wp--preset--spacing--20)\">\u00bfCu\u00e1nto vale mi caso de resbal\u00f3n y ca\u00edda?<\/h2>\n\n\n\n<p>Su abogado especializado en resbalones y ca\u00eddas de Sandy Springs revisar\u00e1 todo, incluyendo la recopilaci\u00f3n de informaci\u00f3n, para determinar el valor de su reclamaci\u00f3n. El tribunal otorgar\u00e1 una indemnizaci\u00f3n seg\u00fan la naturaleza y la gravedad de las lesiones y p\u00e9rdidas. Existen tres categor\u00edas de da\u00f1os.<\/p>\n\n\n\n<ul class=\"wp-block-list\">\n<li><strong>Da\u00f1os econ\u00f3micos:<\/strong> incluye gastos presentes y futuros, como facturas m\u00e9dicas, p\u00e9rdida de ingresos y otras p\u00e9rdidas con un valor monetario determinable.<\/li>\n\n\n\n<li><strong>Da\u00f1os no econ\u00f3micos:<\/strong>\u00a0Incluyen dolor y sufrimiento, p\u00e9rdida de compa\u00f1\u00eda, discapacidad, desfiguraci\u00f3n y otras p\u00e9rdidas que no tienen un valor monetario establecido pero que impactan significativamente su vida.<\/li>\n\n\n\n<li><strong><a href=\"http:\/\/ga.elaws.us\/law\/section51-12-5.1\" target=\"_blank\" rel=\"noopener\">Da\u00f1os punitivos<\/a>:<\/strong> servir como castigo adicional en los casos en que el acusado fue especialmente imprudente.<\/li>\n<\/ul>\n\n\n\n<h2 class=\"wp-block-heading\" id=\"aioseo-are-there-any-time-limits-for-filing-a-slip-and-fall-lawsuit-in-georgia\" style=\"padding-top:var(--wp--preset--spacing--20)\">\u00bfExiste alg\u00fan l\u00edmite de tiempo para presentar una demanda por resbal\u00f3n y ca\u00edda en Georgia?<\/h2>\n\n\n\n<p>S\u00ed. La ley estipula que quienes deseen presentar un reclamo por accidente de resbal\u00f3n y ca\u00edda deben hacerlo dentro de <a href=\"http:\/\/ga.elaws.us\/law\/section9-3-33\" target=\"_blank\" rel=\"noopener\">dos a\u00f1os<\/a> Desde la fecha del incidente. Actuar con anticipaci\u00f3n es una ventaja. Te da tiempo suficiente para asegurarte de que todo est\u00e9 listo y de que cumplas con todos los requisitos legales.<\/p>\n\n\n\n<p> Adem\u00e1s, los abogados especializados en resbalones y ca\u00eddas de Sandy Springs recomiendan buscar atenci\u00f3n m\u00e9dica inmediatamente despu\u00e9s del accidente, incluso si cree que sus lesiones son leves.<\/p>\n\n\n\n<p> Retrasar el tratamiento m\u00e9dico no solo puede empeorar su condici\u00f3n, sino tambi\u00e9n debilitar su reclamaci\u00f3n. Tambi\u00e9n se recomienda recopilar la mayor cantidad de pruebas posible, como fotos del lugar del accidente, declaraciones de testigos presenciales y cualquier documento relevante, para respaldar su reclamaci\u00f3n.<\/p>\n\n\n\n<p> Adem\u00e1s, contratar a un profesional con experiencia <a href=\"https:\/\/dglawga.com\/es\/manantiales-arenosos\/abogado-de-lesiones-personales\/\">abogado de lesiones personales<\/a> Puede aumentar significativamente sus posibilidades de obtener una compensaci\u00f3n justa por sus lesiones y p\u00e9rdidas. Su abogado especializado en resbalones y ca\u00eddas de Sandy Springs le guiar\u00e1 en este proceso.&nbsp;<\/p>\n\n\n\n<h2 class=\"wp-block-heading\" id=\"aioseo-get-in-touch-with-the-top-rated-sandy-springs-slip-and-fall-lawyers\" style=\"padding-top:var(--wp--preset--spacing--20)\">\u00a1P\u00f3ngase en contacto con los abogados mejor calificados en casos de resbalones y ca\u00eddas de Sandy Springs!<\/h2>\n\n\n\n<p>Presentar una reclamaci\u00f3n por resbal\u00f3n y ca\u00edda puede ser un proceso abrumador y plagado de numerosos desaf\u00edos. Los accidentes por resbal\u00f3n y ca\u00edda son relativamente comunes y las v\u00edctimas enfrentan diversos desaf\u00edos derivados de sus lesiones.<\/p>\n\n\n\n<p>Como v\u00edctima, probablemente sienta que los responsables del accidente deben estar obligados por ley a compensarlo por sus lesiones y p\u00e9rdidas.<\/p>\n\n\n\n<p>Sin embargo, es prudente no hacerse cargo del caso usted mismo, especialmente cuando no est\u00e1 familiarizado con los diferentes requisitos legales para los reclamos de compensaci\u00f3n por resbalones y ca\u00eddas.<\/p>\n\n\n\n<p>Por lo tanto, considere contratar a un abogado con buena reputaci\u00f3n especializado en resbalones y ca\u00eddas de Sandy Springs para que lo ayude con el caso, lo que le permitir\u00e1 concentrarse en la recuperaci\u00f3n.<\/p>\n\n\n\n<p>En <strong><a href=\"https:\/\/dglawga.com\/es\/\">D\u00edaz y Gaeta<\/a><\/strong>, Contamos con profesionales del derecho especializados en casos de resbalones y ca\u00eddas que dedicar\u00e1n su experiencia a luchar por sus derechos e intereses.<\/p>\n\n\n\n<p>Nuestros abogados expertos en casos de resbalones y ca\u00eddas en Sandy Springs tambi\u00e9n supervisar\u00e1n las negociaciones con el equipo legal o la aseguradora del acusado. Le garantizamos asesor\u00eda y representaci\u00f3n legal excepcionales para asegurarle la compensaci\u00f3n que merece.<\/p>\n\n\n\n<p>Ll\u00e1manos al <a href=\"tel:+16785032780\"><strong>678-503-2780<\/strong><\/a> para programar una consulta gratuita con su abogado especializado en resbalones y ca\u00eddas de Sandy Springs para obtener m\u00e1s informaci\u00f3n sobre c\u00f3mo podemos ayudarlo.<\/p>","protected":false},"excerpt":{"rendered":"<p>Pursuing a slip and fall claim can be daunting and come with numerous challenges. Slip and fall accidents are relatively common, and victims can suffer a range of injuries. While property owners are responsible for fixing known safety issues or warning visitors, proving liability is complicated. This is why victims need a Sandy Springs slip [&hellip;]<\/p>\n","protected":false},"author":34,"featured_media":0,"parent":2044,"menu_order":0,"comment_status":"closed","ping_status":"closed","template":"wp-custom-template-sandy-springs-services","meta":{"_acf_changed":false,"_themeisle_gutenberg_block_has_review":false,"footnotes":""},"categories":[52],"tags":[124,123,120,21,122,59,126,58,121,125,119,26,61,118,116,117,22,142,143],"class_list":["post-2071","page","type-page","status-publish","hentry","category-sandy-springs-location","tag-abogado-coche-acidente","tag-abogado-gratis","tag-attorney-lawyer","tag-car-accidents","tag-car-accidents-lawyer","tag-family-law","tag-imigracion-abogados","tag-immigration","tag-immigration-lawyer","tag-marietta-abogado","tag-marietta-lawyer","tag-personal-injury","tag-slip-and-fall","tag-top-lawyer-in-marietta","tag-top-lawyers-in-atlanta","tag-top-lawyers-in-smyrna","tag-truck-accident","tag-truck-accident-attorneys","tag-truck-crash"],"acf":[],"aioseo_notices":[],"_links":{"self":[{"href":"https:\/\/dglawga.com\/es\/wp-json\/wp\/v2\/pages\/2071","targetHints":{"allow":["GET"]}}],"collection":[{"href":"https:\/\/dglawga.com\/es\/wp-json\/wp\/v2\/pages"}],"about":[{"href":"https:\/\/dglawga.com\/es\/wp-json\/wp\/v2\/types\/page"}],"author":[{"embeddable":true,"href":"https:\/\/dglawga.com\/es\/wp-json\/wp\/v2\/users\/34"}],"replies":[{"embeddable":true,"href":"https:\/\/dglawga.com\/es\/wp-json\/wp\/v2\/comments?post=2071"}],"version-history":[{"count":2,"href":"https:\/\/dglawga.com\/es\/wp-json\/wp\/v2\/pages\/2071\/revisions"}],"predecessor-version":[{"id":7776,"href":"https:\/\/dglawga.com\/es\/wp-json\/wp\/v2\/pages\/2071\/revisions\/7776"}],"up":[{"embeddable":true,"href":"https:\/\/dglawga.com\/es\/wp-json\/wp\/v2\/pages\/2044"}],"wp:attachment":[{"href":"https:\/\/dglawga.com\/es\/wp-json\/wp\/v2\/media?parent=2071"}],"wp:term":[{"taxonomy":"category","embeddable":true,"href":"https:\/\/dglawga.com\/es\/wp-json\/wp\/v2\/categories?post=2071"},{"taxonomy":"post_tag","embeddable":true,"href":"https:\/\/dglawga.com\/es\/wp-json\/wp\/v2\/tags?post=2071"}],"curies":[{"name":"wp","href":"https:\/\/api.w.org\/{rel}","templated":true}]}}