{"id":2074,"date":"2022-06-07T17:55:47","date_gmt":"2022-06-07T17:55:47","guid":{"rendered":"https:\/\/diazgaetalaw.wpengine.com\/?page_id=2074"},"modified":"2025-06-15T23:13:42","modified_gmt":"2025-06-16T04:13:42","slug":"abogado-de-muerte-por-negligencia","status":"publish","type":"page","link":"https:\/\/dglawga.com\/es\/sandy-springs\/wrongful-death-lawyer\/","title":{"rendered":"Abogado de muerte por negligencia en Sandy Springs"},"content":{"rendered":"<p>La muerte prematura de un ser querido puede tener un impacto devastador en usted y su familia, especialmente cuando se atribuye a la negligencia o actos maliciosos de otra persona. El impacto emocional, psicol\u00f3gico y financiero que genera la muerte de un ser querido puede ser devastador.<\/p>\n\n\n\n<p>Sin embargo, la ley le permite buscar justicia en su nombre emprendiendo acciones legales contra los responsables y solicitando una compensaci\u00f3n por la p\u00e9rdida, el dolor y la angustia sufrida. Necesitar\u00e1 un abogado con experiencia en homicidio culposo que represente sus intereses en el caso.<\/p>\n\n\n\n<p>Si desea presentar un caso de homicidio culposo, cont\u00e1ctenos en Diaz &amp; Gaeta para encontrar un abogado experimentado y comprometido que luche por usted. Nuestros abogados de homicidio culposo en Sandy Springs cuentan con amplia experiencia, conocimiento y est\u00e1n dedicados a ayudar a nuestros clientes a obtener la m\u00e1xima compensaci\u00f3n posible.<\/p>\n\n\n\n<p>Adem\u00e1s, entendemos que tomar medidas legales contra los responsables no es un asunto menor. Requiere asesor\u00eda legal experimentada y la representaci\u00f3n de un abogado experimentado. <strong><a href=\"https:\/\/dglawga.com\/es\/manantiales-arenosos\/abogado-de-lesiones-personales\/\">abogado de lesiones personales en Sandy Springs<\/a><\/strong>. Ll\u00e1manos al <a href=\"tel:+16785032780\"><strong>678-503-2780<\/strong><\/a> o complete nuestro formulario de contacto en l\u00ednea para programar una revisi\u00f3n de caso gratuita y obtener m\u00e1s informaci\u00f3n sobre c\u00f3mo podemos ayudarlo.<\/p>\n\n\n\n<div class=\"wp-block-group has-accent-background-color has-background is-vertical is-layout-flex wp-container-core-group-is-layout-283d9697 wp-block-group-is-layout-flex\" style=\"border-top-left-radius:15px;border-top-right-radius:15px;margin-top:var(--wp--preset--spacing--30)\">\n<h2 class=\"wp-block-heading has-primary-color has-text-color has-link-color wp-elements-4164a61e17ffbe9e8a7446952ec87a5a\" id=\"aioseo-table-of-contents\">TABLA DE CONTENIDO<\/h2>\n<\/div>\n\n\n\n<div class=\"wp-block-group has-background is-vertical is-layout-flex wp-container-core-group-is-layout-d644fc7a wp-block-group-is-layout-flex\" style=\"border-bottom-left-radius:15px;border-bottom-right-radius:15px;background-color:#f3f3f3;margin-top:0\"><div class=\"wp-block-aioseo-table-of-contents\"><ul><li><a class=\"aioseo-toc-item\" href=\"#aioseo-how-is-wrongful-death-defined-in-the-state-of-georgia\">\u00bfC\u00f3mo se define la muerte por negligencia en el estado de Georgia?<\/a><\/li><li><a class=\"aioseo-toc-item\" href=\"#aioseo-who-is-qualified-to-file-a-wrongful-death-claim-in-georgia\">\u00bfQui\u00e9n est\u00e1 calificado para presentar un reclamo por muerte por negligencia en Georgia?<\/a><\/li><li><a class=\"aioseo-toc-item\" href=\"#aioseo-what-types-of-damages-are-recoverable\">\u00bfQu\u00e9 tipos de da\u00f1os son recuperables?<\/a><\/li><li><a class=\"aioseo-toc-item\" href=\"#aioseo-can-the-surviving-family-file-for-punitive-damages\">\u00bfPuede la familia sobreviviente solicitar da\u00f1os punitivos?<\/a><\/li><li><a class=\"aioseo-toc-item\" href=\"#aioseo-how-will-you-prove-negligence-in-a-wrongful-death-case\">\u00bfC\u00f3mo probar\u00e1 usted negligencia en un caso de muerte por negligencia?<\/a><\/li><li><a class=\"aioseo-toc-item\" href=\"#aioseo-how-do-you-start-a-wrongful-death-claim-in-georgia\">\u00bfC\u00f3mo iniciar un reclamo por muerte por negligencia en Georgia?<\/a><\/li><li><a class=\"aioseo-toc-item\" href=\"#aioseo-is-there-a-deadline-to-file-a-wrongful-death-lawsuit\">\u00bfExiste una fecha l\u00edmite para presentar una demanda por muerte por negligencia?<\/a><\/li><li><a class=\"aioseo-toc-item\" href=\"#aioseo-what-is-the-difference-between-a-wrongful-death-claim-and-an-estate-claim\">\u00bfCu\u00e1l es la diferencia entre un reclamo por muerte por negligencia y un reclamo patrimonial?<\/a><\/li><li><a class=\"aioseo-toc-item\" href=\"#aioseo-call-diaz-gaeta-to-hire-a-dependable-sandy-springs-wrongful-death-lawyer\">\u00a1Llame a D\u00edaz u0026 Gaeta para contratar a un abogado confiable de muerte por negligencia en Sandy Springs!<\/a><\/li><\/ul><\/div><\/div>\n\n\n\n<h2 class=\"wp-block-heading\" id=\"aioseo-how-is-wrongful-death-defined-in-the-state-of-georgia\" style=\"padding-top:var(--wp--preset--spacing--20)\">\u00bfC\u00f3mo se define la muerte por negligencia en el estado de Georgia?<\/h2>\n\n\n\n<p>Seg\u00fan las leyes de Georgia, la muerte por negligencia es cuando una persona muere debido a los actos negligentes, imprudentes o delictivos de otra persona o entidad o debido a un producto defectuoso.<\/p>\n\n\n\n<p>Para determinar la responsabilidad, su abogado realizar\u00e1 investigaciones exhaustivas y recopilar\u00e1 pruebas. Es un proceso en el que tambi\u00e9n podr\u00edamos buscar la ayuda y la experiencia de otros profesionales de diferentes especialidades para validar diversos factores cruciales conforme a la ley.<\/p>\n\n\n\n<p>Algunas de las cuestiones que podr\u00edan validar la presentaci\u00f3n de una demanda por muerte por negligencia en Georgia incluyen las siguientes.<\/p>\n\n\n\n<ul class=\"wp-block-list\">\n<li>Negligencia m\u00e9dica<\/li>\n\n\n\n<li>Acciones delictivas, incluido el homicidio intencional<\/li>\n\n\n\n<li>Abuso o negligencia en hogares de ancianos<\/li>\n\n\n\n<li><strong><a href=\"https:\/\/dglawga.com\/es\/manantiales-arenosos\/abogado-de-responsabilidad-del-producto\/\">Productos defectuosos o peligrosos<\/a><\/strong><\/li>\n\n\n\n<li>Mala praxis de ingenier\u00eda y construcci\u00f3n defectuosa<\/li>\n\n\n\n<li>Servicio ilegal o indebido de alcohol<\/li>\n\n\n\n<li>Muertes por accidentes de peatones<\/li>\n\n\n\n<li>Alimentos contaminados u otros problemas sanitarios en establecimientos comerciales.<\/li>\n<\/ul>\n\n\n\n<h2 class=\"wp-block-heading\" id=\"aioseo-who-is-qualified-to-file-a-wrongful-death-claim-in-georgia\" style=\"padding-top:var(--wp--preset--spacing--20)\">\u00bfQui\u00e9n est\u00e1 calificado para presentar un reclamo por muerte por negligencia en Georgia?<\/h2>\n\n\n\n<p>Las leyes del estado de Georgia estipulan <strong>\u00bfQui\u00e9n est\u00e1 calificado para presentar una demanda por muerte por negligencia?<\/strong>, El c\u00f3nyuge del difunto tiene el primer privilegio. Se considera que los hijos act\u00faan en nombre del difunto si este no ten\u00eda c\u00f3nyuge. Los padres del difunto pueden presentar la reclamaci\u00f3n si su ser querido no ten\u00eda c\u00f3nyuge ni hijos.<\/p>\n\n\n\n<p>El administrador del patrimonio del fallecido puede gestionar la indemnizaci\u00f3n si no hay hijos, padres, c\u00f3nyuges ni familiares cercanos. Nuestros expertos legales le ayudar\u00e1n a usted y a su familia a determinar qui\u00e9nes pueden emprender acciones legales y los requisitos legales que deben cumplirse al presentar una demanda por homicidio culposo en Georgia.<\/p>\n\n\n\n<h2 class=\"wp-block-heading\" id=\"aioseo-what-types-of-damages-are-recoverable\" style=\"padding-top:var(--wp--preset--spacing--20)\">\u00bfQu\u00e9 tipos de da\u00f1os son recuperables?<\/h2>\n\n\n\n<p>Al presentar una demanda por homicidio culposo, la ley de Georgia le permite reclamar la indemnizaci\u00f3n por da\u00f1os y perjuicios que le correspond\u00edan a su ser querido, incluyendo sus gastos personales si estuviera con vida y bien. En resumen, quienes figuren como beneficiarios en el testamento del difunto pueden solicitar la indemnizaci\u00f3n por da\u00f1os y perjuicios de la siguiente manera:<\/p>\n\n\n\n<ul class=\"wp-block-list\">\n<li>Los c\u00f3nyuges tienen derecho a reclamar compensaciones por p\u00e9rdida de compa\u00f1\u00eda, p\u00e9rdida de protecci\u00f3n, gastos funerarios y p\u00e9rdida de salarios y beneficios de jubilaci\u00f3n.<\/li>\n\n\n\n<li>Los ni\u00f1os pueden reclamar da\u00f1os y perjuicios como p\u00e9rdida del amor y apoyo de sus padres, trauma emocional y psicol\u00f3gico y p\u00e9rdida de herencia.<\/li>\n\n\n\n<li>La familia puede solicitar una indemnizaci\u00f3n por las p\u00e9rdidas econ\u00f3micas derivadas del tratamiento m\u00e9dico y los gastos funerarios, as\u00ed como por la p\u00e9rdida del sustentador de la familia.<\/li>\n<\/ul>\n\n\n\n<h2 class=\"wp-block-heading\" id=\"aioseo-can-the-surviving-family-file-for-punitive-damages\" style=\"padding-top:var(--wp--preset--spacing--20)\">\u00bfPuede la familia sobreviviente solicitar da\u00f1os punitivos?<\/h2>\n\n\n\n<p>La Ley de Muerte por Negligencia de Georgia no contempla los da\u00f1os punitivos. Por ello, los jueces interpretan la ley estrictamente y no permiten su concesi\u00f3n en demandas por muerte por negligencia.<\/p>\n\n\n\n<p>Sin embargo, es posible obtener da\u00f1os punitivos en una reclamaci\u00f3n a la sucesi\u00f3n. En este tipo de reclamaci\u00f3n, la sucesi\u00f3n busca recuperar gastos como los gastos funerarios y las facturas m\u00e9dicas del fallecido. La sucesi\u00f3n tambi\u00e9n puede reclamar da\u00f1os y perjuicios por dolor y sufrimiento del fallecido si este no falleci\u00f3 inmediatamente.<\/p>\n\n\n\n<p>Incluso si el fallecido solo sobrevivi\u00f3 unos segundos, es posible reclamar da\u00f1os punitivos. Al igual que en los casos de lesiones personales, los da\u00f1os punitivos en las reclamaciones de herencia se conceden cuando el tribunal decide que la parte culpable tuvo la intenci\u00f3n de da\u00f1ar al fallecido o cuando mostr\u00f3 una indiferencia extrema por el bienestar de los dem\u00e1s.<\/p>\n\n\n\n<figure class=\"wp-block-image aligncenter\" style=\"margin-top:var(--wp--preset--spacing--20);margin-bottom:var(--wp--preset--spacing--20)\"><a href=\"https:\/\/dglawga.com\/wp-content\/uploads\/2022\/06\/sandy-springs-wrongful-death-lawyer.jpeg\"><img loading=\"lazy\" decoding=\"async\" width=\"500\" height=\"333\" src=\"https:\/\/dglawga.com\/wp-content\/uploads\/2022\/06\/sandy-springs-wrongful-death-lawyer.jpeg\" alt=\"Flores en un ata\u00fad cerrado, concepto de abogado de muerte por negligencia de Sandy Springs\" class=\"wp-image-3112\" srcset=\"https:\/\/dglawga.com\/wp-content\/uploads\/2022\/06\/sandy-springs-wrongful-death-lawyer.jpeg 500w, https:\/\/dglawga.com\/wp-content\/uploads\/2022\/06\/sandy-springs-wrongful-death-lawyer-300x200.jpeg 300w\" sizes=\"auto, (max-width: 500px) 100vw, 500px\" \/><\/a><\/figure>\n\n\n\n<h2 class=\"wp-block-heading\" id=\"aioseo-how-will-you-prove-negligence-in-a-wrongful-death-case\" style=\"padding-top:var(--wp--preset--spacing--20)\">\u00bfC\u00f3mo probar\u00e1 usted negligencia en un caso de muerte por negligencia?<\/h2>\n\n\n\n<p>Construir un caso s\u00f3lido, respaldado por investigaciones exhaustivas y pruebas s\u00f3lidas, es la clave para obtener una indemnizaci\u00f3n. En Diaz &amp; Gaeta, nos comprometemos a garantizar que se conozcan los hechos relacionados con el fallecimiento de su ser querido, ya que este constituye el principal da\u00f1o que justifica la demanda por homicidio culposo.<\/p>\n\n\n\n<p>Nos centraremos en los siguientes elementos principales a la hora de probar que el acusado actu\u00f3 con negligencia o malicia.<\/p>\n\n\n\n<ul class=\"wp-block-list\">\n<li><strong>Deber de cuidado:<\/strong> Demuestre al juez y al jurado que el acusado ten\u00eda un deber de cuidado hacia el difunto.<\/li>\n\n\n\n<li><strong>Incumplimiento del deber de cuidado:<\/strong> Demuestre c\u00f3mo incumplieron el deber de cuidado al actuar de una manera que otra persona razonable en una situaci\u00f3n similar no habr\u00eda hecho.<\/li>\n\n\n\n<li><strong>Causalidad:<\/strong> Muestre c\u00f3mo la muerte de su ser querido es resultado directo de las acciones imprudentes, negligentes o indiferentes del acusado.<\/li>\n\n\n\n<li><strong>Da\u00f1os y perjuicios:<\/strong> Mostrar c\u00f3mo el fallecido y su familia han sufrido p\u00e9rdidas y gastos, como facturas m\u00e9dicas, gastos funerarios, p\u00e9rdida de compa\u00f1\u00eda, etc.<\/li>\n<\/ul>\n\n\n\n<h2 class=\"wp-block-heading\" id=\"aioseo-how-do-you-start-a-wrongful-death-claim-in-georgia\" style=\"padding-top:var(--wp--preset--spacing--20)\">\u00bfC\u00f3mo iniciar un reclamo por muerte por negligencia en Georgia?<\/h2>\n\n\n\n<p>Si cree que tiene un caso de homicidio culposo que vale la pena abordar, somos el bufete de abogados al que debe llamar. En D\u00edaz &amp; Gaeta, contamos con abogados experimentados y dedicados, listos para ofrecerle asesor\u00eda y representaci\u00f3n legal.<\/p>\n\n\n\n<p>Podemos ayudarle a comprender los desaf\u00edos asociados con este tipo de demandas y garantizar que est\u00e9 adecuadamente preparado para el caso. El abogado especializado en homicidio culposo de Sandy Springs que lleva su caso tambi\u00e9n puede ayudarle a usted y a su familia a elaborar un plan patrimonial si el fallecido no lo incluy\u00f3 en su testamento.<\/p>\n\n\n\n<p>Tras seleccionar al familiar m\u00e1s adecuado para presentar la demanda por homicidio culposo, nos centraremos en realizar investigaciones exhaustivas que ayudar\u00e1n a esclarecer lo sucedido. La informaci\u00f3n que recopilemos ser\u00e1 crucial para asegurar una estrategia ganadora que aumente las posibilidades de obtener una indemnizaci\u00f3n completa.<\/p>\n\n\n\n<p>El proceso puede ser largo y debemos considerar el plazo de prescripci\u00f3n de Georgia para casos de homicidio culposo. Por lo tanto, cuanto antes nos contacte para ayudarle, antes podremos iniciar el proceso y asegurarnos de que cumpla con el plazo estipulado.<\/p>\n\n\n\n<h2 class=\"wp-block-heading\" id=\"aioseo-is-there-a-deadline-to-file-a-wrongful-death-lawsuit\" style=\"padding-top:var(--wp--preset--spacing--20)\">\u00bfExiste una fecha l\u00edmite para presentar una demanda por muerte por negligencia?<\/h2>\n\n\n\n<p>En Georgia, tienes una <strong><a href=\"http:\/\/ga.elaws.us\/law\/section9-3-33\" target=\"_blank\" rel=\"noopener\">L\u00edmite de 2 a\u00f1os<\/a><\/strong> Desde la muerte de su ser querido hasta la fecha l\u00edmite para presentar una demanda por homicidio culposo. Transcurrido este plazo, la ley no le permite solicitar ninguna indemnizaci\u00f3n.<\/p>\n\n\n\n<p>Sin embargo, existen excepciones, sobre todo cuando hay un caso penal en curso que trata los mismos hechos que su caso. Esto resulta en una suspensi\u00f3n del plazo hasta que concluya el caso penal. Adem\u00e1s, en los casos en que el patrimonio del fallecido no haya sido legalizado, el plazo puede aumentarse en 5 a\u00f1os.<\/p>\n\n\n\n<h2 class=\"wp-block-heading\" id=\"aioseo-what-is-the-difference-between-a-wrongful-death-claim-and-an-estate-claim\" style=\"padding-top:var(--wp--preset--spacing--20)\">\u00bfCu\u00e1l es la diferencia entre un reclamo por muerte por negligencia y un reclamo patrimonial?<\/h2>\n\n\n\n<p>Al representar a su ser querido fallecido en una demanda por homicidio culposo, puede presentar el caso como parte de una reclamaci\u00f3n sucesoria o de una reclamaci\u00f3n por homicidio culposo. Ambas pueden considerarse de forma conjunta o individual, una decisi\u00f3n que su abogado le ayudar\u00e1 a comprender antes de decidir cu\u00e1l considerar.<\/p>\n\n\n\n<p>En una demanda por homicidio culposo, familiares cercanos pueden demandar a la parte responsable por los actos que causaron el fallecimiento del ser querido. Lucharemos con firmeza para garantizar que recupere el valor total de la vida de su difunto.<\/p>\n\n\n\n<p>En una reclamaci\u00f3n de herencia, los herederos del difunto solicitan una compensaci\u00f3n por los gastos monetarios asociados con el fallecimiento. Con esta reclamaci\u00f3n, le ayudaremos a recuperar los gastos m\u00e9dicos, los costos funerarios y la p\u00e9rdida de ingresos. En algunos casos, una reclamaci\u00f3n de herencia tambi\u00e9n puede incluir da\u00f1os punitivos. El representante designado en el testamento debe presentar la reclamaci\u00f3n si el difunto ten\u00eda testamento.<\/p>\n\n\n\n<h2 class=\"wp-block-heading\" id=\"aioseo-call-diaz-gaeta-to-hire-a-dependable-sandy-springs-wrongful-death-lawyer\" style=\"padding-top:var(--wp--preset--spacing--20)\">\u00a1Llame a D\u00edaz &amp; Gaeta para contratar a un abogado confiable de muerte por negligencia en Sandy Springs!<\/h2>\n\n\n\n<p>La muerte es inevitable en nuestras vidas. Sin embargo, \u00bfc\u00f3mo podemos seguir adelante si un ser querido fallece a causa de las acciones de otra persona? Es comprensible que sintamos rabia y dolor. Probablemente no sepamos qu\u00e9 hacer. Si cree que tiene un caso de homicidio culposo que vale la pena presentar, somos el bufete de abogados al que debe llamar.<\/p>\n\n\n\n<p>En <strong><a href=\"https:\/\/dglawga.com\/es\/\">D\u00edaz y Gaeta<\/a><\/strong>, Contamos con abogados experimentados y dedicados, listos para brindarle asesor\u00eda y representaci\u00f3n legal. Podemos ayudarle a comprender los desaf\u00edos asociados con este tipo de demandas y garantizar que est\u00e9 adecuadamente preparado para el caso. El abogado especializado en homicidio culposo que lleve su caso tambi\u00e9n puede ayudarle a usted y a su familia a elaborar un plan patrimonial si el fallecido no lo incluy\u00f3 en su testamento.<\/p>\n\n\n\n<p>Nuestros abogados de homicidio culposo en Sandy Springs conocen las leyes y cuentan con amplia experiencia. Adem\u00e1s, entendemos que tomar medidas legales contra los responsables no es un asunto menor. Requiere asesor\u00eda y representaci\u00f3n legal con experiencia.<\/p>\n\n\n\n<p>Ll\u00e1manos al <a href=\"tel:+16785032780\"><strong>678-503-2780<\/strong><\/a> o <strong><a href=\"https:\/\/dglawga.com\/es\/contact\/\">Complete nuestro formulario de contacto en l\u00ednea<\/a><\/strong> para programar una revisi\u00f3n de caso gratuita y obtener m\u00e1s informaci\u00f3n sobre c\u00f3mo podemos ayudarlo.<\/p>","protected":false},"excerpt":{"rendered":"<p>A loved one\u2019s untimely demise can have a devastating impact on you and your family, especially when the death is attributed to another\u2019s negligence or malicious acts. The emotional, psychological, and financial toll a loved one\u2019s demise deals can be draining. However, the law allows you to seek justice on their behalf by taking legal [&hellip;]<\/p>\n","protected":false},"author":34,"featured_media":0,"parent":2044,"menu_order":0,"comment_status":"closed","ping_status":"closed","template":"wp-custom-template-sandy-springs-services","meta":{"_acf_changed":false,"_themeisle_gutenberg_block_has_review":false,"footnotes":""},"categories":[52],"tags":[124,123,120,21,122,59,126,58,121,125,119,26,118,116,117,22,142,143,24,28],"class_list":["post-2074","page","type-page","status-publish","hentry","category-sandy-springs-location","tag-abogado-coche-acidente","tag-abogado-gratis","tag-attorney-lawyer","tag-car-accidents","tag-car-accidents-lawyer","tag-family-law","tag-imigracion-abogados","tag-immigration","tag-immigration-lawyer","tag-marietta-abogado","tag-marietta-lawyer","tag-personal-injury","tag-top-lawyer-in-marietta","tag-top-lawyers-in-atlanta","tag-top-lawyers-in-smyrna","tag-truck-accident","tag-truck-accident-attorneys","tag-truck-crash","tag-uber-accidents","tag-wrongful-death"],"acf":[],"aioseo_notices":[],"_links":{"self":[{"href":"https:\/\/dglawga.com\/es\/wp-json\/wp\/v2\/pages\/2074","targetHints":{"allow":["GET"]}}],"collection":[{"href":"https:\/\/dglawga.com\/es\/wp-json\/wp\/v2\/pages"}],"about":[{"href":"https:\/\/dglawga.com\/es\/wp-json\/wp\/v2\/types\/page"}],"author":[{"embeddable":true,"href":"https:\/\/dglawga.com\/es\/wp-json\/wp\/v2\/users\/34"}],"replies":[{"embeddable":true,"href":"https:\/\/dglawga.com\/es\/wp-json\/wp\/v2\/comments?post=2074"}],"version-history":[{"count":3,"href":"https:\/\/dglawga.com\/es\/wp-json\/wp\/v2\/pages\/2074\/revisions"}],"predecessor-version":[{"id":8567,"href":"https:\/\/dglawga.com\/es\/wp-json\/wp\/v2\/pages\/2074\/revisions\/8567"}],"up":[{"embeddable":true,"href":"https:\/\/dglawga.com\/es\/wp-json\/wp\/v2\/pages\/2044"}],"wp:attachment":[{"href":"https:\/\/dglawga.com\/es\/wp-json\/wp\/v2\/media?parent=2074"}],"wp:term":[{"taxonomy":"category","embeddable":true,"href":"https:\/\/dglawga.com\/es\/wp-json\/wp\/v2\/categories?post=2074"},{"taxonomy":"post_tag","embeddable":true,"href":"https:\/\/dglawga.com\/es\/wp-json\/wp\/v2\/tags?post=2074"}],"curies":[{"name":"wp","href":"https:\/\/api.w.org\/{rel}","templated":true}]}}