{"id":2078,"date":"2022-06-07T17:56:39","date_gmt":"2022-06-07T17:56:39","guid":{"rendered":"https:\/\/diazgaetalaw.wpengine.com\/?page_id=2078"},"modified":"2025-06-15T23:27:05","modified_gmt":"2025-06-16T04:27:05","slug":"abogado-de-lesiones-cerebrales-traumaticas-2","status":"publish","type":"page","link":"https:\/\/dglawga.com\/es\/sandy-springs\/traumatic-brain-injury-lawyer\/","title":{"rendered":"Abogado de lesiones cerebrales traum\u00e1ticas en Sandy Springs"},"content":{"rendered":"<p>El cerebro es el \u00f3rgano m\u00e1s fr\u00e1gil del cuerpo humano. Por eso est\u00e1 rodeado por el cr\u00e1neo y un l\u00edquido que act\u00faa como amortiguador. Sin embargo, estas protecciones no siempre son suficientes para prevenir lesiones cerebrales.<\/p>\n\n\n\n<p>Las lesiones cerebrales leves, como las conmociones cerebrales, no siempre son graves si se busca tratamiento inmediato. Sin embargo, una lesi\u00f3n cerebral traum\u00e1tica (LCT) grave puede cambiar la vida y dejar consecuencias permanentes.<\/p>\n\n\n\n<p>Si sufri\u00f3 una lesi\u00f3n cerebral traum\u00e1tica como resultado de un accidente ajeno a su culpa, podr\u00eda tener derecho a una indemnizaci\u00f3n de la parte responsable. Aqu\u00ed es donde entran en juego nuestros abogados especializados en lesiones cerebrales traum\u00e1ticas de Sandy Springs en Diaz &amp; Gaeta.<\/p>\n\n\n\n<p>Nuestro equipo de <strong><a href=\"https:\/\/dglawga.com\/es\/manantiales-arenosos\/abogado-de-lesiones-personales\/\">abogados de lesiones personales en Sandy Springs<\/a><\/strong> Tiene amplia experiencia defendiendo a clientes con lesiones cerebrales traum\u00e1ticas. Por lo tanto, si usted o un ser querido es v\u00edctima, no dude en buscar representaci\u00f3n llamando a <br><a href=\"tel:+16785032780\"><strong>678-503-2780<\/strong><\/a> \u00a1hoy!<\/p>\n\n\n\n<div class=\"wp-block-group has-accent-background-color has-background is-vertical is-layout-flex wp-container-core-group-is-layout-283d9697 wp-block-group-is-layout-flex\" style=\"border-top-left-radius:15px;border-top-right-radius:15px;margin-top:var(--wp--preset--spacing--30)\">\n<h2 class=\"wp-block-heading has-primary-color has-text-color has-link-color wp-elements-4164a61e17ffbe9e8a7446952ec87a5a\" id=\"aioseo-table-of-contents\">TABLA DE CONTENIDO<\/h2>\n<\/div>\n\n\n\n<div class=\"wp-block-group has-background is-vertical is-layout-flex wp-container-core-group-is-layout-d644fc7a wp-block-group-is-layout-flex\" style=\"border-bottom-left-radius:15px;border-bottom-right-radius:15px;background-color:#f3f3f3;margin-top:0\"><div class=\"wp-block-aioseo-table-of-contents\"><ul><li><a class=\"aioseo-toc-item\" href=\"#aioseo-how-do-i-know-if-i-have-a-brain-injury\">\u00bfC\u00f3mo s\u00e9 si tengo una lesi\u00f3n cerebral?<\/a><\/li><li><a class=\"aioseo-toc-item\" href=\"#aioseo-what-are-the-common-causes-of-tbis\">\u00bfCu\u00e1les son las causas comunes de las lesiones cerebrales traum\u00e1ticas?<\/a><\/li><li><a class=\"aioseo-toc-item\" href=\"#aioseo-what-are-the-types-of-brain-injuries\">\u00bfCu\u00e1les son los tipos de lesiones cerebrales?<\/a><ul><li><a class=\"aioseo-toc-item\" href=\"#aioseo-open-injuries\">Lesiones abiertas<\/a><\/li><li><a class=\"aioseo-toc-item\" href=\"#aioseo-closed-injuries\">Lesiones cerradas<\/a><\/li><li><a class=\"aioseo-toc-item\" href=\"#aioseo-deceleration-injury\">Lesi\u00f3n por desaceleraci\u00f3n<\/a><\/li><li><a class=\"aioseo-toc-item\" href=\"#aioseo-toxic-or-chemical-injury\">Lesi\u00f3n t\u00f3xica o qu\u00edmica<\/a><\/li><li><a class=\"aioseo-toc-item\" href=\"#aioseo-hypoxia\">Hipoxia<\/a><\/li><li><a class=\"aioseo-toc-item\" href=\"#aioseo-medical-reasons\">Razones m\u00e9dicas<\/a><\/li><\/ul><\/li><li><a class=\"aioseo-toc-item\" href=\"#aioseo-what-are-the-symptoms-of-a-traumatic-brain-injury\">\u00bfCu\u00e1les son los s\u00edntomas de una lesi\u00f3n cerebral traum\u00e1tica?<\/a><\/li><li><a class=\"aioseo-toc-item\" href=\"#aioseo-the-importance-of-visiting-a-doctor-after-a-head-injury\">La importancia de visitar a un m\u00e9dico despu\u00e9s de una lesi\u00f3n en la cabeza<\/a><\/li><li><a class=\"aioseo-toc-item\" href=\"#aioseo-why-should-i-hire-a-sandy-springs-traumatic-brain-injury-lawyer\">\u00bfPor qu\u00e9 deber\u00eda contratar a un abogado especializado en lesiones cerebrales traum\u00e1ticas de Sandy Springs?<\/a><\/li><li><a class=\"aioseo-toc-item\" href=\"#aioseo-can-insurance-carriers-get-my-past-medical-records\">\u00bfPueden las compa\u00f1\u00edas de seguros obtener mis registros m\u00e9dicos anteriores?<\/a><\/li><li><a class=\"aioseo-toc-item\" href=\"#aioseo-what-happens-when-the-insurance-provider-does-not-pay-your-medical-bills\">\u00bfQu\u00e9 sucede cuando el proveedor de seguros no paga sus facturas m\u00e9dicas?<\/a><\/li><li><a class=\"aioseo-toc-item\" href=\"#aioseo-what-compensation-can-i-receive-for-a-brain-injury\">\u00bfQu\u00e9 compensaci\u00f3n puedo recibir por una lesi\u00f3n cerebral?<\/a><\/li><li><a class=\"aioseo-toc-item\" href=\"#aioseo-are-there-time-limits-for-filing-a-tbi-claim-in-georgia\">\u00bfExisten l\u00edmites de tiempo para presentar un reclamo por lesi\u00f3n cerebral traum\u00e1tica en Georgia?<\/a><\/li><li><a class=\"aioseo-toc-item\" href=\"#aioseo-get-expert-help-from-our-sandy-springs-traumatic-brain-injury-lawyers\">\u00a1Obtenga ayuda experta de nuestros abogados especializados en lesiones cerebrales traum\u00e1ticas de Sandy Springs!<\/a><\/li><\/ul><\/div><\/div>\n\n\n\n<h2 class=\"wp-block-heading\" id=\"aioseo-how-do-i-know-if-i-have-a-brain-injury\" style=\"padding-top:var(--wp--preset--spacing--20)\">\u00bfC\u00f3mo s\u00e9 si tengo una lesi\u00f3n cerebral?<\/h2>\n\n\n\n<p>Tras un accidente, la mayor\u00eda de las personas se centran en las lesiones externas con s\u00edntomas tangibles o f\u00edsicos. Sin embargo, lo que muchos desconocen es que los impactos tambi\u00e9n pueden provocar lesiones internas que no son evidentes hasta que un profesional cualificado realiza pruebas.<\/p>\n\n\n\n<p>Los signos y s\u00edntomas de una lesi\u00f3n cerebral traum\u00e1tica pueden ser leves o graves, seg\u00fan la gravedad de la lesi\u00f3n. En cuanto a las lesiones cerebrales, cuanto m\u00e1s se ignoran los s\u00edntomas, m\u00e1s empeoran.<\/p>\n\n\n\n<p>En algunas situaciones, las lesiones cerebrales traum\u00e1ticas tardan d\u00edas o incluso semanas en manifestarse.<\/p>\n\n\n\n<p>Si se golpea la cabeza durante una ca\u00edda, un accidente automovil\u00edstico o cualquier otro tipo de accidente y ha estado teniendo dolores de cabeza, migra\u00f1as, visi\u00f3n borrosa o mareos, debe consultar a su m\u00e9dico de inmediato.<\/p>\n\n\n\n<h2 class=\"wp-block-heading\" id=\"aioseo-what-are-the-common-causes-of-tbis\" style=\"padding-top:var(--wp--preset--spacing--20)\">\u00bfCu\u00e1les son las causas comunes de las lesiones cerebrales traum\u00e1ticas?<\/h2>\n\n\n\n<p>Las lesiones cerebrales traum\u00e1ticas son causadas por una variedad de cosas, entre ellas:<\/p>\n\n\n\n<ul class=\"wp-block-list\">\n<li><a href=\"https:\/\/dglawga.com\/es\/manantiales-arenosos\/abogado-de-accidentes-de-coche\/\"><strong>Accidentes de tr\u00e1fico<\/strong><\/a><\/li>\n\n\n\n<li><strong><a href=\"https:\/\/dglawga.com\/es\/manantiales-arenosos\/abogado-de-resbalones-y-caidas\/\">Cataratas<\/a><\/strong><\/li>\n\n\n\n<li>Accidentes deportivos<\/li>\n\n\n\n<li>Violencia.<\/li>\n<\/ul>\n\n\n\n<p>En D\u00edaz &amp; Gaeta, hemos observado c\u00f3mo las ca\u00eddas en residencias de ancianos provocan TCE en personas mayores. Muchos de los casos de TCE que atendemos se relacionan con accidentes automovil\u00edsticos., <strong><a href=\"https:\/\/dglawga.com\/es\/manantiales-arenosos\/abogado-de-accidentes-de-camiones\/\">accidentes de camiones<\/a><\/strong>, y <strong><a href=\"https:\/\/dglawga.com\/es\/manantiales-arenosos\/abogado-de-accidentes-de-motocicleta\/\">accidentes de motocicleta<\/a><\/strong>. Su abogado especializado en lesiones cerebrales traum\u00e1ticas de Sandy Springs trabajar\u00e1 para lograr el mejor resultado para usted.<\/p>\n\n\n\n<p>Nuestro equipo de abogados con amplia experiencia en lesiones personales se compromete a ayudar a las v\u00edctimas de TCE y a sus familias a obtener la compensaci\u00f3n que merecen. Trabajamos incansablemente para investigar el accidente, recopilar pruebas y construir un caso s\u00f3lido en su nombre.<\/p>\n\n\n\n<p>Nuestro objetivo es lograr el mejor resultado posible para usted, ya sea a trav\u00e9s de la negociaci\u00f3n o el litigio.<\/p>\n\n\n\n<p>Entendemos que afrontar las secuelas de una lesi\u00f3n cerebral traum\u00e1tica puede ser abrumador y emotivo, por lo que brindamos atenci\u00f3n y apoyo personalizados a cada uno de nuestros clientes. Nuestros abogados especializados en lesiones cerebrales traum\u00e1ticas en Sandy Springs lo mantienen informado durante todo el proceso legal y defienden sus derechos en cada paso del proceso.<\/p>\n\n\n\n<h2 class=\"wp-block-heading\" id=\"aioseo-what-are-the-types-of-brain-injuries\" style=\"padding-top:var(--wp--preset--spacing--20)\">\u00bfCu\u00e1les son los tipos de lesiones cerebrales?<\/h2>\n\n\n\n<p>Seg\u00fan los Centros para el Control y la Prevenci\u00f3n de Enfermedades (CDC), las lesiones cerebrales se clasifican en varias categor\u00edas. Estas incluyen:<\/p>\n\n\n\n<h4 class=\"wp-block-heading\" id=\"aioseo-open-injuries\">Lesiones abiertas<\/h4>\n\n\n\n<p>Aqu\u00ed, el cerebro de la v\u00edctima es penetrado por un objeto o instrumento afilado.<\/p>\n\n\n\n<h4 class=\"wp-block-heading\" id=\"aioseo-closed-injuries\">Lesiones cerradas<\/h4>\n\n\n\n<p>En un traumatismo craneoencef\u00e1lico cerrado, no se perfora el cr\u00e1neo, pero s\u00ed se lesiona el cerebro. Un traumatismo craneoencef\u00e1lico cerrado suele ocurrir durante ca\u00eddas y accidentes automovil\u00edsticos.<\/p>\n\n\n\n<h4 class=\"wp-block-heading\" id=\"aioseo-deceleration-injury\">Lesi\u00f3n por desaceleraci\u00f3n<\/h4>\n\n\n\n<p>En esta lesi\u00f3n cerebral traum\u00e1tica, el cerebro se golpea contra el cr\u00e1neo.<\/p>\n\n\n\n<h4 class=\"wp-block-heading\" id=\"aioseo-toxic-or-chemical-injury\">Lesi\u00f3n t\u00f3xica o qu\u00edmica<\/h4>\n\n\n\n<p>En este tipo de lesi\u00f3n cerebral, una sustancia t\u00f3xica como el plomo, el mon\u00f3xido de carbono, etc., ingresa al sistema circulatorio y llega al cerebro, causando da\u00f1os.<\/p>\n\n\n\n<h4 class=\"wp-block-heading\" id=\"aioseo-hypoxia\">Hipoxia<\/h4>\n\n\n\n<p>La hipoxia es una forma de lesi\u00f3n cerebral que ocurre cuando el cerebro carece de ox\u00edgeno, generalmente debido a un accidente de casi ahogamiento, un derrame cerebral o un ataque card\u00edaco.<\/p>\n\n\n\n<h4 class=\"wp-block-heading\" id=\"aioseo-medical-reasons\">Razones m\u00e9dicas<\/h4>\n\n\n\n<p>Una lesi\u00f3n cerebral tambi\u00e9n puede ocurrir debido a afecciones como infecciones, tumores o accidentes cerebrovasculares.<\/p>\n\n\n\n<h2 class=\"wp-block-heading\" id=\"aioseo-what-are-the-symptoms-of-a-traumatic-brain-injury\" style=\"padding-top:var(--wp--preset--spacing--20)\">\u00bfCu\u00e1les son los s\u00edntomas de una lesi\u00f3n cerebral traum\u00e1tica?<\/h2>\n\n\n\n<p>Las lesiones cerebrales traum\u00e1ticas difieren sustancialmente seg\u00fan la naturaleza y la extensi\u00f3n de la lesi\u00f3n sufrida. Algunas de las <strong><a href=\"https:\/\/www.mayoclinic.org\/diseases-conditions\/traumatic-brain-injury\/symptoms-causes\/syc-20378557\" target=\"_blank\" rel=\"noopener\">s\u00edntomas comunes de un TCE<\/a><\/strong> incluir:<\/p>\n\n\n\n<ul class=\"wp-block-list\">\n<li>arrebatos emocionales<\/li>\n\n\n\n<li>Depresi\u00f3n<\/li>\n\n\n\n<li>Dolores de cabeza persistentes<\/li>\n\n\n\n<li>Problemas de memoria<\/li>\n\n\n\n<li>Mareo<\/li>\n\n\n\n<li>Fatiga<\/li>\n\n\n\n<li>Dificultad para concentrarse<\/li>\n\n\n\n<li>Convulsiones<\/li>\n\n\n\n<li>La incapacidad de realizar tareas rutinarias<\/li>\n\n\n\n<li>Problemas de equilibrio.<\/li>\n<\/ul>\n\n\n\n<p>Es importante tener en cuenta que estos s\u00edntomas pueden variar en gravedad y pueden no ser inmediatamente evidentes despu\u00e9s del accidente.<\/p>\n\n\n\n<p>Por lo tanto, es importante buscar atenci\u00f3n m\u00e9dica lo antes posible si cree haber sufrido una lesi\u00f3n cerebral traum\u00e1tica. El tratamiento m\u00e9dico oportuno puede ayudar a prevenir da\u00f1os mayores y mejorar sus posibilidades de recuperaci\u00f3n. Nuestro experimentado equipo de abogados especializados en lesiones cerebrales traum\u00e1ticas de Sandy Springs recomienda hacerlo.<\/p>\n\n\n\n<h2 class=\"wp-block-heading\" id=\"aioseo-the-importance-of-visiting-a-doctor-after-a-head-injury\" style=\"padding-top:var(--wp--preset--spacing--20)\">La importancia de visitar a un m\u00e9dico despu\u00e9s de una lesi\u00f3n en la cabeza<\/h2>\n\n\n\n<p>A menos que se trate de una lesi\u00f3n cerebral abierta donde un objeto penetra el cr\u00e1neo, las lesiones cerebrales pueden no ser inmediatamente evidentes. Adem\u00e1s, los signos y s\u00edntomas de la lesi\u00f3n pueden aparecer con retraso o malinterpretarse.<\/p>\n\n\n\n<p>Por eso es vital consultar a un m\u00e9dico calificado tan pronto como sufra una lesi\u00f3n en la cabeza para determinar si ha sufrido una lesi\u00f3n cerebral.<\/p>\n\n\n\n<p>Adem\u00e1s, es recomendable consultar a un profesional que pueda evaluar la gravedad de la lesi\u00f3n y tratarla adecuadamente. Si una lesi\u00f3n cerebral traum\u00e1tica no se trata, solo empeora, con consecuencias a\u00fan m\u00e1s preocupantes con el tiempo.<\/p>\n\n\n\n<p>Adem\u00e1s de buscar atenci\u00f3n m\u00e9dica para el traumatismo craneoencef\u00e1lico, tambi\u00e9n es importante mantener registros detallados de su tratamiento m\u00e9dico y los gastos relacionados.<\/p>\n\n\n\n<figure class=\"wp-block-image aligncenter\" style=\"margin-top:var(--wp--preset--spacing--20);margin-bottom:var(--wp--preset--spacing--20)\"><a href=\"https:\/\/dglawga.com\/wp-content\/uploads\/2022\/06\/sandy-springs-traumatic-brain-injury-lawyer-diaz.jpg\"><img loading=\"lazy\" decoding=\"async\" width=\"500\" height=\"375\" src=\"https:\/\/dglawga.com\/wp-content\/uploads\/2022\/06\/sandy-springs-traumatic-brain-injury-lawyer-diaz.jpg\" alt=\"M\u00e9dico con cartel que dice &quot;lesi\u00f3n cerebral traum\u00e1tica&quot;, concepto de abogado especializado en lesiones cerebrales traum\u00e1ticas de Sandy Springs.\" class=\"wp-image-3155\" srcset=\"https:\/\/dglawga.com\/wp-content\/uploads\/2022\/06\/sandy-springs-traumatic-brain-injury-lawyer-diaz.jpg 500w, https:\/\/dglawga.com\/wp-content\/uploads\/2022\/06\/sandy-springs-traumatic-brain-injury-lawyer-diaz-300x225.jpg 300w\" sizes=\"auto, (max-width: 500px) 100vw, 500px\" \/><\/a><\/figure>\n\n\n\n<p>Esto incluye guardar copias de informes m\u00e9dicos, facturas y recibos de cualquier gasto de bolsillo. Su abogado especializado en resbalones y ca\u00eddas de Sandys Springs puede utilizar estos registros para respaldar su reclamaci\u00f3n de indemnizaci\u00f3n si decide emprender acciones legales.<br><\/p>\n\n\n\n<h2 class=\"wp-block-heading\" id=\"aioseo-why-should-i-hire-a-sandy-springs-traumatic-brain-injury-lawyer\" style=\"padding-top:var(--wp--preset--spacing--20)\">\u00bfPor qu\u00e9 deber\u00eda contratar a un abogado especializado en lesiones cerebrales traum\u00e1ticas de Sandy Springs?<\/h2>\n\n\n\n<p>Los traumatismos craneoencef\u00e1licos (TCE) pueden tener consecuencias graves, algunas permanentes para la vida. Si ha sufrido lesiones debido al descuido o negligencia de un tercero, es importante tener en cuenta que podr\u00eda calificar para una indemnizaci\u00f3n en Sandy Springs mediante una reclamaci\u00f3n por lesi\u00f3n cerebral traum\u00e1tica.<\/p>\n\n\n\n<p>Sin embargo, para recibir una compensaci\u00f3n, debe presentar la reclamaci\u00f3n de acuerdo con la ley de Georgia.<\/p>\n\n\n\n<p>Con frecuencia, la aseguradora del demandado asume la reclamaci\u00f3n. Como buscan lucrarse, intentar\u00e1n ofrecer el acuerdo m\u00e1s bajo posible, o incluso ninguno.<\/p>\n\n\n\n<p>Es por eso que usted debe tener a su lado a un experimentado especialista en lesiones cerebrales traum\u00e1ticas de D\u00edaz &amp; Gaeta.<\/p>\n\n\n\n<p>A continuaci\u00f3n, le presentamos un breve resumen de algunas de las razones por las que deber\u00eda considerar a nuestro equipo para su caso:<\/p>\n\n\n\n<ul class=\"wp-block-list\">\n<li>Lucharemos por sus derechos para asegurarnos de que reciba la compensaci\u00f3n que merece. Nuestros abogados especializados en lesiones cerebrales traum\u00e1ticas de Sandy Springs tienen amplia experiencia en casos de lesiones personales y han manejado casos similares.<\/li>\n\n\n\n<li>Recopilaremos la evidencia necesaria, negociaremos con el proveedor de seguros y lo representaremos en el tribunal si la otra parte no acepta un acuerdo justo.<\/li>\n<\/ul>\n\n\n\n<p>Recuerde, actuar con prontitud tras un resbal\u00f3n y ca\u00edda puede marcar una diferencia significativa en el resultado de su caso. Buscar atenci\u00f3n m\u00e9dica, recopilar pruebas y consultar con su abogado especializado en lesiones cerebrales traum\u00e1ticas de Sandy Springs puede ayudarle a proteger sus derechos y a garantizar que reciba la indemnizaci\u00f3n que merece.<\/p>\n\n\n\n<h2 class=\"wp-block-heading\" id=\"aioseo-can-insurance-carriers-get-my-past-medical-records\" style=\"padding-top:var(--wp--preset--spacing--20)\">\u00bfPueden las compa\u00f1\u00edas de seguros obtener mis registros m\u00e9dicos anteriores?<\/h2>\n\n\n\n<p>Las aseguradoras est\u00e1n en el negocio, por lo que har\u00e1n todo lo posible para reducir o rechazar una reclamaci\u00f3n. Generalmente, lo hacen solicitando su historial m\u00e9dico anterior, buscando lagunas que puedan aprovechar para presentar reclamaciones, como que las condiciones preexistentes son la causa de su enfermedad o lesi\u00f3n.<\/p>\n\n\n\n<p>Tambi\u00e9n pueden contratar especialistas para evaluar su lesi\u00f3n con el objetivo de descartar a la parte culpable.<\/p>\n\n\n\n<p>Si los ajustadores de seguros solicitan registros m\u00e9dicos anteriores, el equipo de D\u00edaz &amp; Gaeta estar\u00e1 all\u00ed para manejar las cosas en su nombre, pero solo si act\u00faa con rapidez.<\/p>\n\n\n\n<p>No cometa el error de firmar un formulario de autorizaci\u00f3n de registro m\u00e9dico sin el consentimiento de un abogado con buena reputaci\u00f3n en casos de lesiones cerebrales traum\u00e1ticas de Sandy Springs que tenga experiencia en el campo de las lesiones cerebrales traum\u00e1ticas o al menos en lesiones personales.<\/p>\n\n\n\n<h2 class=\"wp-block-heading\" id=\"aioseo-what-happens-when-the-insurance-provider-does-not-pay-your-medical-bills\" style=\"padding-top:var(--wp--preset--spacing--20)\">\u00bfQu\u00e9 sucede cuando el proveedor de seguros no paga sus facturas m\u00e9dicas?<\/h2>\n\n\n\n<p>Si la aseguradora de la otra parte rechaza su reclamaci\u00f3n, nuestros abogados especializados en lesiones cerebrales traum\u00e1ticas estar\u00e1n listos para llevar el asunto a los tribunales. Nuestro equipo siempre est\u00e1 preparado para lo peor y le ayudaremos con ah\u00ednco a obtener la indemnizaci\u00f3n que merece.<\/p>\n\n\n\n<p>Tenemos experiencia en representar estos asuntos en los tribunales y ayudar a las v\u00edctimas de Sandy Springs a obtener lo que merecen.<\/p>\n\n\n\n<h2 class=\"wp-block-heading\" id=\"aioseo-what-compensation-can-i-receive-for-a-brain-injury\" style=\"padding-top:var(--wp--preset--spacing--20)\">\u00bfQu\u00e9 compensaci\u00f3n puedo recibir por una lesi\u00f3n cerebral?<\/h2>\n\n\n\n<p>No hay \u00f3rgano m\u00e1s importante en el cuerpo humano que el cerebro. Controla todos los procesos corporales, incluyendo el metabolismo y la funcionalidad general.<\/p>\n\n\n\n<p>Una lesi\u00f3n cerebral traum\u00e1tica seguramente cambiar\u00e1 el estilo de vida de una persona, a veces de manera permanente.<\/p>\n\n\n\n<p>Aunque a su cerebro no se le puede dar un valor monetario, obtener una restituci\u00f3n financiera es crucial ya que ayudar\u00e1 a cubrir los gastos m\u00e9dicos y otras facetas de su vida.<\/p>\n\n\n\n<p>Puede solicitar una indemnizaci\u00f3n por:<\/p>\n\n\n\n<ul class=\"wp-block-list\">\n<li>Facturas m\u00e9dicas (pasadas y futuras)<\/li>\n\n\n\n<li>P\u00e9rdida de ingresos<\/li>\n\n\n\n<li>Da\u00f1os no econ\u00f3micos por dolor y sufrimiento<\/li>\n\n\n\n<li>Costos de entierro en casos de <a href=\"https:\/\/dglawga.com\/es\/manantiales-arenosos\/abogado-de-muerte-por-negligencia\/\"><strong>muerte por negligencia<\/strong>.<\/a><\/li>\n<\/ul>\n\n\n\n<p>Solicitar una compensaci\u00f3n econ\u00f3mica puede aliviar parte del estr\u00e9s financiero asociado con la lesi\u00f3n y permitirle concentrarse en su recuperaci\u00f3n. Tambi\u00e9n puede brindar una sensaci\u00f3n de justicia y cierre al responsabilizar a la parte negligente por sus acciones.<\/p>\n\n\n\n<p>Al buscar una compensaci\u00f3n por un accidente de resbal\u00f3n y ca\u00edda, es importante trabajar con un abogado con experiencia en lesiones cerebrales traum\u00e1ticas de Sandy Springs que pueda ayudarlo a navegar por el sistema legal y negociar con las compa\u00f1\u00edas de seguros o las partes contrarias.<\/p>\n\n\n\n<p>Su abogado especializado en lesiones cerebrales traum\u00e1ticas de Sandy Springs puede ayudarlo a determinar el alcance total de sus da\u00f1os, incluidos los gastos m\u00e9dicos futuros y la p\u00e9rdida de capacidad de ingresos, y buscar la m\u00e1xima cantidad de compensaci\u00f3n posible.<\/p>\n\n\n\n<h2 class=\"wp-block-heading\" id=\"aioseo-are-there-time-limits-for-filing-a-tbi-claim-in-georgia\" style=\"padding-top:var(--wp--preset--spacing--20)\">\u00bfExisten l\u00edmites de tiempo para presentar un reclamo por lesi\u00f3n cerebral traum\u00e1tica en Georgia?<\/h2>\n\n\n\n<p>Si vive en Sandy Springs, GA, y ha sufrido una lesi\u00f3n cerebral traum\u00e1tica, tiene... <strong><a href=\"http:\/\/ga.elaws.us\/law\/section9-3-33\" target=\"_blank\" rel=\"noopener\">dos a\u00f1os<\/a><\/strong> despu\u00e9s del accidente para presentar una reclamaci\u00f3n por lesi\u00f3n cerebral traum\u00e1tica.<\/p>\n\n\n\n<p>Por lo tanto, es importante reunir pruebas y buscar representaci\u00f3n legal para garantizar que sus derechos est\u00e9n protegidos y que reciba una compensaci\u00f3n justa por sus lesiones y p\u00e9rdidas.<\/p>\n\n\n\n<p>Un abogado con experiencia en lesiones cerebrales traum\u00e1ticas de Sandy Springs puede investigar el accidente, evaluar la solidez de su caso y negociar con la parte contraria o la compa\u00f1\u00eda de seguros en su nombre.<\/p>\n\n\n\n<p>Recuerde, las lesiones cerebrales traum\u00e1ticas pueden tener un impacto significativo en su vida y su futuro, y buscar ayuda legal puede ser crucial para garantizar que reciba la compensaci\u00f3n que merece.<\/p>\n\n\n\n<p>Si sufri\u00f3 una lesi\u00f3n cerebral traum\u00e1tica como resultado de un resbal\u00f3n y ca\u00edda en Sandy Springs, Georgia, no dude en contactar a un abogado de lesiones personales para hablar sobre sus opciones legales. Nuestro confiable equipo de abogados especializados en lesiones cerebrales traum\u00e1ticas en Sandy Springs le ayudar\u00e1 con sus decisiones legales.<\/p>\n\n\n\n<h2 class=\"wp-block-heading\" id=\"aioseo-get-expert-help-from-our-sandy-springs-traumatic-brain-injury-lawyers\" style=\"padding-top:var(--wp--preset--spacing--20)\">\u00a1Obtenga ayuda experta de nuestros abogados especializados en lesiones cerebrales traum\u00e1ticas de Sandy Springs!<\/h2>\n\n\n\n<p>Una lesi\u00f3n cerebral traum\u00e1tica es grave y puede ser debilitante. Recuperarse de una lesi\u00f3n as\u00ed no es f\u00e1cil y requiere mucha fuerza de voluntad y apoyo financiero. En <a href=\"https:\/\/dglawga.com\/es\/\">D\u00edaz y Gaeta<\/a> Empatizaremos con usted y haremos todo lo posible dentro de la ley para construir un caso herm\u00e9tico que garantice su compensaci\u00f3n.<\/p>\n\n\n\n<p>Por favor llame a nuestras oficinas legales al <a href=\"tel:+16785032780\"><strong>678-503-2780<\/strong><\/a> \u00a1Para una consulta gratuita con nuestros abogados especializados en lesiones cerebrales traum\u00e1ticas de Sandy Springs!<\/p>","protected":false},"excerpt":{"rendered":"<p>The brain is the most fragile organ in the human body. That\u2019s why it is enclosed by the skull and fluid that acts as a shock absorber. However, these protections are not always adequate to prevent brain injuries. Minor brain injuries such as concussions are not always serious if you seek treatment immediately. However, a [&hellip;]<\/p>\n","protected":false},"author":34,"featured_media":0,"parent":2044,"menu_order":0,"comment_status":"closed","ping_status":"closed","template":"wp-custom-template-sandy-springs-services","meta":{"_acf_changed":false,"_themeisle_gutenberg_block_has_review":false,"footnotes":""},"categories":[52],"tags":[124,123,120,21,122,59,126,58,121,125,119,26,118,116,117,54,22,142,143],"class_list":["post-2078","page","type-page","status-publish","hentry","category-sandy-springs-location","tag-abogado-coche-acidente","tag-abogado-gratis","tag-attorney-lawyer","tag-car-accidents","tag-car-accidents-lawyer","tag-family-law","tag-imigracion-abogados","tag-immigration","tag-immigration-lawyer","tag-marietta-abogado","tag-marietta-lawyer","tag-personal-injury","tag-top-lawyer-in-marietta","tag-top-lawyers-in-atlanta","tag-top-lawyers-in-smyrna","tag-traumatic-brain-injuries","tag-truck-accident","tag-truck-accident-attorneys","tag-truck-crash"],"acf":[],"aioseo_notices":[],"_links":{"self":[{"href":"https:\/\/dglawga.com\/es\/wp-json\/wp\/v2\/pages\/2078","targetHints":{"allow":["GET"]}}],"collection":[{"href":"https:\/\/dglawga.com\/es\/wp-json\/wp\/v2\/pages"}],"about":[{"href":"https:\/\/dglawga.com\/es\/wp-json\/wp\/v2\/types\/page"}],"author":[{"embeddable":true,"href":"https:\/\/dglawga.com\/es\/wp-json\/wp\/v2\/users\/34"}],"replies":[{"embeddable":true,"href":"https:\/\/dglawga.com\/es\/wp-json\/wp\/v2\/comments?post=2078"}],"version-history":[{"count":4,"href":"https:\/\/dglawga.com\/es\/wp-json\/wp\/v2\/pages\/2078\/revisions"}],"predecessor-version":[{"id":7784,"href":"https:\/\/dglawga.com\/es\/wp-json\/wp\/v2\/pages\/2078\/revisions\/7784"}],"up":[{"embeddable":true,"href":"https:\/\/dglawga.com\/es\/wp-json\/wp\/v2\/pages\/2044"}],"wp:attachment":[{"href":"https:\/\/dglawga.com\/es\/wp-json\/wp\/v2\/media?parent=2078"}],"wp:term":[{"taxonomy":"category","embeddable":true,"href":"https:\/\/dglawga.com\/es\/wp-json\/wp\/v2\/categories?post=2078"},{"taxonomy":"post_tag","embeddable":true,"href":"https:\/\/dglawga.com\/es\/wp-json\/wp\/v2\/tags?post=2078"}],"curies":[{"name":"wp","href":"https:\/\/api.w.org\/{rel}","templated":true}]}}