{"id":2082,"date":"2022-06-07T17:57:33","date_gmt":"2022-06-07T17:57:33","guid":{"rendered":"https:\/\/diazgaetalaw.wpengine.com\/?page_id=2082"},"modified":"2025-06-15T23:33:15","modified_gmt":"2025-06-16T04:33:15","slug":"abogado-de-responsabilidad-del-producto","status":"publish","type":"page","link":"https:\/\/dglawga.com\/es\/sandy-springs\/product-liability-lawyer\/","title":{"rendered":"Abogado de responsabilidad por productos defectuosos en Sandy Springs"},"content":{"rendered":"<p>Al usar un producto, tiene motivos para esperar que funcione de forma segura. Sin embargo, si este producto presenta un mal funcionamiento y le causa lesiones o da\u00f1os a su propiedad, tiene derecho a recibir una compensaci\u00f3n por sus lesiones y p\u00e9rdidas.<\/p>\n\n\n\n<p>Los fabricantes y distribuidores son legalmente responsables de garantizar que el producto que venden funcionar\u00e1 de manera segura seg\u00fan lo previsto y no causar\u00e1 da\u00f1os ni perjuicios.<\/p>\n\n\n\n<p>Si sufri\u00f3 lesiones y p\u00e9rdidas debido a un producto defectuoso, nuestro <strong><a href=\"https:\/\/dglawga.com\/es\/manantiales-arenosos\/abogado-de-lesiones-personales\/\">Abogados de lesiones personales en Sandy Springs<\/a><\/strong> En Diaz &amp; Gaeta le ayudaremos a obtener la m\u00e1xima compensaci\u00f3n.<\/p>\n\n\n\n<p>Comun\u00edquese hoy mismo con nuestros abogados especializados en responsabilidad por productos de Sandy Springs llamando a nuestra oficina al <a href=\"tel:+16785032780\"><strong>678-503-2780<\/strong><\/a>.<\/p>\n\n\n\n<div class=\"wp-block-group has-accent-background-color has-background is-vertical is-layout-flex wp-container-core-group-is-layout-283d9697 wp-block-group-is-layout-flex\" style=\"border-top-left-radius:15px;border-top-right-radius:15px;margin-top:var(--wp--preset--spacing--30)\">\n<h2 class=\"wp-block-heading has-primary-color has-text-color has-link-color wp-elements-4164a61e17ffbe9e8a7446952ec87a5a\" id=\"aioseo-table-of-contents\">TABLA DE CONTENIDO<\/h2>\n<\/div>\n\n\n\n<div class=\"wp-block-group has-background is-vertical is-layout-flex wp-container-core-group-is-layout-d644fc7a wp-block-group-is-layout-flex\" style=\"border-bottom-left-radius:15px;border-bottom-right-radius:15px;background-color:#f3f3f3;margin-top:0\"><div class=\"wp-block-aioseo-table-of-contents\"><ul><li><a class=\"aioseo-toc-item\" href=\"#aioseo-georgia-laws-for-product-liability-cases\">Leyes de Georgia para casos de responsabilidad por productos<\/a><\/li><li><a class=\"aioseo-toc-item\" href=\"#aioseo-common-causes-for-legal-action\">Causas comunes de acci\u00f3n legal<\/a><ul><li><a class=\"aioseo-toc-item\" href=\"#aioseo-manufacturing-defects\">Defectos de fabricaci\u00f3n<\/a><\/li><li><a class=\"aioseo-toc-item\" href=\"#aioseo-labeling-defects\">Defectos de etiquetado<\/a><\/li><\/ul><\/li><li><a class=\"aioseo-toc-item\" href=\"#aioseo-how-is-liability-determined\">\u00bfC\u00f3mo se determina la responsabilidad?<\/a><ul><li><a class=\"aioseo-toc-item\" href=\"#aioseo-strict-liability\">Responsabilidad estricta<\/a><\/li><li><a class=\"aioseo-toc-item\" href=\"#aioseo-failure-to-warn\">Falta de advertencia<\/a><\/li><li><a class=\"aioseo-toc-item\" href=\"#aioseo-negligence\">Negligencia<\/a><\/li><\/ul><\/li><li><a class=\"aioseo-toc-item\" href=\"#aioseo-who-can-be-held-liable-for-my-damages\">\u00bfQui\u00e9n puede ser considerado responsable de mis da\u00f1os?<\/a><\/li><li><a class=\"aioseo-toc-item\" href=\"#aioseo-about-medical-products\">Acerca de los productos m\u00e9dicos<\/a><\/li><li><a class=\"aioseo-toc-item\" href=\"#aioseo-contact-our-sandy-springs-product-liability-lawyers-today\">\u00a1Comun\u00edquese hoy mismo con nuestros abogados especializados en responsabilidad por productos de Sandy Springs!<\/a><\/li><\/ul><\/div><\/div>\n\n\n\n<h2 class=\"wp-block-heading\" id=\"aioseo-georgia-laws-for-product-liability-cases\" style=\"padding-top:var(--wp--preset--spacing--20)\">Leyes de Georgia para casos de responsabilidad por productos<\/h2>\n\n\n\n<p>En Georgia, las leyes de responsabilidad del producto est\u00e1n cubiertas por <strong><a href=\"http:\/\/ga.elaws.us\/law\/section51-1-11\" target=\"_blank\" rel=\"noopener\">C\u00f3digo de Georgia, secci\u00f3n 51-1-11<\/a><\/strong>. Si usted result\u00f3 lesionado, el plazo de prescripci\u00f3n establece que tiene <strong><a href=\"http:\/\/ga.elaws.us\/law\/section9-3-33\" target=\"_blank\" rel=\"noopener\">Dos a\u00f1os para presentar su reclamo por lesiones personales<\/a><\/strong>. Si el producto defectuoso da\u00f1\u00f3 su propiedad, tiene cuatro a\u00f1os para presentar una reclamaci\u00f3n por da\u00f1os a su propiedad.<\/p>\n\n\n\n<p>El plazo se cuenta desde el momento en que se dio cuenta de que su lesi\u00f3n o p\u00e9rdida de propiedad fue causada por el producto defectuoso. Sin embargo, debe presentar su reclamaci\u00f3n dentro de los 10 a\u00f1os posteriores a la primera venta del producto.<\/p>\n\n\n\n<p>Georgia tambi\u00e9n limita en ocasiones la indemnizaci\u00f3n por da\u00f1os en casos de responsabilidad por productos defectuosos. Dependiendo de los resultados, si se determina que usted contribuy\u00f3 hasta en un 49 % a la causa de su lesi\u00f3n o al da\u00f1o a la propiedad, la indemnizaci\u00f3n que pueda recuperar podr\u00eda reducirse proporcionalmente. Por eso, es importante contactar a su abogado especializado en responsabilidad por productos defectuosos en Sandy Springs.<\/p>\n\n\n\n<p>Si el tribunal determina que usted contribuy\u00f3 con el 50 por ciento o m\u00e1s de sus lesiones o da\u00f1os a la propiedad, es posible que no recupere ning\u00fan da\u00f1o.<\/p>\n\n\n\n<p>Este es tambi\u00e9n el motivo por el que es crucial que hable con uno de nuestros abogados con experiencia en responsabilidad por productos de Sandy Springs, quien se asegurar\u00e1 de que las partes defensoras no intenten trasladarle la culpa.<\/p>\n\n\n\n<p>Los fabricantes cuentan con un equipo legal corporativo completo para elaborar el caso a su favor. Sabemos c\u00f3mo defender sus derechos para que las partes responsables rindan cuentas. Su abogado especializado en responsabilidad por productos defectuosos en Sandy Springs trabajar\u00e1 incansablemente para que todas las partes rindan cuentas.<\/p>\n\n\n\n<h2 class=\"wp-block-heading\" id=\"aioseo-common-causes-for-legal-action\" style=\"padding-top:var(--wp--preset--spacing--20)\">Causas comunes de acci\u00f3n legal<\/h2>\n\n\n\n<p>Algunas de las razones m\u00e1s comunes para emprender acciones legales por productos defectuosos incluyen defectos de dise\u00f1o, fabricaci\u00f3n y etiquetado.<\/p>\n\n\n\n<p>En el caso de dise\u00f1o defectuoso, nuestros abogados de responsabilidad civil por productos defectuosos de Sandy Springs demuestran que el dise\u00f1o del producto expuso a los consumidores a un riesgo irrazonable. Esto significa que los riesgos del dise\u00f1o superaron los beneficios. En este caso, la culpa es del dise\u00f1ador, y no del fabricante.<\/p>\n\n\n\n<h4 class=\"wp-block-heading\" id=\"aioseo-manufacturing-defects\">Defectos de fabricaci\u00f3n<\/h4>\n\n\n\n<p>En un caso de defecto de fabricaci\u00f3n, demostramos que ocurri\u00f3 algo durante el proceso de fabricaci\u00f3n que hizo que el producto fuera inseguro.<\/p>\n\n\n\n<p>El defecto puede deberse a diversas causas, como problemas mec\u00e1nicos de la maquinaria de la f\u00e1brica o errores humanos. Entre los defectos de fabricaci\u00f3n se incluyen debilidades estructurales, piezas faltantes, contaminaci\u00f3n durante el embalaje, entre otros.<\/p>\n\n\n\n<h4 class=\"wp-block-heading\" id=\"aioseo-labeling-defects\">Defectos de etiquetado<\/h4>\n\n\n\n<p>Es responsabilidad del vendedor o fabricante advertir al usuario final de los riesgos de un producto, como efectos secundarios de medicamentos, etc. En casos de defectos de etiquetado, demostramos que el fabricante no etiquet\u00f3 o marc\u00f3 el producto adecuadamente, lo que provoc\u00f3 da\u00f1os a los consumidores.<\/p>\n\n\n\n<p>Quiz\u00e1s las instrucciones de uso no fueron claras o la etiqueta no advirti\u00f3 sobre los posibles riesgos. Su abogado especializado en responsabilidad civil por productos defectuosos de Sandy Springs le asesorar\u00e1 al respecto.<\/p>\n\n\n\n<h2 class=\"wp-block-heading\" id=\"aioseo-how-is-liability-determined\" style=\"padding-top:var(--wp--preset--spacing--20)\">\u00bfC\u00f3mo se determina la responsabilidad?<\/h2>\n\n\n\n<p>Si un producto defectuoso le caus\u00f3 da\u00f1os a la salud o a la propiedad, puede emprender acciones legales contra quienes contribuyeron a su p\u00e9rdida. Puede basar su reclamaci\u00f3n por responsabilidad del producto en responsabilidad objetiva, omisi\u00f3n de advertencia o negligencia. Su abogado especializado en responsabilidad del producto en Sandy Springs puede guiarle en este proceso.<\/p>\n\n\n\n<h4 class=\"wp-block-heading\" id=\"aioseo-strict-liability\">Responsabilidad estricta<\/h4>\n\n\n\n<p>Bajo <strong><a href=\"https:\/\/legal-dictionary.thefreedictionary.com\/strict+liability\" target=\"_blank\" rel=\"noopener\">responsabilidad estricta<\/a><\/strong>, El fabricante del producto puede ser considerado responsable de las lesiones causadas por el producto defectuoso, sin necesidad de demostrar negligencia. Esto tambi\u00e9n aplica al distribuidor y al minorista del producto.<\/p>\n\n\n\n<p>Debe demostrar que, cuando el producto le caus\u00f3 la lesi\u00f3n, estaba pr\u00e1cticamente en las mismas condiciones que al salir de f\u00e1brica, lo que demuestra que estaba defectuoso cuando lo compr\u00f3. Los defectos pueden manifestarse de diferentes maneras. Su abogado especializado en responsabilidad por productos defectuosos de Sandy Springs le asesorar\u00e1 al respecto.<\/p>\n\n\n\n<figure class=\"wp-block-image aligncenter\" style=\"margin-top:var(--wp--preset--spacing--20);margin-bottom:var(--wp--preset--spacing--20)\"><a href=\"https:\/\/dglawga.com\/wp-content\/uploads\/2022\/06\/sandy-springs-product-liability-lawyer-diaz.jpg\"><img loading=\"lazy\" decoding=\"async\" width=\"500\" height=\"333\" src=\"https:\/\/dglawga.com\/wp-content\/uploads\/2022\/06\/sandy-springs-product-liability-lawyer-diaz.jpg\" alt=\"Se\u00f1al de advertencia de retirada de productos, concepto del abogado de responsabilidad del producto de Sandy Springs\" class=\"wp-image-3132\" srcset=\"https:\/\/dglawga.com\/wp-content\/uploads\/2022\/06\/sandy-springs-product-liability-lawyer-diaz.jpg 500w, https:\/\/dglawga.com\/wp-content\/uploads\/2022\/06\/sandy-springs-product-liability-lawyer-diaz-300x200.jpg 300w\" sizes=\"auto, (max-width: 500px) 100vw, 500px\" \/><\/a><\/figure>\n\n\n\n<h4 class=\"wp-block-heading\" id=\"aioseo-failure-to-warn\">Falta de advertencia<\/h4>\n\n\n\n<p>La falta de advertencia se relaciona con defectos de etiquetado. El fabricante tiene la obligaci\u00f3n de advertir al p\u00fablico sobre los riesgos y peligros del producto que no son evidentes, pero que son previsibles cuando se utiliza en condiciones normales.<\/p>\n\n\n\n<p>Demostraremos que el fabricante no incluy\u00f3 suficientes instrucciones ni advertencias para prevenir estos riesgos. No recibi\u00f3 la advertencia adecuada, lo que provoc\u00f3 su lesi\u00f3n. Su abogado especializado en responsabilidad por productos defectuosos de Sandy Springs le ayudar\u00e1 a resolver este problema.<\/p>\n\n\n\n<h4 class=\"wp-block-heading\" id=\"aioseo-negligence\">Negligencia<\/h4>\n\n\n\n<p>Los casos en los que se detectan productos defectuosos suelen estar sujetos a responsabilidad objetiva. Sin embargo, los casos tambi\u00e9n pueden basarse en... <a href=\"https:\/\/dictionary.law.com\/Default.aspx?selected=1314\" target=\"_blank\" rel=\"noopener\"><strong>negligencia<\/strong><\/a>.<\/p>\n\n\n\n<p>Cualquier parte de la cadena, desde el dise\u00f1ador, fabricante, minorista, etc., puede ser considerada responsable si su negligencia o descuido da como resultado un producto defectuoso o irrazonablemente peligroso.<\/p>\n\n\n\n<p>Por ejemplo, un fabricante ser\u00eda negligente y, por lo tanto, responsable si no siguiera las pol\u00edticas de control de calidad adecuadas para detectar defectos, lo que provocar\u00eda su lesi\u00f3n. Su abogado especializado en responsabilidad civil por productos defectuosos de Sandy Springs puede demostrarlo.<\/p>\n\n\n\n<h2 class=\"wp-block-heading\" id=\"aioseo-who-can-be-held-liable-for-my-damages\" style=\"padding-top:var(--wp--preset--spacing--20)\">\u00bfQui\u00e9n puede ser considerado responsable de mis da\u00f1os?<\/h2>\n\n\n\n<p>Cualquier persona involucrada en la cadena de distribuci\u00f3n del producto puede ser responsable de los da\u00f1os sufridos. Esto incluye lo siguiente:.<\/p>\n\n\n\n<ul class=\"wp-block-list\">\n<li><strong>El fabricante:<\/strong> la parte que produjo el producto o los componentes.<\/li>\n\n\n\n<li><strong>El mayorista:<\/strong> la parte que compr\u00f3 el producto al fabricante, generalmente en grandes cantidades, y lo vendi\u00f3 a minoristas.<\/li>\n\n\n\n<li><strong>El minorista:<\/strong> la parte que le vendi\u00f3 el producto.<\/li>\n<\/ul>\n\n\n\n<p>Determinar cu\u00e1l o cu\u00e1les partes son responsables es complicado porque en la cadena de distribuci\u00f3n de un producto hay muchas etapas y a lo largo del proceso pueden intervenir diversos intermediarios, como agentes de ventas, diversos proveedores, mayoristas, distribuidores, etc.<\/p>\n\n\n\n<p>Nuestros abogados de responsabilidad por productos de Sandy Springs en Diaz &amp; Gaeta pueden demostrar c\u00f3mo cada parte responsable contribuy\u00f3 a sus lesiones cuando desempe\u00f1aron su papel en la distribuci\u00f3n del producto, lo que en \u00faltima instancia condujo a un producto defectuoso que le caus\u00f3 da\u00f1o.<\/p>\n\n\n\n<h2 class=\"wp-block-heading\" id=\"aioseo-about-medical-products\" style=\"padding-top:var(--wp--preset--spacing--20)\">Acerca de los productos m\u00e9dicos<\/h2>\n\n\n\n<p>En el caso de productos m\u00e9dicos y farmac\u00e9uticos, hay otras dos partes que pueden ser consideradas responsables.<\/p>\n\n\n\n<p>Cualquier hospital o centro m\u00e9dico que haya formado parte de la cadena de distribuci\u00f3n del producto defectuoso puede ser considerado responsable de su lesi\u00f3n o enfermedad.<\/p>\n\n\n\n<p>Cualquier m\u00e9dico que haya recomendado un medicamento o producto m\u00e9dico que haya resultado perjudicial y no le haya advertido sobre los posibles riesgos y peligros o no le haya proporcionado suficientes instrucciones sobre el uso adecuado del producto tambi\u00e9n puede ser considerado responsable por los da\u00f1os.<\/p>\n\n\n\n<p>Su abogado especializado en responsabilidad por productos de Sandy Springs investigar\u00e1 adecuadamente todas las v\u00edas.<\/p>\n\n\n\n<h2 class=\"wp-block-heading\" id=\"aioseo-contact-our-sandy-springs-product-liability-lawyers-today\" style=\"padding-top:var(--wp--preset--spacing--20)\">\u00a1Comun\u00edquese hoy mismo con nuestros abogados especializados en responsabilidad por productos de Sandy Springs!<\/h2>\n\n\n\n<p>Nuestro bufete cuenta con una amplia experiencia en responsabilidad por productos defectuosos en Sandy Springs. Nuestro amplio conocimiento de diversas ramas del derecho nos permite abordar los casos m\u00e1s complejos y defender los derechos de nuestros clientes.<\/p>\n\n\n\n<p>Creemos en tratar a nuestros clientes con honestidad y respeto, como tratar\u00edamos a nuestras familias. Nos esforzamos por ofrecer representaci\u00f3n legal asequible y siempre ofrecemos una consulta gratuita.<\/p>\n\n\n\n<p>Si usted o un ser querido sufri\u00f3 lesiones por un producto defectuoso, no tiene por qu\u00e9 sufrir la p\u00e9rdida ni lidiar solo con el complejo sistema legal. Sin la representaci\u00f3n de un abogado con experiencia en responsabilidad por productos defectuosos en Sandy Springs, podr\u00eda verse obligado a aceptar una indemnizaci\u00f3n muy inferior a la que le corresponde.<\/p>\n\n\n\n<p>Contacto <strong><a href=\"https:\/\/dglawga.com\/es\/\">D\u00edaz y Gaeta<\/a><\/strong> en <a href=\"tel:+16785032780\"><strong>678-503-2780<\/strong><\/a> Hable con uno de nuestros abogados expertos en responsabilidad por productos defectuosos en Sandy Springs, Georgia. Lo representaremos en su caso y lucharemos para obtener la m\u00e1xima indemnizaci\u00f3n que merece.<\/p>\n\n\n\n<p>Cuando nos permite representarlo, puede concentrar sus energ\u00edas en la curaci\u00f3n y la recuperaci\u00f3n y tener la tranquilidad de saber que tiene a los mejores abogados de responsabilidad por productos de Sandy Springs de su lado.<\/p>","protected":false},"excerpt":{"rendered":"<p>When you use a product, you have reason to expect that this product will function safely. However, if this product malfunctioned and it caused you injury or damaged your property, you are entitled to be compensated for your injuries and loss. Manufacturers and distributors are legally responsible to make sure that the product they sell [&hellip;]<\/p>\n","protected":false},"author":34,"featured_media":0,"parent":2044,"menu_order":0,"comment_status":"closed","ping_status":"closed","template":"wp-custom-template-sandy-springs-services","meta":{"_acf_changed":false,"_themeisle_gutenberg_block_has_review":false,"footnotes":""},"categories":[52],"tags":[124,123,120,21,122,59,126,58,121,125,119,26,55,118,116,117,22,142,143],"class_list":["post-2082","page","type-page","status-publish","hentry","category-sandy-springs-location","tag-abogado-coche-acidente","tag-abogado-gratis","tag-attorney-lawyer","tag-car-accidents","tag-car-accidents-lawyer","tag-family-law","tag-imigracion-abogados","tag-immigration","tag-immigration-lawyer","tag-marietta-abogado","tag-marietta-lawyer","tag-personal-injury","tag-product-liability","tag-top-lawyer-in-marietta","tag-top-lawyers-in-atlanta","tag-top-lawyers-in-smyrna","tag-truck-accident","tag-truck-accident-attorneys","tag-truck-crash"],"acf":[],"aioseo_notices":[],"_links":{"self":[{"href":"https:\/\/dglawga.com\/es\/wp-json\/wp\/v2\/pages\/2082","targetHints":{"allow":["GET"]}}],"collection":[{"href":"https:\/\/dglawga.com\/es\/wp-json\/wp\/v2\/pages"}],"about":[{"href":"https:\/\/dglawga.com\/es\/wp-json\/wp\/v2\/types\/page"}],"author":[{"embeddable":true,"href":"https:\/\/dglawga.com\/es\/wp-json\/wp\/v2\/users\/34"}],"replies":[{"embeddable":true,"href":"https:\/\/dglawga.com\/es\/wp-json\/wp\/v2\/comments?post=2082"}],"version-history":[{"count":2,"href":"https:\/\/dglawga.com\/es\/wp-json\/wp\/v2\/pages\/2082\/revisions"}],"predecessor-version":[{"id":7786,"href":"https:\/\/dglawga.com\/es\/wp-json\/wp\/v2\/pages\/2082\/revisions\/7786"}],"up":[{"embeddable":true,"href":"https:\/\/dglawga.com\/es\/wp-json\/wp\/v2\/pages\/2044"}],"wp:attachment":[{"href":"https:\/\/dglawga.com\/es\/wp-json\/wp\/v2\/media?parent=2082"}],"wp:term":[{"taxonomy":"category","embeddable":true,"href":"https:\/\/dglawga.com\/es\/wp-json\/wp\/v2\/categories?post=2082"},{"taxonomy":"post_tag","embeddable":true,"href":"https:\/\/dglawga.com\/es\/wp-json\/wp\/v2\/tags?post=2082"}],"curies":[{"name":"wp","href":"https:\/\/api.w.org\/{rel}","templated":true}]}}