{"id":2085,"date":"2022-06-07T17:58:13","date_gmt":"2022-06-07T17:58:13","guid":{"rendered":"https:\/\/diazgaetalaw.wpengine.com\/?page_id=2085"},"modified":"2025-06-15T23:40:40","modified_gmt":"2025-06-16T04:40:40","slug":"abogado-defensor-penal-2","status":"publish","type":"page","link":"https:\/\/dglawga.com\/es\/sandy-springs\/criminal-defense-lawyer\/","title":{"rendered":"Abogado de defensa penal de Sandy Springs"},"content":{"rendered":"<p>El impacto potencial que una condena penal puede tener en su libertad, sus finanzas y su vida personal y profesional puede ser devastador. Adem\u00e1s de enfrentarse a una larga pena de prisi\u00f3n o a fuertes multas, sus futuras oportunidades laborales podr\u00edan verse limitadas y podr\u00eda perder ciertos derechos.<\/p>\n\n\n\n<p>Necesita representaci\u00f3n legal experta de un abogado defensor penal de Sandy Springs para proteger su futuro.<\/p>\n\n\n\n<p>Si se enfrenta a una situaci\u00f3n en la que es hora de encontrar la mejor <strong><a href=\"https:\/\/dglawga.com\/es\/manantiales-arenosos\/\">Abogado de defensa penal de Sandy Springs<\/a><\/strong> Entonces le conviene contactar a D\u00edaz &amp; Gaeta. Nos comprometemos a brindar una defensa contundente a personas acusadas o imputadas de todo tipo de delitos.<\/p>\n\n\n\n<p>Para obtener m\u00e1s informaci\u00f3n sobre lo que obtendr\u00e1 con nuestro bufete de abogados experimentado en Sandy Springs, comun\u00edquese con nosotros en <a href=\"tel:+16785032780\"><strong>678-503-2780<\/strong><\/a> para una consulta gratuita.<\/p>\n\n\n\n<div class=\"wp-block-group has-accent-background-color has-background is-vertical is-layout-flex wp-container-core-group-is-layout-283d9697 wp-block-group-is-layout-flex\" style=\"border-top-left-radius:15px;border-top-right-radius:15px;margin-top:var(--wp--preset--spacing--30)\">\n<h2 class=\"wp-block-heading has-primary-color has-text-color has-link-color wp-elements-4164a61e17ffbe9e8a7446952ec87a5a\" id=\"aioseo-table-of-contents\">TABLA DE CONTENIDO<\/h2>\n<\/div>\n\n\n\n<div class=\"wp-block-group has-background is-vertical is-layout-flex wp-container-core-group-is-layout-d644fc7a wp-block-group-is-layout-flex\" style=\"border-bottom-left-radius:15px;border-bottom-right-radius:15px;background-color:#f3f3f3;margin-top:0\"><div class=\"wp-block-aioseo-table-of-contents\"><ul><li><a class=\"aioseo-toc-item\" href=\"#aioseo-what-are-your-rights-as-a-criminal-defendant-in-georgia\">\u00bfCu\u00e1les son sus derechos como acusado penalmente en Georgia?<\/a><ul><li><a class=\"aioseo-toc-item\" href=\"#aioseo-the-fourth-amendment\">La Cuarta Enmienda<\/a><\/li><li><a class=\"aioseo-toc-item\" href=\"#aioseo-the-fifth-amendment\">La quinta enmienda<\/a><\/li><li><a class=\"aioseo-toc-item\" href=\"#aioseo-the-sixth-amendment\">La Sexta Enmienda<\/a><\/li><li><a class=\"aioseo-toc-item\" href=\"#aioseo-the-eighth-amendment\">La Octava Enmienda<\/a><\/li><\/ul><\/li><li><a class=\"aioseo-toc-item\" href=\"#aioseo-what-is-a-misdemeanor-vs-a-felony-in-georgia\">\u00bfQu\u00e9 es un delito menor frente a un delito grave en Georgia?<\/a><\/li><li><a class=\"aioseo-toc-item\" href=\"#aioseo-should-i-speak-to-a-sandy-springs-criminal-defense-lawyer-before-talking-to-the-police\">\u00bfDeber\u00eda hablar con un abogado defensor penal de Sandy Springs antes de hablar con la polic\u00eda?<\/a><\/li><li><a class=\"aioseo-toc-item\" href=\"#aioseo-how-does-the-habitual-offender-law-work\">\u00bfC\u00f3mo funciona la Ley de Delincuentes Habituales?<\/a><\/li><li><a class=\"aioseo-toc-item\" href=\"#aioseo-how-will-a-sandy-springs-criminal-defense-lawyer-help-me\">\u00bfC\u00f3mo me ayudar\u00e1 un abogado de defensa penal de Sandy Springs?<\/a><\/li><li><a class=\"aioseo-toc-item\" href=\"#aioseo-what-is-the-cost-of-legal-representation\">\u00bfCu\u00e1l es el costo de la representaci\u00f3n legal?<\/a><\/li><li><a class=\"aioseo-toc-item\" href=\"#aioseo-is-there-an-advantage-to-going-with-a-private-attorney-compared-to-a-court-appointed-attorney\">\u00bfExiste alguna ventaja en acudir a un abogado privado en comparaci\u00f3n con un abogado designado por el tribunal?<\/a><\/li><li><a class=\"aioseo-toc-item\" href=\"#aioseo-can-you-represent-yourself\">\u00bfPuedes representarte a ti mismo?<\/a><\/li><li><a class=\"aioseo-toc-item\" href=\"#aioseo-should-i-accept-a-plea-bargain\">\u00bfDebo aceptar un acuerdo con la fiscal\u00eda?<\/a><\/li><li><a class=\"aioseo-toc-item\" href=\"#aioseo-how-to-appeal-a-conviction-in-georgia\">C\u00f3mo apelar una condena en Georgia<\/a><\/li><li><a class=\"aioseo-toc-item\" href=\"#aioseo-contact-our-sandy-springs-criminal-defense-lawyers-today\">\u00a1P\u00f3ngase en contacto con nuestros abogados de defensa penal de Sandy Springs hoy mismo!<\/a><\/li><\/ul><\/div><\/div>\n\n\n\n<h2 class=\"wp-block-heading\" id=\"aioseo-what-are-your-rights-as-a-criminal-defendant-in-georgia\" style=\"padding-top:var(--wp--preset--spacing--20)\">\u00bfCu\u00e1les son sus derechos como acusado penalmente en Georgia?<\/h2>\n\n\n\n<p>Si ha sido arrestado por un posible delito, quiz\u00e1s se pregunte qu\u00e9 derechos tiene. La Constituci\u00f3n de los Estados Unidos otorga numerosos derechos a los acusados de delitos penales. Estos son los derechos m\u00e1s importantes que tiene un acusado de un delito penal en Georgia:<\/p>\n\n\n\n<h4 class=\"wp-block-heading\" id=\"aioseo-the-fourth-amendment\">La Cuarta Enmienda<\/h4>\n\n\n\n<p>La Cuarta Enmienda proh\u00edbe a las fuerzas del orden realizar registros o incautaciones injustificadas. Establece que la polic\u00eda necesita causa probable para detenerlo y realizar un registro injustificado.<\/p>\n\n\n\n<p>La polic\u00eda debe obtener una orden judicial antes de realizar cualquier registro o incautaci\u00f3n. Tambi\u00e9n estipula que las pruebas obtenidas por medios ilegales no son admisibles ante los tribunales.<\/p>\n\n\n\n<h4 class=\"wp-block-heading\" id=\"aioseo-the-fifth-amendment\">La quinta enmienda<\/h4>\n\n\n\n<p>La Quinta Enmienda abarca una serie de protecciones importantes para las personas que enfrentan cargos criminales, entre ellas:<\/p>\n\n\n\n<ul class=\"wp-block-list\">\n<li>Protecci\u00f3n contra la autoincriminaci\u00f3n (derecho a permanecer en silencio).<\/li>\n\n\n\n<li>Protecci\u00f3n contra el doble enjuiciamiento (ser procesado dos veces por el mismo cargo criminal).<\/li>\n\n\n\n<li>El derecho a un juicio justo.<\/li>\n\n\n\n<li>El derecho a un juicio por jurado.<\/li>\n<\/ul>\n\n\n\n<h4 class=\"wp-block-heading\" id=\"aioseo-the-sixth-amendment\">La Sexta Enmienda<\/h4>\n\n\n\n<p>Seg\u00fan la Sexta Enmienda, los acusados deben ser informados de los cargos penales que se les imputan. Tambi\u00e9n garantiza el derecho a un juicio p\u00fablico sin demora. Seg\u00fan la Sexta Enmienda, los acusados tambi\u00e9n tienen derecho a conocer a sus acusadores y a confrontarlos.<\/p>\n\n\n\n<p>Esta enmienda tambi\u00e9n garantiza su derecho a representaci\u00f3n legal (el derecho a un abogado). Si no puede costear uno, el tribunal deber\u00eda proporcionarle uno. Seg\u00fan esta enmienda, la fiscal\u00eda est\u00e1 obligada a revelar cualquier prueba en su contra que se presente ante el juez y el jurado.<\/p>\n\n\n\n<p>Cualquier prueba presentada ante el tribunal por la fiscal\u00eda que no haya sido mencionada antes va en contra de la Sexta Enmienda.<\/p>\n\n\n\n<h4 class=\"wp-block-heading\" id=\"aioseo-the-eighth-amendment\">La Octava Enmienda<\/h4>\n\n\n\n<p>La octava enmienda garantiza su derecho a pagar la fianza y lo protege contra fianzas o multas excesivas, as\u00ed como contra castigos crueles o inusuales. Esta enmienda proh\u00edbe a los tribunales imponer castigos irrazonables basados en sentimientos o prejuicios personales contra el acusado.<\/p>\n\n\n\n<h2 class=\"wp-block-heading\" id=\"aioseo-what-is-a-misdemeanor-vs-a-felony-in-georgia\" style=\"padding-top:var(--wp--preset--spacing--20)\">\u00bfQu\u00e9 es un delito menor frente a un delito grave en Georgia?<\/h2>\n\n\n\n<p>En comparaci\u00f3n con un delito grave, un delito menor conlleva consecuencias menos severas. Seg\u00fan <strong><a href=\"https:\/\/casetext.com\/statute\/code-of-georgia\/title-17-criminal-procedure\/chapter-10-sentence-and-punishment\/article-1-procedure-for-sentencing-and-imposition-of-punishment\/section-17-10-3-punishment-for-misdemeanors-generally\" target=\"_blank\" rel=\"noopener nofollow\">Estatuto de Georgia OCGA 17-10-3<\/a><\/strong>, Un delito menor es un delito que se castiga con una multa que no exceda de $1,000 o una pena de c\u00e1rcel que no exceda de 12 meses o ambas.<\/p>\n\n\n\n<p>Los ejemplos de delitos menores en Georgia incluyen intoxicaci\u00f3n p\u00fablica, posesi\u00f3n de menos de una onza de marihuana, conducir bajo los efectos del alcohol y robo en el que el valor de la propiedad robada es inferior a $500.<\/p>\n\n\n\n<p>En el estado de Georgia, un delito grave se define como un delito punible con una pena de prisi\u00f3n de no menos de 12 meses, cadena perpetua o muerte.<\/p>\n\n\n\n<p>Algunos ejemplos de penas m\u00e1ximas por delitos graves incluyen:<\/p>\n\n\n\n<ul class=\"wp-block-list\">\n<li><strong>Delito grave de 5 a\u00f1os:<\/strong> agresi\u00f3n sexual a un menor de 16 a\u00f1os, obstrucci\u00f3n a un agente de polic\u00eda.<\/li>\n\n\n\n<li><strong>Delito grave de 10 a\u00f1os:<\/strong> Robo por extorsi\u00f3n, acecho agravado.<\/li>\n\n\n\n<li><strong>Cadena perpetua:<\/strong> violaci\u00f3n forzada, asesinato en segundo grado, secuestro para pedir rescate.<\/li>\n\n\n\n<li><strong>Pena de muerte:<\/strong> asesinato con circunstancias agravantes, traici\u00f3n y secuestro de una aeronave.<\/li>\n<\/ul>\n\n\n\n<h2 class=\"wp-block-heading\" id=\"aioseo-should-i-speak-to-a-sandy-springs-criminal-defense-lawyer-before-talking-to-the-police\" style=\"padding-top:var(--wp--preset--spacing--20)\">\u00bfDeber\u00eda hablar con un abogado defensor penal de Sandy Springs antes de hablar con la polic\u00eda?<\/h2>\n\n\n\n<p>Siempre es mejor hablar con un abogado antes de hablar con la polic\u00eda. Tiene derecho a guardar silencio mientras est\u00e9 bajo custodia policial. La polic\u00eda no puede obligarle a proporcionar detalles sobre el delito del que se le acusa.<\/p>\n\n\n\n<p>Usted tiene derechos legales espec\u00edficos y un abogado de defensa penal de Sandy Springs comprende estos derechos y c\u00f3mo protegerlos.<\/p>\n\n\n\n<p>Si desea contratar un bufete de abogados que tenga en cuenta sus mejores intereses, deber\u00e1 comunicarse con los abogados de defensa penal de Sandy Springs en Diaz &amp; Gaeta en <a href=\"tel:+16785032780\"><strong>678-503-2780<\/strong><\/a>. Estaremos seguros de ayudarle.<\/p>\n\n\n\n<h2 class=\"wp-block-heading\" id=\"aioseo-how-does-the-habitual-offender-law-work\" style=\"padding-top:var(--wp--preset--spacing--20)\">\u00bfC\u00f3mo funciona la Ley de Delincuentes Habituales?<\/h2>\n\n\n\n<p>La ley de reincidencia se centra en el historial de una persona y la probabilidad de que cometa un delito similar o diferente. Esto act\u00faa como m\u00e9todo preventivo para garantizar que el reincidente no vuelva a infringir la ley.<\/p>\n\n\n\n<p>La ley de reincidencia permite al juez imponer castigos m\u00e1s severos. <strong><a href=\"https:\/\/casetext.com\/statute\/code-of-georgia\/title-17-criminal-procedure\/chapter-10-sentence-and-punishment\/article-1-procedure-for-sentencing-and-imposition-of-punishment\/section-17-10-7-punishment-of-repeat-offenders-punishment-and-eligibility-for-parole-of-persons-convicted-of-fourth-felony-offense\" target=\"_blank\" rel=\"noopener nofollow\">reincidentes<\/a><\/strong>. En el estado de Georgia, un delincuente habitual es cualquier persona que haya sido condenada por al menos tres delitos graves en los \u00faltimos cinco a\u00f1os.<\/p>\n\n\n\n<p>En una situaci\u00f3n como esta, deber\u00eda comunicarse con nuestros abogados de defensa penal de Sandy Springs. <br>en <a href=\"tel:+16785032780\"><strong>678-503-2780<\/strong><\/a>.<\/p>\n\n\n\n<figure class=\"wp-block-image aligncenter\" style=\"margin-top:var(--wp--preset--spacing--20);margin-bottom:var(--wp--preset--spacing--20)\"><a href=\"https:\/\/dglawga.com\/wp-content\/uploads\/2022\/06\/sandy-springs-criminal-defense-lawyer-diaz.jpg\"><img loading=\"lazy\" decoding=\"async\" width=\"600\" height=\"338\" src=\"https:\/\/dglawga.com\/wp-content\/uploads\/2022\/06\/sandy-springs-criminal-defense-lawyer-diaz.jpg\" alt=\"Abogado de defensa penal de Sandy Springs hablando con un hombre esposado\" class=\"wp-image-3267\" srcset=\"https:\/\/dglawga.com\/wp-content\/uploads\/2022\/06\/sandy-springs-criminal-defense-lawyer-diaz.jpg 600w, https:\/\/dglawga.com\/wp-content\/uploads\/2022\/06\/sandy-springs-criminal-defense-lawyer-diaz-300x169.jpg 300w\" sizes=\"auto, (max-width: 600px) 100vw, 600px\" \/><\/a><\/figure>\n\n\n\n<h2 class=\"wp-block-heading\" id=\"aioseo-how-will-a-sandy-springs-criminal-defense-lawyer-help-me\" style=\"padding-top:var(--wp--preset--spacing--20)\">\u00bfC\u00f3mo me ayudar\u00e1 un abogado de defensa penal de Sandy Springs?<\/h2>\n\n\n\n<p>Al considerar sus opciones legales, es fundamental contar con un abogado especializado en defensa penal. Por eso, contar con un abogado penalista altamente experimentado y dedicado en Sandy Springs marca la diferencia.<\/p>\n\n\n\n<p>En D\u00edaz &amp; Gaeta, ofrecemos una amplia gama de soluciones y formas que pueden ayudar a los clientes legales.<\/p>\n\n\n\n<p>Estos incluyen:<\/p>\n\n\n\n<ul class=\"wp-block-list\">\n<li>Preparaci\u00f3n de casos.<\/li>\n\n\n\n<li>Acuerdos de culpabilidad.<\/li>\n\n\n\n<li>Evaluaci\u00f3n de los resultados de los casos.<\/li>\n\n\n\n<li>Conocimiento de leyes y reglamentos judiciales.<\/li>\n\n\n\n<li>Pericia en juicios.<\/li>\n<\/ul>\n\n\n\n<p>Si quiere hacer las cosas bien, sabr\u00e1 que es el momento de contratar a D\u00edaz &amp; Gaeta para su caso. Estaremos al tanto de todo de inmediato.<\/p>\n\n\n\n<h2 class=\"wp-block-heading\" id=\"aioseo-what-is-the-cost-of-legal-representation\" style=\"padding-top:var(--wp--preset--spacing--20)\">\u00bfCu\u00e1l es el costo de la representaci\u00f3n legal?<\/h2>\n\n\n\n<p>Todos los casos penales son diferentes. El precio que puede esperar pagar por un abogado defensor penal privado var\u00eda seg\u00fan diversos factores, como el tipo de caso, la gravedad del delito, la experiencia del abogado y su situaci\u00f3n financiera. Si su caso llega a juicio, terminar\u00e1 pagando m\u00e1s.<\/p>\n\n\n\n<p>Su abogado de confianza en defensa penal de Sandy Springs lo ayudar\u00e1 y lo guiar\u00e1 debido a estos factores.<\/p>\n\n\n\n<h2 class=\"wp-block-heading\" id=\"aioseo-is-there-an-advantage-to-going-with-a-private-attorney-compared-to-a-court-appointed-attorney\" style=\"padding-top:var(--wp--preset--spacing--20)\">\u00bfExiste alguna ventaja en acudir a un abogado privado en comparaci\u00f3n con un abogado designado por el tribunal?<\/h2>\n\n\n\n<p>Los abogados de oficio son empleados p\u00fablicos encargados de representar a acusados de delitos penales que no pueden permitirse contratar a sus propios abogados. Por ello, suelen estar sobrecargados de trabajo y mal pagados.<\/p>\n\n\n\n<p>La ventaja de contratar a un abogado privado es saber que trabajar\u00e1 en menos casos, lo que significa que dedicar\u00e1 m\u00e1s tiempo a su estrategia legal y podr\u00e1 ofrecerle un servicio personalizado. Adem\u00e1s, tendr\u00e1 mayor acceso a recursos.<\/p>\n\n\n\n<p>Esto es mucho mejor que contratar a un abogado de oficio, quien tendr\u00e1 menos incentivos para guiarlo en la direcci\u00f3n correcta. En D\u00edaz &amp; Gaeta, sabemos lo importante que es un abogado privado y por eso nos tomaremos el tiempo para ayudarle una vez que nos llame. <a href=\"tel:+16785032780\"><strong>678-503-2780<\/strong><\/a>.<\/p>\n\n\n\n<h2 class=\"wp-block-heading\" id=\"aioseo-can-you-represent-yourself\" style=\"padding-top:var(--wp--preset--spacing--20)\">\u00bfPuedes representarte a ti mismo?<\/h2>\n\n\n\n<p>Tiene derecho a representarse a s\u00ed mismo en un caso penal, pero esta no es la mejor manera de proceder. Casi todos los casos penales auto-representados terminan en una condena, con penas m\u00e1s severas.<\/p>\n\n\n\n<p>Los fiscales no tardar\u00e1n en desmantelar su d\u00e9bil estrategia de defensa. Adem\u00e1s, corre el riesgo de ser condenado por un tecnicismo debido a su desconocimiento de las leyes y del sistema de justicia penal.<\/p>\n\n\n\n<p>En D\u00edaz &amp; Gaeta, creemos que es mejor acudir a un bufete de abogados que sea cre\u00edble, calificado y listo para ayudar profesionalmente.<\/p>\n\n\n\n<p>Somos un bufete de abogados de calidad y asequible que se asegurar\u00e1 de brindarle el trabajo que necesita en este momento de su vida. Para obtener m\u00e1s informaci\u00f3n, llame a nuestro experimentado equipo de abogados de defensa penal de Sandy Springs en Diaz &amp; Gaeta al <a href=\"tel:+16785032780\"><strong>678-503-2780<\/strong><\/a>.<\/p>\n\n\n\n<h2 class=\"wp-block-heading\" id=\"aioseo-should-i-accept-a-plea-bargain\" style=\"padding-top:var(--wp--preset--spacing--20)\">\u00bfDebo aceptar un acuerdo con la fiscal\u00eda?<\/h2>\n\n\n\n<p>Se puede ofrecer un acuerdo de culpabilidad durante los procedimientos legales. Es su derecho decidir qu\u00e9 camino tomar y esto depende de su situaci\u00f3n espec\u00edfica.<\/p>\n\n\n\n<p>El mejor enfoque es sentarse y analizar el acuerdo de culpabilidad con un abogado defensor penal de Sandy Springs confiable de D\u00edaz &amp; Gaeta.<\/p>\n\n\n\n<p>Nos tomaremos el tiempo necesario para revisar cada parte del acuerdo para ver si se ajusta o no a lo que usted desea.<\/p>\n\n\n\n<h2 class=\"wp-block-heading\" id=\"aioseo-how-to-appeal-a-conviction-in-georgia\" style=\"padding-top:var(--wp--preset--spacing--20)\">C\u00f3mo apelar una condena en Georgia<\/h2>\n\n\n\n<p>Cuando hay una condena en el estado de Georgia, usted inmediatamente querr\u00e1 saber cu\u00e1les son los pr\u00f3ximos pasos.<\/p>\n\n\n\n<p>Puede presentar una apelaci\u00f3n para que se anule la condena. En Georgia, los casos de asesinato se apelan ante el <strong><a href=\"https:\/\/www.gasupreme.us\/\" target=\"_blank\" rel=\"noopener\">Corte Suprema<\/a><\/strong> Mientras que otros casos penales son apelados ante la <strong><a href=\"https:\/\/www.gaappeals.us\/\" target=\"_blank\" rel=\"noopener\">Tribunal de Apelaciones<\/a><\/strong>.<\/p>\n\n\n\n<p>En D\u00edaz &amp; Gaeta, podemos ayudarle a acceder a este tipo de proceso legal y garantizarle una defensa excepcional. Nuestros recursos legales le garantizan el apoyo legal adecuado en cada etapa del proceso. Esto le ser\u00e1 \u00fatil al apelar una condena que considere injusta e ilegal.<\/p>\n\n\n\n<h2 class=\"wp-block-heading\" id=\"aioseo-contact-our-sandy-springs-criminal-defense-lawyers-today\" style=\"padding-top:var(--wp--preset--spacing--20)\">\u00a1P\u00f3ngase en contacto con nuestros abogados de defensa penal de Sandy Springs hoy mismo!<\/h2>\n\n\n\n<p>No es f\u00e1cil estar en una situaci\u00f3n donde hay que litigar un caso penal. Implicar\u00e1 un conjunto complejo de pasos y cada uno se manejar\u00e1 con cuidado.<\/p>\n\n\n\n<p>Para hacer las cosas bien con un caso como este, querr\u00e1 ver qu\u00e9 le ofrece el abogado de defensa penal de Sandy Springs en <strong><a href=\"https:\/\/dglawga.com\/es\/\">D\u00edaz y Gaeta<\/a><\/strong> Tiene que sugerir.<\/p>\n\n\n\n<p>Estamos capacitados para ayudar con este tipo de casos y nos aseguraremos de que se haga todo lo posible para ayudarle. Para obtener m\u00e1s informaci\u00f3n sobre lo que hacemos por nuestros clientes, comun\u00edquese con su abogado de defensa penal de Sandy Springs al <a href=\"tel:+16785032780\"><strong>678-503-2780<\/strong><\/a> para una consulta gratuita.<\/p>","protected":false},"excerpt":{"rendered":"<p>The potential impact a criminal conviction can have on your freedom, finances, as well as personal and professional life can be devastating. In addition to facing a lengthy prison sentence and\/or hefty fines, your future employment opportunities may become limited, and you may lose certain rights. You need skilled legal representation from a Sandy Springs [&hellip;]<\/p>\n","protected":false},"author":34,"featured_media":0,"parent":2044,"menu_order":0,"comment_status":"closed","ping_status":"closed","template":"wp-custom-template-sandy-springs-services","meta":{"_acf_changed":false,"_themeisle_gutenberg_block_has_review":false,"footnotes":""},"categories":[52],"tags":[124,123,120,21,122,57,59,126,58,121,125,119,26,118,116,117,22,142,143],"class_list":["post-2085","page","type-page","status-publish","hentry","category-sandy-springs-location","tag-abogado-coche-acidente","tag-abogado-gratis","tag-attorney-lawyer","tag-car-accidents","tag-car-accidents-lawyer","tag-criminal-defense","tag-family-law","tag-imigracion-abogados","tag-immigration","tag-immigration-lawyer","tag-marietta-abogado","tag-marietta-lawyer","tag-personal-injury","tag-top-lawyer-in-marietta","tag-top-lawyers-in-atlanta","tag-top-lawyers-in-smyrna","tag-truck-accident","tag-truck-accident-attorneys","tag-truck-crash"],"acf":[],"aioseo_notices":[],"_links":{"self":[{"href":"https:\/\/dglawga.com\/es\/wp-json\/wp\/v2\/pages\/2085","targetHints":{"allow":["GET"]}}],"collection":[{"href":"https:\/\/dglawga.com\/es\/wp-json\/wp\/v2\/pages"}],"about":[{"href":"https:\/\/dglawga.com\/es\/wp-json\/wp\/v2\/types\/page"}],"author":[{"embeddable":true,"href":"https:\/\/dglawga.com\/es\/wp-json\/wp\/v2\/users\/34"}],"replies":[{"embeddable":true,"href":"https:\/\/dglawga.com\/es\/wp-json\/wp\/v2\/comments?post=2085"}],"version-history":[{"count":3,"href":"https:\/\/dglawga.com\/es\/wp-json\/wp\/v2\/pages\/2085\/revisions"}],"predecessor-version":[{"id":8536,"href":"https:\/\/dglawga.com\/es\/wp-json\/wp\/v2\/pages\/2085\/revisions\/8536"}],"up":[{"embeddable":true,"href":"https:\/\/dglawga.com\/es\/wp-json\/wp\/v2\/pages\/2044"}],"wp:attachment":[{"href":"https:\/\/dglawga.com\/es\/wp-json\/wp\/v2\/media?parent=2085"}],"wp:term":[{"taxonomy":"category","embeddable":true,"href":"https:\/\/dglawga.com\/es\/wp-json\/wp\/v2\/categories?post=2085"},{"taxonomy":"post_tag","embeddable":true,"href":"https:\/\/dglawga.com\/es\/wp-json\/wp\/v2\/tags?post=2085"}],"curies":[{"name":"wp","href":"https:\/\/api.w.org\/{rel}","templated":true}]}}