{"id":2086,"date":"2022-06-07T17:58:55","date_gmt":"2022-06-07T17:58:55","guid":{"rendered":"https:\/\/diazgaetalaw.wpengine.com\/?page_id=2086"},"modified":"2025-06-15T23:48:34","modified_gmt":"2025-06-16T04:48:34","slug":"abogado-de-inmigracion-2","status":"publish","type":"page","link":"https:\/\/dglawga.com\/es\/sandy-springs\/immigration-lawyer\/","title":{"rendered":"Abogado de inmigraci\u00f3n de Sandy Springs"},"content":{"rendered":"<p>Gestionar los pormenores de la inmigraci\u00f3n puede ser dif\u00edcil. Tendr\u00e1 que comprender las estipulaciones legales de este proceso y c\u00f3mo asegurarse de estar representado correctamente. Si se implementa una estrategia incorrecta, puede resultar dif\u00edcil avanzar con los tr\u00e1mites tan pronto como se desea. Debido a...<\/p>\n\n\n\n<p>Debido a la complejidad de un proceso como este, le recomendamos contactar a nuestros abogados de inmigraci\u00f3n en Sandy Springs de Diaz &amp; Gaeta. Analizaremos minuciosamente cada detalle de su caso para asegurarnos de elaborar la estrategia adecuada.<\/p>\n\n\n\n<p>Nuestros a\u00f1os de experiencia en el manejo de casos de inmigraci\u00f3n y nuestra experiencia nos permiten ofrecer una soluci\u00f3n s\u00f3lida. Para obtener m\u00e1s informaci\u00f3n sobre nuestra labor en D\u00edaz &amp; Gaeta, comun\u00edquese con uno de nuestros especialistas. <br>en <a href=\"tel:+16785032780\"><strong>678-503-2780<\/strong><\/a>. Cuando necesitas un top <a href=\"https:\/\/dglawga.com\/es\/manantiales-arenosos\/\"><strong>bufete de abogados en Sandy Springs<\/strong><\/a> Especializados en casos de inmigraci\u00f3n, \u00a1ll\u00e1manos!<\/p>\n\n\n\n<div class=\"wp-block-group has-accent-background-color has-background is-vertical is-layout-flex wp-container-core-group-is-layout-283d9697 wp-block-group-is-layout-flex\" style=\"border-top-left-radius:15px;border-top-right-radius:15px;margin-top:var(--wp--preset--spacing--30)\">\n<h2 class=\"wp-block-heading has-primary-color has-text-color has-link-color wp-elements-4164a61e17ffbe9e8a7446952ec87a5a\" id=\"aioseo-table-of-contents\">TABLA DE CONTENIDO<\/h2>\n<\/div>\n\n\n\n<div class=\"wp-block-group has-background is-vertical is-layout-flex wp-container-core-group-is-layout-d644fc7a wp-block-group-is-layout-flex\" style=\"border-bottom-left-radius:15px;border-bottom-right-radius:15px;background-color:#f3f3f3;margin-top:0\"><div class=\"wp-block-aioseo-table-of-contents\"><ul><li><a class=\"aioseo-toc-item\" href=\"#aioseo-what-is-the-immigration-naturalization-process\">\u00bfQu\u00e9 es el proceso de inmigraci\u00f3n\/naturalizaci\u00f3n?<\/a><ul><li><a class=\"aioseo-toc-item\" href=\"#aioseo-meet-citizenship-requirements\">Cumplir con los requisitos de ciudadan\u00eda<\/a><\/li><li><a class=\"aioseo-toc-item\" href=\"#aioseo-uscis-processing-of-form-n-400\">Procesamiento del Formulario N-400 por parte del USCIS<\/a><\/li><li><a class=\"aioseo-toc-item\" href=\"#aioseo-complete-biometrics-appointment\">Cita completa de biometr\u00eda<\/a><\/li><li><a class=\"aioseo-toc-item\" href=\"#aioseo-complete-the-citizenship-interview\">Completar la entrevista de ciudadan\u00eda<\/a><\/li><li><a class=\"aioseo-toc-item\" href=\"#aioseo-complete-the-citizenship-test\">Completar el examen de ciudadan\u00eda<\/a><\/li><li><a class=\"aioseo-toc-item\" href=\"#aioseo-finish-the-naturalization-ceremony\">Finalizar la ceremonia de naturalizaci\u00f3n<\/a><\/li><\/ul><\/li><li><a class=\"aioseo-toc-item\" href=\"#aioseo-what-is-the-process-of-legally-working-in-the-united-states\">\u00bfCu\u00e1l es el proceso para trabajar legalmente en los Estados Unidos?<\/a><\/li><li><a class=\"aioseo-toc-item\" href=\"#aioseo-can-your-firm-represent-me-in-a-deportation-case\">\u00bfPuede su firma representarme en un caso de deportaci\u00f3n?<\/a><\/li><li><a class=\"aioseo-toc-item\" href=\"#aioseo-why-should-i-choose-a-sandy-springs-immigration-lawyer-at-diaz-gaeta-to-represent-me\">\u00bfPor qu\u00e9 deber\u00eda elegir un abogado de inmigraci\u00f3n de Sandy Springs en Diaz &amp; Gaeta para que me represente?<\/a><\/li><li><a class=\"aioseo-toc-item\" href=\"#aioseo-hire-the-best-sandy-springs-immigration-lawyers\">\u00a1Contrate a los mejores abogados de inmigraci\u00f3n de Sandy Springs!<\/a><\/li><\/ul><\/div><\/div>\n\n\n\n<h2 class=\"wp-block-heading\" id=\"aioseo-what-is-the-immigration-naturalization-process\" style=\"padding-top:var(--wp--preset--spacing--20)\">\u00bfQu\u00e9 es el proceso de inmigraci\u00f3n\/naturalizaci\u00f3n?<\/h2>\n\n\n\n<p>Completar el proceso de inmigraci\u00f3n implica comprender los pasos a seguir. Hay partes importantes del proceso que a menudo se pasan por alto cuando no deber\u00edan. Lo mejor es asegurarse de seguir los pasos. <strong><a href=\"https:\/\/www.uscis.gov\/news\/news-releases\/naturalization-fact-sheet\" target=\"_blank\" rel=\"noopener\">proceso de naturalizaci\u00f3n<\/a><\/strong> La forma correcta de evitar retrasos.<\/p>\n\n\n\n<p>Su abogado de inmigraci\u00f3n de Sandy Springs le explicar\u00e1 esto con m\u00e1s detalle.<\/p>\n\n\n\n<p>Es por esto que en D\u00edaz &amp; Gaeta los clientes conf\u00edan en nosotros porque conocemos bien lo que debe abarcar el proceso.<\/p>\n\n\n\n<p>Los pasos incluyen:<\/p>\n\n\n\n<h4 class=\"wp-block-heading\" id=\"aioseo-meet-citizenship-requirements\">Cumplir con los requisitos de ciudadan\u00eda<\/h4>\n\n\n\n<p>Lo primero que deber\u00e1 considerar son los requisitos de ciudadan\u00eda. El gobierno ha establecido estipulaciones claras sobre los requisitos para obtener la ciudadan\u00eda estadounidense.<\/p>\n\n\n\n<p>Para comprender cu\u00e1les son esos requisitos, es importante reunirse con un profesional cualificado. Le explicaremos con precisi\u00f3n su situaci\u00f3n legal y qu\u00e9 necesitar\u00e1 para que la solicitud se tramite correctamente.<\/p>\n\n\n\n<p>En D\u00edaz &amp; Gaeta, estamos calificados para ayudarle con esta parte del proceso y lo guiaremos a trav\u00e9s de cada paso.<\/p>\n\n\n\n<h4 class=\"wp-block-heading\" id=\"aioseo-uscis-processing-of-form-n-400\">Procesamiento del Formulario N-400 por parte del USCIS<\/h4>\n\n\n\n<p>Para iniciar el tr\u00e1mite es importante completar <strong><a href=\"https:\/\/www.uscis.gov\/n-400\" target=\"_blank\" rel=\"noopener\">Formulario N-400<\/a><\/strong>. Este es un formulario integral que se utilizar\u00e1 para citar toda la informaci\u00f3n relevante sobre su solicitud de inmigraci\u00f3n.<\/p>\n\n\n\n<p>Lo mejor es hacerlo con la ayuda de un abogado de inmigraci\u00f3n de confianza en Sandy Springs. En Diaz &amp; Gaeta, queremos asegurarnos de que complete el formulario correctamente y de que se incluya toda la informaci\u00f3n relevante. Esto le ayudar\u00e1 cuando llegue el momento de que la agencia procese el formulario.<\/p>\n\n\n\n<p>Nuestro bufete analizar\u00e1 cada detalle y le ayudar\u00e1 a procesar la informaci\u00f3n seg\u00fan sus necesidades. Tenga esto en cuenta al buscar una soluci\u00f3n eficaz.<\/p>\n\n\n\n<h4 class=\"wp-block-heading\" id=\"aioseo-complete-biometrics-appointment\">Cita completa de biometr\u00eda<\/h4>\n\n\n\n<p>El siguiente paso incluir\u00e1 una cita para toma de datos biom\u00e9tricos. Esta cita est\u00e1 dise\u00f1ada para registrar las caracter\u00edsticas f\u00edsicas espec\u00edficas de la persona. Esto incluye la toma de huellas dactilares y una foto que se incluir\u00e1n en la base de datos nacional.<\/p>\n\n\n\n<p>Esto es importante ya que la recopilaci\u00f3n de estos datos es esencial para saber qu\u00e9 individuo est\u00e1 solicitando el estatus migratorio y qu\u00e9 tan relevante es la informaci\u00f3n.<\/p>\n\n\n\n<p>Esta cita la programa el USCIS e incluye la toma de su firma. Toda esta informaci\u00f3n permanecer\u00e1 en la base de datos durante a\u00f1os hasta que se actualice su foto.<\/p>\n\n\n\n<h4 class=\"wp-block-heading\" id=\"aioseo-complete-the-citizenship-interview\">Completar la entrevista de ciudadan\u00eda<\/h4>\n\n\n\n<p>Una vez completados todos los datos biom\u00e9tricos, se programar\u00e1 una entrevista de ciudadan\u00eda. Esta incluir\u00e1 a un representante federal que le har\u00e1 una serie de preguntas para determinar si usted es elegible para el estatus que desea.<\/p>\n\n\n\n<p>Lo mejor es prepararse con la ayuda de un profesional legal. Diaz &amp; Gaeta puede ayudarle en esta parte del proceso y le guiar\u00e1 para responder cada pregunta correctamente. Contar con este tipo de apoyo marca una gran diferencia y facilitar\u00e1 una entrevista positiva.<\/p>\n\n\n\n<h4 class=\"wp-block-heading\" id=\"aioseo-complete-the-citizenship-test\">Completar el examen de ciudadan\u00eda<\/h4>\n\n\n\n<p>El examen de ciudadan\u00eda constar\u00e1 de una serie de preguntas que deber\u00e1n responderse sobre diversos aspectos de la ciudadan\u00eda estadounidense. Estudiar\u00e1s y trabajar\u00e1s para completar el proceso de ciudadan\u00eda. Es importante comprender el proceso y prepararse para evitar errores.<\/p>\n\n\n\n<p>Sabemos que esta es una parte desafiante del proceso y es por eso que nuestro experimentado equipo de abogados de inmigraci\u00f3n de Sandy Springs le ayudar\u00e1 a construir una base s\u00f3lida para usted.<\/p>\n\n\n\n<figure class=\"wp-block-image aligncenter\" style=\"margin-top:var(--wp--preset--spacing--20);margin-bottom:var(--wp--preset--spacing--20)\"><a href=\"https:\/\/dglawga.com\/wp-content\/uploads\/2022\/06\/sandy-springs-immigation-lawyer-diaz.jpg\"><img loading=\"lazy\" decoding=\"async\" width=\"500\" height=\"282\" src=\"https:\/\/dglawga.com\/wp-content\/uploads\/2022\/06\/sandy-springs-immigation-lawyer-diaz.jpg\" alt=\"Abogado de inmigraci\u00f3n de Sandy Springs sentado en un escritorio con una bandera estadounidense\" class=\"wp-image-3144\" srcset=\"https:\/\/dglawga.com\/wp-content\/uploads\/2022\/06\/sandy-springs-immigation-lawyer-diaz.jpg 500w, https:\/\/dglawga.com\/wp-content\/uploads\/2022\/06\/sandy-springs-immigation-lawyer-diaz-300x169.jpg 300w\" sizes=\"auto, (max-width: 500px) 100vw, 500px\" \/><\/a><\/figure>\n\n\n\n<h4 class=\"wp-block-heading\" id=\"aioseo-finish-the-naturalization-ceremony\">Finalizar la ceremonia de naturalizaci\u00f3n<\/h4>\n\n\n\n<p>El \u00faltimo paso ser\u00e1 trascendental y algo de lo que te sentir\u00e1s orgulloso. Ser\u00e1 una experiencia que te cambiar\u00e1 la vida, ya que te naturalizar\u00e1s en los Estados Unidos de Am\u00e9rica. Esto significa que te convertir\u00e1s en ciudadano oficial del pa\u00eds.<\/p>\n\n\n\n<p>Todos los pasos previos a esta ceremonia incluir\u00e1n varios pasos para celebrar la ocasi\u00f3n. Si est\u00e1 pensando en obtener la ciudadan\u00eda, debe completar esta ceremonia.<\/p>\n\n\n\n<p>Le recomendamos consultar con uno de nuestros abogados de inmigraci\u00f3n de Sandy Springs en Diaz &amp; Gaeta para obtener m\u00e1s informaci\u00f3n sobre lo que podemos hacer en su caso. Para obtener m\u00e1s informaci\u00f3n sobre el proceso, comun\u00edquese con su abogado de inmigraci\u00f3n de Sandy Springs en <a href=\"tel:+16785032780\"><strong>678-503-2780<\/strong><\/a>. Revisaremos todo y nos aseguraremos de ayudar de inmediato.<\/p>\n\n\n\n<h2 class=\"wp-block-heading\" id=\"aioseo-what-is-the-process-of-legally-working-in-the-united-states\" style=\"padding-top:var(--wp--preset--spacing--20)\">\u00bfCu\u00e1l es el proceso para trabajar legalmente en los Estados Unidos?<\/h2>\n\n\n\n<p>Ser <strong><a href=\"https:\/\/www.uscis.gov\/working-in-the-united-states\" target=\"_blank\" rel=\"noopener\">capaz de trabajar en los Estados Unidos de Am\u00e9rica<\/a><\/strong> Significa tener la documentaci\u00f3n legal para hacerlo posible. De lo contrario, los resultados no se ver\u00e1n y no podr\u00e1s trabajar como deseas.<\/p>\n\n\n\n<p>En general, tendr\u00e1s que empezar con un <strong><a href=\"https:\/\/www.uscis.gov\/green-card\/green-card-processes-and-procedures\/employment-authorization-document\" target=\"_blank\" rel=\"noopener\">visa de trabajo<\/a><\/strong> Si no es residente permanente, esta visa de trabajo le brindar\u00e1 la oportunidad de trabajar en Estados Unidos y ganar dinero. Si est\u00e1 en proceso de inmigraci\u00f3n, esta visa puede ser \u00fatil y necesaria a corto plazo.<\/p>\n\n\n\n<p>Para obtener m\u00e1s informaci\u00f3n sobre el proceso y su importancia, contacte con los abogados de inmigraci\u00f3n de Sandy Springs de Diaz &amp; Gaeta. Somos un bufete que le ayudar\u00e1 a obtener su visa de trabajo y le permitir\u00e1 comenzar a trabajar legalmente en el pa\u00eds.<\/p>\n\n\n\n<p>Si est\u00e1 buscando un empleo basado en <strong><a href=\"https:\/\/www.uscis.gov\/green-card\/how-to-apply-for-a-green-card\" target=\"_blank\" rel=\"noopener\">tarjeta verde<\/a><\/strong>, Tambi\u00e9n podemos ayudarle con esto. Para obtener m\u00e1s informaci\u00f3n sobre lo que hacemos por nuestros clientes, comun\u00edquese con su abogado de inmigraci\u00f3n de Sandy Springs al <a href=\"tel:+16785032780\"><strong>678-503-2780<\/strong><\/a>.<\/p>\n\n\n\n<h2 class=\"wp-block-heading\" id=\"aioseo-can-your-firm-represent-me-in-a-deportation-case\" style=\"padding-top:var(--wp--preset--spacing--20)\">\u00bfPuede su firma representarme en un caso de deportaci\u00f3n?<\/h2>\n\n\n\n<p>La mayor\u00eda de la gente querr\u00e1 seguir adelante con un <strong><a href=\"https:\/\/www.usa.gov\/deportation\" target=\"_blank\" rel=\"noopener\">deportaci\u00f3n<\/a><\/strong> Contar con una representaci\u00f3n legal v\u00e1lida es fundamental para su caso. Es confuso llevar a cabo el proceso por su cuenta y, en la mayor\u00eda de los casos, no le beneficia. Por eso, cada vez m\u00e1s clientes prefieren contactar a un abogado de inmigraci\u00f3n de confianza en Sandy Springs.<\/p>\n\n\n\n<p>Somos un bufete de abogados que representa a personas en casos de deportaci\u00f3n y nos mantendremos al tanto de todo en cuanto nos llame. Hemos trabajado con otros y eso garantiza que todo se haga correctamente.<\/p>\n\n\n\n<p>Aprender\u00e1 mucho sobre cu\u00e1les son las leyes de deportaci\u00f3n y qu\u00e9 se requiere para obtener el veredicto que est\u00e1 buscando.<\/p>\n\n\n\n<p>Solo necesita un bufete de abogados acreditado y autorizado para representarlo en el estado de Georgia. Deben ser abogados con amplia experiencia y experiencia en este tipo de casos. Los abogados de inmigraci\u00f3n de Sandy Springs de Diaz &amp; Gaeta revisar\u00e1n su caso y lo representar\u00e1n.<\/p>\n\n\n\n<h2 class=\"wp-block-heading\" id=\"aioseo-why-should-i-choose-a-sandy-springs-immigration-lawyer-at-diaz-gaeta-to-represent-me\" style=\"padding-top:var(--wp--preset--spacing--20)\">\u00bfPor qu\u00e9 deber\u00eda elegir un abogado de inmigraci\u00f3n de Sandy Springs en Diaz &amp; Gaeta para que me represente?<\/h2>\n\n\n\n<p>Cuando busca un bufete de abogados que ofrezca buenos resultados, a menudo se trata de trabajar con una firma como D\u00edaz &amp; Gaeta.<\/p>\n\n\n\n<p>Somos una excelente opci\u00f3n porque llevamos mucho tiempo en esto. Nuestros abogados son de los mejores en casos de inmigraci\u00f3n. Esto incluye comprender los matices legales a considerar y c\u00f3mo posicionar el caso para obtener los resultados que espera.<\/p>\n\n\n\n<p>Es esta atenci\u00f3n al detalle lo que nos convierte en uno de los mejores en lo que hacemos. Nuestro objetivo sigue siendo mantener la pasi\u00f3n y representarlo en cada paso. Nuestro bufete de abogados biling\u00fce fue fundado por dos activistas hijos de inmigrantes, y nos apasionan nuestros clientes.<\/p>\n\n\n\n<h2 class=\"wp-block-heading\" id=\"aioseo-hire-the-best-sandy-springs-immigration-lawyers\" style=\"padding-top:var(--wp--preset--spacing--20)\">\u00a1Contrate a los mejores abogados de inmigraci\u00f3n de Sandy Springs!<\/h2>\n\n\n\n<p>A medida que comience a procesar su caso de inmigraci\u00f3n en Sandy Springs, ser\u00e1 importante conocer sus derechos legales. Aqu\u00ed es donde <strong><a href=\"https:\/\/dglawga.com\/es\/\">D\u00edaz y Gaeta<\/a><\/strong>&nbsp;Entra en juego como bufete de abogados. Somos uno de los mejores bufetes de Sandy Springs y en eso tendr\u00e1 la oportunidad de apoyarse desde el inicio del proceso.<\/p>\n\n\n\n<p>Analizaremos cada paso y determinaremos qu\u00e9 tipo de estrategia funcionar\u00e1. Esto le brindar\u00e1 tranquilidad y le ayudar\u00e1 con su caso. Para comenzar, comun\u00edquese con D\u00edaz &amp; Gaeta al <a href=\"tel:+16785032780\"><strong>678-503-2780<\/strong><\/a> para una consulta gratuita.<\/p>","protected":false},"excerpt":{"rendered":"<p>Handling the ins and outs of immigration can be difficult. You will have to understand what the legal stipulations are with this process and how to make sure you are represented correctly. If the wrong strategy is put together, this can make it difficult to move things forward as soon as you want. Due to [&hellip;]<\/p>\n","protected":false},"author":34,"featured_media":0,"parent":2044,"menu_order":0,"comment_status":"closed","ping_status":"closed","template":"wp-custom-template-sandy-springs-services","meta":{"_acf_changed":false,"_themeisle_gutenberg_block_has_review":false,"footnotes":""},"categories":[52],"tags":[124,123,120,21,122,59,126,58,121,125,119,26,118,116,117,22,142,143],"class_list":["post-2086","page","type-page","status-publish","hentry","category-sandy-springs-location","tag-abogado-coche-acidente","tag-abogado-gratis","tag-attorney-lawyer","tag-car-accidents","tag-car-accidents-lawyer","tag-family-law","tag-imigracion-abogados","tag-immigration","tag-immigration-lawyer","tag-marietta-abogado","tag-marietta-lawyer","tag-personal-injury","tag-top-lawyer-in-marietta","tag-top-lawyers-in-atlanta","tag-top-lawyers-in-smyrna","tag-truck-accident","tag-truck-accident-attorneys","tag-truck-crash"],"acf":[],"aioseo_notices":[],"_links":{"self":[{"href":"https:\/\/dglawga.com\/es\/wp-json\/wp\/v2\/pages\/2086","targetHints":{"allow":["GET"]}}],"collection":[{"href":"https:\/\/dglawga.com\/es\/wp-json\/wp\/v2\/pages"}],"about":[{"href":"https:\/\/dglawga.com\/es\/wp-json\/wp\/v2\/types\/page"}],"author":[{"embeddable":true,"href":"https:\/\/dglawga.com\/es\/wp-json\/wp\/v2\/users\/34"}],"replies":[{"embeddable":true,"href":"https:\/\/dglawga.com\/es\/wp-json\/wp\/v2\/comments?post=2086"}],"version-history":[{"count":3,"href":"https:\/\/dglawga.com\/es\/wp-json\/wp\/v2\/pages\/2086\/revisions"}],"predecessor-version":[{"id":7792,"href":"https:\/\/dglawga.com\/es\/wp-json\/wp\/v2\/pages\/2086\/revisions\/7792"}],"up":[{"embeddable":true,"href":"https:\/\/dglawga.com\/es\/wp-json\/wp\/v2\/pages\/2044"}],"wp:attachment":[{"href":"https:\/\/dglawga.com\/es\/wp-json\/wp\/v2\/media?parent=2086"}],"wp:term":[{"taxonomy":"category","embeddable":true,"href":"https:\/\/dglawga.com\/es\/wp-json\/wp\/v2\/categories?post=2086"},{"taxonomy":"post_tag","embeddable":true,"href":"https:\/\/dglawga.com\/es\/wp-json\/wp\/v2\/tags?post=2086"}],"curies":[{"name":"wp","href":"https:\/\/api.w.org\/{rel}","templated":true}]}}