{"id":2091,"date":"2022-06-07T17:59:55","date_gmt":"2022-06-07T17:59:55","guid":{"rendered":"https:\/\/diazgaetalaw.wpengine.com\/?page_id=2091"},"modified":"2025-06-15T23:54:58","modified_gmt":"2025-06-16T04:54:58","slug":"abogado-de-derecho-de-familia","status":"publish","type":"page","link":"https:\/\/dglawga.com\/es\/sandy-springs\/family-law-attorney\/","title":{"rendered":"Abogado de derecho familiar de Sandy Springs"},"content":{"rendered":"<p>El derecho de familia abarca una amplia gama de cuestiones relacionadas con la familia. Adem\u00e1s de ser un asunto legal, los casos de derecho de familia involucran complejos aspectos psicol\u00f3gicos, emocionales y financieros.<\/p>\n\n\n\n<p>Con tanto en juego, el estr\u00e9s es enorme y las emociones suelen estar a flor de piel. Contratar a un abogado experto en derecho familiar en Sandy Springs garantizar\u00e1 la protecci\u00f3n de sus derechos e intereses.<\/p>\n\n\n\n<p>En Diaz &amp; Gaeta Attorneys At Law en Sandy Springs, GA, somos especialistas en derecho familiar. Nuestros abogados son dedicados y compasivos al revisar su caso, porque sabemos que cada situaci\u00f3n es diferente.<\/p>\n\n\n\n<p>Nos tomaremos el tiempo para escuchar su versi\u00f3n de la historia y encontrar una manera de llegar a una resoluci\u00f3n exitosa.<\/p>\n\n\n\n<p>Nuestro \u00fanico objetivo en cualquier caso de custodia de menores, divorcio, adopci\u00f3n u otros casos de derecho familiar es brindar asesoramiento legal experto adem\u00e1s de atenci\u00f3n y apoyo personalizado durante este per\u00edodo tumultuoso de su vida.<\/p>\n\n\n\n<p>Nuestros servicios han sido especialmente configurados para manejar las diferentes necesidades de nuestros clientes.<\/p>\n\n\n\n<p>Nuestro experimentado equipo de abogados especializados en divorcios y derecho familiar en Sandy Springs est\u00e1 totalmente dedicado a ayudarle a lograr sus objetivos. Puede ponerse en contacto con nuestro equipo. <a href=\"https:\/\/dglawga.com\/es\/manantiales-arenosos\/\"><strong>Bufete de abogados D\u00edaz &amp; Gaeta en Sandy Springs, GA<\/strong><\/a> en <a href=\"tel:+16785032780\"><strong>678-503-2780<\/strong><\/a> \u00a1Reserve una consulta gratuita HOY!<\/p>\n\n\n\n<div class=\"wp-block-group has-accent-background-color has-background is-vertical is-layout-flex wp-container-core-group-is-layout-283d9697 wp-block-group-is-layout-flex\" style=\"border-top-left-radius:15px;border-top-right-radius:15px;margin-top:var(--wp--preset--spacing--30)\">\n<h2 class=\"wp-block-heading has-primary-color has-text-color has-link-color wp-elements-4164a61e17ffbe9e8a7446952ec87a5a\" id=\"aioseo-table-of-contents\">TABLA DE CONTENIDO<\/h2>\n<\/div>\n\n\n\n<div class=\"wp-block-group has-background is-vertical is-layout-flex wp-container-core-group-is-layout-d644fc7a wp-block-group-is-layout-flex\" style=\"border-bottom-left-radius:15px;border-bottom-right-radius:15px;background-color:#f3f3f3;margin-top:0\"><div class=\"wp-block-aioseo-table-of-contents\"><ul><li><a class=\"aioseo-toc-item\" href=\"#aioseo-what-qualifies-as-a-family-law-case\">\u00bfQu\u00e9 se considera un caso de derecho de familia?<\/a><\/li><li><a class=\"aioseo-toc-item\" href=\"#aioseo-what-are-the-grounds-for-divorce-in-sandy-springs-ga\">\u00bfCu\u00e1les son los motivos de divorcio en Sandy Springs, GA?<\/a><\/li><li><a class=\"aioseo-toc-item\" href=\"#aioseo-how-do-you-start-the-divorce-process\">\u00bfC\u00f3mo iniciar el proceso de divorcio?<\/a><\/li><li><a class=\"aioseo-toc-item\" href=\"#aioseo-how-does-the-division-of-property-work-in-georgia\">\u00bfC\u00f3mo funciona la divisi\u00f3n de propiedad en Georgia?<\/a><ul><li><a class=\"aioseo-toc-item\" href=\"#aioseo-marital-vs-separate-property\">Bienes conyugales vs. bienes separados<\/a><\/li><\/ul><\/li><li><a class=\"aioseo-toc-item\" href=\"#aioseo-how-is-child-custody-decided\">\u00bfC\u00f3mo se decide la custodia de los hijos?<\/a><\/li><li><a class=\"aioseo-toc-item\" href=\"#aioseo-what-is-alimony-and-how-is-it-decided\">\u00bfQu\u00e9 es la pensi\u00f3n alimenticia y c\u00f3mo se decide?<\/a><\/li><li><a class=\"aioseo-toc-item\" href=\"#aioseo-let-our-sandy-springs-family-law-attorneys-fight-for-you\">\u00a1Deje que nuestros abogados de derecho familiar de Sandy Springs luchen por usted!<\/a><\/li><\/ul><\/div><\/div>\n\n\n\n<h2 class=\"wp-block-heading\" id=\"aioseo-what-qualifies-as-a-family-law-case\" style=\"padding-top:var(--wp--preset--spacing--20)\">\u00bfQu\u00e9 se considera un caso de derecho de familia?<\/h2>\n\n\n\n<p>En Diaz &amp; Gaeta, nuestros abogados de derecho familiar en Sandy Springs cuentan con amplia experiencia en el manejo y la obtenci\u00f3n de este tipo de casos en Sandy Springs, GA, y podemos ayudarle a usted tambi\u00e9n. Estos son algunos de los casos de derecho familiar que manejamos:<\/p>\n\n\n\n<ul class=\"wp-block-list\">\n<li>Divorcio contencioso y no contencioso.<\/li>\n\n\n\n<li>Derechos de los padres, custodia de los hijos y manutenci\u00f3n de los hijos.<\/li>\n\n\n\n<li>Acuerdos de manutenci\u00f3n conyugal y pensi\u00f3n alimenticia.<\/li>\n\n\n\n<li>Cambios de nombre legales en Georgia.<\/li>\n\n\n\n<li>\u00d3rdenes de restricci\u00f3n.<\/li>\n\n\n\n<li>Casos DSS.<\/li>\n<\/ul>\n\n\n\n<h2 class=\"wp-block-heading\" id=\"aioseo-what-are-the-grounds-for-divorce-in-sandy-springs-ga\" style=\"padding-top:var(--wp--preset--spacing--20)\">\u00bfCu\u00e1les son los motivos de divorcio en Sandy Springs, GA?<\/h2>\n\n\n\n<p>El C\u00f3digo Oficial de Georgia tiene 13 reconocidos <strong><a href=\"http:\/\/ga.elaws.us\/law\/section19-5-3\" target=\"_blank\" rel=\"noopener\">motivos de divorcio<\/a><\/strong> incluido:<\/p>\n\n\n\n<ul class=\"wp-block-list\">\n<li>Trato cruel.<\/li>\n\n\n\n<li>Deserci\u00f3n.<\/li>\n\n\n\n<li>Adulterio.<\/li>\n\n\n\n<li>Adicci\u00f3n habitual a las drogas.<\/li>\n\n\n\n<li>Condici\u00f3n mental incurable.<\/li>\n\n\n\n<li>Intoxicaci\u00f3n habitual.<\/li>\n\n\n\n<li>Matrimonio entre personas con parentesco prohibido.<\/li>\n\n\n\n<li>Impotencia en el momento del matrimonio.<\/li>\n\n\n\n<li>Incapacidad mental durante el per\u00edodo del matrimonio.<\/li>\n\n\n\n<li>Embarazo de otro hombre desconocido para el marido en el per\u00edodo del matrimonio.<\/li>\n\n\n\n<li>Amenaza, fuerza, fraude o coacci\u00f3n utilizados para adquirir el matrimonio.<\/li>\n\n\n\n<li>Condena por un delito de depravaci\u00f3n moral que conlleva una pena de prisi\u00f3n de 2 a\u00f1os o m\u00e1s.<\/li>\n<\/ul>\n\n\n\n<p>La decimotercera causal para solicitar el divorcio en Georgia es el divorcio sin culpa. Para obtenerlo, una de las partes debe declarar que el matrimonio est\u00e1 irreversiblemente roto. La mayor\u00eda de los divorcios en Georgia se presentan bajo este tipo de divorcio. Nuestro experimentado equipo de abogados de derecho familiar en Sandy Springs puede ayudarle con esto.<\/p>\n\n\n\n<h2 class=\"wp-block-heading\" id=\"aioseo-how-do-you-start-the-divorce-process\" style=\"padding-top:var(--wp--preset--spacing--20)\">\u00bfC\u00f3mo iniciar el proceso de divorcio?<\/h2>\n\n\n\n<p>Cada proceso de divorcio var\u00eda ligeramente seg\u00fan las circunstancias de la pareja. En resumen, implica los siguientes pasos:<\/p>\n\n\n\n<ul class=\"wp-block-list\">\n<li><strong><a href=\"https:\/\/georgia.gov\/file-divorce\" target=\"_blank\" rel=\"noopener nofollow\">Presentar una demanda formal de divorcio.<\/a><\/strong><\/li>\n\n\n\n<li>Solicitar una orden provisional (si es necesario).<\/li>\n\n\n\n<li>La demanda de divorcio se notifica al c\u00f3nyuge.<\/li>\n\n\n\n<li>El c\u00f3nyuge responde a la denuncia.<\/li>\n\n\n\n<li>Negociaciones de conciliaci\u00f3n.<\/li>\n\n\n\n<li>Ensayo.<\/li>\n\n\n\n<li>Se notifica sentencia de divorcio.<\/li>\n<\/ul>\n\n\n\n<p>En el caso de un divorcio no disputado, el proceso de divorcio puede completarse dentro de los 31 d\u00edas siguientes a la presentaci\u00f3n de la demanda, aunque podr\u00eda demorar un poco m\u00e1s dependiendo del calendario del juez.<\/p>\n\n\n\n<p>En caso de un divorcio contencioso, el proceso completo puede durar entre seis meses y varios a\u00f1os. Por ello, es fundamental contactar a un abogado especializado en derecho familiar de Sandy Springs para iniciar el proceso.<\/p>\n\n\n\n<h2 class=\"wp-block-heading\" id=\"aioseo-how-does-the-division-of-property-work-in-georgia\" style=\"padding-top:var(--wp--preset--spacing--20)\">\u00bfC\u00f3mo funciona la divisi\u00f3n de propiedad en Georgia?<\/h2>\n\n\n\n<p>En cuanto a la divisi\u00f3n de bienes en casos de divorcio, Georgia se clasifica como un &quot;estado de distribuci\u00f3n equitativa&quot;. Esto implica que los tribunales de Georgia dividen los bienes de la manera que consideran justa para ambas partes; sin embargo, esto no significa que cada c\u00f3nyuge reciba la misma divisi\u00f3n de bienes.<\/p>\n\n\n\n<p>El veredicto final depende de lo que el tribunal considere justo, y el resultado a veces puede dejar a ambas partes confundidas.<\/p>\n\n\n\n<figure class=\"wp-block-image aligncenter\" style=\"margin-top:var(--wp--preset--spacing--20);margin-bottom:var(--wp--preset--spacing--20)\"><a href=\"https:\/\/dglawga.com\/wp-content\/uploads\/2022\/06\/sandy-springs-family-law-attorney-diaz.jpg\"><img loading=\"lazy\" decoding=\"async\" width=\"500\" height=\"333\" src=\"https:\/\/dglawga.com\/wp-content\/uploads\/2022\/06\/sandy-springs-family-law-attorney-diaz.jpg\" alt=\"Mujer firmando papeles de divorcio, concepto de abogado de derecho de familia de Sandy Springs\" class=\"wp-image-3149\" srcset=\"https:\/\/dglawga.com\/wp-content\/uploads\/2022\/06\/sandy-springs-family-law-attorney-diaz.jpg 500w, https:\/\/dglawga.com\/wp-content\/uploads\/2022\/06\/sandy-springs-family-law-attorney-diaz-300x200.jpg 300w\" sizes=\"auto, (max-width: 500px) 100vw, 500px\" \/><\/a><\/figure>\n\n\n\n<h4 class=\"wp-block-heading\" id=\"aioseo-marital-vs-separate-property\">Bienes conyugales vs. bienes separados<\/h4>\n\n\n\n<p>No todos los bienes adquiridos durante el matrimonio se clasifican como bienes gananciales. Algunos bienes que se pose\u00edan antes del matrimonio o que fueron donados a una de las partes por un tercero durante el matrimonio pueden clasificarse como bienes separados.<\/p>\n\n\n\n<p>Antes de dividir un patrimonio, es necesario definirlo claramente. En ocasiones, los c\u00f3nyuges pueden optar por cooperar o recurrir a mediadores o abogados para llegar a un acuerdo amistoso de divisi\u00f3n de bienes con el que ambas partes se sientan c\u00f3modas.<\/p>\n\n\n\n<p>En caso de que no puedan hacerlo, el tribunal utilizar\u00e1 los siguientes factores para determinar la divisi\u00f3n de la propiedad:<\/p>\n\n\n\n<ul class=\"wp-block-list\">\n<li>La situaci\u00f3n financiera de cada c\u00f3nyuge.<\/li>\n\n\n\n<li>La cantidad de bienes separados que posee cada c\u00f3nyuge.<\/li>\n\n\n\n<li>El potencial de ingresos y ganancias de cada c\u00f3nyuge.<\/li>\n\n\n\n<li>Deudas y necesidades futuras que tenga cada c\u00f3nyuge.<\/li>\n\n\n\n<li>La conducta financiera de cada c\u00f3nyuge durante el matrimonio, incluidos los gastos innecesarios.<\/li>\n<\/ul>\n\n\n\n<p>Su abogado de derecho familiar de Sandy Springs ser\u00e1 fundamental en el proceso de divisi\u00f3n de bienes.<\/p>\n\n\n\n<h2 class=\"wp-block-heading\" id=\"aioseo-how-is-child-custody-decided\" style=\"padding-top:var(--wp--preset--spacing--20)\">\u00bfC\u00f3mo se decide la custodia de los hijos?<\/h2>\n\n\n\n<p>La ley de custodia de menores en Georgia estipula que, al determinar los casos de custodia, no habr\u00e1 presunciones en cuanto a qu\u00e9 c\u00f3nyuge merece m\u00e1s la custodia: ambas partes tienen la misma posici\u00f3n cuando acuden a los tribunales.<\/p>\n\n\n\n<p>Como en muchos estados, la decisi\u00f3n final sobre la custodia se basar\u00e1 en los mejores intereses del ni\u00f1o o los ni\u00f1os.<\/p>\n\n\n\n<p>Sin embargo, los estatutos de Georgia establecen claramente que se favorecen los acuerdos de custodia y especifican que acudir a los tribunales debe ser la \u00faltima opci\u00f3n.<\/p>\n\n\n\n<p>Los jueces pueden ayudar modificando los acuerdos seg\u00fan lo consideren conveniente, pero de lo contrario, un juez est\u00e1 obligado a aclarar el motivo por el cual decidieron ir en una direcci\u00f3n diferente al acuerdo de custodia presentado por la pareja.<\/p>\n\n\n\n<p>Si la pareja no puede llegar a un acuerdo de custodia por su cuenta, los tribunales de Georgia se encargar\u00e1n de tomar la decisi\u00f3n sobre la custodia bas\u00e1ndose en los mejores intereses del ni\u00f1o o los ni\u00f1os.<\/p>\n\n\n\n<p>Las leyes de custodia infantil de Georgia enumeran 17 factores que un juez debe considerar al determinar qui\u00e9n debe obtener la custodia de los menores. Y el juez no se limita solo a estos factores.<\/p>\n\n\n\n<p>La lista es un poco m\u00e1s larga que la de otros estados e incluye:<\/p>\n\n\n\n<ul class=\"wp-block-list\">\n<li>El afecto, el amor y los lazos emocionales entre el ni\u00f1o y cada padre.<\/li>\n\n\n\n<li>La capacidad y voluntad de cada padre de satisfacer las necesidades b\u00e1sicas de los ni\u00f1os (atenci\u00f3n m\u00e9dica, ropa, alimentaci\u00f3n, etc.) teniendo en cuenta el posible pago de manutenci\u00f3n infantil.<\/li>\n\n\n\n<li>La capacidad y voluntad del padre para fomentar y facilitar una relaci\u00f3n estrecha entre el ni\u00f1o o los ni\u00f1os y el otro padre, de acuerdo con los intereses superiores del ni\u00f1o.<\/li>\n<\/ul>\n\n\n\n<p>El establecimiento de la custodia f\u00edsica primaria estipular\u00e1 d\u00f3nde ser\u00e1 la residencia principal del ni\u00f1o, mientras que el establecimiento de la custodia legal estipular\u00e1 qu\u00e9 c\u00f3nyuge tiene el mandato de tomar decisiones importantes en la vida del ni\u00f1o o los ni\u00f1os.<\/p>\n\n\n\n<p>Tanto la custodia legal como la f\u00edsica pueden otorgarse a un solo progenitor o compartirse entre ambos c\u00f3nyuges. El experimentado equipo de abogados de derecho familiar de Sandy Springs est\u00e1 capacitado para ayudarle con esto.<\/p>\n\n\n\n<h2 class=\"wp-block-heading\" id=\"aioseo-what-is-alimony-and-how-is-it-decided\" style=\"padding-top:var(--wp--preset--spacing--20)\">\u00bfQu\u00e9 es la pensi\u00f3n alimenticia y c\u00f3mo se decide?<\/h2>\n\n\n\n<p>Tambi\u00e9n conocida como pensi\u00f3n alimenticia, la pensi\u00f3n alimenticia es una suma regular y predeterminada que se otorga al c\u00f3nyuge actual o anterior tras un divorcio o separaci\u00f3n. As\u00ed es como un juez determina la pensi\u00f3n alimenticia:<\/p>\n\n\n\n<ul class=\"wp-block-list\">\n<li>Duraci\u00f3n del matrimonio.<\/li>\n\n\n\n<li>Salud y edad del c\u00f3nyuge que solicita la pensi\u00f3n alimenticia.<\/li>\n\n\n\n<li>La situaci\u00f3n financiera de cada parte.<\/li>\n\n\n\n<li>Ingresos de cada c\u00f3nyuge.<\/li>\n\n\n\n<li>Capacidad de ganancia de cada parte.<\/li>\n\n\n\n<li>Aportaciones econ\u00f3micas y no econ\u00f3micas que cada parte realiz\u00f3 al matrimonio.<\/li>\n\n\n\n<li>Mantener un determinado nivel de vida del c\u00f3nyuge que recibe la pensi\u00f3n alimenticia durante el matrimonio.<\/li>\n<\/ul>\n\n\n\n<h2 class=\"wp-block-heading\" id=\"aioseo-let-our-sandy-springs-family-law-attorneys-fight-for-you\" style=\"padding-top:var(--wp--preset--spacing--20)\">\u00a1Deje que nuestros abogados de derecho familiar de Sandy Springs luchen por usted!<\/h2>\n\n\n\n<p>En <strong><a href=\"https:\/\/dglawga.com\/es\/\">Abogados D\u00edaz &amp; Gaeta<\/a><\/strong>, Nuestros abogados de derecho familiar de Sandy Springs tienen una amplia experiencia luchando por personas que pasan por su situaci\u00f3n en Sandy Springs, GA y podemos ayudarlo.<\/p>\n\n\n\n<p>Nos tomamos muy en serio los casos de derecho familiar, ya que sus relaciones, sus bienes y sus hijos est\u00e1n en juego. Por eso, lucharemos por sus derechos en litigio para garantizarle el resultado deseado.<\/p>\n\n\n\n<p>Puede confiar en nosotros para obtener un acuerdo justo y equitativo. Comun\u00edquese con nuestro despacho de abogados al <a href=\"tel:+16785032780\"><strong>678-503-2780<\/strong><\/a> \u00a1AHORA para reservar una consulta gratuita con nuestros abogados de derecho familiar de Sandy Springs!<\/p>","protected":false},"excerpt":{"rendered":"<p>Family law encompasses a host of family-related issues. Besides being a legal issue, family law cases involve intricate psychological, emotional, and financial aspects. With so much on the line, there\u2019s tremendous stress involved and emotions are usually charged. Enlisting a skilled Sandy Springs family law attorney will ensure your rights and interests are protected. We [&hellip;]<\/p>\n","protected":false},"author":34,"featured_media":0,"parent":2044,"menu_order":0,"comment_status":"closed","ping_status":"closed","template":"wp-custom-template-sandy-springs-services","meta":{"_acf_changed":false,"_themeisle_gutenberg_block_has_review":false,"footnotes":""},"categories":[52],"tags":[124,123,120,21,122,59,126,58,121,125,119,26,118,116,117,22,142,143],"class_list":["post-2091","page","type-page","status-publish","hentry","category-sandy-springs-location","tag-abogado-coche-acidente","tag-abogado-gratis","tag-attorney-lawyer","tag-car-accidents","tag-car-accidents-lawyer","tag-family-law","tag-imigracion-abogados","tag-immigration","tag-immigration-lawyer","tag-marietta-abogado","tag-marietta-lawyer","tag-personal-injury","tag-top-lawyer-in-marietta","tag-top-lawyers-in-atlanta","tag-top-lawyers-in-smyrna","tag-truck-accident","tag-truck-accident-attorneys","tag-truck-crash"],"acf":[],"aioseo_notices":[],"_links":{"self":[{"href":"https:\/\/dglawga.com\/es\/wp-json\/wp\/v2\/pages\/2091","targetHints":{"allow":["GET"]}}],"collection":[{"href":"https:\/\/dglawga.com\/es\/wp-json\/wp\/v2\/pages"}],"about":[{"href":"https:\/\/dglawga.com\/es\/wp-json\/wp\/v2\/types\/page"}],"author":[{"embeddable":true,"href":"https:\/\/dglawga.com\/es\/wp-json\/wp\/v2\/users\/34"}],"replies":[{"embeddable":true,"href":"https:\/\/dglawga.com\/es\/wp-json\/wp\/v2\/comments?post=2091"}],"version-history":[{"count":2,"href":"https:\/\/dglawga.com\/es\/wp-json\/wp\/v2\/pages\/2091\/revisions"}],"predecessor-version":[{"id":7794,"href":"https:\/\/dglawga.com\/es\/wp-json\/wp\/v2\/pages\/2091\/revisions\/7794"}],"up":[{"embeddable":true,"href":"https:\/\/dglawga.com\/es\/wp-json\/wp\/v2\/pages\/2044"}],"wp:attachment":[{"href":"https:\/\/dglawga.com\/es\/wp-json\/wp\/v2\/media?parent=2091"}],"wp:term":[{"taxonomy":"category","embeddable":true,"href":"https:\/\/dglawga.com\/es\/wp-json\/wp\/v2\/categories?post=2091"},{"taxonomy":"post_tag","embeddable":true,"href":"https:\/\/dglawga.com\/es\/wp-json\/wp\/v2\/tags?post=2091"}],"curies":[{"name":"wp","href":"https:\/\/api.w.org\/{rel}","templated":true}]}}