{"id":2094,"date":"2022-06-07T18:00:55","date_gmt":"2022-06-07T18:00:55","guid":{"rendered":"https:\/\/diazgaetalaw.wpengine.com\/?page_id=2094"},"modified":"2025-06-16T00:00:33","modified_gmt":"2025-06-16T05:00:33","slug":"abogado-lgbt-2","status":"publish","type":"page","link":"https:\/\/dglawga.com\/es\/sandy-springs\/lgbt-lawyer\/","title":{"rendered":"Abogado LGBT de Sandy Springs"},"content":{"rendered":"<p>La comunidad de lesbianas, gays, bisexuales y personas transg\u00e9nero (LGBT) ha experimentado y sigue experimentando numerosas dificultades en cuanto a aceptaci\u00f3n e igualdad. La consecuci\u00f3n de la igualdad matrimonial a nivel nacional en 2015 fue un hito trascendental.<\/p>\n\n\n\n<p>Este logro tambi\u00e9n asegur\u00f3 que los miembros de la comunidad LGBT tienen derecho a acceder a los tribunales para abordar cuestiones de derecho de familia y otros casos como todos los dem\u00e1s.<\/p>\n\n\n\n<p>El equipo de D\u00edaz &amp; Gaeta cree en garantizar que nuestros clientes se sientan escuchados y respetados. Esta filosof\u00eda aplica especialmente a las personas de la comunidad LGBTQ+.<\/p>\n\n\n\n<p>Es imperativo que todos nuestros clientes se sientan c\u00f3modos con sus abogados durante luchas familiares y litigios estresantes.<\/p>\n\n\n\n<p>Nuestros abogados LGBT de Sandy Springs han representado con orgullo a muchas personas y parejas que navegan por las turbias aguas de la inmigraci\u00f3n, el divorcio, la manutenci\u00f3n infantil, la pensi\u00f3n alimenticia, el matrimonio, los cargos criminales, etc.<\/p>\n\n\n\n<p>Si tiene alg\u00fan problema legal, no dude en comunicarse con nosotros llamando a nuestro <a href=\"https:\/\/dglawga.com\/es\/manantiales-arenosos\/\"><strong>Bufete de abogados de Sandy Springs<\/strong><\/a> <br>en <a href=\"tel:+16785032780\"><strong>678-503-2780<\/strong><\/a>!<\/p>\n\n\n\n<div class=\"wp-block-group has-accent-background-color has-background is-vertical is-layout-flex wp-container-core-group-is-layout-283d9697 wp-block-group-is-layout-flex\" style=\"border-top-left-radius:15px;border-top-right-radius:15px;margin-top:var(--wp--preset--spacing--30)\">\n<h2 class=\"wp-block-heading has-primary-color has-text-color has-link-color wp-elements-4164a61e17ffbe9e8a7446952ec87a5a\" id=\"aioseo-table-of-contents\">TABLA DE CONTENIDO<\/h2>\n<\/div>\n\n\n\n<div class=\"wp-block-group has-background is-vertical is-layout-flex wp-container-core-group-is-layout-d644fc7a wp-block-group-is-layout-flex\" style=\"border-bottom-left-radius:15px;border-bottom-right-radius:15px;background-color:#f3f3f3;margin-top:0\"><div class=\"wp-block-aioseo-table-of-contents\"><ul><li><a class=\"aioseo-toc-item\" href=\"#aioseo-rights-of-the-lgbt-community-in-georgia\">Derechos de la comunidad LGBT en Georgia<\/a><\/li><li><a class=\"aioseo-toc-item\" href=\"#aioseo-what-types-of-cases-can-diaz-gaeta-help-me-with\">\u00bfEn qu\u00e9 tipos de casos me puede ayudar D\u00edaz u Gaeta?<\/a><ul><li><a class=\"aioseo-toc-item\" href=\"#aioseo-immigration\">Inmigraci\u00f3n<\/a><\/li><li><a class=\"aioseo-toc-item\" href=\"#aioseo-marriage-visa\">Visa de matrimonio<\/a><\/li><li><a class=\"aioseo-toc-item\" href=\"#aioseo-k-1-fiancee-visa\">Visa K-1 para prometido(a)<\/a><\/li><li><a class=\"aioseo-toc-item\" href=\"#aioseo-u-s-citizenship-naturalization\">Ciudadan\u00eda y naturalizaci\u00f3n de EE. UU.<\/a><\/li><li><a class=\"aioseo-toc-item\" href=\"#aioseo-green-card\">Tarjeta Verde<\/a><\/li><li><a class=\"aioseo-toc-item\" href=\"#aioseo-asylum\">Asilo<\/a><\/li><li><a class=\"aioseo-toc-item\" href=\"#aioseo-withholding-of-removal\">Suspensi\u00f3n de la deportaci\u00f3n<\/a><\/li><li><a class=\"aioseo-toc-item\" href=\"#aioseo-criminal-charges\">Cargos criminales<\/a><\/li><li><a class=\"aioseo-toc-item\" href=\"#aioseo-drug-possession\">Posesi\u00f3n de drogas<\/a><\/li><li><a class=\"aioseo-toc-item\" href=\"#aioseo-dui\">Conducir bajo los efectos del alcohol<\/a><\/li><li><a class=\"aioseo-toc-item\" href=\"#aioseo-other-cases-we-handle\">Otros casos que manejamos:<\/a><\/li><\/ul><\/li><li><a class=\"aioseo-toc-item\" href=\"#aioseo-how-is-diaz-gaeta-the-best-sandy-springs-lgbt-lawyer-for-these-cases\">\u00bfC\u00f3mo es D\u00edaz u Gaeta el mejor abogado LGBT de Sandy Springs para estos casos?<\/a><\/li><li><a class=\"aioseo-toc-item\" href=\"#aioseo-hire-a-sandy-springs-lgbt-lawyer-today\">\u00a1Contrate a un abogado LGBT de Sandy Springs hoy!<\/a><\/li><\/ul><\/div><\/div>\n\n\n\n<h2 class=\"wp-block-heading\" id=\"aioseo-rights-of-the-lgbt-community-in-georgia\" style=\"padding-top:var(--wp--preset--spacing--20)\">Derechos de la comunidad LGBT en Georgia<\/h2>\n\n\n\n<p>El a\u00f1o 2015 trajo consigo numerosos cambios en el sistema legal de Georgia. Uno de los cambios sustanciales fue la legalizaci\u00f3n del matrimonio entre personas del mismo sexo.<\/p>\n\n\n\n<p>Hoy en d\u00eda, la comunidad LGBT tiene la misma <strong><a href=\"https:\/\/www.hrc.org\/resources\/state-scorecards\/georgia\" target=\"_blank\" rel=\"noopener\">derechos y beneficios<\/a><\/strong> como parejas heterosexuales cuando se trata de inmigraci\u00f3n, beneficios de tarjeta verde, divorcio, pensi\u00f3n alimenticia, declaraci\u00f3n de quiebra, etc.<\/p>\n\n\n\n<p>En Diaz &amp; Gaeta, nuestros abogados LGBT de Sandy Springs est\u00e1n aqu\u00ed para ayudarlo a superar cualquier obst\u00e1culo con facilidad.<\/p>\n\n\n\n<h2 class=\"wp-block-heading\" id=\"aioseo-what-types-of-cases-can-diaz-gaeta-help-me-with\" style=\"padding-top:var(--wp--preset--spacing--20)\">\u00bfCon qu\u00e9 tipos de casos puede ayudarme D\u00edaz &amp; Gaeta?<\/h2>\n\n\n\n<p>Ayudamos a los miembros de la comunidad LGBT a lidiar con diversos casos complejos, incluidos:<\/p>\n\n\n\n<h4 class=\"wp-block-heading\" id=\"aioseo-immigration\">Inmigraci\u00f3n<\/h4>\n\n\n\n<p>Nuestro equipo de <strong><a href=\"https:\/\/dglawga.com\/es\/manantiales-arenosos\/abogado-de-inmigracion-2\/\">abogados de inmigraci\u00f3n<\/a><\/strong> Estamos aqu\u00ed para ayudarle a usted y a su familia a alcanzar el Sue\u00f1o Americano. Contamos con la experiencia personal y profesional que necesita para determinar el camino hacia la residencia permanente.<\/p>\n\n\n\n<p>Nuestros abogados LGBT de Sandy Springs son expertos en inmigraci\u00f3n familiar y defensa contra la deportaci\u00f3n. Nos especializamos en DACA (Acci\u00f3n Diferida para los Llegados en la Infancia) y sus renovaciones.<\/p>\n\n\n\n<p>Nuestra firma ha representado a clientes LGBT en tribunales federales de inmigraci\u00f3n en todo Georgia y en numerosos procedimientos del USCIS (Servicio de Ciudadan\u00eda e Inmigraci\u00f3n de los Estados Unidos).<\/p>\n\n\n\n<h4 class=\"wp-block-heading\" id=\"aioseo-marriage-visa\">Visa de matrimonio<\/h4>\n\n\n\n<p>El Servicio de Ciudadan\u00eda e Inmigraci\u00f3n de Estados Unidos (USCIS) debe revisar las solicitudes de visa presentadas en nombre de una persona LGBT de la misma manera que las presentadas en nombre de una persona heterosexual. La agencia examina todas las solicitudes cuidadosamente.<\/p>\n\n\n\n<p>Sin embargo, <strong><a href=\"https:\/\/www.uscis.gov\/family\/same-sex-marriages\" target=\"_blank\" rel=\"noopener nofollow\">solicitudes de matrimonio entre personas del mismo sexo<\/a><\/strong> Pueden correr el riesgo de un escrutinio irrazonable o indebido. Los matrimonios LGBT generalmente no siguen las normas ceremoniales convencionales ni se ajustan a los patrones t\u00edpicos que considera la agencia.<\/p>\n\n\n\n<p>Estamos aqu\u00ed para guiarle a trav\u00e9s del proceso y proteger sus derechos.<\/p>\n\n\n\n<h4 class=\"wp-block-heading\" id=\"aioseo-k-1-fiancee-visa\">Visa K-1 para prometido(a)<\/h4>\n\n\n\n<p>Tras el fallo de la Corte Suprema contra la Ley de Defensa del Matrimonio (DOMA), las parejas del mismo sexo pueden solicitar legalmente una <strong><a href=\"https:\/\/www.uscis.gov\/family\/family-of-us-citizens\/visas-for-fiancees-of-us-citizens\" target=\"_blank\" rel=\"noopener\">Visa K-1 para prometido(a)<\/a><\/strong> bajo calificaciones similares a las parejas de sexo opuesto.<\/p>\n\n\n\n<p>Para calificar para esta visa, debe demostrar que mantiene una relaci\u00f3n estable y que tiene intenci\u00f3n de casarse. Debe cumplir con los mismos criterios que otros inmigrantes con visa K-1 y realizar ciertas acciones una vez en EE. UU.<\/p>\n\n\n\n<p>Para aumentar las posibilidades de que su petici\u00f3n sea aceptada, un abogado con experiencia en visas K-1 lo ayudar\u00e1 a determinar su elegibilidad para el programa y los pasos a seguir.<\/p>\n\n\n\n<h4 class=\"wp-block-heading\" id=\"aioseo-u-s-citizenship-naturalization\">Ciudadan\u00eda y naturalizaci\u00f3n de EE. UU.<\/h4>\n\n\n\n<p>D\u00edaz &amp; Gaeta puede ayudar a clientes LGBT que ya son residentes permanentes legales a obtener la ciudadan\u00eda estadounidense mediante la naturalizaci\u00f3n. Evaluaremos sus antecedentes migratorios y penales para determinar si cumple los requisitos.<\/p>\n\n\n\n<p>Luego le ayudaremos a preparar una solicitud de naturalizaci\u00f3n s\u00f3lida y le prepararemos para su entrevista.<\/p>\n\n\n\n<p>Si est\u00e1 considerando la naturalizaci\u00f3n, trabajar con un <strong>i<a href=\"https:\/\/dglawga.com\/es\/abogado-de-inmigracion-2\/\">abogado de inmigraci\u00f3n<\/a><\/strong> es crucial para maximizar las posibilidades de su aplicaci\u00f3n.<\/p>\n\n\n\n<h4 class=\"wp-block-heading\" id=\"aioseo-green-card\">Tarjeta Verde<\/h4>\n\n\n\n<p>Las parejas LGBT tambi\u00e9n son elegibles para obtener tarjetas verdes y lograr la residencia permanente a trav\u00e9s de un caso basado en el matrimonio, asumiendo que el c\u00f3nyuge extranjero ingres\u00f3 al pa\u00eds legalmente.<\/p>\n\n\n\n<p>En tal situaci\u00f3n, se puede otorgar una tarjeta verde para un estatus de residente condicional de dos a\u00f1os o un estatus de residente permanente de diez a\u00f1os.<\/p>\n\n\n\n<p>El tr\u00e1mite de la tarjeta verde es el proceso inicial para obtener la ciudadan\u00eda estadounidense. Quienes poseen una tarjeta verde durante tres a\u00f1os y permanecen casados y residen en Estados Unidos al menos la mitad de ese per\u00edodo son elegibles para la naturalizaci\u00f3n de la ciudadan\u00eda estadounidense.<\/p>\n\n\n\n<h4 class=\"wp-block-heading\" id=\"aioseo-asylum\">Asilo<\/h4>\n\n\n\n<p>Si solicita asilo, debe demostrar que es un refugiado y que tiene miedo de ser perseguido en su pa\u00eds de origen como resultado de su nacionalidad, raza, opini\u00f3n pol\u00edtica, religi\u00f3n o pertenencia a un determinado grupo social.<\/p>\n\n\n\n<p>En este sentido, usted puede obtener el estatus de asilado demostrando que tiene temor a ser perseguido por su pertenencia a un grupo social basado en su identidad de g\u00e9nero u orientaci\u00f3n sexual.<\/p>\n\n\n\n<p>Su abogado LGBT de Sandy Springs le ayudar\u00e1 a presentar evidencia de sufrimiento pasado, abuso f\u00edsico, abuso sexual o miedo a persecuci\u00f3n futura debido a su orientaci\u00f3n sexual y\/o identidad de g\u00e9nero.<\/p>\n\n\n\n<h4 class=\"wp-block-heading\" id=\"aioseo-withholding-of-removal\">Suspensi\u00f3n de la deportaci\u00f3n<\/h4>\n\n\n\n<p>Los miembros LGBT que buscan asilo pero no cumplen con el requisito de un a\u00f1o porque han estado en los Estados Unidos durante m\u00e1s de un a\u00f1o y no ha habido cambios en su pa\u00eds de origen, pueden ser elegibles para la Suspensi\u00f3n de Deportaci\u00f3n.<\/p>\n\n\n\n<p>Esto s\u00f3lo aplica si usted ya se encuentra en proceso de deportaci\u00f3n (remoci\u00f3n) y tiene \u00e9xito, evita que lo deporten, le proporciona un permiso de trabajo y le permite vivir en los Estados Unidos.<\/p>\n\n\n\n<p>Un abogado LGBT competente de Sandy Springs de D\u00edaz &amp; Gaeta lo ayudar\u00e1 a navegar por este complejo proceso.<\/p>\n\n\n\n<figure class=\"wp-block-image aligncenter\" style=\"margin-top:var(--wp--preset--spacing--20);margin-bottom:var(--wp--preset--spacing--20)\"><a href=\"https:\/\/dglawga.com\/wp-content\/uploads\/2022\/06\/sandy-springs-lgbt-lawyer.jpg\"><img loading=\"lazy\" decoding=\"async\" width=\"500\" height=\"334\" src=\"https:\/\/dglawga.com\/wp-content\/uploads\/2022\/06\/sandy-springs-lgbt-lawyer.jpg\" alt=\"Mazo de juez sobre la bandera del orgullo arco\u00edris, concepto de abogado LGBT de Sandy Springs\" class=\"wp-image-3255\" srcset=\"https:\/\/dglawga.com\/wp-content\/uploads\/2022\/06\/sandy-springs-lgbt-lawyer.jpg 500w, https:\/\/dglawga.com\/wp-content\/uploads\/2022\/06\/sandy-springs-lgbt-lawyer-300x200.jpg 300w\" sizes=\"auto, (max-width: 500px) 100vw, 500px\" \/><\/a><\/figure>\n\n\n\n<h4 class=\"wp-block-heading\" id=\"aioseo-criminal-charges\">Cargos criminales<\/h4>\n\n\n\n<p>Sin importar tu orientaci\u00f3n sexual o identidad de g\u00e9nero, ser acusado de un delito es una de las cosas m\u00e1s aterradoras y traum\u00e1ticas que puedes experimentar.<\/p>\n\n\n\n<p>Ya sea que simplemente le hayan emitido una citaci\u00f3n o lo hayan arrestado, ser acusado de un delito puede ser dram\u00e1tico y cambiarle la vida. Por eso necesita un abogado experimentado y din\u00e1mico a su lado.<\/p>\n\n\n\n<p>El equipo de <strong><a href=\"https:\/\/dglawga.com\/es\/manantiales-arenosos\/abogado-defensor-penal-2\/\">abogados de defensa penal<\/a><\/strong> En Diaz &amp; Gaeta brindaremos representaci\u00f3n legal en cualquier caso penal, incluidos casos dom\u00e9sticos y de agresi\u00f3n, DUI, delitos de drogas, delitos de tr\u00e1nsito, casos de robo, delitos graves, etc.<\/p>\n\n\n\n<h4 class=\"wp-block-heading\" id=\"aioseo-drug-possession\">Posesi\u00f3n de drogas<\/h4>\n\n\n\n<p>Los cargos por drogas no solo conllevan la amenaza de multas y c\u00e1rcel, sino que tambi\u00e9n pueden tener un impacto significativo en su carrera y capacidad para conducir. Nuestro equipo trabajar\u00e1 arduamente para proteger sus derechos y, en caso de una resoluci\u00f3n sin juicio, evitar\u00e1 penas de c\u00e1rcel, multas cuantiosas y antecedentes penales negativos.<\/p>\n\n\n\n<p>Brindamos representaci\u00f3n legal de primera l\u00ednea en cualquier caso de drogas, incluyendo:<\/p>\n\n\n\n<ul class=\"wp-block-list\">\n<li>posesi\u00f3n de marihuana<\/li>\n\n\n\n<li>posesi\u00f3n de coca\u00edna<\/li>\n\n\n\n<li>Posesi\u00f3n de metanfetamina<\/li>\n\n\n\n<li>Posesi\u00f3n de \u00e9xtasis<\/li>\n\n\n\n<li>Venta de drogas ilegales<\/li>\n\n\n\n<li>Posesi\u00f3n de drogas ilegales con intenci\u00f3n de venderlas o distribuirlas<\/li>\n\n\n\n<li>Tr\u00e1fico de drogas.<\/li>\n<\/ul>\n\n\n\n<h4 class=\"wp-block-heading\" id=\"aioseo-dui\">Conducir bajo los efectos del alcohol<\/h4>\n\n\n\n<p>En Diaz &amp; Gaeta, comprendemos el impacto que un cargo por conducir bajo la influencia del alcohol puede tener en su vida personal y profesional. Las posibles repercusiones de la suspensi\u00f3n de la licencia de conducir, multas e incluso penas de prisi\u00f3n pueden tener un impacto significativo en usted, su carrera y sus seres queridos.<\/p>\n\n\n\n<p>Los delitos de conducir bajo los efectos del alcohol (DUI) suelen requerir una acci\u00f3n r\u00e1pida para proteger sus derechos y conservar su licencia de conducir. Por lo general, debe emprender acciones legales dentro de los primeros 10 d\u00edas posteriores a su arresto o citaci\u00f3n por DUI, o podr\u00eda perder su licencia de conducir por un tiempo.<\/p>\n\n\n\n<p>Al contratar a nuestro experimentado equipo de abogados LGBT de Sandy Springs, solo se necesita una breve consulta para que el equipo tome medidas y garantice que su capacidad para conducir se mantenga incluso mientras su caso contin\u00faa.<\/p>\n\n\n\n<p><strong>Nota: <\/strong>Nuestro equipo de abogados LGBT de Sandy Springs tambi\u00e9n maneja otros delitos menores y cargos por delitos graves.<\/p>\n\n\n\n<h4 class=\"wp-block-heading\" id=\"aioseo-other-cases-we-handle\">Otros casos que manejamos:<\/h4>\n\n\n\n<p>Nuestros abogados LGBT de Sandy Springs tambi\u00e9n manejan los siguientes casos:<\/p>\n\n\n\n<ul class=\"wp-block-list\">\n<li><a href=\"https:\/\/dglawga.com\/es\/manantiales-arenosos\/abogado-de-derecho-de-familia\/\"><strong>Derecho Familiar<\/strong><\/a><\/li>\n\n\n\n<li>Divorcio<\/li>\n\n\n\n<li>Manutenci\u00f3n infantil<\/li>\n\n\n\n<li>Litigios de custodia<\/li>\n\n\n\n<li>Orden de restricci\u00f3n<\/li>\n\n\n\n<li>Violencia dom\u00e9stica<\/li>\n\n\n\n<li>Pensi\u00f3n alimenticia<\/li>\n\n\n\n<li><strong><a href=\"https:\/\/dglawga.com\/es\/manantiales-arenosos\/\">Lesiones personales<\/a><\/strong><\/li>\n\n\n\n<li><a href=\"https:\/\/dglawga.com\/es\/manantiales-arenosos\/abogado-de-accidentes-de-coche\/\"><strong>Accidentes automovil\u00edsticos.<\/strong><\/a><\/li>\n<\/ul>\n\n\n\n<h2 class=\"wp-block-heading\" id=\"aioseo-how-is-diaz-gaeta-the-best-sandy-springs-lgbt-lawyer-for-these-cases\" style=\"padding-top:var(--wp--preset--spacing--20)\">\u00bfC\u00f3mo es D\u00edaz &amp; Gaeta el mejor abogado LGBT de Sandy Springs para estos casos?<\/h2>\n\n\n\n<p>Nuestro equipo cree en la igualdad y la dignidad humana, independientemente de la orientaci\u00f3n sexual o la identidad de g\u00e9nero de cada persona. La comunidad LGBT ha enfrentado escrutinio, opresi\u00f3n y discriminaci\u00f3n en diversos \u00e1mbitos y aspectos.<\/p>\n\n\n\n<p>Es por eso que contamos con abogados experimentados en nuestro equipo para ayudar a proteger los derechos de la comunidad LGBT.<\/p>\n\n\n\n<h2 class=\"wp-block-heading\" id=\"aioseo-hire-a-sandy-springs-lgbt-lawyer-today\" style=\"padding-top:var(--wp--preset--spacing--20)\">\u00a1Contrate a un abogado LGBT de Sandy Springs hoy!<\/h2>\n\n\n\n<p>La comunidad LGBT enfrenta desaf\u00edos de todo tipo y magnitud. Algunos son sencillos y f\u00e1ciles de manejar, mientras que otros son complejos y arduos. El equipo de abogados LGBT de Sandy Springs en <strong><a href=\"https:\/\/dglawga.com\/es\/\">D\u00edaz y Gaeta<\/a><\/strong> Tiene una profundidad y amplitud incomparables de experiencia y conocimiento en temas LGBT.<\/p>\n\n\n\n<p>Atendemos a Sandy Springs y sus alrededores en Georgia y llevamos a\u00f1os en el sector. Entendemos sus inquietudes y experiencia.<\/p>\n\n\n\n<p>Con nuestra amplia experiencia en problemas de parejas del mismo sexo y nuestro compromiso inquebrantable de obtener los mejores resultados, puede esperar la mejor representaci\u00f3n.<\/p>\n\n\n\n<p>Llame a nuestra oficina de Sandy Springs al <a href=\"tel:+16785032780\"><strong>678-503-2780<\/strong><\/a> \u00a1Para comenzar con una consulta gratuita!<\/p>","protected":false},"excerpt":{"rendered":"<p>The Lesbian, Gay, Bisexual, and Transgender (LGBT) community has experienced and still experiences numerous struggles regarding acceptance and equality. Getting nationwide marriage equality back in 2015 was a huge moment. This achievement also reassured that members of the LGBT community have the right to access the court to address family law issues and other cases [&hellip;]<\/p>\n","protected":false},"author":34,"featured_media":0,"parent":2044,"menu_order":0,"comment_status":"closed","ping_status":"closed","template":"wp-custom-template-sandy-springs-services","meta":{"_acf_changed":false,"_themeisle_gutenberg_block_has_review":false,"footnotes":""},"categories":[52],"tags":[124,123,120,21,122,59,126,58,121,60,125,119,26,118,116,117,22,142,143],"class_list":["post-2094","page","type-page","status-publish","hentry","category-sandy-springs-location","tag-abogado-coche-acidente","tag-abogado-gratis","tag-attorney-lawyer","tag-car-accidents","tag-car-accidents-lawyer","tag-family-law","tag-imigracion-abogados","tag-immigration","tag-immigration-lawyer","tag-lgbt","tag-marietta-abogado","tag-marietta-lawyer","tag-personal-injury","tag-top-lawyer-in-marietta","tag-top-lawyers-in-atlanta","tag-top-lawyers-in-smyrna","tag-truck-accident","tag-truck-accident-attorneys","tag-truck-crash"],"acf":[],"aioseo_notices":[],"_links":{"self":[{"href":"https:\/\/dglawga.com\/es\/wp-json\/wp\/v2\/pages\/2094","targetHints":{"allow":["GET"]}}],"collection":[{"href":"https:\/\/dglawga.com\/es\/wp-json\/wp\/v2\/pages"}],"about":[{"href":"https:\/\/dglawga.com\/es\/wp-json\/wp\/v2\/types\/page"}],"author":[{"embeddable":true,"href":"https:\/\/dglawga.com\/es\/wp-json\/wp\/v2\/users\/34"}],"replies":[{"embeddable":true,"href":"https:\/\/dglawga.com\/es\/wp-json\/wp\/v2\/comments?post=2094"}],"version-history":[{"count":4,"href":"https:\/\/dglawga.com\/es\/wp-json\/wp\/v2\/pages\/2094\/revisions"}],"predecessor-version":[{"id":8534,"href":"https:\/\/dglawga.com\/es\/wp-json\/wp\/v2\/pages\/2094\/revisions\/8534"}],"up":[{"embeddable":true,"href":"https:\/\/dglawga.com\/es\/wp-json\/wp\/v2\/pages\/2044"}],"wp:attachment":[{"href":"https:\/\/dglawga.com\/es\/wp-json\/wp\/v2\/media?parent=2094"}],"wp:term":[{"taxonomy":"category","embeddable":true,"href":"https:\/\/dglawga.com\/es\/wp-json\/wp\/v2\/categories?post=2094"},{"taxonomy":"post_tag","embeddable":true,"href":"https:\/\/dglawga.com\/es\/wp-json\/wp\/v2\/tags?post=2094"}],"curies":[{"name":"wp","href":"https:\/\/api.w.org\/{rel}","templated":true}]}}