{"id":40,"date":"2020-12-08T16:31:46","date_gmt":"2020-12-08T16:31:46","guid":{"rendered":"https:\/\/diazgaetalaw.wpengine.com\/?page_id=40"},"modified":"2025-12-17T16:53:40","modified_gmt":"2025-12-17T21:53:40","slug":"sobre-nosotros","status":"publish","type":"page","link":"https:\/\/dglawga.com\/es\/about-us\/","title":{"rendered":"Nuestro Equipo"},"content":{"rendered":"<main class=\"wp-block-group animated fadeInUp about-us-section has-link-color-background-color has-background has-global-padding is-layout-constrained wp-container-core-group-is-layout-bc384794 wp-block-group-is-layout-constrained\" style=\"margin-top:0;margin-bottom:0;padding-top:0;padding-right:0;padding-bottom:0;padding-left:0\">\n<div class=\"wp-block-group has-heading-text-color-background-color has-background is-layout-flow wp-block-group-is-layout-flow\" style=\"padding-right:25px;padding-left:25px\">\n<div class=\"wp-block-columns are-vertically-aligned-center ticss-28e78bae is-layout-flex wp-container-core-columns-is-layout-7fc3d43a wp-block-columns-is-layout-flex\">\n<div class=\"wp-block-column is-vertically-aligned-center is-layout-flow wp-block-column-is-layout-flow\">\n<figure class=\"wp-block-image size-full has-custom-border wp-duotone-unset-1\"><img loading=\"lazy\" decoding=\"async\" width=\"1760\" height=\"2560\" src=\"https:\/\/dglawga.com\/wp-content\/uploads\/2025\/04\/DG_Law_VAL06754-scaled.jpg?wsr\" alt=\"\" class=\"wp-image-8042\" style=\"border-radius:10px;aspect-ratio:3\/4;object-fit:cover\" srcset=\"\" sizes=\"auto, (max-width: 1760px) 100vw, 1760px\" data-srcset=\"\" \/><\/figure>\n<\/div>\n\n\n\n<div class=\"wp-block-column is-vertically-aligned-center is-layout-flow wp-block-column-is-layout-flow\">\n<h2 class=\"wp-block-heading has-primary-color has-text-color has-link-color has-cormorant-garamond-font-family wp-elements-a7c4b6b30c1da2f1e8699510e9c108b5\" style=\"font-size:clamp(27.42px, 1.714rem + ((1vw - 3.2px) * 1.92), 47px);font-style:normal;font-weight:300\">CONOCE A DIAZ Y GAETA<\/h2>\n\n\n\n<p>Somos un bufete de abogados completamente biling\u00fce fundado por dos amigos, activistas e hijos de inmigrantes con un amplio conocimiento de la ley de inmigraci\u00f3n, lesiones personales y defensa penal. Con diversos conocimientos y experiencia, nuestro equipo trabaja en conjunto para navegar estrat\u00e9gicamente casos complicados que requieren un conocimiento profundo en diferentes ramas del derecho.<\/p>\n\n\n\n<p>Debido a que creemos que la ayuda legal debe ser accesible y asequible para todos, la primera consulta siempre es gratuita y directamente con uno de nuestros abogados.<\/p>\n\n\n\n<p>Servimos a nuestra comunidad y tratamos a cada cliente como familia, con honestidad, respeto e igualdad.<\/p>\n<\/div>\n<\/div>\n\n\n\n<div style=\"height:42px\" aria-hidden=\"true\" class=\"wp-block-spacer\"><\/div>\n<\/div>\n\n\n\n<div class=\"wp-block-group has-background has-global-padding is-layout-constrained wp-block-group-is-layout-constrained\" style=\"background-color:#ffffffe0\">\n<h2 class=\"wp-block-heading has-text-align-center has-primary-color has-text-color has-link-color has-cormorant-garamond-font-family wp-elements-595b5df26101149c04170c1cfada336c\" style=\"padding-top:var(--wp--preset--spacing--30);font-size:clamp(27.42px, 1.714rem + ((1vw - 3.2px) * 1.92), 47px);font-style:normal;font-weight:300;text-transform:uppercase\"><a href=\"https:\/\/dglawga.com\/es\/sobre-nosotros\/\">Por qu\u00e9 Diaz y Gaeta<\/a><\/h2>\n\n\n\n<div class=\"wp-block-columns is-layout-flex wp-container-core-columns-is-layout-666ca843 wp-block-columns-is-layout-flex\" style=\"padding-top:var(--wp--preset--spacing--30)\">\n<div class=\"wp-block-column has-border-radius has-background is-layout-flow wp-block-column-is-layout-flow\" style=\"border-radius:4px;background-color:#cfcabea8;padding-top:30px;padding-right:20px;padding-bottom:30px;padding-left:20px\">\n<figure class=\"wp-block-image aligncenter size-full is-resized\"><img decoding=\"async\" src=\"https:\/\/dglawga.com\/wp-content\/uploads\/2025\/05\/noun-justice-7982124-7a4f96.svg\" alt=\"\" class=\"wp-image-8068\" style=\"width:70px;height:auto\"\/><\/figure>\n\n\n\n<p class=\"has-text-align-center has-primary-color has-text-color has-link-color has-cormorant-garamond-font-family has-large-font-size wp-elements-621adbfb7b6c7e9d8169513183285df3\" style=\"margin-top:var(--wp--preset--spacing--10);margin-bottom:0;font-style:normal;font-weight:400;text-transform:uppercase\">Experiencia<\/p>\n\n\n\n<p class=\"has-text-align-center has-primary-color has-text-color has-link-color wp-elements-092f582efd3368a3dec3a98c4f810a74\" style=\"margin-top:var(--wp--preset--spacing--10);margin-bottom:0;font-style:normal;font-weight:400;text-transform:none\">Nuestros abogados tienen experiencia en diferentes campos del derecho y trabajan en sinergia para abordar casos complicados y complejos. Hemos ganado casos en todos los tribunales de Atlanta.<\/p>\n<\/div>\n\n\n\n<div class=\"wp-block-column has-border-radius has-background is-layout-flow wp-block-column-is-layout-flow\" style=\"border-radius:4px;background-color:#cfcabea8;padding-top:30px;padding-right:20px;padding-bottom:30px;padding-left:20px\">\n<figure class=\"wp-block-image aligncenter size-full is-resized\"><img decoding=\"async\" src=\"https:\/\/dglawga.com\/wp-content\/uploads\/2025\/05\/noun-management-5791824-5d609a.svg\" alt=\"\" class=\"wp-image-8161\" style=\"width:65px\"\/><\/figure>\n\n\n\n<p class=\"has-text-align-center has-primary-color has-text-color has-link-color has-cormorant-garamond-font-family has-large-font-size wp-elements-98131a1a4e9c39e92f3526b134eaa9de\" style=\"margin-top:var(--wp--preset--spacing--10);margin-bottom:0;font-style:normal;font-weight:400;text-transform:uppercase\">Atenci\u00f3n personalizada<\/p>\n\n\n\n<p class=\"has-text-align-center has-primary-color has-text-color has-link-color wp-elements-619e2f6578664591f5c6f3ee92c71a37\" style=\"margin-top:var(--wp--preset--spacing--10);margin-bottom:0;font-style:normal;font-weight:400;text-transform:none\">Estrategias legales personalizadas enfocadas en su familia, su futuro y sus metas. Comunicaci\u00f3n clara y actualizaciones peri\u00f3dicas para que siempre est\u00e9 al tanto de la evoluci\u00f3n de su caso.<\/p>\n<\/div>\n\n\n\n<div class=\"wp-block-column has-border-radius has-background is-layout-flow wp-block-column-is-layout-flow\" style=\"border-radius:4px;background-color:#cfcabea8;padding-top:30px;padding-right:20px;padding-bottom:30px;padding-left:20px\">\n<figure class=\"wp-block-image aligncenter size-full is-resized\"><img decoding=\"async\" src=\"https:\/\/dglawga.com\/wp-content\/uploads\/2025\/05\/noun-premium-6858014-67e609.svg\" alt=\"\" class=\"wp-image-8072\" style=\"width:72px;height:auto\"\/><\/figure>\n\n\n\n<p class=\"has-text-align-center has-primary-color has-text-color has-link-color has-cormorant-garamond-font-family has-large-font-size wp-elements-fe1e2de8178e1600f0b258054995ab7f\" style=\"margin-top:var(--wp--preset--spacing--10);margin-bottom:0;font-style:normal;font-weight:400;text-transform:uppercase\">Historial de trayectoria<\/p>\n\n\n\n<p class=\"has-text-align-center has-primary-color has-text-color has-link-color wp-elements-4ef8eb8746177271b45b59f20ddcc78d\" style=\"margin-top:var(--wp--preset--spacing--10);margin-bottom:0;font-style:normal;font-weight:400;text-transform:none\">Tenemos la reputaci\u00f3n de hacer realidad lo impensable. Nuestro bufete ha llevado y ganado casos que otros abogados hab\u00edan rechazado. Siempre encontramos la manera de hacer justicia en su caso.<\/p>\n<\/div>\n<\/div>\n\n\n\n<div class=\"wp-block-group has-primary-color has-text-color has-background has-link-color wp-elements-ca64f5175f9fd32513351b5714ee0d44 has-global-padding is-layout-constrained wp-block-group-is-layout-constrained\" style=\"border-radius:0px;border-top-color:var(--wp--preset--color--accent);border-top-width:1px;background-color:#1f4f6100;margin-top:var(--wp--preset--spacing--30);margin-bottom:0;padding-top:var(--wp--preset--spacing--30)\">\n<div class=\"wp-block-columns is-layout-flex wp-container-core-columns-is-layout-28f84493 wp-block-columns-is-layout-flex\">\n<div class=\"wp-block-column is-layout-flow wp-block-column-is-layout-flow\">\n<h2 class=\"wp-block-heading has-text-align-center has-primary-color has-text-color has-link-color has-cormorant-garamond-font-family wp-elements-9345b93d0c6e20686ff019d5c0ad9872\" style=\"font-size:clamp(20px, 1.25rem + ((1vw - 3.2px) * 1.176), 32px);font-style:normal;font-weight:600;text-transform:uppercase\">Hemos ayudado a miles de personas<br>a reconstruir su futuro<\/h2>\n\n\n\n<div class=\"wp-block-buttons is-content-justification-center is-layout-flex wp-container-core-buttons-is-layout-d02b0ff4 wp-block-buttons-is-layout-flex\" style=\"margin-top:var(--wp--preset--spacing--30);margin-bottom:0\">\n<div class=\"wp-block-button is-style-fill\"><a class=\"wp-block-button__link has-heading-text-color-color has-text-color has-link-color has-text-align-left wp-element-button\" href=\"\/es\/contactanos\/\" style=\"border-style:none;border-width:0px;padding-top:var(--wp--preset--spacing--10);padding-right:var(--wp--preset--spacing--30);padding-bottom:var(--wp--preset--spacing--10);padding-left:var(--wp--preset--spacing--30)\" rel=\"sites\/about-us\">Consulta gratuita<\/a><\/div>\n<\/div>\n<\/div>\n<\/div>\n<\/div>\n<\/div>\n<\/main>\n\n\n\n<main class=\"wp-block-group animated fadeInUp about-us-section has-link-color-background-color has-background has-global-padding is-layout-constrained wp-container-core-group-is-layout-bc384794 wp-block-group-is-layout-constrained\" style=\"margin-top:0;margin-bottom:0;padding-top:0;padding-right:0;padding-bottom:0;padding-left:0\">\n<div style=\"height:46px\" aria-hidden=\"true\" class=\"wp-block-spacer ticss-832e3530\"><\/div>\n\n\n\n<div class=\"wp-block-group has-heading-text-color-background-color has-background is-layout-flow wp-block-group-is-layout-flow\" style=\"padding-right:25px;padding-left:25px\">\n<div class=\"wp-block-columns are-vertically-aligned-center is-layout-flex wp-container-core-columns-is-layout-7fc3d43a wp-block-columns-is-layout-flex\">\n<div class=\"wp-block-column is-vertically-aligned-center is-layout-flow wp-block-column-is-layout-flow\">\n<figure class=\"wp-block-image size-full has-custom-border wp-duotone-unset-2\"><img loading=\"lazy\" decoding=\"async\" width=\"2048\" height=\"1365\" src=\"https:\/\/dglawga.com\/wp-content\/uploads\/2020\/12\/Community-2048x1365-1.jpg\" alt=\"\" class=\"wp-image-1696\" style=\"border-radius:10px;aspect-ratio:1;object-fit:cover\" srcset=\"https:\/\/dglawga.com\/wp-content\/uploads\/2020\/12\/Community-2048x1365-1.jpg 2048w, https:\/\/dglawga.com\/wp-content\/uploads\/2020\/12\/Community-2048x1365-1-300x200.jpg 300w, https:\/\/dglawga.com\/wp-content\/uploads\/2020\/12\/Community-2048x1365-1-1024x683.jpg 1024w, https:\/\/dglawga.com\/wp-content\/uploads\/2020\/12\/Community-2048x1365-1-768x512.jpg 768w, https:\/\/dglawga.com\/wp-content\/uploads\/2020\/12\/Community-2048x1365-1-1536x1024.jpg 1536w\" sizes=\"auto, (max-width: 2048px) 100vw, 2048px\" \/><\/figure>\n<\/div>\n\n\n\n<div class=\"wp-block-column is-vertically-aligned-center is-layout-flow wp-block-column-is-layout-flow\">\n<h2 class=\"wp-block-heading has-primary-color has-text-color has-link-color has-cormorant-garamond-font-family wp-elements-97704e2393439e674a4296531e87e948\" style=\"font-size:clamp(27.42px, 1.714rem + ((1vw - 3.2px) * 1.92), 47px);font-style:normal;font-weight:300\">\u00bfNECESITAS QUE SEAMOS VOLUNTARIOS?<\/h2>\n\n\n\n<p>El equipo de D\u00edaz &amp; Gaeta siempre est\u00e1 buscando oportunidades para servir a la comunidad. Nuestros abogados est\u00e1n abiertos a participar con organizaciones comunitarias y sin fines de lucro para ayudar a informar a la comunidad sobre temas relacionados con inmigraci\u00f3n, lesiones personales y derecho penal.<\/p>\n\n\n\n<p>Cont\u00e1ctenos si necesita que vayamos a hablar en su pr\u00f3xima reuni\u00f3n o evento comunitario. El abogado Diaz y\/o el abogado Gaeta est\u00e1n disponibles para hablar y ofrecer consultas gratuitas en Georgia y los estados circundantes.<\/p>\n<\/div>\n<\/div>\n<\/div>\n<\/main>","protected":false},"excerpt":{"rendered":"<p>MEET DIAZ AND GAETA We are a fully bilingual law firm founded by two friends, activists, and sons of immigrants with extensive knowledge of immigration law, personal injury, and criminal defense. With diverse knowledge and experience, our team works together to strategically navigate complicated cases that require deep knowledge in different branches of the law. [&hellip;]<\/p>\n","protected":false},"author":34,"featured_media":0,"parent":0,"menu_order":0,"comment_status":"closed","ping_status":"closed","template":"","meta":{"_acf_changed":false,"_themeisle_gutenberg_block_has_review":false,"footnotes":""},"categories":[4,50,51],"tags":[124,123,120,21,122,59,126,58,121,125,119,26,118,116,117,142,141],"class_list":["post-40","page","type-page","status-publish","hentry","category-atlanta-location","category-marietta-location","category-smyrna-location","tag-abogado-coche-acidente","tag-abogado-gratis","tag-attorney-lawyer","tag-car-accidents","tag-car-accidents-lawyer","tag-family-law","tag-imigracion-abogados","tag-immigration","tag-immigration-lawyer","tag-marietta-abogado","tag-marietta-lawyer","tag-personal-injury","tag-top-lawyer-in-marietta","tag-top-lawyers-in-atlanta","tag-top-lawyers-in-smyrna","tag-truck-accident-attorneys","tag-truck-accident-truck-crash"],"acf":[],"aioseo_notices":[],"_links":{"self":[{"href":"https:\/\/dglawga.com\/es\/wp-json\/wp\/v2\/pages\/40","targetHints":{"allow":["GET"]}}],"collection":[{"href":"https:\/\/dglawga.com\/es\/wp-json\/wp\/v2\/pages"}],"about":[{"href":"https:\/\/dglawga.com\/es\/wp-json\/wp\/v2\/types\/page"}],"author":[{"embeddable":true,"href":"https:\/\/dglawga.com\/es\/wp-json\/wp\/v2\/users\/34"}],"replies":[{"embeddable":true,"href":"https:\/\/dglawga.com\/es\/wp-json\/wp\/v2\/comments?post=40"}],"version-history":[{"count":33,"href":"https:\/\/dglawga.com\/es\/wp-json\/wp\/v2\/pages\/40\/revisions"}],"predecessor-version":[{"id":8045,"href":"https:\/\/dglawga.com\/es\/wp-json\/wp\/v2\/pages\/40\/revisions\/8045"}],"wp:attachment":[{"href":"https:\/\/dglawga.com\/es\/wp-json\/wp\/v2\/media?parent=40"}],"wp:term":[{"taxonomy":"category","embeddable":true,"href":"https:\/\/dglawga.com\/es\/wp-json\/wp\/v2\/categories?post=40"},{"taxonomy":"post_tag","embeddable":true,"href":"https:\/\/dglawga.com\/es\/wp-json\/wp\/v2\/tags?post=40"}],"curies":[{"name":"wp","href":"https:\/\/api.w.org\/{rel}","templated":true}]}}