{"id":4166,"date":"2022-06-07T18:00:55","date_gmt":"2022-06-07T23:00:55","guid":{"rendered":"https:\/\/diazgaetalaw.wpengine.com\/sandy-springs\/lgbt-lawyer\/"},"modified":"2022-07-11T18:55:56","modified_gmt":"2022-07-11T18:55:56","slug":"abogado-lgbt","status":"publish","type":"page","link":"https:\/\/dglawga.com\/es\/sandy-springs\/abogado-lgbt\/","title":{"rendered":"Abogado LGBT en Sandy Springs"},"content":{"rendered":"<p><span style=\"font-weight: 400;\">La comunidad de lesbianas, gays, bisexuales y transexuales (LGBT) ha experimentado y a\u00fan experimenta numerosas luchas con respecto a la aceptaci\u00f3n y la igualdad. Recuperar la igualdad matrimonial en todo el pa\u00eds en 2015 fue un gran momento. Este logro tambi\u00e9n reafirm\u00f3 que los miembros de la comunidad LGBT tienen derecho a acceder a los tribunales para abordar cuestiones de derecho de familia y otros casos como todos los dem\u00e1s.<\/span><\/p>\n<p><span style=\"font-weight: 400;\">El equipo de Diaz &amp; Gaeta cree en asegurar que nuestros clientes se sientan escuchados y respetados. Esta filosof\u00eda se aplica especialmente a los miembros de la comunidad lesbiana, gay, bisexual y transg\u00e9nero. Es imperativo que todos nuestros clientes se sientan c\u00f3modos con sus abogados durante las luchas familiares y litigios estresantes.<\/span><\/p>\n<p><span style=\"font-weight: 400;\">Nuestros abogados LGBT de Sandy Springs han representado con orgullo a muchas personas y parejas que navegan por las aguas turbias de la inmigraci\u00f3n, el divorcio, la manutenci\u00f3n de los hijos, la pensi\u00f3n alimenticia, el matrimonio, los cargos penales, etc. Si tiene alg\u00fan problema legal, no tenga miedo de comunicarse llamando a nuestro<\/span><a href=\"https:\/\/dglawga.com\/es\/sandy-springs\/\"><span style=\"font-weight: 400;\"> \u00a1Bufete de abogados de Sandy Springs <\/span><\/a><span style=\"font-weight: 400;\">en [phone]!<\/span><\/p>\n<p><span style=\"font-weight: 400;\">[elementor-template id=&#8221;3879&#8243;]<\/span><\/p>\n<h2><b>Derechos de la comunidad LGBT en Georgia<\/b><\/h2>\n<p><span style=\"font-weight: 400;\">2015 vino con numerosos cambios en el sistema legal de Georgia. Uno de los cambios sustanciales fue la legalizaci\u00f3n de los matrimonios entre personas del mismo sexo. Hoy, la comunidad LGBT tiene la misma<\/span><a href=\"https:\/\/www.hrc.org\/resources\/state-scorecards\/georgia\"><span style=\"font-weight: 400;\"> derechos y beneficios <\/span><\/a><span style=\"font-weight: 400;\">como parejas heterosexuales cuando se trata de inmigraci\u00f3n, beneficios de tarjeta verde, divorcio, pensi\u00f3n alimenticia, declaraci\u00f3n de bancarrota, etc.<\/span><\/p>\n<p><span style=\"font-weight: 400;\">En Diaz &amp; Gaeta, nuestros abogados LGBT de Sandy Springs est\u00e1n aqu\u00ed para ayudarlo a superar cualquier obst\u00e1culo con facilidad.<\/span><\/p>\n<h2><b>\u00bfCon qu\u00e9 tipos de casos me pueden ayudar Diaz &amp; Gaeta?<\/b><\/h2>\n<p><span style=\"font-weight: 400;\">Ayudamos a los miembros de la comunidad LGBT a lidiar con varios casos complejos que incluyen:<\/span><\/p>\n<h3><b>Inmigraci\u00f3n<\/b><\/h3>\n<p><span style=\"font-weight: 400;\">Nuestro equipo de<\/span><a rel=\"nofollow\" href=\"https:\/\/dglawga.com\/es\/sandy-springs\/abogado-inmigracion\/\"><span style=\"font-weight: 400;\"> los abogados de inmigraci\u00f3n <\/span><\/a><span style=\"font-weight: 400;\">est\u00e1n aqu\u00ed para ayudarlo a usted y a su familia a lograr el Sue\u00f1o Americano. Tenemos la experiencia personal y profesional que necesita para determinar el camino hacia la residencia permanente.<\/span><\/p>\n<p><span style=\"font-weight: 400;\">Nuestros abogados son expertos en trabajo de inmigraci\u00f3n basado en la familia y defensa de deportaci\u00f3n. Nos especializamos en DACA (Acci\u00f3n Diferida para los Llegados en la Infancia) y renovaciones. Nuestra firma ha representado a clientes LGBT en tribunales federales de inmigraci\u00f3n en todo Georgia y numerosos procedimientos de USCIS (Servicios de Ciudadan\u00eda e Inmigraci\u00f3n de los Estados Unidos).<\/span><\/p>\n<h4><b>Visa de Matrimonio<\/b><\/h4>\n<p><span style=\"font-weight: 400;\">Los Servicios de Ciudadan\u00eda e Inmigraci\u00f3n de los Estados Unidos (USCIS) deben revisar las solicitudes de visa presentadas en nombre de una persona LGBT de la misma manera que las presentadas en nombre de una persona heterosexual. La agencia examina cuidadosamente todas las solicitudes.<\/span><\/p>\n<p><a rel=\"nofollow\" href=\"https:\/\/www.uscis.gov\/family\/same-sex-marriages\"><span style=\"font-weight: 400;\">\u00a0Las solicitudes de matrimonio entre personas del mismo sexo <\/span><\/a><span style=\"font-weight: 400;\">pueden correr el riesgo de un escrutinio irrazonable o inadecuado. Los matrimonios LGBT generalmente no siguen las &#8216;normas&#8217; ceremoniales convencionales ni coinciden con los patrones t\u00edpicos considerados por la agencia.<\/span><\/p>\n<p><span style=\"font-weight: 400;\">Estamos aqu\u00ed para guiarlo a trav\u00e9s del proceso y proteger sus derechos.<\/span><\/p>\n<h4><b>Visa de prometido(a) K-1<\/b><\/h4>\n<p><span style=\"font-weight: 400;\">Tras el fallo de la Corte Suprema contra la Ley de Defensa del Matrimonio (DOMA), las parejas del mismo sexo pueden solicitar legalmente una<\/span><a href=\"https:\/\/www.uscis.gov\/family\/family-of-us-citizens\/visas-for-fiancees-of-us-citizens\"><span style=\"font-weight: 400;\"> Visa K-1 Fianc\u00e9(e) <\/span><\/a><span style=\"font-weight: 400;\">con calificaciones similares a las de las parejas del sexo opuesto. Para calificar para esta visa, debe demostrar que est\u00e1 en una relaci\u00f3n continua y tiene la intenci\u00f3n de casarse. Se espera que cumpla con los mismos criterios que otros inmigrantes K-1 y haga cosas espec\u00edficas una vez que est\u00e9 en los EE. UU.<\/span><\/p>\n<p><span style=\"font-weight: 400;\">Para aumentar las posibilidades de que se acepte su petici\u00f3n, un abogado con experiencia en visas k-1 lo ayudar\u00e1 a determinar su elegibilidad para el programa y los pasos a seguir.<\/span><\/p>\n<h4><b>Ciudadan\u00eda estadounidense Naturalizaci\u00f3n<\/b><\/h4>\n<p><span style=\"font-weight: 400;\">Diaz &amp; Gaeta puede ayudar a los clientes LGBT que ya son residentes permanentes legales a convertirse en ciudadanos estadounidenses a trav\u00e9s de la naturalizaci\u00f3n. Evaluaremos su inmigraci\u00f3n y antecedentes penales para establecer si es elegible. Luego lo ayudaremos a armar una solicitud s\u00f3lida para la naturalizaci\u00f3n y lo pondremos al d\u00eda para su entrevista.<\/span><\/p>\n<p><span style=\"font-weight: 400;\">Si est\u00e1 considerando la naturalizaci\u00f3n, trabajar con un abogado de inmigraci\u00f3n es fundamental para maximizar las posibilidades de su solicitud.<\/span><\/p>\n<h4><b>Tarjeta verde<\/b><\/h4>\n<p><span style=\"font-weight: 400;\">Las parejas LGBT tambi\u00e9n son elegibles para tarjetas verdes y obtienen la residencia permanente a trav\u00e9s de un caso basado en el matrimonio, suponiendo que el c\u00f3nyuge extranjero haya ingresado legalmente al pa\u00eds. En tal situaci\u00f3n, se puede proporcionar una tarjeta verde para un estado de residente condicional de dos a\u00f1os o un estado de residente permanente de diez a\u00f1os.<\/span><\/p>\n<p><span style=\"font-weight: 400;\">El proceso de la tarjeta verde es el proceso inicial para convertirse en ciudadano estadounidense. Las personas que tienen una tarjeta verde durante 3 a\u00f1os y permanecieron casados y permanecieron en los Estados Unidos durante al menos la mitad de ese per\u00edodo son elegibles para la naturalizaci\u00f3n de la ciudadan\u00eda estadounidense.<\/span><\/p>\n<h4><b>Asilo<\/b><\/h4>\n<p><span style=\"font-weight: 400;\">Si solicita asilo, debe demostrar que es un refugiado y tiene temor de persecuci\u00f3n en su pa\u00eds de origen como resultado de su nacionalidad, raza, opini\u00f3n pol\u00edtica, religi\u00f3n o pertenencia a un grupo social determinado. En este sentido, puede obtener la condici\u00f3n de asilado demostrando que tiene temor de persecuci\u00f3n por su pertenencia a un grupo social por su identidad de g\u00e9nero u orientaci\u00f3n sexual.<\/span><\/p>\n<p><span style=\"font-weight: 400;\">Su abogado lo ayudar\u00e1 a presentar evidencia de sufrimiento pasado, abuso f\u00edsico, abuso sexual o temor de persecuci\u00f3n futura debido a su orientaci\u00f3n sexual y\/o identidad de g\u00e9nero.<\/span><\/p>\n<h4><b>Suspensi\u00f3n de deportaci\u00f3n<\/b><\/h4>\n<p><span style=\"font-weight: 400;\">Los miembros LGBT que buscan asilo pero no cumplen con el l\u00edmite de un a\u00f1o, ya que han estado en los Estados Unidos durante m\u00e1s de un a\u00f1o y no ha habido cambios en su pa\u00eds de origen, pueden ser elegibles para la Suspensi\u00f3n de expulsi\u00f3n. Esto solo se aplica si ya est\u00e1 en proceso de deportaci\u00f3n (remoci\u00f3n) y tiene \u00e9xito, evita que lo deporten, le proporciona un permiso de trabajo y le permite vivir en los Estados Unidos.<\/span><\/p>\n<p><span style=\"font-weight: 400;\">Un abogado competente de Diaz &amp; Gaeta lo ayudar\u00e1 a navegar este complejo proceso.<\/span><\/p>\n<p><a href=\"https:\/\/dglawga.com\/wp-content\/uploads\/2022\/06\/sandy-springs-lgbt-lawyer.jpg\"><img loading=\"lazy\" decoding=\"async\" class=\"alignnone size-full wp-image-3255\" src=\"https:\/\/dglawga.com\/wp-content\/uploads\/2022\/06\/sandy-springs-lgbt-lawyer.jpg\" alt=\"Judge gavel on rainbow pride flag, concept of Sandy Springs LGBT lawyer\" width=\"500\" height=\"334\" srcset=\"https:\/\/dglawga.com\/wp-content\/uploads\/2022\/06\/sandy-springs-lgbt-lawyer.jpg 500w, https:\/\/dglawga.com\/wp-content\/uploads\/2022\/06\/sandy-springs-lgbt-lawyer-300x200.jpg 300w\" sizes=\"auto, (max-width: 500px) 100vw, 500px\" \/><\/a><\/p>\n<h3><b>Cargos criminales<\/b><\/h3>\n<p><span style=\"font-weight: 400;\">Independientemente de su orientaci\u00f3n sexual o identidad de g\u00e9nero, ser acusado de un delito es una de las cosas m\u00e1s aterradoras y traum\u00e1ticas que puede experimentar. Ya sea que simplemente haya recibido una citaci\u00f3n o que la polic\u00eda lo haya arrestado, ser acusado de un delito puede ser dram\u00e1tico y cambiar su vida. Es por eso que necesita un abogado experimentado y agresivo a su lado.<\/span><\/p>\n<p><span style=\"font-weight: 400;\">El equipo de <a rel=\"nofollow\" href=\"https:\/\/dglawga.com\/es\/sandy-springs\/abogado-defensa-criminal\/\">los abogados de defensa penal de Diaz &amp; Gaeta<\/a> brindar\u00e1n representaci\u00f3n legal en cualquier caso penal, incluidos casos dom\u00e9sticos y de agresi\u00f3n, DUI, delitos de drogas, delitos de tr\u00e1nsito, casos de robo, delitos mayores, etc.<\/span><\/p>\n<h4><b>Posesi\u00f3n de drogas<\/b><\/h4>\n<p><span style=\"font-weight: 400;\">Los cargos por drogas no solo conllevan la amenaza de multas y tiempo en la c\u00e1rcel, sino que tambi\u00e9n pueden tener un impacto sustancial en su carrera y capacidad para conducir. Nuestro equipo trabajar\u00e1 arduamente para proteger sus derechos y, en caso de una resoluci\u00f3n sin juicio, evitar\u00e1 tiempo en la c\u00e1rcel, multas elevadas y antecedentes penales perjudiciales.<\/span><\/p>\n<p><span style=\"font-weight: 400;\">Brindamos representaci\u00f3n legal de primera l\u00ednea en cualquier caso de drogas, que incluye:<\/span><\/p>\n<ul>\n<li style=\"font-weight: 400;\" aria-level=\"1\"><span style=\"font-weight: 400;\">posesi\u00f3n de marihuana<\/span><\/li>\n<li style=\"font-weight: 400;\" aria-level=\"1\"><span style=\"font-weight: 400;\">posesi\u00f3n de coca\u00edna<\/span><\/li>\n<li style=\"font-weight: 400;\" aria-level=\"1\"><span style=\"font-weight: 400;\">Posesi\u00f3n de metanfetamina<\/span><\/li>\n<li style=\"font-weight: 400;\" aria-level=\"1\"><span style=\"font-weight: 400;\">posesi\u00f3n de \u00e9xtasis<\/span><\/li>\n<li style=\"font-weight: 400;\" aria-level=\"1\"><span style=\"font-weight: 400;\">Venta de drogas ilegales<\/span><\/li>\n<li style=\"font-weight: 400;\" aria-level=\"1\"><span style=\"font-weight: 400;\">Posesi\u00f3n de drogas ilegales con la intenci\u00f3n de vender o distribuir<\/span><\/li>\n<li style=\"font-weight: 400;\" aria-level=\"1\"><span style=\"font-weight: 400;\">El tr\u00e1fico de drogas.<\/span><\/li>\n<\/ul>\n<h4><b>DUI<\/b><\/h4>\n<p><span style=\"font-weight: 400;\">En Diaz &amp; Gaeta, entendemos el impacto que un cargo por conducir bajo la influencia puede tener tanto en su vida personal como profesional. Las posibles repercusiones de la suspensi\u00f3n de la licencia de conducir, las multas e incluso el tiempo en la c\u00e1rcel pueden tener un efecto sustancial en usted, su carrera y sus seres queridos.<\/span><\/p>\n<p><span style=\"font-weight: 400;\">Los DUI generalmente exigen una acci\u00f3n r\u00e1pida para proteger sus derechos y conservar sus privilegios de manejo. Por lo general, debe emprender acciones legales dentro de los primeros 10 d\u00edas de su arresto o citaci\u00f3n por DUI, o puede perder sus privilegios de conducir por alg\u00fan tiempo.<\/span><\/p>\n<p><span style=\"font-weight: 400;\">Al contratar a nuestros abogados, solo se necesita una breve consulta para que el equipo tome medidas y se asegure de que su capacidad para conducir permanezca incluso mientras su caso contin\u00faa.<\/span><\/p>\n<p><b>Nota: <\/b><span style=\"font-weight: 400;\">Tambi\u00e9n manejamos otros delitos menores y delitos graves.<\/span><\/p>\n<h3><b>Otros casos que manejamos:<\/b><\/h3>\n<p><span style=\"font-weight: 400;\">Nuestros abogados LGBT de Sandy Springs tambi\u00e9n manejan los siguientes casos:<\/span><\/p>\n<ul>\n<li style=\"font-weight: 400;\" aria-level=\"1\"><a rel=\"nofollow\" href=\"https:\/\/dglawga.com\/es\/sandy-springs\/abogado-derecho-familiar\/\"><span style=\"font-weight: 400;\">Ley familiar<\/span><\/a><\/li>\n<li style=\"font-weight: 400;\" aria-level=\"1\"><span style=\"font-weight: 400;\">Divorcio<\/span><\/li>\n<li style=\"font-weight: 400;\" aria-level=\"1\"><span style=\"font-weight: 400;\">Manutenci\u00f3n de los hijos<\/span><\/li>\n<li style=\"font-weight: 400;\" aria-level=\"1\"><span style=\"font-weight: 400;\">Litigio de Custodia<\/span><\/li>\n<li style=\"font-weight: 400;\" aria-level=\"1\"><span style=\"font-weight: 400;\">Orden de restricci\u00f3n<\/span><\/li>\n<li style=\"font-weight: 400;\" aria-level=\"1\"><span style=\"font-weight: 400;\">Violencia dom\u00e9stica<\/span><\/li>\n<li style=\"font-weight: 400;\" aria-level=\"1\"><span style=\"font-weight: 400;\">Pensi\u00f3n alimenticia<\/span><\/li>\n<li style=\"font-weight: 400;\" aria-level=\"1\"><a rel=\"nofollow\" href=\"https:\/\/dglawga.com\/es\/sandy-springs\/abogado-lesiones-personales\/\"><span style=\"font-weight: 400;\">Lesiones Personales<\/span><\/a><\/li>\n<li style=\"font-weight: 400;\" aria-level=\"1\"><a href=\"https:\/\/dglawga.com\/es\/sandy-springs\/abogado-accidentes-automovilisticos\/\"><span style=\"font-weight: 400;\">Accidentes automovil\u00edsticos.<\/span><\/a><\/li>\n<\/ul>\n<h2><b>\u00bfPor qu\u00e9 D\u00edaz y Gaeta son los mejores abogados para casos que involucran a la comunidad LGBT?<\/b><\/h2>\n<p><span style=\"font-weight: 400;\">Nuestro equipo cree en la igualdad y la dignidad humana, independientemente de la orientaci\u00f3n sexual o la identidad de g\u00e9nero de una persona. La comunidad LGBT ha enfrentado escrutinio, opresi\u00f3n y discriminaci\u00f3n en varios campos y aspectos. Es por eso que contamos con abogados experimentados en nuestro equipo para ayudar a proteger los derechos de la comunidad LGBT.<\/span><\/p>\n<h2><b>\u00a1Contrate a un abogado LGBT de Sandy Springs hoy!<\/b><\/h2>\n<p><span style=\"font-weight: 400;\">La comunidad LGBT experimenta desaf\u00edos de todas las formas y tama\u00f1os. Algunos son sencillos y f\u00e1ciles de manejar, mientras que otros son complejos y arduos. El equipo de<\/span><a href=\"https:\/\/dglawga.com\/es\/\"><span style=\"font-weight: 400;\"> Diaz &amp; Gaeta <\/span><\/a><span style=\"font-weight: 400;\">tiene una profundidad y amplitud incomparables de experiencia y conocimiento en temas LGBT.<\/span><\/p>\n<p><span style=\"font-weight: 400;\">Servimos a Sandy Springs y las \u00e1reas circundantes en Georgia y hemos estado en la industria durante a\u00f1os. Entendemos sus preocupaciones y experiencia. Con nuestra amplia experiencia en problemas de parejas del mismo sexo y nuestro compromiso inquebrantable de obtener los mejores resultados, puede esperar la mejor representaci\u00f3n.<\/span><\/p>\n<p><span style=\"font-weight: 400;\">\u00a1Llame a nuestra oficina de Sandy Springs al [phone] para comenzar con una consulta gratuita!<\/span><\/p>\n","protected":false},"excerpt":{"rendered":"<p>La comunidad de lesbianas, gays, bisexuales y transexuales (LGBT) ha experimentado y a\u00fan experimenta numerosas luchas con respecto a la aceptaci\u00f3n y la igualdad. Recuperar la igualdad matrimonial en todo el pa\u00eds en 2015 fue un gran momento. Este logro tambi\u00e9n reafirm\u00f3 que los miembros de la comunidad LGBT tienen derecho a acceder a los [&hellip;]<\/p>\n","protected":false},"author":34,"featured_media":0,"parent":3946,"menu_order":0,"comment_status":"closed","ping_status":"closed","template":"wp-custom-template-sandy-springs-services","meta":{"_acf_changed":false,"_themeisle_gutenberg_block_has_review":false,"footnotes":""},"categories":[75],"tags":[135,134,131,133,126,137,132,79,136,130,129,118,127,128],"class_list":["post-4166","page","type-page","status-publish","hentry","category-sandy-springs-location-es","tag-abogado-coche-acidente-es","tag-abogado-gratis-es","tag-attorney-lawyer-es","tag-car-accidents-lawyer-es","tag-imigracion-abogados","tag-imigracion-abogados-es","tag-immigration-lawyer-es","tag-lgbt-es","tag-marietta-abogado-es","tag-marietta-lawyer-es","tag-top-lawyer-in-marietta-es","tag-top-lawyer-in-marietta","tag-top-lawyers-in-atlanta-es","tag-top-lawyers-in-smyrna-es"],"acf":[],"aioseo_notices":[],"_links":{"self":[{"href":"https:\/\/dglawga.com\/es\/wp-json\/wp\/v2\/pages\/4166","targetHints":{"allow":["GET"]}}],"collection":[{"href":"https:\/\/dglawga.com\/es\/wp-json\/wp\/v2\/pages"}],"about":[{"href":"https:\/\/dglawga.com\/es\/wp-json\/wp\/v2\/types\/page"}],"author":[{"embeddable":true,"href":"https:\/\/dglawga.com\/es\/wp-json\/wp\/v2\/users\/34"}],"replies":[{"embeddable":true,"href":"https:\/\/dglawga.com\/es\/wp-json\/wp\/v2\/comments?post=4166"}],"version-history":[{"count":1,"href":"https:\/\/dglawga.com\/es\/wp-json\/wp\/v2\/pages\/4166\/revisions"}],"predecessor-version":[{"id":8564,"href":"https:\/\/dglawga.com\/es\/wp-json\/wp\/v2\/pages\/4166\/revisions\/8564"}],"up":[{"embeddable":true,"href":"https:\/\/dglawga.com\/es\/wp-json\/wp\/v2\/pages\/3946"}],"wp:attachment":[{"href":"https:\/\/dglawga.com\/es\/wp-json\/wp\/v2\/media?parent=4166"}],"wp:term":[{"taxonomy":"category","embeddable":true,"href":"https:\/\/dglawga.com\/es\/wp-json\/wp\/v2\/categories?post=4166"},{"taxonomy":"post_tag","embeddable":true,"href":"https:\/\/dglawga.com\/es\/wp-json\/wp\/v2\/tags?post=4166"}],"curies":[{"name":"wp","href":"https:\/\/api.w.org\/{rel}","templated":true}]}}