{"id":51,"date":"2020-12-08T16:33:50","date_gmt":"2020-12-08T16:33:50","guid":{"rendered":"https:\/\/diazgaetalaw.wpengine.com\/?page_id=51"},"modified":"2025-12-02T15:09:53","modified_gmt":"2025-12-02T20:09:53","slug":"giovanni-diaz","status":"publish","type":"page","link":"https:\/\/dglawga.com\/es\/our-team\/giovanni-diaz\/","title":{"rendered":"Giovanni D\u00edaz, ESQ."},"content":{"rendered":"<div class=\"wp-block-column is-layout-flow wp-block-column-is-layout-flow\" style=\"flex-basis:66.66%\">\n<p class=\"has-primary-color has-text-color has-link-color wp-elements-840a8f99b43861d2f9b1579e707a070b\">El abogado D\u00edaz cuenta con un historial de \u00e9xito excepcional representando y protegiendo a clientes en el \u00e1mbito del derecho migratorio. Adem\u00e1s de su experiencia profesional, D\u00edaz es un viajero por el mundo que ha aprendido tanto en sus viajes como en las aulas. Cuando no est\u00e1 luchando en el tribunal, D\u00edaz probablemente est\u00e9 compitiendo en el campo de f\u00fatbol. De ni\u00f1o, como buen ni\u00f1o cubano en Miami, conoci\u00f3 el b\u00e9isbol. Sin embargo, a los 5 a\u00f1os, vivi\u00f3 junto a un campo de f\u00fatbol donde finalmente se uni\u00f3 a la liga y se enamor\u00f3. No solo conoci\u00f3 el deporte, sino que tambi\u00e9n conoci\u00f3 todas las culturas sudamericanas a trav\u00e9s de las familias que conoci\u00f3.<\/p>\n\n\n\n<p>\u201cEl f\u00fatbol no es solo un deporte, es arte. Es un juego verdaderamente hermoso. Y requiere la colaboraci\u00f3n de otras diez personas. La belleza y la colaboraci\u00f3n son las principales razones por las que me encanta\u201d, dice D\u00edaz, hablando de su pasi\u00f3n por el f\u00fatbol. \u201cMe encanta c\u00f3mo es imposible no trabajar juntos. Requiere el esfuerzo de todos. Todos deben rendir cuentas, y si tienes un mal d\u00eda, debes reconocerlo y mantenerte firme\u201d.\u201d<\/p>\n\n\n\n<p>Jugando en la escuela y en varias ligas, D\u00edaz ha dedicado constantemente una parte importante de su tiempo libre al deporte. Recientemente, llev\u00f3 al equipo de f\u00fatbol D\u00edaz &amp; Gaeta al campeonato durante la...\u00a0<a href=\"https:\/\/my.soccerstreets.org\/campaign\/copa-united-2021\/c263054\" target=\"_blank\" rel=\"noreferrer noopener\"><strong>Torneo Copa United 2021<\/strong><\/a>, beneficiando a la\u00a0<strong><a href=\"https:\/\/thelaa.org\/\" target=\"_blank\" rel=\"noreferrer noopener\">Asociaci\u00f3n Latinoamericana<\/a>\u00a0<\/strong>y\u00a0<a href=\"https:\/\/www.soccerstreets.org\/\" target=\"_blank\" rel=\"noreferrer noopener\"><strong>F\u00fatbol en las calles<\/strong><\/a>. El equipo ganador estuvo compuesto por algunos clientes y amigos de la firma. Adem\u00e1s de ser un deporte divertido, el f\u00fatbol tambi\u00e9n le abri\u00f3 los ojos a D\u00edaz al mundo. &quot;Mis h\u00e9roes eran jugadores de Espa\u00f1a, \u00c1frica, Sudam\u00e9rica, de todo el mundo. Sent\u00ed una conexi\u00f3n con esos lugares que nunca hab\u00eda visto&quot;, dice D\u00edaz.<\/p>\n\n\n\n<p>Impulsado por su curiosidad y amor por la naturaleza, D\u00edaz dedic\u00f3 mucho tiempo a practicar senderismo por Estados Unidos y Sudam\u00e9rica, incluyendo M\u00e9xico, Colombia, Belice, Brasil, Per\u00fa y Guatemala. Ha recorrido los 3500 kil\u00f3metros del Sendero de los Apalaches, desde Georgia hasta Maine, y buceado en las aguas de Bali e Indonesia. Su pasi\u00f3n por viajar consiste en disfrutar de lo que la Madre Naturaleza ofrece y conocer las culturas de todo el mundo.<\/p>\n\n\n\n<p>Antes de convertirse en abogado, D\u00edaz hab\u00eda trabajado con varias organizaciones sin fines de lucro en Atlanta que se centran en brindar recursos y apoyo a comunidades marginadas.<\/p>\n\n\n\n<p>D\u00edaz se convirti\u00f3 en abogado de inmigraci\u00f3n inspirado por la comunidad guatemalteca que conoci\u00f3 durante sus estudios universitarios en Kennesaw. Realiz\u00f3 estudios en la comunidad guatemalteca y comenz\u00f3 a viajar al pa\u00eds centroamericano para comprender mejor y servir a la comunidad maya. D\u00edaz se convirti\u00f3 en activista, participando en marchas y testificando en reuniones de comisiones municipales y del condado, y finalmente decidi\u00f3 convertirse en abogado para ayudar a sus amigos.<\/p>\n\n\n\n<p>Parte de su trabajo en la comunidad tambi\u00e9n incluye dirigir un programa extraescolar contra las drogas para estudiantes de secundaria en riesgo, provenientes de familias de bajos recursos, en los alrededores de Atlanta. Una de las mayores pasiones de D\u00edaz es ofrecer su tiempo y experiencia como voluntario, brindar informaci\u00f3n y ayudar a la comunidad a comprender las leyes de inmigraci\u00f3n en Estados Unidos a trav\u00e9s de organizaciones sin fines de lucro en Atlanta.<\/p>\n\n\n\n<p>D\u00edaz tiene una reputaci\u00f3n en la industria por aceptar casos que otros abogados han rechazado o perdido debido a su complejidad. D\u00edaz encuentra la manera. No se rinde. Los desaf\u00edos de sus clientes se vuelven muy personales para \u00e9l. D\u00edaz es miembro de la Asociaci\u00f3n Americana de Abogados de Inmigraci\u00f3n (AILA), que promueve el aprendizaje continuo y el desarrollo profesional de sus miembros.<\/p>\n\n\n\n<p class=\"has-primary-color has-text-color has-link-color wp-elements-fba2979f7891c863bfc8514852283404\">\u201cQuiero dejar un legado. Quiero ayudar a los inmigrantes a alcanzar el sue\u00f1o americano.\u201d<\/p>\n\n\n\n<h2 class=\"wp-block-heading has-primary-color has-text-color has-link-color wp-elements-63a02e6174856869ade8ad3414281a09\">Nuestros premios<\/h2>\n\n\n\n<div class=\"wp-block-group has-heading-text-color-background-color has-background is-nowrap is-layout-flex wp-container-core-group-is-layout-bcde1d39 wp-block-group-is-layout-flex\" style=\"padding-top:0;padding-right:0;padding-bottom:0;padding-left:0\">\n<figure class=\"wp-block-image is-resized\" style=\"margin-top:0;margin-right:0;margin-bottom:0;margin-left:0\"><img loading=\"lazy\" decoding=\"async\" width=\"200\" height=\"160\" src=\"https:\/\/dglawga.com\/wp-content\/uploads\/2022\/10\/ga_atlanta_abogados-de-accidentes-de-auto_2022_transparent-e1666016130607.webp\" alt=\"Los Mejores Abogados de Accidentes de Auto en Atlanta\" class=\"wp-image-4931\" style=\"width:200px\"\/><\/figure>\n\n\n\n<figure class=\"wp-block-image size-large is-resized\" style=\"margin-top:0;margin-right:0;margin-bottom:0;margin-left:0\"><img loading=\"lazy\" decoding=\"async\" width=\"1011\" height=\"1024\" src=\"https:\/\/dglawga.com\/wp-content\/uploads\/2024\/12\/BOGA-Medallion-2024-Best-RGBforWeb-e1741818522891-1011x1024.png\" alt=\"\" class=\"wp-image-6454\" style=\"width:160px\"\/><\/figure>\n<\/div>\n<\/div>\n\n\n<p><!-- \/wp:post-content --><\/p>\n<p><!-- wp:paragraph --><\/p>\n<p><!-- \/wp:paragraph --><\/p>","protected":false},"excerpt":{"rendered":"<p>Attorney Diaz has an exceptional success record of representing and protecting clients in the field of immigration law. Aside from his professional experience, Diaz is a world wanderer who has learned as much during his trips as he has in the classroom. When he is not fighting in the courtroom, Diaz is most likely competing [&hellip;]<\/p>\n","protected":false},"author":34,"featured_media":7161,"parent":3292,"menu_order":0,"comment_status":"closed","ping_status":"closed","template":"wp-custom-template-bio","meta":{"_acf_changed":false,"_themeisle_gutenberg_block_has_review":false,"footnotes":""},"categories":[4,50,52,51],"tags":[],"class_list":["post-51","page","type-page","status-publish","has-post-thumbnail","hentry","category-atlanta-location","category-marietta-location","category-sandy-springs-location","category-smyrna-location"],"acf":[],"aioseo_notices":[],"_links":{"self":[{"href":"https:\/\/dglawga.com\/es\/wp-json\/wp\/v2\/pages\/51","targetHints":{"allow":["GET"]}}],"collection":[{"href":"https:\/\/dglawga.com\/es\/wp-json\/wp\/v2\/pages"}],"about":[{"href":"https:\/\/dglawga.com\/es\/wp-json\/wp\/v2\/types\/page"}],"author":[{"embeddable":true,"href":"https:\/\/dglawga.com\/es\/wp-json\/wp\/v2\/users\/34"}],"replies":[{"embeddable":true,"href":"https:\/\/dglawga.com\/es\/wp-json\/wp\/v2\/comments?post=51"}],"version-history":[{"count":20,"href":"https:\/\/dglawga.com\/es\/wp-json\/wp\/v2\/pages\/51\/revisions"}],"predecessor-version":[{"id":8258,"href":"https:\/\/dglawga.com\/es\/wp-json\/wp\/v2\/pages\/51\/revisions\/8258"}],"up":[{"embeddable":true,"href":"https:\/\/dglawga.com\/es\/wp-json\/wp\/v2\/pages\/3292"}],"wp:featuredmedia":[{"embeddable":true,"href":"https:\/\/dglawga.com\/es\/wp-json\/wp\/v2\/media\/7161"}],"wp:attachment":[{"href":"https:\/\/dglawga.com\/es\/wp-json\/wp\/v2\/media?parent=51"}],"wp:term":[{"taxonomy":"category","embeddable":true,"href":"https:\/\/dglawga.com\/es\/wp-json\/wp\/v2\/categories?post=51"},{"taxonomy":"post_tag","embeddable":true,"href":"https:\/\/dglawga.com\/es\/wp-json\/wp\/v2\/tags?post=51"}],"curies":[{"name":"wp","href":"https:\/\/api.w.org\/{rel}","templated":true}]}}