{"id":5225,"date":"2023-02-02T16:38:33","date_gmt":"2023-02-02T20:38:33","guid":{"rendered":"https:\/\/diazgaetalaw.wpengine.com\/?page_id=5225"},"modified":"2024-03-18T00:03:47","modified_gmt":"2024-03-18T05:03:47","slug":"andrea-gonzalez","status":"publish","type":"page","link":"https:\/\/dglawga.com\/es\/our-team\/andrea-gonzalez\/","title":{"rendered":"Andrea Gonz\u00e1lez"},"content":{"rendered":"<p class=\"has-text-align-left\">Idiomas: Ingl\u00e9s, Espa\u00f1ol, Portugu\u00e9s<\/p>\n<p class=\"has-text-align-left\">Antes de dedicarse al \u00e1mbito legal, Andrea vend\u00eda diversos tipos de seguros en Marietta, Georgia. Durante este tiempo, Andrea aprendi\u00f3 c\u00f3mo las aseguradoras estructuran sus p\u00f3lizas y la gesti\u00f3n de reclamaciones.<br \/>\nAntes de convertirse en abogada, Andrea obtuvo experiencia en bancarrotas del Cap\u00edtulo 7 y del Cap\u00edtulo 13 trabajando como asistente legal y aprendi\u00f3 c\u00f3mo las declaraciones de bancarrota afectan los casos de lesiones personales.<\/p>\n<p class=\"has-text-align-left\">Andrea se gradu\u00f3 de la Facultad de Derecho de la UGA en 2016 y desde entonces ha adquirido experiencia en varios aspectos de asuntos de lesiones personales, como preparar solicitudes de descubrimiento, responder a solicitudes de descubrimiento, asistir a declaraciones, sesiones de mediation, etc.<\/p>\n<p class=\"has-text-align-left\">Andrea se siente privilegiada por toda la confianza que sus clientes han depositado en ella y trabaja muy duro todos los d\u00edas defendi\u00e9ndolos.<\/p>","protected":false},"excerpt":{"rendered":"<p>Languages: English, Spanish, Portuguese Before immersing the legal filed Andrea used to sell various types of insurance products in Marietta, GA. During this time, Andrea was able to learn how insurance companies structure their policies and their claims management. Prior to becoming an attorney, Andrea obtained Chapter 7 and Chapter 13 Bankruptcy experience by working [&hellip;]<\/p>\n","protected":false},"author":34,"featured_media":0,"parent":3292,"menu_order":0,"comment_status":"closed","ping_status":"closed","template":"","meta":{"_acf_changed":false,"_themeisle_gutenberg_block_has_review":false,"footnotes":""},"categories":[],"tags":[],"class_list":["post-5225","page","type-page","status-publish","hentry"],"acf":[],"aioseo_notices":[],"_links":{"self":[{"href":"https:\/\/dglawga.com\/es\/wp-json\/wp\/v2\/pages\/5225","targetHints":{"allow":["GET"]}}],"collection":[{"href":"https:\/\/dglawga.com\/es\/wp-json\/wp\/v2\/pages"}],"about":[{"href":"https:\/\/dglawga.com\/es\/wp-json\/wp\/v2\/types\/page"}],"author":[{"embeddable":true,"href":"https:\/\/dglawga.com\/es\/wp-json\/wp\/v2\/users\/34"}],"replies":[{"embeddable":true,"href":"https:\/\/dglawga.com\/es\/wp-json\/wp\/v2\/comments?post=5225"}],"version-history":[{"count":1,"href":"https:\/\/dglawga.com\/es\/wp-json\/wp\/v2\/pages\/5225\/revisions"}],"predecessor-version":[{"id":6029,"href":"https:\/\/dglawga.com\/es\/wp-json\/wp\/v2\/pages\/5225\/revisions\/6029"}],"up":[{"embeddable":true,"href":"https:\/\/dglawga.com\/es\/wp-json\/wp\/v2\/pages\/3292"}],"wp:attachment":[{"href":"https:\/\/dglawga.com\/es\/wp-json\/wp\/v2\/media?parent=5225"}],"wp:term":[{"taxonomy":"category","embeddable":true,"href":"https:\/\/dglawga.com\/es\/wp-json\/wp\/v2\/categories?post=5225"},{"taxonomy":"post_tag","embeddable":true,"href":"https:\/\/dglawga.com\/es\/wp-json\/wp\/v2\/tags?post=5225"}],"curies":[{"name":"wp","href":"https:\/\/api.w.org\/{rel}","templated":true}]}}