{"id":53,"date":"2020-12-08T16:34:01","date_gmt":"2020-12-08T16:34:01","guid":{"rendered":"https:\/\/diazgaetalaw.wpengine.com\/?page_id=53"},"modified":"2025-12-02T15:30:22","modified_gmt":"2025-12-02T20:30:22","slug":"zach-gaeta","status":"publish","type":"page","link":"https:\/\/dglawga.com\/es\/our-team\/zach-gaeta\/","title":{"rendered":"Zach Gaeta, ESQ."},"content":{"rendered":"<p class=\"has-primary-color has-text-color has-link-color wp-elements-de97a2a2debf7c8fcace9775e91d10ec\">Introducido en el campo legal a una edad temprana a trav\u00e9s de su madre, que trabajaba en la oficina del fiscal de distrito en el condado de Clayton, Gaeta sab\u00eda que quer\u00eda ser abogado cuando estaba en la escuela secundaria.<\/p>\n\n\n\n<p class=\"has-primary-color has-text-color has-link-color wp-elements-2e36c455ffd17579c794b4e8ef239923\">\u201c&quot;Quer\u00eda justicia para las v\u00edctimas&quot;, dice Gaeta, quien ha pasado los \u00faltimos 10 a\u00f1os buscando justicia para los acusados en todo Georgia despu\u00e9s de servir como fiscal en el condado de Clayton.<\/p>\n\n\n\n<p class=\"has-primary-color has-text-color has-link-color wp-elements-52f73cf52c48c01f7954081aaa0f5a4e\">Adem\u00e1s de su amplia experiencia como abogado especializado en lesiones personales y defensa penal, Gaeta tambi\u00e9n cuenta con una amplia experiencia en la pista de baile. A pesar de haber practicado lucha libre durante la secundaria, este no fue el deporte que practic\u00f3 durante a\u00f1os. Durante sus estudios de derecho, el baile se convirti\u00f3 en terapia para Gaeta. Enamorado de la emoci\u00f3n que le transmit\u00edan el baile y la m\u00fasica, Gaeta continu\u00f3 trabajando y mejorando en este arte. El baile latino se ha convertido en una parte importante de \u00e9l. Combinando su amor por el baile latino con su pasi\u00f3n por viajar, Gaeta ha viajado por todo el mundo asistiendo a convenciones de baile en diferentes partes del mundo, incluyendo Serbia, Bosnia, Rusia y L\u00edbano. Para Gaeta, nada supera a la salsa como la m\u00fasica favorita para bailar, especialmente los ritmos del ic\u00f3nico Mark Anthony.<\/p>\n\n\n\n<p class=\"has-primary-color has-text-color has-link-color wp-elements-447b81fa79bdfe5325aa447453fd88c7\">Antes de estudiar derecho, Gaeta recibi\u00f3 dos becas y tuvo la oportunidad de estudiar en Argentina. Durante su estancia all\u00ed, viaj\u00f3 por Sudam\u00e9rica y qued\u00f3 fascinado con la posibilidad de conocer y experimentar otras culturas. Desde entonces, Gaeta ha viajado a 23 pa\u00edses. A finales de 2021, Gaeta viajar\u00e1 a Londres con su madre antes de cerrar el a\u00f1o con un viaje a Dub\u00e1i.<\/p>\n\n\n\n<p class=\"has-primary-color has-text-color has-link-color wp-elements-9ce5f483a062737d2d4489b1391b42db\">Gaeta siempre ha participado activamente en organizaciones sin fines de lucro. Ha liderado diversas organizaciones estudiantiles durante sus estudios, incluyendo la Asociaci\u00f3n de Estudiantes de Derecho Latino y la Asociaci\u00f3n de Abogados Estudiantiles. Su trabajo pro bono, incluyendo con la Asociaci\u00f3n Latinoamericana, ayuda a personas a combatir injusticias y brinda asistencia legal de calidad a comunidades marginadas. Gaeta cree que todos merecen una segunda oportunidad. Entiende que una mala decisi\u00f3n puede tener un impacto tremendo en la vida de alguien, por lo que busca el mejor resultado para sus clientes, brind\u00e1ndoles una segunda oportunidad para enmendar sus errores. Gaeta siempre se ha esforzado por ser una persona genuina y nunca ha cedido en sus convicciones.<\/p>\n\n\n\n<p class=\"has-primary-color has-text-color has-link-color wp-elements-c8233b046fceddd129619cf8e01cec68\">Gaeta es miembro activo de la Asociaci\u00f3n Americana de Abogados de DUI de Alto Nivel (AAPDA) y de la Asociaci\u00f3n de Abogados de Defensa Penal de Georgia (GACDL), donde ha impartido clases de formaci\u00f3n jur\u00eddica continua para otros abogados. Est\u00e1 inhabilitado para ejercer en los tribunales estatales de Georgia, en el Tribunal de Apelaciones de Georgia, la Corte Suprema de Georgia y los Tribunales Federales de Distrito del Norte y el Centro de Georgia.<\/p>\n\n\n\n<p>&nbsp;<\/p>\n\n\n\n<h2 class=\"wp-block-heading\">Nuestros premios<\/h2>\n\n\n\n<div class=\"wp-block-group has-link-color-background-color has-background is-nowrap is-layout-flex wp-container-core-group-is-layout-6c531013 wp-block-group-is-layout-flex\">\n<figure class=\"wp-block-image\"><img loading=\"lazy\" decoding=\"async\" width=\"200\" height=\"160\" src=\"https:\/\/dglawga.com\/wp-content\/uploads\/2022\/10\/ga_atlanta_abogados-de-accidentes-de-auto_2022_transparent-e1666016130607.webp\" alt=\"Los Mejores Abogados de Accidentes de Auto en Atlanta\" class=\"wp-image-4931\"\/><\/figure>\n\n\n\n<figure class=\"wp-block-image size-thumbnail\"><img loading=\"lazy\" decoding=\"async\" width=\"150\" height=\"150\" src=\"https:\/\/dglawga.com\/wp-content\/uploads\/2024\/12\/BOGA-Medallion-2024-Best-RGBforWeb-e1741818522891-150x150.png?wsr\" alt=\"\" class=\"wp-image-6454\"\/><\/figure>\n<\/div>","protected":false},"excerpt":{"rendered":"<p>Introduced into the legal field at a young age through his mom who worked at the district attorney\u2019s office in Clayton County, Gaeta knew that he wanted to be an attorney by the time he was in high school. \u201cI wanted justice for the victims,\u201d says Gaeta, who has spent the last 10 years seeking [&hellip;]<\/p>\n","protected":false},"author":34,"featured_media":7163,"parent":3292,"menu_order":0,"comment_status":"closed","ping_status":"closed","template":"wp-custom-template-bio","meta":{"_acf_changed":false,"_themeisle_gutenberg_block_has_review":false,"footnotes":""},"categories":[4,50,52,51],"tags":[],"class_list":["post-53","page","type-page","status-publish","has-post-thumbnail","hentry","category-atlanta-location","category-marietta-location","category-sandy-springs-location","category-smyrna-location"],"acf":[],"aioseo_notices":[],"_links":{"self":[{"href":"https:\/\/dglawga.com\/es\/wp-json\/wp\/v2\/pages\/53","targetHints":{"allow":["GET"]}}],"collection":[{"href":"https:\/\/dglawga.com\/es\/wp-json\/wp\/v2\/pages"}],"about":[{"href":"https:\/\/dglawga.com\/es\/wp-json\/wp\/v2\/types\/page"}],"author":[{"embeddable":true,"href":"https:\/\/dglawga.com\/es\/wp-json\/wp\/v2\/users\/34"}],"replies":[{"embeddable":true,"href":"https:\/\/dglawga.com\/es\/wp-json\/wp\/v2\/comments?post=53"}],"version-history":[{"count":3,"href":"https:\/\/dglawga.com\/es\/wp-json\/wp\/v2\/pages\/53\/revisions"}],"predecessor-version":[{"id":8260,"href":"https:\/\/dglawga.com\/es\/wp-json\/wp\/v2\/pages\/53\/revisions\/8260"}],"up":[{"embeddable":true,"href":"https:\/\/dglawga.com\/es\/wp-json\/wp\/v2\/pages\/3292"}],"wp:featuredmedia":[{"embeddable":true,"href":"https:\/\/dglawga.com\/es\/wp-json\/wp\/v2\/media\/7163"}],"wp:attachment":[{"href":"https:\/\/dglawga.com\/es\/wp-json\/wp\/v2\/media?parent=53"}],"wp:term":[{"taxonomy":"category","embeddable":true,"href":"https:\/\/dglawga.com\/es\/wp-json\/wp\/v2\/categories?post=53"},{"taxonomy":"post_tag","embeddable":true,"href":"https:\/\/dglawga.com\/es\/wp-json\/wp\/v2\/tags?post=53"}],"curies":[{"name":"wp","href":"https:\/\/api.w.org\/{rel}","templated":true}]}}